{"id":414101,"date":"2025-09-05T11:45:33","date_gmt":"2025-09-05T10:45:33","guid":{"rendered":"https:\/\/www.purejewels.com\/?post_type=product&#038;p=414101"},"modified":"2026-02-25T09:55:18","modified_gmt":"2026-02-25T09:55:18","slug":"22-ayar-rozet-altin-bileklik-52104","status":"publish","type":"product","link":"https:\/\/www.purejewels.com\/tr\/product\/22ct-rosette-gold-bangle-52104\/","title":{"rendered":"Kad\u0131nlar i\u00e7in 22 Ayar Alt\u0131n Rozet \u00c7i\u00e7ekli Bileklik | 2.8 Beden"},"content":{"rendered":"<p><strong>Tasar\u0131m<\/strong><\/p>\n<p>Bu 22 ayar alt\u0131n bileklik, her biri ritmik ve dokunsal bir y\u00fczey olu\u015fturmak i\u00e7in \u00f6zenle yontulmu\u015f kabar\u0131k \u00e7i\u00e7ek motifleriyle tan\u0131mlan\u0131yor. Tekrar eden rozet formlar\u0131 bilekli\u011fe derinlik ve duru\u015f kazand\u0131rarak geleneksel m\u00fccevherlerin zenginli\u011fini \u00e7a\u011fr\u0131\u015ft\u0131r\u0131rken dengeli, mimari bir siluet sa\u011fl\u0131yor. Alt\u0131n\u0131 en etkileyici haliyle kutlayan tasar\u0131m, bol ama derli toplu bir his veriyor.<\/p>\n<p><strong>Zanaatkarl\u0131k<\/strong><\/p>\n<p>Yetenekli zanaatk\u00e2rlar taraf\u0131ndan el i\u015f\u00e7ili\u011fiyle \u00fcretilen bileklik, her a\u015famas\u0131nda hassasiyet ve sab\u0131r gerektiren karma\u015f\u0131k gran\u00fclasyon ve kabartma i\u015f\u00e7ili\u011fine sahiptir. Parlak 22 ayar alt\u0131ndan \u00fcretilen bileklik, g\u00fcvenli bir toka ve rahat kullan\u0131m i\u00e7in p\u00fcr\u00fczs\u00fcz bir i\u00e7 profil ile tamamlanm\u0131\u015ft\u0131r. Her bir par\u00e7a, PureJewels'in kalite, \u00f6zg\u00fcnl\u00fck ve kal\u0131c\u0131 i\u015f\u00e7ili\u011fe olan ba\u011fl\u0131l\u0131\u011f\u0131n\u0131 yans\u0131tan safl\u0131k sertifikas\u0131 i\u00e7in \u0130ngiltere'de damgalanm\u0131\u015ft\u0131r.<\/p>\n<p><strong>\u015eekillendirme &amp; Hediyele\u015fme<\/strong><\/p>\n<p>Tek ba\u015f\u0131na tak\u0131ld\u0131\u011f\u0131nda \u00e7arp\u0131c\u0131, daha ince bileziklerle katmanland\u0131\u011f\u0131nda zarif olan bu par\u00e7a, hem geleneksel hem de \u00e7a\u011fda\u015f stile derinlik ve karakter katar. D\u00fc\u011f\u00fcnler, d\u00f6n\u00fcm noktas\u0131 kutlamalar\u0131 ve anlaml\u0131 hediyeler i\u00e7in ideal olan bu bileklik, gururla tak\u0131lmak ve nesilden nesile aktar\u0131lmak \u00fczere tasarlanm\u0131\u015ft\u0131r.<\/p>","protected":false},"excerpt":{"rendered":"<div class=\"woocommerce-product-details__short-description\">\n<table class=\"sh_desc\" style=\"width: 100%; height: 336px;\">\n<tbody>\n<tr style=\"height: 28px;\">\n<td style=\"height: 28px;\">Bileklik T\u00fcr\u00fc<\/td>\n<td style=\"height: 28px;\">Vidal\u0131 Gelin Giyim Bilekli\u011fi<\/td>\n<\/tr>\n<tr style=\"height: 28px;\">\n<td style=\"height: 28px;\">SKU<\/td>\n<td style=\"height: 28px;\">50816, 50680<\/td>\n<\/tr>\n<tr style=\"height: 28px;\">\n<td style=\"height: 28px;\">A\u011f\u0131rl\u0131k<\/td>\n<td style=\"height: 28px;\">26.2 gram<\/td>\n<\/tr>\n<tr style=\"height: 28px;\">\n<td style=\"height: 28px;\">Metal<\/td>\n<td style=\"height: 28px;\">22 Ayar Alt\u0131n<\/td>\n<\/tr>\n<tr style=\"height: 28px;\">\n<td style=\"height: 28px;\">Bileklik \u00d6l\u00e7\u00fcs\u00fc<\/td>\n<td style=\"height: 28px;\">2.8 (Ek boyutlar i\u00e7in l\u00fctfen sorunuz)<\/td>\n<\/tr>\n<tr style=\"height: 28px;\">\n<td style=\"height: 28px;\">Koleksiyon<\/td>\n<td style=\"height: 28px;\"><strong>Rozet Koleksiyonu<\/strong><\/td>\n<\/tr>\n<tr style=\"height: 28px;\">\n<td style=\"height: 28px;\">Hallmark<\/td>\n<td style=\"height: 28px;\">Londra Tahlil Ofisi Taraf\u0131ndan Damgalanm\u0131\u015f 22 Ayar Alt\u0131n<\/td>\n<\/tr>\n<tr style=\"height: 28px;\">\n<td style=\"height: 28px;\">\u00dccretler<\/td>\n<td style=\"height: 28px;\">Teslimat ve KDV Dahil<\/td>\n<\/tr>\n<tr style=\"height: 28px;\">\n<td style=\"height: 28px;\">Paketleme<\/td>\n<td style=\"height: 28px;\">Sunum Kutusu ile Birlikte Gelir<\/td>\n<\/tr>\n<tr style=\"height: 84px;\">\n<td style=\"height: 84px;\">Daha Fazla Bilgi<\/td>\n<td style=\"height: 84px;\">\n<ul>\n<li>Not: Burada belirtilen fiyat\u0131n Tek Kada i\u00e7in oldu\u011funu unutmay\u0131n<\/li>\n<li>M\u00fcsaitlik durumu ve daha fazla resim i\u00e7in bizimle canl\u0131 sohbet edin<\/li>\n<li>Koleksiyonumuzu g\u00f6r\u00fcnt\u00fcleyin\u00a0<strong>alt\u0131n bilezikler \u0130ngiltere<\/strong><\/li>\n<\/ul>\n<\/td>\n<\/tr>\n<\/tbody>\n<\/table>\n<\/div>\n<p>&nbsp;<\/p>","protected":false},"featured_media":414102,"comment_status":"closed","ping_status":"closed","template":"","meta":{"_eb_attr":"","_crsspst_to_jayantr4sg-hostcom":false},"product_brand":[],"product_cat":[1791,1559,1659,236,1792,1790,1233,1229,5347,1570,5271,5273,1656,5353,1575,1573,1574,5349],"product_tag":[],"class_list":{"0":"post-414101","1":"product","2":"type-product","3":"status-publish","4":"has-post-thumbnail","6":"product_cat-anniversary-gifts","7":"product_cat-birthday-gifts","8":"product_cat-bridal-and-party-wear-gold-kada-bangle","9":"product_cat-collections","10":"product_cat-festival-gifts","11":"product_cat-for-whom-when","12":"product_cat-gold-bangles","13":"product_cat-22ct-gold-jewellery","14":"product_cat-shop-by-metal","15":"product_cat-mothers-day-gifts","16":"product_cat-occasion-wear-bangles","17":"product_cat-22ct-gold-poncha-bracelet","18":"product_cat-rosettes-collections","19":"product_cat-shop-by","20":"product_cat-teenage-jewellery","21":"product_cat-wedding-gifts","22":"product_cat-womens-jewellery","23":"product_cat-yellow-gold-jewellery","25":"first","26":"instock","27":"taxable","28":"shipping-taxable","29":"purchasable","30":"product-type-simple","31":"add-to-wishlist-before_image"},"yoast_head":"<!-- This site is optimized with the Yoast SEO plugin v27.5 - https:\/\/yoast.com\/product\/yoast-seo-wordpress\/ -->\n<title>22ct Gold Floral Granulated Bangle Online at PureJewels UK<\/title>\n<meta name=\"description\" content=\"Discover this handcrafted 22ct gold floralsettes bangle, featuring intricate floral granulation inspired by heritage craftsmanship.\" \/>\n<meta name=\"robots\" content=\"index, follow, max-snippet:-1, max-image-preview:large, max-video-preview:-1\" \/>\n<link rel=\"canonical\" href=\"https:\/\/www.purejewels.com\/tr\/urun\/22-ayar-rozet-altin-bileklik-52104\/\" \/>\n<meta property=\"og:locale\" content=\"tr_TR\" \/>\n<meta property=\"og:type\" content=\"article\" \/>\n<meta property=\"og:title\" content=\"22ct Gold Floral Granulated Bangle Online at PureJewels UK\" \/>\n<meta property=\"og:description\" content=\"Discover this handcrafted 22ct gold floralsettes bangle, featuring intricate floral granulation inspired by heritage craftsmanship.\" \/>\n<meta property=\"og:url\" content=\"https:\/\/www.purejewels.com\/tr\/urun\/22-ayar-rozet-altin-bileklik-52104\/\" \/>\n<meta property=\"og:site_name\" content=\"PureJewels UK\" \/>\n<meta property=\"article:modified_time\" content=\"2026-02-25T09:55:18+00:00\" \/>\n<meta property=\"og:image\" content=\"https:\/\/static.purejewels.com\/wp-content\/uploads\/2025\/09\/RSBG171-1-1.jpg\" \/>\n\t<meta property=\"og:image:width\" content=\"1000\" \/>\n\t<meta property=\"og:image:height\" content=\"1000\" \/>\n\t<meta property=\"og:image:type\" content=\"image\/jpeg\" \/>\n<meta name=\"twitter:card\" content=\"summary_large_image\" \/>\n<meta name=\"twitter:label1\" content=\"Tahmini okuma s\u00fcresi\" \/>\n\t<meta name=\"twitter:data1\" content=\"1 dakika\" \/>\n<script type=\"application\/ld+json\" class=\"yoast-schema-graph\">{\"@context\":\"https:\\\/\\\/schema.org\",\"@graph\":[{\"@type\":[\"WebPage\",\"ItemPage\"],\"@id\":\"https:\\\/\\\/www.purejewels.com\\\/product\\\/22ct-rosette-gold-bangle-52104\\\/\",\"url\":\"https:\\\/\\\/www.purejewels.com\\\/product\\\/22ct-rosette-gold-bangle-52104\\\/\",\"name\":\"22ct Gold Floral Granulated Bangle Online at PureJewels UK\",\"isPartOf\":{\"@id\":\"https:\\\/\\\/www.purejewels.com\\\/#website\"},\"primaryImageOfPage\":{\"@id\":\"https:\\\/\\\/www.purejewels.com\\\/product\\\/22ct-rosette-gold-bangle-52104\\\/#primaryimage\"},\"image\":{\"@id\":\"https:\\\/\\\/www.purejewels.com\\\/product\\\/22ct-rosette-gold-bangle-52104\\\/#primaryimage\"},\"thumbnailUrl\":\"https:\\\/\\\/static.purejewels.com\\\/wp-content\\\/uploads\\\/2025\\\/09\\\/RSBG171-1-1.jpg\",\"datePublished\":\"2025-09-05T10:45:33+00:00\",\"dateModified\":\"2026-02-25T09:55:18+00:00\",\"description\":\"Discover this handcrafted 22ct gold floralsettes bangle, featuring intricate floral granulation inspired by heritage craftsmanship.\",\"breadcrumb\":{\"@id\":\"https:\\\/\\\/www.purejewels.com\\\/product\\\/22ct-rosette-gold-bangle-52104\\\/#breadcrumb\"},\"inLanguage\":\"tr\",\"potentialAction\":[{\"@type\":\"ReadAction\",\"target\":[\"https:\\\/\\\/www.purejewels.com\\\/product\\\/22ct-rosette-gold-bangle-52104\\\/\"]}]},{\"@type\":\"ImageObject\",\"inLanguage\":\"tr\",\"@id\":\"https:\\\/\\\/www.purejewels.com\\\/product\\\/22ct-rosette-gold-bangle-52104\\\/#primaryimage\",\"url\":\"https:\\\/\\\/static.purejewels.com\\\/wp-content\\\/uploads\\\/2025\\\/09\\\/RSBG171-1-1.jpg\",\"contentUrl\":\"https:\\\/\\\/static.purejewels.com\\\/wp-content\\\/uploads\\\/2025\\\/09\\\/RSBG171-1-1.jpg\",\"width\":1000,\"height\":1000,\"caption\":\"22ct Rosette Gold Bangle\"},{\"@type\":\"BreadcrumbList\",\"@id\":\"https:\\\/\\\/www.purejewels.com\\\/product\\\/22ct-rosette-gold-bangle-52104\\\/#breadcrumb\",\"itemListElement\":[{\"@type\":\"ListItem\",\"position\":1,\"name\":\"Home\",\"item\":\"https:\\\/\\\/www.purejewels.com\\\/\"},{\"@type\":\"ListItem\",\"position\":2,\"name\":\"Shop\",\"item\":\"https:\\\/\\\/www.purejewels.com\\\/shop\\\/\"},{\"@type\":\"ListItem\",\"position\":3,\"name\":\"22ct Gold Rosette Floral Bangle for Women | Size 2.8\"}]},{\"@type\":\"WebSite\",\"@id\":\"https:\\\/\\\/www.purejewels.com\\\/#website\",\"url\":\"https:\\\/\\\/www.purejewels.com\\\/\",\"name\":\"PureJewels UK\",\"description\":\"Share the Love\",\"publisher\":{\"@id\":\"https:\\\/\\\/www.purejewels.com\\\/#organization\"},\"potentialAction\":[{\"@type\":\"SearchAction\",\"target\":{\"@type\":\"EntryPoint\",\"urlTemplate\":\"https:\\\/\\\/www.purejewels.com\\\/?s={search_term_string}\"},\"query-input\":{\"@type\":\"PropertyValueSpecification\",\"valueRequired\":true,\"valueName\":\"search_term_string\"}}],\"inLanguage\":\"tr\"},{\"@type\":\"Organization\",\"@id\":\"https:\\\/\\\/www.purejewels.com\\\/#organization\",\"name\":\"PureJewels UK\",\"url\":\"https:\\\/\\\/www.purejewels.com\\\/\",\"logo\":{\"@type\":\"ImageObject\",\"inLanguage\":\"tr\",\"@id\":\"https:\\\/\\\/www.purejewels.com\\\/#\\\/schema\\\/logo\\\/image\\\/\",\"url\":\"https:\\\/\\\/static.purejewels.com\\\/wp-content\\\/uploads\\\/2020\\\/11\\\/Logo-PJ-New-1.png\",\"contentUrl\":\"https:\\\/\\\/static.purejewels.com\\\/wp-content\\\/uploads\\\/2020\\\/11\\\/Logo-PJ-New-1.png\",\"width\":150,\"height\":80,\"caption\":\"PureJewels UK\"},\"image\":{\"@id\":\"https:\\\/\\\/www.purejewels.com\\\/#\\\/schema\\\/logo\\\/image\\\/\"}}]}<\/script>\n<!-- \/ Yoast SEO plugin. -->","yoast_head_json":{"title":"PureJewels UK'de 22 Ayar Alt\u0131n \u00c7i\u00e7ekli Gran\u00fcl Bileklik Online","description":"El yap\u0131m\u0131 22 ayar alt\u0131n floralsettes bilekli\u011fi ke\u015ffedin; bu bileklik, tarihi el i\u015f\u00e7ili\u011finden ilham alan karma\u015f\u0131k \u00e7i\u00e7ek gran\u00fclasyonlar\u0131na sahiptir.","robots":{"index":"index","follow":"follow","max-snippet":"max-snippet:-1","max-image-preview":"max-image-preview:large","max-video-preview":"max-video-preview:-1"},"canonical":"https:\/\/www.purejewels.com\/tr\/urun\/22-ayar-rozet-altin-bileklik-52104\/","og_locale":"tr_TR","og_type":"article","og_title":"22ct Gold Floral Granulated Bangle Online at PureJewels UK","og_description":"Discover this handcrafted 22ct gold floralsettes bangle, featuring intricate floral granulation inspired by heritage craftsmanship.","og_url":"https:\/\/www.purejewels.com\/tr\/urun\/22-ayar-rozet-altin-bileklik-52104\/","og_site_name":"PureJewels UK","article_modified_time":"2026-02-25T09:55:18+00:00","og_image":[{"width":1000,"height":1000,"url":"https:\/\/static.purejewels.com\/wp-content\/uploads\/2025\/09\/RSBG171-1-1.jpg","type":"image\/jpeg"}],"twitter_card":"summary_large_image","twitter_misc":{"Tahmini okuma s\u00fcresi":"1 dakika"},"schema":{"@context":"https:\/\/schema.org","@graph":[{"@type":["WebPage","ItemPage"],"@id":"https:\/\/www.purejewels.com\/product\/22ct-rosette-gold-bangle-52104\/","url":"https:\/\/www.purejewels.com\/product\/22ct-rosette-gold-bangle-52104\/","name":"PureJewels UK'de 22 Ayar Alt\u0131n \u00c7i\u00e7ekli Gran\u00fcl Bileklik Online","isPartOf":{"@id":"https:\/\/www.purejewels.com\/#website"},"primaryImageOfPage":{"@id":"https:\/\/www.purejewels.com\/product\/22ct-rosette-gold-bangle-52104\/#primaryimage"},"image":{"@id":"https:\/\/www.purejewels.com\/product\/22ct-rosette-gold-bangle-52104\/#primaryimage"},"thumbnailUrl":"https:\/\/static.purejewels.com\/wp-content\/uploads\/2025\/09\/RSBG171-1-1.jpg","datePublished":"2025-09-05T10:45:33+00:00","dateModified":"2026-02-25T09:55:18+00:00","description":"El yap\u0131m\u0131 22 ayar alt\u0131n floralsettes bilekli\u011fi ke\u015ffedin; bu bileklik, tarihi el i\u015f\u00e7ili\u011finden ilham alan karma\u015f\u0131k \u00e7i\u00e7ek gran\u00fclasyonlar\u0131na sahiptir.","breadcrumb":{"@id":"https:\/\/www.purejewels.com\/product\/22ct-rosette-gold-bangle-52104\/#breadcrumb"},"inLanguage":"tr","potentialAction":[{"@type":"ReadAction","target":["https:\/\/www.purejewels.com\/product\/22ct-rosette-gold-bangle-52104\/"]}]},{"@type":"ImageObject","inLanguage":"tr","@id":"https:\/\/www.purejewels.com\/product\/22ct-rosette-gold-bangle-52104\/#primaryimage","url":"https:\/\/static.purejewels.com\/wp-content\/uploads\/2025\/09\/RSBG171-1-1.jpg","contentUrl":"https:\/\/static.purejewels.com\/wp-content\/uploads\/2025\/09\/RSBG171-1-1.jpg","width":1000,"height":1000,"caption":"22ct Rosette Gold Bangle"},{"@type":"BreadcrumbList","@id":"https:\/\/www.purejewels.com\/product\/22ct-rosette-gold-bangle-52104\/#breadcrumb","itemListElement":[{"@type":"ListItem","position":1,"name":"Home","item":"https:\/\/www.purejewels.com\/"},{"@type":"ListItem","position":2,"name":"Shop","item":"https:\/\/www.purejewels.com\/shop\/"},{"@type":"ListItem","position":3,"name":"22ct Gold Rosette Floral Bangle for Women | Size 2.8"}]},{"@type":"WebSite","@id":"https:\/\/www.purejewels.com\/#website","url":"https:\/\/www.purejewels.com\/","name":"PureJewels \u0130ngiltere","description":"Sevgiyi Payla\u015f\u0131n","publisher":{"@id":"https:\/\/www.purejewels.com\/#organization"},"potentialAction":[{"@type":"SearchAction","target":{"@type":"EntryPoint","urlTemplate":"https:\/\/www.purejewels.com\/?s={search_term_string}"},"query-input":{"@type":"PropertyValueSpecification","valueRequired":true,"valueName":"search_term_string"}}],"inLanguage":"tr"},{"@type":"Organization","@id":"https:\/\/www.purejewels.com\/#organization","name":"PureJewels \u0130ngiltere","url":"https:\/\/www.purejewels.com\/","logo":{"@type":"ImageObject","inLanguage":"tr","@id":"https:\/\/www.purejewels.com\/#\/schema\/logo\/image\/","url":"https:\/\/static.purejewels.com\/wp-content\/uploads\/2020\/11\/Logo-PJ-New-1.png","contentUrl":"https:\/\/static.purejewels.com\/wp-content\/uploads\/2020\/11\/Logo-PJ-New-1.png","width":150,"height":80,"caption":"PureJewels UK"},"image":{"@id":"https:\/\/www.purejewels.com\/#\/schema\/logo\/image\/"}}]}},"_links":{"self":[{"href":"https:\/\/www.purejewels.com\/tr\/wp-json\/wp\/v2\/product\/414101","targetHints":{"allow":["GET"]}}],"collection":[{"href":"https:\/\/www.purejewels.com\/tr\/wp-json\/wp\/v2\/product"}],"about":[{"href":"https:\/\/www.purejewels.com\/tr\/wp-json\/wp\/v2\/types\/product"}],"replies":[{"embeddable":true,"href":"https:\/\/www.purejewels.com\/tr\/wp-json\/wp\/v2\/comments?post=414101"}],"version-history":[{"count":3,"href":"https:\/\/www.purejewels.com\/tr\/wp-json\/wp\/v2\/product\/414101\/revisions"}],"predecessor-version":[{"id":426309,"href":"https:\/\/www.purejewels.com\/tr\/wp-json\/wp\/v2\/product\/414101\/revisions\/426309"}],"wp:featuredmedia":[{"embeddable":true,"href":"https:\/\/www.purejewels.com\/tr\/wp-json\/wp\/v2\/media\/414102"}],"wp:attachment":[{"href":"https:\/\/www.purejewels.com\/tr\/wp-json\/wp\/v2\/media?parent=414101"}],"wp:term":[{"taxonomy":"product_brand","embeddable":true,"href":"https:\/\/www.purejewels.com\/tr\/wp-json\/wp\/v2\/product_brand?post=414101"},{"taxonomy":"product_cat","embeddable":true,"href":"https:\/\/www.purejewels.com\/tr\/wp-json\/wp\/v2\/product_cat?post=414101"},{"taxonomy":"product_tag","embeddable":true,"href":"https:\/\/www.purejewels.com\/tr\/wp-json\/wp\/v2\/product_tag?post=414101"}],"curies":[{"name":"wp","href":"https:\/\/api.w.org\/{rel}","templated":true}]}}