{"id":414993,"date":"2025-08-12T06:01:38","date_gmt":"2025-08-12T05:01:38","guid":{"rendered":"https:\/\/www.purejewels.com\/?post_type=product&#038;p=414993"},"modified":"2026-01-10T16:15:12","modified_gmt":"2026-01-10T16:15:12","slug":"armari-kafes-bileklik-52998","status":"publish","type":"product","link":"https:\/\/www.purejewels.com\/tr\/product\/armari-lattice-bangle-52998\/","title":{"rendered":"Armari Kafes Bileklik - 22 Ayar Alt\u0131n Vida Stili | 2,4 Beden"},"content":{"rendered":"<p data-start=\"616\" data-end=\"810\">Gelenekselli\u011fe ad\u0131m at\u0131n <strong data-start=\"645\" data-end=\"670\">Armari Kafes Bileklik<\/strong>'da ustal\u0131kla haz\u0131rlanm\u0131\u015f bir par\u00e7a. <strong data-start=\"703\" data-end=\"721\">ince 22 ayar alt\u0131n<\/strong>Her a\u00e7\u0131dan \u0131\u015f\u0131\u011f\u0131 yans\u0131tan zengin dokulu kafes deseniyle tasarlanm\u0131\u015ft\u0131r.<\/p>\n<p data-start=\"812\" data-end=\"1096\">Bir klasik ile g\u00fcvence alt\u0131na al\u0131nm\u0131\u015ft\u0131r <strong data-start=\"835\" data-end=\"859\">vida-kilit mekanizmas\u0131<\/strong>Bu bileklik, miras esteti\u011fini g\u00fcnl\u00fck pratiklikle harmanlayarak hem g\u00fcvenlik hem de stil sa\u011flar. Cesur kubbeli u\u00e7 kapaklar\u0131 incelikle filigranla i\u015flenmi\u015f ve zaman\u0131n kuyumculuk geleneklerine sayg\u0131 duru\u015funda bulunan s\u00fcsl\u00fc bir y\u00fczey kazand\u0131r\u0131lm\u0131\u015ft\u0131r.<\/p>\n<p data-start=\"1098\" data-end=\"1255\">M\u00fckemmel boyutta <strong data-start=\"1117\" data-end=\"1124\">2.4<\/strong>Bu g\u00f6steri\u015fli par\u00e7a, m\u00fccevher koleksiyonunuza \u00e7arp\u0131c\u0131 bir katk\u0131 sa\u011flar; d\u00f6n\u00fcm noktalar\u0131n\u0131 i\u015faretlemek veya anlaml\u0131 bir hediye vermek i\u00e7in idealdir.<\/p>","protected":false},"excerpt":{"rendered":"<p>Armari koleksiyonundan, karma\u015f\u0131k bir kafes deseniyle haz\u0131rlanm\u0131\u015f ve geleneksel vida ba\u011flant\u0131s\u0131yla sabitlenmi\u015f 22 ayar alt\u0131ndan muhte\u015fem bir bileklik. Bu 2,4 numara par\u00e7a, cesur, \u00e7a\u011fda\u015f bir kenar ile miras tasar\u0131m\u0131na zarif bir sayg\u0131 duru\u015fudur.<\/p>\n<p><em>Not: Belirtilen fiyat tek bir bileklik i\u00e7indir.<\/em><\/p>\n<p><strong>Bileklik T\u00fcr\u00fc:<\/strong> Gelin Giyim Bileklik<br \/>\n<strong>Malzeme:<\/strong> 22 Ayar Sar\u0131 Alt\u0131n<br \/>\n<strong>Bitir:<\/strong> 22 Ayar Alt\u0131n \u00dczerine Antik Kaplama<br \/>\n<strong>Hallmark:<\/strong> \u0130ngiliz Damgas\u0131<br \/>\n<strong>Br\u00fct A\u011f\u0131rl\u0131k:<\/strong> Bileklik ba\u015f\u0131na 26,70 gms<br \/>\n<strong>Boyut:<\/strong> 2.4 (Ek boyutlar i\u00e7in l\u00fctfen sorunuz)<br \/>\n<strong>SKU:<\/strong> 52998<br \/>\n<strong>Fiyat:<\/strong> G\u00f6sterilen fiyat bir bileklik i\u00e7indir<br \/>\n<strong>Fiyat ve Teslimat<\/strong>: KDV ve teslimat \u00fccreti dahil<br \/>\nTalep \u00fczerine uluslararas\u0131 nakliye mevcuttur<br \/>\n<a href=\"https:\/\/www.purejewels.com\/tr\/i%cc%87ade-poli%cc%87ti%cc%87kasi\/\">\u0130ade Politikas\u0131<\/a><\/p>","protected":false},"featured_media":415428,"comment_status":"closed","ping_status":"closed","template":"","meta":{"_eb_attr":"","_crsspst_to_jayantr4sg-hostcom":false},"product_brand":[],"product_cat":[5640,245,1659,236,5701,1233,1229,5271,1573,1574,5349],"product_tag":[1514],"class_list":{"0":"post-414993","1":"product","2":"type-product","3":"status-publish","4":"has-post-thumbnail","6":"product_cat-armari-bangles","7":"product_cat-armari-collections","8":"product_cat-bridal-and-party-wear-gold-kada-bangle","9":"product_cat-collections","10":"product_cat-eid-jewellery","11":"product_cat-gold-bangles","12":"product_cat-22ct-gold-jewellery","13":"product_cat-occasion-wear-bangles","14":"product_cat-wedding-gifts","15":"product_cat-womens-jewellery","16":"product_cat-yellow-gold-jewellery","17":"product_tag-bangles","19":"first","20":"outofstock","21":"taxable","22":"shipping-taxable","23":"product-type-simple","24":"add-to-wishlist-before_image"},"yoast_head":"<!-- This site is optimized with the Yoast SEO plugin v27.5 - https:\/\/yoast.com\/product\/yoast-seo-wordpress\/ -->\n<title>Armari Lattice Bangle | 22ct Gold Screw Bangle in Size 2.4<\/title>\n<meta name=\"description\" content=\"Shop the Armari Lattice Bangle by PureJewels \u2013 handcrafted in 22ct gold with screw-lock design. Intricate lattice texture, size 2.4. A timeless heirloom piece.\" \/>\n<meta name=\"robots\" content=\"index, follow, max-snippet:-1, max-image-preview:large, max-video-preview:-1\" \/>\n<link rel=\"canonical\" href=\"https:\/\/www.purejewels.com\/tr\/urun\/armari-kafes-bileklik-52998\/\" \/>\n<meta property=\"og:locale\" content=\"tr_TR\" \/>\n<meta property=\"og:type\" content=\"article\" \/>\n<meta property=\"og:title\" content=\"Armari Lattice Bangle | 22ct Gold Screw Bangle in Size 2.4\" \/>\n<meta property=\"og:description\" content=\"Shop the Armari Lattice Bangle by PureJewels \u2013 handcrafted in 22ct gold with screw-lock design. Intricate lattice texture, size 2.4. A timeless heirloom piece.\" \/>\n<meta property=\"og:url\" content=\"https:\/\/www.purejewels.com\/tr\/urun\/armari-kafes-bileklik-52998\/\" \/>\n<meta property=\"og:site_name\" content=\"PureJewels UK\" \/>\n<meta property=\"article:modified_time\" content=\"2026-01-10T16:15:12+00:00\" \/>\n<meta property=\"og:image\" content=\"https:\/\/www.purejewels.com\/wp-content\/uploads\/2025\/09\/SKU-52998.jpg\" \/>\n\t<meta property=\"og:image:width\" content=\"1000\" \/>\n\t<meta property=\"og:image:height\" content=\"1000\" \/>\n\t<meta property=\"og:image:type\" content=\"image\/jpeg\" \/>\n<meta name=\"twitter:card\" content=\"summary_large_image\" \/>\n<meta name=\"twitter:label1\" content=\"Tahmini okuma s\u00fcresi\" \/>\n\t<meta name=\"twitter:data1\" content=\"1 dakika\" \/>\n<script type=\"application\/ld+json\" class=\"yoast-schema-graph\">{\"@context\":\"https:\\\/\\\/schema.org\",\"@graph\":[{\"@type\":[\"WebPage\",\"ItemPage\"],\"@id\":\"https:\\\/\\\/www.purejewels.com\\\/product\\\/armari-lattice-bangle-52998\\\/\",\"url\":\"https:\\\/\\\/www.purejewels.com\\\/product\\\/armari-lattice-bangle-52998\\\/\",\"name\":\"Armari Lattice Bangle | 22ct Gold Screw Bangle in Size 2.4\",\"isPartOf\":{\"@id\":\"https:\\\/\\\/www.purejewels.com\\\/#website\"},\"primaryImageOfPage\":{\"@id\":\"https:\\\/\\\/www.purejewels.com\\\/product\\\/armari-lattice-bangle-52998\\\/#primaryimage\"},\"image\":{\"@id\":\"https:\\\/\\\/www.purejewels.com\\\/product\\\/armari-lattice-bangle-52998\\\/#primaryimage\"},\"thumbnailUrl\":\"https:\\\/\\\/static.purejewels.com\\\/wp-content\\\/uploads\\\/2025\\\/09\\\/SKU-52998.jpg\",\"datePublished\":\"2025-08-12T05:01:38+00:00\",\"dateModified\":\"2026-01-10T16:15:12+00:00\",\"description\":\"Shop the Armari Lattice Bangle by PureJewels \u2013 handcrafted in 22ct gold with screw-lock design. Intricate lattice texture, size 2.4. A timeless heirloom piece.\",\"breadcrumb\":{\"@id\":\"https:\\\/\\\/www.purejewels.com\\\/product\\\/armari-lattice-bangle-52998\\\/#breadcrumb\"},\"inLanguage\":\"tr\",\"potentialAction\":[{\"@type\":\"ReadAction\",\"target\":[\"https:\\\/\\\/www.purejewels.com\\\/product\\\/armari-lattice-bangle-52998\\\/\"]}]},{\"@type\":\"ImageObject\",\"inLanguage\":\"tr\",\"@id\":\"https:\\\/\\\/www.purejewels.com\\\/product\\\/armari-lattice-bangle-52998\\\/#primaryimage\",\"url\":\"https:\\\/\\\/static.purejewels.com\\\/wp-content\\\/uploads\\\/2025\\\/09\\\/SKU-52998.jpg\",\"contentUrl\":\"https:\\\/\\\/static.purejewels.com\\\/wp-content\\\/uploads\\\/2025\\\/09\\\/SKU-52998.jpg\",\"width\":1000,\"height\":1000,\"caption\":\"Armari Lattice Bangle \u2013 22ct Gold Screw Style | Size 2.4\"},{\"@type\":\"BreadcrumbList\",\"@id\":\"https:\\\/\\\/www.purejewels.com\\\/product\\\/armari-lattice-bangle-52998\\\/#breadcrumb\",\"itemListElement\":[{\"@type\":\"ListItem\",\"position\":1,\"name\":\"Home\",\"item\":\"https:\\\/\\\/www.purejewels.com\\\/\"},{\"@type\":\"ListItem\",\"position\":2,\"name\":\"Shop\",\"item\":\"https:\\\/\\\/www.purejewels.com\\\/shop\\\/\"},{\"@type\":\"ListItem\",\"position\":3,\"name\":\"Armari Lattice Bangle \u2013 22ct Gold Screw Style | Size 2.4\"}]},{\"@type\":\"WebSite\",\"@id\":\"https:\\\/\\\/www.purejewels.com\\\/#website\",\"url\":\"https:\\\/\\\/www.purejewels.com\\\/\",\"name\":\"PureJewels UK\",\"description\":\"Share the Love\",\"publisher\":{\"@id\":\"https:\\\/\\\/www.purejewels.com\\\/#organization\"},\"potentialAction\":[{\"@type\":\"SearchAction\",\"target\":{\"@type\":\"EntryPoint\",\"urlTemplate\":\"https:\\\/\\\/www.purejewels.com\\\/?s={search_term_string}\"},\"query-input\":{\"@type\":\"PropertyValueSpecification\",\"valueRequired\":true,\"valueName\":\"search_term_string\"}}],\"inLanguage\":\"tr\"},{\"@type\":\"Organization\",\"@id\":\"https:\\\/\\\/www.purejewels.com\\\/#organization\",\"name\":\"PureJewels UK\",\"url\":\"https:\\\/\\\/www.purejewels.com\\\/\",\"logo\":{\"@type\":\"ImageObject\",\"inLanguage\":\"tr\",\"@id\":\"https:\\\/\\\/www.purejewels.com\\\/#\\\/schema\\\/logo\\\/image\\\/\",\"url\":\"https:\\\/\\\/static.purejewels.com\\\/wp-content\\\/uploads\\\/2020\\\/11\\\/Logo-PJ-New-1.png\",\"contentUrl\":\"https:\\\/\\\/static.purejewels.com\\\/wp-content\\\/uploads\\\/2020\\\/11\\\/Logo-PJ-New-1.png\",\"width\":150,\"height\":80,\"caption\":\"PureJewels UK\"},\"image\":{\"@id\":\"https:\\\/\\\/www.purejewels.com\\\/#\\\/schema\\\/logo\\\/image\\\/\"}}]}<\/script>\n<!-- \/ Yoast SEO plugin. -->","yoast_head_json":{"title":"Armari Kafes Bileklik | 22 Ayar Alt\u0131n Vidal\u0131 Bileklik 2.4 Beden","description":"PureJewels'in Armari Lattice Bilekli\u011fini sat\u0131n al\u0131n - 22 ayar alt\u0131ndan el yap\u0131m\u0131, vidal\u0131 kilit tasar\u0131ml\u0131. Karma\u015f\u0131k kafes dokusu, 2,4 beden. Zamans\u0131z bir aile yadigar\u0131 par\u00e7a.","robots":{"index":"index","follow":"follow","max-snippet":"max-snippet:-1","max-image-preview":"max-image-preview:large","max-video-preview":"max-video-preview:-1"},"canonical":"https:\/\/www.purejewels.com\/tr\/urun\/armari-kafes-bileklik-52998\/","og_locale":"tr_TR","og_type":"article","og_title":"Armari Lattice Bangle | 22ct Gold Screw Bangle in Size 2.4","og_description":"Shop the Armari Lattice Bangle by PureJewels \u2013 handcrafted in 22ct gold with screw-lock design. Intricate lattice texture, size 2.4. A timeless heirloom piece.","og_url":"https:\/\/www.purejewels.com\/tr\/urun\/armari-kafes-bileklik-52998\/","og_site_name":"PureJewels UK","article_modified_time":"2026-01-10T16:15:12+00:00","og_image":[{"width":1000,"height":1000,"url":"https:\/\/www.purejewels.com\/wp-content\/uploads\/2025\/09\/SKU-52998.jpg","type":"image\/jpeg"}],"twitter_card":"summary_large_image","twitter_misc":{"Tahmini okuma s\u00fcresi":"1 dakika"},"schema":{"@context":"https:\/\/schema.org","@graph":[{"@type":["WebPage","ItemPage"],"@id":"https:\/\/www.purejewels.com\/product\/armari-lattice-bangle-52998\/","url":"https:\/\/www.purejewels.com\/product\/armari-lattice-bangle-52998\/","name":"Armari Kafes Bileklik | 22 Ayar Alt\u0131n Vidal\u0131 Bileklik 2.4 Beden","isPartOf":{"@id":"https:\/\/www.purejewels.com\/#website"},"primaryImageOfPage":{"@id":"https:\/\/www.purejewels.com\/product\/armari-lattice-bangle-52998\/#primaryimage"},"image":{"@id":"https:\/\/www.purejewels.com\/product\/armari-lattice-bangle-52998\/#primaryimage"},"thumbnailUrl":"https:\/\/static.purejewels.com\/wp-content\/uploads\/2025\/09\/SKU-52998.jpg","datePublished":"2025-08-12T05:01:38+00:00","dateModified":"2026-01-10T16:15:12+00:00","description":"PureJewels'in Armari Lattice Bilekli\u011fini sat\u0131n al\u0131n - 22 ayar alt\u0131ndan el yap\u0131m\u0131, vidal\u0131 kilit tasar\u0131ml\u0131. Karma\u015f\u0131k kafes dokusu, 2,4 beden. Zamans\u0131z bir aile yadigar\u0131 par\u00e7a.","breadcrumb":{"@id":"https:\/\/www.purejewels.com\/product\/armari-lattice-bangle-52998\/#breadcrumb"},"inLanguage":"tr","potentialAction":[{"@type":"ReadAction","target":["https:\/\/www.purejewels.com\/product\/armari-lattice-bangle-52998\/"]}]},{"@type":"ImageObject","inLanguage":"tr","@id":"https:\/\/www.purejewels.com\/product\/armari-lattice-bangle-52998\/#primaryimage","url":"https:\/\/static.purejewels.com\/wp-content\/uploads\/2025\/09\/SKU-52998.jpg","contentUrl":"https:\/\/static.purejewels.com\/wp-content\/uploads\/2025\/09\/SKU-52998.jpg","width":1000,"height":1000,"caption":"Armari Lattice Bangle \u2013 22ct Gold Screw Style | Size 2.4"},{"@type":"BreadcrumbList","@id":"https:\/\/www.purejewels.com\/product\/armari-lattice-bangle-52998\/#breadcrumb","itemListElement":[{"@type":"ListItem","position":1,"name":"Home","item":"https:\/\/www.purejewels.com\/"},{"@type":"ListItem","position":2,"name":"Shop","item":"https:\/\/www.purejewels.com\/shop\/"},{"@type":"ListItem","position":3,"name":"Armari Lattice Bangle \u2013 22ct Gold Screw Style | Size 2.4"}]},{"@type":"WebSite","@id":"https:\/\/www.purejewels.com\/#website","url":"https:\/\/www.purejewels.com\/","name":"PureJewels \u0130ngiltere","description":"Sevgiyi Payla\u015f\u0131n","publisher":{"@id":"https:\/\/www.purejewels.com\/#organization"},"potentialAction":[{"@type":"SearchAction","target":{"@type":"EntryPoint","urlTemplate":"https:\/\/www.purejewels.com\/?s={search_term_string}"},"query-input":{"@type":"PropertyValueSpecification","valueRequired":true,"valueName":"search_term_string"}}],"inLanguage":"tr"},{"@type":"Organization","@id":"https:\/\/www.purejewels.com\/#organization","name":"PureJewels \u0130ngiltere","url":"https:\/\/www.purejewels.com\/","logo":{"@type":"ImageObject","inLanguage":"tr","@id":"https:\/\/www.purejewels.com\/#\/schema\/logo\/image\/","url":"https:\/\/static.purejewels.com\/wp-content\/uploads\/2020\/11\/Logo-PJ-New-1.png","contentUrl":"https:\/\/static.purejewels.com\/wp-content\/uploads\/2020\/11\/Logo-PJ-New-1.png","width":150,"height":80,"caption":"PureJewels UK"},"image":{"@id":"https:\/\/www.purejewels.com\/#\/schema\/logo\/image\/"}}]}},"_links":{"self":[{"href":"https:\/\/www.purejewels.com\/tr\/wp-json\/wp\/v2\/product\/414993","targetHints":{"allow":["GET"]}}],"collection":[{"href":"https:\/\/www.purejewels.com\/tr\/wp-json\/wp\/v2\/product"}],"about":[{"href":"https:\/\/www.purejewels.com\/tr\/wp-json\/wp\/v2\/types\/product"}],"replies":[{"embeddable":true,"href":"https:\/\/www.purejewels.com\/tr\/wp-json\/wp\/v2\/comments?post=414993"}],"version-history":[{"count":1,"href":"https:\/\/www.purejewels.com\/tr\/wp-json\/wp\/v2\/product\/414993\/revisions"}],"predecessor-version":[{"id":414994,"href":"https:\/\/www.purejewels.com\/tr\/wp-json\/wp\/v2\/product\/414993\/revisions\/414994"}],"wp:featuredmedia":[{"embeddable":true,"href":"https:\/\/www.purejewels.com\/tr\/wp-json\/wp\/v2\/media\/415428"}],"wp:attachment":[{"href":"https:\/\/www.purejewels.com\/tr\/wp-json\/wp\/v2\/media?parent=414993"}],"wp:term":[{"taxonomy":"product_brand","embeddable":true,"href":"https:\/\/www.purejewels.com\/tr\/wp-json\/wp\/v2\/product_brand?post=414993"},{"taxonomy":"product_cat","embeddable":true,"href":"https:\/\/www.purejewels.com\/tr\/wp-json\/wp\/v2\/product_cat?post=414993"},{"taxonomy":"product_tag","embeddable":true,"href":"https:\/\/www.purejewels.com\/tr\/wp-json\/wp\/v2\/product_tag?post=414993"}],"curies":[{"name":"wp","href":"https:\/\/api.w.org\/{rel}","templated":true}]}}