{"id":415331,"date":"2025-08-15T13:03:03","date_gmt":"2025-08-15T12:03:03","guid":{"rendered":"https:\/\/www.purejewels.com\/?post_type=product&#038;p=415331"},"modified":"2026-01-30T06:30:58","modified_gmt":"2026-01-30T06:30:58","slug":"armari-damla-kupe-53004","status":"publish","type":"product","link":"https:\/\/www.purejewels.com\/tr\/product\/armari-drop-earrings-53004\/","title":{"rendered":"Antik Kaplama Gelin Damla K\u00fcpeleri"},"content":{"rendered":"<p data-start=\"114\" data-end=\"384\"><strong data-start=\"114\" data-end=\"124\">Tasar\u0131m<\/strong><br data-start=\"124\" data-end=\"127\" \/>Kalkanlar\u0131n ve z\u0131rhlar\u0131n koruyucu g\u00fcc\u00fcnden ilham alan bu heykelsi damla k\u00fcpeler, rafine bir siluete akan cesur dairesel motiflere ve s\u00fcsl\u00fc dokulara sahiptir. 12,05 gram a\u011f\u0131rl\u0131\u011f\u0131ndaki bu k\u00fcpeler, i\u00e7erik ve zarafet aras\u0131nda m\u00fckemmel bir denge kuruyor.<\/p>\n<p data-start=\"386\" data-end=\"636\"><strong data-start=\"386\" data-end=\"395\">Zanaat<\/strong><br data-start=\"395\" data-end=\"398\" \/>Saf 22 ayar alt\u0131ndan el i\u015f\u00e7ili\u011fiyle \u00fcretilen her bir k\u00fcpe, Armari Koleksiyonu'nun zanaatkar hassasiyetini yans\u0131t\u0131yor. Detayl\u0131 y\u00fczey i\u015f\u00e7ili\u011fi ve \u00f6zenle dengelenmi\u015f form, kal\u0131c\u0131 konfor ve dayan\u0131kl\u0131l\u0131k sunarken miras i\u015f\u00e7ili\u011fini vurguluyor.<\/p>\n<p data-start=\"638\" data-end=\"876\"><strong data-start=\"638\" data-end=\"647\">Stil<\/strong><br data-start=\"647\" data-end=\"650\" \/>G\u00fc\u00e7lendirme ve koruma sembol\u00fc olarak yarat\u0131lan bu k\u00fcpeler gelin tak\u0131lar\u0131, bayramlar veya ki\u015fisel d\u00f6n\u00fcm noktalar\u0131 i\u00e7in idealdir. Cesur ama zarif duru\u015flar\u0131, her koleksiyonda de\u011ferli bir par\u00e7a olmalar\u0131n\u0131 sa\u011flar.<\/p>","protected":false},"excerpt":{"rendered":"<p>Armari Damla K\u00fcpeler, kalkanlardan ilham alan cesur motifleri ve heykelsi detaylar\u0131yla 22 ayar alt\u0131ndan el i\u015f\u00e7ili\u011fiyle \u00fcretilmi\u015ftir. 12,05 gram a\u011f\u0131rl\u0131\u011f\u0131ndaki bu k\u00fcpeler her g\u00f6r\u00fcn\u00fcme hareket, duru\u015f ve zarafet katar. Armari Koleksiyonu'ndan g\u00fcc\u00fc ve ince i\u015f\u00e7ili\u011fi kutlayan bir tasar\u0131m.<\/p>\n<p><strong>Malzeme:<\/strong> 22 Ayar Alt\u0131n (91,6% saf alt\u0131n)<br \/>\n<strong>Bitir:<\/strong> Antik Kaplama<br \/>\n<strong>Hallmark:\u00a0<\/strong>\u0130ngiliz Damgas\u0131<strong><br \/>\n<\/strong><strong>Br\u00fct A\u011f\u0131rl\u0131k: <\/strong>12.05 Gms<br \/>\n<strong>SKU:<\/strong> 53004<\/p>\n<p><strong>Fiyat ve Teslimat<\/strong>: KDV ve teslimat \u00fccreti dahil<br \/>\n<a href=\"https:\/\/www.purejewels.com\/tr\/i%cc%87ade-poli%cc%87ti%cc%87kasi\/\">\u0130ade Politikas\u0131<\/a><\/p>","protected":false},"featured_media":415558,"comment_status":"closed","ping_status":"closed","template":"","meta":{"_eb_attr":"","_crsspst_to_jayantr4sg-hostcom":false},"product_brand":[],"product_cat":[245,6144,5639,1559,1685,1792,1790,1254,1570,1573,1574],"product_tag":[1430],"class_list":{"0":"post-415331","1":"product","2":"type-product","3":"status-publish","4":"has-post-thumbnail","6":"product_cat-armari-collections","7":"product_cat-armari-drop-earrings","8":"product_cat-armari-earring","9":"product_cat-birthday-gifts","10":"product_cat-drop-earrings","11":"product_cat-festival-gifts","12":"product_cat-for-whom-when","13":"product_cat-gold-earrings","14":"product_cat-mothers-day-gifts","15":"product_cat-wedding-gifts","16":"product_cat-womens-jewellery","17":"product_tag-diwali-gift","19":"first","20":"instock","21":"taxable","22":"shipping-taxable","23":"purchasable","24":"product-type-simple","25":"add-to-wishlist-before_image"},"yoast_head":"<!-- This site is optimized with the Yoast SEO plugin v27.6 - https:\/\/yoast.com\/product\/yoast-seo-wordpress\/ -->\n<title>22ct Gold Antique Finish Bridal Drop Earring at Purejewels UK<\/title>\n<meta name=\"description\" content=\"Make a statement with our 22ct gold drop earrings. Perfect for bridal wear with a hand-applied antique finish. Shop now! Free delivery across the UK.\" \/>\n<meta name=\"robots\" content=\"index, follow, max-snippet:-1, max-image-preview:large, max-video-preview:-1\" \/>\n<link rel=\"canonical\" href=\"https:\/\/www.purejewels.com\/tr\/urun\/armari-damla-kupe-53004\/\" \/>\n<meta property=\"og:locale\" content=\"tr_TR\" \/>\n<meta property=\"og:type\" content=\"article\" \/>\n<meta property=\"og:title\" content=\"22ct Gold Antique Finish Bridal Drop Earring at Purejewels UK\" \/>\n<meta property=\"og:description\" content=\"Make a statement with our 22ct gold drop earrings. Perfect for bridal wear with a hand-applied antique finish. Shop now! Free delivery across the UK.\" \/>\n<meta property=\"og:url\" content=\"https:\/\/www.purejewels.com\/tr\/urun\/armari-damla-kupe-53004\/\" \/>\n<meta property=\"og:site_name\" content=\"PureJewels UK\" \/>\n<meta property=\"article:modified_time\" content=\"2026-01-30T06:30:58+00:00\" \/>\n<meta property=\"og:image\" content=\"https:\/\/static.purejewels.com\/wp-content\/uploads\/2025\/08\/SKU-53004.jpg\" \/>\n\t<meta property=\"og:image:width\" content=\"1000\" \/>\n\t<meta property=\"og:image:height\" content=\"1000\" \/>\n\t<meta property=\"og:image:type\" content=\"image\/jpeg\" \/>\n<meta name=\"twitter:card\" content=\"summary_large_image\" \/>\n<meta name=\"twitter:label1\" content=\"Tahmini okuma s\u00fcresi\" \/>\n\t<meta name=\"twitter:data1\" content=\"1 dakika\" \/>\n<script type=\"application\/ld+json\" class=\"yoast-schema-graph\">{\"@context\":\"https:\\\/\\\/schema.org\",\"@graph\":[{\"@type\":[\"WebPage\",\"ItemPage\"],\"@id\":\"https:\\\/\\\/www.purejewels.com\\\/product\\\/armari-drop-earrings-53004\\\/\",\"url\":\"https:\\\/\\\/www.purejewels.com\\\/product\\\/armari-drop-earrings-53004\\\/\",\"name\":\"22ct Gold Antique Finish Bridal Drop Earring at Purejewels UK\",\"isPartOf\":{\"@id\":\"https:\\\/\\\/www.purejewels.com\\\/#website\"},\"primaryImageOfPage\":{\"@id\":\"https:\\\/\\\/www.purejewels.com\\\/product\\\/armari-drop-earrings-53004\\\/#primaryimage\"},\"image\":{\"@id\":\"https:\\\/\\\/www.purejewels.com\\\/product\\\/armari-drop-earrings-53004\\\/#primaryimage\"},\"thumbnailUrl\":\"https:\\\/\\\/static.purejewels.com\\\/wp-content\\\/uploads\\\/2025\\\/08\\\/SKU-53004.jpg\",\"datePublished\":\"2025-08-15T12:03:03+00:00\",\"dateModified\":\"2026-01-30T06:30:58+00:00\",\"description\":\"Make a statement with our 22ct gold drop earrings. Perfect for bridal wear with a hand-applied antique finish. Shop now! Free delivery across the UK.\",\"breadcrumb\":{\"@id\":\"https:\\\/\\\/www.purejewels.com\\\/product\\\/armari-drop-earrings-53004\\\/#breadcrumb\"},\"inLanguage\":\"tr\",\"potentialAction\":[{\"@type\":\"ReadAction\",\"target\":[\"https:\\\/\\\/www.purejewels.com\\\/product\\\/armari-drop-earrings-53004\\\/\"]}]},{\"@type\":\"ImageObject\",\"inLanguage\":\"tr\",\"@id\":\"https:\\\/\\\/www.purejewels.com\\\/product\\\/armari-drop-earrings-53004\\\/#primaryimage\",\"url\":\"https:\\\/\\\/static.purejewels.com\\\/wp-content\\\/uploads\\\/2025\\\/08\\\/SKU-53004.jpg\",\"contentUrl\":\"https:\\\/\\\/static.purejewels.com\\\/wp-content\\\/uploads\\\/2025\\\/08\\\/SKU-53004.jpg\",\"width\":1000,\"height\":1000,\"caption\":\"Antique Finish Earring\"},{\"@type\":\"BreadcrumbList\",\"@id\":\"https:\\\/\\\/www.purejewels.com\\\/product\\\/armari-drop-earrings-53004\\\/#breadcrumb\",\"itemListElement\":[{\"@type\":\"ListItem\",\"position\":1,\"name\":\"Home\",\"item\":\"https:\\\/\\\/www.purejewels.com\\\/\"},{\"@type\":\"ListItem\",\"position\":2,\"name\":\"Shop\",\"item\":\"https:\\\/\\\/www.purejewels.com\\\/shop\\\/\"},{\"@type\":\"ListItem\",\"position\":3,\"name\":\"Antique Finish Bridal Drop Earrings\"}]},{\"@type\":\"WebSite\",\"@id\":\"https:\\\/\\\/www.purejewels.com\\\/#website\",\"url\":\"https:\\\/\\\/www.purejewels.com\\\/\",\"name\":\"PureJewels UK\",\"description\":\"Share the Love\",\"publisher\":{\"@id\":\"https:\\\/\\\/www.purejewels.com\\\/#organization\"},\"potentialAction\":[{\"@type\":\"SearchAction\",\"target\":{\"@type\":\"EntryPoint\",\"urlTemplate\":\"https:\\\/\\\/www.purejewels.com\\\/?s={search_term_string}\"},\"query-input\":{\"@type\":\"PropertyValueSpecification\",\"valueRequired\":true,\"valueName\":\"search_term_string\"}}],\"inLanguage\":\"tr\"},{\"@type\":\"Organization\",\"@id\":\"https:\\\/\\\/www.purejewels.com\\\/#organization\",\"name\":\"PureJewels UK\",\"url\":\"https:\\\/\\\/www.purejewels.com\\\/\",\"logo\":{\"@type\":\"ImageObject\",\"inLanguage\":\"tr\",\"@id\":\"https:\\\/\\\/www.purejewels.com\\\/#\\\/schema\\\/logo\\\/image\\\/\",\"url\":\"https:\\\/\\\/static.purejewels.com\\\/wp-content\\\/uploads\\\/2020\\\/11\\\/Logo-PJ-New-1.png\",\"contentUrl\":\"https:\\\/\\\/static.purejewels.com\\\/wp-content\\\/uploads\\\/2020\\\/11\\\/Logo-PJ-New-1.png\",\"width\":150,\"height\":80,\"caption\":\"PureJewels UK\"},\"image\":{\"@id\":\"https:\\\/\\\/www.purejewels.com\\\/#\\\/schema\\\/logo\\\/image\\\/\"}}]}<\/script>\n<!-- \/ Yoast SEO plugin. -->","yoast_head_json":{"title":"Purejewels UK'de 22 Ayar Alt\u0131n Antik Kaplama Gelin Damla K\u00fcpesi","description":"22 ayar alt\u0131n damla k\u00fcpelerimizle bir a\u00e7\u0131klama yap\u0131n. Elle uygulanan antik kaplama ile gelin giyimi i\u00e7in m\u00fckemmeldir. \u015eimdi al\u0131\u015fveri\u015f yap\u0131n! Birle\u015fik Krall\u0131k genelinde \u00fccretsiz teslimat.","robots":{"index":"index","follow":"follow","max-snippet":"max-snippet:-1","max-image-preview":"max-image-preview:large","max-video-preview":"max-video-preview:-1"},"canonical":"https:\/\/www.purejewels.com\/tr\/urun\/armari-damla-kupe-53004\/","og_locale":"tr_TR","og_type":"article","og_title":"22ct Gold Antique Finish Bridal Drop Earring at Purejewels UK","og_description":"Make a statement with our 22ct gold drop earrings. Perfect for bridal wear with a hand-applied antique finish. Shop now! Free delivery across the UK.","og_url":"https:\/\/www.purejewels.com\/tr\/urun\/armari-damla-kupe-53004\/","og_site_name":"PureJewels UK","article_modified_time":"2026-01-30T06:30:58+00:00","og_image":[{"width":1000,"height":1000,"url":"https:\/\/static.purejewels.com\/wp-content\/uploads\/2025\/08\/SKU-53004.jpg","type":"image\/jpeg"}],"twitter_card":"summary_large_image","twitter_misc":{"Tahmini okuma s\u00fcresi":"1 dakika"},"schema":{"@context":"https:\/\/schema.org","@graph":[{"@type":["WebPage","ItemPage"],"@id":"https:\/\/www.purejewels.com\/product\/armari-drop-earrings-53004\/","url":"https:\/\/www.purejewels.com\/product\/armari-drop-earrings-53004\/","name":"Purejewels UK'de 22 Ayar Alt\u0131n Antik Kaplama Gelin Damla K\u00fcpesi","isPartOf":{"@id":"https:\/\/www.purejewels.com\/#website"},"primaryImageOfPage":{"@id":"https:\/\/www.purejewels.com\/product\/armari-drop-earrings-53004\/#primaryimage"},"image":{"@id":"https:\/\/www.purejewels.com\/product\/armari-drop-earrings-53004\/#primaryimage"},"thumbnailUrl":"https:\/\/static.purejewels.com\/wp-content\/uploads\/2025\/08\/SKU-53004.jpg","datePublished":"2025-08-15T12:03:03+00:00","dateModified":"2026-01-30T06:30:58+00:00","description":"22 ayar alt\u0131n damla k\u00fcpelerimizle bir a\u00e7\u0131klama yap\u0131n. Elle uygulanan antik kaplama ile gelin giyimi i\u00e7in m\u00fckemmeldir. \u015eimdi al\u0131\u015fveri\u015f yap\u0131n! Birle\u015fik Krall\u0131k genelinde \u00fccretsiz teslimat.","breadcrumb":{"@id":"https:\/\/www.purejewels.com\/product\/armari-drop-earrings-53004\/#breadcrumb"},"inLanguage":"tr","potentialAction":[{"@type":"ReadAction","target":["https:\/\/www.purejewels.com\/product\/armari-drop-earrings-53004\/"]}]},{"@type":"ImageObject","inLanguage":"tr","@id":"https:\/\/www.purejewels.com\/product\/armari-drop-earrings-53004\/#primaryimage","url":"https:\/\/static.purejewels.com\/wp-content\/uploads\/2025\/08\/SKU-53004.jpg","contentUrl":"https:\/\/static.purejewels.com\/wp-content\/uploads\/2025\/08\/SKU-53004.jpg","width":1000,"height":1000,"caption":"Antique Finish Earring"},{"@type":"BreadcrumbList","@id":"https:\/\/www.purejewels.com\/product\/armari-drop-earrings-53004\/#breadcrumb","itemListElement":[{"@type":"ListItem","position":1,"name":"Home","item":"https:\/\/www.purejewels.com\/"},{"@type":"ListItem","position":2,"name":"Shop","item":"https:\/\/www.purejewels.com\/shop\/"},{"@type":"ListItem","position":3,"name":"Antique Finish Bridal Drop Earrings"}]},{"@type":"WebSite","@id":"https:\/\/www.purejewels.com\/#website","url":"https:\/\/www.purejewels.com\/","name":"PureJewels \u0130ngiltere","description":"Sevgiyi Payla\u015f\u0131n","publisher":{"@id":"https:\/\/www.purejewels.com\/#organization"},"potentialAction":[{"@type":"SearchAction","target":{"@type":"EntryPoint","urlTemplate":"https:\/\/www.purejewels.com\/?s={search_term_string}"},"query-input":{"@type":"PropertyValueSpecification","valueRequired":true,"valueName":"search_term_string"}}],"inLanguage":"tr"},{"@type":"Organization","@id":"https:\/\/www.purejewels.com\/#organization","name":"PureJewels \u0130ngiltere","url":"https:\/\/www.purejewels.com\/","logo":{"@type":"ImageObject","inLanguage":"tr","@id":"https:\/\/www.purejewels.com\/#\/schema\/logo\/image\/","url":"https:\/\/static.purejewels.com\/wp-content\/uploads\/2020\/11\/Logo-PJ-New-1.png","contentUrl":"https:\/\/static.purejewels.com\/wp-content\/uploads\/2020\/11\/Logo-PJ-New-1.png","width":150,"height":80,"caption":"PureJewels UK"},"image":{"@id":"https:\/\/www.purejewels.com\/#\/schema\/logo\/image\/"}}]}},"_links":{"self":[{"href":"https:\/\/www.purejewels.com\/tr\/wp-json\/wp\/v2\/product\/415331","targetHints":{"allow":["GET"]}}],"collection":[{"href":"https:\/\/www.purejewels.com\/tr\/wp-json\/wp\/v2\/product"}],"about":[{"href":"https:\/\/www.purejewels.com\/tr\/wp-json\/wp\/v2\/types\/product"}],"replies":[{"embeddable":true,"href":"https:\/\/www.purejewels.com\/tr\/wp-json\/wp\/v2\/comments?post=415331"}],"version-history":[{"count":3,"href":"https:\/\/www.purejewels.com\/tr\/wp-json\/wp\/v2\/product\/415331\/revisions"}],"predecessor-version":[{"id":418212,"href":"https:\/\/www.purejewels.com\/tr\/wp-json\/wp\/v2\/product\/415331\/revisions\/418212"}],"wp:featuredmedia":[{"embeddable":true,"href":"https:\/\/www.purejewels.com\/tr\/wp-json\/wp\/v2\/media\/415558"}],"wp:attachment":[{"href":"https:\/\/www.purejewels.com\/tr\/wp-json\/wp\/v2\/media?parent=415331"}],"wp:term":[{"taxonomy":"product_brand","embeddable":true,"href":"https:\/\/www.purejewels.com\/tr\/wp-json\/wp\/v2\/product_brand?post=415331"},{"taxonomy":"product_cat","embeddable":true,"href":"https:\/\/www.purejewels.com\/tr\/wp-json\/wp\/v2\/product_cat?post=415331"},{"taxonomy":"product_tag","embeddable":true,"href":"https:\/\/www.purejewels.com\/tr\/wp-json\/wp\/v2\/product_tag?post=415331"}],"curies":[{"name":"wp","href":"https:\/\/api.w.org\/{rel}","templated":true}]}}