{"id":415335,"date":"2025-09-12T13:27:28","date_gmt":"2025-09-12T12:27:28","guid":{"rendered":"https:\/\/www.purejewels.com\/?post_type=product&#038;p=415335"},"modified":"2026-01-30T06:29:39","modified_gmt":"2026-01-30T06:29:39","slug":"armari-klasik-damla-kupe-22-ayar-altin-53006","status":"publish","type":"product","link":"https:\/\/www.purejewels.com\/tr\/product\/armari-classic-drop-earrings-22ct-gold-53006\/","title":{"rendered":"Armari Klasik Damla K\u00fcpe - 22 Ayar Alt\u0131n"},"content":{"rendered":"<p>22 ayar alt\u0131ndan Armari Klasik Damla K\u00fcpeler, geleneksel tasar\u0131m\u0131n zarafetle yeniden yorumlanm\u0131\u015f sanat\u0131n\u0131 yans\u0131t\u0131yor. Her bir k\u00fcpe, kalkan ve z\u0131rhtan esinlenen heykelsi motiflerle s\u00fcslenmi\u015f, nazik hareket ve zarafet katan cilal\u0131 alt\u0131n boncuklarla tamamlanm\u0131\u015ft\u0131r. 5,75 gram a\u011f\u0131rl\u0131\u011f\u0131ndaki bu k\u00fcpeler, duru\u015flar\u0131ndan \u00f6d\u00fcn vermeden giyilebilirlik sunacak \u015fekilde hassas bir dengeye sahiptir ve d\u00fc\u011f\u00fcnler, k\u00fclt\u00fcrel kutlamalar ve de\u011ferli anlar i\u00e7in m\u00fckemmeldir. Armari Koleksiyonu'nun bir par\u00e7as\u0131 olan bu k\u00fcpeler koruma, g\u00fc\u00e7lendirme ve zanaatkarl\u0131k de\u011ferlerini somutla\u015ft\u0131rarak anlaml\u0131 m\u00fccevher miras\u0131n\u0131 ileriye ta\u015f\u0131yor.<\/p>","protected":false},"excerpt":{"rendered":"<p>Armari Klasik Damla K\u00fcpeler, s\u00fcsl\u00fc motifler ve cilal\u0131 boncuk vurgularla 22 ayar alt\u0131ndan \u00fcretilmi\u015ftir. 5,75 gram a\u011f\u0131rl\u0131\u011f\u0131yla hafifli\u011fi ve duru\u015fu dengeleyen bu k\u00fcpeler, bayram ve gelin g\u00fcnleri i\u00e7in idealdir. Armari Koleksiyonu'ndan i\u015f\u00e7ili\u011fi ve gelene\u011fi kutlayan zamans\u0131z bir tasar\u0131m.<\/p>\n<p><strong>Malzeme:<\/strong> 22 Ayar Alt\u0131n (91,6% saf alt\u0131n)<strong><br \/>\nHallmark:\u00a0<\/strong>\u0130ngiliz Damgas\u0131<strong><br \/>\n<\/strong><strong>Br\u00fct A\u011f\u0131rl\u0131k: <\/strong>5.75 Gms<br \/>\n<strong>SKU:<\/strong> 53006<\/p>\n<p><strong>Fiyat ve Teslimat<\/strong>: KDV ve teslimat \u00fccreti dahil<br \/>\n<a href=\"https:\/\/www.purejewels.com\/tr\/i%cc%87ade-poli%cc%87ti%cc%87kasi\/\">\u0130ade Politikas\u0131<\/a><\/p>","protected":false},"featured_media":415559,"comment_status":"closed","ping_status":"closed","template":"","meta":{"_eb_attr":"","_crsspst_to_jayantr4sg-hostcom":false},"product_brand":[],"product_cat":[245,6144,5639,1559,1793,1685,1792,1790,1254,1570,1573,1574],"product_tag":[1430],"class_list":{"0":"post-415335","1":"product","2":"type-product","3":"status-publish","4":"has-post-thumbnail","6":"product_cat-armari-collections","7":"product_cat-armari-drop-earrings","8":"product_cat-armari-earring","9":"product_cat-birthday-gifts","10":"product_cat-diwali-gifts","11":"product_cat-drop-earrings","12":"product_cat-festival-gifts","13":"product_cat-for-whom-when","14":"product_cat-gold-earrings","15":"product_cat-mothers-day-gifts","16":"product_cat-wedding-gifts","17":"product_cat-womens-jewellery","18":"product_tag-diwali-gift","20":"first","21":"instock","22":"taxable","23":"shipping-taxable","24":"purchasable","25":"product-type-simple","26":"add-to-wishlist-before_image"},"yoast_head":"<!-- This site is optimized with the Yoast SEO plugin v27.6 - https:\/\/yoast.com\/product\/yoast-seo-wordpress\/ -->\n<title>Armari Classic Drop Earrings \u2013 22ct Gold | PureJewels UK<\/title>\n<meta name=\"description\" content=\"Shop the Armari Classic Drop Earrings from PureJewels\u2019 Armari Collection. Handcrafted in 22ct gold with ornate motifs and polished bead drops.\" \/>\n<meta name=\"robots\" content=\"index, follow, max-snippet:-1, max-image-preview:large, max-video-preview:-1\" \/>\n<link rel=\"canonical\" href=\"https:\/\/www.purejewels.com\/tr\/urun\/armari-klasik-damla-kupe-22-ayar-altin-53006\/\" \/>\n<meta property=\"og:locale\" content=\"tr_TR\" \/>\n<meta property=\"og:type\" content=\"article\" \/>\n<meta property=\"og:title\" content=\"Armari Classic Drop Earrings \u2013 22ct Gold | PureJewels UK\" \/>\n<meta property=\"og:description\" content=\"Shop the Armari Classic Drop Earrings from PureJewels\u2019 Armari Collection. Handcrafted in 22ct gold with ornate motifs and polished bead drops.\" \/>\n<meta property=\"og:url\" content=\"https:\/\/www.purejewels.com\/tr\/urun\/armari-klasik-damla-kupe-22-ayar-altin-53006\/\" \/>\n<meta property=\"og:site_name\" content=\"PureJewels UK\" \/>\n<meta property=\"article:modified_time\" content=\"2026-01-30T06:29:39+00:00\" \/>\n<meta property=\"og:image\" content=\"https:\/\/static.purejewels.com\/wp-content\/uploads\/2025\/08\/SKU-53006.jpg\" \/>\n\t<meta property=\"og:image:width\" content=\"1000\" \/>\n\t<meta property=\"og:image:height\" content=\"1000\" \/>\n\t<meta property=\"og:image:type\" content=\"image\/jpeg\" \/>\n<meta name=\"twitter:card\" content=\"summary_large_image\" \/>\n<meta name=\"twitter:label1\" content=\"Tahmini okuma s\u00fcresi\" \/>\n\t<meta name=\"twitter:data1\" content=\"1 dakika\" \/>\n<script type=\"application\/ld+json\" class=\"yoast-schema-graph\">{\"@context\":\"https:\\\/\\\/schema.org\",\"@graph\":[{\"@type\":[\"WebPage\",\"ItemPage\"],\"@id\":\"https:\\\/\\\/www.purejewels.com\\\/product\\\/armari-classic-drop-earrings-22ct-gold-53006\\\/\",\"url\":\"https:\\\/\\\/www.purejewels.com\\\/product\\\/armari-classic-drop-earrings-22ct-gold-53006\\\/\",\"name\":\"Armari Classic Drop Earrings \u2013 22ct Gold | PureJewels UK\",\"isPartOf\":{\"@id\":\"https:\\\/\\\/www.purejewels.com\\\/#website\"},\"primaryImageOfPage\":{\"@id\":\"https:\\\/\\\/www.purejewels.com\\\/product\\\/armari-classic-drop-earrings-22ct-gold-53006\\\/#primaryimage\"},\"image\":{\"@id\":\"https:\\\/\\\/www.purejewels.com\\\/product\\\/armari-classic-drop-earrings-22ct-gold-53006\\\/#primaryimage\"},\"thumbnailUrl\":\"https:\\\/\\\/static.purejewels.com\\\/wp-content\\\/uploads\\\/2025\\\/08\\\/SKU-53006.jpg\",\"datePublished\":\"2025-09-12T12:27:28+00:00\",\"dateModified\":\"2026-01-30T06:29:39+00:00\",\"description\":\"Shop the Armari Classic Drop Earrings from PureJewels\u2019 Armari Collection. Handcrafted in 22ct gold with ornate motifs and polished bead drops.\",\"breadcrumb\":{\"@id\":\"https:\\\/\\\/www.purejewels.com\\\/product\\\/armari-classic-drop-earrings-22ct-gold-53006\\\/#breadcrumb\"},\"inLanguage\":\"tr\",\"potentialAction\":[{\"@type\":\"ReadAction\",\"target\":[\"https:\\\/\\\/www.purejewels.com\\\/product\\\/armari-classic-drop-earrings-22ct-gold-53006\\\/\"]}]},{\"@type\":\"ImageObject\",\"inLanguage\":\"tr\",\"@id\":\"https:\\\/\\\/www.purejewels.com\\\/product\\\/armari-classic-drop-earrings-22ct-gold-53006\\\/#primaryimage\",\"url\":\"https:\\\/\\\/static.purejewels.com\\\/wp-content\\\/uploads\\\/2025\\\/08\\\/SKU-53006.jpg\",\"contentUrl\":\"https:\\\/\\\/static.purejewels.com\\\/wp-content\\\/uploads\\\/2025\\\/08\\\/SKU-53006.jpg\",\"width\":1000,\"height\":1000,\"caption\":\"Armari Classic Drop Earrings \u2013 22ct Gold\"},{\"@type\":\"BreadcrumbList\",\"@id\":\"https:\\\/\\\/www.purejewels.com\\\/product\\\/armari-classic-drop-earrings-22ct-gold-53006\\\/#breadcrumb\",\"itemListElement\":[{\"@type\":\"ListItem\",\"position\":1,\"name\":\"Home\",\"item\":\"https:\\\/\\\/www.purejewels.com\\\/\"},{\"@type\":\"ListItem\",\"position\":2,\"name\":\"Shop\",\"item\":\"https:\\\/\\\/www.purejewels.com\\\/shop\\\/\"},{\"@type\":\"ListItem\",\"position\":3,\"name\":\"Armari Classic Drop Earrings \u2013 22ct Gold\"}]},{\"@type\":\"WebSite\",\"@id\":\"https:\\\/\\\/www.purejewels.com\\\/#website\",\"url\":\"https:\\\/\\\/www.purejewels.com\\\/\",\"name\":\"PureJewels UK\",\"description\":\"Share the Love\",\"publisher\":{\"@id\":\"https:\\\/\\\/www.purejewels.com\\\/#organization\"},\"potentialAction\":[{\"@type\":\"SearchAction\",\"target\":{\"@type\":\"EntryPoint\",\"urlTemplate\":\"https:\\\/\\\/www.purejewels.com\\\/?s={search_term_string}\"},\"query-input\":{\"@type\":\"PropertyValueSpecification\",\"valueRequired\":true,\"valueName\":\"search_term_string\"}}],\"inLanguage\":\"tr\"},{\"@type\":\"Organization\",\"@id\":\"https:\\\/\\\/www.purejewels.com\\\/#organization\",\"name\":\"PureJewels UK\",\"url\":\"https:\\\/\\\/www.purejewels.com\\\/\",\"logo\":{\"@type\":\"ImageObject\",\"inLanguage\":\"tr\",\"@id\":\"https:\\\/\\\/www.purejewels.com\\\/#\\\/schema\\\/logo\\\/image\\\/\",\"url\":\"https:\\\/\\\/static.purejewels.com\\\/wp-content\\\/uploads\\\/2020\\\/11\\\/Logo-PJ-New-1.png\",\"contentUrl\":\"https:\\\/\\\/static.purejewels.com\\\/wp-content\\\/uploads\\\/2020\\\/11\\\/Logo-PJ-New-1.png\",\"width\":150,\"height\":80,\"caption\":\"PureJewels UK\"},\"image\":{\"@id\":\"https:\\\/\\\/www.purejewels.com\\\/#\\\/schema\\\/logo\\\/image\\\/\"}}]}<\/script>\n<!-- \/ Yoast SEO plugin. -->","yoast_head_json":{"title":"Armari Klasik Damla K\u00fcpe - 22 Ayar Alt\u0131n | PureJewels UK","description":"PureJewels'in Armari Koleksiyonu'ndan Armari Klasik Damla K\u00fcpeleri sat\u0131n al\u0131n. S\u00fcsl\u00fc motifleri ve cilal\u0131 boncuk damlalar\u0131yla 22 ayar alt\u0131ndan el yap\u0131m\u0131.","robots":{"index":"index","follow":"follow","max-snippet":"max-snippet:-1","max-image-preview":"max-image-preview:large","max-video-preview":"max-video-preview:-1"},"canonical":"https:\/\/www.purejewels.com\/tr\/urun\/armari-klasik-damla-kupe-22-ayar-altin-53006\/","og_locale":"tr_TR","og_type":"article","og_title":"Armari Classic Drop Earrings \u2013 22ct Gold | PureJewels UK","og_description":"Shop the Armari Classic Drop Earrings from PureJewels\u2019 Armari Collection. Handcrafted in 22ct gold with ornate motifs and polished bead drops.","og_url":"https:\/\/www.purejewels.com\/tr\/urun\/armari-klasik-damla-kupe-22-ayar-altin-53006\/","og_site_name":"PureJewels UK","article_modified_time":"2026-01-30T06:29:39+00:00","og_image":[{"width":1000,"height":1000,"url":"https:\/\/static.purejewels.com\/wp-content\/uploads\/2025\/08\/SKU-53006.jpg","type":"image\/jpeg"}],"twitter_card":"summary_large_image","twitter_misc":{"Tahmini okuma s\u00fcresi":"1 dakika"},"schema":{"@context":"https:\/\/schema.org","@graph":[{"@type":["WebPage","ItemPage"],"@id":"https:\/\/www.purejewels.com\/product\/armari-classic-drop-earrings-22ct-gold-53006\/","url":"https:\/\/www.purejewels.com\/product\/armari-classic-drop-earrings-22ct-gold-53006\/","name":"Armari Klasik Damla K\u00fcpe - 22 Ayar Alt\u0131n | PureJewels UK","isPartOf":{"@id":"https:\/\/www.purejewels.com\/#website"},"primaryImageOfPage":{"@id":"https:\/\/www.purejewels.com\/product\/armari-classic-drop-earrings-22ct-gold-53006\/#primaryimage"},"image":{"@id":"https:\/\/www.purejewels.com\/product\/armari-classic-drop-earrings-22ct-gold-53006\/#primaryimage"},"thumbnailUrl":"https:\/\/static.purejewels.com\/wp-content\/uploads\/2025\/08\/SKU-53006.jpg","datePublished":"2025-09-12T12:27:28+00:00","dateModified":"2026-01-30T06:29:39+00:00","description":"PureJewels'in Armari Koleksiyonu'ndan Armari Klasik Damla K\u00fcpeleri sat\u0131n al\u0131n. S\u00fcsl\u00fc motifleri ve cilal\u0131 boncuk damlalar\u0131yla 22 ayar alt\u0131ndan el yap\u0131m\u0131.","breadcrumb":{"@id":"https:\/\/www.purejewels.com\/product\/armari-classic-drop-earrings-22ct-gold-53006\/#breadcrumb"},"inLanguage":"tr","potentialAction":[{"@type":"ReadAction","target":["https:\/\/www.purejewels.com\/product\/armari-classic-drop-earrings-22ct-gold-53006\/"]}]},{"@type":"ImageObject","inLanguage":"tr","@id":"https:\/\/www.purejewels.com\/product\/armari-classic-drop-earrings-22ct-gold-53006\/#primaryimage","url":"https:\/\/static.purejewels.com\/wp-content\/uploads\/2025\/08\/SKU-53006.jpg","contentUrl":"https:\/\/static.purejewels.com\/wp-content\/uploads\/2025\/08\/SKU-53006.jpg","width":1000,"height":1000,"caption":"Armari Classic Drop Earrings \u2013 22ct Gold"},{"@type":"BreadcrumbList","@id":"https:\/\/www.purejewels.com\/product\/armari-classic-drop-earrings-22ct-gold-53006\/#breadcrumb","itemListElement":[{"@type":"ListItem","position":1,"name":"Home","item":"https:\/\/www.purejewels.com\/"},{"@type":"ListItem","position":2,"name":"Shop","item":"https:\/\/www.purejewels.com\/shop\/"},{"@type":"ListItem","position":3,"name":"Armari Classic Drop Earrings \u2013 22ct Gold"}]},{"@type":"WebSite","@id":"https:\/\/www.purejewels.com\/#website","url":"https:\/\/www.purejewels.com\/","name":"PureJewels \u0130ngiltere","description":"Sevgiyi Payla\u015f\u0131n","publisher":{"@id":"https:\/\/www.purejewels.com\/#organization"},"potentialAction":[{"@type":"SearchAction","target":{"@type":"EntryPoint","urlTemplate":"https:\/\/www.purejewels.com\/?s={search_term_string}"},"query-input":{"@type":"PropertyValueSpecification","valueRequired":true,"valueName":"search_term_string"}}],"inLanguage":"tr"},{"@type":"Organization","@id":"https:\/\/www.purejewels.com\/#organization","name":"PureJewels \u0130ngiltere","url":"https:\/\/www.purejewels.com\/","logo":{"@type":"ImageObject","inLanguage":"tr","@id":"https:\/\/www.purejewels.com\/#\/schema\/logo\/image\/","url":"https:\/\/static.purejewels.com\/wp-content\/uploads\/2020\/11\/Logo-PJ-New-1.png","contentUrl":"https:\/\/static.purejewels.com\/wp-content\/uploads\/2020\/11\/Logo-PJ-New-1.png","width":150,"height":80,"caption":"PureJewels UK"},"image":{"@id":"https:\/\/www.purejewels.com\/#\/schema\/logo\/image\/"}}]}},"_links":{"self":[{"href":"https:\/\/www.purejewels.com\/tr\/wp-json\/wp\/v2\/product\/415335","targetHints":{"allow":["GET"]}}],"collection":[{"href":"https:\/\/www.purejewels.com\/tr\/wp-json\/wp\/v2\/product"}],"about":[{"href":"https:\/\/www.purejewels.com\/tr\/wp-json\/wp\/v2\/types\/product"}],"replies":[{"embeddable":true,"href":"https:\/\/www.purejewels.com\/tr\/wp-json\/wp\/v2\/comments?post=415335"}],"version-history":[{"count":1,"href":"https:\/\/www.purejewels.com\/tr\/wp-json\/wp\/v2\/product\/415335\/revisions"}],"predecessor-version":[{"id":415338,"href":"https:\/\/www.purejewels.com\/tr\/wp-json\/wp\/v2\/product\/415335\/revisions\/415338"}],"wp:featuredmedia":[{"embeddable":true,"href":"https:\/\/www.purejewels.com\/tr\/wp-json\/wp\/v2\/media\/415559"}],"wp:attachment":[{"href":"https:\/\/www.purejewels.com\/tr\/wp-json\/wp\/v2\/media?parent=415335"}],"wp:term":[{"taxonomy":"product_brand","embeddable":true,"href":"https:\/\/www.purejewels.com\/tr\/wp-json\/wp\/v2\/product_brand?post=415335"},{"taxonomy":"product_cat","embeddable":true,"href":"https:\/\/www.purejewels.com\/tr\/wp-json\/wp\/v2\/product_cat?post=415335"},{"taxonomy":"product_tag","embeddable":true,"href":"https:\/\/www.purejewels.com\/tr\/wp-json\/wp\/v2\/product_tag?post=415335"}],"curies":[{"name":"wp","href":"https:\/\/api.w.org\/{rel}","templated":true}]}}