{"id":4154,"date":"2017-07-19T13:25:09","date_gmt":"2017-07-19T12:25:09","guid":{"rendered":"http:\/\/new.purejewels.com\/product\/diya-18ct-gold-uncut-polki-earrings\/"},"modified":"2026-01-06T06:58:04","modified_gmt":"2026-01-06T06:58:04","slug":"diya-18-ayar-altin-kesilmemis-polki-kupe","status":"publish","type":"product","link":"https:\/\/www.purejewels.com\/tr\/product\/diya-18ct-gold-uncut-polki-earrings\/","title":{"rendered":"Diya 22 ayar alt\u0131n Polki Marigold damla k\u00fcpe"},"content":{"rendered":"<h3 data-start=\"201\" data-end=\"225\"><strong data-start=\"205\" data-end=\"223\">Tasar\u0131m Konsepti<\/strong><\/h3>\n<p data-start=\"226\" data-end=\"643\">Bu <em data-start=\"230\" data-end=\"275\">Diya 22 ayar alt\u0131n Polki Marigold damla k\u00fcpe<\/em> zamans\u0131z kutlamalara canl\u0131 bir \u00f6vg\u00fc niteli\u011findedir. G\u00fcney Asya geleneklerinde parlakl\u0131\u011f\u0131 ve u\u011furlu cazibesiyle sevilen kadife \u00e7i\u00e7e\u011finden esinlenilen bu k\u00fcpeler, karma\u015f\u0131k alt\u0131n spiraller ve \u0131\u015f\u0131lt\u0131l\u0131 kesilmemi\u015f Polki elmaslarla \u00e7i\u00e7ek a\u00e7ar. Tasar\u0131mlar\u0131, safl\u0131\u011f\u0131, ne\u015feyi ve nesilleri birbirine ba\u011flayan rit\u00fcelleri \u00e7a\u011fr\u0131\u015ft\u0131ran Diya alevinin s\u0131cakl\u0131\u011f\u0131n\u0131 ve sembolizmini yakalar.<\/p>\n<h3 data-start=\"650\" data-end=\"673\"><strong data-start=\"654\" data-end=\"671\">Zanaatkarl\u0131k<\/strong><\/h3>\n<p data-start=\"674\" data-end=\"1294\">Her bir \u00e7ift, PureJewels'\u0131n usta zanaatkarlar\u0131 taraf\u0131ndan 22 ayar alt\u0131nla titizlikle el i\u015f\u00e7ili\u011fi ile \u00fcretilmi\u015ftir. \u00c7i\u00e7ek desenli k\u00fcpe, zengin detaylarla kadife \u00e7i\u00e7e\u011fi yapraklar\u0131n\u0131 yans\u0131tan sarmal alt\u0131n tel i\u015f\u00e7ili\u011fine sahiptir, ortas\u0131 ise \u0131\u015f\u0131k yans\u0131may\u0131 en \u00fcst d\u00fczeye \u00e7\u0131karmak i\u00e7in geleneksel a\u00e7\u0131k arka teknikle yerle\u015ftirilmi\u015f Polki elmaslarla s\u00fcslenmi\u015ftir. Damla \u015fekilli eleman, armut \u015fekilli Polki elmaslar\u0131 ve hareketle zarif\u00e7e sallanan halo \u00e7er\u00e7eveli damla \u015feklini bir araya getirir. Ayar stili, do\u011fal, el de\u011fmemi\u015f parlakl\u0131\u011f\u0131yla de\u011ferli olan Polki elmaslar\u0131n\u0131n kesilmemi\u015f do\u011fas\u0131n\u0131 korur ve y\u00fczy\u0131llard\u0131r s\u00fcregelen Kundan zanaatkarl\u0131k geleneklerini onurland\u0131r\u0131r.<\/p>\n<h3 data-start=\"1301\" data-end=\"1324\"><strong data-start=\"1305\" data-end=\"1322\">Stil Fikirleri<\/strong><\/h3>\n<p data-start=\"1325\" data-end=\"1822\">Bu k\u00fcpeler d\u00fc\u011f\u00fcnler, festivaller ve \u00f6zel g\u00fcnler i\u00e7in parlak bir ifade olu\u015fturur. S\u0131cakl\u0131klar\u0131, alt\u0131n tonlu k\u0131yafetlerle, \u00f6zellikle zengin ipekler, brokarlar ve i\u015flemeli elbiselerle g\u00fczel bir uyum sa\u011flar. Zarif bir gelin g\u00f6r\u00fcn\u00fcm\u00fc i\u00e7in, bunlar\u0131 uyumlu bir Polki kolye veya Maang Tikka ile kombinleyin. Tek ba\u015f\u0131na bir aksesuar olarak tak\u0131ld\u0131\u011f\u0131nda, minimalist bir k\u0131yafeti sade bir ihti\u015famla zenginle\u015ftirirler. Hediye olarak al\u0131nm\u0131\u015f veya kendi se\u00e7iminiz olsun, bunlar k\u00fclt\u00fcr\u00fcn, kad\u0131nl\u0131\u011f\u0131n ve kal\u0131c\u0131 zanaatkarl\u0131\u011f\u0131n anlaml\u0131 bir kutlamas\u0131d\u0131r.<\/p>","protected":false},"excerpt":{"rendered":"<ul>\n<li>22 ayar Diya Sar\u0131 alt\u0131n G\u00fcl kesim Polki P\u0131rlanta K\u00fcpe<\/li>\n<li>A\u011f\u0131rl\u0131k 8.1 g<\/li>\n<li>Polki P\u0131rlanta A\u011f\u0131rl\u0131\u011f\u0131 1,61 Karat<\/li>\n<li>T\u00fcm fiyatlara KDV dahildir<\/li>\n<li>Londra Tahlil Ofisi Taraf\u0131ndan Damgalanm\u0131\u015f 22 Ayar Alt\u0131n<\/li>\n<li>Sunum Kutusu ile Birlikte Gelir<\/li>\n<li>Teslimat Dahil<\/li>\n<li>Stok durumu ve stokta bulunan benzer tasar\u0131mlar\u0131n daha fazla g\u00f6r\u00fcnt\u00fcs\u00fc i\u00e7in bizimle canl\u0131 sohbet edin<\/li>\n<\/ul>\n<p>&nbsp;<\/p>","protected":false},"featured_media":4155,"comment_status":"closed","ping_status":"closed","template":"","meta":{"_eb_attr":"","_crsspst_to_jayantr4sg-hostcom":false},"product_brand":[],"product_cat":[236,1533,254,1685,1229,1574],"product_tag":[],"class_list":{"0":"post-4154","1":"product","2":"type-product","3":"status-publish","4":"has-post-thumbnail","6":"product_cat-collections","7":"product_cat-diamond-jewellery-set","8":"product_cat-diya-collections","9":"product_cat-drop-earrings","10":"product_cat-22ct-gold-jewellery","11":"product_cat-womens-jewellery","13":"first","14":"outofstock","15":"taxable","16":"shipping-taxable","17":"product-type-simple","18":"add-to-wishlist-before_image"},"yoast_head":"<!-- This site is optimized with the Yoast SEO plugin v27.3 - https:\/\/yoast.com\/product\/yoast-seo-wordpress\/ -->\n<title>Diya 22ct Gold Polki Marigold Drop Earrings - PureJewels UK<\/title>\n<meta name=\"robots\" content=\"index, follow, max-snippet:-1, max-image-preview:large, max-video-preview:-1\" \/>\n<link rel=\"canonical\" href=\"https:\/\/www.purejewels.com\/tr\/urun\/diya-18-ayar-altin-kesilmemis-polki-kupe\/\" \/>\n<meta property=\"og:locale\" content=\"tr_TR\" \/>\n<meta property=\"og:type\" content=\"article\" \/>\n<meta property=\"og:title\" content=\"Diya 22ct Gold Polki Marigold Drop Earrings - PureJewels UK\" \/>\n<meta property=\"og:description\" content=\"22ct Diya Yellow gold With Rose cut Polki Diamonds Earring  Wt. 8.1 g  Polki Diamond Wt. 1.61\u00a0 Carat  All prices include VAT  22ct Gold\u00a0Hallmarked by London Assay Office  Comes With Presentation Box  Delivery Included  Live chat with us for availability and more images of similar designs currently in stock  &nbsp;\" \/>\n<meta property=\"og:url\" content=\"https:\/\/www.purejewels.com\/tr\/urun\/diya-18-ayar-altin-kesilmemis-polki-kupe\/\" \/>\n<meta property=\"og:site_name\" content=\"PureJewels UK\" \/>\n<meta property=\"article:modified_time\" content=\"2026-01-06T06:58:04+00:00\" \/>\n<meta property=\"og:image\" content=\"https:\/\/www.purejewels.com\/wp-content\/uploads\/2017\/07\/earrings_23663_960px.jpg\" \/>\n\t<meta property=\"og:image:width\" content=\"960\" \/>\n\t<meta property=\"og:image:height\" content=\"960\" \/>\n\t<meta property=\"og:image:type\" content=\"image\/jpeg\" \/>\n<meta name=\"twitter:card\" content=\"summary_large_image\" \/>\n<meta name=\"twitter:label1\" content=\"Tahmini okuma s\u00fcresi\" \/>\n\t<meta name=\"twitter:data1\" content=\"2 dakika\" \/>\n<script type=\"application\/ld+json\" class=\"yoast-schema-graph\">{\"@context\":\"https:\\\/\\\/schema.org\",\"@graph\":[{\"@type\":[\"WebPage\",\"ItemPage\"],\"@id\":\"https:\\\/\\\/www.purejewels.com\\\/product\\\/diya-18ct-gold-uncut-polki-earrings\\\/\",\"url\":\"https:\\\/\\\/www.purejewels.com\\\/product\\\/diya-18ct-gold-uncut-polki-earrings\\\/\",\"name\":\"Diya 22ct Gold Polki Marigold Drop Earrings - PureJewels UK\",\"isPartOf\":{\"@id\":\"https:\\\/\\\/www.purejewels.com\\\/#website\"},\"primaryImageOfPage\":{\"@id\":\"https:\\\/\\\/www.purejewels.com\\\/product\\\/diya-18ct-gold-uncut-polki-earrings\\\/#primaryimage\"},\"image\":{\"@id\":\"https:\\\/\\\/www.purejewels.com\\\/product\\\/diya-18ct-gold-uncut-polki-earrings\\\/#primaryimage\"},\"thumbnailUrl\":\"https:\\\/\\\/static.purejewels.com\\\/wp-content\\\/uploads\\\/2017\\\/07\\\/earrings_23663_960px.jpg\",\"datePublished\":\"2017-07-19T12:25:09+00:00\",\"dateModified\":\"2026-01-06T06:58:04+00:00\",\"breadcrumb\":{\"@id\":\"https:\\\/\\\/www.purejewels.com\\\/product\\\/diya-18ct-gold-uncut-polki-earrings\\\/#breadcrumb\"},\"inLanguage\":\"tr\",\"potentialAction\":[{\"@type\":\"ReadAction\",\"target\":[\"https:\\\/\\\/www.purejewels.com\\\/product\\\/diya-18ct-gold-uncut-polki-earrings\\\/\"]}]},{\"@type\":\"ImageObject\",\"inLanguage\":\"tr\",\"@id\":\"https:\\\/\\\/www.purejewels.com\\\/product\\\/diya-18ct-gold-uncut-polki-earrings\\\/#primaryimage\",\"url\":\"https:\\\/\\\/static.purejewels.com\\\/wp-content\\\/uploads\\\/2017\\\/07\\\/earrings_23663_960px.jpg\",\"contentUrl\":\"https:\\\/\\\/static.purejewels.com\\\/wp-content\\\/uploads\\\/2017\\\/07\\\/earrings_23663_960px.jpg\",\"width\":960,\"height\":960,\"caption\":\"earrings_23663_960px.jpg\"},{\"@type\":\"BreadcrumbList\",\"@id\":\"https:\\\/\\\/www.purejewels.com\\\/product\\\/diya-18ct-gold-uncut-polki-earrings\\\/#breadcrumb\",\"itemListElement\":[{\"@type\":\"ListItem\",\"position\":1,\"name\":\"Home\",\"item\":\"https:\\\/\\\/www.purejewels.com\\\/\"},{\"@type\":\"ListItem\",\"position\":2,\"name\":\"Shop\",\"item\":\"https:\\\/\\\/www.purejewels.com\\\/shop\\\/\"},{\"@type\":\"ListItem\",\"position\":3,\"name\":\"Diya 22ct Gold Polki Marigold Drop Earrings\"}]},{\"@type\":\"WebSite\",\"@id\":\"https:\\\/\\\/www.purejewels.com\\\/#website\",\"url\":\"https:\\\/\\\/www.purejewels.com\\\/\",\"name\":\"PureJewels UK\",\"description\":\"Share the Love\",\"publisher\":{\"@id\":\"https:\\\/\\\/www.purejewels.com\\\/#organization\"},\"potentialAction\":[{\"@type\":\"SearchAction\",\"target\":{\"@type\":\"EntryPoint\",\"urlTemplate\":\"https:\\\/\\\/www.purejewels.com\\\/?s={search_term_string}\"},\"query-input\":{\"@type\":\"PropertyValueSpecification\",\"valueRequired\":true,\"valueName\":\"search_term_string\"}}],\"inLanguage\":\"tr\"},{\"@type\":\"Organization\",\"@id\":\"https:\\\/\\\/www.purejewels.com\\\/#organization\",\"name\":\"PureJewels UK\",\"url\":\"https:\\\/\\\/www.purejewels.com\\\/\",\"logo\":{\"@type\":\"ImageObject\",\"inLanguage\":\"tr\",\"@id\":\"https:\\\/\\\/www.purejewels.com\\\/#\\\/schema\\\/logo\\\/image\\\/\",\"url\":\"https:\\\/\\\/static.purejewels.com\\\/wp-content\\\/uploads\\\/2020\\\/11\\\/Logo-PJ-New-1.png\",\"contentUrl\":\"https:\\\/\\\/static.purejewels.com\\\/wp-content\\\/uploads\\\/2020\\\/11\\\/Logo-PJ-New-1.png\",\"width\":150,\"height\":80,\"caption\":\"PureJewels UK\"},\"image\":{\"@id\":\"https:\\\/\\\/www.purejewels.com\\\/#\\\/schema\\\/logo\\\/image\\\/\"}}]}<\/script>\n<!-- \/ Yoast SEO plugin. -->","yoast_head_json":{"title":"Diya 22 ayar alt\u0131n Polki Marigold damla k\u00fcpe - PureJewels UK","robots":{"index":"index","follow":"follow","max-snippet":"max-snippet:-1","max-image-preview":"max-image-preview:large","max-video-preview":"max-video-preview:-1"},"canonical":"https:\/\/www.purejewels.com\/tr\/urun\/diya-18-ayar-altin-kesilmemis-polki-kupe\/","og_locale":"tr_TR","og_type":"article","og_title":"Diya 22ct Gold Polki Marigold Drop Earrings - PureJewels UK","og_description":"22ct Diya Yellow gold With Rose cut Polki Diamonds Earring  Wt. 8.1 g  Polki Diamond Wt. 1.61\u00a0 Carat  All prices include VAT  22ct Gold\u00a0Hallmarked by London Assay Office  Comes With Presentation Box  Delivery Included  Live chat with us for availability and more images of similar designs currently in stock  &nbsp;","og_url":"https:\/\/www.purejewels.com\/tr\/urun\/diya-18-ayar-altin-kesilmemis-polki-kupe\/","og_site_name":"PureJewels UK","article_modified_time":"2026-01-06T06:58:04+00:00","og_image":[{"width":960,"height":960,"url":"https:\/\/www.purejewels.com\/wp-content\/uploads\/2017\/07\/earrings_23663_960px.jpg","type":"image\/jpeg"}],"twitter_card":"summary_large_image","twitter_misc":{"Tahmini okuma s\u00fcresi":"2 dakika"},"schema":{"@context":"https:\/\/schema.org","@graph":[{"@type":["WebPage","ItemPage"],"@id":"https:\/\/www.purejewels.com\/product\/diya-18ct-gold-uncut-polki-earrings\/","url":"https:\/\/www.purejewels.com\/product\/diya-18ct-gold-uncut-polki-earrings\/","name":"Diya 22 ayar alt\u0131n Polki Marigold damla k\u00fcpe - PureJewels UK","isPartOf":{"@id":"https:\/\/www.purejewels.com\/#website"},"primaryImageOfPage":{"@id":"https:\/\/www.purejewels.com\/product\/diya-18ct-gold-uncut-polki-earrings\/#primaryimage"},"image":{"@id":"https:\/\/www.purejewels.com\/product\/diya-18ct-gold-uncut-polki-earrings\/#primaryimage"},"thumbnailUrl":"https:\/\/static.purejewels.com\/wp-content\/uploads\/2017\/07\/earrings_23663_960px.jpg","datePublished":"2017-07-19T12:25:09+00:00","dateModified":"2026-01-06T06:58:04+00:00","breadcrumb":{"@id":"https:\/\/www.purejewels.com\/product\/diya-18ct-gold-uncut-polki-earrings\/#breadcrumb"},"inLanguage":"tr","potentialAction":[{"@type":"ReadAction","target":["https:\/\/www.purejewels.com\/product\/diya-18ct-gold-uncut-polki-earrings\/"]}]},{"@type":"ImageObject","inLanguage":"tr","@id":"https:\/\/www.purejewels.com\/product\/diya-18ct-gold-uncut-polki-earrings\/#primaryimage","url":"https:\/\/static.purejewels.com\/wp-content\/uploads\/2017\/07\/earrings_23663_960px.jpg","contentUrl":"https:\/\/static.purejewels.com\/wp-content\/uploads\/2017\/07\/earrings_23663_960px.jpg","width":960,"height":960,"caption":"earrings_23663_960px.jpg"},{"@type":"BreadcrumbList","@id":"https:\/\/www.purejewels.com\/product\/diya-18ct-gold-uncut-polki-earrings\/#breadcrumb","itemListElement":[{"@type":"ListItem","position":1,"name":"Home","item":"https:\/\/www.purejewels.com\/"},{"@type":"ListItem","position":2,"name":"Shop","item":"https:\/\/www.purejewels.com\/shop\/"},{"@type":"ListItem","position":3,"name":"Diya 22ct Gold Polki Marigold Drop Earrings"}]},{"@type":"WebSite","@id":"https:\/\/www.purejewels.com\/#website","url":"https:\/\/www.purejewels.com\/","name":"PureJewels \u0130ngiltere","description":"Sevgiyi Payla\u015f\u0131n","publisher":{"@id":"https:\/\/www.purejewels.com\/#organization"},"potentialAction":[{"@type":"SearchAction","target":{"@type":"EntryPoint","urlTemplate":"https:\/\/www.purejewels.com\/?s={search_term_string}"},"query-input":{"@type":"PropertyValueSpecification","valueRequired":true,"valueName":"search_term_string"}}],"inLanguage":"tr"},{"@type":"Organization","@id":"https:\/\/www.purejewels.com\/#organization","name":"PureJewels \u0130ngiltere","url":"https:\/\/www.purejewels.com\/","logo":{"@type":"ImageObject","inLanguage":"tr","@id":"https:\/\/www.purejewels.com\/#\/schema\/logo\/image\/","url":"https:\/\/static.purejewels.com\/wp-content\/uploads\/2020\/11\/Logo-PJ-New-1.png","contentUrl":"https:\/\/static.purejewels.com\/wp-content\/uploads\/2020\/11\/Logo-PJ-New-1.png","width":150,"height":80,"caption":"PureJewels UK"},"image":{"@id":"https:\/\/www.purejewels.com\/#\/schema\/logo\/image\/"}}]}},"_links":{"self":[{"href":"https:\/\/www.purejewels.com\/tr\/wp-json\/wp\/v2\/product\/4154","targetHints":{"allow":["GET"]}}],"collection":[{"href":"https:\/\/www.purejewels.com\/tr\/wp-json\/wp\/v2\/product"}],"about":[{"href":"https:\/\/www.purejewels.com\/tr\/wp-json\/wp\/v2\/types\/product"}],"replies":[{"embeddable":true,"href":"https:\/\/www.purejewels.com\/tr\/wp-json\/wp\/v2\/comments?post=4154"}],"version-history":[{"count":1,"href":"https:\/\/www.purejewels.com\/tr\/wp-json\/wp\/v2\/product\/4154\/revisions"}],"predecessor-version":[{"id":421795,"href":"https:\/\/www.purejewels.com\/tr\/wp-json\/wp\/v2\/product\/4154\/revisions\/421795"}],"wp:featuredmedia":[{"embeddable":true,"href":"https:\/\/www.purejewels.com\/tr\/wp-json\/wp\/v2\/media\/4155"}],"wp:attachment":[{"href":"https:\/\/www.purejewels.com\/tr\/wp-json\/wp\/v2\/media?parent=4154"}],"wp:term":[{"taxonomy":"product_brand","embeddable":true,"href":"https:\/\/www.purejewels.com\/tr\/wp-json\/wp\/v2\/product_brand?post=4154"},{"taxonomy":"product_cat","embeddable":true,"href":"https:\/\/www.purejewels.com\/tr\/wp-json\/wp\/v2\/product_cat?post=4154"},{"taxonomy":"product_tag","embeddable":true,"href":"https:\/\/www.purejewels.com\/tr\/wp-json\/wp\/v2\/product_tag?post=4154"}],"curies":[{"name":"wp","href":"https:\/\/api.w.org\/{rel}","templated":true}]}}