{"id":415447,"date":"2025-08-16T09:41:29","date_gmt":"2025-08-16T08:41:29","guid":{"rendered":"https:\/\/www.purejewels.com\/?post_type=product&#038;p=415447"},"modified":"2026-02-06T12:12:42","modified_gmt":"2026-02-06T12:12:42","slug":"rozet-safak-cemberleri-50867","status":"publish","type":"product","link":"https:\/\/www.purejewels.com\/tr\/product\/rosette-dawn-hoops-50867\/","title":{"rendered":"Rozet \u015eafak \u00c7emberleri"},"content":{"rendered":"<p data-start=\"600\" data-end=\"895\">Bu <strong data-start=\"604\" data-end=\"626\">Rozet \u015eafak \u00c7emberleri<\/strong> do\u011fan\u0131n sessiz \u015fiirinin bir kutlamas\u0131d\u0131r - zarif, minimal ve anlamla \u0131\u015f\u0131ldar. El yap\u0131m\u0131 <strong data-start=\"727\" data-end=\"763\">14,33 gram 22 ayar Sunrise Alt\u0131n<\/strong>bu \u00e7emberler hafif\u00e7e vurgulanm\u0131\u015ft\u0131r <strong data-start=\"802\" data-end=\"828\">dokulu rozet boncuklar<\/strong>\u015eafak vakti yapraklar\u0131n a\u00e7\u0131l\u0131m\u0131n\u0131 yans\u0131tmak i\u00e7in yumu\u015fak bir yay \u015feklinde d\u00fczenlenmi\u015ftir.<\/p>\n<p data-start=\"897\" data-end=\"1212\">Bir par\u00e7as\u0131 <strong data-start=\"909\" data-end=\"931\">Rozet Koleksiyonu<\/strong>Bu par\u00e7a ge\u00e7ici, g\u00fczel anlardan - kilometre ta\u015flar\u0131, an\u0131lar ve bunlar aras\u0131ndaki yolculuklardan - ilham al\u0131yor. \u00c7i\u00e7ekli gran\u00fclasyon el i\u015f\u00e7ili\u011fi miras\u0131na bir selam niteli\u011fi ta\u015f\u0131rken, hafif \u00e7er\u00e7eve ve 2,30 mm kal\u0131nl\u0131k karakterden \u00f6d\u00fcn vermeden g\u00fcnl\u00fck konforu sa\u011flar.<\/p>\n<p data-start=\"1214\" data-end=\"1490\">Her bir \u00e7ift, PureJewels'in k\u00fclt\u00fcrel zenginli\u011fe dayanan ola\u011fan\u00fcst\u00fc i\u015f\u00e7ilik ve tasar\u0131m gelene\u011fini s\u00fcrd\u00fcren zanaatkarlar\u0131m\u0131z taraf\u0131ndan elde i\u015flenmi\u015ftir. G\u00fcn Do\u011fumu Alt\u0131n\u0131n\u0131n s\u0131cak tonu her cilt tonunu g\u00fczelle\u015ftirir ve ister tek ba\u015f\u0131na ister di\u011fer k\u00fcpelerle birlikte tak\u0131ls\u0131n ince bir parlakl\u0131k katar.<\/p>\n<p data-start=\"1492\" data-end=\"1609\">Zamans\u0131z, kad\u0131ns\u0131 ve sessizce cesur olan Rosette Dawn Hoops, trendler yerine hikayelere de\u011fer verenler i\u00e7in m\u00fckemmeldir.<\/p>","protected":false},"excerpt":{"rendered":"<p>22 ayar G\u00fcndo\u011fumu Alt\u0131n\u0131ndan zarif bir \u015fekilde el i\u015f\u00e7ili\u011fiyle \u00fcretilmi\u015ftir. <strong data-start=\"146\" data-end=\"168\">Rozet \u015eafak \u00c7emberleri<\/strong> Her bir kasna\u011f\u0131n kavisini \u00e7i\u00e7ek a\u00e7an sabah yapraklar\u0131 gibi takip eden narin gran\u00fcl rozetlere sahiptir. Hafif ama \u0131\u015f\u0131lt\u0131l\u0131 olan bu \u00fcr\u00fcnler, miras ve do\u011fadan ilham alan g\u00fcnl\u00fck bir zarafet sunar. Sessiz g\u00fczelli\u011fin zamans\u0131z bir ifadesi.<\/p>\n<ul>\n<li><strong>Malzeme:<\/strong> 22 Ayar G\u00fcndo\u011fumu Alt\u0131n\u0131 (91,6% saf alt\u0131n)<\/li>\n<li><strong>Hallmark: <\/strong>\u0130ngiliz Damgas\u0131<\/li>\n<li><strong>Br\u00fct A\u011f\u0131rl\u0131k: <\/strong>14.33 Gms<\/li>\n<li><strong>SKU: <\/strong>50867<\/li>\n<\/ul>\n<p><strong><br \/>\nFiyat ve Teslimat: <\/strong>KDV ve teslimat \u00fccretleri dahil<br \/>\n<strong><a href=\"https:\/\/www.purejewels.com\/tr\/i%cc%87ade-poli%cc%87ti%cc%87kasi\/\">\u0130ade Politikas\u0131<\/a><\/strong><\/p>","protected":false},"featured_media":415448,"comment_status":"closed","ping_status":"closed","template":"","meta":{"_eb_attr":"","_crsspst_to_jayantr4sg-hostcom":false},"product_brand":[],"product_cat":[1790,1254,1229,1579,6147,5274,1573,1574],"product_tag":[5933,5922,66],"class_list":{"0":"post-415447","1":"product","2":"type-product","3":"status-publish","4":"has-post-thumbnail","6":"product_cat-for-whom-when","7":"product_cat-gold-earrings","8":"product_cat-22ct-gold-jewellery","9":"product_cat-hoop-earrings","10":"product_cat-rosette-hoop","11":"product_cat-rosettes-earring","12":"product_cat-wedding-gifts","13":"product_cat-womens-jewellery","14":"product_tag-22ct-gold","15":"product_tag-22ct-gold-earrings","16":"product_tag-earrings","18":"first","19":"instock","20":"taxable","21":"shipping-taxable","22":"purchasable","23":"product-type-simple","24":"add-to-wishlist-before_image"},"yoast_head":"<!-- This site is optimized with the Yoast SEO plugin v27.3 - https:\/\/yoast.com\/product\/yoast-seo-wordpress\/ -->\n<title>Rosette Dawn Hoops | 22ct Sunrise Gold Earrings \u2013 PureJewels<\/title>\n<meta name=\"description\" content=\"Shop Rosette Dawn Hoops in 22ct Sunrise Gold at PureJewels. Elegant, floral-inspired hoop earrings handcrafted with rosette granules. A timeless blend of heritage and design.\" \/>\n<meta name=\"robots\" content=\"index, follow, max-snippet:-1, max-image-preview:large, max-video-preview:-1\" \/>\n<link rel=\"canonical\" href=\"https:\/\/www.purejewels.com\/tr\/urun\/rozet-safak-cemberleri-50867\/\" \/>\n<meta property=\"og:locale\" content=\"tr_TR\" \/>\n<meta property=\"og:type\" content=\"article\" \/>\n<meta property=\"og:title\" content=\"Rosette Dawn Hoops | 22ct Sunrise Gold Earrings \u2013 PureJewels\" \/>\n<meta property=\"og:description\" content=\"Shop Rosette Dawn Hoops in 22ct Sunrise Gold at PureJewels. Elegant, floral-inspired hoop earrings handcrafted with rosette granules. A timeless blend of heritage and design.\" \/>\n<meta property=\"og:url\" content=\"https:\/\/www.purejewels.com\/tr\/urun\/rozet-safak-cemberleri-50867\/\" \/>\n<meta property=\"og:site_name\" content=\"PureJewels UK\" \/>\n<meta property=\"article:modified_time\" content=\"2026-02-06T12:12:42+00:00\" \/>\n<meta property=\"og:image\" content=\"https:\/\/static.purejewels.com\/wp-content\/uploads\/2025\/09\/SKU-50867.jpg\" \/>\n\t<meta property=\"og:image:width\" content=\"1000\" \/>\n\t<meta property=\"og:image:height\" content=\"1000\" \/>\n\t<meta property=\"og:image:type\" content=\"image\/jpeg\" \/>\n<meta name=\"twitter:card\" content=\"summary_large_image\" \/>\n<meta name=\"twitter:label1\" content=\"Tahmini okuma s\u00fcresi\" \/>\n\t<meta name=\"twitter:data1\" content=\"1 dakika\" \/>\n<script type=\"application\/ld+json\" class=\"yoast-schema-graph\">{\"@context\":\"https:\\\/\\\/schema.org\",\"@graph\":[{\"@type\":[\"WebPage\",\"ItemPage\"],\"@id\":\"https:\\\/\\\/www.purejewels.com\\\/product\\\/rosette-dawn-hoops-50867\\\/\",\"url\":\"https:\\\/\\\/www.purejewels.com\\\/product\\\/rosette-dawn-hoops-50867\\\/\",\"name\":\"Rosette Dawn Hoops | 22ct Sunrise Gold Earrings \u2013 PureJewels\",\"isPartOf\":{\"@id\":\"https:\\\/\\\/www.purejewels.com\\\/#website\"},\"primaryImageOfPage\":{\"@id\":\"https:\\\/\\\/www.purejewels.com\\\/product\\\/rosette-dawn-hoops-50867\\\/#primaryimage\"},\"image\":{\"@id\":\"https:\\\/\\\/www.purejewels.com\\\/product\\\/rosette-dawn-hoops-50867\\\/#primaryimage\"},\"thumbnailUrl\":\"https:\\\/\\\/static.purejewels.com\\\/wp-content\\\/uploads\\\/2025\\\/09\\\/SKU-50867.jpg\",\"datePublished\":\"2025-08-16T08:41:29+00:00\",\"dateModified\":\"2026-02-06T12:12:42+00:00\",\"description\":\"Shop Rosette Dawn Hoops in 22ct Sunrise Gold at PureJewels. Elegant, floral-inspired hoop earrings handcrafted with rosette granules. A timeless blend of heritage and design.\",\"breadcrumb\":{\"@id\":\"https:\\\/\\\/www.purejewels.com\\\/product\\\/rosette-dawn-hoops-50867\\\/#breadcrumb\"},\"inLanguage\":\"tr\",\"potentialAction\":[{\"@type\":\"ReadAction\",\"target\":[\"https:\\\/\\\/www.purejewels.com\\\/product\\\/rosette-dawn-hoops-50867\\\/\"]}]},{\"@type\":\"ImageObject\",\"inLanguage\":\"tr\",\"@id\":\"https:\\\/\\\/www.purejewels.com\\\/product\\\/rosette-dawn-hoops-50867\\\/#primaryimage\",\"url\":\"https:\\\/\\\/static.purejewels.com\\\/wp-content\\\/uploads\\\/2025\\\/09\\\/SKU-50867.jpg\",\"contentUrl\":\"https:\\\/\\\/static.purejewels.com\\\/wp-content\\\/uploads\\\/2025\\\/09\\\/SKU-50867.jpg\",\"width\":1000,\"height\":1000,\"caption\":\"Rosette Dawn Hoops\"},{\"@type\":\"BreadcrumbList\",\"@id\":\"https:\\\/\\\/www.purejewels.com\\\/product\\\/rosette-dawn-hoops-50867\\\/#breadcrumb\",\"itemListElement\":[{\"@type\":\"ListItem\",\"position\":1,\"name\":\"Home\",\"item\":\"https:\\\/\\\/www.purejewels.com\\\/\"},{\"@type\":\"ListItem\",\"position\":2,\"name\":\"Shop\",\"item\":\"https:\\\/\\\/www.purejewels.com\\\/shop\\\/\"},{\"@type\":\"ListItem\",\"position\":3,\"name\":\"Rosette Dawn Hoops\"}]},{\"@type\":\"WebSite\",\"@id\":\"https:\\\/\\\/www.purejewels.com\\\/#website\",\"url\":\"https:\\\/\\\/www.purejewels.com\\\/\",\"name\":\"PureJewels UK\",\"description\":\"Share the Love\",\"publisher\":{\"@id\":\"https:\\\/\\\/www.purejewels.com\\\/#organization\"},\"potentialAction\":[{\"@type\":\"SearchAction\",\"target\":{\"@type\":\"EntryPoint\",\"urlTemplate\":\"https:\\\/\\\/www.purejewels.com\\\/?s={search_term_string}\"},\"query-input\":{\"@type\":\"PropertyValueSpecification\",\"valueRequired\":true,\"valueName\":\"search_term_string\"}}],\"inLanguage\":\"tr\"},{\"@type\":\"Organization\",\"@id\":\"https:\\\/\\\/www.purejewels.com\\\/#organization\",\"name\":\"PureJewels UK\",\"url\":\"https:\\\/\\\/www.purejewels.com\\\/\",\"logo\":{\"@type\":\"ImageObject\",\"inLanguage\":\"tr\",\"@id\":\"https:\\\/\\\/www.purejewels.com\\\/#\\\/schema\\\/logo\\\/image\\\/\",\"url\":\"https:\\\/\\\/static.purejewels.com\\\/wp-content\\\/uploads\\\/2020\\\/11\\\/Logo-PJ-New-1.png\",\"contentUrl\":\"https:\\\/\\\/static.purejewels.com\\\/wp-content\\\/uploads\\\/2020\\\/11\\\/Logo-PJ-New-1.png\",\"width\":150,\"height\":80,\"caption\":\"PureJewels UK\"},\"image\":{\"@id\":\"https:\\\/\\\/www.purejewels.com\\\/#\\\/schema\\\/logo\\\/image\\\/\"}}]}<\/script>\n<!-- \/ Yoast SEO plugin. -->","yoast_head_json":{"title":"Rozet \u015eafak Halkalar\u0131 | 22 Ayar G\u00fcn Do\u011fumu Alt\u0131n K\u00fcpe - PureJewels","description":"PureJewels'te 22 Ayar G\u00fcndo\u011fumu Alt\u0131n\u0131ndan Rozet \u015eafak Halkalar\u0131 sat\u0131n al\u0131n. Rozet gran\u00fclleriyle elde i\u015flenmi\u015f zarif, \u00e7i\u00e7eklerden ilham alan halka k\u00fcpeler. Miras ve tasar\u0131m\u0131n zamans\u0131z bir kar\u0131\u015f\u0131m\u0131.","robots":{"index":"index","follow":"follow","max-snippet":"max-snippet:-1","max-image-preview":"max-image-preview:large","max-video-preview":"max-video-preview:-1"},"canonical":"https:\/\/www.purejewels.com\/tr\/urun\/rozet-safak-cemberleri-50867\/","og_locale":"tr_TR","og_type":"article","og_title":"Rosette Dawn Hoops | 22ct Sunrise Gold Earrings \u2013 PureJewels","og_description":"Shop Rosette Dawn Hoops in 22ct Sunrise Gold at PureJewels. Elegant, floral-inspired hoop earrings handcrafted with rosette granules. A timeless blend of heritage and design.","og_url":"https:\/\/www.purejewels.com\/tr\/urun\/rozet-safak-cemberleri-50867\/","og_site_name":"PureJewels UK","article_modified_time":"2026-02-06T12:12:42+00:00","og_image":[{"width":1000,"height":1000,"url":"https:\/\/static.purejewels.com\/wp-content\/uploads\/2025\/09\/SKU-50867.jpg","type":"image\/jpeg"}],"twitter_card":"summary_large_image","twitter_misc":{"Tahmini okuma s\u00fcresi":"1 dakika"},"schema":{"@context":"https:\/\/schema.org","@graph":[{"@type":["WebPage","ItemPage"],"@id":"https:\/\/www.purejewels.com\/product\/rosette-dawn-hoops-50867\/","url":"https:\/\/www.purejewels.com\/product\/rosette-dawn-hoops-50867\/","name":"Rozet \u015eafak Halkalar\u0131 | 22 Ayar G\u00fcn Do\u011fumu Alt\u0131n K\u00fcpe - PureJewels","isPartOf":{"@id":"https:\/\/www.purejewels.com\/#website"},"primaryImageOfPage":{"@id":"https:\/\/www.purejewels.com\/product\/rosette-dawn-hoops-50867\/#primaryimage"},"image":{"@id":"https:\/\/www.purejewels.com\/product\/rosette-dawn-hoops-50867\/#primaryimage"},"thumbnailUrl":"https:\/\/static.purejewels.com\/wp-content\/uploads\/2025\/09\/SKU-50867.jpg","datePublished":"2025-08-16T08:41:29+00:00","dateModified":"2026-02-06T12:12:42+00:00","description":"PureJewels'te 22 Ayar G\u00fcndo\u011fumu Alt\u0131n\u0131ndan Rozet \u015eafak Halkalar\u0131 sat\u0131n al\u0131n. Rozet gran\u00fclleriyle elde i\u015flenmi\u015f zarif, \u00e7i\u00e7eklerden ilham alan halka k\u00fcpeler. Miras ve tasar\u0131m\u0131n zamans\u0131z bir kar\u0131\u015f\u0131m\u0131.","breadcrumb":{"@id":"https:\/\/www.purejewels.com\/product\/rosette-dawn-hoops-50867\/#breadcrumb"},"inLanguage":"tr","potentialAction":[{"@type":"ReadAction","target":["https:\/\/www.purejewels.com\/product\/rosette-dawn-hoops-50867\/"]}]},{"@type":"ImageObject","inLanguage":"tr","@id":"https:\/\/www.purejewels.com\/product\/rosette-dawn-hoops-50867\/#primaryimage","url":"https:\/\/static.purejewels.com\/wp-content\/uploads\/2025\/09\/SKU-50867.jpg","contentUrl":"https:\/\/static.purejewels.com\/wp-content\/uploads\/2025\/09\/SKU-50867.jpg","width":1000,"height":1000,"caption":"Rosette Dawn Hoops"},{"@type":"BreadcrumbList","@id":"https:\/\/www.purejewels.com\/product\/rosette-dawn-hoops-50867\/#breadcrumb","itemListElement":[{"@type":"ListItem","position":1,"name":"Home","item":"https:\/\/www.purejewels.com\/"},{"@type":"ListItem","position":2,"name":"Shop","item":"https:\/\/www.purejewels.com\/shop\/"},{"@type":"ListItem","position":3,"name":"Rosette Dawn Hoops"}]},{"@type":"WebSite","@id":"https:\/\/www.purejewels.com\/#website","url":"https:\/\/www.purejewels.com\/","name":"PureJewels \u0130ngiltere","description":"Sevgiyi Payla\u015f\u0131n","publisher":{"@id":"https:\/\/www.purejewels.com\/#organization"},"potentialAction":[{"@type":"SearchAction","target":{"@type":"EntryPoint","urlTemplate":"https:\/\/www.purejewels.com\/?s={search_term_string}"},"query-input":{"@type":"PropertyValueSpecification","valueRequired":true,"valueName":"search_term_string"}}],"inLanguage":"tr"},{"@type":"Organization","@id":"https:\/\/www.purejewels.com\/#organization","name":"PureJewels \u0130ngiltere","url":"https:\/\/www.purejewels.com\/","logo":{"@type":"ImageObject","inLanguage":"tr","@id":"https:\/\/www.purejewels.com\/#\/schema\/logo\/image\/","url":"https:\/\/static.purejewels.com\/wp-content\/uploads\/2020\/11\/Logo-PJ-New-1.png","contentUrl":"https:\/\/static.purejewels.com\/wp-content\/uploads\/2020\/11\/Logo-PJ-New-1.png","width":150,"height":80,"caption":"PureJewels UK"},"image":{"@id":"https:\/\/www.purejewels.com\/#\/schema\/logo\/image\/"}}]}},"_links":{"self":[{"href":"https:\/\/www.purejewels.com\/tr\/wp-json\/wp\/v2\/product\/415447","targetHints":{"allow":["GET"]}}],"collection":[{"href":"https:\/\/www.purejewels.com\/tr\/wp-json\/wp\/v2\/product"}],"about":[{"href":"https:\/\/www.purejewels.com\/tr\/wp-json\/wp\/v2\/types\/product"}],"replies":[{"embeddable":true,"href":"https:\/\/www.purejewels.com\/tr\/wp-json\/wp\/v2\/comments?post=415447"}],"version-history":[{"count":1,"href":"https:\/\/www.purejewels.com\/tr\/wp-json\/wp\/v2\/product\/415447\/revisions"}],"predecessor-version":[{"id":415453,"href":"https:\/\/www.purejewels.com\/tr\/wp-json\/wp\/v2\/product\/415447\/revisions\/415453"}],"wp:featuredmedia":[{"embeddable":true,"href":"https:\/\/www.purejewels.com\/tr\/wp-json\/wp\/v2\/media\/415448"}],"wp:attachment":[{"href":"https:\/\/www.purejewels.com\/tr\/wp-json\/wp\/v2\/media?parent=415447"}],"wp:term":[{"taxonomy":"product_brand","embeddable":true,"href":"https:\/\/www.purejewels.com\/tr\/wp-json\/wp\/v2\/product_brand?post=415447"},{"taxonomy":"product_cat","embeddable":true,"href":"https:\/\/www.purejewels.com\/tr\/wp-json\/wp\/v2\/product_cat?post=415447"},{"taxonomy":"product_tag","embeddable":true,"href":"https:\/\/www.purejewels.com\/tr\/wp-json\/wp\/v2\/product_tag?post=415447"}],"curies":[{"name":"wp","href":"https:\/\/api.w.org\/{rel}","templated":true}]}}