{"id":415456,"date":"2025-08-16T11:25:18","date_gmt":"2025-08-16T10:25:18","guid":{"rendered":"https:\/\/www.purejewels.com\/?post_type=product&#038;p=415456"},"modified":"2026-02-27T04:18:04","modified_gmt":"2026-02-27T04:18:04","slug":"cicekli-orgu-bileklik-50407","status":"publish","type":"product","link":"https:\/\/www.purejewels.com\/tr\/product\/floral-weave-bracelet-50407\/","title":{"rendered":"\u00c7i\u00e7ekli \u00d6rg\u00fc Bileklik | 22 Ayar Alt\u0131n Rozet Koleksiyonu"},"content":{"rendered":"<p data-start=\"623\" data-end=\"928\">Sanat\u00e7\u0131l\u0131\u011f\u0131n \u0131\u015f\u0131lt\u0131l\u0131 bir ifadesi olan <strong data-start=\"661\" data-end=\"686\">\u00c7i\u00e7ekli \u00d6rg\u00fc Bileklik<\/strong> titizlikle el i\u015f\u00e7ili\u011fi ile \u00fcretilmi\u015ftir. <strong data-start=\"718\" data-end=\"731\">22 ayar alt\u0131n<\/strong>Narin \u00e7i\u00e7ek rozetlerinin i\u00e7 i\u00e7e ge\u00e7ti\u011fi bir tasar\u0131ma sahiptir. Her motif hassasiyetle birbirine ba\u011flanarak bile\u011fe zarif bir \u015fekilde oturan, g\u00fcc\u00fc zarafetle dengeleyen ak\u0131c\u0131 bir kafes olu\u015fturur.<\/p>\n<p data-start=\"930\" data-end=\"1280\">Bu tasar\u0131m bizim <strong data-start=\"957\" data-end=\"979\">Rozet Koleksiyonu<\/strong>yolculuklar\u0131n, d\u00f6n\u00fcm noktalar\u0131n\u0131n ve ge\u00e7ici ama unutulmaz anlar\u0131n bir kutlamas\u0131d\u0131r. \u00c7i\u00e7ek a\u00e7an ta\u00e7 yapraklar\u0131ndan ilham alan rozet motifi, do\u011fan\u0131n yenilenme ve g\u00fczellik d\u00f6ng\u00fclerini onurland\u0131r\u0131yor. Bu bileklikteki her bir halka, hikayelerin, geleneklerin ve an\u0131lar\u0131n nesiller boyunca i\u00e7 i\u00e7e ge\u00e7ti\u011fi birli\u011fi sembolize eder.<\/p>\n<p data-start=\"1282\" data-end=\"1579\">Taraf\u0131ndan damgalanm\u0131\u015ft\u0131r <strong data-start=\"1300\" data-end=\"1323\">Londra Tahlil Ofisi<\/strong>, the <strong data-start=\"1329\" data-end=\"1354\">\u00c7i\u00e7ekli \u00d6rg\u00fc Bileklik<\/strong> PureJewels'in miras i\u015f\u00e7ili\u011fine ve modern zarafete olan ba\u011fl\u0131l\u0131\u011f\u0131n\u0131 yans\u0131t\u0131r. Karma\u015f\u0131k formu \u00f6zel g\u00fcnler i\u00e7in m\u00fckemmeldir, ancak ki\u015fisel hikayenizi alt\u0131nla ileriye ta\u015f\u0131yan bir yadig\u00e2r olacak kadar zamans\u0131zd\u0131r.<\/p>","protected":false},"excerpt":{"rendered":"<p>Hayat\u0131n\u0131z sevgi, ba\u015far\u0131 ve an\u0131larla \u00f6r\u00fclm\u00fc\u015f anlardan olu\u015fan bir mozaiktir. Bu mozaik <strong data-start=\"1934\" data-end=\"1956\">Rozet Koleksiyonu<\/strong> bu hikayeleri narin \u00e7i\u00e7ek motifleri, heykelsi dokular ve zamans\u0131z sil\u00fcetlerle yakal\u0131yor. Mirastan beslenirken modern tasar\u0131m\u0131 kucaklayan her par\u00e7a, hayat\u0131n en g\u00fczel ge\u00e7itlerinin bir hat\u0131ras\u0131d\u0131r.<\/p>\n<p><strong>Malzeme:<\/strong>\u00a022 Ayar G\u00fcndo\u011fumu Alt\u0131n<br \/>\n<strong>Safl\u0131k:<\/strong>\u00a091.6% saf alt\u0131n<br \/>\n<strong>Hallmark:<\/strong>\u00a0\u0130ngiliz Damgas\u0131<br \/>\n<strong>SKU:<\/strong> 50407<br \/>\n<strong>A\u011f\u0131rl\u0131k:<\/strong> 18.91 Gms<br \/>\n<strong>\u00c7i\u00e7ek geni\u015fli\u011fi:<\/strong> 5 mm<br \/>\n<strong>Uzunluk: <\/strong>8 \u0130n\u00e7<\/p>\n<p><strong>Fiyat ve Teslimat:<\/strong>\u00a0KDV ve teslimat \u00fccretleri dahil<br \/>\n<a href=\"https:\/\/www.purejewels.com\/tr\/i%cc%87ade-poli%cc%87ti%cc%87kasi\/\"><strong>\u0130ade Politikas\u0131<\/strong><\/a><\/p>","protected":false},"featured_media":415457,"comment_status":"closed","ping_status":"closed","template":"","meta":{"_eb_attr":"","_crsspst_to_jayantr4sg-hostcom":false},"product_brand":[],"product_cat":[1791,236,1790,1324,1627,1229,5586,1656,1574,5349],"product_tag":[5634,5910],"class_list":{"0":"post-415456","1":"product","2":"type-product","3":"status-publish","4":"has-post-thumbnail","6":"product_cat-anniversary-gifts","7":"product_cat-collections","8":"product_cat-for-whom-when","9":"product_cat-gold-bracelet","10":"product_cat-ladies-bracelet","11":"product_cat-22ct-gold-jewellery","12":"product_cat-rosette-bracelet","13":"product_cat-rosettes-collections","14":"product_cat-womens-jewellery","15":"product_cat-yellow-gold-jewellery","16":"product_tag-22ct-gold-bracelet-for-ladies","17":"product_tag-real-gold-bracelet","19":"first","20":"onbackorder","21":"taxable","22":"shipping-taxable","23":"purchasable","24":"product-type-simple","25":"add-to-wishlist-before_image"},"yoast_head":"<!-- This site is optimized with the Yoast SEO plugin v27.5 - https:\/\/yoast.com\/product\/yoast-seo-wordpress\/ -->\n<title>Floral Weave Bracelet | 22ct Gold Rosette Collection \u2013 PureJewels<\/title>\n<meta name=\"description\" content=\"Discover the Floral Weave Bracelet from PureJewels\u2019 Rosette Collection. Handcrafted in 22ct gold, this floral lattice bracelet symbolises cherished moments woven in elegance.\" \/>\n<meta name=\"robots\" content=\"index, follow, max-snippet:-1, max-image-preview:large, max-video-preview:-1\" \/>\n<link rel=\"canonical\" href=\"https:\/\/www.purejewels.com\/tr\/urun\/cicekli-orgu-bileklik-50407\/\" \/>\n<meta property=\"og:locale\" content=\"tr_TR\" \/>\n<meta property=\"og:type\" content=\"article\" \/>\n<meta property=\"og:title\" content=\"Floral Weave Bracelet | 22ct Gold Rosette Collection \u2013 PureJewels\" \/>\n<meta property=\"og:description\" content=\"Discover the Floral Weave Bracelet from PureJewels\u2019 Rosette Collection. Handcrafted in 22ct gold, this floral lattice bracelet symbolises cherished moments woven in elegance.\" \/>\n<meta property=\"og:url\" content=\"https:\/\/www.purejewels.com\/tr\/urun\/cicekli-orgu-bileklik-50407\/\" \/>\n<meta property=\"og:site_name\" content=\"PureJewels UK\" \/>\n<meta property=\"article:modified_time\" content=\"2026-02-27T04:18:04+00:00\" \/>\n<meta property=\"og:image\" content=\"https:\/\/static.purejewels.com\/wp-content\/uploads\/2025\/09\/SKU-50407.jpg\" \/>\n\t<meta property=\"og:image:width\" content=\"1000\" \/>\n\t<meta property=\"og:image:height\" content=\"1000\" \/>\n\t<meta property=\"og:image:type\" content=\"image\/jpeg\" \/>\n<meta name=\"twitter:card\" content=\"summary_large_image\" \/>\n<meta name=\"twitter:label1\" content=\"Tahmini okuma s\u00fcresi\" \/>\n\t<meta name=\"twitter:data1\" content=\"1 dakika\" \/>\n<script type=\"application\/ld+json\" class=\"yoast-schema-graph\">{\"@context\":\"https:\\\/\\\/schema.org\",\"@graph\":[{\"@type\":[\"WebPage\",\"ItemPage\"],\"@id\":\"https:\\\/\\\/www.purejewels.com\\\/product\\\/floral-weave-bracelet-50407\\\/\",\"url\":\"https:\\\/\\\/www.purejewels.com\\\/product\\\/floral-weave-bracelet-50407\\\/\",\"name\":\"Floral Weave Bracelet | 22ct Gold Rosette Collection \u2013 PureJewels\",\"isPartOf\":{\"@id\":\"https:\\\/\\\/www.purejewels.com\\\/#website\"},\"primaryImageOfPage\":{\"@id\":\"https:\\\/\\\/www.purejewels.com\\\/product\\\/floral-weave-bracelet-50407\\\/#primaryimage\"},\"image\":{\"@id\":\"https:\\\/\\\/www.purejewels.com\\\/product\\\/floral-weave-bracelet-50407\\\/#primaryimage\"},\"thumbnailUrl\":\"https:\\\/\\\/static.purejewels.com\\\/wp-content\\\/uploads\\\/2025\\\/09\\\/SKU-50407.jpg\",\"datePublished\":\"2025-08-16T10:25:18+00:00\",\"dateModified\":\"2026-02-27T04:18:04+00:00\",\"description\":\"Discover the Floral Weave Bracelet from PureJewels\u2019 Rosette Collection. Handcrafted in 22ct gold, this floral lattice bracelet symbolises cherished moments woven in elegance.\",\"breadcrumb\":{\"@id\":\"https:\\\/\\\/www.purejewels.com\\\/product\\\/floral-weave-bracelet-50407\\\/#breadcrumb\"},\"inLanguage\":\"tr\",\"potentialAction\":[{\"@type\":\"ReadAction\",\"target\":[\"https:\\\/\\\/www.purejewels.com\\\/product\\\/floral-weave-bracelet-50407\\\/\"]}]},{\"@type\":\"ImageObject\",\"inLanguage\":\"tr\",\"@id\":\"https:\\\/\\\/www.purejewels.com\\\/product\\\/floral-weave-bracelet-50407\\\/#primaryimage\",\"url\":\"https:\\\/\\\/static.purejewels.com\\\/wp-content\\\/uploads\\\/2025\\\/09\\\/SKU-50407.jpg\",\"contentUrl\":\"https:\\\/\\\/static.purejewels.com\\\/wp-content\\\/uploads\\\/2025\\\/09\\\/SKU-50407.jpg\",\"width\":1000,\"height\":1000,\"caption\":\"Floral Weave Bracelet\"},{\"@type\":\"BreadcrumbList\",\"@id\":\"https:\\\/\\\/www.purejewels.com\\\/product\\\/floral-weave-bracelet-50407\\\/#breadcrumb\",\"itemListElement\":[{\"@type\":\"ListItem\",\"position\":1,\"name\":\"Home\",\"item\":\"https:\\\/\\\/www.purejewels.com\\\/\"},{\"@type\":\"ListItem\",\"position\":2,\"name\":\"Shop\",\"item\":\"https:\\\/\\\/www.purejewels.com\\\/shop\\\/\"},{\"@type\":\"ListItem\",\"position\":3,\"name\":\"Floral Weave Bracelet | 22ct Gold Rosette Collection\"}]},{\"@type\":\"WebSite\",\"@id\":\"https:\\\/\\\/www.purejewels.com\\\/#website\",\"url\":\"https:\\\/\\\/www.purejewels.com\\\/\",\"name\":\"PureJewels UK\",\"description\":\"Share the Love\",\"publisher\":{\"@id\":\"https:\\\/\\\/www.purejewels.com\\\/#organization\"},\"potentialAction\":[{\"@type\":\"SearchAction\",\"target\":{\"@type\":\"EntryPoint\",\"urlTemplate\":\"https:\\\/\\\/www.purejewels.com\\\/?s={search_term_string}\"},\"query-input\":{\"@type\":\"PropertyValueSpecification\",\"valueRequired\":true,\"valueName\":\"search_term_string\"}}],\"inLanguage\":\"tr\"},{\"@type\":\"Organization\",\"@id\":\"https:\\\/\\\/www.purejewels.com\\\/#organization\",\"name\":\"PureJewels UK\",\"url\":\"https:\\\/\\\/www.purejewels.com\\\/\",\"logo\":{\"@type\":\"ImageObject\",\"inLanguage\":\"tr\",\"@id\":\"https:\\\/\\\/www.purejewels.com\\\/#\\\/schema\\\/logo\\\/image\\\/\",\"url\":\"https:\\\/\\\/static.purejewels.com\\\/wp-content\\\/uploads\\\/2020\\\/11\\\/Logo-PJ-New-1.png\",\"contentUrl\":\"https:\\\/\\\/static.purejewels.com\\\/wp-content\\\/uploads\\\/2020\\\/11\\\/Logo-PJ-New-1.png\",\"width\":150,\"height\":80,\"caption\":\"PureJewels UK\"},\"image\":{\"@id\":\"https:\\\/\\\/www.purejewels.com\\\/#\\\/schema\\\/logo\\\/image\\\/\"}}]}<\/script>\n<!-- \/ Yoast SEO plugin. -->","yoast_head_json":{"title":"\u00c7i\u00e7ekli \u00d6rg\u00fc Bileklik | 22 Ayar Alt\u0131n Rozet Koleksiyonu - PureJewels","description":"PureJewels'in Rosette Koleksiyonu'ndan \u00c7i\u00e7ekli \u00d6rg\u00fc Bilezi\u011fi ke\u015ffedin. 22 ayar alt\u0131ndan el i\u015f\u00e7ili\u011fiyle \u00fcretilen bu \u00e7i\u00e7ek \u00f6rg\u00fcl\u00fc bileklik, zarafetle \u00f6r\u00fclm\u00fc\u015f de\u011ferli anlar\u0131 simgeliyor.","robots":{"index":"index","follow":"follow","max-snippet":"max-snippet:-1","max-image-preview":"max-image-preview:large","max-video-preview":"max-video-preview:-1"},"canonical":"https:\/\/www.purejewels.com\/tr\/urun\/cicekli-orgu-bileklik-50407\/","og_locale":"tr_TR","og_type":"article","og_title":"Floral Weave Bracelet | 22ct Gold Rosette Collection \u2013 PureJewels","og_description":"Discover the Floral Weave Bracelet from PureJewels\u2019 Rosette Collection. Handcrafted in 22ct gold, this floral lattice bracelet symbolises cherished moments woven in elegance.","og_url":"https:\/\/www.purejewels.com\/tr\/urun\/cicekli-orgu-bileklik-50407\/","og_site_name":"PureJewels UK","article_modified_time":"2026-02-27T04:18:04+00:00","og_image":[{"width":1000,"height":1000,"url":"https:\/\/static.purejewels.com\/wp-content\/uploads\/2025\/09\/SKU-50407.jpg","type":"image\/jpeg"}],"twitter_card":"summary_large_image","twitter_misc":{"Tahmini okuma s\u00fcresi":"1 dakika"},"schema":{"@context":"https:\/\/schema.org","@graph":[{"@type":["WebPage","ItemPage"],"@id":"https:\/\/www.purejewels.com\/product\/floral-weave-bracelet-50407\/","url":"https:\/\/www.purejewels.com\/product\/floral-weave-bracelet-50407\/","name":"\u00c7i\u00e7ekli \u00d6rg\u00fc Bileklik | 22 Ayar Alt\u0131n Rozet Koleksiyonu - PureJewels","isPartOf":{"@id":"https:\/\/www.purejewels.com\/#website"},"primaryImageOfPage":{"@id":"https:\/\/www.purejewels.com\/product\/floral-weave-bracelet-50407\/#primaryimage"},"image":{"@id":"https:\/\/www.purejewels.com\/product\/floral-weave-bracelet-50407\/#primaryimage"},"thumbnailUrl":"https:\/\/static.purejewels.com\/wp-content\/uploads\/2025\/09\/SKU-50407.jpg","datePublished":"2025-08-16T10:25:18+00:00","dateModified":"2026-02-27T04:18:04+00:00","description":"PureJewels'in Rosette Koleksiyonu'ndan \u00c7i\u00e7ekli \u00d6rg\u00fc Bilezi\u011fi ke\u015ffedin. 22 ayar alt\u0131ndan el i\u015f\u00e7ili\u011fiyle \u00fcretilen bu \u00e7i\u00e7ek \u00f6rg\u00fcl\u00fc bileklik, zarafetle \u00f6r\u00fclm\u00fc\u015f de\u011ferli anlar\u0131 simgeliyor.","breadcrumb":{"@id":"https:\/\/www.purejewels.com\/product\/floral-weave-bracelet-50407\/#breadcrumb"},"inLanguage":"tr","potentialAction":[{"@type":"ReadAction","target":["https:\/\/www.purejewels.com\/product\/floral-weave-bracelet-50407\/"]}]},{"@type":"ImageObject","inLanguage":"tr","@id":"https:\/\/www.purejewels.com\/product\/floral-weave-bracelet-50407\/#primaryimage","url":"https:\/\/static.purejewels.com\/wp-content\/uploads\/2025\/09\/SKU-50407.jpg","contentUrl":"https:\/\/static.purejewels.com\/wp-content\/uploads\/2025\/09\/SKU-50407.jpg","width":1000,"height":1000,"caption":"Floral Weave Bracelet"},{"@type":"BreadcrumbList","@id":"https:\/\/www.purejewels.com\/product\/floral-weave-bracelet-50407\/#breadcrumb","itemListElement":[{"@type":"ListItem","position":1,"name":"Home","item":"https:\/\/www.purejewels.com\/"},{"@type":"ListItem","position":2,"name":"Shop","item":"https:\/\/www.purejewels.com\/shop\/"},{"@type":"ListItem","position":3,"name":"Floral Weave Bracelet | 22ct Gold Rosette Collection"}]},{"@type":"WebSite","@id":"https:\/\/www.purejewels.com\/#website","url":"https:\/\/www.purejewels.com\/","name":"PureJewels \u0130ngiltere","description":"Sevgiyi Payla\u015f\u0131n","publisher":{"@id":"https:\/\/www.purejewels.com\/#organization"},"potentialAction":[{"@type":"SearchAction","target":{"@type":"EntryPoint","urlTemplate":"https:\/\/www.purejewels.com\/?s={search_term_string}"},"query-input":{"@type":"PropertyValueSpecification","valueRequired":true,"valueName":"search_term_string"}}],"inLanguage":"tr"},{"@type":"Organization","@id":"https:\/\/www.purejewels.com\/#organization","name":"PureJewels \u0130ngiltere","url":"https:\/\/www.purejewels.com\/","logo":{"@type":"ImageObject","inLanguage":"tr","@id":"https:\/\/www.purejewels.com\/#\/schema\/logo\/image\/","url":"https:\/\/static.purejewels.com\/wp-content\/uploads\/2020\/11\/Logo-PJ-New-1.png","contentUrl":"https:\/\/static.purejewels.com\/wp-content\/uploads\/2020\/11\/Logo-PJ-New-1.png","width":150,"height":80,"caption":"PureJewels UK"},"image":{"@id":"https:\/\/www.purejewels.com\/#\/schema\/logo\/image\/"}}]}},"_links":{"self":[{"href":"https:\/\/www.purejewels.com\/tr\/wp-json\/wp\/v2\/product\/415456","targetHints":{"allow":["GET"]}}],"collection":[{"href":"https:\/\/www.purejewels.com\/tr\/wp-json\/wp\/v2\/product"}],"about":[{"href":"https:\/\/www.purejewels.com\/tr\/wp-json\/wp\/v2\/types\/product"}],"replies":[{"embeddable":true,"href":"https:\/\/www.purejewels.com\/tr\/wp-json\/wp\/v2\/comments?post=415456"}],"version-history":[{"count":1,"href":"https:\/\/www.purejewels.com\/tr\/wp-json\/wp\/v2\/product\/415456\/revisions"}],"predecessor-version":[{"id":415459,"href":"https:\/\/www.purejewels.com\/tr\/wp-json\/wp\/v2\/product\/415456\/revisions\/415459"}],"wp:featuredmedia":[{"embeddable":true,"href":"https:\/\/www.purejewels.com\/tr\/wp-json\/wp\/v2\/media\/415457"}],"wp:attachment":[{"href":"https:\/\/www.purejewels.com\/tr\/wp-json\/wp\/v2\/media?parent=415456"}],"wp:term":[{"taxonomy":"product_brand","embeddable":true,"href":"https:\/\/www.purejewels.com\/tr\/wp-json\/wp\/v2\/product_brand?post=415456"},{"taxonomy":"product_cat","embeddable":true,"href":"https:\/\/www.purejewels.com\/tr\/wp-json\/wp\/v2\/product_cat?post=415456"},{"taxonomy":"product_tag","embeddable":true,"href":"https:\/\/www.purejewels.com\/tr\/wp-json\/wp\/v2\/product_tag?post=415456"}],"curies":[{"name":"wp","href":"https:\/\/api.w.org\/{rel}","templated":true}]}}