{"id":415576,"date":"2025-08-17T08:46:00","date_gmt":"2025-08-17T07:46:00","guid":{"rendered":"https:\/\/www.purejewels.com\/?post_type=product&#038;p=415576"},"modified":"2026-01-30T06:28:26","modified_gmt":"2026-01-30T06:28:26","slug":"armari-sakak-damla-kupe-22-ayar-altin-53021","status":"publish","type":"product","link":"https:\/\/www.purejewels.com\/tr\/product\/armari-temple-drop-earrings-22ct-gold-53021\/","title":{"rendered":"Armari Tap\u0131nak Damla K\u00fcpe - 22 Ayar Alt\u0131n"},"content":{"rendered":"<p data-start=\"501\" data-end=\"1029\">Bu <strong data-start=\"505\" data-end=\"536\">Armari Tap\u0131nak Damla K\u00fcpe<\/strong> Antik z\u0131rhlardan ve kutsal motiflerden ilham alarak hem dayan\u0131kl\u0131l\u0131\u011f\u0131 hem de g\u00fczelli\u011fi yans\u0131tacak \u015fekilde \u00fcretilmi\u015ftir. Her bir k\u00fcpe, ince boncuklu detaylarla \u00e7er\u00e7evelenmi\u015f merkezi gran\u00fcl madalyon ile 22 ayar parlak alt\u0131ndan titizlikle \u015fekillendirilmi\u015ftir. \u00dc\u00e7 adet parlat\u0131lm\u0131\u015f alt\u0131n k\u00fcre a\u015fa\u011f\u0131da hafif\u00e7e sal\u0131narak tasar\u0131ma hareket ve zarafet kat\u0131yor. \u00dcstteki hilal ve g\u00f6zya\u015f\u0131 damlas\u0131 motifi, geleneksel kalkanlar\u0131n koruyucu formlar\u0131n\u0131 yans\u0131t\u0131rken, g\u00fc\u00e7lendirme ve k\u00fclt\u00fcrel mirastan bahseden bir m\u00fccevher par\u00e7as\u0131na d\u00f6n\u00fc\u015ft\u00fcr\u00fclm\u00fc\u015ft\u00fcr.<\/p>\n<p data-start=\"1031\" data-end=\"1402\">Armari koleksiyonunun bir par\u00e7as\u0131 olan bu k\u00fcpeler, at\u00f6lyemizin el i\u015f\u00e7ili\u011finde m\u00fckemmelli\u011fe olan ba\u011fl\u0131l\u0131\u011f\u0131n\u0131 yans\u0131tmaktad\u0131r. Nesiller boyunca aktar\u0131lan geleneksel teknikler kullan\u0131larak yarat\u0131lan bu k\u00fcpeler, hem \u00f6zg\u00fcn hem de kal\u0131c\u0131 bir tasar\u0131m sa\u011flar. G\u00f6steri\u015fli bir par\u00e7a olan bu k\u00fcpeler t\u00f6renler, d\u00fc\u011f\u00fcnler veya hayat\u0131n d\u00f6n\u00fcm noktalar\u0131n\u0131 anlam ve sanatla kutlamak i\u00e7in m\u00fckemmeldir.<\/p>","protected":false},"excerpt":{"rendered":"<div class=\"woocommerce-product-details__short-description\">\n<p data-start=\"174\" data-end=\"459\">Armari Tap\u0131nak Damla K\u00fcpeleri miras ve i\u015f\u00e7ili\u011fin bir kutlamas\u0131d\u0131r. El i\u015f\u00e7ili\u011fiyle 22 ayar alt\u0131ndan \u00fcretilen bu k\u00fcpelerde s\u00fcsl\u00fc gran\u00fclasyon, dairesel motifler ve narin sarkan boncuklar bulunur. G\u00fc\u00e7 ve zarafeti \u00e7a\u011fr\u0131\u015ft\u0131rmak i\u00e7in tasarlanan bu k\u00fcpeler, her duruma zamans\u0131z bir sanat kat\u0131yor.<\/p>\n<\/div>\n<div>\n<p><strong>Malzeme:<\/strong> 22 Ayar Alt\u0131n (91,6% Saf Alt\u0131n)<br \/>\n<strong>Biti\u015f<\/strong>: Antik Kaplama<br \/>\n<strong>Hallmark:<\/strong>\u00a0\u0130ngiliz Damgas\u0131<br \/>\n<strong>SKU:<\/strong> 53021<br \/>\n<strong>Br\u00fct A\u011f\u0131rl\u0131k:<\/strong> 9.90 Gms<br data-start=\"779\" data-end=\"782\" \/><strong data-start=\"782\" data-end=\"799\">\u015eunlar i\u00e7in uygundur:<\/strong> \u00d6zel g\u00fcn giyimi<\/p>\n<p><strong>Fiyat ve Teslimat:<\/strong>\u00a0KDV ve teslimat \u00fccretleri dahil<br \/>\n<a href=\"https:\/\/www.purejewels.com\/tr\/i%cc%87ade-poli%cc%87ti%cc%87kasi\/\"><strong>\u0130ade Politikas\u0131<\/strong><\/a><\/p>\n<\/div>\n<div class=\"btn-atc atc-slide\"><\/div>\n<div class=\"product_meta\"><\/div>","protected":false},"featured_media":415579,"comment_status":"closed","ping_status":"closed","template":"","meta":{"_eb_attr":"","_crsspst_to_jayantr4sg-hostcom":false},"product_brand":[],"product_cat":[1791,245,6144,5639,236,1685,5701,1792,1254,1229,1573,1574,5349],"product_tag":[66],"class_list":{"0":"post-415576","1":"product","2":"type-product","3":"status-publish","4":"has-post-thumbnail","6":"product_cat-anniversary-gifts","7":"product_cat-armari-collections","8":"product_cat-armari-drop-earrings","9":"product_cat-armari-earring","10":"product_cat-collections","11":"product_cat-drop-earrings","12":"product_cat-eid-jewellery","13":"product_cat-festival-gifts","14":"product_cat-gold-earrings","15":"product_cat-22ct-gold-jewellery","16":"product_cat-wedding-gifts","17":"product_cat-womens-jewellery","18":"product_cat-yellow-gold-jewellery","19":"product_tag-earrings","21":"first","22":"instock","23":"taxable","24":"shipping-taxable","25":"purchasable","26":"product-type-simple","27":"add-to-wishlist-before_image"},"yoast_head":"<!-- This site is optimized with the Yoast SEO plugin v27.5 - https:\/\/yoast.com\/product\/yoast-seo-wordpress\/ -->\n<title>Armari Temple Drop Earrings \u2013 22ct Gold | PureJewels UK<\/title>\n<meta name=\"description\" content=\"Shop the Armari Temple Drop Earrings from PureJewels\u2019 Armari Collection. Crafted in 22ct gold with granulation and beaded drops.\" \/>\n<meta name=\"robots\" content=\"index, follow, max-snippet:-1, max-image-preview:large, max-video-preview:-1\" \/>\n<link rel=\"canonical\" href=\"https:\/\/www.purejewels.com\/tr\/urun\/armari-sakak-damla-kupe-22-ayar-altin-53021\/\" \/>\n<meta property=\"og:locale\" content=\"tr_TR\" \/>\n<meta property=\"og:type\" content=\"article\" \/>\n<meta property=\"og:title\" content=\"Armari Temple Drop Earrings \u2013 22ct Gold | PureJewels UK\" \/>\n<meta property=\"og:description\" content=\"Shop the Armari Temple Drop Earrings from PureJewels\u2019 Armari Collection. Crafted in 22ct gold with granulation and beaded drops.\" \/>\n<meta property=\"og:url\" content=\"https:\/\/www.purejewels.com\/tr\/urun\/armari-sakak-damla-kupe-22-ayar-altin-53021\/\" \/>\n<meta property=\"og:site_name\" content=\"PureJewels UK\" \/>\n<meta property=\"article:modified_time\" content=\"2026-01-30T06:28:26+00:00\" \/>\n<meta property=\"og:image\" content=\"https:\/\/static.purejewels.com\/wp-content\/uploads\/2025\/09\/SKU-53021-1.jpg\" \/>\n\t<meta property=\"og:image:width\" content=\"1000\" \/>\n\t<meta property=\"og:image:height\" content=\"1000\" \/>\n\t<meta property=\"og:image:type\" content=\"image\/jpeg\" \/>\n<meta name=\"twitter:card\" content=\"summary_large_image\" \/>\n<meta name=\"twitter:label1\" content=\"Tahmini okuma s\u00fcresi\" \/>\n\t<meta name=\"twitter:data1\" content=\"1 dakika\" \/>\n<script type=\"application\/ld+json\" class=\"yoast-schema-graph\">{\"@context\":\"https:\\\/\\\/schema.org\",\"@graph\":[{\"@type\":[\"WebPage\",\"ItemPage\"],\"@id\":\"https:\\\/\\\/www.purejewels.com\\\/product\\\/armari-temple-drop-earrings-22ct-gold-53021\\\/\",\"url\":\"https:\\\/\\\/www.purejewels.com\\\/product\\\/armari-temple-drop-earrings-22ct-gold-53021\\\/\",\"name\":\"Armari Temple Drop Earrings \u2013 22ct Gold | PureJewels UK\",\"isPartOf\":{\"@id\":\"https:\\\/\\\/www.purejewels.com\\\/#website\"},\"primaryImageOfPage\":{\"@id\":\"https:\\\/\\\/www.purejewels.com\\\/product\\\/armari-temple-drop-earrings-22ct-gold-53021\\\/#primaryimage\"},\"image\":{\"@id\":\"https:\\\/\\\/www.purejewels.com\\\/product\\\/armari-temple-drop-earrings-22ct-gold-53021\\\/#primaryimage\"},\"thumbnailUrl\":\"https:\\\/\\\/static.purejewels.com\\\/wp-content\\\/uploads\\\/2025\\\/09\\\/SKU-53021-1.jpg\",\"datePublished\":\"2025-08-17T07:46:00+00:00\",\"dateModified\":\"2026-01-30T06:28:26+00:00\",\"description\":\"Shop the Armari Temple Drop Earrings from PureJewels\u2019 Armari Collection. Crafted in 22ct gold with granulation and beaded drops.\",\"breadcrumb\":{\"@id\":\"https:\\\/\\\/www.purejewels.com\\\/product\\\/armari-temple-drop-earrings-22ct-gold-53021\\\/#breadcrumb\"},\"inLanguage\":\"tr\",\"potentialAction\":[{\"@type\":\"ReadAction\",\"target\":[\"https:\\\/\\\/www.purejewels.com\\\/product\\\/armari-temple-drop-earrings-22ct-gold-53021\\\/\"]}]},{\"@type\":\"ImageObject\",\"inLanguage\":\"tr\",\"@id\":\"https:\\\/\\\/www.purejewels.com\\\/product\\\/armari-temple-drop-earrings-22ct-gold-53021\\\/#primaryimage\",\"url\":\"https:\\\/\\\/static.purejewels.com\\\/wp-content\\\/uploads\\\/2025\\\/09\\\/SKU-53021-1.jpg\",\"contentUrl\":\"https:\\\/\\\/static.purejewels.com\\\/wp-content\\\/uploads\\\/2025\\\/09\\\/SKU-53021-1.jpg\",\"width\":1000,\"height\":1000,\"caption\":\"Armari Temple Drop Earrings \u2013 22ct Gold\"},{\"@type\":\"BreadcrumbList\",\"@id\":\"https:\\\/\\\/www.purejewels.com\\\/product\\\/armari-temple-drop-earrings-22ct-gold-53021\\\/#breadcrumb\",\"itemListElement\":[{\"@type\":\"ListItem\",\"position\":1,\"name\":\"Home\",\"item\":\"https:\\\/\\\/www.purejewels.com\\\/\"},{\"@type\":\"ListItem\",\"position\":2,\"name\":\"Shop\",\"item\":\"https:\\\/\\\/www.purejewels.com\\\/shop\\\/\"},{\"@type\":\"ListItem\",\"position\":3,\"name\":\"Armari Temple Drop Earrings \u2013 22ct Gold\"}]},{\"@type\":\"WebSite\",\"@id\":\"https:\\\/\\\/www.purejewels.com\\\/#website\",\"url\":\"https:\\\/\\\/www.purejewels.com\\\/\",\"name\":\"PureJewels UK\",\"description\":\"Share the Love\",\"publisher\":{\"@id\":\"https:\\\/\\\/www.purejewels.com\\\/#organization\"},\"potentialAction\":[{\"@type\":\"SearchAction\",\"target\":{\"@type\":\"EntryPoint\",\"urlTemplate\":\"https:\\\/\\\/www.purejewels.com\\\/?s={search_term_string}\"},\"query-input\":{\"@type\":\"PropertyValueSpecification\",\"valueRequired\":true,\"valueName\":\"search_term_string\"}}],\"inLanguage\":\"tr\"},{\"@type\":\"Organization\",\"@id\":\"https:\\\/\\\/www.purejewels.com\\\/#organization\",\"name\":\"PureJewels UK\",\"url\":\"https:\\\/\\\/www.purejewels.com\\\/\",\"logo\":{\"@type\":\"ImageObject\",\"inLanguage\":\"tr\",\"@id\":\"https:\\\/\\\/www.purejewels.com\\\/#\\\/schema\\\/logo\\\/image\\\/\",\"url\":\"https:\\\/\\\/static.purejewels.com\\\/wp-content\\\/uploads\\\/2020\\\/11\\\/Logo-PJ-New-1.png\",\"contentUrl\":\"https:\\\/\\\/static.purejewels.com\\\/wp-content\\\/uploads\\\/2020\\\/11\\\/Logo-PJ-New-1.png\",\"width\":150,\"height\":80,\"caption\":\"PureJewels UK\"},\"image\":{\"@id\":\"https:\\\/\\\/www.purejewels.com\\\/#\\\/schema\\\/logo\\\/image\\\/\"}}]}<\/script>\n<!-- \/ Yoast SEO plugin. -->","yoast_head_json":{"title":"Armari Tap\u0131nak Damla K\u00fcpe - 22 Ayar Alt\u0131n | PureJewels UK","description":"PureJewels'in Armari Koleksiyonu'ndan Armari Temple Damla K\u00fcpeleri sat\u0131n al\u0131n. Gran\u00fclasyon ve boncuklu damlalarla 22 ayar alt\u0131ndan \u00fcretilmi\u015ftir.","robots":{"index":"index","follow":"follow","max-snippet":"max-snippet:-1","max-image-preview":"max-image-preview:large","max-video-preview":"max-video-preview:-1"},"canonical":"https:\/\/www.purejewels.com\/tr\/urun\/armari-sakak-damla-kupe-22-ayar-altin-53021\/","og_locale":"tr_TR","og_type":"article","og_title":"Armari Temple Drop Earrings \u2013 22ct Gold | PureJewels UK","og_description":"Shop the Armari Temple Drop Earrings from PureJewels\u2019 Armari Collection. Crafted in 22ct gold with granulation and beaded drops.","og_url":"https:\/\/www.purejewels.com\/tr\/urun\/armari-sakak-damla-kupe-22-ayar-altin-53021\/","og_site_name":"PureJewels UK","article_modified_time":"2026-01-30T06:28:26+00:00","og_image":[{"width":1000,"height":1000,"url":"https:\/\/static.purejewels.com\/wp-content\/uploads\/2025\/09\/SKU-53021-1.jpg","type":"image\/jpeg"}],"twitter_card":"summary_large_image","twitter_misc":{"Tahmini okuma s\u00fcresi":"1 dakika"},"schema":{"@context":"https:\/\/schema.org","@graph":[{"@type":["WebPage","ItemPage"],"@id":"https:\/\/www.purejewels.com\/product\/armari-temple-drop-earrings-22ct-gold-53021\/","url":"https:\/\/www.purejewels.com\/product\/armari-temple-drop-earrings-22ct-gold-53021\/","name":"Armari Tap\u0131nak Damla K\u00fcpe - 22 Ayar Alt\u0131n | PureJewels UK","isPartOf":{"@id":"https:\/\/www.purejewels.com\/#website"},"primaryImageOfPage":{"@id":"https:\/\/www.purejewels.com\/product\/armari-temple-drop-earrings-22ct-gold-53021\/#primaryimage"},"image":{"@id":"https:\/\/www.purejewels.com\/product\/armari-temple-drop-earrings-22ct-gold-53021\/#primaryimage"},"thumbnailUrl":"https:\/\/static.purejewels.com\/wp-content\/uploads\/2025\/09\/SKU-53021-1.jpg","datePublished":"2025-08-17T07:46:00+00:00","dateModified":"2026-01-30T06:28:26+00:00","description":"PureJewels'in Armari Koleksiyonu'ndan Armari Temple Damla K\u00fcpeleri sat\u0131n al\u0131n. Gran\u00fclasyon ve boncuklu damlalarla 22 ayar alt\u0131ndan \u00fcretilmi\u015ftir.","breadcrumb":{"@id":"https:\/\/www.purejewels.com\/product\/armari-temple-drop-earrings-22ct-gold-53021\/#breadcrumb"},"inLanguage":"tr","potentialAction":[{"@type":"ReadAction","target":["https:\/\/www.purejewels.com\/product\/armari-temple-drop-earrings-22ct-gold-53021\/"]}]},{"@type":"ImageObject","inLanguage":"tr","@id":"https:\/\/www.purejewels.com\/product\/armari-temple-drop-earrings-22ct-gold-53021\/#primaryimage","url":"https:\/\/static.purejewels.com\/wp-content\/uploads\/2025\/09\/SKU-53021-1.jpg","contentUrl":"https:\/\/static.purejewels.com\/wp-content\/uploads\/2025\/09\/SKU-53021-1.jpg","width":1000,"height":1000,"caption":"Armari Temple Drop Earrings \u2013 22ct Gold"},{"@type":"BreadcrumbList","@id":"https:\/\/www.purejewels.com\/product\/armari-temple-drop-earrings-22ct-gold-53021\/#breadcrumb","itemListElement":[{"@type":"ListItem","position":1,"name":"Home","item":"https:\/\/www.purejewels.com\/"},{"@type":"ListItem","position":2,"name":"Shop","item":"https:\/\/www.purejewels.com\/shop\/"},{"@type":"ListItem","position":3,"name":"Armari Temple Drop Earrings \u2013 22ct Gold"}]},{"@type":"WebSite","@id":"https:\/\/www.purejewels.com\/#website","url":"https:\/\/www.purejewels.com\/","name":"PureJewels \u0130ngiltere","description":"Sevgiyi Payla\u015f\u0131n","publisher":{"@id":"https:\/\/www.purejewels.com\/#organization"},"potentialAction":[{"@type":"SearchAction","target":{"@type":"EntryPoint","urlTemplate":"https:\/\/www.purejewels.com\/?s={search_term_string}"},"query-input":{"@type":"PropertyValueSpecification","valueRequired":true,"valueName":"search_term_string"}}],"inLanguage":"tr"},{"@type":"Organization","@id":"https:\/\/www.purejewels.com\/#organization","name":"PureJewels \u0130ngiltere","url":"https:\/\/www.purejewels.com\/","logo":{"@type":"ImageObject","inLanguage":"tr","@id":"https:\/\/www.purejewels.com\/#\/schema\/logo\/image\/","url":"https:\/\/static.purejewels.com\/wp-content\/uploads\/2020\/11\/Logo-PJ-New-1.png","contentUrl":"https:\/\/static.purejewels.com\/wp-content\/uploads\/2020\/11\/Logo-PJ-New-1.png","width":150,"height":80,"caption":"PureJewels UK"},"image":{"@id":"https:\/\/www.purejewels.com\/#\/schema\/logo\/image\/"}}]}},"_links":{"self":[{"href":"https:\/\/www.purejewels.com\/tr\/wp-json\/wp\/v2\/product\/415576","targetHints":{"allow":["GET"]}}],"collection":[{"href":"https:\/\/www.purejewels.com\/tr\/wp-json\/wp\/v2\/product"}],"about":[{"href":"https:\/\/www.purejewels.com\/tr\/wp-json\/wp\/v2\/types\/product"}],"replies":[{"embeddable":true,"href":"https:\/\/www.purejewels.com\/tr\/wp-json\/wp\/v2\/comments?post=415576"}],"version-history":[{"count":1,"href":"https:\/\/www.purejewels.com\/tr\/wp-json\/wp\/v2\/product\/415576\/revisions"}],"predecessor-version":[{"id":415580,"href":"https:\/\/www.purejewels.com\/tr\/wp-json\/wp\/v2\/product\/415576\/revisions\/415580"}],"wp:featuredmedia":[{"embeddable":true,"href":"https:\/\/www.purejewels.com\/tr\/wp-json\/wp\/v2\/media\/415579"}],"wp:attachment":[{"href":"https:\/\/www.purejewels.com\/tr\/wp-json\/wp\/v2\/media?parent=415576"}],"wp:term":[{"taxonomy":"product_brand","embeddable":true,"href":"https:\/\/www.purejewels.com\/tr\/wp-json\/wp\/v2\/product_brand?post=415576"},{"taxonomy":"product_cat","embeddable":true,"href":"https:\/\/www.purejewels.com\/tr\/wp-json\/wp\/v2\/product_cat?post=415576"},{"taxonomy":"product_tag","embeddable":true,"href":"https:\/\/www.purejewels.com\/tr\/wp-json\/wp\/v2\/product_tag?post=415576"}],"curies":[{"name":"wp","href":"https:\/\/api.w.org\/{rel}","templated":true}]}}