{"id":415586,"date":"2026-01-05T10:23:31","date_gmt":"2026-01-05T10:23:31","guid":{"rendered":"https:\/\/www.purejewels.com\/?post_type=product&#038;p=415586"},"modified":"2026-01-21T07:51:00","modified_gmt":"2026-01-21T07:51:00","slug":"armari-chand-bali%cc%87-kupe-22-ayar-altin-53022","status":"publish","type":"product","link":"https:\/\/www.purejewels.com\/tr\/product\/armari-chand-bali-earrings-22ct-gold-53022\/","title":{"rendered":"Armari Chand Bali K\u00fcpe - 22 Ayar Alt\u0131n"},"content":{"rendered":"<p data-start=\"460\" data-end=\"849\">Bu <strong data-start=\"464\" data-end=\"494\">Armari Chand Bali K\u00fcpe<\/strong> G\u00fcney Asya m\u00fccevher miras\u0131na derinlemesine k\u00f6k salm\u0131\u015f bir \u015fekil olan hilal formunun g\u00fczelli\u011fini yakalay\u0131n. I\u015f\u0131lt\u0131l\u0131 22 ayar alt\u0131ndan el i\u015f\u00e7ili\u011fiyle \u00fcretilen her bir \u00e7ift, koruma ve zarafeti simgeleyen \u00e7i\u00e7ekli telkari detaylara sahip karma\u015f\u0131k bir yuvarlak madalyona sahiptir. Alt hilal, tasar\u0131ma hem yap\u0131 hem de g\u00fc\u00e7 veren cesur geometrik motiflerle zenginle\u015ftirilmi\u015ftir.<\/p>\n<p data-start=\"851\" data-end=\"1265\">Armari Koleksiyonu'nun bir par\u00e7as\u0131 olan bu k\u00fcpeler, tarihin kalkanlar\u0131ndan ve z\u0131rhlar\u0131ndan ilham alarak m\u00fccevherin zarif diliyle yeniden yorumlanm\u0131\u015ft\u0131r. Telkari ve dokulu alt\u0131n\u0131n etkile\u015fimi hafiflik ve derinlik yarat\u0131rken, el yap\u0131m\u0131 kaplama at\u00f6lyemizin adanm\u0131\u015fl\u0131\u011f\u0131n\u0131 yans\u0131t\u0131yor. Yadig\u00e2ra lay\u0131k bir par\u00e7a olan Chand Bali tasar\u0131m\u0131 zarafet, g\u00fc\u00e7 ve kal\u0131c\u0131 sanat\u0131 bir araya getiriyor.<\/p>","protected":false},"excerpt":{"rendered":"<div class=\"woocommerce-product-details__short-description\">\n<p data-start=\"174\" data-end=\"459\">Armari Chand Bali K\u00fcpeler gelenek ve sanat\u0131n \u0131\u015f\u0131lt\u0131l\u0131 bir ifadesidir. El i\u015f\u00e7ili\u011fiyle 22 ayar alt\u0131ndan \u00fcretilen bu k\u00fcpeler, dokulu bir hilalin \u00fczerinde dairesel bir madalyon ile a\u00e7\u0131k telkari i\u015f\u00e7ili\u011fine sahiptir. Zamans\u0131z bir tasar\u0131m olan bu k\u00fcpeler, g\u00fc\u00e7 ile zarafeti dengeleyerek bayram ve t\u00f6ren g\u00fcnleri i\u00e7in m\u00fckemmeldir.<\/p>\n<\/div>\n<div>\n<p><strong>Malzeme:<\/strong> 22 Ayar Alt\u0131n (91,6% Saf Alt\u0131n)<br \/>\n<strong>Biti\u015f<\/strong>: Antik Kaplama<br \/>\n<strong>Hallmark:<\/strong>\u00a0\u0130ngiliz Damgas\u0131<br \/>\n<strong>SKU:<\/strong> 53022<br \/>\n<strong>Br\u00fct A\u011f\u0131rl\u0131k:<\/strong> 7.06 Gms<br data-start=\"779\" data-end=\"782\" \/><strong data-start=\"782\" data-end=\"799\">\u015eunlar i\u00e7in uygundur:<\/strong> \u00d6zel g\u00fcn giyimi<\/p>\n<p><strong>Fiyat ve Teslimat:<\/strong>\u00a0KDV ve teslimat \u00fccretleri dahil<br \/>\n<a href=\"https:\/\/www.purejewels.com\/tr\/i%cc%87ade-poli%cc%87ti%cc%87kasi\/\"><strong>\u0130ade Politikas\u0131<\/strong><\/a><\/p>\n<\/div>\n<div class=\"btn-atc atc-slide\"><\/div>\n<div class=\"product_meta\"><\/div>","protected":false},"featured_media":415588,"comment_status":"closed","ping_status":"closed","template":"","meta":{"_eb_attr":"","_crsspst_to_jayantr4sg-hostcom":false},"product_brand":[],"product_cat":[1791,245,6144,5639,5657,236,5701,1792,1254,1229,1573,1574,5349],"product_tag":[66],"class_list":{"0":"post-415586","1":"product","2":"type-product","3":"status-publish","4":"has-post-thumbnail","6":"product_cat-anniversary-gifts","7":"product_cat-armari-collections","8":"product_cat-armari-drop-earrings","9":"product_cat-armari-earring","10":"product_cat-chand-bali","11":"product_cat-collections","12":"product_cat-eid-jewellery","13":"product_cat-festival-gifts","14":"product_cat-gold-earrings","15":"product_cat-22ct-gold-jewellery","16":"product_cat-wedding-gifts","17":"product_cat-womens-jewellery","18":"product_cat-yellow-gold-jewellery","19":"product_tag-earrings","21":"first","22":"outofstock","23":"taxable","24":"shipping-taxable","25":"product-type-simple","26":"add-to-wishlist-before_image"},"yoast_head":"<!-- This site is optimized with the Yoast SEO plugin v27.3 - https:\/\/yoast.com\/product\/yoast-seo-wordpress\/ -->\n<title>Armari Chand Bali Earrings \u2013 22ct Gold | PureJewels UK<\/title>\n<meta name=\"description\" content=\"Shop the Armari Chand Bali Earrings from PureJewels\u2019 Armari Collection. Handcrafted in 22ct gold with filigree and crescent motifs, this pair celebrates heritage.\" \/>\n<meta name=\"robots\" content=\"index, follow, max-snippet:-1, max-image-preview:large, max-video-preview:-1\" \/>\n<link rel=\"canonical\" href=\"https:\/\/www.purejewels.com\/tr\/urun\/armari-chand-bali\u0307-kupe-22-ayar-altin-53022\/\" \/>\n<meta property=\"og:locale\" content=\"tr_TR\" \/>\n<meta property=\"og:type\" content=\"article\" \/>\n<meta property=\"og:title\" content=\"Armari Chand Bali Earrings \u2013 22ct Gold | PureJewels UK\" \/>\n<meta property=\"og:description\" content=\"Shop the Armari Chand Bali Earrings from PureJewels\u2019 Armari Collection. Handcrafted in 22ct gold with filigree and crescent motifs, this pair celebrates heritage.\" \/>\n<meta property=\"og:url\" content=\"https:\/\/www.purejewels.com\/tr\/urun\/armari-chand-bali\u0307-kupe-22-ayar-altin-53022\/\" \/>\n<meta property=\"og:site_name\" content=\"PureJewels UK\" \/>\n<meta property=\"article:modified_time\" content=\"2026-01-21T07:51:00+00:00\" \/>\n<meta property=\"og:image\" content=\"https:\/\/static.purejewels.com\/wp-content\/uploads\/2025\/09\/SKU-53022.jpg\" \/>\n\t<meta property=\"og:image:width\" content=\"1000\" \/>\n\t<meta property=\"og:image:height\" content=\"1000\" \/>\n\t<meta property=\"og:image:type\" content=\"image\/jpeg\" \/>\n<meta name=\"twitter:card\" content=\"summary_large_image\" \/>\n<meta name=\"twitter:label1\" content=\"Tahmini okuma s\u00fcresi\" \/>\n\t<meta name=\"twitter:data1\" content=\"1 dakika\" \/>\n<script type=\"application\/ld+json\" class=\"yoast-schema-graph\">{\"@context\":\"https:\\\/\\\/schema.org\",\"@graph\":[{\"@type\":[\"WebPage\",\"ItemPage\"],\"@id\":\"https:\\\/\\\/www.purejewels.com\\\/product\\\/armari-chand-bali-earrings-22ct-gold-53022\\\/\",\"url\":\"https:\\\/\\\/www.purejewels.com\\\/product\\\/armari-chand-bali-earrings-22ct-gold-53022\\\/\",\"name\":\"Armari Chand Bali Earrings \u2013 22ct Gold | PureJewels UK\",\"isPartOf\":{\"@id\":\"https:\\\/\\\/www.purejewels.com\\\/#website\"},\"primaryImageOfPage\":{\"@id\":\"https:\\\/\\\/www.purejewels.com\\\/product\\\/armari-chand-bali-earrings-22ct-gold-53022\\\/#primaryimage\"},\"image\":{\"@id\":\"https:\\\/\\\/www.purejewels.com\\\/product\\\/armari-chand-bali-earrings-22ct-gold-53022\\\/#primaryimage\"},\"thumbnailUrl\":\"https:\\\/\\\/static.purejewels.com\\\/wp-content\\\/uploads\\\/2025\\\/09\\\/SKU-53022.jpg\",\"datePublished\":\"2026-01-05T10:23:31+00:00\",\"dateModified\":\"2026-01-21T07:51:00+00:00\",\"description\":\"Shop the Armari Chand Bali Earrings from PureJewels\u2019 Armari Collection. Handcrafted in 22ct gold with filigree and crescent motifs, this pair celebrates heritage.\",\"breadcrumb\":{\"@id\":\"https:\\\/\\\/www.purejewels.com\\\/product\\\/armari-chand-bali-earrings-22ct-gold-53022\\\/#breadcrumb\"},\"inLanguage\":\"tr\",\"potentialAction\":[{\"@type\":\"ReadAction\",\"target\":[\"https:\\\/\\\/www.purejewels.com\\\/product\\\/armari-chand-bali-earrings-22ct-gold-53022\\\/\"]}]},{\"@type\":\"ImageObject\",\"inLanguage\":\"tr\",\"@id\":\"https:\\\/\\\/www.purejewels.com\\\/product\\\/armari-chand-bali-earrings-22ct-gold-53022\\\/#primaryimage\",\"url\":\"https:\\\/\\\/static.purejewels.com\\\/wp-content\\\/uploads\\\/2025\\\/09\\\/SKU-53022.jpg\",\"contentUrl\":\"https:\\\/\\\/static.purejewels.com\\\/wp-content\\\/uploads\\\/2025\\\/09\\\/SKU-53022.jpg\",\"width\":1000,\"height\":1000,\"caption\":\"Stacked from 18 images. Method=B (R=8,S=4)\"},{\"@type\":\"BreadcrumbList\",\"@id\":\"https:\\\/\\\/www.purejewels.com\\\/product\\\/armari-chand-bali-earrings-22ct-gold-53022\\\/#breadcrumb\",\"itemListElement\":[{\"@type\":\"ListItem\",\"position\":1,\"name\":\"Home\",\"item\":\"https:\\\/\\\/www.purejewels.com\\\/\"},{\"@type\":\"ListItem\",\"position\":2,\"name\":\"Shop\",\"item\":\"https:\\\/\\\/www.purejewels.com\\\/shop\\\/\"},{\"@type\":\"ListItem\",\"position\":3,\"name\":\"Armari Chand Bali Earrings \u2013 22ct Gold\"}]},{\"@type\":\"WebSite\",\"@id\":\"https:\\\/\\\/www.purejewels.com\\\/#website\",\"url\":\"https:\\\/\\\/www.purejewels.com\\\/\",\"name\":\"PureJewels UK\",\"description\":\"Share the Love\",\"publisher\":{\"@id\":\"https:\\\/\\\/www.purejewels.com\\\/#organization\"},\"potentialAction\":[{\"@type\":\"SearchAction\",\"target\":{\"@type\":\"EntryPoint\",\"urlTemplate\":\"https:\\\/\\\/www.purejewels.com\\\/?s={search_term_string}\"},\"query-input\":{\"@type\":\"PropertyValueSpecification\",\"valueRequired\":true,\"valueName\":\"search_term_string\"}}],\"inLanguage\":\"tr\"},{\"@type\":\"Organization\",\"@id\":\"https:\\\/\\\/www.purejewels.com\\\/#organization\",\"name\":\"PureJewels UK\",\"url\":\"https:\\\/\\\/www.purejewels.com\\\/\",\"logo\":{\"@type\":\"ImageObject\",\"inLanguage\":\"tr\",\"@id\":\"https:\\\/\\\/www.purejewels.com\\\/#\\\/schema\\\/logo\\\/image\\\/\",\"url\":\"https:\\\/\\\/static.purejewels.com\\\/wp-content\\\/uploads\\\/2020\\\/11\\\/Logo-PJ-New-1.png\",\"contentUrl\":\"https:\\\/\\\/static.purejewels.com\\\/wp-content\\\/uploads\\\/2020\\\/11\\\/Logo-PJ-New-1.png\",\"width\":150,\"height\":80,\"caption\":\"PureJewels UK\"},\"image\":{\"@id\":\"https:\\\/\\\/www.purejewels.com\\\/#\\\/schema\\\/logo\\\/image\\\/\"}}]}<\/script>\n<!-- \/ Yoast SEO plugin. -->","yoast_head_json":{"title":"Armari Chand Bali K\u00fcpe - 22 Ayar Alt\u0131n | PureJewels UK","description":"PureJewels'in Armari Koleksiyonundan Armari Chand Bali K\u00fcpeleri sat\u0131n al\u0131n. Telkari ve hilal motifleriyle 22 ayar alt\u0131ndan el yap\u0131m\u0131 olarak \u00fcretilen bu \u00e7ift, miras\u0131 kutluyor.","robots":{"index":"index","follow":"follow","max-snippet":"max-snippet:-1","max-image-preview":"max-image-preview:large","max-video-preview":"max-video-preview:-1"},"canonical":"https:\/\/www.purejewels.com\/tr\/urun\/armari-chand-bali\u0307-kupe-22-ayar-altin-53022\/","og_locale":"tr_TR","og_type":"article","og_title":"Armari Chand Bali Earrings \u2013 22ct Gold | PureJewels UK","og_description":"Shop the Armari Chand Bali Earrings from PureJewels\u2019 Armari Collection. Handcrafted in 22ct gold with filigree and crescent motifs, this pair celebrates heritage.","og_url":"https:\/\/www.purejewels.com\/tr\/urun\/armari-chand-bali\u0307-kupe-22-ayar-altin-53022\/","og_site_name":"PureJewels UK","article_modified_time":"2026-01-21T07:51:00+00:00","og_image":[{"width":1000,"height":1000,"url":"https:\/\/static.purejewels.com\/wp-content\/uploads\/2025\/09\/SKU-53022.jpg","type":"image\/jpeg"}],"twitter_card":"summary_large_image","twitter_misc":{"Tahmini okuma s\u00fcresi":"1 dakika"},"schema":{"@context":"https:\/\/schema.org","@graph":[{"@type":["WebPage","ItemPage"],"@id":"https:\/\/www.purejewels.com\/product\/armari-chand-bali-earrings-22ct-gold-53022\/","url":"https:\/\/www.purejewels.com\/product\/armari-chand-bali-earrings-22ct-gold-53022\/","name":"Armari Chand Bali K\u00fcpe - 22 Ayar Alt\u0131n | PureJewels UK","isPartOf":{"@id":"https:\/\/www.purejewels.com\/#website"},"primaryImageOfPage":{"@id":"https:\/\/www.purejewels.com\/product\/armari-chand-bali-earrings-22ct-gold-53022\/#primaryimage"},"image":{"@id":"https:\/\/www.purejewels.com\/product\/armari-chand-bali-earrings-22ct-gold-53022\/#primaryimage"},"thumbnailUrl":"https:\/\/static.purejewels.com\/wp-content\/uploads\/2025\/09\/SKU-53022.jpg","datePublished":"2026-01-05T10:23:31+00:00","dateModified":"2026-01-21T07:51:00+00:00","description":"PureJewels'in Armari Koleksiyonundan Armari Chand Bali K\u00fcpeleri sat\u0131n al\u0131n. Telkari ve hilal motifleriyle 22 ayar alt\u0131ndan el yap\u0131m\u0131 olarak \u00fcretilen bu \u00e7ift, miras\u0131 kutluyor.","breadcrumb":{"@id":"https:\/\/www.purejewels.com\/product\/armari-chand-bali-earrings-22ct-gold-53022\/#breadcrumb"},"inLanguage":"tr","potentialAction":[{"@type":"ReadAction","target":["https:\/\/www.purejewels.com\/product\/armari-chand-bali-earrings-22ct-gold-53022\/"]}]},{"@type":"ImageObject","inLanguage":"tr","@id":"https:\/\/www.purejewels.com\/product\/armari-chand-bali-earrings-22ct-gold-53022\/#primaryimage","url":"https:\/\/static.purejewels.com\/wp-content\/uploads\/2025\/09\/SKU-53022.jpg","contentUrl":"https:\/\/static.purejewels.com\/wp-content\/uploads\/2025\/09\/SKU-53022.jpg","width":1000,"height":1000,"caption":"Stacked from 18 images. Method=B (R=8,S=4)"},{"@type":"BreadcrumbList","@id":"https:\/\/www.purejewels.com\/product\/armari-chand-bali-earrings-22ct-gold-53022\/#breadcrumb","itemListElement":[{"@type":"ListItem","position":1,"name":"Home","item":"https:\/\/www.purejewels.com\/"},{"@type":"ListItem","position":2,"name":"Shop","item":"https:\/\/www.purejewels.com\/shop\/"},{"@type":"ListItem","position":3,"name":"Armari Chand Bali Earrings \u2013 22ct Gold"}]},{"@type":"WebSite","@id":"https:\/\/www.purejewels.com\/#website","url":"https:\/\/www.purejewels.com\/","name":"PureJewels \u0130ngiltere","description":"Sevgiyi Payla\u015f\u0131n","publisher":{"@id":"https:\/\/www.purejewels.com\/#organization"},"potentialAction":[{"@type":"SearchAction","target":{"@type":"EntryPoint","urlTemplate":"https:\/\/www.purejewels.com\/?s={search_term_string}"},"query-input":{"@type":"PropertyValueSpecification","valueRequired":true,"valueName":"search_term_string"}}],"inLanguage":"tr"},{"@type":"Organization","@id":"https:\/\/www.purejewels.com\/#organization","name":"PureJewels \u0130ngiltere","url":"https:\/\/www.purejewels.com\/","logo":{"@type":"ImageObject","inLanguage":"tr","@id":"https:\/\/www.purejewels.com\/#\/schema\/logo\/image\/","url":"https:\/\/static.purejewels.com\/wp-content\/uploads\/2020\/11\/Logo-PJ-New-1.png","contentUrl":"https:\/\/static.purejewels.com\/wp-content\/uploads\/2020\/11\/Logo-PJ-New-1.png","width":150,"height":80,"caption":"PureJewels UK"},"image":{"@id":"https:\/\/www.purejewels.com\/#\/schema\/logo\/image\/"}}]}},"_links":{"self":[{"href":"https:\/\/www.purejewels.com\/tr\/wp-json\/wp\/v2\/product\/415586","targetHints":{"allow":["GET"]}}],"collection":[{"href":"https:\/\/www.purejewels.com\/tr\/wp-json\/wp\/v2\/product"}],"about":[{"href":"https:\/\/www.purejewels.com\/tr\/wp-json\/wp\/v2\/types\/product"}],"replies":[{"embeddable":true,"href":"https:\/\/www.purejewels.com\/tr\/wp-json\/wp\/v2\/comments?post=415586"}],"version-history":[{"count":1,"href":"https:\/\/www.purejewels.com\/tr\/wp-json\/wp\/v2\/product\/415586\/revisions"}],"predecessor-version":[{"id":415590,"href":"https:\/\/www.purejewels.com\/tr\/wp-json\/wp\/v2\/product\/415586\/revisions\/415590"}],"wp:featuredmedia":[{"embeddable":true,"href":"https:\/\/www.purejewels.com\/tr\/wp-json\/wp\/v2\/media\/415588"}],"wp:attachment":[{"href":"https:\/\/www.purejewels.com\/tr\/wp-json\/wp\/v2\/media?parent=415586"}],"wp:term":[{"taxonomy":"product_brand","embeddable":true,"href":"https:\/\/www.purejewels.com\/tr\/wp-json\/wp\/v2\/product_brand?post=415586"},{"taxonomy":"product_cat","embeddable":true,"href":"https:\/\/www.purejewels.com\/tr\/wp-json\/wp\/v2\/product_cat?post=415586"},{"taxonomy":"product_tag","embeddable":true,"href":"https:\/\/www.purejewels.com\/tr\/wp-json\/wp\/v2\/product_tag?post=415586"}],"curies":[{"name":"wp","href":"https:\/\/api.w.org\/{rel}","templated":true}]}}