{"id":416280,"date":"2026-01-09T11:24:59","date_gmt":"2026-01-09T11:24:59","guid":{"rendered":"https:\/\/www.purejewels.com\/?post_type=product&#038;p=416280"},"modified":"2026-03-25T13:34:04","modified_gmt":"2026-03-25T13:34:04","slug":"22-ayar-altin-armari-koleksiyonu-yuzuk-bandi","status":"publish","type":"product","link":"https:\/\/www.purejewels.com\/tr\/product\/22ct-gold-armari-collection-ring-band\/","title":{"rendered":"22 Ayar Alt\u0131n Armari Koleksiyonu Y\u00fcz\u00fck Band\u0131"},"content":{"rendered":"<p>M\u00fccevher koleksiyonunuzu zarif Tembo Money antik kaplama alt\u0131n bant ile y\u00fckseltin. Bu \u00e7arp\u0131c\u0131 22 ayar el yap\u0131m\u0131 kafes y\u00fcz\u00fck, zarafet ve sofistike bir g\u00f6r\u00fcn\u00fcm sergileyen ger\u00e7ek bir sanat eseridir. Karma\u015f\u0131k kafes tasar\u0131m\u0131, vintage bir cazibe katarak onu asla modas\u0131 ge\u00e7meyecek zamans\u0131z bir par\u00e7a haline getiriyor.<\/p>\n<p>Hassasiyet ve detaylara g\u00f6sterilen \u00f6zenle haz\u0131rlanan bu y\u00fcz\u00fck, yetenekli zanaatk\u00e2rlar\u0131m\u0131z\u0131n i\u015f\u00e7ili\u011finin ger\u00e7ek bir kan\u0131t\u0131d\u0131r. Antik kaplama, her k\u0131yafete ihti\u015faml\u0131 bir dokunu\u015f katmak i\u00e7in m\u00fckemmel olan bu y\u00fcz\u00fc\u011fe benzersiz ve l\u00fcks bir g\u00f6r\u00fcn\u00fcm kazand\u0131r\u0131r. \u0130ster \u00f6zel bir g\u00fcn i\u00e7in giyiniyor olun, ister g\u00fcnl\u00fck g\u00f6r\u00fcn\u00fcm\u00fcn\u00fcz\u00fc g\u00fczelle\u015ftirmek isteyin, Tembo Money alt\u0131n y\u00fcz\u00fck m\u00fckemmel bir se\u00e7imdir.<\/p>\n<p>Y\u0131llar boyunca de\u011ferli bir aile yadigar\u0131 olaca\u011f\u0131ndan emin oldu\u011funuz bu zarif par\u00e7a ile kaliteye ve stile yat\u0131r\u0131m yap\u0131n. Tembo Money antika kaplama alt\u0131n kordon ile kendinizi g\u00f6sterin ve m\u00fccevher konusundaki kusursuz zevkinizi sergileyin. Siz de bug\u00fcn sipari\u015f verin ve m\u00fccevher koleksiyonunuza l\u00fcks bir dokunu\u015f kat\u0131n.<\/p>\n<h3>Tasar\u0131m Konsepti<\/h3>\n<p>\u0130ki Katmanl\u0131 Armari Alt\u0131n Kordon, a\u00e7\u0131k tel i\u015f\u00e7ili\u011finin tekrar eden alt\u0131n disk dizisini \u00e7er\u00e7eveledi\u011fi \u00e7ift katmanl\u0131 yap\u0131s\u0131yla tan\u0131mlan\u0131r. Kafes tasar\u0131m\u0131 cesur simetriyi yumu\u015fatarak hem yap\u0131land\u0131r\u0131lm\u0131\u015f hem de ak\u0131\u015fkan bir his veren karma\u015f\u0131k ama havadar bir profil yarat\u0131yor.<\/p>\n<h3>Zanaatkarl\u0131k<\/h3>\n<p>\u00d6zenle el yap\u0131m\u0131 olan kordon, a\u00e7\u0131k kafes i\u015f\u00e7ili\u011fine ve b\u00fck\u00fclm\u00fc\u015f ip kenarlarla \u00e7er\u00e7evelenmi\u015f cilal\u0131 alt\u0131n disklere sahiptir. Antik alt\u0131n dokunu\u015fla tamamlanan bu \u00fcr\u00fcn, mirastan ilham alan detaylarla \u00e7a\u011fda\u015f bir silueti dengeliyor. Sonu\u00e7 olarak ortaya zamans\u0131z ama kendine \u00f6zg\u00fc bir par\u00e7a \u00e7\u0131k\u0131yor.<\/p>\n<h3>Stil \u0130pu\u00e7lar\u0131<\/h3>\n<p>Geleneksel sare'lerle ya da modern Hint-Bat\u0131 sil\u00fcetleriyle ayn\u0131 derecede uyumlu olan bu bant, her duruma \u00e7ok y\u00f6nl\u00fcl\u00fck katar. Zarif bir ifade olarak tek ba\u015f\u0131na tak\u0131labilir veya katmanl\u0131 zarafet i\u00e7in daha basit bantlarla birlikte istiflenebilir.<\/p>","protected":false},"excerpt":{"rendered":"<p>A\u00e7\u0131k kafes i\u015fi ve antik kaplama ile 22 ayar alt\u0131ndan el yap\u0131m\u0131 olarak \u00fcretilen \u0130ki Katmanl\u0131 Armari Alt\u0131n Kordon, cilal\u0131 disklerle s\u00fcslenmi\u015ftir. Hem geleneksel hem de modern g\u00f6r\u00fcn\u00fcmlerle g\u00fczel bir \u015fekilde e\u015fle\u015fen \u00e7ok y\u00f6nl\u00fc bir par\u00e7a. T\u00fcm boyutlarda mevcuttur.<\/p>\n<p><strong>Malzeme:<\/strong> 22 Ayar Alt\u0131n (91,6% Safl\u0131kta)<br \/>\n<strong>Bitir:<\/strong> Antik Kaplama<br \/>\n<strong>Hallmark:<\/strong> \u0130ngiliz Damgas\u0131<br \/>\n<strong>Br\u00fct A\u011f\u0131rl\u0131k Aral\u0131\u011f\u0131:<\/strong> 2,0 -2,4 Gms<br \/>\n<strong>Y\u00fcz\u00fck \u00d6l\u00e7\u00fcs\u00fc:<\/strong> Farkl\u0131 boyutlarda mevcuttur<br \/>\n<strong>SKU:<\/strong> 51477, 51476, 51475, 51474, 51473, 51469, 51468, 51467, 51465, 51450<\/p>\n<p><strong>Fiyat ve Teslimat<\/strong>: KDV ve teslimat \u00fccreti dahil<br \/>\nTalep \u00fczerine uluslararas\u0131 nakliye mevcuttur<br \/>\n<a href=\"https:\/\/www.purejewels.com\/tr\/i%cc%87ade-poli%cc%87ti%cc%87kasi\/\">\u0130ade Politikas\u0131<\/a><\/p>","protected":false},"featured_media":392082,"comment_status":"closed","ping_status":"closed","template":"","meta":{"_eb_attr":"","_crsspst_to_jayantr4sg-hostcom":false},"product_brand":[],"product_cat":[1791,6158,245,5642,1559,236,1229,1235,5343,1783,1786,5338,1573,1574,5349],"product_tag":[],"class_list":{"0":"post-416280","1":"product","2":"type-product","3":"status-publish","4":"has-post-thumbnail","6":"product_cat-anniversary-gifts","7":"product_cat-armari-band","8":"product_cat-armari-collections","9":"product_cat-armari-ring","10":"product_cat-birthday-gifts","11":"product_cat-collections","12":"product_cat-22ct-gold-jewellery","13":"product_cat-gold-rings","14":"product_cat-jewellery-under-550","15":"product_cat-ladies-rings","16":"product_cat-occasional-wear-rings","17":"product_cat-shop-by-price","18":"product_cat-wedding-gifts","19":"product_cat-womens-jewellery","20":"product_cat-yellow-gold-jewellery","22":"first","23":"outofstock","24":"taxable","25":"shipping-taxable","26":"product-type-variable","27":"add-to-wishlist-before_image"},"yoast_head":"<!-- This site is optimized with the Yoast SEO plugin v27.5 - https:\/\/yoast.com\/product\/yoast-seo-wordpress\/ -->\n<title>Antique Finish Gold Band | 22ct Handcrafted Lattice Ring<\/title>\n<meta name=\"description\" content=\"The Antique Finish Gold Band in 22ct gold showcases open lattice work and polished discs, handcrafted with an antique touch. Perfect for traditional wear or modern styling.\" \/>\n<meta name=\"robots\" content=\"index, follow, max-snippet:-1, max-image-preview:large, max-video-preview:-1\" \/>\n<link rel=\"canonical\" href=\"https:\/\/www.purejewels.com\/tr\/urun\/22-ayar-altin-armari-koleksiyonu-yuzuk-bandi\/\" \/>\n<meta property=\"og:locale\" content=\"tr_TR\" \/>\n<meta property=\"og:type\" content=\"article\" \/>\n<meta property=\"og:title\" content=\"Antique Finish Gold Band | 22ct Handcrafted Lattice Ring\" \/>\n<meta property=\"og:description\" content=\"The Antique Finish Gold Band in 22ct gold showcases open lattice work and polished discs, handcrafted with an antique touch. Perfect for traditional wear or modern styling.\" \/>\n<meta property=\"og:url\" content=\"https:\/\/www.purejewels.com\/tr\/urun\/22-ayar-altin-armari-koleksiyonu-yuzuk-bandi\/\" \/>\n<meta property=\"og:site_name\" content=\"PureJewels UK\" \/>\n<meta property=\"article:modified_time\" content=\"2026-03-25T13:34:04+00:00\" \/>\n<meta property=\"og:image\" content=\"https:\/\/static.purejewels.com\/wp-content\/uploads\/2025\/04\/51470.png\" \/>\n\t<meta property=\"og:image:width\" content=\"1000\" \/>\n\t<meta property=\"og:image:height\" content=\"1000\" \/>\n\t<meta property=\"og:image:type\" content=\"image\/png\" \/>\n<meta name=\"twitter:card\" content=\"summary_large_image\" \/>\n<meta name=\"twitter:label1\" content=\"Tahmini okuma s\u00fcresi\" \/>\n\t<meta name=\"twitter:data1\" content=\"2 dakika\" \/>\n<script type=\"application\/ld+json\" class=\"yoast-schema-graph\">{\"@context\":\"https:\\\/\\\/schema.org\",\"@graph\":[{\"@type\":[\"WebPage\",\"ItemPage\"],\"@id\":\"https:\\\/\\\/www.purejewels.com\\\/product\\\/22ct-gold-armari-collection-ring-band\\\/\",\"url\":\"https:\\\/\\\/www.purejewels.com\\\/product\\\/22ct-gold-armari-collection-ring-band\\\/\",\"name\":\"Antique Finish Gold Band | 22ct Handcrafted Lattice Ring\",\"isPartOf\":{\"@id\":\"https:\\\/\\\/www.purejewels.com\\\/#website\"},\"primaryImageOfPage\":{\"@id\":\"https:\\\/\\\/www.purejewels.com\\\/product\\\/22ct-gold-armari-collection-ring-band\\\/#primaryimage\"},\"image\":{\"@id\":\"https:\\\/\\\/www.purejewels.com\\\/product\\\/22ct-gold-armari-collection-ring-band\\\/#primaryimage\"},\"thumbnailUrl\":\"https:\\\/\\\/static.purejewels.com\\\/wp-content\\\/uploads\\\/2025\\\/04\\\/51470.png\",\"datePublished\":\"2026-01-09T11:24:59+00:00\",\"dateModified\":\"2026-03-25T13:34:04+00:00\",\"description\":\"The Antique Finish Gold Band in 22ct gold showcases open lattice work and polished discs, handcrafted with an antique touch. Perfect for traditional wear or modern styling.\",\"breadcrumb\":{\"@id\":\"https:\\\/\\\/www.purejewels.com\\\/product\\\/22ct-gold-armari-collection-ring-band\\\/#breadcrumb\"},\"inLanguage\":\"tr\",\"potentialAction\":[{\"@type\":\"ReadAction\",\"target\":[\"https:\\\/\\\/www.purejewels.com\\\/product\\\/22ct-gold-armari-collection-ring-band\\\/\"]}]},{\"@type\":\"ImageObject\",\"inLanguage\":\"tr\",\"@id\":\"https:\\\/\\\/www.purejewels.com\\\/product\\\/22ct-gold-armari-collection-ring-band\\\/#primaryimage\",\"url\":\"https:\\\/\\\/static.purejewels.com\\\/wp-content\\\/uploads\\\/2025\\\/04\\\/51470.png\",\"contentUrl\":\"https:\\\/\\\/static.purejewels.com\\\/wp-content\\\/uploads\\\/2025\\\/04\\\/51470.png\",\"width\":1000,\"height\":1000,\"caption\":\"22ct Gold Ring Band | Size L\"},{\"@type\":\"BreadcrumbList\",\"@id\":\"https:\\\/\\\/www.purejewels.com\\\/product\\\/22ct-gold-armari-collection-ring-band\\\/#breadcrumb\",\"itemListElement\":[{\"@type\":\"ListItem\",\"position\":1,\"name\":\"Home\",\"item\":\"https:\\\/\\\/www.purejewels.com\\\/\"},{\"@type\":\"ListItem\",\"position\":2,\"name\":\"Shop\",\"item\":\"https:\\\/\\\/www.purejewels.com\\\/shop\\\/\"},{\"@type\":\"ListItem\",\"position\":3,\"name\":\"22ct Gold Armari Collection Ring Band\"}]},{\"@type\":\"WebSite\",\"@id\":\"https:\\\/\\\/www.purejewels.com\\\/#website\",\"url\":\"https:\\\/\\\/www.purejewels.com\\\/\",\"name\":\"PureJewels UK\",\"description\":\"Share the Love\",\"publisher\":{\"@id\":\"https:\\\/\\\/www.purejewels.com\\\/#organization\"},\"potentialAction\":[{\"@type\":\"SearchAction\",\"target\":{\"@type\":\"EntryPoint\",\"urlTemplate\":\"https:\\\/\\\/www.purejewels.com\\\/?s={search_term_string}\"},\"query-input\":{\"@type\":\"PropertyValueSpecification\",\"valueRequired\":true,\"valueName\":\"search_term_string\"}}],\"inLanguage\":\"tr\"},{\"@type\":\"Organization\",\"@id\":\"https:\\\/\\\/www.purejewels.com\\\/#organization\",\"name\":\"PureJewels UK\",\"url\":\"https:\\\/\\\/www.purejewels.com\\\/\",\"logo\":{\"@type\":\"ImageObject\",\"inLanguage\":\"tr\",\"@id\":\"https:\\\/\\\/www.purejewels.com\\\/#\\\/schema\\\/logo\\\/image\\\/\",\"url\":\"https:\\\/\\\/static.purejewels.com\\\/wp-content\\\/uploads\\\/2020\\\/11\\\/Logo-PJ-New-1.png\",\"contentUrl\":\"https:\\\/\\\/static.purejewels.com\\\/wp-content\\\/uploads\\\/2020\\\/11\\\/Logo-PJ-New-1.png\",\"width\":150,\"height\":80,\"caption\":\"PureJewels UK\"},\"image\":{\"@id\":\"https:\\\/\\\/www.purejewels.com\\\/#\\\/schema\\\/logo\\\/image\\\/\"}}]}<\/script>\n<!-- \/ Yoast SEO plugin. -->","yoast_head_json":{"title":"Antik Kaplama Alt\u0131n Bant | 22ct El Yap\u0131m\u0131 Kafes Y\u00fcz\u00fck","description":"22 ayar alt\u0131ndan Antik Kaplama Alt\u0131n Kordon, antik bir dokunu\u015fla el yap\u0131m\u0131 a\u00e7\u0131k kafes i\u015fi ve cilal\u0131 diskler sergiliyor. Geleneksel kullan\u0131m veya modern stil i\u00e7in m\u00fckemmeldir.","robots":{"index":"index","follow":"follow","max-snippet":"max-snippet:-1","max-image-preview":"max-image-preview:large","max-video-preview":"max-video-preview:-1"},"canonical":"https:\/\/www.purejewels.com\/tr\/urun\/22-ayar-altin-armari-koleksiyonu-yuzuk-bandi\/","og_locale":"tr_TR","og_type":"article","og_title":"Antique Finish Gold Band | 22ct Handcrafted Lattice Ring","og_description":"The Antique Finish Gold Band in 22ct gold showcases open lattice work and polished discs, handcrafted with an antique touch. Perfect for traditional wear or modern styling.","og_url":"https:\/\/www.purejewels.com\/tr\/urun\/22-ayar-altin-armari-koleksiyonu-yuzuk-bandi\/","og_site_name":"PureJewels UK","article_modified_time":"2026-03-25T13:34:04+00:00","og_image":[{"width":1000,"height":1000,"url":"https:\/\/static.purejewels.com\/wp-content\/uploads\/2025\/04\/51470.png","type":"image\/png"}],"twitter_card":"summary_large_image","twitter_misc":{"Tahmini okuma s\u00fcresi":"2 dakika"},"schema":{"@context":"https:\/\/schema.org","@graph":[{"@type":["WebPage","ItemPage"],"@id":"https:\/\/www.purejewels.com\/product\/22ct-gold-armari-collection-ring-band\/","url":"https:\/\/www.purejewels.com\/product\/22ct-gold-armari-collection-ring-band\/","name":"Antik Kaplama Alt\u0131n Bant | 22ct El Yap\u0131m\u0131 Kafes Y\u00fcz\u00fck","isPartOf":{"@id":"https:\/\/www.purejewels.com\/#website"},"primaryImageOfPage":{"@id":"https:\/\/www.purejewels.com\/product\/22ct-gold-armari-collection-ring-band\/#primaryimage"},"image":{"@id":"https:\/\/www.purejewels.com\/product\/22ct-gold-armari-collection-ring-band\/#primaryimage"},"thumbnailUrl":"https:\/\/static.purejewels.com\/wp-content\/uploads\/2025\/04\/51470.png","datePublished":"2026-01-09T11:24:59+00:00","dateModified":"2026-03-25T13:34:04+00:00","description":"22 ayar alt\u0131ndan Antik Kaplama Alt\u0131n Kordon, antik bir dokunu\u015fla el yap\u0131m\u0131 a\u00e7\u0131k kafes i\u015fi ve cilal\u0131 diskler sergiliyor. Geleneksel kullan\u0131m veya modern stil i\u00e7in m\u00fckemmeldir.","breadcrumb":{"@id":"https:\/\/www.purejewels.com\/product\/22ct-gold-armari-collection-ring-band\/#breadcrumb"},"inLanguage":"tr","potentialAction":[{"@type":"ReadAction","target":["https:\/\/www.purejewels.com\/product\/22ct-gold-armari-collection-ring-band\/"]}]},{"@type":"ImageObject","inLanguage":"tr","@id":"https:\/\/www.purejewels.com\/product\/22ct-gold-armari-collection-ring-band\/#primaryimage","url":"https:\/\/static.purejewels.com\/wp-content\/uploads\/2025\/04\/51470.png","contentUrl":"https:\/\/static.purejewels.com\/wp-content\/uploads\/2025\/04\/51470.png","width":1000,"height":1000,"caption":"22ct Gold Ring Band | Size L"},{"@type":"BreadcrumbList","@id":"https:\/\/www.purejewels.com\/product\/22ct-gold-armari-collection-ring-band\/#breadcrumb","itemListElement":[{"@type":"ListItem","position":1,"name":"Home","item":"https:\/\/www.purejewels.com\/"},{"@type":"ListItem","position":2,"name":"Shop","item":"https:\/\/www.purejewels.com\/shop\/"},{"@type":"ListItem","position":3,"name":"22ct Gold Armari Collection Ring Band"}]},{"@type":"WebSite","@id":"https:\/\/www.purejewels.com\/#website","url":"https:\/\/www.purejewels.com\/","name":"PureJewels \u0130ngiltere","description":"Sevgiyi Payla\u015f\u0131n","publisher":{"@id":"https:\/\/www.purejewels.com\/#organization"},"potentialAction":[{"@type":"SearchAction","target":{"@type":"EntryPoint","urlTemplate":"https:\/\/www.purejewels.com\/?s={search_term_string}"},"query-input":{"@type":"PropertyValueSpecification","valueRequired":true,"valueName":"search_term_string"}}],"inLanguage":"tr"},{"@type":"Organization","@id":"https:\/\/www.purejewels.com\/#organization","name":"PureJewels \u0130ngiltere","url":"https:\/\/www.purejewels.com\/","logo":{"@type":"ImageObject","inLanguage":"tr","@id":"https:\/\/www.purejewels.com\/#\/schema\/logo\/image\/","url":"https:\/\/static.purejewels.com\/wp-content\/uploads\/2020\/11\/Logo-PJ-New-1.png","contentUrl":"https:\/\/static.purejewels.com\/wp-content\/uploads\/2020\/11\/Logo-PJ-New-1.png","width":150,"height":80,"caption":"PureJewels UK"},"image":{"@id":"https:\/\/www.purejewels.com\/#\/schema\/logo\/image\/"}}]}},"_links":{"self":[{"href":"https:\/\/www.purejewels.com\/tr\/wp-json\/wp\/v2\/product\/416280","targetHints":{"allow":["GET"]}}],"collection":[{"href":"https:\/\/www.purejewels.com\/tr\/wp-json\/wp\/v2\/product"}],"about":[{"href":"https:\/\/www.purejewels.com\/tr\/wp-json\/wp\/v2\/types\/product"}],"replies":[{"embeddable":true,"href":"https:\/\/www.purejewels.com\/tr\/wp-json\/wp\/v2\/comments?post=416280"}],"version-history":[{"count":4,"href":"https:\/\/www.purejewels.com\/tr\/wp-json\/wp\/v2\/product\/416280\/revisions"}],"predecessor-version":[{"id":422038,"href":"https:\/\/www.purejewels.com\/tr\/wp-json\/wp\/v2\/product\/416280\/revisions\/422038"}],"wp:featuredmedia":[{"embeddable":true,"href":"https:\/\/www.purejewels.com\/tr\/wp-json\/wp\/v2\/media\/392082"}],"wp:attachment":[{"href":"https:\/\/www.purejewels.com\/tr\/wp-json\/wp\/v2\/media?parent=416280"}],"wp:term":[{"taxonomy":"product_brand","embeddable":true,"href":"https:\/\/www.purejewels.com\/tr\/wp-json\/wp\/v2\/product_brand?post=416280"},{"taxonomy":"product_cat","embeddable":true,"href":"https:\/\/www.purejewels.com\/tr\/wp-json\/wp\/v2\/product_cat?post=416280"},{"taxonomy":"product_tag","embeddable":true,"href":"https:\/\/www.purejewels.com\/tr\/wp-json\/wp\/v2\/product_tag?post=416280"}],"curies":[{"name":"wp","href":"https:\/\/api.w.org\/{rel}","templated":true}]}}