{"id":416295,"date":"2025-08-22T12:12:14","date_gmt":"2025-08-22T11:12:14","guid":{"rendered":"https:\/\/www.purejewels.com\/?post_type=product&#038;p=416295"},"modified":"2026-01-22T08:19:52","modified_gmt":"2026-01-22T08:19:52","slug":"22-ayar-altin-armari-koleksiyonu-kupeler-51430","status":"publish","type":"product","link":"https:\/\/www.purejewels.com\/tr\/product\/22ct-gold-armari-collection-earrings-51430\/","title":{"rendered":"22 Ayar Alt\u0131n Armari Koleksiyonu K\u00fcpeler"},"content":{"rendered":"<p data-start=\"287\" data-end=\"710\"><strong data-start=\"287\" data-end=\"305\">Tasar\u0131m Konsepti<\/strong><br data-start=\"305\" data-end=\"308\" \/>Do\u011fay\u0131 ve geometriyi y\u00fccelten miras motiflerinden ilham alan Armari Koleksiyonu'nun bu 9 mm'lik k\u00fcpeleri sessiz bir sofistikeli\u011fi temsil ediyor. Ajurlu tasar\u0131m, b\u00fck\u00fclm\u00fc\u015f bir ip kenar\u0131yla \u00e7er\u00e7evelenmi\u015f zarif bir \u00e7i\u00e7ek desenini ortaya \u00e7\u0131kararak k\u00fc\u00e7\u00fck boyutuna ra\u011fmen par\u00e7aya derinlik ve hareket kazand\u0131r\u0131r. \u00d6zenle yarat\u0131lan tasar\u0131m, gelene\u011fin \u00f6z\u00fcn\u00fc yakalarken modern, giyilebilir bir sadeli\u011fi de koruyor.<\/p>\n<p data-start=\"712\" data-end=\"1180\"><strong data-start=\"712\" data-end=\"729\">Zanaatkarl\u0131k<\/strong><br data-start=\"729\" data-end=\"732\" \/>Her bir k\u00fcpe Londra'daki at\u00f6lyemizde nesiller boyu aktar\u0131lan eski teknikler kullan\u0131larak titizlikle el i\u015f\u00e7ili\u011fiyle \u00fcretilmi\u015f ve \u00e7a\u011fda\u015f hassas y\u00f6ntemlerle geli\u015ftirilmi\u015ftir. 22 ayar alt\u0131ndan d\u00f6v\u00fclen ve Londra Assay Office taraf\u0131ndan damgalanan k\u00fcpeler, \u00f6zg\u00fcnl\u00fck ve safl\u0131k g\u00fcvencesi ta\u015f\u0131r. \u0130p benzeri kenarlardan ince ajurlara kadar hassas detaylar, zanaatkar\u0131n becerisinin ve PureJewels'in m\u00fckemmelli\u011fe olan ba\u011fl\u0131l\u0131\u011f\u0131n\u0131n bir kan\u0131t\u0131d\u0131r.<\/p>\n<p data-start=\"1182\" data-end=\"1656\"><strong data-start=\"1182\" data-end=\"1199\">Stil Fikirleri<\/strong><br data-start=\"1199\" data-end=\"1202\" \/>Hafif ama \u0131\u015f\u0131lt\u0131l\u0131 bu k\u00fcpeler hem g\u00fcnl\u00fck kullan\u0131m hem de kutlama etkinlikleri i\u00e7in \u00e7ok y\u00f6nl\u00fc bir arkada\u015ft\u0131r. Kompakt formlar\u0131, onlar\u0131 katmanl\u0131 kolyelerle e\u015fle\u015ftirmek veya \u00e7a\u011fda\u015f bir g\u00f6r\u00fcn\u00fcm i\u00e7in birden fazla kulak piercingi ile istiflemek i\u00e7in ideal k\u0131lar. Ayn\u0131 \u015fekilde, minimalist bir l\u00fcks dokunu\u015fu i\u00e7in tek ba\u015flar\u0131na da tak\u0131labilirler. \u0130ster ofis k\u0131yafetlerini, ister bayram tak\u0131mlar\u0131n\u0131 ya da zarif bir sari giysiyi tamamlas\u0131n, boyutlar\u0131 k\u00fc\u00e7\u00fck ama varl\u0131klar\u0131 b\u00fcy\u00fck oldu\u011fundan sorunsuz bir \u015fekilde uyum sa\u011flarlar.<\/p>","protected":false},"excerpt":{"rendered":"<p>Armari Koleksiyonu'ndan narin bir hazine olan saf 22 ayar alt\u0131ndan yap\u0131lm\u0131\u015f bu 9 mm'lik k\u00fcpeler 1,9 g a\u011f\u0131rl\u0131\u011f\u0131ndad\u0131r ve bir ip bord\u00fcrle \u00e7er\u00e7evelenmi\u015f karma\u015f\u0131k bir ajur motifine sahiptir. Kompakt ama s\u00fcsl\u00fc olan bu k\u00fcpeler zamans\u0131z i\u015f\u00e7ili\u011fi temsil eder. G\u00fcnl\u00fck \u015f\u0131kl\u0131k i\u00e7in veya \u00f6zel g\u00fcnler i\u00e7in zarif bir vurgu olarak m\u00fckemmeldir.<\/p>\n<p><strong>Malzeme:<\/strong>\u00a022 Ayar Alt\u0131n (91,6% Saf Alt\u0131n)<br \/>\n<strong>Biti\u015f<\/strong>: Antik Kaplama<br \/>\n<strong>Hallmark:<\/strong>\u00a0\u0130ngiliz Damgas\u0131<br \/>\n<strong>SKU:<\/strong> 51430<br \/>\n<strong>Br\u00fct A\u011f\u0131rl\u0131k:<\/strong> 1.90 Gms<br \/>\n<strong>Geni\u015flik:<\/strong> 9mm<br data-start=\"779\" data-end=\"782\" \/><strong data-start=\"782\" data-end=\"799\">\u015eunlar i\u00e7in uygundur:<\/strong> G\u00fcnl\u00fck Giyim<\/p>\n<p><strong>Fiyat ve Teslimat:<\/strong>\u00a0KDV ve teslimat \u00fccretleri dahil<br \/>\n<a href=\"https:\/\/www.purejewels.com\/tr\/i%cc%87ade-poli%cc%87ti%cc%87kasi\/\"><strong>\u0130ade Politikas\u0131<\/strong><\/a><\/p>","protected":false},"featured_media":373712,"comment_status":"closed","ping_status":"closed","template":"","meta":{"_eb_attr":"","_crsspst_to_jayantr4sg-hostcom":false},"product_brand":[],"product_cat":[1791,245,5639,6143,1559,236,1254,1229,5343,5338,1577,1574,5349],"product_tag":[5919],"class_list":{"0":"post-416295","1":"product","2":"type-product","3":"status-publish","4":"has-post-thumbnail","6":"product_cat-anniversary-gifts","7":"product_cat-armari-collections","8":"product_cat-armari-earring","9":"product_cat-armari-stud-earrings","10":"product_cat-birthday-gifts","11":"product_cat-collections","12":"product_cat-gold-earrings","13":"product_cat-22ct-gold-jewellery","14":"product_cat-jewellery-under-550","15":"product_cat-shop-by-price","16":"product_cat-stud-earrings","17":"product_cat-womens-jewellery","18":"product_cat-yellow-gold-jewellery","19":"product_tag-stud","21":"first","22":"outofstock","23":"taxable","24":"shipping-taxable","25":"product-type-simple","26":"add-to-wishlist-before_image"},"yoast_head":"<!-- This site is optimized with the Yoast SEO plugin v27.5 - https:\/\/yoast.com\/product\/yoast-seo-wordpress\/ -->\n<title>22ct Gold Armari Collection Earrings | 9mm Studs | PureJewels<\/title>\n<meta name=\"description\" content=\"Discover the 22ct Gold Armari Collection Earrings, 9mm studs weighing 1.9g. Handcrafted in our London atelier with intricate openwork design and rope-edge detailing.\" \/>\n<meta name=\"robots\" content=\"index, follow, max-snippet:-1, max-image-preview:large, max-video-preview:-1\" \/>\n<link rel=\"canonical\" href=\"https:\/\/www.purejewels.com\/tr\/urun\/22-ayar-altin-armari-koleksiyonu-kupeler-51430\/\" \/>\n<meta property=\"og:locale\" content=\"tr_TR\" \/>\n<meta property=\"og:type\" content=\"article\" \/>\n<meta property=\"og:title\" content=\"22ct Gold Armari Collection Earrings | 9mm Studs | PureJewels\" \/>\n<meta property=\"og:description\" content=\"Discover the 22ct Gold Armari Collection Earrings, 9mm studs weighing 1.9g. Handcrafted in our London atelier with intricate openwork design and rope-edge detailing.\" \/>\n<meta property=\"og:url\" content=\"https:\/\/www.purejewels.com\/tr\/urun\/22-ayar-altin-armari-koleksiyonu-kupeler-51430\/\" \/>\n<meta property=\"og:site_name\" content=\"PureJewels UK\" \/>\n<meta property=\"article:modified_time\" content=\"2026-01-22T08:19:52+00:00\" \/>\n<meta property=\"og:image\" content=\"https:\/\/static.purejewels.com\/wp-content\/uploads\/2024\/10\/SKU-49126.png\" \/>\n\t<meta property=\"og:image:width\" content=\"1000\" \/>\n\t<meta property=\"og:image:height\" content=\"1000\" \/>\n\t<meta property=\"og:image:type\" content=\"image\/png\" \/>\n<meta name=\"twitter:card\" content=\"summary_large_image\" \/>\n<meta name=\"twitter:label1\" content=\"Tahmini okuma s\u00fcresi\" \/>\n\t<meta name=\"twitter:data1\" content=\"2 dakika\" \/>\n<script type=\"application\/ld+json\" class=\"yoast-schema-graph\">{\"@context\":\"https:\\\/\\\/schema.org\",\"@graph\":[{\"@type\":[\"WebPage\",\"ItemPage\"],\"@id\":\"https:\\\/\\\/www.purejewels.com\\\/product\\\/22ct-gold-armari-collection-earrings-51430\\\/\",\"url\":\"https:\\\/\\\/www.purejewels.com\\\/product\\\/22ct-gold-armari-collection-earrings-51430\\\/\",\"name\":\"22ct Gold Armari Collection Earrings | 9mm Studs | PureJewels\",\"isPartOf\":{\"@id\":\"https:\\\/\\\/www.purejewels.com\\\/#website\"},\"primaryImageOfPage\":{\"@id\":\"https:\\\/\\\/www.purejewels.com\\\/product\\\/22ct-gold-armari-collection-earrings-51430\\\/#primaryimage\"},\"image\":{\"@id\":\"https:\\\/\\\/www.purejewels.com\\\/product\\\/22ct-gold-armari-collection-earrings-51430\\\/#primaryimage\"},\"thumbnailUrl\":\"https:\\\/\\\/static.purejewels.com\\\/wp-content\\\/uploads\\\/2024\\\/10\\\/SKU-49126.png\",\"datePublished\":\"2025-08-22T11:12:14+00:00\",\"dateModified\":\"2026-01-22T08:19:52+00:00\",\"description\":\"Discover the 22ct Gold Armari Collection Earrings, 9mm studs weighing 1.9g. Handcrafted in our London atelier with intricate openwork design and rope-edge detailing.\",\"breadcrumb\":{\"@id\":\"https:\\\/\\\/www.purejewels.com\\\/product\\\/22ct-gold-armari-collection-earrings-51430\\\/#breadcrumb\"},\"inLanguage\":\"tr\",\"potentialAction\":[{\"@type\":\"ReadAction\",\"target\":[\"https:\\\/\\\/www.purejewels.com\\\/product\\\/22ct-gold-armari-collection-earrings-51430\\\/\"]}]},{\"@type\":\"ImageObject\",\"inLanguage\":\"tr\",\"@id\":\"https:\\\/\\\/www.purejewels.com\\\/product\\\/22ct-gold-armari-collection-earrings-51430\\\/#primaryimage\",\"url\":\"https:\\\/\\\/static.purejewels.com\\\/wp-content\\\/uploads\\\/2024\\\/10\\\/SKU-49126.png\",\"contentUrl\":\"https:\\\/\\\/static.purejewels.com\\\/wp-content\\\/uploads\\\/2024\\\/10\\\/SKU-49126.png\",\"width\":1000,\"height\":1000,\"caption\":\"22ct gold earrings\"},{\"@type\":\"BreadcrumbList\",\"@id\":\"https:\\\/\\\/www.purejewels.com\\\/product\\\/22ct-gold-armari-collection-earrings-51430\\\/#breadcrumb\",\"itemListElement\":[{\"@type\":\"ListItem\",\"position\":1,\"name\":\"Home\",\"item\":\"https:\\\/\\\/www.purejewels.com\\\/\"},{\"@type\":\"ListItem\",\"position\":2,\"name\":\"Shop\",\"item\":\"https:\\\/\\\/www.purejewels.com\\\/shop\\\/\"},{\"@type\":\"ListItem\",\"position\":3,\"name\":\"22ct Gold Armari Collection Earrings\"}]},{\"@type\":\"WebSite\",\"@id\":\"https:\\\/\\\/www.purejewels.com\\\/#website\",\"url\":\"https:\\\/\\\/www.purejewels.com\\\/\",\"name\":\"PureJewels UK\",\"description\":\"Share the Love\",\"publisher\":{\"@id\":\"https:\\\/\\\/www.purejewels.com\\\/#organization\"},\"potentialAction\":[{\"@type\":\"SearchAction\",\"target\":{\"@type\":\"EntryPoint\",\"urlTemplate\":\"https:\\\/\\\/www.purejewels.com\\\/?s={search_term_string}\"},\"query-input\":{\"@type\":\"PropertyValueSpecification\",\"valueRequired\":true,\"valueName\":\"search_term_string\"}}],\"inLanguage\":\"tr\"},{\"@type\":\"Organization\",\"@id\":\"https:\\\/\\\/www.purejewels.com\\\/#organization\",\"name\":\"PureJewels UK\",\"url\":\"https:\\\/\\\/www.purejewels.com\\\/\",\"logo\":{\"@type\":\"ImageObject\",\"inLanguage\":\"tr\",\"@id\":\"https:\\\/\\\/www.purejewels.com\\\/#\\\/schema\\\/logo\\\/image\\\/\",\"url\":\"https:\\\/\\\/static.purejewels.com\\\/wp-content\\\/uploads\\\/2020\\\/11\\\/Logo-PJ-New-1.png\",\"contentUrl\":\"https:\\\/\\\/static.purejewels.com\\\/wp-content\\\/uploads\\\/2020\\\/11\\\/Logo-PJ-New-1.png\",\"width\":150,\"height\":80,\"caption\":\"PureJewels UK\"},\"image\":{\"@id\":\"https:\\\/\\\/www.purejewels.com\\\/#\\\/schema\\\/logo\\\/image\\\/\"}}]}<\/script>\n<!-- \/ Yoast SEO plugin. -->","yoast_head_json":{"title":"22 Ayar Alt\u0131n Armari Koleksiyonu K\u00fcpe | 9mm \u00c7\u0131t\u00e7\u0131t | PureJewels","description":"22 Ayar Alt\u0131n Armari Koleksiyonu K\u00fcpelerini ke\u015ffedin, 1,9 g a\u011f\u0131rl\u0131\u011f\u0131nda 9 mm saplamalar. Karma\u015f\u0131k ajur tasar\u0131m\u0131 ve ip kenar\u0131 detaylar\u0131yla Londra'daki at\u00f6lyemizde el yap\u0131m\u0131 olarak \u00fcretilmi\u015ftir.","robots":{"index":"index","follow":"follow","max-snippet":"max-snippet:-1","max-image-preview":"max-image-preview:large","max-video-preview":"max-video-preview:-1"},"canonical":"https:\/\/www.purejewels.com\/tr\/urun\/22-ayar-altin-armari-koleksiyonu-kupeler-51430\/","og_locale":"tr_TR","og_type":"article","og_title":"22ct Gold Armari Collection Earrings | 9mm Studs | PureJewels","og_description":"Discover the 22ct Gold Armari Collection Earrings, 9mm studs weighing 1.9g. Handcrafted in our London atelier with intricate openwork design and rope-edge detailing.","og_url":"https:\/\/www.purejewels.com\/tr\/urun\/22-ayar-altin-armari-koleksiyonu-kupeler-51430\/","og_site_name":"PureJewels UK","article_modified_time":"2026-01-22T08:19:52+00:00","og_image":[{"width":1000,"height":1000,"url":"https:\/\/static.purejewels.com\/wp-content\/uploads\/2024\/10\/SKU-49126.png","type":"image\/png"}],"twitter_card":"summary_large_image","twitter_misc":{"Tahmini okuma s\u00fcresi":"2 dakika"},"schema":{"@context":"https:\/\/schema.org","@graph":[{"@type":["WebPage","ItemPage"],"@id":"https:\/\/www.purejewels.com\/product\/22ct-gold-armari-collection-earrings-51430\/","url":"https:\/\/www.purejewels.com\/product\/22ct-gold-armari-collection-earrings-51430\/","name":"22 Ayar Alt\u0131n Armari Koleksiyonu K\u00fcpe | 9mm \u00c7\u0131t\u00e7\u0131t | PureJewels","isPartOf":{"@id":"https:\/\/www.purejewels.com\/#website"},"primaryImageOfPage":{"@id":"https:\/\/www.purejewels.com\/product\/22ct-gold-armari-collection-earrings-51430\/#primaryimage"},"image":{"@id":"https:\/\/www.purejewels.com\/product\/22ct-gold-armari-collection-earrings-51430\/#primaryimage"},"thumbnailUrl":"https:\/\/static.purejewels.com\/wp-content\/uploads\/2024\/10\/SKU-49126.png","datePublished":"2025-08-22T11:12:14+00:00","dateModified":"2026-01-22T08:19:52+00:00","description":"22 Ayar Alt\u0131n Armari Koleksiyonu K\u00fcpelerini ke\u015ffedin, 1,9 g a\u011f\u0131rl\u0131\u011f\u0131nda 9 mm saplamalar. Karma\u015f\u0131k ajur tasar\u0131m\u0131 ve ip kenar\u0131 detaylar\u0131yla Londra'daki at\u00f6lyemizde el yap\u0131m\u0131 olarak \u00fcretilmi\u015ftir.","breadcrumb":{"@id":"https:\/\/www.purejewels.com\/product\/22ct-gold-armari-collection-earrings-51430\/#breadcrumb"},"inLanguage":"tr","potentialAction":[{"@type":"ReadAction","target":["https:\/\/www.purejewels.com\/product\/22ct-gold-armari-collection-earrings-51430\/"]}]},{"@type":"ImageObject","inLanguage":"tr","@id":"https:\/\/www.purejewels.com\/product\/22ct-gold-armari-collection-earrings-51430\/#primaryimage","url":"https:\/\/static.purejewels.com\/wp-content\/uploads\/2024\/10\/SKU-49126.png","contentUrl":"https:\/\/static.purejewels.com\/wp-content\/uploads\/2024\/10\/SKU-49126.png","width":1000,"height":1000,"caption":"22ct gold earrings"},{"@type":"BreadcrumbList","@id":"https:\/\/www.purejewels.com\/product\/22ct-gold-armari-collection-earrings-51430\/#breadcrumb","itemListElement":[{"@type":"ListItem","position":1,"name":"Home","item":"https:\/\/www.purejewels.com\/"},{"@type":"ListItem","position":2,"name":"Shop","item":"https:\/\/www.purejewels.com\/shop\/"},{"@type":"ListItem","position":3,"name":"22ct Gold Armari Collection Earrings"}]},{"@type":"WebSite","@id":"https:\/\/www.purejewels.com\/#website","url":"https:\/\/www.purejewels.com\/","name":"PureJewels \u0130ngiltere","description":"Sevgiyi Payla\u015f\u0131n","publisher":{"@id":"https:\/\/www.purejewels.com\/#organization"},"potentialAction":[{"@type":"SearchAction","target":{"@type":"EntryPoint","urlTemplate":"https:\/\/www.purejewels.com\/?s={search_term_string}"},"query-input":{"@type":"PropertyValueSpecification","valueRequired":true,"valueName":"search_term_string"}}],"inLanguage":"tr"},{"@type":"Organization","@id":"https:\/\/www.purejewels.com\/#organization","name":"PureJewels \u0130ngiltere","url":"https:\/\/www.purejewels.com\/","logo":{"@type":"ImageObject","inLanguage":"tr","@id":"https:\/\/www.purejewels.com\/#\/schema\/logo\/image\/","url":"https:\/\/static.purejewels.com\/wp-content\/uploads\/2020\/11\/Logo-PJ-New-1.png","contentUrl":"https:\/\/static.purejewels.com\/wp-content\/uploads\/2020\/11\/Logo-PJ-New-1.png","width":150,"height":80,"caption":"PureJewels UK"},"image":{"@id":"https:\/\/www.purejewels.com\/#\/schema\/logo\/image\/"}}]}},"_links":{"self":[{"href":"https:\/\/www.purejewels.com\/tr\/wp-json\/wp\/v2\/product\/416295","targetHints":{"allow":["GET"]}}],"collection":[{"href":"https:\/\/www.purejewels.com\/tr\/wp-json\/wp\/v2\/product"}],"about":[{"href":"https:\/\/www.purejewels.com\/tr\/wp-json\/wp\/v2\/types\/product"}],"replies":[{"embeddable":true,"href":"https:\/\/www.purejewels.com\/tr\/wp-json\/wp\/v2\/comments?post=416295"}],"version-history":[{"count":1,"href":"https:\/\/www.purejewels.com\/tr\/wp-json\/wp\/v2\/product\/416295\/revisions"}],"predecessor-version":[{"id":416297,"href":"https:\/\/www.purejewels.com\/tr\/wp-json\/wp\/v2\/product\/416295\/revisions\/416297"}],"wp:featuredmedia":[{"embeddable":true,"href":"https:\/\/www.purejewels.com\/tr\/wp-json\/wp\/v2\/media\/373712"}],"wp:attachment":[{"href":"https:\/\/www.purejewels.com\/tr\/wp-json\/wp\/v2\/media?parent=416295"}],"wp:term":[{"taxonomy":"product_brand","embeddable":true,"href":"https:\/\/www.purejewels.com\/tr\/wp-json\/wp\/v2\/product_brand?post=416295"},{"taxonomy":"product_cat","embeddable":true,"href":"https:\/\/www.purejewels.com\/tr\/wp-json\/wp\/v2\/product_cat?post=416295"},{"taxonomy":"product_tag","embeddable":true,"href":"https:\/\/www.purejewels.com\/tr\/wp-json\/wp\/v2\/product_tag?post=416295"}],"curies":[{"name":"wp","href":"https:\/\/api.w.org\/{rel}","templated":true}]}}