{"id":416622,"date":"2025-09-01T10:55:09","date_gmt":"2025-09-01T09:55:09","guid":{"rendered":"https:\/\/www.purejewels.com\/?post_type=product&#038;p=416622"},"modified":"2026-02-14T17:07:06","modified_gmt":"2026-02-14T17:07:06","slug":"armari-22-ayar-altin-bant-yuzuk","status":"publish","type":"product","link":"https:\/\/www.purejewels.com\/tr\/product\/armari-22ct-gold-band-ring\/","title":{"rendered":"Armari 22 Ayar Alt\u0131n Bant Y\u00fcz\u00fck"},"content":{"rendered":"<h3>Tasar\u0131m Konsepti<\/h3>\n<p>3 Katmanl\u0131 Armari Kordon, z\u0131rh\u0131n koruyucu g\u00fcc\u00fcnden esinlenilmi\u015f ve bir g\u00fc\u00e7lendirme sembol\u00fc olarak m\u00fccevhere d\u00f6n\u00fc\u015ft\u00fcr\u00fclm\u00fc\u015ft\u00fcr. Halat kenarlarla \u00e7er\u00e7evelenmi\u015f ve cilal\u0131 disklerle noktal\u0131 a\u00e7\u0131k kafes tasar\u0131m\u0131, derinlik, karakter ve zamans\u0131z bir \u00e7ekicilik katan antika bir kaplama ile y\u00fckseltilmi\u015ftir.<\/p>\n<h3>Zanaatkarl\u0131k<\/h3>\n<p>22 ayar alt\u0131ndan \u00fcretilen kordon, yap\u0131 ve zarafeti dengeleyen geleneksel tekniklerle \u015fekillendirilmi\u015ftir. Her bir katman \u00f6zenle in\u015fa edilmi\u015ftir, antik kaplama karma\u015f\u0131k kafes i\u015f\u00e7ili\u011fini geli\u015ftirir ve y\u00fcz\u00fc\u011fe se\u00e7kin, yadig\u00e2r bir kalite kazand\u0131r\u0131r.<\/p>\n<h3>Stil \u0130pu\u00e7lar\u0131<\/h3>\n<p>Bu y\u00fcz\u00fck, galalarda veya geleneksel kutlamalarda cesur bir ifade par\u00e7as\u0131 olarak tak\u0131labilir veya g\u00fcnl\u00fck stile benzersiz bir dokunu\u015f katan bir koleksiyon par\u00e7as\u0131 olarak de\u011ferlendirilebilir. Tek ba\u015f\u0131na takmak i\u00e7in idealdir, ancak denge i\u00e7in sade alt\u0131n bileziklerle de g\u00fczel bir \u015fekilde e\u015fle\u015fir.<\/p>","protected":false},"excerpt":{"rendered":"<p>22 ayar alt\u0131ndan 3 Katmanl\u0131 Armari Kordon, halat kenarl\u0131 kafes i\u015f\u00e7ili\u011fi ve parlat\u0131lm\u0131\u015f disklerle antika bir kaplamaya sahiptir. Geleneksel z\u0131rhlardan esinlenilerek tasarlanan bu kordon, g\u00fc\u00e7 ve kudretin bir ifadesidir ve b\u00fcy\u00fck g\u00fcnler ya da g\u00fcnl\u00fck kullan\u0131m i\u00e7in \u00e7ok y\u00f6nl\u00fcd\u00fcr.<\/p>\n<p><strong>Malzeme:<\/strong> 22 Ayar Alt\u0131n (91,6% Saf Alt\u0131n)<br \/>\n<strong>Hallmark:<\/strong>\u00a0\u0130ngiliz Damgas\u0131<br \/>\n<strong>Br\u00fct A\u011f\u0131rl\u0131k Aral\u0131\u011f\u0131:<\/strong> 2,7- 3,3 Gms<br \/>\n<strong>Y\u00fcz\u00fck \u00d6l\u00e7\u00fcs\u00fc:<\/strong> Farkl\u0131 boyutlarda mevcuttur<br \/>\n<strong>Geni\u015flik:<\/strong> 8,5 mm - 9 mm<br \/>\n<strong>SKU:\u00a0<\/strong>52990, 52257, 51466, 51464, 51463, 51462, 51461, 51459, 51454, 51453, 51452<\/p>\n<p><strong>Fiyat ve Teslimat<\/strong>: KDV ve teslimat \u00fccreti dahil<br \/>\nTalep \u00fczerine uluslararas\u0131 nakliye mevcuttur<br \/>\n<a href=\"https:\/\/www.purejewels.com\/tr\/i%cc%87ade-poli%cc%87ti%cc%87kasi\/\">\u0130ade Politikas\u0131<\/a><\/p>","protected":false},"featured_media":392069,"comment_status":"closed","ping_status":"closed","template":"","meta":{"_eb_attr":"","_crsspst_to_jayantr4sg-hostcom":false},"product_brand":[],"product_cat":[1791,6158,245,5642,236,1793,1792,1790,1229,1235,1783,1786],"product_tag":[],"class_list":{"0":"post-416622","1":"product","2":"type-product","3":"status-publish","4":"has-post-thumbnail","6":"product_cat-anniversary-gifts","7":"product_cat-armari-band","8":"product_cat-armari-collections","9":"product_cat-armari-ring","10":"product_cat-collections","11":"product_cat-diwali-gifts","12":"product_cat-festival-gifts","13":"product_cat-for-whom-when","14":"product_cat-22ct-gold-jewellery","15":"product_cat-gold-rings","16":"product_cat-ladies-rings","17":"product_cat-occasional-wear-rings","19":"first","20":"instock","21":"taxable","22":"shipping-taxable","23":"purchasable","24":"product-type-variable","25":"add-to-wishlist-before_image"},"yoast_head":"<!-- This site is optimized with the Yoast SEO plugin v27.5 - https:\/\/yoast.com\/product\/yoast-seo-wordpress\/ -->\n<title>22ct Handcrafted Armari Collection Ring | London Atelier Jewelry<\/title>\n<meta name=\"description\" content=\"Explore the 22ct handcrafted Armari Collection Ring designed and assembled at our London Atelier. A timeless blend of traditional craftsmanship.\" \/>\n<meta name=\"robots\" content=\"index, follow, max-snippet:-1, max-image-preview:large, max-video-preview:-1\" \/>\n<link rel=\"canonical\" href=\"https:\/\/www.purejewels.com\/tr\/urun\/armari-22-ayar-altin-bant-yuzuk\/\" \/>\n<meta property=\"og:locale\" content=\"tr_TR\" \/>\n<meta property=\"og:type\" content=\"article\" \/>\n<meta property=\"og:title\" content=\"22ct Handcrafted Armari Collection Ring | London Atelier Jewelry\" \/>\n<meta property=\"og:description\" content=\"Explore the 22ct handcrafted Armari Collection Ring designed and assembled at our London Atelier. A timeless blend of traditional craftsmanship.\" \/>\n<meta property=\"og:url\" content=\"https:\/\/www.purejewels.com\/tr\/urun\/armari-22-ayar-altin-bant-yuzuk\/\" \/>\n<meta property=\"og:site_name\" content=\"PureJewels UK\" \/>\n<meta property=\"article:modified_time\" content=\"2026-02-14T17:07:06+00:00\" \/>\n<meta property=\"og:image\" content=\"https:\/\/static.purejewels.com\/wp-content\/uploads\/2025\/01\/51459.png\" \/>\n\t<meta property=\"og:image:width\" content=\"1000\" \/>\n\t<meta property=\"og:image:height\" content=\"1000\" \/>\n\t<meta property=\"og:image:type\" content=\"image\/png\" \/>\n<meta name=\"twitter:card\" content=\"summary_large_image\" \/>\n<meta name=\"twitter:label1\" content=\"Tahmini okuma s\u00fcresi\" \/>\n\t<meta name=\"twitter:data1\" content=\"1 dakika\" \/>\n<script type=\"application\/ld+json\" class=\"yoast-schema-graph\">{\"@context\":\"https:\\\/\\\/schema.org\",\"@graph\":[{\"@type\":[\"WebPage\",\"ItemPage\"],\"@id\":\"https:\\\/\\\/www.purejewels.com\\\/product\\\/armari-22ct-gold-band-ring\\\/\",\"url\":\"https:\\\/\\\/www.purejewels.com\\\/product\\\/armari-22ct-gold-band-ring\\\/\",\"name\":\"22ct Handcrafted Armari Collection Ring | London Atelier Jewelry\",\"isPartOf\":{\"@id\":\"https:\\\/\\\/www.purejewels.com\\\/#website\"},\"primaryImageOfPage\":{\"@id\":\"https:\\\/\\\/www.purejewels.com\\\/product\\\/armari-22ct-gold-band-ring\\\/#primaryimage\"},\"image\":{\"@id\":\"https:\\\/\\\/www.purejewels.com\\\/product\\\/armari-22ct-gold-band-ring\\\/#primaryimage\"},\"thumbnailUrl\":\"https:\\\/\\\/static.purejewels.com\\\/wp-content\\\/uploads\\\/2025\\\/01\\\/51459.png\",\"datePublished\":\"2025-09-01T09:55:09+00:00\",\"dateModified\":\"2026-02-14T17:07:06+00:00\",\"description\":\"Explore the 22ct handcrafted Armari Collection Ring designed and assembled at our London Atelier. A timeless blend of traditional craftsmanship.\",\"breadcrumb\":{\"@id\":\"https:\\\/\\\/www.purejewels.com\\\/product\\\/armari-22ct-gold-band-ring\\\/#breadcrumb\"},\"inLanguage\":\"tr\",\"potentialAction\":[{\"@type\":\"ReadAction\",\"target\":[\"https:\\\/\\\/www.purejewels.com\\\/product\\\/armari-22ct-gold-band-ring\\\/\"]}]},{\"@type\":\"ImageObject\",\"inLanguage\":\"tr\",\"@id\":\"https:\\\/\\\/www.purejewels.com\\\/product\\\/armari-22ct-gold-band-ring\\\/#primaryimage\",\"url\":\"https:\\\/\\\/static.purejewels.com\\\/wp-content\\\/uploads\\\/2025\\\/01\\\/51459.png\",\"contentUrl\":\"https:\\\/\\\/static.purejewels.com\\\/wp-content\\\/uploads\\\/2025\\\/01\\\/51459.png\",\"width\":1000,\"height\":1000,\"caption\":\"22ct Gold Unisex Band\"},{\"@type\":\"BreadcrumbList\",\"@id\":\"https:\\\/\\\/www.purejewels.com\\\/product\\\/armari-22ct-gold-band-ring\\\/#breadcrumb\",\"itemListElement\":[{\"@type\":\"ListItem\",\"position\":1,\"name\":\"Home\",\"item\":\"https:\\\/\\\/www.purejewels.com\\\/\"},{\"@type\":\"ListItem\",\"position\":2,\"name\":\"Shop\",\"item\":\"https:\\\/\\\/www.purejewels.com\\\/shop\\\/\"},{\"@type\":\"ListItem\",\"position\":3,\"name\":\"Armari 22ct Gold Band Ring\"}]},{\"@type\":\"WebSite\",\"@id\":\"https:\\\/\\\/www.purejewels.com\\\/#website\",\"url\":\"https:\\\/\\\/www.purejewels.com\\\/\",\"name\":\"PureJewels UK\",\"description\":\"Share the Love\",\"publisher\":{\"@id\":\"https:\\\/\\\/www.purejewels.com\\\/#organization\"},\"potentialAction\":[{\"@type\":\"SearchAction\",\"target\":{\"@type\":\"EntryPoint\",\"urlTemplate\":\"https:\\\/\\\/www.purejewels.com\\\/?s={search_term_string}\"},\"query-input\":{\"@type\":\"PropertyValueSpecification\",\"valueRequired\":true,\"valueName\":\"search_term_string\"}}],\"inLanguage\":\"tr\"},{\"@type\":\"Organization\",\"@id\":\"https:\\\/\\\/www.purejewels.com\\\/#organization\",\"name\":\"PureJewels UK\",\"url\":\"https:\\\/\\\/www.purejewels.com\\\/\",\"logo\":{\"@type\":\"ImageObject\",\"inLanguage\":\"tr\",\"@id\":\"https:\\\/\\\/www.purejewels.com\\\/#\\\/schema\\\/logo\\\/image\\\/\",\"url\":\"https:\\\/\\\/static.purejewels.com\\\/wp-content\\\/uploads\\\/2020\\\/11\\\/Logo-PJ-New-1.png\",\"contentUrl\":\"https:\\\/\\\/static.purejewels.com\\\/wp-content\\\/uploads\\\/2020\\\/11\\\/Logo-PJ-New-1.png\",\"width\":150,\"height\":80,\"caption\":\"PureJewels UK\"},\"image\":{\"@id\":\"https:\\\/\\\/www.purejewels.com\\\/#\\\/schema\\\/logo\\\/image\\\/\"}}]}<\/script>\n<!-- \/ Yoast SEO plugin. -->","yoast_head_json":{"title":"22ct El Yap\u0131m\u0131 Armari Koleksiyonu Y\u00fcz\u00fck | Londra Atelier M\u00fccevher","description":"Londra At\u00f6lyemizde tasarlanan ve monte edilen 22 ayar el yap\u0131m\u0131 Armari Koleksiyon Y\u00fcz\u00fc\u011f\u00fcn\u00fc ke\u015ffedin. Geleneksel i\u015f\u00e7ili\u011fin zamans\u0131z bir kar\u0131\u015f\u0131m\u0131.","robots":{"index":"index","follow":"follow","max-snippet":"max-snippet:-1","max-image-preview":"max-image-preview:large","max-video-preview":"max-video-preview:-1"},"canonical":"https:\/\/www.purejewels.com\/tr\/urun\/armari-22-ayar-altin-bant-yuzuk\/","og_locale":"tr_TR","og_type":"article","og_title":"22ct Handcrafted Armari Collection Ring | London Atelier Jewelry","og_description":"Explore the 22ct handcrafted Armari Collection Ring designed and assembled at our London Atelier. A timeless blend of traditional craftsmanship.","og_url":"https:\/\/www.purejewels.com\/tr\/urun\/armari-22-ayar-altin-bant-yuzuk\/","og_site_name":"PureJewels UK","article_modified_time":"2026-02-14T17:07:06+00:00","og_image":[{"width":1000,"height":1000,"url":"https:\/\/static.purejewels.com\/wp-content\/uploads\/2025\/01\/51459.png","type":"image\/png"}],"twitter_card":"summary_large_image","twitter_misc":{"Tahmini okuma s\u00fcresi":"1 dakika"},"schema":{"@context":"https:\/\/schema.org","@graph":[{"@type":["WebPage","ItemPage"],"@id":"https:\/\/www.purejewels.com\/product\/armari-22ct-gold-band-ring\/","url":"https:\/\/www.purejewels.com\/product\/armari-22ct-gold-band-ring\/","name":"22ct El Yap\u0131m\u0131 Armari Koleksiyonu Y\u00fcz\u00fck | Londra Atelier M\u00fccevher","isPartOf":{"@id":"https:\/\/www.purejewels.com\/#website"},"primaryImageOfPage":{"@id":"https:\/\/www.purejewels.com\/product\/armari-22ct-gold-band-ring\/#primaryimage"},"image":{"@id":"https:\/\/www.purejewels.com\/product\/armari-22ct-gold-band-ring\/#primaryimage"},"thumbnailUrl":"https:\/\/static.purejewels.com\/wp-content\/uploads\/2025\/01\/51459.png","datePublished":"2025-09-01T09:55:09+00:00","dateModified":"2026-02-14T17:07:06+00:00","description":"Londra At\u00f6lyemizde tasarlanan ve monte edilen 22 ayar el yap\u0131m\u0131 Armari Koleksiyon Y\u00fcz\u00fc\u011f\u00fcn\u00fc ke\u015ffedin. Geleneksel i\u015f\u00e7ili\u011fin zamans\u0131z bir kar\u0131\u015f\u0131m\u0131.","breadcrumb":{"@id":"https:\/\/www.purejewels.com\/product\/armari-22ct-gold-band-ring\/#breadcrumb"},"inLanguage":"tr","potentialAction":[{"@type":"ReadAction","target":["https:\/\/www.purejewels.com\/product\/armari-22ct-gold-band-ring\/"]}]},{"@type":"ImageObject","inLanguage":"tr","@id":"https:\/\/www.purejewels.com\/product\/armari-22ct-gold-band-ring\/#primaryimage","url":"https:\/\/static.purejewels.com\/wp-content\/uploads\/2025\/01\/51459.png","contentUrl":"https:\/\/static.purejewels.com\/wp-content\/uploads\/2025\/01\/51459.png","width":1000,"height":1000,"caption":"22ct Gold Unisex Band"},{"@type":"BreadcrumbList","@id":"https:\/\/www.purejewels.com\/product\/armari-22ct-gold-band-ring\/#breadcrumb","itemListElement":[{"@type":"ListItem","position":1,"name":"Home","item":"https:\/\/www.purejewels.com\/"},{"@type":"ListItem","position":2,"name":"Shop","item":"https:\/\/www.purejewels.com\/shop\/"},{"@type":"ListItem","position":3,"name":"Armari 22ct Gold Band Ring"}]},{"@type":"WebSite","@id":"https:\/\/www.purejewels.com\/#website","url":"https:\/\/www.purejewels.com\/","name":"PureJewels \u0130ngiltere","description":"Sevgiyi Payla\u015f\u0131n","publisher":{"@id":"https:\/\/www.purejewels.com\/#organization"},"potentialAction":[{"@type":"SearchAction","target":{"@type":"EntryPoint","urlTemplate":"https:\/\/www.purejewels.com\/?s={search_term_string}"},"query-input":{"@type":"PropertyValueSpecification","valueRequired":true,"valueName":"search_term_string"}}],"inLanguage":"tr"},{"@type":"Organization","@id":"https:\/\/www.purejewels.com\/#organization","name":"PureJewels \u0130ngiltere","url":"https:\/\/www.purejewels.com\/","logo":{"@type":"ImageObject","inLanguage":"tr","@id":"https:\/\/www.purejewels.com\/#\/schema\/logo\/image\/","url":"https:\/\/static.purejewels.com\/wp-content\/uploads\/2020\/11\/Logo-PJ-New-1.png","contentUrl":"https:\/\/static.purejewels.com\/wp-content\/uploads\/2020\/11\/Logo-PJ-New-1.png","width":150,"height":80,"caption":"PureJewels UK"},"image":{"@id":"https:\/\/www.purejewels.com\/#\/schema\/logo\/image\/"}}]}},"_links":{"self":[{"href":"https:\/\/www.purejewels.com\/tr\/wp-json\/wp\/v2\/product\/416622","targetHints":{"allow":["GET"]}}],"collection":[{"href":"https:\/\/www.purejewels.com\/tr\/wp-json\/wp\/v2\/product"}],"about":[{"href":"https:\/\/www.purejewels.com\/tr\/wp-json\/wp\/v2\/types\/product"}],"replies":[{"embeddable":true,"href":"https:\/\/www.purejewels.com\/tr\/wp-json\/wp\/v2\/comments?post=416622"}],"version-history":[{"count":3,"href":"https:\/\/www.purejewels.com\/tr\/wp-json\/wp\/v2\/product\/416622\/revisions"}],"predecessor-version":[{"id":416670,"href":"https:\/\/www.purejewels.com\/tr\/wp-json\/wp\/v2\/product\/416622\/revisions\/416670"}],"wp:featuredmedia":[{"embeddable":true,"href":"https:\/\/www.purejewels.com\/tr\/wp-json\/wp\/v2\/media\/392069"}],"wp:attachment":[{"href":"https:\/\/www.purejewels.com\/tr\/wp-json\/wp\/v2\/media?parent=416622"}],"wp:term":[{"taxonomy":"product_brand","embeddable":true,"href":"https:\/\/www.purejewels.com\/tr\/wp-json\/wp\/v2\/product_brand?post=416622"},{"taxonomy":"product_cat","embeddable":true,"href":"https:\/\/www.purejewels.com\/tr\/wp-json\/wp\/v2\/product_cat?post=416622"},{"taxonomy":"product_tag","embeddable":true,"href":"https:\/\/www.purejewels.com\/tr\/wp-json\/wp\/v2\/product_tag?post=416622"}],"curies":[{"name":"wp","href":"https:\/\/api.w.org\/{rel}","templated":true}]}}