{"id":416702,"date":"2025-06-24T12:44:05","date_gmt":"2025-06-24T11:44:05","guid":{"rendered":"https:\/\/www.purejewels.com\/?post_type=product&#038;p=416702"},"modified":"2026-04-24T11:11:26","modified_gmt":"2026-04-24T10:11:26","slug":"emaye-detayli-22-ayar-altin-radha-krishna-kolye-53051","status":"publish","type":"product","link":"https:\/\/www.purejewels.com\/tr\/product\/22ct-gold-radha-krishna-pendant-with-enamel-detailing-53051\/","title":{"rendered":"22 Ayar Alt\u0131n Emaye Radha Krishna Kolye Ucu"},"content":{"rendered":"<h3>Tasar\u0131m Konsepti<\/h3>\n<p>Radha ve Krishna'n\u0131n ebedi a\u015fk hikayesinden ilham alan kolye ucu uyum, ba\u011fl\u0131l\u0131k ve ruhani ba\u011f\u0131 simgeliyor. Emaye detaylar derinlik ve canl\u0131l\u0131k katarken, heykelsi form minyat\u00fcr bir sanat formunda hareket ve zarafeti yakal\u0131yor.<\/p>\n<h3>Zanaatkarl\u0131k<\/h3>\n<p>Yetenekli zanaatk\u00e2rlar taraf\u0131ndan yap\u0131lan bu kolye ucu, nesillerdir s\u00fcregelen kuyumculuk miras\u0131n\u0131 yans\u0131tmaktad\u0131r. Fig\u00fcrler ince detaylar\u0131 sergilemek i\u00e7in titizlikle i\u015flenirken, ilahi imgeleri g\u00fc\u00e7lendirmek i\u00e7in mine \u00f6zenle uygulanm\u0131\u015ft\u0131r. Her par\u00e7a 22 ayar alt\u0131n\u0131n safl\u0131\u011f\u0131n\u0131 garanti etmek i\u00e7in damgalanm\u0131\u015ft\u0131r.<\/p>\n<h3>Stil \u0130pu\u00e7lar\u0131<\/h3>\n<ul>\n<li>\u0130nce bir ruhani dokunu\u015f i\u00e7in 22 ayar ince bir zincir \u00fczerine tak\u0131n<\/li>\n<li>Bayram g\u00fcnleri veya adanm\u0131\u015fl\u0131k t\u00f6renleri i\u00e7in uygundur<\/li>\n<\/ul>\n<p>&nbsp;<\/p>","protected":false},"excerpt":{"rendered":"<p>Radha Krishna'y\u0131 tasvir eden, ye\u015fil mine ve sembolik i\u015f\u00e7ilikle zenginle\u015ftirilmi\u015f 22 ayar alt\u0131ndan \u0131\u015f\u0131lt\u0131l\u0131 bir kolye ucu. Ba\u011fl\u0131l\u0131\u011f\u0131 ve sanat\u0131 kutlayan zamans\u0131z bir m\u00fccevher.<\/p>\n<p><strong>Malzeme:<\/strong>\u00a022 Ayar Alt\u0131n<strong><br \/>\nHallmark:\u00a0<\/strong>\u0130ngiliz Damgas\u0131<strong><br \/>\n<\/strong><strong>Br\u00fct A\u011f\u0131rl\u0131k: <\/strong>3.55 Gms<strong><br \/>\nSKU: <\/strong>53051<\/p>\n<p><strong>Fiyat ve Teslimat: <\/strong>Zincir fiyat\u0131 dahil de\u011fildir, KDV ve teslimat \u00fccretleri dahildir<strong><br \/>\n<a href=\"https:\/\/www.purejewels.com\/tr\/i%cc%87ade-poli%cc%87ti%cc%87kasi\/\">\u0130ade Politikas\u0131<\/a><\/strong><\/p>","protected":false},"featured_media":407168,"comment_status":"closed","ping_status":"closed","template":"","meta":{"_eb_attr":"","_crsspst_to_jayantr4sg-hostcom":true},"product_brand":[],"product_cat":[1229,1255,1767,1572,1768,1701,1573,5349],"product_tag":[],"class_list":{"0":"post-416702","1":"product","2":"type-product","3":"status-publish","4":"has-post-thumbnail","6":"product_cat-22ct-gold-jewellery","7":"product_cat-gold-pendants","8":"product_cat-ladies-pendants","9":"product_cat-mens-jewellery","10":"product_cat-mens-pendants","11":"product_cat-religious-pendants","12":"product_cat-wedding-gifts","13":"product_cat-yellow-gold-jewellery","15":"first","16":"instock","17":"taxable","18":"shipping-taxable","19":"purchasable","20":"product-type-simple","21":"add-to-wishlist-before_image"},"yoast_head":"<!-- This site is optimized with the Yoast SEO plugin v27.5 - https:\/\/yoast.com\/product\/yoast-seo-wordpress\/ -->\n<title>22ct Gold Radha Krishna Pendant | PureJewels London<\/title>\n<meta name=\"description\" content=\"Discover divine artistry with our 22ct Gold Radha Krishna Pendant. Featuring vibrant enamel accents and handcrafted detailing, it symbolises eternal love.\" \/>\n<meta name=\"robots\" content=\"index, follow, max-snippet:-1, max-image-preview:large, max-video-preview:-1\" \/>\n<link rel=\"canonical\" href=\"https:\/\/www.purejewels.com\/tr\/urun\/emaye-detayli-22-ayar-altin-radha-krishna-kolye-53051\/\" \/>\n<meta property=\"og:locale\" content=\"tr_TR\" \/>\n<meta property=\"og:type\" content=\"article\" \/>\n<meta property=\"og:title\" content=\"22ct Gold Radha Krishna Pendant | PureJewels London\" \/>\n<meta property=\"og:description\" content=\"Discover divine artistry with our 22ct Gold Radha Krishna Pendant. Featuring vibrant enamel accents and handcrafted detailing, it symbolises eternal love.\" \/>\n<meta property=\"og:url\" content=\"https:\/\/www.purejewels.com\/tr\/urun\/emaye-detayli-22-ayar-altin-radha-krishna-kolye-53051\/\" \/>\n<meta property=\"og:site_name\" content=\"PureJewels UK\" \/>\n<meta property=\"article:modified_time\" content=\"2026-04-24T10:11:26+00:00\" \/>\n<meta property=\"og:image\" content=\"https:\/\/static.purejewels.com\/wp-content\/uploads\/2025\/04\/SKU-51003-2.jpg\" \/>\n\t<meta property=\"og:image:width\" content=\"1000\" \/>\n\t<meta property=\"og:image:height\" content=\"1000\" \/>\n\t<meta property=\"og:image:type\" content=\"image\/jpeg\" \/>\n<meta name=\"twitter:card\" content=\"summary_large_image\" \/>\n<meta name=\"twitter:label1\" content=\"Tahmini okuma s\u00fcresi\" \/>\n\t<meta name=\"twitter:data1\" content=\"1 dakika\" \/>\n<script type=\"application\/ld+json\" class=\"yoast-schema-graph\">{\"@context\":\"https:\\\/\\\/schema.org\",\"@graph\":[{\"@type\":[\"WebPage\",\"ItemPage\"],\"@id\":\"https:\\\/\\\/www.purejewels.com\\\/product\\\/22ct-gold-radha-krishna-pendant-with-enamel-detailing-53051\\\/\",\"url\":\"https:\\\/\\\/www.purejewels.com\\\/product\\\/22ct-gold-radha-krishna-pendant-with-enamel-detailing-53051\\\/\",\"name\":\"22ct Gold Radha Krishna Pendant | PureJewels London\",\"isPartOf\":{\"@id\":\"https:\\\/\\\/www.purejewels.com\\\/#website\"},\"primaryImageOfPage\":{\"@id\":\"https:\\\/\\\/www.purejewels.com\\\/product\\\/22ct-gold-radha-krishna-pendant-with-enamel-detailing-53051\\\/#primaryimage\"},\"image\":{\"@id\":\"https:\\\/\\\/www.purejewels.com\\\/product\\\/22ct-gold-radha-krishna-pendant-with-enamel-detailing-53051\\\/#primaryimage\"},\"thumbnailUrl\":\"https:\\\/\\\/static.purejewels.com\\\/wp-content\\\/uploads\\\/2025\\\/04\\\/SKU-51003-2.jpg\",\"datePublished\":\"2025-06-24T11:44:05+00:00\",\"dateModified\":\"2026-04-24T10:11:26+00:00\",\"description\":\"Discover divine artistry with our 22ct Gold Radha Krishna Pendant. Featuring vibrant enamel accents and handcrafted detailing, it symbolises eternal love.\",\"breadcrumb\":{\"@id\":\"https:\\\/\\\/www.purejewels.com\\\/product\\\/22ct-gold-radha-krishna-pendant-with-enamel-detailing-53051\\\/#breadcrumb\"},\"inLanguage\":\"tr\",\"potentialAction\":[{\"@type\":\"ReadAction\",\"target\":[\"https:\\\/\\\/www.purejewels.com\\\/product\\\/22ct-gold-radha-krishna-pendant-with-enamel-detailing-53051\\\/\"]}]},{\"@type\":\"ImageObject\",\"inLanguage\":\"tr\",\"@id\":\"https:\\\/\\\/www.purejewels.com\\\/product\\\/22ct-gold-radha-krishna-pendant-with-enamel-detailing-53051\\\/#primaryimage\",\"url\":\"https:\\\/\\\/static.purejewels.com\\\/wp-content\\\/uploads\\\/2025\\\/04\\\/SKU-51003-2.jpg\",\"contentUrl\":\"https:\\\/\\\/static.purejewels.com\\\/wp-content\\\/uploads\\\/2025\\\/04\\\/SKU-51003-2.jpg\",\"width\":1000,\"height\":1000,\"caption\":\"22ct Gold Radha Krishna Pendant\"},{\"@type\":\"BreadcrumbList\",\"@id\":\"https:\\\/\\\/www.purejewels.com\\\/product\\\/22ct-gold-radha-krishna-pendant-with-enamel-detailing-53051\\\/#breadcrumb\",\"itemListElement\":[{\"@type\":\"ListItem\",\"position\":1,\"name\":\"Home\",\"item\":\"https:\\\/\\\/www.purejewels.com\\\/\"},{\"@type\":\"ListItem\",\"position\":2,\"name\":\"Shop\",\"item\":\"https:\\\/\\\/www.purejewels.com\\\/shop\\\/\"},{\"@type\":\"ListItem\",\"position\":3,\"name\":\"22ct Gold Radha Krishna Pendant with Enamel\"}]},{\"@type\":\"WebSite\",\"@id\":\"https:\\\/\\\/www.purejewels.com\\\/#website\",\"url\":\"https:\\\/\\\/www.purejewels.com\\\/\",\"name\":\"PureJewels UK\",\"description\":\"Share the Love\",\"publisher\":{\"@id\":\"https:\\\/\\\/www.purejewels.com\\\/#organization\"},\"potentialAction\":[{\"@type\":\"SearchAction\",\"target\":{\"@type\":\"EntryPoint\",\"urlTemplate\":\"https:\\\/\\\/www.purejewels.com\\\/?s={search_term_string}\"},\"query-input\":{\"@type\":\"PropertyValueSpecification\",\"valueRequired\":true,\"valueName\":\"search_term_string\"}}],\"inLanguage\":\"tr\"},{\"@type\":\"Organization\",\"@id\":\"https:\\\/\\\/www.purejewels.com\\\/#organization\",\"name\":\"PureJewels UK\",\"url\":\"https:\\\/\\\/www.purejewels.com\\\/\",\"logo\":{\"@type\":\"ImageObject\",\"inLanguage\":\"tr\",\"@id\":\"https:\\\/\\\/www.purejewels.com\\\/#\\\/schema\\\/logo\\\/image\\\/\",\"url\":\"https:\\\/\\\/static.purejewels.com\\\/wp-content\\\/uploads\\\/2020\\\/11\\\/Logo-PJ-New-1.png\",\"contentUrl\":\"https:\\\/\\\/static.purejewels.com\\\/wp-content\\\/uploads\\\/2020\\\/11\\\/Logo-PJ-New-1.png\",\"width\":150,\"height\":80,\"caption\":\"PureJewels UK\"},\"image\":{\"@id\":\"https:\\\/\\\/www.purejewels.com\\\/#\\\/schema\\\/logo\\\/image\\\/\"}}]}<\/script>\n<!-- \/ Yoast SEO plugin. -->","yoast_head_json":{"title":"22 Ayar Alt\u0131n Radha Krishna Kolye Ucu | PureJewels London","description":"22ct Alt\u0131n Radha Krishna Kolyemiz ile ilahi sanat\u0131 ke\u015ffedin. Canl\u0131 mine vurgular\u0131 ve el i\u015fi detaylar\u0131yla sonsuz a\u015fk\u0131 simgeliyor.","robots":{"index":"index","follow":"follow","max-snippet":"max-snippet:-1","max-image-preview":"max-image-preview:large","max-video-preview":"max-video-preview:-1"},"canonical":"https:\/\/www.purejewels.com\/tr\/urun\/emaye-detayli-22-ayar-altin-radha-krishna-kolye-53051\/","og_locale":"tr_TR","og_type":"article","og_title":"22ct Gold Radha Krishna Pendant | PureJewels London","og_description":"Discover divine artistry with our 22ct Gold Radha Krishna Pendant. Featuring vibrant enamel accents and handcrafted detailing, it symbolises eternal love.","og_url":"https:\/\/www.purejewels.com\/tr\/urun\/emaye-detayli-22-ayar-altin-radha-krishna-kolye-53051\/","og_site_name":"PureJewels UK","article_modified_time":"2026-04-24T10:11:26+00:00","og_image":[{"width":1000,"height":1000,"url":"https:\/\/static.purejewels.com\/wp-content\/uploads\/2025\/04\/SKU-51003-2.jpg","type":"image\/jpeg"}],"twitter_card":"summary_large_image","twitter_misc":{"Tahmini okuma s\u00fcresi":"1 dakika"},"schema":{"@context":"https:\/\/schema.org","@graph":[{"@type":["WebPage","ItemPage"],"@id":"https:\/\/www.purejewels.com\/product\/22ct-gold-radha-krishna-pendant-with-enamel-detailing-53051\/","url":"https:\/\/www.purejewels.com\/product\/22ct-gold-radha-krishna-pendant-with-enamel-detailing-53051\/","name":"22 Ayar Alt\u0131n Radha Krishna Kolye Ucu | PureJewels London","isPartOf":{"@id":"https:\/\/www.purejewels.com\/#website"},"primaryImageOfPage":{"@id":"https:\/\/www.purejewels.com\/product\/22ct-gold-radha-krishna-pendant-with-enamel-detailing-53051\/#primaryimage"},"image":{"@id":"https:\/\/www.purejewels.com\/product\/22ct-gold-radha-krishna-pendant-with-enamel-detailing-53051\/#primaryimage"},"thumbnailUrl":"https:\/\/static.purejewels.com\/wp-content\/uploads\/2025\/04\/SKU-51003-2.jpg","datePublished":"2025-06-24T11:44:05+00:00","dateModified":"2026-04-24T10:11:26+00:00","description":"22ct Alt\u0131n Radha Krishna Kolyemiz ile ilahi sanat\u0131 ke\u015ffedin. Canl\u0131 mine vurgular\u0131 ve el i\u015fi detaylar\u0131yla sonsuz a\u015fk\u0131 simgeliyor.","breadcrumb":{"@id":"https:\/\/www.purejewels.com\/product\/22ct-gold-radha-krishna-pendant-with-enamel-detailing-53051\/#breadcrumb"},"inLanguage":"tr","potentialAction":[{"@type":"ReadAction","target":["https:\/\/www.purejewels.com\/product\/22ct-gold-radha-krishna-pendant-with-enamel-detailing-53051\/"]}]},{"@type":"ImageObject","inLanguage":"tr","@id":"https:\/\/www.purejewels.com\/product\/22ct-gold-radha-krishna-pendant-with-enamel-detailing-53051\/#primaryimage","url":"https:\/\/static.purejewels.com\/wp-content\/uploads\/2025\/04\/SKU-51003-2.jpg","contentUrl":"https:\/\/static.purejewels.com\/wp-content\/uploads\/2025\/04\/SKU-51003-2.jpg","width":1000,"height":1000,"caption":"22ct Gold Radha Krishna Pendant"},{"@type":"BreadcrumbList","@id":"https:\/\/www.purejewels.com\/product\/22ct-gold-radha-krishna-pendant-with-enamel-detailing-53051\/#breadcrumb","itemListElement":[{"@type":"ListItem","position":1,"name":"Home","item":"https:\/\/www.purejewels.com\/"},{"@type":"ListItem","position":2,"name":"Shop","item":"https:\/\/www.purejewels.com\/shop\/"},{"@type":"ListItem","position":3,"name":"22ct Gold Radha Krishna Pendant with Enamel"}]},{"@type":"WebSite","@id":"https:\/\/www.purejewels.com\/#website","url":"https:\/\/www.purejewels.com\/","name":"PureJewels \u0130ngiltere","description":"Sevgiyi Payla\u015f\u0131n","publisher":{"@id":"https:\/\/www.purejewels.com\/#organization"},"potentialAction":[{"@type":"SearchAction","target":{"@type":"EntryPoint","urlTemplate":"https:\/\/www.purejewels.com\/?s={search_term_string}"},"query-input":{"@type":"PropertyValueSpecification","valueRequired":true,"valueName":"search_term_string"}}],"inLanguage":"tr"},{"@type":"Organization","@id":"https:\/\/www.purejewels.com\/#organization","name":"PureJewels \u0130ngiltere","url":"https:\/\/www.purejewels.com\/","logo":{"@type":"ImageObject","inLanguage":"tr","@id":"https:\/\/www.purejewels.com\/#\/schema\/logo\/image\/","url":"https:\/\/static.purejewels.com\/wp-content\/uploads\/2020\/11\/Logo-PJ-New-1.png","contentUrl":"https:\/\/static.purejewels.com\/wp-content\/uploads\/2020\/11\/Logo-PJ-New-1.png","width":150,"height":80,"caption":"PureJewels UK"},"image":{"@id":"https:\/\/www.purejewels.com\/#\/schema\/logo\/image\/"}}]}},"_links":{"self":[{"href":"https:\/\/www.purejewels.com\/tr\/wp-json\/wp\/v2\/product\/416702","targetHints":{"allow":["GET"]}}],"collection":[{"href":"https:\/\/www.purejewels.com\/tr\/wp-json\/wp\/v2\/product"}],"about":[{"href":"https:\/\/www.purejewels.com\/tr\/wp-json\/wp\/v2\/types\/product"}],"replies":[{"embeddable":true,"href":"https:\/\/www.purejewels.com\/tr\/wp-json\/wp\/v2\/comments?post=416702"}],"version-history":[{"count":3,"href":"https:\/\/www.purejewels.com\/tr\/wp-json\/wp\/v2\/product\/416702\/revisions"}],"predecessor-version":[{"id":419177,"href":"https:\/\/www.purejewels.com\/tr\/wp-json\/wp\/v2\/product\/416702\/revisions\/419177"}],"wp:featuredmedia":[{"embeddable":true,"href":"https:\/\/www.purejewels.com\/tr\/wp-json\/wp\/v2\/media\/407168"}],"wp:attachment":[{"href":"https:\/\/www.purejewels.com\/tr\/wp-json\/wp\/v2\/media?parent=416702"}],"wp:term":[{"taxonomy":"product_brand","embeddable":true,"href":"https:\/\/www.purejewels.com\/tr\/wp-json\/wp\/v2\/product_brand?post=416702"},{"taxonomy":"product_cat","embeddable":true,"href":"https:\/\/www.purejewels.com\/tr\/wp-json\/wp\/v2\/product_cat?post=416702"},{"taxonomy":"product_tag","embeddable":true,"href":"https:\/\/www.purejewels.com\/tr\/wp-json\/wp\/v2\/product_tag?post=416702"}],"curies":[{"name":"wp","href":"https:\/\/api.w.org\/{rel}","templated":true}]}}