{"id":416710,"date":"2025-08-24T13:09:36","date_gmt":"2025-08-24T12:09:36","guid":{"rendered":"https:\/\/www.purejewels.com\/?post_type=product&#038;p=416710"},"modified":"2026-02-09T07:16:38","modified_gmt":"2026-02-09T07:16:38","slug":"22-ayar-altin-armari-cicek-madalyon-kolye-53007","status":"publish","type":"product","link":"https:\/\/www.purejewels.com\/tr\/product\/22ct-gold-armari-floral-medallion-necklace-53007\/","title":{"rendered":"22 Ayar Alt\u0131n Armari \u00c7i\u00e7ekli Madalyon Kolye"},"content":{"rendered":"<h4 data-start=\"498\" data-end=\"523\"><strong data-start=\"503\" data-end=\"521\">Tasar\u0131m Konsepti<\/strong><\/h4>\n<p data-start=\"524\" data-end=\"958\">Armari \u00c7i\u00e7ekli Madalyon Kolye, refah, ba\u011fl\u0131l\u0131k ve kad\u0131ns\u0131 g\u00fcc\u00fc simgeleyen bir motif olan a\u00e7an \u00e7i\u00e7eklerin sonsuz g\u00fczelli\u011finden ilham al\u0131yor. \u00c7arp\u0131c\u0131 dairesel kolye ucu, hareketle zarif\u00e7e sal\u0131nan narin boncuk damlalar\u0131yla \u00e7er\u00e7evelenen karma\u015f\u0131k ta\u00e7 yapra\u011f\u0131 benzeri detaylarla s\u00fcslenmi\u015ftir. Geleneksel boncuklu zincirle e\u015fle\u015ftirilen tasar\u0131m, cesur bir ifade ve klasik zarafetin uyumlu bir dengesini olu\u015fturuyor.<\/p>\n<h4 data-start=\"960\" data-end=\"984\"><strong data-start=\"965\" data-end=\"982\">Zanaatkarl\u0131k<\/strong><\/h4>\n<p data-start=\"985\" data-end=\"1406\">22 ayar alt\u0131ndan el yap\u0131m\u0131 olarak \u00fcretilen bu kolye 45,69 gram a\u011f\u0131rl\u0131\u011f\u0131nda ve 18 in\u00e7 uzunlu\u011fundad\u0131r. Yetenekli zanaatk\u00e2rlar, kolyenin derinli\u011fini ve katmanl\u0131 dokular\u0131n\u0131 elde etmek i\u00e7in geleneksel kal\u0131p damgalama ve telkari i\u015flerini kullan\u0131rken, k\u00fcresel boncuklar tek tek parlat\u0131larak parlak bir y\u00fczey elde edilmi\u015ftir. Par\u00e7a, Londra Tahlil Ofisi taraf\u0131ndan damgalanarak en y\u00fcksek safl\u0131k ve \u00f6zg\u00fcnl\u00fck standard\u0131n\u0131 garanti eder.<\/p>\n<h4 data-start=\"1408\" data-end=\"1432\"><strong data-start=\"1413\" data-end=\"1430\">Stil Fikirleri<\/strong><\/h4>\n<p data-start=\"1433\" data-end=\"1862\">Bu kolye, gelin \u00e7eyizleri, bayram k\u0131yafetleri veya aile yadigar\u0131 hediyeler i\u00e7in m\u00fckemmel, \u00e7ok y\u00f6nl\u00fc bir hazinedir. K\u00fclt\u00fcrel ve modern bir g\u00f6r\u00fcn\u00fcm i\u00e7in ipek sariler, brokar lehengalar ve hatta \u00e7a\u011fda\u015f elbiselerle stilize edin. Tak\u0131m\u0131n\u0131z\u0131 tamamlamak i\u00e7in alt\u0131n jhumkalar veya Armari Koleksiyonu'ndan uyumlu bilekliklerle e\u015fle\u015ftirin. 18 in\u00e7lik uzunlu\u011fu, onu hem daha uzun kolyelerle katmanlamak hem de tek ba\u015f\u0131na bir ifade merkezi olarak takmak i\u00e7in ideal k\u0131lar.<\/p>","protected":false},"excerpt":{"rendered":"<div class=\"woocommerce-product-details__short-description\">\n<div class=\"woocommerce-product-details__short-description\">Bu 22 ayar alt\u0131n Armari \u00c7i\u00e7ekli Madalyon Kolye, gelenek ve sanat\u0131n zamans\u0131z bir ifadesidir. Boncuklu bir zincir \u00fczerinde as\u0131l\u0131 cesur bir merkezi \u00e7i\u00e7ek kolyesi ile d\u00fc\u011f\u00fcnlere, \u015fenliklere ve de\u011ferli g\u00fcnlere miras zarafeti getiriyor.<\/div>\n<\/div>\n<div><\/div>\n<div><strong>Malzeme:<\/strong> 22 Ayar Alt\u0131n<\/div>\n<div><strong>Safl\u0131k:<\/strong> 91.6% saf<\/div>\n<div><strong>Hallmark:<\/strong> \u0130ngiliz Damgas\u0131<\/div>\n<div><strong>Br\u00fct A\u011f\u0131rl\u0131k: <\/strong>45.69 Gms<\/div>\n<div><strong>Uzunluk:<\/strong> 18 in\u00e7<\/div>\n<div><strong>SKU:<\/strong> 53007<\/div>\n<div>\n<p><strong>Fiyat ve Teslimat<\/strong>: KDV ve teslimat \u00fccreti dahil<br \/>\n<a href=\"https:\/\/www.purejewels.com\/tr\/i%cc%87ade-poli%cc%87ti%cc%87kasi\/\">\u0130ade Politikas\u0131<\/a><\/p>\n<\/div>\n<div class=\"woocommerce-product-details__short-description\">\n<div class=\"btn-atc atc-slide\"><\/div>\n<div class=\"product_meta\"><\/div>\n<\/div>\n<div class=\"btn-atc atc-slide\"><\/div>\n<div class=\"product_meta\"><\/div>","protected":false},"featured_media":416713,"comment_status":"closed","ping_status":"closed","template":"","meta":{"_eb_attr":"","_crsspst_to_jayantr4sg-hostcom":false},"product_brand":[],"product_cat":[245,5643,236,1790,1253,1778,1574,5349],"product_tag":[],"class_list":{"0":"post-416710","1":"product","2":"type-product","3":"status-publish","4":"has-post-thumbnail","6":"product_cat-armari-collections","7":"product_cat-armari-necklace","8":"product_cat-collections","9":"product_cat-for-whom-when","10":"product_cat-gold-necklaces","11":"product_cat-short-necklaces","12":"product_cat-womens-jewellery","13":"product_cat-yellow-gold-jewellery","15":"first","16":"instock","17":"taxable","18":"shipping-taxable","19":"purchasable","20":"product-type-simple","21":"add-to-wishlist-before_image"},"yoast_head":"<!-- This site is optimized with the Yoast SEO plugin v27.3 - https:\/\/yoast.com\/product\/yoast-seo-wordpress\/ -->\n<title>22ct Gold Armari Floral Medallion Necklace | PureJewels<\/title>\n<meta name=\"description\" content=\"Discover PureJewels\u2019 22ct Gold Armari Floral Medallion Necklace. An 18-inch beaded chain with a bold floral pendant, crafted for weddings, heritage, and timeless elegance.\" \/>\n<meta name=\"robots\" content=\"index, follow, max-snippet:-1, max-image-preview:large, max-video-preview:-1\" \/>\n<link rel=\"canonical\" href=\"https:\/\/www.purejewels.com\/tr\/urun\/22-ayar-altin-armari-cicek-madalyon-kolye-53007\/\" \/>\n<meta property=\"og:locale\" content=\"tr_TR\" \/>\n<meta property=\"og:type\" content=\"article\" \/>\n<meta property=\"og:title\" content=\"22ct Gold Armari Floral Medallion Necklace | PureJewels\" \/>\n<meta property=\"og:description\" content=\"Discover PureJewels\u2019 22ct Gold Armari Floral Medallion Necklace. An 18-inch beaded chain with a bold floral pendant, crafted for weddings, heritage, and timeless elegance.\" \/>\n<meta property=\"og:url\" content=\"https:\/\/www.purejewels.com\/tr\/urun\/22-ayar-altin-armari-cicek-madalyon-kolye-53007\/\" \/>\n<meta property=\"og:site_name\" content=\"PureJewels UK\" \/>\n<meta property=\"article:modified_time\" content=\"2026-02-09T07:16:38+00:00\" \/>\n<meta property=\"og:image\" content=\"https:\/\/static.purejewels.com\/wp-content\/uploads\/2025\/09\/SKU-53007.jpg\" \/>\n\t<meta property=\"og:image:width\" content=\"1000\" \/>\n\t<meta property=\"og:image:height\" content=\"1000\" \/>\n\t<meta property=\"og:image:type\" content=\"image\/jpeg\" \/>\n<meta name=\"twitter:card\" content=\"summary_large_image\" \/>\n<meta name=\"twitter:label1\" content=\"Tahmini okuma s\u00fcresi\" \/>\n\t<meta name=\"twitter:data1\" content=\"2 dakika\" \/>\n<script type=\"application\/ld+json\" class=\"yoast-schema-graph\">{\"@context\":\"https:\\\/\\\/schema.org\",\"@graph\":[{\"@type\":[\"WebPage\",\"ItemPage\"],\"@id\":\"https:\\\/\\\/www.purejewels.com\\\/product\\\/22ct-gold-armari-floral-medallion-necklace-53007\\\/\",\"url\":\"https:\\\/\\\/www.purejewels.com\\\/product\\\/22ct-gold-armari-floral-medallion-necklace-53007\\\/\",\"name\":\"22ct Gold Armari Floral Medallion Necklace | PureJewels\",\"isPartOf\":{\"@id\":\"https:\\\/\\\/www.purejewels.com\\\/#website\"},\"primaryImageOfPage\":{\"@id\":\"https:\\\/\\\/www.purejewels.com\\\/product\\\/22ct-gold-armari-floral-medallion-necklace-53007\\\/#primaryimage\"},\"image\":{\"@id\":\"https:\\\/\\\/www.purejewels.com\\\/product\\\/22ct-gold-armari-floral-medallion-necklace-53007\\\/#primaryimage\"},\"thumbnailUrl\":\"https:\\\/\\\/static.purejewels.com\\\/wp-content\\\/uploads\\\/2025\\\/09\\\/SKU-53007.jpg\",\"datePublished\":\"2025-08-24T12:09:36+00:00\",\"dateModified\":\"2026-02-09T07:16:38+00:00\",\"description\":\"Discover PureJewels\u2019 22ct Gold Armari Floral Medallion Necklace. An 18-inch beaded chain with a bold floral pendant, crafted for weddings, heritage, and timeless elegance.\",\"breadcrumb\":{\"@id\":\"https:\\\/\\\/www.purejewels.com\\\/product\\\/22ct-gold-armari-floral-medallion-necklace-53007\\\/#breadcrumb\"},\"inLanguage\":\"tr\",\"potentialAction\":[{\"@type\":\"ReadAction\",\"target\":[\"https:\\\/\\\/www.purejewels.com\\\/product\\\/22ct-gold-armari-floral-medallion-necklace-53007\\\/\"]}]},{\"@type\":\"ImageObject\",\"inLanguage\":\"tr\",\"@id\":\"https:\\\/\\\/www.purejewels.com\\\/product\\\/22ct-gold-armari-floral-medallion-necklace-53007\\\/#primaryimage\",\"url\":\"https:\\\/\\\/static.purejewels.com\\\/wp-content\\\/uploads\\\/2025\\\/09\\\/SKU-53007.jpg\",\"contentUrl\":\"https:\\\/\\\/static.purejewels.com\\\/wp-content\\\/uploads\\\/2025\\\/09\\\/SKU-53007.jpg\",\"width\":1000,\"height\":1000,\"caption\":\"22ct Gold Armari Floral Medallion Necklace\"},{\"@type\":\"BreadcrumbList\",\"@id\":\"https:\\\/\\\/www.purejewels.com\\\/product\\\/22ct-gold-armari-floral-medallion-necklace-53007\\\/#breadcrumb\",\"itemListElement\":[{\"@type\":\"ListItem\",\"position\":1,\"name\":\"Home\",\"item\":\"https:\\\/\\\/www.purejewels.com\\\/\"},{\"@type\":\"ListItem\",\"position\":2,\"name\":\"Shop\",\"item\":\"https:\\\/\\\/www.purejewels.com\\\/shop\\\/\"},{\"@type\":\"ListItem\",\"position\":3,\"name\":\"22ct Gold Armari Floral Medallion Necklace\"}]},{\"@type\":\"WebSite\",\"@id\":\"https:\\\/\\\/www.purejewels.com\\\/#website\",\"url\":\"https:\\\/\\\/www.purejewels.com\\\/\",\"name\":\"PureJewels UK\",\"description\":\"Share the Love\",\"publisher\":{\"@id\":\"https:\\\/\\\/www.purejewels.com\\\/#organization\"},\"potentialAction\":[{\"@type\":\"SearchAction\",\"target\":{\"@type\":\"EntryPoint\",\"urlTemplate\":\"https:\\\/\\\/www.purejewels.com\\\/?s={search_term_string}\"},\"query-input\":{\"@type\":\"PropertyValueSpecification\",\"valueRequired\":true,\"valueName\":\"search_term_string\"}}],\"inLanguage\":\"tr\"},{\"@type\":\"Organization\",\"@id\":\"https:\\\/\\\/www.purejewels.com\\\/#organization\",\"name\":\"PureJewels UK\",\"url\":\"https:\\\/\\\/www.purejewels.com\\\/\",\"logo\":{\"@type\":\"ImageObject\",\"inLanguage\":\"tr\",\"@id\":\"https:\\\/\\\/www.purejewels.com\\\/#\\\/schema\\\/logo\\\/image\\\/\",\"url\":\"https:\\\/\\\/static.purejewels.com\\\/wp-content\\\/uploads\\\/2020\\\/11\\\/Logo-PJ-New-1.png\",\"contentUrl\":\"https:\\\/\\\/static.purejewels.com\\\/wp-content\\\/uploads\\\/2020\\\/11\\\/Logo-PJ-New-1.png\",\"width\":150,\"height\":80,\"caption\":\"PureJewels UK\"},\"image\":{\"@id\":\"https:\\\/\\\/www.purejewels.com\\\/#\\\/schema\\\/logo\\\/image\\\/\"}}]}<\/script>\n<!-- \/ Yoast SEO plugin. -->","yoast_head_json":{"title":"22 Ayar Alt\u0131n Armari \u00c7i\u00e7ekli Madalyon Kolye | PureJewels","description":"PureJewels'in 22 Ayar Alt\u0131n Armari \u00c7i\u00e7ekli Madalyon Kolyesini ke\u015ffedin. D\u00fc\u011f\u00fcnler, miras ve zamans\u0131z zarafet i\u00e7in haz\u0131rlanm\u0131\u015f, cesur bir \u00e7i\u00e7ek kolye ucuna sahip 18 in\u00e7 boncuklu zincir.","robots":{"index":"index","follow":"follow","max-snippet":"max-snippet:-1","max-image-preview":"max-image-preview:large","max-video-preview":"max-video-preview:-1"},"canonical":"https:\/\/www.purejewels.com\/tr\/urun\/22-ayar-altin-armari-cicek-madalyon-kolye-53007\/","og_locale":"tr_TR","og_type":"article","og_title":"22ct Gold Armari Floral Medallion Necklace | PureJewels","og_description":"Discover PureJewels\u2019 22ct Gold Armari Floral Medallion Necklace. An 18-inch beaded chain with a bold floral pendant, crafted for weddings, heritage, and timeless elegance.","og_url":"https:\/\/www.purejewels.com\/tr\/urun\/22-ayar-altin-armari-cicek-madalyon-kolye-53007\/","og_site_name":"PureJewels UK","article_modified_time":"2026-02-09T07:16:38+00:00","og_image":[{"width":1000,"height":1000,"url":"https:\/\/static.purejewels.com\/wp-content\/uploads\/2025\/09\/SKU-53007.jpg","type":"image\/jpeg"}],"twitter_card":"summary_large_image","twitter_misc":{"Tahmini okuma s\u00fcresi":"2 dakika"},"schema":{"@context":"https:\/\/schema.org","@graph":[{"@type":["WebPage","ItemPage"],"@id":"https:\/\/www.purejewels.com\/product\/22ct-gold-armari-floral-medallion-necklace-53007\/","url":"https:\/\/www.purejewels.com\/product\/22ct-gold-armari-floral-medallion-necklace-53007\/","name":"22 Ayar Alt\u0131n Armari \u00c7i\u00e7ekli Madalyon Kolye | PureJewels","isPartOf":{"@id":"https:\/\/www.purejewels.com\/#website"},"primaryImageOfPage":{"@id":"https:\/\/www.purejewels.com\/product\/22ct-gold-armari-floral-medallion-necklace-53007\/#primaryimage"},"image":{"@id":"https:\/\/www.purejewels.com\/product\/22ct-gold-armari-floral-medallion-necklace-53007\/#primaryimage"},"thumbnailUrl":"https:\/\/static.purejewels.com\/wp-content\/uploads\/2025\/09\/SKU-53007.jpg","datePublished":"2025-08-24T12:09:36+00:00","dateModified":"2026-02-09T07:16:38+00:00","description":"PureJewels'in 22 Ayar Alt\u0131n Armari \u00c7i\u00e7ekli Madalyon Kolyesini ke\u015ffedin. D\u00fc\u011f\u00fcnler, miras ve zamans\u0131z zarafet i\u00e7in haz\u0131rlanm\u0131\u015f, cesur bir \u00e7i\u00e7ek kolye ucuna sahip 18 in\u00e7 boncuklu zincir.","breadcrumb":{"@id":"https:\/\/www.purejewels.com\/product\/22ct-gold-armari-floral-medallion-necklace-53007\/#breadcrumb"},"inLanguage":"tr","potentialAction":[{"@type":"ReadAction","target":["https:\/\/www.purejewels.com\/product\/22ct-gold-armari-floral-medallion-necklace-53007\/"]}]},{"@type":"ImageObject","inLanguage":"tr","@id":"https:\/\/www.purejewels.com\/product\/22ct-gold-armari-floral-medallion-necklace-53007\/#primaryimage","url":"https:\/\/static.purejewels.com\/wp-content\/uploads\/2025\/09\/SKU-53007.jpg","contentUrl":"https:\/\/static.purejewels.com\/wp-content\/uploads\/2025\/09\/SKU-53007.jpg","width":1000,"height":1000,"caption":"22ct Gold Armari Floral Medallion Necklace"},{"@type":"BreadcrumbList","@id":"https:\/\/www.purejewels.com\/product\/22ct-gold-armari-floral-medallion-necklace-53007\/#breadcrumb","itemListElement":[{"@type":"ListItem","position":1,"name":"Home","item":"https:\/\/www.purejewels.com\/"},{"@type":"ListItem","position":2,"name":"Shop","item":"https:\/\/www.purejewels.com\/shop\/"},{"@type":"ListItem","position":3,"name":"22ct Gold Armari Floral Medallion Necklace"}]},{"@type":"WebSite","@id":"https:\/\/www.purejewels.com\/#website","url":"https:\/\/www.purejewels.com\/","name":"PureJewels \u0130ngiltere","description":"Sevgiyi Payla\u015f\u0131n","publisher":{"@id":"https:\/\/www.purejewels.com\/#organization"},"potentialAction":[{"@type":"SearchAction","target":{"@type":"EntryPoint","urlTemplate":"https:\/\/www.purejewels.com\/?s={search_term_string}"},"query-input":{"@type":"PropertyValueSpecification","valueRequired":true,"valueName":"search_term_string"}}],"inLanguage":"tr"},{"@type":"Organization","@id":"https:\/\/www.purejewels.com\/#organization","name":"PureJewels \u0130ngiltere","url":"https:\/\/www.purejewels.com\/","logo":{"@type":"ImageObject","inLanguage":"tr","@id":"https:\/\/www.purejewels.com\/#\/schema\/logo\/image\/","url":"https:\/\/static.purejewels.com\/wp-content\/uploads\/2020\/11\/Logo-PJ-New-1.png","contentUrl":"https:\/\/static.purejewels.com\/wp-content\/uploads\/2020\/11\/Logo-PJ-New-1.png","width":150,"height":80,"caption":"PureJewels UK"},"image":{"@id":"https:\/\/www.purejewels.com\/#\/schema\/logo\/image\/"}}]}},"_links":{"self":[{"href":"https:\/\/www.purejewels.com\/tr\/wp-json\/wp\/v2\/product\/416710","targetHints":{"allow":["GET"]}}],"collection":[{"href":"https:\/\/www.purejewels.com\/tr\/wp-json\/wp\/v2\/product"}],"about":[{"href":"https:\/\/www.purejewels.com\/tr\/wp-json\/wp\/v2\/types\/product"}],"replies":[{"embeddable":true,"href":"https:\/\/www.purejewels.com\/tr\/wp-json\/wp\/v2\/comments?post=416710"}],"version-history":[{"count":1,"href":"https:\/\/www.purejewels.com\/tr\/wp-json\/wp\/v2\/product\/416710\/revisions"}],"predecessor-version":[{"id":416715,"href":"https:\/\/www.purejewels.com\/tr\/wp-json\/wp\/v2\/product\/416710\/revisions\/416715"}],"wp:featuredmedia":[{"embeddable":true,"href":"https:\/\/www.purejewels.com\/tr\/wp-json\/wp\/v2\/media\/416713"}],"wp:attachment":[{"href":"https:\/\/www.purejewels.com\/tr\/wp-json\/wp\/v2\/media?parent=416710"}],"wp:term":[{"taxonomy":"product_brand","embeddable":true,"href":"https:\/\/www.purejewels.com\/tr\/wp-json\/wp\/v2\/product_brand?post=416710"},{"taxonomy":"product_cat","embeddable":true,"href":"https:\/\/www.purejewels.com\/tr\/wp-json\/wp\/v2\/product_cat?post=416710"},{"taxonomy":"product_tag","embeddable":true,"href":"https:\/\/www.purejewels.com\/tr\/wp-json\/wp\/v2\/product_tag?post=416710"}],"curies":[{"name":"wp","href":"https:\/\/api.w.org\/{rel}","templated":true}]}}