{"id":416717,"date":"2025-08-24T13:33:30","date_gmt":"2025-08-24T12:33:30","guid":{"rendered":"https:\/\/www.purejewels.com\/?post_type=product&#038;p=416717"},"modified":"2026-02-09T07:16:18","modified_gmt":"2026-02-09T07:16:18","slug":"armari-collection-22-ayar-altin-ci%cc%87ft-katmanli-damla-kolye-53017","status":"publish","type":"product","link":"https:\/\/www.purejewels.com\/tr\/product\/armari-collection-22ct-gold-double-layer-drop-necklace-53017\/","title":{"rendered":"Armari Koleksiyonu 22 Ayar Alt\u0131n \u00c7ift Katl\u0131 Damla Kolye"},"content":{"rendered":"<h4 data-start=\"595\" data-end=\"620\"><strong data-start=\"600\" data-end=\"618\">Tasar\u0131m Konsepti<\/strong><\/h4>\n<p data-start=\"621\" data-end=\"1053\">Armari \u00c7ift Katl\u0131 Damla Kolye, geleneksel gelin tak\u0131lar\u0131ndan ve do\u011fan\u0131n sembolizminden esinlenmi\u015ftir. \u0130ki katmanl\u0131 tasar\u0131m\u0131nda narin bir s\u0131ra yaprak motifi, s\u00fcsl\u00fc damlalardan olu\u015fan bir katmana zarif\u00e7e akarak refah\u0131, g\u00fczelli\u011fi ve zamans\u0131z kad\u0131nl\u0131\u011f\u0131 temsil eden ritmik bir desen yarat\u0131r. Kompozisyon, muhte\u015fem sanatsall\u0131\u011f\u0131 \u00e7a\u011fda\u015f zarafetle harmanlayarak g\u00fcn\u00fcm\u00fcz gelinleri i\u00e7in \u00e7ok y\u00f6nl\u00fc bir hazine haline getiriyor.<\/p>\n<h4 data-start=\"1055\" data-end=\"1079\"><strong data-start=\"1060\" data-end=\"1077\">Zanaatkarl\u0131k<\/strong><\/h4>\n<p data-start=\"1080\" data-end=\"1543\">33,16 gram a\u011f\u0131rl\u0131\u011f\u0131ndaki bu kolye, 22 ayar alt\u0131ndan ustal\u0131kla el i\u015f\u00e7ili\u011fiyle \u00fcretilmi\u015ftir. \u00c7ift katman etkisi, do\u011fal hareket ve ak\u0131\u015fkanl\u0131k sa\u011flayan karma\u015f\u0131k kal\u0131p damgalama ve elle monte edilmi\u015f ba\u011flant\u0131larla elde edilmi\u015ftir. Dokulu detaylar derinlik ve parlakl\u0131k katarken, her bir yaprak ve damla unsuru ayr\u0131 ayr\u0131 parlat\u0131larak m\u00fckemmel hale getirilmi\u015ftir. Kolye, safl\u0131k, \u00f6zg\u00fcnl\u00fck ve PureJewels'in tan\u0131nm\u0131\u015f kalitesini garanti eden Londra Assay Ofisi taraf\u0131ndan damgalanm\u0131\u015ft\u0131r.<\/p>\n<h4 data-start=\"1545\" data-end=\"1569\"><strong data-start=\"1550\" data-end=\"1567\">Stil Fikirleri<\/strong><\/h4>\n<p data-start=\"1570\" data-end=\"1945\">Gelin \u00e7eyizleri, bayram k\u0131yafetleri ve k\u00fclt\u00fcrel kutlamalar i\u00e7in m\u00fckemmel olan bu kolye, sare, lehenga veya modern elbiselerle g\u00fczel bir uyum sa\u011flar. D\u00fc\u011f\u00fcnler i\u00e7in bir kahraman par\u00e7as\u0131 olarak stilize edin veya daha b\u00fcy\u00fck bir g\u00f6r\u00fcn\u00fcm i\u00e7in bir gerdanl\u0131k ile katmanlay\u0131n. Tak\u0131m\u0131n\u0131z\u0131 zarafet ve uyumla tamamlamak i\u00e7in Armari Koleksiyonu'ndan uyumlu damla k\u00fcpeler veya alt\u0131n bilekliklerle tamamlay\u0131n.<\/p>","protected":false},"excerpt":{"rendered":"<div class=\"woocommerce-product-details__short-description\">\n<div class=\"woocommerce-product-details__short-description\">Armari Koleksiyonumuzdan bu zarif 22 ayar alt\u0131n \u00e7ift katmanl\u0131 kolye, zarafet ve bereketi simgeleyen yaprak ve g\u00f6zya\u015f\u0131 damlas\u0131 motifleriyle s\u00fcslenmi\u015ftir. Miras detaylar\u0131yla el yap\u0131m\u0131 olan bu kolye gelin, bayram ve aile yadigar\u0131 g\u00fcnler i\u00e7in iddial\u0131 bir par\u00e7ad\u0131r.<\/div>\n<\/div>\n<div><\/div>\n<div><strong>Malzeme:<\/strong> 22 Ayar Alt\u0131n<\/div>\n<div><strong>Safl\u0131k:<\/strong> 91.6% Saf Alt\u0131n<\/div>\n<div><strong>Hallmark:<\/strong> \u0130ngiliz Damgas\u0131<\/div>\n<div><strong>Br\u00fct A\u011f\u0131rl\u0131k: <\/strong>33.16 Gms<\/div>\n<div><strong>Bitir: <\/strong>Antique_Matte<\/div>\n<div><strong>SKU:<\/strong> 53017<\/div>\n<div><\/div>\n<div>\n<p><strong>Fiyat ve Teslimat<\/strong>: KDV ve teslimat \u00fccreti dahil<br \/>\n<a href=\"https:\/\/www.purejewels.com\/tr\/i%cc%87ade-poli%cc%87ti%cc%87kasi\/\">\u0130ade Politikas\u0131<\/a><\/p>\n<\/div>","protected":false},"featured_media":416719,"comment_status":"closed","ping_status":"closed","template":"","meta":{"_eb_attr":"","_crsspst_to_jayantr4sg-hostcom":false},"product_brand":[],"product_cat":[1780,245,5643,236,1790,1253,1574,5349],"product_tag":[],"class_list":{"0":"post-416717","1":"product","2":"type-product","3":"status-publish","4":"has-post-thumbnail","6":"product_cat-antique-style-necklaces","7":"product_cat-armari-collections","8":"product_cat-armari-necklace","9":"product_cat-collections","10":"product_cat-for-whom-when","11":"product_cat-gold-necklaces","12":"product_cat-womens-jewellery","13":"product_cat-yellow-gold-jewellery","15":"first","16":"instock","17":"taxable","18":"shipping-taxable","19":"purchasable","20":"product-type-simple","21":"add-to-wishlist-before_image"},"yoast_head":"<!-- This site is optimized with the Yoast SEO plugin v27.5 - https:\/\/yoast.com\/product\/yoast-seo-wordpress\/ -->\n<title>Armari 22ct Gold Double Layer Drop Necklace | PureJewels uk<\/title>\n<meta name=\"description\" content=\"Discover the Armari Collection 22ct Gold Double Layer Drop Necklace. A handcrafted design with leaf and drop motifs, perfect for bridal and festive elegance.\" \/>\n<meta name=\"robots\" content=\"index, follow, max-snippet:-1, max-image-preview:large, max-video-preview:-1\" \/>\n<link rel=\"canonical\" href=\"https:\/\/www.purejewels.com\/tr\/urun\/armari-collection-22-ayar-altin-ci\u0307ft-katmanli-damla-kolye-53017\/\" \/>\n<meta property=\"og:locale\" content=\"tr_TR\" \/>\n<meta property=\"og:type\" content=\"article\" \/>\n<meta property=\"og:title\" content=\"Armari 22ct Gold Double Layer Drop Necklace | PureJewels uk\" \/>\n<meta property=\"og:description\" content=\"Discover the Armari Collection 22ct Gold Double Layer Drop Necklace. A handcrafted design with leaf and drop motifs, perfect for bridal and festive elegance.\" \/>\n<meta property=\"og:url\" content=\"https:\/\/www.purejewels.com\/tr\/urun\/armari-collection-22-ayar-altin-ci\u0307ft-katmanli-damla-kolye-53017\/\" \/>\n<meta property=\"og:site_name\" content=\"PureJewels UK\" \/>\n<meta property=\"article:modified_time\" content=\"2026-02-09T07:16:18+00:00\" \/>\n<meta property=\"og:image\" content=\"https:\/\/static.purejewels.com\/wp-content\/uploads\/2025\/09\/SKU-53017.jpg\" \/>\n\t<meta property=\"og:image:width\" content=\"1000\" \/>\n\t<meta property=\"og:image:height\" content=\"1000\" \/>\n\t<meta property=\"og:image:type\" content=\"image\/jpeg\" \/>\n<meta name=\"twitter:card\" content=\"summary_large_image\" \/>\n<meta name=\"twitter:label1\" content=\"Tahmini okuma s\u00fcresi\" \/>\n\t<meta name=\"twitter:data1\" content=\"2 dakika\" \/>\n<script type=\"application\/ld+json\" class=\"yoast-schema-graph\">{\"@context\":\"https:\\\/\\\/schema.org\",\"@graph\":[{\"@type\":[\"WebPage\",\"ItemPage\"],\"@id\":\"https:\\\/\\\/www.purejewels.com\\\/product\\\/armari-collection-22ct-gold-double-layer-drop-necklace-53017\\\/\",\"url\":\"https:\\\/\\\/www.purejewels.com\\\/product\\\/armari-collection-22ct-gold-double-layer-drop-necklace-53017\\\/\",\"name\":\"Armari 22ct Gold Double Layer Drop Necklace | PureJewels uk\",\"isPartOf\":{\"@id\":\"https:\\\/\\\/www.purejewels.com\\\/#website\"},\"primaryImageOfPage\":{\"@id\":\"https:\\\/\\\/www.purejewels.com\\\/product\\\/armari-collection-22ct-gold-double-layer-drop-necklace-53017\\\/#primaryimage\"},\"image\":{\"@id\":\"https:\\\/\\\/www.purejewels.com\\\/product\\\/armari-collection-22ct-gold-double-layer-drop-necklace-53017\\\/#primaryimage\"},\"thumbnailUrl\":\"https:\\\/\\\/static.purejewels.com\\\/wp-content\\\/uploads\\\/2025\\\/09\\\/SKU-53017.jpg\",\"datePublished\":\"2025-08-24T12:33:30+00:00\",\"dateModified\":\"2026-02-09T07:16:18+00:00\",\"description\":\"Discover the Armari Collection 22ct Gold Double Layer Drop Necklace. A handcrafted design with leaf and drop motifs, perfect for bridal and festive elegance.\",\"breadcrumb\":{\"@id\":\"https:\\\/\\\/www.purejewels.com\\\/product\\\/armari-collection-22ct-gold-double-layer-drop-necklace-53017\\\/#breadcrumb\"},\"inLanguage\":\"tr\",\"potentialAction\":[{\"@type\":\"ReadAction\",\"target\":[\"https:\\\/\\\/www.purejewels.com\\\/product\\\/armari-collection-22ct-gold-double-layer-drop-necklace-53017\\\/\"]}]},{\"@type\":\"ImageObject\",\"inLanguage\":\"tr\",\"@id\":\"https:\\\/\\\/www.purejewels.com\\\/product\\\/armari-collection-22ct-gold-double-layer-drop-necklace-53017\\\/#primaryimage\",\"url\":\"https:\\\/\\\/static.purejewels.com\\\/wp-content\\\/uploads\\\/2025\\\/09\\\/SKU-53017.jpg\",\"contentUrl\":\"https:\\\/\\\/static.purejewels.com\\\/wp-content\\\/uploads\\\/2025\\\/09\\\/SKU-53017.jpg\",\"width\":1000,\"height\":1000,\"caption\":\"Armari Collection 22ct Gold Double Layer Drop Necklace\"},{\"@type\":\"BreadcrumbList\",\"@id\":\"https:\\\/\\\/www.purejewels.com\\\/product\\\/armari-collection-22ct-gold-double-layer-drop-necklace-53017\\\/#breadcrumb\",\"itemListElement\":[{\"@type\":\"ListItem\",\"position\":1,\"name\":\"Home\",\"item\":\"https:\\\/\\\/www.purejewels.com\\\/\"},{\"@type\":\"ListItem\",\"position\":2,\"name\":\"Shop\",\"item\":\"https:\\\/\\\/www.purejewels.com\\\/shop\\\/\"},{\"@type\":\"ListItem\",\"position\":3,\"name\":\"Armari Collection 22ct Gold Double Layer Drop Necklace\"}]},{\"@type\":\"WebSite\",\"@id\":\"https:\\\/\\\/www.purejewels.com\\\/#website\",\"url\":\"https:\\\/\\\/www.purejewels.com\\\/\",\"name\":\"PureJewels UK\",\"description\":\"Share the Love\",\"publisher\":{\"@id\":\"https:\\\/\\\/www.purejewels.com\\\/#organization\"},\"potentialAction\":[{\"@type\":\"SearchAction\",\"target\":{\"@type\":\"EntryPoint\",\"urlTemplate\":\"https:\\\/\\\/www.purejewels.com\\\/?s={search_term_string}\"},\"query-input\":{\"@type\":\"PropertyValueSpecification\",\"valueRequired\":true,\"valueName\":\"search_term_string\"}}],\"inLanguage\":\"tr\"},{\"@type\":\"Organization\",\"@id\":\"https:\\\/\\\/www.purejewels.com\\\/#organization\",\"name\":\"PureJewels UK\",\"url\":\"https:\\\/\\\/www.purejewels.com\\\/\",\"logo\":{\"@type\":\"ImageObject\",\"inLanguage\":\"tr\",\"@id\":\"https:\\\/\\\/www.purejewels.com\\\/#\\\/schema\\\/logo\\\/image\\\/\",\"url\":\"https:\\\/\\\/static.purejewels.com\\\/wp-content\\\/uploads\\\/2020\\\/11\\\/Logo-PJ-New-1.png\",\"contentUrl\":\"https:\\\/\\\/static.purejewels.com\\\/wp-content\\\/uploads\\\/2020\\\/11\\\/Logo-PJ-New-1.png\",\"width\":150,\"height\":80,\"caption\":\"PureJewels UK\"},\"image\":{\"@id\":\"https:\\\/\\\/www.purejewels.com\\\/#\\\/schema\\\/logo\\\/image\\\/\"}}]}<\/script>\n<!-- \/ Yoast SEO plugin. -->","yoast_head_json":{"title":"Armari 22 Ayar Alt\u0131n \u00c7ift Katl\u0131 Damla Kolye | PureJewels uk","description":"Armari Koleksiyonu 22 Ayar Alt\u0131n \u00c7ift Katl\u0131 Damla Kolyeyi ke\u015ffedin. Gelin ve bayram \u015f\u0131kl\u0131\u011f\u0131 i\u00e7in m\u00fckemmel, yaprak ve damla motifli el yap\u0131m\u0131 bir tasar\u0131m.","robots":{"index":"index","follow":"follow","max-snippet":"max-snippet:-1","max-image-preview":"max-image-preview:large","max-video-preview":"max-video-preview:-1"},"canonical":"https:\/\/www.purejewels.com\/tr\/urun\/armari-collection-22-ayar-altin-ci\u0307ft-katmanli-damla-kolye-53017\/","og_locale":"tr_TR","og_type":"article","og_title":"Armari 22ct Gold Double Layer Drop Necklace | PureJewels uk","og_description":"Discover the Armari Collection 22ct Gold Double Layer Drop Necklace. A handcrafted design with leaf and drop motifs, perfect for bridal and festive elegance.","og_url":"https:\/\/www.purejewels.com\/tr\/urun\/armari-collection-22-ayar-altin-ci\u0307ft-katmanli-damla-kolye-53017\/","og_site_name":"PureJewels UK","article_modified_time":"2026-02-09T07:16:18+00:00","og_image":[{"width":1000,"height":1000,"url":"https:\/\/static.purejewels.com\/wp-content\/uploads\/2025\/09\/SKU-53017.jpg","type":"image\/jpeg"}],"twitter_card":"summary_large_image","twitter_misc":{"Tahmini okuma s\u00fcresi":"2 dakika"},"schema":{"@context":"https:\/\/schema.org","@graph":[{"@type":["WebPage","ItemPage"],"@id":"https:\/\/www.purejewels.com\/product\/armari-collection-22ct-gold-double-layer-drop-necklace-53017\/","url":"https:\/\/www.purejewels.com\/product\/armari-collection-22ct-gold-double-layer-drop-necklace-53017\/","name":"Armari 22 Ayar Alt\u0131n \u00c7ift Katl\u0131 Damla Kolye | PureJewels uk","isPartOf":{"@id":"https:\/\/www.purejewels.com\/#website"},"primaryImageOfPage":{"@id":"https:\/\/www.purejewels.com\/product\/armari-collection-22ct-gold-double-layer-drop-necklace-53017\/#primaryimage"},"image":{"@id":"https:\/\/www.purejewels.com\/product\/armari-collection-22ct-gold-double-layer-drop-necklace-53017\/#primaryimage"},"thumbnailUrl":"https:\/\/static.purejewels.com\/wp-content\/uploads\/2025\/09\/SKU-53017.jpg","datePublished":"2025-08-24T12:33:30+00:00","dateModified":"2026-02-09T07:16:18+00:00","description":"Armari Koleksiyonu 22 Ayar Alt\u0131n \u00c7ift Katl\u0131 Damla Kolyeyi ke\u015ffedin. Gelin ve bayram \u015f\u0131kl\u0131\u011f\u0131 i\u00e7in m\u00fckemmel, yaprak ve damla motifli el yap\u0131m\u0131 bir tasar\u0131m.","breadcrumb":{"@id":"https:\/\/www.purejewels.com\/product\/armari-collection-22ct-gold-double-layer-drop-necklace-53017\/#breadcrumb"},"inLanguage":"tr","potentialAction":[{"@type":"ReadAction","target":["https:\/\/www.purejewels.com\/product\/armari-collection-22ct-gold-double-layer-drop-necklace-53017\/"]}]},{"@type":"ImageObject","inLanguage":"tr","@id":"https:\/\/www.purejewels.com\/product\/armari-collection-22ct-gold-double-layer-drop-necklace-53017\/#primaryimage","url":"https:\/\/static.purejewels.com\/wp-content\/uploads\/2025\/09\/SKU-53017.jpg","contentUrl":"https:\/\/static.purejewels.com\/wp-content\/uploads\/2025\/09\/SKU-53017.jpg","width":1000,"height":1000,"caption":"Armari Collection 22ct Gold Double Layer Drop Necklace"},{"@type":"BreadcrumbList","@id":"https:\/\/www.purejewels.com\/product\/armari-collection-22ct-gold-double-layer-drop-necklace-53017\/#breadcrumb","itemListElement":[{"@type":"ListItem","position":1,"name":"Home","item":"https:\/\/www.purejewels.com\/"},{"@type":"ListItem","position":2,"name":"Shop","item":"https:\/\/www.purejewels.com\/shop\/"},{"@type":"ListItem","position":3,"name":"Armari Collection 22ct Gold Double Layer Drop Necklace"}]},{"@type":"WebSite","@id":"https:\/\/www.purejewels.com\/#website","url":"https:\/\/www.purejewels.com\/","name":"PureJewels \u0130ngiltere","description":"Sevgiyi Payla\u015f\u0131n","publisher":{"@id":"https:\/\/www.purejewels.com\/#organization"},"potentialAction":[{"@type":"SearchAction","target":{"@type":"EntryPoint","urlTemplate":"https:\/\/www.purejewels.com\/?s={search_term_string}"},"query-input":{"@type":"PropertyValueSpecification","valueRequired":true,"valueName":"search_term_string"}}],"inLanguage":"tr"},{"@type":"Organization","@id":"https:\/\/www.purejewels.com\/#organization","name":"PureJewels \u0130ngiltere","url":"https:\/\/www.purejewels.com\/","logo":{"@type":"ImageObject","inLanguage":"tr","@id":"https:\/\/www.purejewels.com\/#\/schema\/logo\/image\/","url":"https:\/\/static.purejewels.com\/wp-content\/uploads\/2020\/11\/Logo-PJ-New-1.png","contentUrl":"https:\/\/static.purejewels.com\/wp-content\/uploads\/2020\/11\/Logo-PJ-New-1.png","width":150,"height":80,"caption":"PureJewels UK"},"image":{"@id":"https:\/\/www.purejewels.com\/#\/schema\/logo\/image\/"}}]}},"_links":{"self":[{"href":"https:\/\/www.purejewels.com\/tr\/wp-json\/wp\/v2\/product\/416717","targetHints":{"allow":["GET"]}}],"collection":[{"href":"https:\/\/www.purejewels.com\/tr\/wp-json\/wp\/v2\/product"}],"about":[{"href":"https:\/\/www.purejewels.com\/tr\/wp-json\/wp\/v2\/types\/product"}],"replies":[{"embeddable":true,"href":"https:\/\/www.purejewels.com\/tr\/wp-json\/wp\/v2\/comments?post=416717"}],"version-history":[{"count":2,"href":"https:\/\/www.purejewels.com\/tr\/wp-json\/wp\/v2\/product\/416717\/revisions"}],"predecessor-version":[{"id":416722,"href":"https:\/\/www.purejewels.com\/tr\/wp-json\/wp\/v2\/product\/416717\/revisions\/416722"}],"wp:featuredmedia":[{"embeddable":true,"href":"https:\/\/www.purejewels.com\/tr\/wp-json\/wp\/v2\/media\/416719"}],"wp:attachment":[{"href":"https:\/\/www.purejewels.com\/tr\/wp-json\/wp\/v2\/media?parent=416717"}],"wp:term":[{"taxonomy":"product_brand","embeddable":true,"href":"https:\/\/www.purejewels.com\/tr\/wp-json\/wp\/v2\/product_brand?post=416717"},{"taxonomy":"product_cat","embeddable":true,"href":"https:\/\/www.purejewels.com\/tr\/wp-json\/wp\/v2\/product_cat?post=416717"},{"taxonomy":"product_tag","embeddable":true,"href":"https:\/\/www.purejewels.com\/tr\/wp-json\/wp\/v2\/product_tag?post=416717"}],"curies":[{"name":"wp","href":"https:\/\/api.w.org\/{rel}","templated":true}]}}