{"id":416727,"date":"2025-08-24T14:22:05","date_gmt":"2025-08-24T13:22:05","guid":{"rendered":"https:\/\/www.purejewels.com\/?post_type=product&#038;p=416727"},"modified":"2026-02-05T06:09:24","modified_gmt":"2026-02-05T06:09:24","slug":"rozet-gundogumu-altin-geli%cc%87n-gerdanlik-kolye-52002","status":"publish","type":"product","link":"https:\/\/www.purejewels.com\/tr\/product\/rosette-sunrise-gold-bridal-choker-necklace-52002\/","title":{"rendered":"Rozet G\u00fcndo\u011fumu Alt\u0131n Gelin Gerdanl\u0131k Kolye"},"content":{"rendered":"<h4 data-start=\"501\" data-end=\"526\"><strong data-start=\"506\" data-end=\"524\">Tasar\u0131m Konsepti<\/strong><\/h4>\n<p data-start=\"527\" data-end=\"985\">Rosette Sunrise Alt\u0131n Gelin Gerdanl\u0131k Kolye, yenilenmeyi, bereketi ve ba\u011fl\u0131l\u0131\u011f\u0131 simgeleyen \u00e7i\u00e7eklerin ebedi g\u00fczelli\u011finden esinlenmi\u015ftir. Rosette Koleksiyonu'nun bir par\u00e7as\u0131 olarak tasarlanan bu gerdanl\u0131k, narin \u00e7i\u00e7ek zincirleri ve basamakl\u0131 boncuk benzeri damlalarla \u00e7er\u00e7evelenmi\u015f \u00e7arp\u0131c\u0131 bir dizi kabartmal\u0131 rozete sahiptir. Tasar\u0131m, miras gelin tak\u0131lar\u0131na sayg\u0131 duru\u015funda bulunurken Sunrise Gold'un e\u015fsiz, parlak tonuyla \u00e7a\u011fda\u015f bir \u0131\u015f\u0131lt\u0131 getiriyor.<\/p>\n<h4 data-start=\"987\" data-end=\"1011\"><strong data-start=\"992\" data-end=\"1009\">Zanaatkarl\u0131k<\/strong><\/h4>\n<p data-start=\"1012\" data-end=\"1480\">59,4 gram a\u011f\u0131rl\u0131\u011f\u0131ndaki bu \u015faheser, 22 ayar Sunrise Alt\u0131ndan ustal\u0131kla el i\u015f\u00e7ili\u011fiyle \u00fcretilmi\u015ftir. Her bir rozet titizlikle kal\u0131pla damgalanm\u0131\u015f ve elle i\u015flenerek derinlik ve karaktere sahip katmanl\u0131 bir doku yarat\u0131lm\u0131\u015ft\u0131r. Kafes tarz\u0131 ba\u011flant\u0131lar ak\u0131c\u0131 bir hareket ve rahat bir kullan\u0131m sa\u011flarken, sarkan damlalar ritmik ve kutlamaya y\u00f6nelik bir cazibe katar. Londra Assay Ofisi taraf\u0131ndan damgalanan bu gerdanl\u0131k, PureJewels'in safl\u0131k, \u00f6zg\u00fcnl\u00fck ve ustal\u0131kl\u0131 sanat imzas\u0131n\u0131 ta\u015f\u0131r.<\/p>\n<h4 data-start=\"1482\" data-end=\"1506\"><strong data-start=\"1487\" data-end=\"1504\">Stil Fikirleri<\/strong><\/h4>\n<p data-start=\"1507\" data-end=\"1882\">Gelin topluluklar\u0131 ve t\u00f6ren etkinlikleri i\u00e7in m\u00fckemmel olan bu gerdanl\u0131k, sare, lehenga ve i\u015flemeli elbiseler gibi geleneksel k\u0131yafetlerle g\u00fczel bir uyum sa\u011flar. Cesur, muhte\u015fem bir g\u00f6r\u00fcn\u00fcm i\u00e7in tek ba\u015f\u0131na stilize edin veya gelin ihti\u015fam\u0131 i\u00e7in Rozet Koleksiyonu'ndan daha uzun kolyelerle katmanlay\u0131n. Zamans\u0131z \u00e7i\u00e7ek detaylar\u0131n\u0131 g\u00fc\u00e7lendirmek i\u00e7in g\u00f6r\u00fcn\u00fcm\u00fcn\u00fcz\u00fc uyumlu k\u00fcpeler veya bilekliklerle tamamlay\u0131n.<\/p>","protected":false},"excerpt":{"rendered":"<p>22ct Sunrise Gold'dan el i\u015f\u00e7ili\u011fiyle \u00fcretilen Rosette Sunrise Gold Gelin Gerdanl\u0131\u011f\u0131 Kolyesi ile miras zarafetini kutlay\u0131n. Karma\u015f\u0131k \u00e7i\u00e7ek rozet motifleri ve basamakl\u0131 damlalara sahip bu gerdanl\u0131k, sanat, gelenek ve zamans\u0131z gelin g\u00fczelli\u011fini temsil ediyor.<\/p>\n<p><strong>Malzeme:<\/strong> 22 Ayar G\u00fcndo\u011fumu Alt\u0131n<br \/>\n<strong>Safl\u0131k:<\/strong> 91.6% saf alt\u0131n<br \/>\n<strong>Hallmark:<\/strong> \u0130ngiliz Damgas\u0131<br \/>\n<strong>SKU:<\/strong> 52002<br \/>\n<strong>A\u011f\u0131rl\u0131k:<\/strong> 59.40 Gms<\/p>\n<p><strong>Fiyat ve Teslimat:<\/strong>\u00a0KDV ve teslimat \u00fccretleri dahil<br \/>\n<a href=\"https:\/\/www.purejewels.com\/tr\/i%cc%87ade-poli%cc%87ti%cc%87kasi\/\"><strong>\u0130ade Politikas\u0131<\/strong><\/a><\/p>","protected":false},"featured_media":416730,"comment_status":"closed","ping_status":"closed","template":"","meta":{"_eb_attr":"","_crsspst_to_jayantr4sg-hostcom":false},"product_brand":[],"product_cat":[1782,236,1790,1229,1253,1656,5275,6081,1573,1574],"product_tag":[],"class_list":{"0":"post-416727","1":"product","2":"type-product","3":"status-publish","4":"has-post-thumbnail","6":"product_cat-choker-necklaces","7":"product_cat-collections","8":"product_cat-for-whom-when","9":"product_cat-22ct-gold-jewellery","10":"product_cat-gold-necklaces","11":"product_cat-rosettes-collections","12":"product_cat-rosettes-necklace","13":"product_cat-sunrise-gold","14":"product_cat-wedding-gifts","15":"product_cat-womens-jewellery","17":"first","18":"instock","19":"taxable","20":"shipping-taxable","21":"purchasable","22":"product-type-simple","23":"add-to-wishlist-before_image"},"yoast_head":"<!-- This site is optimized with the Yoast SEO plugin v27.5 - https:\/\/yoast.com\/product\/yoast-seo-wordpress\/ -->\n<title>Rosette Sunrise Gold Bridal Choker Necklace | PureJewels UK<\/title>\n<meta name=\"description\" content=\"Discover PureJewels\u2019 Rosette Sunrise Gold Bridal Choker Necklace in 22ct gold. A handcrafted masterpiece with floral rosettes, perfect for weddings and celebrations.\" \/>\n<meta name=\"robots\" content=\"index, follow, max-snippet:-1, max-image-preview:large, max-video-preview:-1\" \/>\n<link rel=\"canonical\" href=\"https:\/\/www.purejewels.com\/tr\/urun\/rozet-gundogumu-altin-geli\u0307n-gerdanlik-kolye-52002\/\" \/>\n<meta property=\"og:locale\" content=\"tr_TR\" \/>\n<meta property=\"og:type\" content=\"article\" \/>\n<meta property=\"og:title\" content=\"Rosette Sunrise Gold Bridal Choker Necklace | PureJewels UK\" \/>\n<meta property=\"og:description\" content=\"Discover PureJewels\u2019 Rosette Sunrise Gold Bridal Choker Necklace in 22ct gold. A handcrafted masterpiece with floral rosettes, perfect for weddings and celebrations.\" \/>\n<meta property=\"og:url\" content=\"https:\/\/www.purejewels.com\/tr\/urun\/rozet-gundogumu-altin-geli\u0307n-gerdanlik-kolye-52002\/\" \/>\n<meta property=\"og:site_name\" content=\"PureJewels UK\" \/>\n<meta property=\"article:modified_time\" content=\"2026-02-05T06:09:24+00:00\" \/>\n<meta property=\"og:image\" content=\"https:\/\/static.purejewels.com\/wp-content\/uploads\/2025\/09\/Rosette-Choker.1.jpg\" \/>\n\t<meta property=\"og:image:width\" content=\"1000\" \/>\n\t<meta property=\"og:image:height\" content=\"1000\" \/>\n\t<meta property=\"og:image:type\" content=\"image\/jpeg\" \/>\n<meta name=\"twitter:card\" content=\"summary_large_image\" \/>\n<meta name=\"twitter:label1\" content=\"Tahmini okuma s\u00fcresi\" \/>\n\t<meta name=\"twitter:data1\" content=\"2 dakika\" \/>\n<script type=\"application\/ld+json\" class=\"yoast-schema-graph\">{\"@context\":\"https:\\\/\\\/schema.org\",\"@graph\":[{\"@type\":[\"WebPage\",\"ItemPage\"],\"@id\":\"https:\\\/\\\/www.purejewels.com\\\/product\\\/rosette-sunrise-gold-bridal-choker-necklace-52002\\\/\",\"url\":\"https:\\\/\\\/www.purejewels.com\\\/product\\\/rosette-sunrise-gold-bridal-choker-necklace-52002\\\/\",\"name\":\"Rosette Sunrise Gold Bridal Choker Necklace | PureJewels UK\",\"isPartOf\":{\"@id\":\"https:\\\/\\\/www.purejewels.com\\\/#website\"},\"primaryImageOfPage\":{\"@id\":\"https:\\\/\\\/www.purejewels.com\\\/product\\\/rosette-sunrise-gold-bridal-choker-necklace-52002\\\/#primaryimage\"},\"image\":{\"@id\":\"https:\\\/\\\/www.purejewels.com\\\/product\\\/rosette-sunrise-gold-bridal-choker-necklace-52002\\\/#primaryimage\"},\"thumbnailUrl\":\"https:\\\/\\\/static.purejewels.com\\\/wp-content\\\/uploads\\\/2025\\\/09\\\/Rosette-Choker.1.jpg\",\"datePublished\":\"2025-08-24T13:22:05+00:00\",\"dateModified\":\"2026-02-05T06:09:24+00:00\",\"description\":\"Discover PureJewels\u2019 Rosette Sunrise Gold Bridal Choker Necklace in 22ct gold. A handcrafted masterpiece with floral rosettes, perfect for weddings and celebrations.\",\"breadcrumb\":{\"@id\":\"https:\\\/\\\/www.purejewels.com\\\/product\\\/rosette-sunrise-gold-bridal-choker-necklace-52002\\\/#breadcrumb\"},\"inLanguage\":\"tr\",\"potentialAction\":[{\"@type\":\"ReadAction\",\"target\":[\"https:\\\/\\\/www.purejewels.com\\\/product\\\/rosette-sunrise-gold-bridal-choker-necklace-52002\\\/\"]}]},{\"@type\":\"ImageObject\",\"inLanguage\":\"tr\",\"@id\":\"https:\\\/\\\/www.purejewels.com\\\/product\\\/rosette-sunrise-gold-bridal-choker-necklace-52002\\\/#primaryimage\",\"url\":\"https:\\\/\\\/static.purejewels.com\\\/wp-content\\\/uploads\\\/2025\\\/09\\\/Rosette-Choker.1.jpg\",\"contentUrl\":\"https:\\\/\\\/static.purejewels.com\\\/wp-content\\\/uploads\\\/2025\\\/09\\\/Rosette-Choker.1.jpg\",\"width\":1000,\"height\":1000,\"caption\":\"Rosette Sunrise Gold Bridal Choker Necklace\"},{\"@type\":\"BreadcrumbList\",\"@id\":\"https:\\\/\\\/www.purejewels.com\\\/product\\\/rosette-sunrise-gold-bridal-choker-necklace-52002\\\/#breadcrumb\",\"itemListElement\":[{\"@type\":\"ListItem\",\"position\":1,\"name\":\"Home\",\"item\":\"https:\\\/\\\/www.purejewels.com\\\/\"},{\"@type\":\"ListItem\",\"position\":2,\"name\":\"Shop\",\"item\":\"https:\\\/\\\/www.purejewels.com\\\/shop\\\/\"},{\"@type\":\"ListItem\",\"position\":3,\"name\":\"Rosette Sunrise Gold Bridal Choker Necklace\"}]},{\"@type\":\"WebSite\",\"@id\":\"https:\\\/\\\/www.purejewels.com\\\/#website\",\"url\":\"https:\\\/\\\/www.purejewels.com\\\/\",\"name\":\"PureJewels UK\",\"description\":\"Share the Love\",\"publisher\":{\"@id\":\"https:\\\/\\\/www.purejewels.com\\\/#organization\"},\"potentialAction\":[{\"@type\":\"SearchAction\",\"target\":{\"@type\":\"EntryPoint\",\"urlTemplate\":\"https:\\\/\\\/www.purejewels.com\\\/?s={search_term_string}\"},\"query-input\":{\"@type\":\"PropertyValueSpecification\",\"valueRequired\":true,\"valueName\":\"search_term_string\"}}],\"inLanguage\":\"tr\"},{\"@type\":\"Organization\",\"@id\":\"https:\\\/\\\/www.purejewels.com\\\/#organization\",\"name\":\"PureJewels UK\",\"url\":\"https:\\\/\\\/www.purejewels.com\\\/\",\"logo\":{\"@type\":\"ImageObject\",\"inLanguage\":\"tr\",\"@id\":\"https:\\\/\\\/www.purejewels.com\\\/#\\\/schema\\\/logo\\\/image\\\/\",\"url\":\"https:\\\/\\\/static.purejewels.com\\\/wp-content\\\/uploads\\\/2020\\\/11\\\/Logo-PJ-New-1.png\",\"contentUrl\":\"https:\\\/\\\/static.purejewels.com\\\/wp-content\\\/uploads\\\/2020\\\/11\\\/Logo-PJ-New-1.png\",\"width\":150,\"height\":80,\"caption\":\"PureJewels UK\"},\"image\":{\"@id\":\"https:\\\/\\\/www.purejewels.com\\\/#\\\/schema\\\/logo\\\/image\\\/\"}}]}<\/script>\n<!-- \/ Yoast SEO plugin. -->","yoast_head_json":{"title":"Rozet G\u00fcndo\u011fumu Alt\u0131n Gelin Gerdanl\u0131k Kolye | PureJewels UK","description":"PureJewels'in 22 ayar alt\u0131ndan Rosette Sunrise Gold Gelin Gerdanl\u0131k Kolyesini ke\u015ffedin. D\u00fc\u011f\u00fcnler ve kutlamalar i\u00e7in m\u00fckemmel, \u00e7i\u00e7ek rozetli el yap\u0131m\u0131 bir ba\u015fyap\u0131t.","robots":{"index":"index","follow":"follow","max-snippet":"max-snippet:-1","max-image-preview":"max-image-preview:large","max-video-preview":"max-video-preview:-1"},"canonical":"https:\/\/www.purejewels.com\/tr\/urun\/rozet-gundogumu-altin-geli\u0307n-gerdanlik-kolye-52002\/","og_locale":"tr_TR","og_type":"article","og_title":"Rosette Sunrise Gold Bridal Choker Necklace | PureJewels UK","og_description":"Discover PureJewels\u2019 Rosette Sunrise Gold Bridal Choker Necklace in 22ct gold. A handcrafted masterpiece with floral rosettes, perfect for weddings and celebrations.","og_url":"https:\/\/www.purejewels.com\/tr\/urun\/rozet-gundogumu-altin-geli\u0307n-gerdanlik-kolye-52002\/","og_site_name":"PureJewels UK","article_modified_time":"2026-02-05T06:09:24+00:00","og_image":[{"width":1000,"height":1000,"url":"https:\/\/static.purejewels.com\/wp-content\/uploads\/2025\/09\/Rosette-Choker.1.jpg","type":"image\/jpeg"}],"twitter_card":"summary_large_image","twitter_misc":{"Tahmini okuma s\u00fcresi":"2 dakika"},"schema":{"@context":"https:\/\/schema.org","@graph":[{"@type":["WebPage","ItemPage"],"@id":"https:\/\/www.purejewels.com\/product\/rosette-sunrise-gold-bridal-choker-necklace-52002\/","url":"https:\/\/www.purejewels.com\/product\/rosette-sunrise-gold-bridal-choker-necklace-52002\/","name":"Rozet G\u00fcndo\u011fumu Alt\u0131n Gelin Gerdanl\u0131k Kolye | PureJewels UK","isPartOf":{"@id":"https:\/\/www.purejewels.com\/#website"},"primaryImageOfPage":{"@id":"https:\/\/www.purejewels.com\/product\/rosette-sunrise-gold-bridal-choker-necklace-52002\/#primaryimage"},"image":{"@id":"https:\/\/www.purejewels.com\/product\/rosette-sunrise-gold-bridal-choker-necklace-52002\/#primaryimage"},"thumbnailUrl":"https:\/\/static.purejewels.com\/wp-content\/uploads\/2025\/09\/Rosette-Choker.1.jpg","datePublished":"2025-08-24T13:22:05+00:00","dateModified":"2026-02-05T06:09:24+00:00","description":"PureJewels'in 22 ayar alt\u0131ndan Rosette Sunrise Gold Gelin Gerdanl\u0131k Kolyesini ke\u015ffedin. D\u00fc\u011f\u00fcnler ve kutlamalar i\u00e7in m\u00fckemmel, \u00e7i\u00e7ek rozetli el yap\u0131m\u0131 bir ba\u015fyap\u0131t.","breadcrumb":{"@id":"https:\/\/www.purejewels.com\/product\/rosette-sunrise-gold-bridal-choker-necklace-52002\/#breadcrumb"},"inLanguage":"tr","potentialAction":[{"@type":"ReadAction","target":["https:\/\/www.purejewels.com\/product\/rosette-sunrise-gold-bridal-choker-necklace-52002\/"]}]},{"@type":"ImageObject","inLanguage":"tr","@id":"https:\/\/www.purejewels.com\/product\/rosette-sunrise-gold-bridal-choker-necklace-52002\/#primaryimage","url":"https:\/\/static.purejewels.com\/wp-content\/uploads\/2025\/09\/Rosette-Choker.1.jpg","contentUrl":"https:\/\/static.purejewels.com\/wp-content\/uploads\/2025\/09\/Rosette-Choker.1.jpg","width":1000,"height":1000,"caption":"Rosette Sunrise Gold Bridal Choker Necklace"},{"@type":"BreadcrumbList","@id":"https:\/\/www.purejewels.com\/product\/rosette-sunrise-gold-bridal-choker-necklace-52002\/#breadcrumb","itemListElement":[{"@type":"ListItem","position":1,"name":"Home","item":"https:\/\/www.purejewels.com\/"},{"@type":"ListItem","position":2,"name":"Shop","item":"https:\/\/www.purejewels.com\/shop\/"},{"@type":"ListItem","position":3,"name":"Rosette Sunrise Gold Bridal Choker Necklace"}]},{"@type":"WebSite","@id":"https:\/\/www.purejewels.com\/#website","url":"https:\/\/www.purejewels.com\/","name":"PureJewels \u0130ngiltere","description":"Sevgiyi Payla\u015f\u0131n","publisher":{"@id":"https:\/\/www.purejewels.com\/#organization"},"potentialAction":[{"@type":"SearchAction","target":{"@type":"EntryPoint","urlTemplate":"https:\/\/www.purejewels.com\/?s={search_term_string}"},"query-input":{"@type":"PropertyValueSpecification","valueRequired":true,"valueName":"search_term_string"}}],"inLanguage":"tr"},{"@type":"Organization","@id":"https:\/\/www.purejewels.com\/#organization","name":"PureJewels \u0130ngiltere","url":"https:\/\/www.purejewels.com\/","logo":{"@type":"ImageObject","inLanguage":"tr","@id":"https:\/\/www.purejewels.com\/#\/schema\/logo\/image\/","url":"https:\/\/static.purejewels.com\/wp-content\/uploads\/2020\/11\/Logo-PJ-New-1.png","contentUrl":"https:\/\/static.purejewels.com\/wp-content\/uploads\/2020\/11\/Logo-PJ-New-1.png","width":150,"height":80,"caption":"PureJewels UK"},"image":{"@id":"https:\/\/www.purejewels.com\/#\/schema\/logo\/image\/"}}]}},"_links":{"self":[{"href":"https:\/\/www.purejewels.com\/tr\/wp-json\/wp\/v2\/product\/416727","targetHints":{"allow":["GET"]}}],"collection":[{"href":"https:\/\/www.purejewels.com\/tr\/wp-json\/wp\/v2\/product"}],"about":[{"href":"https:\/\/www.purejewels.com\/tr\/wp-json\/wp\/v2\/types\/product"}],"replies":[{"embeddable":true,"href":"https:\/\/www.purejewels.com\/tr\/wp-json\/wp\/v2\/comments?post=416727"}],"version-history":[{"count":1,"href":"https:\/\/www.purejewels.com\/tr\/wp-json\/wp\/v2\/product\/416727\/revisions"}],"predecessor-version":[{"id":416732,"href":"https:\/\/www.purejewels.com\/tr\/wp-json\/wp\/v2\/product\/416727\/revisions\/416732"}],"wp:featuredmedia":[{"embeddable":true,"href":"https:\/\/www.purejewels.com\/tr\/wp-json\/wp\/v2\/media\/416730"}],"wp:attachment":[{"href":"https:\/\/www.purejewels.com\/tr\/wp-json\/wp\/v2\/media?parent=416727"}],"wp:term":[{"taxonomy":"product_brand","embeddable":true,"href":"https:\/\/www.purejewels.com\/tr\/wp-json\/wp\/v2\/product_brand?post=416727"},{"taxonomy":"product_cat","embeddable":true,"href":"https:\/\/www.purejewels.com\/tr\/wp-json\/wp\/v2\/product_cat?post=416727"},{"taxonomy":"product_tag","embeddable":true,"href":"https:\/\/www.purejewels.com\/tr\/wp-json\/wp\/v2\/product_tag?post=416727"}],"curies":[{"name":"wp","href":"https:\/\/api.w.org\/{rel}","templated":true}]}}