{"id":416894,"date":"2025-08-30T14:26:50","date_gmt":"2025-08-30T13:26:50","guid":{"rendered":"https:\/\/www.purejewels.com\/?post_type=product&#038;p=416894"},"modified":"2026-04-24T09:44:00","modified_gmt":"2026-04-24T08:44:00","slug":"emaye-detayli-22-ayar-altin-dans-eden-ganesha-kolye-53032","status":"publish","type":"product","link":"https:\/\/www.purejewels.com\/tr\/product\/22ct-gold-dancing-ganesha-pendant-with-enamel-detailing-53032\/","title":{"rendered":"22 Ayar Alt\u0131n Mineli Dans Eden Ganesha Kolye"},"content":{"rendered":"<h3>Tasar\u0131m Konsepti<\/h3>\n<p>Tap\u0131nak sanat\u0131ndan esinlenen kolye ucu, Lord Ganesha'n\u0131n dans\u0131n\u0131n ne\u015feli \u00f6z\u00fcn\u00fc yans\u0131t\u0131yor. Tasar\u0131m, ince emaye vurgularla zenginle\u015ftirilmi\u015f ak\u0131c\u0131 formlarla ba\u011fl\u0131l\u0131k ve zarafet dengesini yans\u0131t\u0131yor. Engellerin kald\u0131r\u0131lmas\u0131n\u0131 ve yeni ba\u015flang\u0131\u00e7lar\u0131n kutlanmas\u0131n\u0131 temsil eder.<\/p>\n<h3>Zanaatkarl\u0131k<\/h3>\n<p>Zanaatk\u00e2rlar taraf\u0131ndan ustal\u0131kla i\u015flenen kolye ucu, heykelsi hassasiyeti narin mine i\u015f\u00e7ili\u011fiyle birle\u015ftiriyor. Her bir k\u0131vr\u0131m ve detay, 22 ayar alt\u0131ndan ger\u00e7ek\u00e7i bir ifade ve \u0131\u015f\u0131lt\u0131 elde etmek i\u00e7in \u00f6zenle tamamlanm\u0131\u015ft\u0131r. Damga, \u00f6zg\u00fcnl\u00fck ve kal\u0131c\u0131 de\u011fer garantisi sa\u011flar.<\/p>\n<h3>Stil \u0130pu\u00e7lar\u0131<\/h3>\n<ul>\n<li>G\u00fcnl\u00fck ba\u011fl\u0131l\u0131k i\u00e7in 22 ayar ince bir zincirle e\u015fle\u015ftirin<\/li>\n<li>Festivallerde ve u\u011furlu g\u00fcnlerde inanc\u0131n bir ifadesi olarak giyin<\/li>\n<li>D\u00fc\u011f\u00fcnler, yeni eve ta\u015f\u0131nmalar veya manevi d\u00f6n\u00fcm noktalar\u0131 i\u00e7in anlaml\u0131 bir hediye<\/li>\n<\/ul>","protected":false},"excerpt":{"rendered":"<p>22 ayar alt\u0131n kolye ucu, Lord Ganesha'y\u0131 narin mine vurgular\u0131yla dans ederken tasvir ediyor. Zamans\u0131z bir sanatla i\u015flenmi\u015f bilgelik, refah ve ba\u011fl\u0131l\u0131k sembol\u00fc.<\/p>\n<p><strong>Malzeme:<\/strong>\u00a022 Ayar Alt\u0131n<strong><br \/>\nHallmark:\u00a0<\/strong>\u0130ngiliz Damgas\u0131<strong><br \/>\n<\/strong><strong>Br\u00fct A\u011f\u0131rl\u0131k: <\/strong>2.62 Gms<strong><br \/>\nSKU: <\/strong>53032<\/p>\n<p><strong>Fiyat ve Teslimat:<\/strong>KDV ve teslimat \u00fccretleri dahil<strong><br \/>\n<a href=\"https:\/\/www.purejewels.com\/tr\/i%cc%87ade-poli%cc%87ti%cc%87kasi\/\">\u0130ade Politikas\u0131<\/a><\/strong><\/p>","protected":false},"featured_media":395005,"comment_status":"closed","ping_status":"closed","template":"","meta":{"_eb_attr":"","_crsspst_to_jayantr4sg-hostcom":true},"product_brand":[],"product_cat":[1571,5601,1229,1255,5344,1767,1572,1768,5338,1701,5349],"product_tag":[],"class_list":{"0":"post-416894","1":"product","2":"type-product","3":"status-publish","4":"has-post-thumbnail","6":"product_cat-fathers-day-gifts","7":"product_cat-ganesh-pendants","8":"product_cat-22ct-gold-jewellery","9":"product_cat-gold-pendants","10":"product_cat-jewellery-under-750","11":"product_cat-ladies-pendants","12":"product_cat-mens-jewellery","13":"product_cat-mens-pendants","14":"product_cat-shop-by-price","15":"product_cat-religious-pendants","16":"product_cat-yellow-gold-jewellery","18":"first","19":"instock","20":"taxable","21":"shipping-taxable","22":"purchasable","23":"product-type-simple","24":"add-to-wishlist-before_image"},"yoast_head":"<!-- This site is optimized with the Yoast SEO plugin v27.5 - https:\/\/yoast.com\/product\/yoast-seo-wordpress\/ -->\n<title>22ct Gold Dancing Ganesha Pendant | PureJewels London<\/title>\n<meta name=\"description\" content=\"Celebrate divine grace with our 22ct Gold Dancing Ganesha Pendant. Featuring fine enamel accents. This pendant symbolises wisdom and prosperity.\" \/>\n<meta name=\"robots\" content=\"index, follow, max-snippet:-1, max-image-preview:large, max-video-preview:-1\" \/>\n<link rel=\"canonical\" href=\"https:\/\/www.purejewels.com\/tr\/urun\/emaye-detayli-22-ayar-altin-dans-eden-ganesha-kolye-53032\/\" \/>\n<meta property=\"og:locale\" content=\"tr_TR\" \/>\n<meta property=\"og:type\" content=\"article\" \/>\n<meta property=\"og:title\" content=\"22ct Gold Dancing Ganesha Pendant | PureJewels London\" \/>\n<meta property=\"og:description\" content=\"Celebrate divine grace with our 22ct Gold Dancing Ganesha Pendant. Featuring fine enamel accents. This pendant symbolises wisdom and prosperity.\" \/>\n<meta property=\"og:url\" content=\"https:\/\/www.purejewels.com\/tr\/urun\/emaye-detayli-22-ayar-altin-dans-eden-ganesha-kolye-53032\/\" \/>\n<meta property=\"og:site_name\" content=\"PureJewels UK\" \/>\n<meta property=\"article:modified_time\" content=\"2026-04-24T08:44:00+00:00\" \/>\n<meta property=\"og:image\" content=\"https:\/\/static.purejewels.com\/wp-content\/uploads\/2025\/05\/50997.png\" \/>\n\t<meta property=\"og:image:width\" content=\"1000\" \/>\n\t<meta property=\"og:image:height\" content=\"1000\" \/>\n\t<meta property=\"og:image:type\" content=\"image\/png\" \/>\n<meta name=\"twitter:card\" content=\"summary_large_image\" \/>\n<meta name=\"twitter:label1\" content=\"Tahmini okuma s\u00fcresi\" \/>\n\t<meta name=\"twitter:data1\" content=\"1 dakika\" \/>\n<script type=\"application\/ld+json\" class=\"yoast-schema-graph\">{\"@context\":\"https:\\\/\\\/schema.org\",\"@graph\":[{\"@type\":[\"WebPage\",\"ItemPage\"],\"@id\":\"https:\\\/\\\/www.purejewels.com\\\/product\\\/22ct-gold-dancing-ganesha-pendant-with-enamel-detailing-53032\\\/\",\"url\":\"https:\\\/\\\/www.purejewels.com\\\/product\\\/22ct-gold-dancing-ganesha-pendant-with-enamel-detailing-53032\\\/\",\"name\":\"22ct Gold Dancing Ganesha Pendant | PureJewels London\",\"isPartOf\":{\"@id\":\"https:\\\/\\\/www.purejewels.com\\\/#website\"},\"primaryImageOfPage\":{\"@id\":\"https:\\\/\\\/www.purejewels.com\\\/product\\\/22ct-gold-dancing-ganesha-pendant-with-enamel-detailing-53032\\\/#primaryimage\"},\"image\":{\"@id\":\"https:\\\/\\\/www.purejewels.com\\\/product\\\/22ct-gold-dancing-ganesha-pendant-with-enamel-detailing-53032\\\/#primaryimage\"},\"thumbnailUrl\":\"https:\\\/\\\/static.purejewels.com\\\/wp-content\\\/uploads\\\/2025\\\/05\\\/50997.png\",\"datePublished\":\"2025-08-30T13:26:50+00:00\",\"dateModified\":\"2026-04-24T08:44:00+00:00\",\"description\":\"Celebrate divine grace with our 22ct Gold Dancing Ganesha Pendant. Featuring fine enamel accents. This pendant symbolises wisdom and prosperity.\",\"breadcrumb\":{\"@id\":\"https:\\\/\\\/www.purejewels.com\\\/product\\\/22ct-gold-dancing-ganesha-pendant-with-enamel-detailing-53032\\\/#breadcrumb\"},\"inLanguage\":\"tr\",\"potentialAction\":[{\"@type\":\"ReadAction\",\"target\":[\"https:\\\/\\\/www.purejewels.com\\\/product\\\/22ct-gold-dancing-ganesha-pendant-with-enamel-detailing-53032\\\/\"]}]},{\"@type\":\"ImageObject\",\"inLanguage\":\"tr\",\"@id\":\"https:\\\/\\\/www.purejewels.com\\\/product\\\/22ct-gold-dancing-ganesha-pendant-with-enamel-detailing-53032\\\/#primaryimage\",\"url\":\"https:\\\/\\\/static.purejewels.com\\\/wp-content\\\/uploads\\\/2025\\\/05\\\/50997.png\",\"contentUrl\":\"https:\\\/\\\/static.purejewels.com\\\/wp-content\\\/uploads\\\/2025\\\/05\\\/50997.png\",\"width\":1000,\"height\":1000,\"caption\":\"Lord Ganesha Pendant in 22 Carat Gold\"},{\"@type\":\"BreadcrumbList\",\"@id\":\"https:\\\/\\\/www.purejewels.com\\\/product\\\/22ct-gold-dancing-ganesha-pendant-with-enamel-detailing-53032\\\/#breadcrumb\",\"itemListElement\":[{\"@type\":\"ListItem\",\"position\":1,\"name\":\"Home\",\"item\":\"https:\\\/\\\/www.purejewels.com\\\/\"},{\"@type\":\"ListItem\",\"position\":2,\"name\":\"Shop\",\"item\":\"https:\\\/\\\/www.purejewels.com\\\/shop\\\/\"},{\"@type\":\"ListItem\",\"position\":3,\"name\":\"22ct Gold Enamel Dancing Ganesha Pendant\"}]},{\"@type\":\"WebSite\",\"@id\":\"https:\\\/\\\/www.purejewels.com\\\/#website\",\"url\":\"https:\\\/\\\/www.purejewels.com\\\/\",\"name\":\"PureJewels UK\",\"description\":\"Share the Love\",\"publisher\":{\"@id\":\"https:\\\/\\\/www.purejewels.com\\\/#organization\"},\"potentialAction\":[{\"@type\":\"SearchAction\",\"target\":{\"@type\":\"EntryPoint\",\"urlTemplate\":\"https:\\\/\\\/www.purejewels.com\\\/?s={search_term_string}\"},\"query-input\":{\"@type\":\"PropertyValueSpecification\",\"valueRequired\":true,\"valueName\":\"search_term_string\"}}],\"inLanguage\":\"tr\"},{\"@type\":\"Organization\",\"@id\":\"https:\\\/\\\/www.purejewels.com\\\/#organization\",\"name\":\"PureJewels UK\",\"url\":\"https:\\\/\\\/www.purejewels.com\\\/\",\"logo\":{\"@type\":\"ImageObject\",\"inLanguage\":\"tr\",\"@id\":\"https:\\\/\\\/www.purejewels.com\\\/#\\\/schema\\\/logo\\\/image\\\/\",\"url\":\"https:\\\/\\\/static.purejewels.com\\\/wp-content\\\/uploads\\\/2020\\\/11\\\/Logo-PJ-New-1.png\",\"contentUrl\":\"https:\\\/\\\/static.purejewels.com\\\/wp-content\\\/uploads\\\/2020\\\/11\\\/Logo-PJ-New-1.png\",\"width\":150,\"height\":80,\"caption\":\"PureJewels UK\"},\"image\":{\"@id\":\"https:\\\/\\\/www.purejewels.com\\\/#\\\/schema\\\/logo\\\/image\\\/\"}}]}<\/script>\n<!-- \/ Yoast SEO plugin. -->","yoast_head_json":{"title":"22 Ayar Alt\u0131n Dans Eden Ganesha Kolye Ucu | PureJewels London","description":"\u0130lahi zarafeti 22 Ayar Alt\u0131n Dans Eden Ganesha Kolyemizle kutlay\u0131n. \u0130nce mine vurgulara sahiptir. Bu kolye ucu bilgeli\u011fi ve refah\u0131 simgeler.","robots":{"index":"index","follow":"follow","max-snippet":"max-snippet:-1","max-image-preview":"max-image-preview:large","max-video-preview":"max-video-preview:-1"},"canonical":"https:\/\/www.purejewels.com\/tr\/urun\/emaye-detayli-22-ayar-altin-dans-eden-ganesha-kolye-53032\/","og_locale":"tr_TR","og_type":"article","og_title":"22ct Gold Dancing Ganesha Pendant | PureJewels London","og_description":"Celebrate divine grace with our 22ct Gold Dancing Ganesha Pendant. Featuring fine enamel accents. This pendant symbolises wisdom and prosperity.","og_url":"https:\/\/www.purejewels.com\/tr\/urun\/emaye-detayli-22-ayar-altin-dans-eden-ganesha-kolye-53032\/","og_site_name":"PureJewels UK","article_modified_time":"2026-04-24T08:44:00+00:00","og_image":[{"width":1000,"height":1000,"url":"https:\/\/static.purejewels.com\/wp-content\/uploads\/2025\/05\/50997.png","type":"image\/png"}],"twitter_card":"summary_large_image","twitter_misc":{"Tahmini okuma s\u00fcresi":"1 dakika"},"schema":{"@context":"https:\/\/schema.org","@graph":[{"@type":["WebPage","ItemPage"],"@id":"https:\/\/www.purejewels.com\/product\/22ct-gold-dancing-ganesha-pendant-with-enamel-detailing-53032\/","url":"https:\/\/www.purejewels.com\/product\/22ct-gold-dancing-ganesha-pendant-with-enamel-detailing-53032\/","name":"22 Ayar Alt\u0131n Dans Eden Ganesha Kolye Ucu | PureJewels London","isPartOf":{"@id":"https:\/\/www.purejewels.com\/#website"},"primaryImageOfPage":{"@id":"https:\/\/www.purejewels.com\/product\/22ct-gold-dancing-ganesha-pendant-with-enamel-detailing-53032\/#primaryimage"},"image":{"@id":"https:\/\/www.purejewels.com\/product\/22ct-gold-dancing-ganesha-pendant-with-enamel-detailing-53032\/#primaryimage"},"thumbnailUrl":"https:\/\/static.purejewels.com\/wp-content\/uploads\/2025\/05\/50997.png","datePublished":"2025-08-30T13:26:50+00:00","dateModified":"2026-04-24T08:44:00+00:00","description":"\u0130lahi zarafeti 22 Ayar Alt\u0131n Dans Eden Ganesha Kolyemizle kutlay\u0131n. \u0130nce mine vurgulara sahiptir. Bu kolye ucu bilgeli\u011fi ve refah\u0131 simgeler.","breadcrumb":{"@id":"https:\/\/www.purejewels.com\/product\/22ct-gold-dancing-ganesha-pendant-with-enamel-detailing-53032\/#breadcrumb"},"inLanguage":"tr","potentialAction":[{"@type":"ReadAction","target":["https:\/\/www.purejewels.com\/product\/22ct-gold-dancing-ganesha-pendant-with-enamel-detailing-53032\/"]}]},{"@type":"ImageObject","inLanguage":"tr","@id":"https:\/\/www.purejewels.com\/product\/22ct-gold-dancing-ganesha-pendant-with-enamel-detailing-53032\/#primaryimage","url":"https:\/\/static.purejewels.com\/wp-content\/uploads\/2025\/05\/50997.png","contentUrl":"https:\/\/static.purejewels.com\/wp-content\/uploads\/2025\/05\/50997.png","width":1000,"height":1000,"caption":"Lord Ganesha Pendant in 22 Carat Gold"},{"@type":"BreadcrumbList","@id":"https:\/\/www.purejewels.com\/product\/22ct-gold-dancing-ganesha-pendant-with-enamel-detailing-53032\/#breadcrumb","itemListElement":[{"@type":"ListItem","position":1,"name":"Home","item":"https:\/\/www.purejewels.com\/"},{"@type":"ListItem","position":2,"name":"Shop","item":"https:\/\/www.purejewels.com\/shop\/"},{"@type":"ListItem","position":3,"name":"22ct Gold Enamel Dancing Ganesha Pendant"}]},{"@type":"WebSite","@id":"https:\/\/www.purejewels.com\/#website","url":"https:\/\/www.purejewels.com\/","name":"PureJewels \u0130ngiltere","description":"Sevgiyi Payla\u015f\u0131n","publisher":{"@id":"https:\/\/www.purejewels.com\/#organization"},"potentialAction":[{"@type":"SearchAction","target":{"@type":"EntryPoint","urlTemplate":"https:\/\/www.purejewels.com\/?s={search_term_string}"},"query-input":{"@type":"PropertyValueSpecification","valueRequired":true,"valueName":"search_term_string"}}],"inLanguage":"tr"},{"@type":"Organization","@id":"https:\/\/www.purejewels.com\/#organization","name":"PureJewels \u0130ngiltere","url":"https:\/\/www.purejewels.com\/","logo":{"@type":"ImageObject","inLanguage":"tr","@id":"https:\/\/www.purejewels.com\/#\/schema\/logo\/image\/","url":"https:\/\/static.purejewels.com\/wp-content\/uploads\/2020\/11\/Logo-PJ-New-1.png","contentUrl":"https:\/\/static.purejewels.com\/wp-content\/uploads\/2020\/11\/Logo-PJ-New-1.png","width":150,"height":80,"caption":"PureJewels UK"},"image":{"@id":"https:\/\/www.purejewels.com\/#\/schema\/logo\/image\/"}}]}},"_links":{"self":[{"href":"https:\/\/www.purejewels.com\/tr\/wp-json\/wp\/v2\/product\/416894","targetHints":{"allow":["GET"]}}],"collection":[{"href":"https:\/\/www.purejewels.com\/tr\/wp-json\/wp\/v2\/product"}],"about":[{"href":"https:\/\/www.purejewels.com\/tr\/wp-json\/wp\/v2\/types\/product"}],"replies":[{"embeddable":true,"href":"https:\/\/www.purejewels.com\/tr\/wp-json\/wp\/v2\/comments?post=416894"}],"version-history":[{"count":3,"href":"https:\/\/www.purejewels.com\/tr\/wp-json\/wp\/v2\/product\/416894\/revisions"}],"predecessor-version":[{"id":416899,"href":"https:\/\/www.purejewels.com\/tr\/wp-json\/wp\/v2\/product\/416894\/revisions\/416899"}],"wp:featuredmedia":[{"embeddable":true,"href":"https:\/\/www.purejewels.com\/tr\/wp-json\/wp\/v2\/media\/395005"}],"wp:attachment":[{"href":"https:\/\/www.purejewels.com\/tr\/wp-json\/wp\/v2\/media?parent=416894"}],"wp:term":[{"taxonomy":"product_brand","embeddable":true,"href":"https:\/\/www.purejewels.com\/tr\/wp-json\/wp\/v2\/product_brand?post=416894"},{"taxonomy":"product_cat","embeddable":true,"href":"https:\/\/www.purejewels.com\/tr\/wp-json\/wp\/v2\/product_cat?post=416894"},{"taxonomy":"product_tag","embeddable":true,"href":"https:\/\/www.purejewels.com\/tr\/wp-json\/wp\/v2\/product_tag?post=416894"}],"curies":[{"name":"wp","href":"https:\/\/api.w.org\/{rel}","templated":true}]}}