{"id":417022,"date":"2025-08-26T11:18:47","date_gmt":"2025-08-26T10:18:47","guid":{"rendered":"https:\/\/www.purejewels.com\/?post_type=product&#038;p=417022"},"modified":"2026-05-11T06:31:10","modified_gmt":"2026-05-11T05:31:10","slug":"22-ayar-altin-rozet-solo-cicek-yuzuk-5mm","status":"publish","type":"product","link":"https:\/\/www.purejewels.com\/tr\/product\/22ct-gold-rosette-solo-flower-ring-5mm\/","title":{"rendered":"22 Ayar Alt\u0131n Rozet Solo \u00c7i\u00e7ek Y\u00fcz\u00fck | 5mm"},"content":{"rendered":"<h3>Tasar\u0131m Konsepti:<\/h3>\n<p>Bu <strong>5mm rozet \u00e7i\u00e7e\u011fi<\/strong> Bu y\u00fcz\u00fc\u011f\u00fcn merkezinde yer alan rozet, orijinal rozet tasar\u0131m\u0131na daha cesur bir yorum getiriyor. Geli\u015ftirilmi\u015f \u00e7i\u00e7ek \u015fekli, zarif ve \u00e7ok y\u00f6nl\u00fc bir par\u00e7ada \u00e7i\u00e7ek a\u00e7an g\u00fczelli\u011fin ruhunu yakalayan derinlik ve boyut kat\u0131yor.<\/p>\n<h3>\u0130\u015f\u00e7ilik:<\/h3>\n<p>Ustal\u0131kla el yap\u0131m\u0131 <strong>22 Ayar G\u00fcndo\u011fumu Alt\u0131n<\/strong> bu y\u00fcz\u00fck titiz bir sanat\u00e7\u0131l\u0131\u011f\u0131n sonucudur. Rozet, yumu\u015fak ama belirgin yapraklar\u0131n\u0131 elde etmek i\u00e7in hassasiyetle \u015fekillendirilirken, dokulu bant karakter ve g\u00fc\u00e7 katarak tasar\u0131m ve dayan\u0131kl\u0131l\u0131\u011f\u0131n uyumlu bir dengesini olu\u015fturur.<\/p>\n<h3>Stil:<\/h3>\n<p>\u0130nce bir ifade yaratmay\u0131 seven kad\u0131nlar i\u00e7in tasarlanan <strong>5mm \u00e7i\u00e7ekli orta s\u00fcs\u00fc<\/strong> dikkat \u00e7ekici ama zarif bir duru\u015f sunar. Hem g\u00fcnl\u00fck g\u00f6r\u00fcn\u00fcmleri hem de kutlama k\u0131yafetlerini zenginle\u015ftirmek i\u00e7in m\u00fckemmeldir ve kal\u0131c\u0131 konfor ile zamans\u0131z bir incelik sunar.<\/p>\n<p>&nbsp;<\/p>","protected":false},"excerpt":{"rendered":"<p>Bu <strong>22 Ayar G\u00fcndo\u011fumu Alt\u0131n Rozet Solo \u00c7i\u00e7ek Y\u00fcz\u00fck<\/strong> ile <strong>5mm \u00e7i\u00e7ekli orta s\u00fcs\u00fc<\/strong> imzal\u0131 bir tasar\u0131md\u0131r. <strong>Rozet Koleksiyonu<\/strong>. \u0130nce dokulu alt\u0131n band\u0131n \u00fczerinde yer alan \u00e7arp\u0131c\u0131 rozet, hem g\u00fcnl\u00fck kullan\u0131m hem de \u00f6zel g\u00fcnler i\u00e7in zarif bir se\u00e7imdir.<\/p>\n<p><strong>Malzeme<\/strong>: 22ct Sunrise Alt\u0131n (91.6% saf alt\u0131n)<br \/>\n<strong>Hallmark<\/strong>: \u0130ngiliz Hallmark<br \/>\n<strong>A\u011f\u0131rl\u0131k Aral\u0131\u011f\u0131<\/strong>: 1.7 Gms- 1.9 Gms<br \/>\n<strong>\u00c7i\u00e7ek geni\u015fli\u011fi<\/strong>: Merkez \u00c7i\u00e7ek - 5mm<br \/>\n<strong>Y\u00fcz\u00fck \u00d6l\u00e7\u00fcs\u00fc:<\/strong>\u00a0Farkl\u0131 boyutlarda mevcuttur<br \/>\n<strong>SKU:<\/strong> 51386, 51387, 51390, 52656, 54851<\/p>\n<p><strong>Fiyat ve Teslimat:<\/strong>\u00a0KDV ve teslimat \u00fccretleri dahil<br \/>\n<a href=\"https:\/\/www.purejewels.com\/tr\/i%cc%87ade-poli%cc%87ti%cc%87kasi\/\"><strong>\u0130ade Politikas\u0131<\/strong><\/a><\/p>","protected":false},"featured_media":392293,"comment_status":"closed","ping_status":"closed","template":"","meta":{"_eb_attr":"","_crsspst_to_jayantr4sg-hostcom":false},"product_brand":[],"product_cat":[1791,1559,236,1785,5909,1229,1235,1786,6155,1656,5276,6081,1573,1574],"product_tag":[],"class_list":{"0":"post-417022","1":"product","2":"type-product","3":"status-publish","4":"has-post-thumbnail","6":"product_cat-anniversary-gifts","7":"product_cat-birthday-gifts","8":"product_cat-collections","9":"product_cat-daily-wear-rings","10":"product_cat-flower-ring-jewelry","11":"product_cat-22ct-gold-jewellery","12":"product_cat-gold-rings","13":"product_cat-occasional-wear-rings","14":"product_cat-rosette-zariya-rings","15":"product_cat-rosettes-collections","16":"product_cat-rosettes-ring","17":"product_cat-sunrise-gold","18":"product_cat-wedding-gifts","19":"product_cat-womens-jewellery","21":"first","22":"instock","23":"taxable","24":"shipping-taxable","25":"purchasable","26":"product-type-variable","27":"add-to-wishlist-before_image"},"yoast_head":"<!-- This site is optimized with the Yoast SEO plugin v27.5 - https:\/\/yoast.com\/product\/yoast-seo-wordpress\/ -->\n<title>22ct Sunrise Gold Rosette Solo Flower Ring 5mm | Online at UK<\/title>\n<meta name=\"description\" content=\"Discover the 22ct Sunrise Gold Rosette Solo Flower Ring with a bold 5mm floral centerpiece from the Rosettes Collection crafted with precision for timeless beauty.\" \/>\n<meta name=\"robots\" content=\"index, follow, max-snippet:-1, max-image-preview:large, max-video-preview:-1\" \/>\n<link rel=\"canonical\" href=\"https:\/\/www.purejewels.com\/tr\/urun\/22-ayar-altin-rozet-solo-cicek-yuzuk-5mm\/\" \/>\n<meta property=\"og:locale\" content=\"tr_TR\" \/>\n<meta property=\"og:type\" content=\"article\" \/>\n<meta property=\"og:title\" content=\"22ct Sunrise Gold Rosette Solo Flower Ring 5mm | Online at UK\" \/>\n<meta property=\"og:description\" content=\"Discover the 22ct Sunrise Gold Rosette Solo Flower Ring with a bold 5mm floral centerpiece from the Rosettes Collection crafted with precision for timeless beauty.\" \/>\n<meta property=\"og:url\" content=\"https:\/\/www.purejewels.com\/tr\/urun\/22-ayar-altin-rozet-solo-cicek-yuzuk-5mm\/\" \/>\n<meta property=\"og:site_name\" content=\"PureJewels UK\" \/>\n<meta property=\"article:modified_time\" content=\"2026-05-11T05:31:10+00:00\" \/>\n<meta property=\"og:image\" content=\"https:\/\/static.purejewels.com\/wp-content\/uploads\/2025\/03\/51391.png\" \/>\n\t<meta property=\"og:image:width\" content=\"1000\" \/>\n\t<meta property=\"og:image:height\" content=\"1000\" \/>\n\t<meta property=\"og:image:type\" content=\"image\/png\" \/>\n<meta name=\"twitter:card\" content=\"summary_large_image\" \/>\n<meta name=\"twitter:label1\" content=\"Tahmini okuma s\u00fcresi\" \/>\n\t<meta name=\"twitter:data1\" content=\"1 dakika\" \/>\n<script type=\"application\/ld+json\" class=\"yoast-schema-graph\">{\"@context\":\"https:\\\/\\\/schema.org\",\"@graph\":[{\"@type\":[\"WebPage\",\"ItemPage\"],\"@id\":\"https:\\\/\\\/www.purejewels.com\\\/product\\\/22ct-gold-rosette-solo-flower-ring-5mm\\\/\",\"url\":\"https:\\\/\\\/www.purejewels.com\\\/product\\\/22ct-gold-rosette-solo-flower-ring-5mm\\\/\",\"name\":\"22ct Sunrise Gold Rosette Solo Flower Ring 5mm | Online at UK\",\"isPartOf\":{\"@id\":\"https:\\\/\\\/www.purejewels.com\\\/#website\"},\"primaryImageOfPage\":{\"@id\":\"https:\\\/\\\/www.purejewels.com\\\/product\\\/22ct-gold-rosette-solo-flower-ring-5mm\\\/#primaryimage\"},\"image\":{\"@id\":\"https:\\\/\\\/www.purejewels.com\\\/product\\\/22ct-gold-rosette-solo-flower-ring-5mm\\\/#primaryimage\"},\"thumbnailUrl\":\"https:\\\/\\\/static.purejewels.com\\\/wp-content\\\/uploads\\\/2025\\\/03\\\/51391.png\",\"datePublished\":\"2025-08-26T10:18:47+00:00\",\"dateModified\":\"2026-05-11T05:31:10+00:00\",\"description\":\"Discover the 22ct Sunrise Gold Rosette Solo Flower Ring with a bold 5mm floral centerpiece from the Rosettes Collection crafted with precision for timeless beauty.\",\"breadcrumb\":{\"@id\":\"https:\\\/\\\/www.purejewels.com\\\/product\\\/22ct-gold-rosette-solo-flower-ring-5mm\\\/#breadcrumb\"},\"inLanguage\":\"tr\",\"potentialAction\":[{\"@type\":\"ReadAction\",\"target\":[\"https:\\\/\\\/www.purejewels.com\\\/product\\\/22ct-gold-rosette-solo-flower-ring-5mm\\\/\"]}]},{\"@type\":\"ImageObject\",\"inLanguage\":\"tr\",\"@id\":\"https:\\\/\\\/www.purejewels.com\\\/product\\\/22ct-gold-rosette-solo-flower-ring-5mm\\\/#primaryimage\",\"url\":\"https:\\\/\\\/static.purejewels.com\\\/wp-content\\\/uploads\\\/2025\\\/03\\\/51391.png\",\"contentUrl\":\"https:\\\/\\\/static.purejewels.com\\\/wp-content\\\/uploads\\\/2025\\\/03\\\/51391.png\",\"width\":1000,\"height\":1000,\"caption\":\"Rosette Flower Ring\"},{\"@type\":\"BreadcrumbList\",\"@id\":\"https:\\\/\\\/www.purejewels.com\\\/product\\\/22ct-gold-rosette-solo-flower-ring-5mm\\\/#breadcrumb\",\"itemListElement\":[{\"@type\":\"ListItem\",\"position\":1,\"name\":\"Home\",\"item\":\"https:\\\/\\\/www.purejewels.com\\\/\"},{\"@type\":\"ListItem\",\"position\":2,\"name\":\"Shop\",\"item\":\"https:\\\/\\\/www.purejewels.com\\\/shop\\\/\"},{\"@type\":\"ListItem\",\"position\":3,\"name\":\"22ct Gold Rosette Solo Flower Ring | 5mm\"}]},{\"@type\":\"WebSite\",\"@id\":\"https:\\\/\\\/www.purejewels.com\\\/#website\",\"url\":\"https:\\\/\\\/www.purejewels.com\\\/\",\"name\":\"PureJewels UK\",\"description\":\"Share the Love\",\"publisher\":{\"@id\":\"https:\\\/\\\/www.purejewels.com\\\/#organization\"},\"potentialAction\":[{\"@type\":\"SearchAction\",\"target\":{\"@type\":\"EntryPoint\",\"urlTemplate\":\"https:\\\/\\\/www.purejewels.com\\\/?s={search_term_string}\"},\"query-input\":{\"@type\":\"PropertyValueSpecification\",\"valueRequired\":true,\"valueName\":\"search_term_string\"}}],\"inLanguage\":\"tr\"},{\"@type\":\"Organization\",\"@id\":\"https:\\\/\\\/www.purejewels.com\\\/#organization\",\"name\":\"PureJewels UK\",\"url\":\"https:\\\/\\\/www.purejewels.com\\\/\",\"logo\":{\"@type\":\"ImageObject\",\"inLanguage\":\"tr\",\"@id\":\"https:\\\/\\\/www.purejewels.com\\\/#\\\/schema\\\/logo\\\/image\\\/\",\"url\":\"https:\\\/\\\/static.purejewels.com\\\/wp-content\\\/uploads\\\/2020\\\/11\\\/Logo-PJ-New-1.png\",\"contentUrl\":\"https:\\\/\\\/static.purejewels.com\\\/wp-content\\\/uploads\\\/2020\\\/11\\\/Logo-PJ-New-1.png\",\"width\":150,\"height\":80,\"caption\":\"PureJewels UK\"},\"image\":{\"@id\":\"https:\\\/\\\/www.purejewels.com\\\/#\\\/schema\\\/logo\\\/image\\\/\"}}]}<\/script>\n<!-- \/ Yoast SEO plugin. -->","yoast_head_json":{"title":"22 Ayar Sunrise Alt\u0131n Rozet Solo \u00c7i\u00e7ek Y\u00fcz\u00fck 5mm | \u0130ngiltere'de Online","description":"Zamans\u0131z g\u00fczellik i\u00e7in hassasiyetle haz\u0131rlanm\u0131\u015f Rozetler Koleksiyonu'ndan cesur 5 mm \u00e7i\u00e7ekli merkez par\u00e7al\u0131 22 Ayar G\u00fcn Do\u011fumu Alt\u0131n Rozet Solo \u00c7i\u00e7ek Y\u00fcz\u00fc\u011f\u00fc ke\u015ffedin.","robots":{"index":"index","follow":"follow","max-snippet":"max-snippet:-1","max-image-preview":"max-image-preview:large","max-video-preview":"max-video-preview:-1"},"canonical":"https:\/\/www.purejewels.com\/tr\/urun\/22-ayar-altin-rozet-solo-cicek-yuzuk-5mm\/","og_locale":"tr_TR","og_type":"article","og_title":"22ct Sunrise Gold Rosette Solo Flower Ring 5mm | Online at UK","og_description":"Discover the 22ct Sunrise Gold Rosette Solo Flower Ring with a bold 5mm floral centerpiece from the Rosettes Collection crafted with precision for timeless beauty.","og_url":"https:\/\/www.purejewels.com\/tr\/urun\/22-ayar-altin-rozet-solo-cicek-yuzuk-5mm\/","og_site_name":"PureJewels UK","article_modified_time":"2026-05-11T05:31:10+00:00","og_image":[{"width":1000,"height":1000,"url":"https:\/\/static.purejewels.com\/wp-content\/uploads\/2025\/03\/51391.png","type":"image\/png"}],"twitter_card":"summary_large_image","twitter_misc":{"Tahmini okuma s\u00fcresi":"1 dakika"},"schema":{"@context":"https:\/\/schema.org","@graph":[{"@type":["WebPage","ItemPage"],"@id":"https:\/\/www.purejewels.com\/product\/22ct-gold-rosette-solo-flower-ring-5mm\/","url":"https:\/\/www.purejewels.com\/product\/22ct-gold-rosette-solo-flower-ring-5mm\/","name":"22 Ayar Sunrise Alt\u0131n Rozet Solo \u00c7i\u00e7ek Y\u00fcz\u00fck 5mm | \u0130ngiltere'de Online","isPartOf":{"@id":"https:\/\/www.purejewels.com\/#website"},"primaryImageOfPage":{"@id":"https:\/\/www.purejewels.com\/product\/22ct-gold-rosette-solo-flower-ring-5mm\/#primaryimage"},"image":{"@id":"https:\/\/www.purejewels.com\/product\/22ct-gold-rosette-solo-flower-ring-5mm\/#primaryimage"},"thumbnailUrl":"https:\/\/static.purejewels.com\/wp-content\/uploads\/2025\/03\/51391.png","datePublished":"2025-08-26T10:18:47+00:00","dateModified":"2026-05-11T05:31:10+00:00","description":"Zamans\u0131z g\u00fczellik i\u00e7in hassasiyetle haz\u0131rlanm\u0131\u015f Rozetler Koleksiyonu'ndan cesur 5 mm \u00e7i\u00e7ekli merkez par\u00e7al\u0131 22 Ayar G\u00fcn Do\u011fumu Alt\u0131n Rozet Solo \u00c7i\u00e7ek Y\u00fcz\u00fc\u011f\u00fc ke\u015ffedin.","breadcrumb":{"@id":"https:\/\/www.purejewels.com\/product\/22ct-gold-rosette-solo-flower-ring-5mm\/#breadcrumb"},"inLanguage":"tr","potentialAction":[{"@type":"ReadAction","target":["https:\/\/www.purejewels.com\/product\/22ct-gold-rosette-solo-flower-ring-5mm\/"]}]},{"@type":"ImageObject","inLanguage":"tr","@id":"https:\/\/www.purejewels.com\/product\/22ct-gold-rosette-solo-flower-ring-5mm\/#primaryimage","url":"https:\/\/static.purejewels.com\/wp-content\/uploads\/2025\/03\/51391.png","contentUrl":"https:\/\/static.purejewels.com\/wp-content\/uploads\/2025\/03\/51391.png","width":1000,"height":1000,"caption":"Rosette Flower Ring"},{"@type":"BreadcrumbList","@id":"https:\/\/www.purejewels.com\/product\/22ct-gold-rosette-solo-flower-ring-5mm\/#breadcrumb","itemListElement":[{"@type":"ListItem","position":1,"name":"Home","item":"https:\/\/www.purejewels.com\/"},{"@type":"ListItem","position":2,"name":"Shop","item":"https:\/\/www.purejewels.com\/shop\/"},{"@type":"ListItem","position":3,"name":"22ct Gold Rosette Solo Flower Ring | 5mm"}]},{"@type":"WebSite","@id":"https:\/\/www.purejewels.com\/#website","url":"https:\/\/www.purejewels.com\/","name":"PureJewels \u0130ngiltere","description":"Sevgiyi Payla\u015f\u0131n","publisher":{"@id":"https:\/\/www.purejewels.com\/#organization"},"potentialAction":[{"@type":"SearchAction","target":{"@type":"EntryPoint","urlTemplate":"https:\/\/www.purejewels.com\/?s={search_term_string}"},"query-input":{"@type":"PropertyValueSpecification","valueRequired":true,"valueName":"search_term_string"}}],"inLanguage":"tr"},{"@type":"Organization","@id":"https:\/\/www.purejewels.com\/#organization","name":"PureJewels \u0130ngiltere","url":"https:\/\/www.purejewels.com\/","logo":{"@type":"ImageObject","inLanguage":"tr","@id":"https:\/\/www.purejewels.com\/#\/schema\/logo\/image\/","url":"https:\/\/static.purejewels.com\/wp-content\/uploads\/2020\/11\/Logo-PJ-New-1.png","contentUrl":"https:\/\/static.purejewels.com\/wp-content\/uploads\/2020\/11\/Logo-PJ-New-1.png","width":150,"height":80,"caption":"PureJewels UK"},"image":{"@id":"https:\/\/www.purejewels.com\/#\/schema\/logo\/image\/"}}]}},"_links":{"self":[{"href":"https:\/\/www.purejewels.com\/tr\/wp-json\/wp\/v2\/product\/417022","targetHints":{"allow":["GET"]}}],"collection":[{"href":"https:\/\/www.purejewels.com\/tr\/wp-json\/wp\/v2\/product"}],"about":[{"href":"https:\/\/www.purejewels.com\/tr\/wp-json\/wp\/v2\/types\/product"}],"replies":[{"embeddable":true,"href":"https:\/\/www.purejewels.com\/tr\/wp-json\/wp\/v2\/comments?post=417022"}],"version-history":[{"count":3,"href":"https:\/\/www.purejewels.com\/tr\/wp-json\/wp\/v2\/product\/417022\/revisions"}],"predecessor-version":[{"id":426904,"href":"https:\/\/www.purejewels.com\/tr\/wp-json\/wp\/v2\/product\/417022\/revisions\/426904"}],"wp:featuredmedia":[{"embeddable":true,"href":"https:\/\/www.purejewels.com\/tr\/wp-json\/wp\/v2\/media\/392293"}],"wp:attachment":[{"href":"https:\/\/www.purejewels.com\/tr\/wp-json\/wp\/v2\/media?parent=417022"}],"wp:term":[{"taxonomy":"product_brand","embeddable":true,"href":"https:\/\/www.purejewels.com\/tr\/wp-json\/wp\/v2\/product_brand?post=417022"},{"taxonomy":"product_cat","embeddable":true,"href":"https:\/\/www.purejewels.com\/tr\/wp-json\/wp\/v2\/product_cat?post=417022"},{"taxonomy":"product_tag","embeddable":true,"href":"https:\/\/www.purejewels.com\/tr\/wp-json\/wp\/v2\/product_tag?post=417022"}],"curies":[{"name":"wp","href":"https:\/\/api.w.org\/{rel}","templated":true}]}}