{"id":417073,"date":"2025-06-26T13:37:49","date_gmt":"2025-06-26T12:37:49","guid":{"rendered":"https:\/\/www.purejewels.com\/?post_type=product&#038;p=417073"},"modified":"2026-02-04T13:17:16","modified_gmt":"2026-02-04T13:17:16","slug":"22-ayar-sari-altin-cz-tektas-yuzuk-53130","status":"publish","type":"product","link":"https:\/\/www.purejewels.com\/tr\/product\/22ct-yellow-gold-cz-solitaire-ring-53130\/","title":{"rendered":"22 Ayar Sar\u0131 Alt\u0131n Tekta\u015f Y\u00fcz\u00fck"},"content":{"rendered":"<h3>Tasar\u0131m Konsepti<\/h3>\n<p>Tasar\u0131m, zengin sar\u0131 alt\u0131na yerle\u015ftirilmi\u015f tek bir Tekta\u015f CZ Ta\u015f ile zamans\u0131z sadeli\u011fe odaklan\u0131yor. Sofistike ve abart\u0131s\u0131z bir \u00e7ekicili\u011fi yans\u0131tan bu tasar\u0131m her durum i\u00e7in uygundur.<\/p>\n<h3>Zanaatkarl\u0131k<\/h3>\n<p>Hassas tekta\u015f ta\u015f ayar\u0131 ile 22 ayar alt\u0131ndan ustal\u0131kla el i\u015f\u00e7ili\u011fi ile \u00fcretilmi\u015ftir. Her y\u00fcz\u00fck Londra Assay Ofisi taraf\u0131ndan damgalanarak \u00f6zg\u00fcnl\u00fck ve alt\u0131n safl\u0131\u011f\u0131 garanti alt\u0131na al\u0131nm\u0131\u015ft\u0131r.<\/p>\n<h3>Stil \u0130pu\u00e7lar\u0131<\/h3>\n<p>Bu tekta\u015f y\u00fcz\u00fc\u011f\u00fc g\u00f6steri\u015fli bir par\u00e7a olarak tak\u0131n veya katmanl\u0131 bir g\u00f6r\u00fcn\u00fcm i\u00e7in narin alt\u0131n bantlarla e\u015fle\u015ftirin. Ni\u015fanlar i\u00e7in veya g\u00fcnl\u00fck k\u0131yafetlere \u015f\u0131kl\u0131k katmak i\u00e7in m\u00fckemmeldir.<\/p>","protected":false},"excerpt":{"rendered":"<p>22 ayar alt\u0131n y\u00fcz\u00fck, \u0131\u015f\u0131lt\u0131l\u0131 bir solitaire CZ ta\u015f ile s\u00fcslenmi\u015ftir. Hassas bir \u015fekilde el i\u015f\u00e7ili\u011fi ile \u00fcretilmi\u015f ve orijinalli\u011fi damgal\u0131d\u0131r.<\/p>\n<p><strong>Malzeme:<\/strong>\u00a022 Ayar Alt\u0131n<br \/>\n<strong>Safl\u0131k:<\/strong>\u00a091.6% saf alt\u0131n<br \/>\n<strong>Hallmark:<\/strong>\u00a0\u0130ngiliz Damgas\u0131<strong><br \/>\nBr\u00fct A\u011f\u0131rl\u0131k Aral\u0131\u011f\u0131: <\/strong>1,57 Gms \u2013 1,75 Gms<br \/>\n<strong>SKU:<\/strong> 53130, 51801, 41596<br \/>\n<strong>Ta\u015f:<\/strong> K\u00fcbik Zirkonya (CZ)<br \/>\n<strong>Uygunluk:<\/strong>\u00a0Her g\u00fcn ve du\u015fta giyilebilir<br \/>\n<strong>Renk:<\/strong> Sar\u0131 Alt\u0131n do\u011fal rengidir ve g\u00fcnl\u00fck kullan\u0131mda solmaz veya rengi solmaz<\/p>\n<p><strong>Fiyat ve Teslimat<\/strong>: KDV ve teslimat \u00fccretleri dahil<br \/>\n<a href=\"https:\/\/www.purejewels.com\/tr\/i%cc%87ade-poli%cc%87ti%cc%87kasi\/\">\u0130ade Politikas\u0131<\/a><\/p>","protected":false},"featured_media":318293,"comment_status":"closed","ping_status":"closed","template":"","meta":{"_eb_attr":"","_crsspst_to_jayantr4sg-hostcom":true},"product_brand":[],"product_cat":[1791,1559,1235,1783,1786,1574],"product_tag":[6163,6043],"class_list":{"0":"post-417073","1":"product","2":"type-product","3":"status-publish","4":"has-post-thumbnail","6":"product_cat-anniversary-gifts","7":"product_cat-birthday-gifts","8":"product_cat-gold-rings","9":"product_cat-ladies-rings","10":"product_cat-occasional-wear-rings","11":"product_cat-womens-jewellery","12":"product_tag-22ct-cz-gold-ring","13":"product_tag-22ct-gold-ring","15":"first","16":"outofstock","17":"taxable","18":"shipping-taxable","19":"product-type-variable","20":"add-to-wishlist-before_image"},"yoast_head":"<!-- This site is optimized with the Yoast SEO plugin v27.3 - https:\/\/yoast.com\/product\/yoast-seo-wordpress\/ -->\n<title>22ct Gold Ring with Solitaire CZ Stone Size J | PureJewels UK<\/title>\n<meta name=\"description\" content=\"Elegant 22ct Gold Ring with a Solitaire CZ Stone in Size J. Handcrafted in yellow gold. A timeless design perfect for gifting or everyday wear.\" \/>\n<meta name=\"robots\" content=\"index, follow, max-snippet:-1, max-image-preview:large, max-video-preview:-1\" \/>\n<link rel=\"canonical\" href=\"https:\/\/www.purejewels.com\/tr\/urun\/22-ayar-sari-altin-cz-tektas-yuzuk-53130\/\" \/>\n<meta property=\"og:locale\" content=\"tr_TR\" \/>\n<meta property=\"og:type\" content=\"article\" \/>\n<meta property=\"og:title\" content=\"22ct Gold Ring with Solitaire CZ Stone Size J | PureJewels UK\" \/>\n<meta property=\"og:description\" content=\"Elegant 22ct Gold Ring with a Solitaire CZ Stone in Size J. Handcrafted in yellow gold. A timeless design perfect for gifting or everyday wear.\" \/>\n<meta property=\"og:url\" content=\"https:\/\/www.purejewels.com\/tr\/urun\/22-ayar-sari-altin-cz-tektas-yuzuk-53130\/\" \/>\n<meta property=\"og:site_name\" content=\"PureJewels UK\" \/>\n<meta property=\"article:modified_time\" content=\"2026-02-04T13:17:16+00:00\" \/>\n<meta property=\"og:image\" content=\"https:\/\/static.purejewels.com\/wp-content\/uploads\/2020\/10\/image187688648.jpg\" \/>\n\t<meta property=\"og:image:width\" content=\"1000\" \/>\n\t<meta property=\"og:image:height\" content=\"1000\" \/>\n\t<meta property=\"og:image:type\" content=\"image\/jpeg\" \/>\n<meta name=\"twitter:card\" content=\"summary_large_image\" \/>\n<meta name=\"twitter:label1\" content=\"Tahmini okuma s\u00fcresi\" \/>\n\t<meta name=\"twitter:data1\" content=\"1 dakika\" \/>\n<script type=\"application\/ld+json\" class=\"yoast-schema-graph\">{\"@context\":\"https:\\\/\\\/schema.org\",\"@graph\":[{\"@type\":[\"WebPage\",\"ItemPage\"],\"@id\":\"https:\\\/\\\/www.purejewels.com\\\/product\\\/22ct-yellow-gold-cz-solitaire-ring-53130\\\/\",\"url\":\"https:\\\/\\\/www.purejewels.com\\\/product\\\/22ct-yellow-gold-cz-solitaire-ring-53130\\\/\",\"name\":\"22ct Gold Ring with Solitaire CZ Stone Size J | PureJewels UK\",\"isPartOf\":{\"@id\":\"https:\\\/\\\/www.purejewels.com\\\/#website\"},\"primaryImageOfPage\":{\"@id\":\"https:\\\/\\\/www.purejewels.com\\\/product\\\/22ct-yellow-gold-cz-solitaire-ring-53130\\\/#primaryimage\"},\"image\":{\"@id\":\"https:\\\/\\\/www.purejewels.com\\\/product\\\/22ct-yellow-gold-cz-solitaire-ring-53130\\\/#primaryimage\"},\"thumbnailUrl\":\"https:\\\/\\\/static.purejewels.com\\\/wp-content\\\/uploads\\\/2020\\\/10\\\/image187688648.jpg\",\"datePublished\":\"2025-06-26T12:37:49+00:00\",\"dateModified\":\"2026-02-04T13:17:16+00:00\",\"description\":\"Elegant 22ct Gold Ring with a Solitaire CZ Stone in Size J. Handcrafted in yellow gold. A timeless design perfect for gifting or everyday wear.\",\"breadcrumb\":{\"@id\":\"https:\\\/\\\/www.purejewels.com\\\/product\\\/22ct-yellow-gold-cz-solitaire-ring-53130\\\/#breadcrumb\"},\"inLanguage\":\"tr\",\"potentialAction\":[{\"@type\":\"ReadAction\",\"target\":[\"https:\\\/\\\/www.purejewels.com\\\/product\\\/22ct-yellow-gold-cz-solitaire-ring-53130\\\/\"]}]},{\"@type\":\"ImageObject\",\"inLanguage\":\"tr\",\"@id\":\"https:\\\/\\\/www.purejewels.com\\\/product\\\/22ct-yellow-gold-cz-solitaire-ring-53130\\\/#primaryimage\",\"url\":\"https:\\\/\\\/static.purejewels.com\\\/wp-content\\\/uploads\\\/2020\\\/10\\\/image187688648.jpg\",\"contentUrl\":\"https:\\\/\\\/static.purejewels.com\\\/wp-content\\\/uploads\\\/2020\\\/10\\\/image187688648.jpg\",\"width\":1000,\"height\":1000,\"caption\":\"22ct Gold Light Single Stone (Round Shape) Ring YGLR250\"},{\"@type\":\"BreadcrumbList\",\"@id\":\"https:\\\/\\\/www.purejewels.com\\\/product\\\/22ct-yellow-gold-cz-solitaire-ring-53130\\\/#breadcrumb\",\"itemListElement\":[{\"@type\":\"ListItem\",\"position\":1,\"name\":\"Home\",\"item\":\"https:\\\/\\\/www.purejewels.com\\\/\"},{\"@type\":\"ListItem\",\"position\":2,\"name\":\"Shop\",\"item\":\"https:\\\/\\\/www.purejewels.com\\\/shop\\\/\"},{\"@type\":\"ListItem\",\"position\":3,\"name\":\"22ct Yellow Gold Solitaire Ring\"}]},{\"@type\":\"WebSite\",\"@id\":\"https:\\\/\\\/www.purejewels.com\\\/#website\",\"url\":\"https:\\\/\\\/www.purejewels.com\\\/\",\"name\":\"PureJewels UK\",\"description\":\"Share the Love\",\"publisher\":{\"@id\":\"https:\\\/\\\/www.purejewels.com\\\/#organization\"},\"potentialAction\":[{\"@type\":\"SearchAction\",\"target\":{\"@type\":\"EntryPoint\",\"urlTemplate\":\"https:\\\/\\\/www.purejewels.com\\\/?s={search_term_string}\"},\"query-input\":{\"@type\":\"PropertyValueSpecification\",\"valueRequired\":true,\"valueName\":\"search_term_string\"}}],\"inLanguage\":\"tr\"},{\"@type\":\"Organization\",\"@id\":\"https:\\\/\\\/www.purejewels.com\\\/#organization\",\"name\":\"PureJewels UK\",\"url\":\"https:\\\/\\\/www.purejewels.com\\\/\",\"logo\":{\"@type\":\"ImageObject\",\"inLanguage\":\"tr\",\"@id\":\"https:\\\/\\\/www.purejewels.com\\\/#\\\/schema\\\/logo\\\/image\\\/\",\"url\":\"https:\\\/\\\/static.purejewels.com\\\/wp-content\\\/uploads\\\/2020\\\/11\\\/Logo-PJ-New-1.png\",\"contentUrl\":\"https:\\\/\\\/static.purejewels.com\\\/wp-content\\\/uploads\\\/2020\\\/11\\\/Logo-PJ-New-1.png\",\"width\":150,\"height\":80,\"caption\":\"PureJewels UK\"},\"image\":{\"@id\":\"https:\\\/\\\/www.purejewels.com\\\/#\\\/schema\\\/logo\\\/image\\\/\"}}]}<\/script>\n<!-- \/ Yoast SEO plugin. -->","yoast_head_json":{"title":"Tekta\u015f CZ Ta\u015fl\u0131 22 Ayar Alt\u0131n Y\u00fcz\u00fck J Beden | PureJewels UK","description":"J Beden Tekta\u015f CZ Ta\u015fl\u0131 Zarif 22 Ayar Alt\u0131n Y\u00fcz\u00fck. Sar\u0131 alt\u0131ndan el i\u015f\u00e7ili\u011fi ile \u00fcretilmi\u015ftir. Hediye vermek veya g\u00fcnl\u00fck kullan\u0131m i\u00e7in m\u00fckemmel, zamans\u0131z bir tasar\u0131m.","robots":{"index":"index","follow":"follow","max-snippet":"max-snippet:-1","max-image-preview":"max-image-preview:large","max-video-preview":"max-video-preview:-1"},"canonical":"https:\/\/www.purejewels.com\/tr\/urun\/22-ayar-sari-altin-cz-tektas-yuzuk-53130\/","og_locale":"tr_TR","og_type":"article","og_title":"22ct Gold Ring with Solitaire CZ Stone Size J | PureJewels UK","og_description":"Elegant 22ct Gold Ring with a Solitaire CZ Stone in Size J. Handcrafted in yellow gold. A timeless design perfect for gifting or everyday wear.","og_url":"https:\/\/www.purejewels.com\/tr\/urun\/22-ayar-sari-altin-cz-tektas-yuzuk-53130\/","og_site_name":"PureJewels UK","article_modified_time":"2026-02-04T13:17:16+00:00","og_image":[{"width":1000,"height":1000,"url":"https:\/\/static.purejewels.com\/wp-content\/uploads\/2020\/10\/image187688648.jpg","type":"image\/jpeg"}],"twitter_card":"summary_large_image","twitter_misc":{"Tahmini okuma s\u00fcresi":"1 dakika"},"schema":{"@context":"https:\/\/schema.org","@graph":[{"@type":["WebPage","ItemPage"],"@id":"https:\/\/www.purejewels.com\/product\/22ct-yellow-gold-cz-solitaire-ring-53130\/","url":"https:\/\/www.purejewels.com\/product\/22ct-yellow-gold-cz-solitaire-ring-53130\/","name":"Tekta\u015f CZ Ta\u015fl\u0131 22 Ayar Alt\u0131n Y\u00fcz\u00fck J Beden | PureJewels UK","isPartOf":{"@id":"https:\/\/www.purejewels.com\/#website"},"primaryImageOfPage":{"@id":"https:\/\/www.purejewels.com\/product\/22ct-yellow-gold-cz-solitaire-ring-53130\/#primaryimage"},"image":{"@id":"https:\/\/www.purejewels.com\/product\/22ct-yellow-gold-cz-solitaire-ring-53130\/#primaryimage"},"thumbnailUrl":"https:\/\/static.purejewels.com\/wp-content\/uploads\/2020\/10\/image187688648.jpg","datePublished":"2025-06-26T12:37:49+00:00","dateModified":"2026-02-04T13:17:16+00:00","description":"J Beden Tekta\u015f CZ Ta\u015fl\u0131 Zarif 22 Ayar Alt\u0131n Y\u00fcz\u00fck. Sar\u0131 alt\u0131ndan el i\u015f\u00e7ili\u011fi ile \u00fcretilmi\u015ftir. Hediye vermek veya g\u00fcnl\u00fck kullan\u0131m i\u00e7in m\u00fckemmel, zamans\u0131z bir tasar\u0131m.","breadcrumb":{"@id":"https:\/\/www.purejewels.com\/product\/22ct-yellow-gold-cz-solitaire-ring-53130\/#breadcrumb"},"inLanguage":"tr","potentialAction":[{"@type":"ReadAction","target":["https:\/\/www.purejewels.com\/product\/22ct-yellow-gold-cz-solitaire-ring-53130\/"]}]},{"@type":"ImageObject","inLanguage":"tr","@id":"https:\/\/www.purejewels.com\/product\/22ct-yellow-gold-cz-solitaire-ring-53130\/#primaryimage","url":"https:\/\/static.purejewels.com\/wp-content\/uploads\/2020\/10\/image187688648.jpg","contentUrl":"https:\/\/static.purejewels.com\/wp-content\/uploads\/2020\/10\/image187688648.jpg","width":1000,"height":1000,"caption":"22ct Gold Light Single Stone (Round Shape) Ring YGLR250"},{"@type":"BreadcrumbList","@id":"https:\/\/www.purejewels.com\/product\/22ct-yellow-gold-cz-solitaire-ring-53130\/#breadcrumb","itemListElement":[{"@type":"ListItem","position":1,"name":"Home","item":"https:\/\/www.purejewels.com\/"},{"@type":"ListItem","position":2,"name":"Shop","item":"https:\/\/www.purejewels.com\/shop\/"},{"@type":"ListItem","position":3,"name":"22ct Yellow Gold Solitaire Ring"}]},{"@type":"WebSite","@id":"https:\/\/www.purejewels.com\/#website","url":"https:\/\/www.purejewels.com\/","name":"PureJewels \u0130ngiltere","description":"Sevgiyi Payla\u015f\u0131n","publisher":{"@id":"https:\/\/www.purejewels.com\/#organization"},"potentialAction":[{"@type":"SearchAction","target":{"@type":"EntryPoint","urlTemplate":"https:\/\/www.purejewels.com\/?s={search_term_string}"},"query-input":{"@type":"PropertyValueSpecification","valueRequired":true,"valueName":"search_term_string"}}],"inLanguage":"tr"},{"@type":"Organization","@id":"https:\/\/www.purejewels.com\/#organization","name":"PureJewels \u0130ngiltere","url":"https:\/\/www.purejewels.com\/","logo":{"@type":"ImageObject","inLanguage":"tr","@id":"https:\/\/www.purejewels.com\/#\/schema\/logo\/image\/","url":"https:\/\/static.purejewels.com\/wp-content\/uploads\/2020\/11\/Logo-PJ-New-1.png","contentUrl":"https:\/\/static.purejewels.com\/wp-content\/uploads\/2020\/11\/Logo-PJ-New-1.png","width":150,"height":80,"caption":"PureJewels UK"},"image":{"@id":"https:\/\/www.purejewels.com\/#\/schema\/logo\/image\/"}}]}},"_links":{"self":[{"href":"https:\/\/www.purejewels.com\/tr\/wp-json\/wp\/v2\/product\/417073","targetHints":{"allow":["GET"]}}],"collection":[{"href":"https:\/\/www.purejewels.com\/tr\/wp-json\/wp\/v2\/product"}],"about":[{"href":"https:\/\/www.purejewels.com\/tr\/wp-json\/wp\/v2\/types\/product"}],"replies":[{"embeddable":true,"href":"https:\/\/www.purejewels.com\/tr\/wp-json\/wp\/v2\/comments?post=417073"}],"version-history":[{"count":4,"href":"https:\/\/www.purejewels.com\/tr\/wp-json\/wp\/v2\/product\/417073\/revisions"}],"predecessor-version":[{"id":422906,"href":"https:\/\/www.purejewels.com\/tr\/wp-json\/wp\/v2\/product\/417073\/revisions\/422906"}],"wp:featuredmedia":[{"embeddable":true,"href":"https:\/\/www.purejewels.com\/tr\/wp-json\/wp\/v2\/media\/318293"}],"wp:attachment":[{"href":"https:\/\/www.purejewels.com\/tr\/wp-json\/wp\/v2\/media?parent=417073"}],"wp:term":[{"taxonomy":"product_brand","embeddable":true,"href":"https:\/\/www.purejewels.com\/tr\/wp-json\/wp\/v2\/product_brand?post=417073"},{"taxonomy":"product_cat","embeddable":true,"href":"https:\/\/www.purejewels.com\/tr\/wp-json\/wp\/v2\/product_cat?post=417073"},{"taxonomy":"product_tag","embeddable":true,"href":"https:\/\/www.purejewels.com\/tr\/wp-json\/wp\/v2\/product_tag?post=417073"}],"curies":[{"name":"wp","href":"https:\/\/api.w.org\/{rel}","templated":true}]}}