{"id":4178,"date":"2017-07-19T13:25:26","date_gmt":"2017-07-19T12:25:26","guid":{"rendered":"http:\/\/new.purejewels.com\/product\/diya-18ct-uncut-polki-diamond-ring-2\/"},"modified":"2026-01-06T11:12:43","modified_gmt":"2026-01-06T11:12:43","slug":"diya-18ct-kesilmemis-polki-pirlanta-yuzuk-2","status":"publish","type":"product","link":"https:\/\/www.purejewels.com\/tr\/product\/diya-18ct-uncut-polki-diamond-ring-2\/","title":{"rendered":"Diya 18 ayar pembe alt\u0131n Polki kafes y\u00fcz\u00fck"},"content":{"rendered":"<h3 data-start=\"132\" data-end=\"156\"><strong data-start=\"136\" data-end=\"154\">Tasar\u0131m Konsepti<\/strong><\/h3>\n<p data-start=\"157\" data-end=\"566\">Bu <em data-start=\"161\" data-end=\"201\">Diya <a href=\"https:\/\/www.purejewels.com\/tr\/product\/18ct-white-gold-khanda-sikh-religious-pendant-6226\/\">18ct<\/a> G\u00fcl Alt\u0131n Polki Kafes Y\u00fcz\u00fck<\/em> gelenek ve a\u00e7\u0131kl\u0131k aras\u0131ndaki hassas etkile\u015fimi yakalar. Bab\u00fcr jali ekranlar\u0131n\u0131n karma\u015f\u0131kl\u0131\u011f\u0131ndan ilham alan y\u00fcz\u00fc\u011f\u00fcn a\u00e7\u0131k kafes yap\u0131s\u0131 \u0131\u015f\u0131\u011f\u0131n ge\u00e7mesine izin vererek ferahl\u0131k ve zarafet hissi yarat\u0131r. Her bir Polki elmas\u0131, bir tak\u0131my\u0131ld\u0131zdaki y\u0131ld\u0131zlar gibi yerle\u015ftirilmi\u015ftir \u2014 incelikli, do\u011fal ve kas\u0131tl\u0131 olarak d\u00fczensiz \u2014 her yolculu\u011fun bireyselli\u011fini kutlar.<\/p>\n<h3 data-start=\"573\" data-end=\"596\"><strong data-start=\"577\" data-end=\"594\">Zanaatkarl\u0131k<\/strong><\/h3>\n<p data-start=\"597\" data-end=\"1190\">18 ayar pembe alt\u0131ndan el yap\u0131m\u0131 olan y\u00fcz\u00fck, do\u011fal <em data-start=\"654\" data-end=\"661\">Polki<\/em> \u00c7e\u015fitli organik kesimlere sahip elmaslar, yap\u0131land\u0131r\u0131lm\u0131\u015f, a\u00e7\u0131k bir \u00e7er\u00e7eveye bezel mont\u00fcr ile yerle\u015ftirilmi\u015ftir. G\u00fcl alt\u0131n renginin s\u0131cak alt tonu, kesilmemi\u015f her bir ta\u015f\u0131n \u0131\u015f\u0131lt\u0131s\u0131n\u0131 zenginle\u015ftirirken, tasar\u0131m\u0131n negatif bo\u015flu\u011funa kar\u015f\u0131 zarif bir kontrast olu\u015fturur. Kafes tarz\u0131 yap\u0131, y\u00fcksek m\u00fccevherlerin zenginli\u011fini ve resmiyetini korurken, nefes alabilen, hafif bir uyum sa\u011flar. Her y\u00fcz\u00fck, PureJewels'in zanaatkarl\u0131\u011fa ve tasar\u0131m yoluyla hikaye anlat\u0131m\u0131na olan ba\u011fl\u0131l\u0131\u011f\u0131n\u0131 somutla\u015ft\u0131ran, detaylara titizlikle dikkat edilerek \u00fcretilmi\u015ftir.<\/p>\n<h3 data-start=\"1197\" data-end=\"1220\"><strong data-start=\"1201\" data-end=\"1218\">Stil Fikirleri<\/strong><\/h3>\n<p data-start=\"1221\" data-end=\"1617\">Tek ba\u015f\u0131na veya l\u00fcks bir tak\u0131 setinin par\u00e7as\u0131 olarak m\u00fckemmel olan bu y\u00fcz\u00fck, hem Hint hem de Bat\u0131 tarz\u0131 g\u00f6r\u00fcn\u00fcmleri tamamlar. Zarif bir kombin i\u00e7in g\u00fcl alt\u0131n bir bileklik veya uyumlu Polki k\u00fcpelerle birlikte tak\u0131n ya da ipek bir bluz veya gece elbisesi ile tek ba\u015f\u0131na giyerek dokusunun kendili\u011finden konu\u015fmas\u0131na izin verin. Hafifli\u011fi ve rahatl\u0131\u011f\u0131, onu hediye etmek veya ki\u015fisel d\u00f6n\u00fcm noktalar\u0131n\u0131 kutlamak i\u00e7in m\u00fckemmel bir se\u00e7im haline getirir.<\/p>","protected":false},"excerpt":{"rendered":"<ul>\n<li>18 ayar alt\u0131n bayan y\u00fcz\u00fck<\/li>\n<li>G\u00fcl kesim Polki p\u0131rlanta wt- 1,76 karat<\/li>\n<li>A\u011f\u0131rl\u0131k: 2.8g<\/li>\n<li>\u00a0London Assay Office taraf\u0131ndan damgalanm\u0131\u015f alt\u0131n<\/li>\n<li>Sunum Kutusu ile Birlikte Gelir<\/li>\n<li>Teslimat Dahil<\/li>\n<li>T\u00fcm fiyatlara KDV dahildir<\/li>\n<li>Stok durumu ve stokta bulunan benzer tasar\u0131mlar\u0131n daha fazla g\u00f6r\u00fcnt\u00fcs\u00fc i\u00e7in bizimle canl\u0131 sohbet edin<\/li>\n<\/ul>","protected":false},"featured_media":315621,"comment_status":"closed","ping_status":"closed","template":"","meta":{"_eb_attr":"","_crsspst_to_jayantr4sg-hostcom":false},"product_brand":[],"product_cat":[236,1533,1229,1235],"product_tag":[],"class_list":{"0":"post-4178","1":"product","2":"type-product","3":"status-publish","4":"has-post-thumbnail","6":"product_cat-collections","7":"product_cat-diamond-jewellery-set","8":"product_cat-22ct-gold-jewellery","9":"product_cat-gold-rings","11":"first","12":"outofstock","13":"taxable","14":"shipping-taxable","15":"product-type-simple","16":"add-to-wishlist-before_image"},"yoast_head":"<!-- This site is optimized with the Yoast SEO plugin v27.3 - https:\/\/yoast.com\/product\/yoast-seo-wordpress\/ -->\n<title>Diya 18ct Rose Gold Polki Lattice Ring | PureJewels London<\/title>\n<meta name=\"description\" content=\"A lightweight rose gold ring with uncut Polki diamonds in an airy lattice design. Elegant, handcrafted, and perfect for stacking or solo wear.\" \/>\n<meta name=\"robots\" content=\"index, follow, max-snippet:-1, max-image-preview:large, max-video-preview:-1\" \/>\n<link rel=\"canonical\" href=\"https:\/\/www.purejewels.com\/tr\/urun\/diya-18ct-kesilmemis-polki-pirlanta-yuzuk-2\/\" \/>\n<meta property=\"og:locale\" content=\"tr_TR\" \/>\n<meta property=\"og:type\" content=\"article\" \/>\n<meta property=\"og:title\" content=\"Diya 18ct Rose Gold Polki Lattice Ring | PureJewels London\" \/>\n<meta property=\"og:description\" content=\"A lightweight rose gold ring with uncut Polki diamonds in an airy lattice design. Elegant, handcrafted, and perfect for stacking or solo wear.\" \/>\n<meta property=\"og:url\" content=\"https:\/\/www.purejewels.com\/tr\/urun\/diya-18ct-kesilmemis-polki-pirlanta-yuzuk-2\/\" \/>\n<meta property=\"og:site_name\" content=\"PureJewels UK\" \/>\n<meta property=\"article:modified_time\" content=\"2026-01-06T11:12:43+00:00\" \/>\n<meta property=\"og:image\" content=\"https:\/\/www.purejewels.com\/wp-content\/uploads\/2020\/07\/133371339.jpg\" \/>\n\t<meta property=\"og:image:width\" content=\"960\" \/>\n\t<meta property=\"og:image:height\" content=\"960\" \/>\n\t<meta property=\"og:image:type\" content=\"image\/jpeg\" \/>\n<meta name=\"twitter:card\" content=\"summary_large_image\" \/>\n<meta name=\"twitter:label1\" content=\"Tahmini okuma s\u00fcresi\" \/>\n\t<meta name=\"twitter:data1\" content=\"2 dakika\" \/>\n<script type=\"application\/ld+json\" class=\"yoast-schema-graph\">{\"@context\":\"https:\\\/\\\/schema.org\",\"@graph\":[{\"@type\":[\"WebPage\",\"ItemPage\"],\"@id\":\"https:\\\/\\\/www.purejewels.com\\\/product\\\/diya-18ct-uncut-polki-diamond-ring-2\\\/\",\"url\":\"https:\\\/\\\/www.purejewels.com\\\/product\\\/diya-18ct-uncut-polki-diamond-ring-2\\\/\",\"name\":\"Diya 18ct Rose Gold Polki Lattice Ring | PureJewels London\",\"isPartOf\":{\"@id\":\"https:\\\/\\\/www.purejewels.com\\\/#website\"},\"primaryImageOfPage\":{\"@id\":\"https:\\\/\\\/www.purejewels.com\\\/product\\\/diya-18ct-uncut-polki-diamond-ring-2\\\/#primaryimage\"},\"image\":{\"@id\":\"https:\\\/\\\/www.purejewels.com\\\/product\\\/diya-18ct-uncut-polki-diamond-ring-2\\\/#primaryimage\"},\"thumbnailUrl\":\"https:\\\/\\\/static.purejewels.com\\\/wp-content\\\/uploads\\\/2020\\\/07\\\/133371339.jpg\",\"datePublished\":\"2017-07-19T12:25:26+00:00\",\"dateModified\":\"2026-01-06T11:12:43+00:00\",\"description\":\"A lightweight rose gold ring with uncut Polki diamonds in an airy lattice design. Elegant, handcrafted, and perfect for stacking or solo wear.\",\"breadcrumb\":{\"@id\":\"https:\\\/\\\/www.purejewels.com\\\/product\\\/diya-18ct-uncut-polki-diamond-ring-2\\\/#breadcrumb\"},\"inLanguage\":\"tr\",\"potentialAction\":[{\"@type\":\"ReadAction\",\"target\":[\"https:\\\/\\\/www.purejewels.com\\\/product\\\/diya-18ct-uncut-polki-diamond-ring-2\\\/\"]}]},{\"@type\":\"ImageObject\",\"inLanguage\":\"tr\",\"@id\":\"https:\\\/\\\/www.purejewels.com\\\/product\\\/diya-18ct-uncut-polki-diamond-ring-2\\\/#primaryimage\",\"url\":\"https:\\\/\\\/static.purejewels.com\\\/wp-content\\\/uploads\\\/2020\\\/07\\\/133371339.jpg\",\"contentUrl\":\"https:\\\/\\\/static.purejewels.com\\\/wp-content\\\/uploads\\\/2020\\\/07\\\/133371339.jpg\",\"width\":960,\"height\":960},{\"@type\":\"BreadcrumbList\",\"@id\":\"https:\\\/\\\/www.purejewels.com\\\/product\\\/diya-18ct-uncut-polki-diamond-ring-2\\\/#breadcrumb\",\"itemListElement\":[{\"@type\":\"ListItem\",\"position\":1,\"name\":\"Home\",\"item\":\"https:\\\/\\\/www.purejewels.com\\\/\"},{\"@type\":\"ListItem\",\"position\":2,\"name\":\"Shop\",\"item\":\"https:\\\/\\\/www.purejewels.com\\\/shop\\\/\"},{\"@type\":\"ListItem\",\"position\":3,\"name\":\"Diya 18ct Rose Gold Polki Lattice Ring\"}]},{\"@type\":\"WebSite\",\"@id\":\"https:\\\/\\\/www.purejewels.com\\\/#website\",\"url\":\"https:\\\/\\\/www.purejewels.com\\\/\",\"name\":\"PureJewels UK\",\"description\":\"Share the Love\",\"publisher\":{\"@id\":\"https:\\\/\\\/www.purejewels.com\\\/#organization\"},\"potentialAction\":[{\"@type\":\"SearchAction\",\"target\":{\"@type\":\"EntryPoint\",\"urlTemplate\":\"https:\\\/\\\/www.purejewels.com\\\/?s={search_term_string}\"},\"query-input\":{\"@type\":\"PropertyValueSpecification\",\"valueRequired\":true,\"valueName\":\"search_term_string\"}}],\"inLanguage\":\"tr\"},{\"@type\":\"Organization\",\"@id\":\"https:\\\/\\\/www.purejewels.com\\\/#organization\",\"name\":\"PureJewels UK\",\"url\":\"https:\\\/\\\/www.purejewels.com\\\/\",\"logo\":{\"@type\":\"ImageObject\",\"inLanguage\":\"tr\",\"@id\":\"https:\\\/\\\/www.purejewels.com\\\/#\\\/schema\\\/logo\\\/image\\\/\",\"url\":\"https:\\\/\\\/static.purejewels.com\\\/wp-content\\\/uploads\\\/2020\\\/11\\\/Logo-PJ-New-1.png\",\"contentUrl\":\"https:\\\/\\\/static.purejewels.com\\\/wp-content\\\/uploads\\\/2020\\\/11\\\/Logo-PJ-New-1.png\",\"width\":150,\"height\":80,\"caption\":\"PureJewels UK\"},\"image\":{\"@id\":\"https:\\\/\\\/www.purejewels.com\\\/#\\\/schema\\\/logo\\\/image\\\/\"}}]}<\/script>\n<!-- \/ Yoast SEO plugin. -->","yoast_head_json":{"title":"Diya 18 ayar pembe alt\u0131n Polki kafes y\u00fcz\u00fck | PureJewels Londra","description":"Hafif, g\u00fcl alt\u0131n bir y\u00fcz\u00fck, kesilmemi\u015f Polki elmaslarla s\u00fcslenmi\u015f, havadar bir kafes tasar\u0131m\u0131na sahip. Zarif, el yap\u0131m\u0131 ve birden fazla y\u00fcz\u00fckle birlikte veya tek ba\u015f\u0131na takmak i\u00e7in m\u00fckemmel.","robots":{"index":"index","follow":"follow","max-snippet":"max-snippet:-1","max-image-preview":"max-image-preview:large","max-video-preview":"max-video-preview:-1"},"canonical":"https:\/\/www.purejewels.com\/tr\/urun\/diya-18ct-kesilmemis-polki-pirlanta-yuzuk-2\/","og_locale":"tr_TR","og_type":"article","og_title":"Diya 18ct Rose Gold Polki Lattice Ring | PureJewels London","og_description":"A lightweight rose gold ring with uncut Polki diamonds in an airy lattice design. Elegant, handcrafted, and perfect for stacking or solo wear.","og_url":"https:\/\/www.purejewels.com\/tr\/urun\/diya-18ct-kesilmemis-polki-pirlanta-yuzuk-2\/","og_site_name":"PureJewels UK","article_modified_time":"2026-01-06T11:12:43+00:00","og_image":[{"width":960,"height":960,"url":"https:\/\/www.purejewels.com\/wp-content\/uploads\/2020\/07\/133371339.jpg","type":"image\/jpeg"}],"twitter_card":"summary_large_image","twitter_misc":{"Tahmini okuma s\u00fcresi":"2 dakika"},"schema":{"@context":"https:\/\/schema.org","@graph":[{"@type":["WebPage","ItemPage"],"@id":"https:\/\/www.purejewels.com\/product\/diya-18ct-uncut-polki-diamond-ring-2\/","url":"https:\/\/www.purejewels.com\/product\/diya-18ct-uncut-polki-diamond-ring-2\/","name":"Diya 18 ayar pembe alt\u0131n Polki kafes y\u00fcz\u00fck | PureJewels Londra","isPartOf":{"@id":"https:\/\/www.purejewels.com\/#website"},"primaryImageOfPage":{"@id":"https:\/\/www.purejewels.com\/product\/diya-18ct-uncut-polki-diamond-ring-2\/#primaryimage"},"image":{"@id":"https:\/\/www.purejewels.com\/product\/diya-18ct-uncut-polki-diamond-ring-2\/#primaryimage"},"thumbnailUrl":"https:\/\/static.purejewels.com\/wp-content\/uploads\/2020\/07\/133371339.jpg","datePublished":"2017-07-19T12:25:26+00:00","dateModified":"2026-01-06T11:12:43+00:00","description":"Hafif, g\u00fcl alt\u0131n bir y\u00fcz\u00fck, kesilmemi\u015f Polki elmaslarla s\u00fcslenmi\u015f, havadar bir kafes tasar\u0131m\u0131na sahip. Zarif, el yap\u0131m\u0131 ve birden fazla y\u00fcz\u00fckle birlikte veya tek ba\u015f\u0131na takmak i\u00e7in m\u00fckemmel.","breadcrumb":{"@id":"https:\/\/www.purejewels.com\/product\/diya-18ct-uncut-polki-diamond-ring-2\/#breadcrumb"},"inLanguage":"tr","potentialAction":[{"@type":"ReadAction","target":["https:\/\/www.purejewels.com\/product\/diya-18ct-uncut-polki-diamond-ring-2\/"]}]},{"@type":"ImageObject","inLanguage":"tr","@id":"https:\/\/www.purejewels.com\/product\/diya-18ct-uncut-polki-diamond-ring-2\/#primaryimage","url":"https:\/\/static.purejewels.com\/wp-content\/uploads\/2020\/07\/133371339.jpg","contentUrl":"https:\/\/static.purejewels.com\/wp-content\/uploads\/2020\/07\/133371339.jpg","width":960,"height":960},{"@type":"BreadcrumbList","@id":"https:\/\/www.purejewels.com\/product\/diya-18ct-uncut-polki-diamond-ring-2\/#breadcrumb","itemListElement":[{"@type":"ListItem","position":1,"name":"Home","item":"https:\/\/www.purejewels.com\/"},{"@type":"ListItem","position":2,"name":"Shop","item":"https:\/\/www.purejewels.com\/shop\/"},{"@type":"ListItem","position":3,"name":"Diya 18ct Rose Gold Polki Lattice Ring"}]},{"@type":"WebSite","@id":"https:\/\/www.purejewels.com\/#website","url":"https:\/\/www.purejewels.com\/","name":"PureJewels \u0130ngiltere","description":"Sevgiyi Payla\u015f\u0131n","publisher":{"@id":"https:\/\/www.purejewels.com\/#organization"},"potentialAction":[{"@type":"SearchAction","target":{"@type":"EntryPoint","urlTemplate":"https:\/\/www.purejewels.com\/?s={search_term_string}"},"query-input":{"@type":"PropertyValueSpecification","valueRequired":true,"valueName":"search_term_string"}}],"inLanguage":"tr"},{"@type":"Organization","@id":"https:\/\/www.purejewels.com\/#organization","name":"PureJewels \u0130ngiltere","url":"https:\/\/www.purejewels.com\/","logo":{"@type":"ImageObject","inLanguage":"tr","@id":"https:\/\/www.purejewels.com\/#\/schema\/logo\/image\/","url":"https:\/\/static.purejewels.com\/wp-content\/uploads\/2020\/11\/Logo-PJ-New-1.png","contentUrl":"https:\/\/static.purejewels.com\/wp-content\/uploads\/2020\/11\/Logo-PJ-New-1.png","width":150,"height":80,"caption":"PureJewels UK"},"image":{"@id":"https:\/\/www.purejewels.com\/#\/schema\/logo\/image\/"}}]}},"_links":{"self":[{"href":"https:\/\/www.purejewels.com\/tr\/wp-json\/wp\/v2\/product\/4178","targetHints":{"allow":["GET"]}}],"collection":[{"href":"https:\/\/www.purejewels.com\/tr\/wp-json\/wp\/v2\/product"}],"about":[{"href":"https:\/\/www.purejewels.com\/tr\/wp-json\/wp\/v2\/types\/product"}],"replies":[{"embeddable":true,"href":"https:\/\/www.purejewels.com\/tr\/wp-json\/wp\/v2\/comments?post=4178"}],"version-history":[{"count":3,"href":"https:\/\/www.purejewels.com\/tr\/wp-json\/wp\/v2\/product\/4178\/revisions"}],"predecessor-version":[{"id":421808,"href":"https:\/\/www.purejewels.com\/tr\/wp-json\/wp\/v2\/product\/4178\/revisions\/421808"}],"wp:featuredmedia":[{"embeddable":true,"href":"https:\/\/www.purejewels.com\/tr\/wp-json\/wp\/v2\/media\/315621"}],"wp:attachment":[{"href":"https:\/\/www.purejewels.com\/tr\/wp-json\/wp\/v2\/media?parent=4178"}],"wp:term":[{"taxonomy":"product_brand","embeddable":true,"href":"https:\/\/www.purejewels.com\/tr\/wp-json\/wp\/v2\/product_brand?post=4178"},{"taxonomy":"product_cat","embeddable":true,"href":"https:\/\/www.purejewels.com\/tr\/wp-json\/wp\/v2\/product_cat?post=4178"},{"taxonomy":"product_tag","embeddable":true,"href":"https:\/\/www.purejewels.com\/tr\/wp-json\/wp\/v2\/product_tag?post=4178"}],"curies":[{"name":"wp","href":"https:\/\/api.w.org\/{rel}","templated":true}]}}