{"id":418057,"date":"2025-08-06T06:10:24","date_gmt":"2025-08-06T05:10:24","guid":{"rendered":"https:\/\/www.purejewels.com\/?post_type=product&#038;p=418057"},"modified":"2026-03-27T04:53:21","modified_gmt":"2026-03-27T04:53:21","slug":"altin-ok-ucu-kolye-53075","status":"publish","type":"product","link":"https:\/\/www.purejewels.com\/tr\/product\/golden-arrowhead-pendant-53075\/","title":{"rendered":"Alt\u0131n Ok Ba\u015f\u0131 Kolye | 22 Ayar Alt\u0131n"},"content":{"rendered":"<p data-start=\"524\" data-end=\"986\"><strong data-start=\"524\" data-end=\"543\">Tasar\u0131m Konsepti<\/strong><\/p>\n<p data-start=\"524\" data-end=\"986\">Odaklanma, koruma ve sava\u015f\u00e7\u0131 ruhun sembol\u00fc olan ok ucunun zamans\u0131z \u015feklinden esinlenilerek tasarlanan bu kolye ucu, hem g\u00fcc\u00fc hem de zarafeti temsil edecek \u015fekilde \u00fcretilmi\u015ftir. Temiz \u00e7izgiler ve k\u00f6\u015feli form ama\u00e7 ve dayan\u0131kl\u0131l\u0131\u011f\u0131 yans\u0131t\u0131rken, ok i\u00e7indeki dikey olarak kaz\u0131nm\u0131\u015f detaylar derinlik ve hareket hissi kat\u0131yor. Ok ucu netlikle ilerlemeyi ifade eder, bu da onu niyet ve ilerlemeye de\u011fer verenler i\u00e7in ideal bir par\u00e7a haline getirir.<\/p>\n<p data-start=\"988\" data-end=\"1400\"><strong data-start=\"988\" data-end=\"1006\">Zanaatkarl\u0131k<\/strong><\/p>\n<p data-start=\"988\" data-end=\"1400\">Titizlikle el i\u015f\u00e7ili\u011fiyle 22 ayar sar\u0131 alt\u0131ndan \u00fcretilen 2 gram a\u011f\u0131rl\u0131\u011f\u0131ndaki kolye ucu, cilal\u0131 bir d\u0131\u015f \u00e7er\u00e7eveye ve ince bir \u015fekilde f\u0131r\u00e7alanm\u0131\u015f bir i\u00e7 kaplamaya sahiptir. Bu doku etkile\u015fimi, geleneksel kuyumculu\u011fun yetenekli sanat\u0131n\u0131 onurland\u0131r\u0131rken g\u00f6rsel boyutunu geli\u015ftirir. Kefalet dayan\u0131kl\u0131l\u0131k ve kullan\u0131m kolayl\u0131\u011f\u0131 i\u00e7in tasarlanm\u0131\u015ft\u0131r ve geometrik bir dokunu\u015f katan \u00e7\u0131k\u0131nt\u0131l\u0131 bir kapakla tamamlanm\u0131\u015ft\u0131r.<\/p>\n<p data-start=\"1402\" data-end=\"1794\"><strong data-start=\"1402\" data-end=\"1420\">Stil Fikirleri<\/strong><\/p>\n<p data-start=\"1402\" data-end=\"1794\">Bu par\u00e7a kendi ba\u015f\u0131na \u00f6ne \u00e7\u0131k\u0131yor - k\u00fclt\u00fcrel derinli\u011fe sahip modern minimalizmi takdir eden erkekler veya kad\u0131nlar i\u00e7in m\u00fckemmel bir g\u00fcnl\u00fck kolye. Cilal\u0131, erkeksi bir g\u00f6r\u00fcn\u00fcm i\u00e7in orta alt\u0131n bir zincirle e\u015fle\u015ftirin veya daha eklektik, modaya uygun bir stil i\u00e7in ince zincirlerle katmanlay\u0131n. Kilometre ta\u015flar\u0131, ba\u015far\u0131lar veya ki\u015fisel d\u00f6n\u00fc\u015f\u00fcm anlar\u0131 i\u00e7in de d\u00fc\u015f\u00fcnceli bir hediyedir.<\/p>","protected":false},"excerpt":{"rendered":"<p>Cesur ama rafine bir g\u00fc\u00e7 ve y\u00f6n sembol\u00fc olan 22 ayar sar\u0131 alt\u0131ndan bu Alt\u0131n Ok Ba\u015f\u0131 Kolye, \u015f\u0131k bir hassasiyetle tasarlanm\u0131\u015ft\u0131r. Keskin silueti ve dokulu merkezi g\u00fc\u00e7 ve berrakl\u0131\u011f\u0131 \u00e7a\u011fr\u0131\u015ft\u0131rarak kendine g\u00fcvenen kullan\u0131c\u0131lar i\u00e7in \u00e7a\u011fda\u015f bir t\u0131ls\u0131md\u0131r.<\/p>\n<p><strong>Malzeme:<\/strong> 22 Ayar Alt\u0131n (91,6% Saf Alt\u0131n)<strong><br \/>\nHallmark:\u00a0<\/strong>\u0130ngiliz Damgas\u0131<strong><br \/>\n<\/strong><strong>Br\u00fct A\u011f\u0131rl\u0131k: <\/strong>2 Gms<strong><br \/>\nSKU: <\/strong>53075<strong>, <\/strong>52918<\/p>\n<p><strong>Fiyat ve Teslimat: <\/strong>KDV ve teslimat \u00fccretleri dahil<br \/>\nZincir dahil de\u011fildir.<br \/>\n<strong><a href=\"https:\/\/www.purejewels.com\/tr\/i%cc%87ade-poli%cc%87ti%cc%87kasi\/\">\u0130ade Politikas\u0131<\/a><\/strong><\/p>","protected":false},"featured_media":418065,"comment_status":"closed","ping_status":"closed","template":"","meta":{"_eb_attr":"","_crsspst_to_jayantr4sg-hostcom":true},"product_brand":[],"product_cat":[1793,1770,1792,1790,1229,1255,5343,1767,1572,1768,5338,1575,5349],"product_tag":[],"class_list":{"0":"post-418057","1":"product","2":"type-product","3":"status-publish","4":"has-post-thumbnail","6":"product_cat-diwali-gifts","7":"product_cat-fancy-pendants","8":"product_cat-festival-gifts","9":"product_cat-for-whom-when","10":"product_cat-22ct-gold-jewellery","11":"product_cat-gold-pendants","12":"product_cat-jewellery-under-550","13":"product_cat-ladies-pendants","14":"product_cat-mens-jewellery","15":"product_cat-mens-pendants","16":"product_cat-shop-by-price","17":"product_cat-teenage-jewellery","18":"product_cat-yellow-gold-jewellery","20":"first","21":"outofstock","22":"taxable","23":"shipping-taxable","24":"product-type-simple","25":"add-to-wishlist-before_image"},"yoast_head":"<!-- This site is optimized with the Yoast SEO plugin v27.6 - https:\/\/yoast.com\/product\/yoast-seo-wordpress\/ -->\n<title>Golden Arrowhead Pendant \u2013 22ct Gold Unisex Design UK<\/title>\n<meta name=\"description\" content=\"Crafted in 22ct gold, this arrowhead pendant blends strength and elegance. A bold, unisex design symbolising clarity, direction, and power.\" \/>\n<meta name=\"robots\" content=\"index, follow, max-snippet:-1, max-image-preview:large, max-video-preview:-1\" \/>\n<link rel=\"canonical\" href=\"https:\/\/www.purejewels.com\/tr\/urun\/altin-ok-ucu-kolye-53075\/\" \/>\n<meta property=\"og:locale\" content=\"tr_TR\" \/>\n<meta property=\"og:type\" content=\"article\" \/>\n<meta property=\"og:title\" content=\"Golden Arrowhead Pendant \u2013 22ct Gold Unisex Design UK\" \/>\n<meta property=\"og:description\" content=\"Crafted in 22ct gold, this arrowhead pendant blends strength and elegance. A bold, unisex design symbolising clarity, direction, and power.\" \/>\n<meta property=\"og:url\" content=\"https:\/\/www.purejewels.com\/tr\/urun\/altin-ok-ucu-kolye-53075\/\" \/>\n<meta property=\"og:site_name\" content=\"PureJewels UK\" \/>\n<meta property=\"article:modified_time\" content=\"2026-03-27T04:53:21+00:00\" \/>\n<meta property=\"og:image\" content=\"https:\/\/static.purejewels.com\/wp-content\/uploads\/2025\/10\/PCS517-01.jpg\" \/>\n\t<meta property=\"og:image:width\" content=\"1000\" \/>\n\t<meta property=\"og:image:height\" content=\"1000\" \/>\n\t<meta property=\"og:image:type\" content=\"image\/jpeg\" \/>\n<meta name=\"twitter:card\" content=\"summary_large_image\" \/>\n<meta name=\"twitter:label1\" content=\"Tahmini okuma s\u00fcresi\" \/>\n\t<meta name=\"twitter:data1\" content=\"2 dakika\" \/>\n<script type=\"application\/ld+json\" class=\"yoast-schema-graph\">{\"@context\":\"https:\\\/\\\/schema.org\",\"@graph\":[{\"@type\":[\"WebPage\",\"ItemPage\"],\"@id\":\"https:\\\/\\\/www.purejewels.com\\\/product\\\/golden-arrowhead-pendant-53075\\\/\",\"url\":\"https:\\\/\\\/www.purejewels.com\\\/product\\\/golden-arrowhead-pendant-53075\\\/\",\"name\":\"Golden Arrowhead Pendant \u2013 22ct Gold Unisex Design UK\",\"isPartOf\":{\"@id\":\"https:\\\/\\\/www.purejewels.com\\\/#website\"},\"primaryImageOfPage\":{\"@id\":\"https:\\\/\\\/www.purejewels.com\\\/product\\\/golden-arrowhead-pendant-53075\\\/#primaryimage\"},\"image\":{\"@id\":\"https:\\\/\\\/www.purejewels.com\\\/product\\\/golden-arrowhead-pendant-53075\\\/#primaryimage\"},\"thumbnailUrl\":\"https:\\\/\\\/static.purejewels.com\\\/wp-content\\\/uploads\\\/2025\\\/10\\\/PCS517-01.jpg\",\"datePublished\":\"2025-08-06T05:10:24+00:00\",\"dateModified\":\"2026-03-27T04:53:21+00:00\",\"description\":\"Crafted in 22ct gold, this arrowhead pendant blends strength and elegance. A bold, unisex design symbolising clarity, direction, and power.\",\"breadcrumb\":{\"@id\":\"https:\\\/\\\/www.purejewels.com\\\/product\\\/golden-arrowhead-pendant-53075\\\/#breadcrumb\"},\"inLanguage\":\"tr\",\"potentialAction\":[{\"@type\":\"ReadAction\",\"target\":[\"https:\\\/\\\/www.purejewels.com\\\/product\\\/golden-arrowhead-pendant-53075\\\/\"]}]},{\"@type\":\"ImageObject\",\"inLanguage\":\"tr\",\"@id\":\"https:\\\/\\\/www.purejewels.com\\\/product\\\/golden-arrowhead-pendant-53075\\\/#primaryimage\",\"url\":\"https:\\\/\\\/static.purejewels.com\\\/wp-content\\\/uploads\\\/2025\\\/10\\\/PCS517-01.jpg\",\"contentUrl\":\"https:\\\/\\\/static.purejewels.com\\\/wp-content\\\/uploads\\\/2025\\\/10\\\/PCS517-01.jpg\",\"width\":1000,\"height\":1000,\"caption\":\"Golden Arrowhead Pendant\"},{\"@type\":\"BreadcrumbList\",\"@id\":\"https:\\\/\\\/www.purejewels.com\\\/product\\\/golden-arrowhead-pendant-53075\\\/#breadcrumb\",\"itemListElement\":[{\"@type\":\"ListItem\",\"position\":1,\"name\":\"Home\",\"item\":\"https:\\\/\\\/www.purejewels.com\\\/\"},{\"@type\":\"ListItem\",\"position\":2,\"name\":\"Shop\",\"item\":\"https:\\\/\\\/www.purejewels.com\\\/shop\\\/\"},{\"@type\":\"ListItem\",\"position\":3,\"name\":\"Golden Arrowhead Pendant | 22ct Gold\"}]},{\"@type\":\"WebSite\",\"@id\":\"https:\\\/\\\/www.purejewels.com\\\/#website\",\"url\":\"https:\\\/\\\/www.purejewels.com\\\/\",\"name\":\"PureJewels UK\",\"description\":\"Share the Love\",\"publisher\":{\"@id\":\"https:\\\/\\\/www.purejewels.com\\\/#organization\"},\"potentialAction\":[{\"@type\":\"SearchAction\",\"target\":{\"@type\":\"EntryPoint\",\"urlTemplate\":\"https:\\\/\\\/www.purejewels.com\\\/?s={search_term_string}\"},\"query-input\":{\"@type\":\"PropertyValueSpecification\",\"valueRequired\":true,\"valueName\":\"search_term_string\"}}],\"inLanguage\":\"tr\"},{\"@type\":\"Organization\",\"@id\":\"https:\\\/\\\/www.purejewels.com\\\/#organization\",\"name\":\"PureJewels UK\",\"url\":\"https:\\\/\\\/www.purejewels.com\\\/\",\"logo\":{\"@type\":\"ImageObject\",\"inLanguage\":\"tr\",\"@id\":\"https:\\\/\\\/www.purejewels.com\\\/#\\\/schema\\\/logo\\\/image\\\/\",\"url\":\"https:\\\/\\\/static.purejewels.com\\\/wp-content\\\/uploads\\\/2020\\\/11\\\/Logo-PJ-New-1.png\",\"contentUrl\":\"https:\\\/\\\/static.purejewels.com\\\/wp-content\\\/uploads\\\/2020\\\/11\\\/Logo-PJ-New-1.png\",\"width\":150,\"height\":80,\"caption\":\"PureJewels UK\"},\"image\":{\"@id\":\"https:\\\/\\\/www.purejewels.com\\\/#\\\/schema\\\/logo\\\/image\\\/\"}}]}<\/script>\n<!-- \/ Yoast SEO plugin. -->","yoast_head_json":{"title":"Alt\u0131n Ok Ba\u015f\u0131 Kolye - 22 Ayar Alt\u0131n Unisex Tasar\u0131m \u0130ngiltere","description":"22 ayar alt\u0131ndan \u00fcretilen bu ok ucu kolye ucu, g\u00fc\u00e7 ve zarafeti harmanl\u0131yor. Netlik, y\u00f6n ve g\u00fcc\u00fc simgeleyen cesur, unisex bir tasar\u0131m.","robots":{"index":"index","follow":"follow","max-snippet":"max-snippet:-1","max-image-preview":"max-image-preview:large","max-video-preview":"max-video-preview:-1"},"canonical":"https:\/\/www.purejewels.com\/tr\/urun\/altin-ok-ucu-kolye-53075\/","og_locale":"tr_TR","og_type":"article","og_title":"Golden Arrowhead Pendant \u2013 22ct Gold Unisex Design UK","og_description":"Crafted in 22ct gold, this arrowhead pendant blends strength and elegance. A bold, unisex design symbolising clarity, direction, and power.","og_url":"https:\/\/www.purejewels.com\/tr\/urun\/altin-ok-ucu-kolye-53075\/","og_site_name":"PureJewels UK","article_modified_time":"2026-03-27T04:53:21+00:00","og_image":[{"width":1000,"height":1000,"url":"https:\/\/static.purejewels.com\/wp-content\/uploads\/2025\/10\/PCS517-01.jpg","type":"image\/jpeg"}],"twitter_card":"summary_large_image","twitter_misc":{"Tahmini okuma s\u00fcresi":"2 dakika"},"schema":{"@context":"https:\/\/schema.org","@graph":[{"@type":["WebPage","ItemPage"],"@id":"https:\/\/www.purejewels.com\/product\/golden-arrowhead-pendant-53075\/","url":"https:\/\/www.purejewels.com\/product\/golden-arrowhead-pendant-53075\/","name":"Alt\u0131n Ok Ba\u015f\u0131 Kolye - 22 Ayar Alt\u0131n Unisex Tasar\u0131m \u0130ngiltere","isPartOf":{"@id":"https:\/\/www.purejewels.com\/#website"},"primaryImageOfPage":{"@id":"https:\/\/www.purejewels.com\/product\/golden-arrowhead-pendant-53075\/#primaryimage"},"image":{"@id":"https:\/\/www.purejewels.com\/product\/golden-arrowhead-pendant-53075\/#primaryimage"},"thumbnailUrl":"https:\/\/static.purejewels.com\/wp-content\/uploads\/2025\/10\/PCS517-01.jpg","datePublished":"2025-08-06T05:10:24+00:00","dateModified":"2026-03-27T04:53:21+00:00","description":"22 ayar alt\u0131ndan \u00fcretilen bu ok ucu kolye ucu, g\u00fc\u00e7 ve zarafeti harmanl\u0131yor. Netlik, y\u00f6n ve g\u00fcc\u00fc simgeleyen cesur, unisex bir tasar\u0131m.","breadcrumb":{"@id":"https:\/\/www.purejewels.com\/product\/golden-arrowhead-pendant-53075\/#breadcrumb"},"inLanguage":"tr","potentialAction":[{"@type":"ReadAction","target":["https:\/\/www.purejewels.com\/product\/golden-arrowhead-pendant-53075\/"]}]},{"@type":"ImageObject","inLanguage":"tr","@id":"https:\/\/www.purejewels.com\/product\/golden-arrowhead-pendant-53075\/#primaryimage","url":"https:\/\/static.purejewels.com\/wp-content\/uploads\/2025\/10\/PCS517-01.jpg","contentUrl":"https:\/\/static.purejewels.com\/wp-content\/uploads\/2025\/10\/PCS517-01.jpg","width":1000,"height":1000,"caption":"Golden Arrowhead Pendant"},{"@type":"BreadcrumbList","@id":"https:\/\/www.purejewels.com\/product\/golden-arrowhead-pendant-53075\/#breadcrumb","itemListElement":[{"@type":"ListItem","position":1,"name":"Home","item":"https:\/\/www.purejewels.com\/"},{"@type":"ListItem","position":2,"name":"Shop","item":"https:\/\/www.purejewels.com\/shop\/"},{"@type":"ListItem","position":3,"name":"Golden Arrowhead Pendant | 22ct Gold"}]},{"@type":"WebSite","@id":"https:\/\/www.purejewels.com\/#website","url":"https:\/\/www.purejewels.com\/","name":"PureJewels \u0130ngiltere","description":"Sevgiyi Payla\u015f\u0131n","publisher":{"@id":"https:\/\/www.purejewels.com\/#organization"},"potentialAction":[{"@type":"SearchAction","target":{"@type":"EntryPoint","urlTemplate":"https:\/\/www.purejewels.com\/?s={search_term_string}"},"query-input":{"@type":"PropertyValueSpecification","valueRequired":true,"valueName":"search_term_string"}}],"inLanguage":"tr"},{"@type":"Organization","@id":"https:\/\/www.purejewels.com\/#organization","name":"PureJewels \u0130ngiltere","url":"https:\/\/www.purejewels.com\/","logo":{"@type":"ImageObject","inLanguage":"tr","@id":"https:\/\/www.purejewels.com\/#\/schema\/logo\/image\/","url":"https:\/\/static.purejewels.com\/wp-content\/uploads\/2020\/11\/Logo-PJ-New-1.png","contentUrl":"https:\/\/static.purejewels.com\/wp-content\/uploads\/2020\/11\/Logo-PJ-New-1.png","width":150,"height":80,"caption":"PureJewels UK"},"image":{"@id":"https:\/\/www.purejewels.com\/#\/schema\/logo\/image\/"}}]}},"_links":{"self":[{"href":"https:\/\/www.purejewels.com\/tr\/wp-json\/wp\/v2\/product\/418057","targetHints":{"allow":["GET"]}}],"collection":[{"href":"https:\/\/www.purejewels.com\/tr\/wp-json\/wp\/v2\/product"}],"about":[{"href":"https:\/\/www.purejewels.com\/tr\/wp-json\/wp\/v2\/types\/product"}],"replies":[{"embeddable":true,"href":"https:\/\/www.purejewels.com\/tr\/wp-json\/wp\/v2\/comments?post=418057"}],"version-history":[{"count":1,"href":"https:\/\/www.purejewels.com\/tr\/wp-json\/wp\/v2\/product\/418057\/revisions"}],"predecessor-version":[{"id":418066,"href":"https:\/\/www.purejewels.com\/tr\/wp-json\/wp\/v2\/product\/418057\/revisions\/418066"}],"wp:featuredmedia":[{"embeddable":true,"href":"https:\/\/www.purejewels.com\/tr\/wp-json\/wp\/v2\/media\/418065"}],"wp:attachment":[{"href":"https:\/\/www.purejewels.com\/tr\/wp-json\/wp\/v2\/media?parent=418057"}],"wp:term":[{"taxonomy":"product_brand","embeddable":true,"href":"https:\/\/www.purejewels.com\/tr\/wp-json\/wp\/v2\/product_brand?post=418057"},{"taxonomy":"product_cat","embeddable":true,"href":"https:\/\/www.purejewels.com\/tr\/wp-json\/wp\/v2\/product_cat?post=418057"},{"taxonomy":"product_tag","embeddable":true,"href":"https:\/\/www.purejewels.com\/tr\/wp-json\/wp\/v2\/product_tag?post=418057"}],"curies":[{"name":"wp","href":"https:\/\/api.w.org\/{rel}","templated":true}]}}