{"id":418076,"date":"2025-09-06T06:37:10","date_gmt":"2025-09-06T05:37:10","guid":{"rendered":"https:\/\/www.purejewels.com\/?post_type=product&#038;p=418076"},"modified":"2026-01-29T07:49:49","modified_gmt":"2026-01-29T07:49:49","slug":"22-ayar-altindan-lotus-ganesha-kolye-ucu-52935","status":"publish","type":"product","link":"https:\/\/www.purejewels.com\/tr\/product\/lotus-ganesha-pendant-in-22ct-gold-52935\/","title":{"rendered":"22 Ayar Alt\u0131n Lotus Ganesha Kolye Ucu"},"content":{"rendered":"<h4 data-start=\"911\" data-end=\"940\"><strong data-start=\"919\" data-end=\"938\">Tasar\u0131m Konsepti<\/strong><\/h4>\n<p data-start=\"941\" data-end=\"1366\">Bu kolye ucu, safl\u0131\u011f\u0131n ve ayd\u0131nlanman\u0131n kutsal bir sembol\u00fc olan lotus \u00e7i\u00e7e\u011finin \u00fczerinde oturan Lord Ganesha'n\u0131n formu Padma Ganapati'den ilham al\u0131yor. Ganesha'n\u0131n \u00e7ocuksu cazibesi, nazik y\u00fcz ifadeleri, huzurlu duru\u015fu ve masumiyet ve ilahili\u011fi somutla\u015ft\u0131ran sembolik k\u0131rm\u0131z\u0131 renkli lotus ile yakalanm\u0131\u015ft\u0131r. Zarafeti ba\u011fl\u0131l\u0131kla birle\u015ftiren bu kompozisyon, ince alt\u0131nla ruhani zarafet arayanlar i\u00e7in idealdir.<\/p>\n<h4 data-start=\"1373\" data-end=\"1401\"><strong data-start=\"1381\" data-end=\"1399\">Zanaatkarl\u0131k<\/strong><\/h4>\n<p data-start=\"1402\" data-end=\"1837\">22 ayar sar\u0131 alt\u0131ndan titizlikle i\u015flenen bu kolye ucu, hem Ganesha'n\u0131n hem de lotus taban\u0131n\u0131n ayr\u0131nt\u0131l\u0131 heykellerini sergiliyor. Y\u00fczeyde hassas konturlu p\u00fcr\u00fczs\u00fcz y\u00fcksek cilal\u0131 alt\u0131n bulunurken, lotus taban\u0131ndaki ince k\u0131rm\u0131z\u0131 mine vurgular\u0131 derinli\u011fi ve \u00f6zg\u00fcnl\u00fc\u011f\u00fc art\u0131r\u0131r. Halka, g\u00fcvenli kullan\u0131m ve kusursuz bir biti\u015f i\u00e7in tasarlanm\u0131\u015ft\u0131r. Her bir par\u00e7a, dini alt\u0131n tak\u0131lar konusunda uzmanla\u015fm\u0131\u015f zanaatk\u00e2rlar\u0131n uzmanl\u0131\u011f\u0131n\u0131 yans\u0131tmaktad\u0131r.<\/p>\n<h4 data-start=\"1844\" data-end=\"1872\"><strong data-start=\"1852\" data-end=\"1870\">Stil Fikirleri<\/strong><\/h4>\n<p data-start=\"1873\" data-end=\"2219\">Bu kolyeyi g\u00fcnl\u00fck koruma ve ruhani topraklama i\u00e7in ince bir alt\u0131n zincir \u00fczerinde kalbe yak\u0131n bir yere tak\u0131n veya dini i\u015flevler s\u0131ras\u0131nda geleneksel k\u0131yafetlerle e\u015fle\u015ftirin. K\u00fc\u00e7\u00fck ve zarif formu sayesinde kad\u0131nlar, erkekler veya \u00e7ocuklar i\u00e7in idealdir ve \u00f6zellikle Ganesh Chaturthi, baby shower, ev hediyesi veya d\u00fc\u011f\u00fcnlerde hediye etmek i\u00e7in anlaml\u0131d\u0131r.<\/p>","protected":false},"excerpt":{"rendered":"<p>\u0130lahi varl\u0131\u011f\u0131 22 ayar sar\u0131 alt\u0131ndan el yap\u0131m\u0131 bu Lotus Ganesha Kolye ile kutlay\u0131n. \u00c7i\u00e7ek a\u00e7an bir lotusun \u00fczerinde oturan Lord Ganesha'n\u0131n yer ald\u0131\u011f\u0131 bu par\u00e7a safl\u0131k, bilgelik ve ruhani s\u00fckunet yay\u0131yor - g\u00fcnl\u00fck kullan\u0131m veya \u00f6zel dini g\u00fcnler i\u00e7in anlaml\u0131 bir t\u0131ls\u0131m.<\/p>\n<p><strong>Malzeme:<\/strong> 22 Ayar Alt\u0131n (91,6% Saf Alt\u0131n)<strong><br \/>\nHallmark:\u00a0<\/strong>\u0130ngiliz Damgas\u0131<strong><br \/>\n<\/strong><strong>Br\u00fct A\u011f\u0131rl\u0131k: <\/strong>2.10 Gms<strong><br \/>\nSKU: <\/strong>52935<\/p>\n<p><strong>Fiyat ve Teslimat:<\/strong>KDV ve teslimat \u00fccretleri dahil<strong><br \/>\n<a href=\"https:\/\/www.purejewels.com\/tr\/i%cc%87ade-poli%cc%87ti%cc%87kasi\/\">\u0130ade Politikas\u0131<\/a><\/strong><\/p>","protected":false},"featured_media":418080,"comment_status":"closed","ping_status":"closed","template":"","meta":{"_eb_attr":"","_crsspst_to_jayantr4sg-hostcom":true},"product_brand":[],"product_cat":[1793,1571,5601,1229,1255,5343,1767,1572,1768,1701,5349],"product_tag":[],"class_list":{"0":"post-418076","1":"product","2":"type-product","3":"status-publish","4":"has-post-thumbnail","6":"product_cat-diwali-gifts","7":"product_cat-fathers-day-gifts","8":"product_cat-ganesh-pendants","9":"product_cat-22ct-gold-jewellery","10":"product_cat-gold-pendants","11":"product_cat-jewellery-under-550","12":"product_cat-ladies-pendants","13":"product_cat-mens-jewellery","14":"product_cat-mens-pendants","15":"product_cat-religious-pendants","16":"product_cat-yellow-gold-jewellery","18":"first","19":"instock","20":"taxable","21":"shipping-taxable","22":"purchasable","23":"product-type-simple","24":"add-to-wishlist-before_image"},"yoast_head":"<!-- This site is optimized with the Yoast SEO plugin v27.3 - https:\/\/yoast.com\/product\/yoast-seo-wordpress\/ -->\n<title>Lotus Ganesha Pendant \u2013 22ct Gold Devotional Ganpati Charm<\/title>\n<meta name=\"description\" content=\"22ct Gold Lotus Ganesha Pendant featuring Lord Ganpati seated on a lotus. Perfect for spiritual wear, blessings, and religious gifting occasions.\" \/>\n<meta name=\"robots\" content=\"index, follow, max-snippet:-1, max-image-preview:large, max-video-preview:-1\" \/>\n<link rel=\"canonical\" href=\"https:\/\/www.purejewels.com\/tr\/urun\/22-ayar-altindan-lotus-ganesha-kolye-ucu-52935\/\" \/>\n<meta property=\"og:locale\" content=\"tr_TR\" \/>\n<meta property=\"og:type\" content=\"article\" \/>\n<meta property=\"og:title\" content=\"Lotus Ganesha Pendant \u2013 22ct Gold Devotional Ganpati Charm\" \/>\n<meta property=\"og:description\" content=\"22ct Gold Lotus Ganesha Pendant featuring Lord Ganpati seated on a lotus. Perfect for spiritual wear, blessings, and religious gifting occasions.\" \/>\n<meta property=\"og:url\" content=\"https:\/\/www.purejewels.com\/tr\/urun\/22-ayar-altindan-lotus-ganesha-kolye-ucu-52935\/\" \/>\n<meta property=\"og:site_name\" content=\"PureJewels UK\" \/>\n<meta property=\"article:modified_time\" content=\"2026-01-29T07:49:49+00:00\" \/>\n<meta property=\"og:image\" content=\"https:\/\/static.purejewels.com\/wp-content\/uploads\/2025\/10\/52935.jpg\" \/>\n\t<meta property=\"og:image:width\" content=\"1000\" \/>\n\t<meta property=\"og:image:height\" content=\"1000\" \/>\n\t<meta property=\"og:image:type\" content=\"image\/jpeg\" \/>\n<meta name=\"twitter:card\" content=\"summary_large_image\" \/>\n<meta name=\"twitter:label1\" content=\"Tahmini okuma s\u00fcresi\" \/>\n\t<meta name=\"twitter:data1\" content=\"2 dakika\" \/>\n<script type=\"application\/ld+json\" class=\"yoast-schema-graph\">{\"@context\":\"https:\\\/\\\/schema.org\",\"@graph\":[{\"@type\":[\"WebPage\",\"ItemPage\"],\"@id\":\"https:\\\/\\\/www.purejewels.com\\\/product\\\/lotus-ganesha-pendant-in-22ct-gold-52935\\\/\",\"url\":\"https:\\\/\\\/www.purejewels.com\\\/product\\\/lotus-ganesha-pendant-in-22ct-gold-52935\\\/\",\"name\":\"Lotus Ganesha Pendant \u2013 22ct Gold Devotional Ganpati Charm\",\"isPartOf\":{\"@id\":\"https:\\\/\\\/www.purejewels.com\\\/#website\"},\"primaryImageOfPage\":{\"@id\":\"https:\\\/\\\/www.purejewels.com\\\/product\\\/lotus-ganesha-pendant-in-22ct-gold-52935\\\/#primaryimage\"},\"image\":{\"@id\":\"https:\\\/\\\/www.purejewels.com\\\/product\\\/lotus-ganesha-pendant-in-22ct-gold-52935\\\/#primaryimage\"},\"thumbnailUrl\":\"https:\\\/\\\/static.purejewels.com\\\/wp-content\\\/uploads\\\/2025\\\/10\\\/52935.jpg\",\"datePublished\":\"2025-09-06T05:37:10+00:00\",\"dateModified\":\"2026-01-29T07:49:49+00:00\",\"description\":\"22ct Gold Lotus Ganesha Pendant featuring Lord Ganpati seated on a lotus. Perfect for spiritual wear, blessings, and religious gifting occasions.\",\"breadcrumb\":{\"@id\":\"https:\\\/\\\/www.purejewels.com\\\/product\\\/lotus-ganesha-pendant-in-22ct-gold-52935\\\/#breadcrumb\"},\"inLanguage\":\"tr\",\"potentialAction\":[{\"@type\":\"ReadAction\",\"target\":[\"https:\\\/\\\/www.purejewels.com\\\/product\\\/lotus-ganesha-pendant-in-22ct-gold-52935\\\/\"]}]},{\"@type\":\"ImageObject\",\"inLanguage\":\"tr\",\"@id\":\"https:\\\/\\\/www.purejewels.com\\\/product\\\/lotus-ganesha-pendant-in-22ct-gold-52935\\\/#primaryimage\",\"url\":\"https:\\\/\\\/static.purejewels.com\\\/wp-content\\\/uploads\\\/2025\\\/10\\\/52935.jpg\",\"contentUrl\":\"https:\\\/\\\/static.purejewels.com\\\/wp-content\\\/uploads\\\/2025\\\/10\\\/52935.jpg\",\"width\":1000,\"height\":1000,\"caption\":\"Lotus Ganesha Pendant in 22ct Gold\"},{\"@type\":\"BreadcrumbList\",\"@id\":\"https:\\\/\\\/www.purejewels.com\\\/product\\\/lotus-ganesha-pendant-in-22ct-gold-52935\\\/#breadcrumb\",\"itemListElement\":[{\"@type\":\"ListItem\",\"position\":1,\"name\":\"Home\",\"item\":\"https:\\\/\\\/www.purejewels.com\\\/\"},{\"@type\":\"ListItem\",\"position\":2,\"name\":\"Shop\",\"item\":\"https:\\\/\\\/www.purejewels.com\\\/shop\\\/\"},{\"@type\":\"ListItem\",\"position\":3,\"name\":\"Lotus Ganesha Pendant in 22ct Gold\"}]},{\"@type\":\"WebSite\",\"@id\":\"https:\\\/\\\/www.purejewels.com\\\/#website\",\"url\":\"https:\\\/\\\/www.purejewels.com\\\/\",\"name\":\"PureJewels UK\",\"description\":\"Share the Love\",\"publisher\":{\"@id\":\"https:\\\/\\\/www.purejewels.com\\\/#organization\"},\"potentialAction\":[{\"@type\":\"SearchAction\",\"target\":{\"@type\":\"EntryPoint\",\"urlTemplate\":\"https:\\\/\\\/www.purejewels.com\\\/?s={search_term_string}\"},\"query-input\":{\"@type\":\"PropertyValueSpecification\",\"valueRequired\":true,\"valueName\":\"search_term_string\"}}],\"inLanguage\":\"tr\"},{\"@type\":\"Organization\",\"@id\":\"https:\\\/\\\/www.purejewels.com\\\/#organization\",\"name\":\"PureJewels UK\",\"url\":\"https:\\\/\\\/www.purejewels.com\\\/\",\"logo\":{\"@type\":\"ImageObject\",\"inLanguage\":\"tr\",\"@id\":\"https:\\\/\\\/www.purejewels.com\\\/#\\\/schema\\\/logo\\\/image\\\/\",\"url\":\"https:\\\/\\\/static.purejewels.com\\\/wp-content\\\/uploads\\\/2020\\\/11\\\/Logo-PJ-New-1.png\",\"contentUrl\":\"https:\\\/\\\/static.purejewels.com\\\/wp-content\\\/uploads\\\/2020\\\/11\\\/Logo-PJ-New-1.png\",\"width\":150,\"height\":80,\"caption\":\"PureJewels UK\"},\"image\":{\"@id\":\"https:\\\/\\\/www.purejewels.com\\\/#\\\/schema\\\/logo\\\/image\\\/\"}}]}<\/script>\n<!-- \/ Yoast SEO plugin. -->","yoast_head_json":{"title":"Lotus Ganesha Kolye - 22 Ayar Alt\u0131n Adanm\u0131\u015fl\u0131k Ganpati Charm","description":"22 Ayar Alt\u0131n Lotus Ganesha Kolye Ucunda lotus \u00fczerinde oturan Lord Ganpati yer almaktad\u0131r. Ruhani giysiler, kutsamalar ve dini hediyeler i\u00e7in m\u00fckemmeldir.","robots":{"index":"index","follow":"follow","max-snippet":"max-snippet:-1","max-image-preview":"max-image-preview:large","max-video-preview":"max-video-preview:-1"},"canonical":"https:\/\/www.purejewels.com\/tr\/urun\/22-ayar-altindan-lotus-ganesha-kolye-ucu-52935\/","og_locale":"tr_TR","og_type":"article","og_title":"Lotus Ganesha Pendant \u2013 22ct Gold Devotional Ganpati Charm","og_description":"22ct Gold Lotus Ganesha Pendant featuring Lord Ganpati seated on a lotus. Perfect for spiritual wear, blessings, and religious gifting occasions.","og_url":"https:\/\/www.purejewels.com\/tr\/urun\/22-ayar-altindan-lotus-ganesha-kolye-ucu-52935\/","og_site_name":"PureJewels UK","article_modified_time":"2026-01-29T07:49:49+00:00","og_image":[{"width":1000,"height":1000,"url":"https:\/\/static.purejewels.com\/wp-content\/uploads\/2025\/10\/52935.jpg","type":"image\/jpeg"}],"twitter_card":"summary_large_image","twitter_misc":{"Tahmini okuma s\u00fcresi":"2 dakika"},"schema":{"@context":"https:\/\/schema.org","@graph":[{"@type":["WebPage","ItemPage"],"@id":"https:\/\/www.purejewels.com\/product\/lotus-ganesha-pendant-in-22ct-gold-52935\/","url":"https:\/\/www.purejewels.com\/product\/lotus-ganesha-pendant-in-22ct-gold-52935\/","name":"Lotus Ganesha Kolye - 22 Ayar Alt\u0131n Adanm\u0131\u015fl\u0131k Ganpati Charm","isPartOf":{"@id":"https:\/\/www.purejewels.com\/#website"},"primaryImageOfPage":{"@id":"https:\/\/www.purejewels.com\/product\/lotus-ganesha-pendant-in-22ct-gold-52935\/#primaryimage"},"image":{"@id":"https:\/\/www.purejewels.com\/product\/lotus-ganesha-pendant-in-22ct-gold-52935\/#primaryimage"},"thumbnailUrl":"https:\/\/static.purejewels.com\/wp-content\/uploads\/2025\/10\/52935.jpg","datePublished":"2025-09-06T05:37:10+00:00","dateModified":"2026-01-29T07:49:49+00:00","description":"22 Ayar Alt\u0131n Lotus Ganesha Kolye Ucunda lotus \u00fczerinde oturan Lord Ganpati yer almaktad\u0131r. Ruhani giysiler, kutsamalar ve dini hediyeler i\u00e7in m\u00fckemmeldir.","breadcrumb":{"@id":"https:\/\/www.purejewels.com\/product\/lotus-ganesha-pendant-in-22ct-gold-52935\/#breadcrumb"},"inLanguage":"tr","potentialAction":[{"@type":"ReadAction","target":["https:\/\/www.purejewels.com\/product\/lotus-ganesha-pendant-in-22ct-gold-52935\/"]}]},{"@type":"ImageObject","inLanguage":"tr","@id":"https:\/\/www.purejewels.com\/product\/lotus-ganesha-pendant-in-22ct-gold-52935\/#primaryimage","url":"https:\/\/static.purejewels.com\/wp-content\/uploads\/2025\/10\/52935.jpg","contentUrl":"https:\/\/static.purejewels.com\/wp-content\/uploads\/2025\/10\/52935.jpg","width":1000,"height":1000,"caption":"Lotus Ganesha Pendant in 22ct Gold"},{"@type":"BreadcrumbList","@id":"https:\/\/www.purejewels.com\/product\/lotus-ganesha-pendant-in-22ct-gold-52935\/#breadcrumb","itemListElement":[{"@type":"ListItem","position":1,"name":"Home","item":"https:\/\/www.purejewels.com\/"},{"@type":"ListItem","position":2,"name":"Shop","item":"https:\/\/www.purejewels.com\/shop\/"},{"@type":"ListItem","position":3,"name":"Lotus Ganesha Pendant in 22ct Gold"}]},{"@type":"WebSite","@id":"https:\/\/www.purejewels.com\/#website","url":"https:\/\/www.purejewels.com\/","name":"PureJewels \u0130ngiltere","description":"Sevgiyi Payla\u015f\u0131n","publisher":{"@id":"https:\/\/www.purejewels.com\/#organization"},"potentialAction":[{"@type":"SearchAction","target":{"@type":"EntryPoint","urlTemplate":"https:\/\/www.purejewels.com\/?s={search_term_string}"},"query-input":{"@type":"PropertyValueSpecification","valueRequired":true,"valueName":"search_term_string"}}],"inLanguage":"tr"},{"@type":"Organization","@id":"https:\/\/www.purejewels.com\/#organization","name":"PureJewels \u0130ngiltere","url":"https:\/\/www.purejewels.com\/","logo":{"@type":"ImageObject","inLanguage":"tr","@id":"https:\/\/www.purejewels.com\/#\/schema\/logo\/image\/","url":"https:\/\/static.purejewels.com\/wp-content\/uploads\/2020\/11\/Logo-PJ-New-1.png","contentUrl":"https:\/\/static.purejewels.com\/wp-content\/uploads\/2020\/11\/Logo-PJ-New-1.png","width":150,"height":80,"caption":"PureJewels UK"},"image":{"@id":"https:\/\/www.purejewels.com\/#\/schema\/logo\/image\/"}}]}},"_links":{"self":[{"href":"https:\/\/www.purejewels.com\/tr\/wp-json\/wp\/v2\/product\/418076","targetHints":{"allow":["GET"]}}],"collection":[{"href":"https:\/\/www.purejewels.com\/tr\/wp-json\/wp\/v2\/product"}],"about":[{"href":"https:\/\/www.purejewels.com\/tr\/wp-json\/wp\/v2\/types\/product"}],"replies":[{"embeddable":true,"href":"https:\/\/www.purejewels.com\/tr\/wp-json\/wp\/v2\/comments?post=418076"}],"version-history":[{"count":1,"href":"https:\/\/www.purejewels.com\/tr\/wp-json\/wp\/v2\/product\/418076\/revisions"}],"predecessor-version":[{"id":418084,"href":"https:\/\/www.purejewels.com\/tr\/wp-json\/wp\/v2\/product\/418076\/revisions\/418084"}],"wp:featuredmedia":[{"embeddable":true,"href":"https:\/\/www.purejewels.com\/tr\/wp-json\/wp\/v2\/media\/418080"}],"wp:attachment":[{"href":"https:\/\/www.purejewels.com\/tr\/wp-json\/wp\/v2\/media?parent=418076"}],"wp:term":[{"taxonomy":"product_brand","embeddable":true,"href":"https:\/\/www.purejewels.com\/tr\/wp-json\/wp\/v2\/product_brand?post=418076"},{"taxonomy":"product_cat","embeddable":true,"href":"https:\/\/www.purejewels.com\/tr\/wp-json\/wp\/v2\/product_cat?post=418076"},{"taxonomy":"product_tag","embeddable":true,"href":"https:\/\/www.purejewels.com\/tr\/wp-json\/wp\/v2\/product_tag?post=418076"}],"curies":[{"name":"wp","href":"https:\/\/api.w.org\/{rel}","templated":true}]}}