{"id":418096,"date":"2025-09-06T07:20:41","date_gmt":"2025-09-06T06:20:41","guid":{"rendered":"https:\/\/www.purejewels.com\/?post_type=product&#038;p=418096"},"modified":"2026-03-27T05:20:16","modified_gmt":"2026-03-27T05:20:16","slug":"ilahi-dhanush-kolye-ucu-22-ayar-altin-53114","status":"publish","type":"product","link":"https:\/\/www.purejewels.com\/tr\/product\/divine-dhanush-pendant-in-22ct-gold-53114\/","title":{"rendered":"22 Ayar Alt\u0131n \u0130lahi Dhanush Kolye"},"content":{"rendered":"<h3 data-start=\"567\" data-end=\"595\"><strong data-start=\"574\" data-end=\"593\">Tasar\u0131m Konsepti<\/strong><\/h3>\n<p data-start=\"596\" data-end=\"1023\">Bu kolye ucu, Hindu mitolojisinde sava\u015f\u00e7\u0131lar\u0131n, tanr\u0131lar\u0131n ve kozmik g\u00fcc\u00fcn amblemi olan kutsal Dhanush'tan (yay) ilham al\u0131yor. Lord Ram'\u0131n Kodanda yay\u0131ndan Arjuna'n\u0131n Gandiva's\u0131na kadar, tasar\u0131m i\u00e7sel g\u00fcc\u00fc ve ilahi y\u00f6n\u00fc yans\u0131tmaktad\u0131r. Zarif yay, 22 ayar sar\u0131 alt\u0131ndan yontulmu\u015f, rodyum kaplamal\u0131 ip ve ince formlu ok ile kontrast olu\u015fturarak rafine bir siluette gerilim, hareket ve dengeyi yakal\u0131yor.<\/p>\n<h3 data-start=\"1030\" data-end=\"1057\"><strong data-start=\"1037\" data-end=\"1055\">Zanaatkarl\u0131k<\/strong><\/h3>\n<p data-start=\"1058\" data-end=\"1486\">22 ayar alt\u0131ndan el i\u015f\u00e7ili\u011fiyle \u00fcretilen kolye ucu, hassas tel benzeri k\u0131vr\u0131mlara ve keskin ok ucu \u00e7izgilerine sahiptir. Yay kiri\u015fi, tasar\u0131m\u0131n dinamik enerjisini vurgularken sa\u011flaml\u0131\u011f\u0131n\u0131 ve yap\u0131s\u0131n\u0131 korumak i\u00e7in beyaz rodyumla i\u015flenmi\u015ftir. Hafif kaplama ve ince cila, uzman metal i\u015f\u00e7ili\u011fini yans\u0131tarak karma\u015f\u0131k ayr\u0131nt\u0131lar\u0131 korurken dayan\u0131kl\u0131l\u0131k sa\u011flar. Bu par\u00e7a geleneksel ikonografiyi \u00e7a\u011fda\u015f stil ile harmanl\u0131yor.<\/p>\n<h3 data-start=\"1493\" data-end=\"1520\"><strong data-start=\"1500\" data-end=\"1518\">Stil Fikirleri<\/strong><\/h3>\n<p data-start=\"1521\" data-end=\"1839\">G\u00fcnl\u00fck ilham i\u00e7in alt\u0131n bir zincir \u00fczerinde tek ba\u015f\u0131na tak\u0131n veya bir ifade yaratmak i\u00e7in di\u011fer t\u0131ls\u0131mlarla katmanlay\u0131n. Hem erkekler hem de kad\u0131nlar, \u00f6zellikle de ruhani sembollere ilgi duyan veya mitolojik temalara hayran olanlar i\u00e7in idealdir. Rama Navami, Raksha Bandhan, do\u011fum g\u00fcnleri veya d\u00f6n\u00fcm noktas\u0131 anlar\u0131nda hediye etmek i\u00e7in m\u00fckemmeldir.<\/p>","protected":false},"excerpt":{"rendered":"<div class=\"woocommerce-product-details__short-description\">\n<p>Destans\u0131 dharma ve yi\u011fitlik hikayelerinden ilham alan 22 ayar alt\u0131n \u0130lahi Dhanush Kolye, rodyum kaplamal\u0131 zarif bir yay ve ok tasar\u0131m\u0131na sahiptir. G\u00fc\u00e7, ama\u00e7 ve koruman\u0131n simgesi olan bu kolye, g\u00fc\u00e7l\u00fc ama minimalist bir ruhani m\u00fccevher par\u00e7as\u0131d\u0131r.<\/p>\n<p><span data-ccp-props=\"{&quot;335551550&quot;:6,&quot;335551620&quot;:6}\">\u00a0<\/span><strong>Malzeme:<\/strong> 22 Ayar Alt\u0131n (91,6% Saf Alt\u0131n)<br \/>\n<strong>Hallmark:\u00a0<\/strong>\u0130ngiliz Damgas\u0131<strong><br \/>\n<\/strong><strong>Br\u00fct A\u011f\u0131rl\u0131k: <\/strong>1.30 Gms<strong><br \/>\nSKU: <\/strong>53114, 52546<\/p>\n<p><strong>Fiyat ve Teslimat: <\/strong>KDV ve teslimat \u00fccretleri dahil<strong><br \/>\n<a href=\"https:\/\/www.purejewels.com\/tr\/i%cc%87ade-poli%cc%87ti%cc%87kasi\/\">\u0130ade Politikas\u0131<\/a><\/strong><\/p>\n<\/div>\n<div class=\"btn-atc atc-slide\"><\/div>\n<div class=\"product_meta\"><\/div>","protected":false},"featured_media":418097,"comment_status":"closed","ping_status":"closed","template":"","meta":{"_eb_attr":"","_crsspst_to_jayantr4sg-hostcom":true},"product_brand":[],"product_cat":[236,6125,1793,1790,1229,1255,5343,1767,1572,1768,5338,1701,1574,5349],"product_tag":[],"class_list":{"0":"post-418096","1":"product","2":"type-product","3":"status-publish","4":"has-post-thumbnail","6":"product_cat-collections","7":"product_cat-divinity-collection","8":"product_cat-diwali-gifts","9":"product_cat-for-whom-when","10":"product_cat-22ct-gold-jewellery","11":"product_cat-gold-pendants","12":"product_cat-jewellery-under-550","13":"product_cat-ladies-pendants","14":"product_cat-mens-jewellery","15":"product_cat-mens-pendants","16":"product_cat-shop-by-price","17":"product_cat-religious-pendants","18":"product_cat-womens-jewellery","19":"product_cat-yellow-gold-jewellery","21":"first","22":"instock","23":"taxable","24":"shipping-taxable","25":"purchasable","26":"product-type-simple","27":"add-to-wishlist-before_image"},"yoast_head":"<!-- This site is optimized with the Yoast SEO plugin v27.6 - https:\/\/yoast.com\/product\/yoast-seo-wordpress\/ -->\n<title>Divine Dhanush Pendant \u2013 22ct Gold Bow &amp; Arrow Design Pendant<\/title>\n<meta name=\"description\" content=\"22ct Gold Dhanush Pendant featuring a graceful bow and arrow with rhodium detailing. A symbol of strength and purpose. Ideal for men, women &amp; spiritual gifting.\" \/>\n<meta name=\"robots\" content=\"index, follow, max-snippet:-1, max-image-preview:large, max-video-preview:-1\" \/>\n<link rel=\"canonical\" href=\"https:\/\/www.purejewels.com\/tr\/urun\/ilahi-dhanush-kolye-ucu-22-ayar-altin-53114\/\" \/>\n<meta property=\"og:locale\" content=\"tr_TR\" \/>\n<meta property=\"og:type\" content=\"article\" \/>\n<meta property=\"og:title\" content=\"Divine Dhanush Pendant \u2013 22ct Gold Bow &amp; Arrow Design Pendant\" \/>\n<meta property=\"og:description\" content=\"22ct Gold Dhanush Pendant featuring a graceful bow and arrow with rhodium detailing. A symbol of strength and purpose. Ideal for men, women &amp; spiritual gifting.\" \/>\n<meta property=\"og:url\" content=\"https:\/\/www.purejewels.com\/tr\/urun\/ilahi-dhanush-kolye-ucu-22-ayar-altin-53114\/\" \/>\n<meta property=\"og:site_name\" content=\"PureJewels UK\" \/>\n<meta property=\"article:modified_time\" content=\"2026-03-27T05:20:16+00:00\" \/>\n<meta property=\"og:image\" content=\"https:\/\/static.purejewels.com\/wp-content\/uploads\/2025\/10\/52546.jpg\" \/>\n\t<meta property=\"og:image:width\" content=\"1000\" \/>\n\t<meta property=\"og:image:height\" content=\"1000\" \/>\n\t<meta property=\"og:image:type\" content=\"image\/jpeg\" \/>\n<meta name=\"twitter:card\" content=\"summary_large_image\" \/>\n<meta name=\"twitter:label1\" content=\"Tahmini okuma s\u00fcresi\" \/>\n\t<meta name=\"twitter:data1\" content=\"1 dakika\" \/>\n<script type=\"application\/ld+json\" class=\"yoast-schema-graph\">{\"@context\":\"https:\\\/\\\/schema.org\",\"@graph\":[{\"@type\":[\"WebPage\",\"ItemPage\"],\"@id\":\"https:\\\/\\\/www.purejewels.com\\\/product\\\/divine-dhanush-pendant-in-22ct-gold-53114\\\/\",\"url\":\"https:\\\/\\\/www.purejewels.com\\\/product\\\/divine-dhanush-pendant-in-22ct-gold-53114\\\/\",\"name\":\"Divine Dhanush Pendant \u2013 22ct Gold Bow & Arrow Design Pendant\",\"isPartOf\":{\"@id\":\"https:\\\/\\\/www.purejewels.com\\\/#website\"},\"primaryImageOfPage\":{\"@id\":\"https:\\\/\\\/www.purejewels.com\\\/product\\\/divine-dhanush-pendant-in-22ct-gold-53114\\\/#primaryimage\"},\"image\":{\"@id\":\"https:\\\/\\\/www.purejewels.com\\\/product\\\/divine-dhanush-pendant-in-22ct-gold-53114\\\/#primaryimage\"},\"thumbnailUrl\":\"https:\\\/\\\/static.purejewels.com\\\/wp-content\\\/uploads\\\/2025\\\/10\\\/52546.jpg\",\"datePublished\":\"2025-09-06T06:20:41+00:00\",\"dateModified\":\"2026-03-27T05:20:16+00:00\",\"description\":\"22ct Gold Dhanush Pendant featuring a graceful bow and arrow with rhodium detailing. A symbol of strength and purpose. Ideal for men, women & spiritual gifting.\",\"breadcrumb\":{\"@id\":\"https:\\\/\\\/www.purejewels.com\\\/product\\\/divine-dhanush-pendant-in-22ct-gold-53114\\\/#breadcrumb\"},\"inLanguage\":\"tr\",\"potentialAction\":[{\"@type\":\"ReadAction\",\"target\":[\"https:\\\/\\\/www.purejewels.com\\\/product\\\/divine-dhanush-pendant-in-22ct-gold-53114\\\/\"]}]},{\"@type\":\"ImageObject\",\"inLanguage\":\"tr\",\"@id\":\"https:\\\/\\\/www.purejewels.com\\\/product\\\/divine-dhanush-pendant-in-22ct-gold-53114\\\/#primaryimage\",\"url\":\"https:\\\/\\\/static.purejewels.com\\\/wp-content\\\/uploads\\\/2025\\\/10\\\/52546.jpg\",\"contentUrl\":\"https:\\\/\\\/static.purejewels.com\\\/wp-content\\\/uploads\\\/2025\\\/10\\\/52546.jpg\",\"width\":1000,\"height\":1000,\"caption\":\"Divine Dhanush Pendant in 22ct Gold\"},{\"@type\":\"BreadcrumbList\",\"@id\":\"https:\\\/\\\/www.purejewels.com\\\/product\\\/divine-dhanush-pendant-in-22ct-gold-53114\\\/#breadcrumb\",\"itemListElement\":[{\"@type\":\"ListItem\",\"position\":1,\"name\":\"Home\",\"item\":\"https:\\\/\\\/www.purejewels.com\\\/\"},{\"@type\":\"ListItem\",\"position\":2,\"name\":\"Shop\",\"item\":\"https:\\\/\\\/www.purejewels.com\\\/shop\\\/\"},{\"@type\":\"ListItem\",\"position\":3,\"name\":\"Divine Dhanush Pendant in 22ct Gold\"}]},{\"@type\":\"WebSite\",\"@id\":\"https:\\\/\\\/www.purejewels.com\\\/#website\",\"url\":\"https:\\\/\\\/www.purejewels.com\\\/\",\"name\":\"PureJewels UK\",\"description\":\"Share the Love\",\"publisher\":{\"@id\":\"https:\\\/\\\/www.purejewels.com\\\/#organization\"},\"potentialAction\":[{\"@type\":\"SearchAction\",\"target\":{\"@type\":\"EntryPoint\",\"urlTemplate\":\"https:\\\/\\\/www.purejewels.com\\\/?s={search_term_string}\"},\"query-input\":{\"@type\":\"PropertyValueSpecification\",\"valueRequired\":true,\"valueName\":\"search_term_string\"}}],\"inLanguage\":\"tr\"},{\"@type\":\"Organization\",\"@id\":\"https:\\\/\\\/www.purejewels.com\\\/#organization\",\"name\":\"PureJewels UK\",\"url\":\"https:\\\/\\\/www.purejewels.com\\\/\",\"logo\":{\"@type\":\"ImageObject\",\"inLanguage\":\"tr\",\"@id\":\"https:\\\/\\\/www.purejewels.com\\\/#\\\/schema\\\/logo\\\/image\\\/\",\"url\":\"https:\\\/\\\/static.purejewels.com\\\/wp-content\\\/uploads\\\/2020\\\/11\\\/Logo-PJ-New-1.png\",\"contentUrl\":\"https:\\\/\\\/static.purejewels.com\\\/wp-content\\\/uploads\\\/2020\\\/11\\\/Logo-PJ-New-1.png\",\"width\":150,\"height\":80,\"caption\":\"PureJewels UK\"},\"image\":{\"@id\":\"https:\\\/\\\/www.purejewels.com\\\/#\\\/schema\\\/logo\\\/image\\\/\"}}]}<\/script>\n<!-- \/ Yoast SEO plugin. -->","yoast_head_json":{"title":"Divine Dhanush Kolye - 22 Ayar Alt\u0131n Yay ve Ok Tasar\u0131ml\u0131 Kolye","description":"22 Ayar Alt\u0131n Dhanush Kolye Ucu, rodyum detayl\u0131 zarif bir yay ve ok i\u00e7erir. G\u00fc\u00e7 ve amac\u0131n sembol\u00fc. Erkekler, kad\u0131nlar ve ruhani hediyeler i\u00e7in ideal.","robots":{"index":"index","follow":"follow","max-snippet":"max-snippet:-1","max-image-preview":"max-image-preview:large","max-video-preview":"max-video-preview:-1"},"canonical":"https:\/\/www.purejewels.com\/tr\/urun\/ilahi-dhanush-kolye-ucu-22-ayar-altin-53114\/","og_locale":"tr_TR","og_type":"article","og_title":"Divine Dhanush Pendant \u2013 22ct Gold Bow & Arrow Design Pendant","og_description":"22ct Gold Dhanush Pendant featuring a graceful bow and arrow with rhodium detailing. A symbol of strength and purpose. Ideal for men, women & spiritual gifting.","og_url":"https:\/\/www.purejewels.com\/tr\/urun\/ilahi-dhanush-kolye-ucu-22-ayar-altin-53114\/","og_site_name":"PureJewels UK","article_modified_time":"2026-03-27T05:20:16+00:00","og_image":[{"width":1000,"height":1000,"url":"https:\/\/static.purejewels.com\/wp-content\/uploads\/2025\/10\/52546.jpg","type":"image\/jpeg"}],"twitter_card":"summary_large_image","twitter_misc":{"Tahmini okuma s\u00fcresi":"1 dakika"},"schema":{"@context":"https:\/\/schema.org","@graph":[{"@type":["WebPage","ItemPage"],"@id":"https:\/\/www.purejewels.com\/product\/divine-dhanush-pendant-in-22ct-gold-53114\/","url":"https:\/\/www.purejewels.com\/product\/divine-dhanush-pendant-in-22ct-gold-53114\/","name":"Divine Dhanush Kolye - 22 Ayar Alt\u0131n Yay ve Ok Tasar\u0131ml\u0131 Kolye","isPartOf":{"@id":"https:\/\/www.purejewels.com\/#website"},"primaryImageOfPage":{"@id":"https:\/\/www.purejewels.com\/product\/divine-dhanush-pendant-in-22ct-gold-53114\/#primaryimage"},"image":{"@id":"https:\/\/www.purejewels.com\/product\/divine-dhanush-pendant-in-22ct-gold-53114\/#primaryimage"},"thumbnailUrl":"https:\/\/static.purejewels.com\/wp-content\/uploads\/2025\/10\/52546.jpg","datePublished":"2025-09-06T06:20:41+00:00","dateModified":"2026-03-27T05:20:16+00:00","description":"22 Ayar Alt\u0131n Dhanush Kolye Ucu, rodyum detayl\u0131 zarif bir yay ve ok i\u00e7erir. G\u00fc\u00e7 ve amac\u0131n sembol\u00fc. Erkekler, kad\u0131nlar ve ruhani hediyeler i\u00e7in ideal.","breadcrumb":{"@id":"https:\/\/www.purejewels.com\/product\/divine-dhanush-pendant-in-22ct-gold-53114\/#breadcrumb"},"inLanguage":"tr","potentialAction":[{"@type":"ReadAction","target":["https:\/\/www.purejewels.com\/product\/divine-dhanush-pendant-in-22ct-gold-53114\/"]}]},{"@type":"ImageObject","inLanguage":"tr","@id":"https:\/\/www.purejewels.com\/product\/divine-dhanush-pendant-in-22ct-gold-53114\/#primaryimage","url":"https:\/\/static.purejewels.com\/wp-content\/uploads\/2025\/10\/52546.jpg","contentUrl":"https:\/\/static.purejewels.com\/wp-content\/uploads\/2025\/10\/52546.jpg","width":1000,"height":1000,"caption":"Divine Dhanush Pendant in 22ct Gold"},{"@type":"BreadcrumbList","@id":"https:\/\/www.purejewels.com\/product\/divine-dhanush-pendant-in-22ct-gold-53114\/#breadcrumb","itemListElement":[{"@type":"ListItem","position":1,"name":"Home","item":"https:\/\/www.purejewels.com\/"},{"@type":"ListItem","position":2,"name":"Shop","item":"https:\/\/www.purejewels.com\/shop\/"},{"@type":"ListItem","position":3,"name":"Divine Dhanush Pendant in 22ct Gold"}]},{"@type":"WebSite","@id":"https:\/\/www.purejewels.com\/#website","url":"https:\/\/www.purejewels.com\/","name":"PureJewels \u0130ngiltere","description":"Sevgiyi Payla\u015f\u0131n","publisher":{"@id":"https:\/\/www.purejewels.com\/#organization"},"potentialAction":[{"@type":"SearchAction","target":{"@type":"EntryPoint","urlTemplate":"https:\/\/www.purejewels.com\/?s={search_term_string}"},"query-input":{"@type":"PropertyValueSpecification","valueRequired":true,"valueName":"search_term_string"}}],"inLanguage":"tr"},{"@type":"Organization","@id":"https:\/\/www.purejewels.com\/#organization","name":"PureJewels \u0130ngiltere","url":"https:\/\/www.purejewels.com\/","logo":{"@type":"ImageObject","inLanguage":"tr","@id":"https:\/\/www.purejewels.com\/#\/schema\/logo\/image\/","url":"https:\/\/static.purejewels.com\/wp-content\/uploads\/2020\/11\/Logo-PJ-New-1.png","contentUrl":"https:\/\/static.purejewels.com\/wp-content\/uploads\/2020\/11\/Logo-PJ-New-1.png","width":150,"height":80,"caption":"PureJewels UK"},"image":{"@id":"https:\/\/www.purejewels.com\/#\/schema\/logo\/image\/"}}]}},"_links":{"self":[{"href":"https:\/\/www.purejewels.com\/tr\/wp-json\/wp\/v2\/product\/418096","targetHints":{"allow":["GET"]}}],"collection":[{"href":"https:\/\/www.purejewels.com\/tr\/wp-json\/wp\/v2\/product"}],"about":[{"href":"https:\/\/www.purejewels.com\/tr\/wp-json\/wp\/v2\/types\/product"}],"replies":[{"embeddable":true,"href":"https:\/\/www.purejewels.com\/tr\/wp-json\/wp\/v2\/comments?post=418096"}],"version-history":[{"count":2,"href":"https:\/\/www.purejewels.com\/tr\/wp-json\/wp\/v2\/product\/418096\/revisions"}],"predecessor-version":[{"id":418107,"href":"https:\/\/www.purejewels.com\/tr\/wp-json\/wp\/v2\/product\/418096\/revisions\/418107"}],"wp:featuredmedia":[{"embeddable":true,"href":"https:\/\/www.purejewels.com\/tr\/wp-json\/wp\/v2\/media\/418097"}],"wp:attachment":[{"href":"https:\/\/www.purejewels.com\/tr\/wp-json\/wp\/v2\/media?parent=418096"}],"wp:term":[{"taxonomy":"product_brand","embeddable":true,"href":"https:\/\/www.purejewels.com\/tr\/wp-json\/wp\/v2\/product_brand?post=418096"},{"taxonomy":"product_cat","embeddable":true,"href":"https:\/\/www.purejewels.com\/tr\/wp-json\/wp\/v2\/product_cat?post=418096"},{"taxonomy":"product_tag","embeddable":true,"href":"https:\/\/www.purejewels.com\/tr\/wp-json\/wp\/v2\/product_tag?post=418096"}],"curies":[{"name":"wp","href":"https:\/\/api.w.org\/{rel}","templated":true}]}}