{"id":418111,"date":"2025-09-06T07:44:33","date_gmt":"2025-09-06T06:44:33","guid":{"rendered":"https:\/\/www.purejewels.com\/?post_type=product&#038;p=418111"},"modified":"2026-01-06T05:35:00","modified_gmt":"2026-01-06T05:35:00","slug":"klasik-dikdortgen-22-ayar-altin-kupe","status":"publish","type":"product","link":"https:\/\/www.purejewels.com\/tr\/product\/classic-rectangle-22ct-gold-stud-earrings\/","title":{"rendered":"Klasik Dikd\u00f6rtgen 22 Ayar Alt\u0131n Saplama K\u00fcpe"},"content":{"rendered":"<h3 data-start=\"531\" data-end=\"559\"><strong data-start=\"538\" data-end=\"557\">Tasar\u0131m Konsepti<\/strong><\/h3>\n<p data-start=\"560\" data-end=\"924\">Bu saplama k\u00fcpeler modern minimalizmden esinlenmi\u015ftir - temiz \u00e7izgiler, geometrik form ve malzemenin safl\u0131\u011f\u0131. Yumu\u015fak dikd\u00f6rtgen siluet, 22 ayar alt\u0131n\u0131n zenginli\u011finin dikkat da\u011f\u0131tmadan parlamas\u0131n\u0131 sa\u011flayarak cesur ama ince bir duru\u015f sergiliyor. Bu tasar\u0131m, m\u00fccevherlerinde netlik, denge ve sessiz g\u00fcveni takdir eden kullan\u0131c\u0131lara hitap ediyor.<\/p>\n<h3 data-start=\"931\" data-end=\"958\"><strong data-start=\"938\" data-end=\"956\">Zanaatkarl\u0131k<\/strong><\/h3>\n<p data-start=\"959\" data-end=\"1343\">Ustal\u0131kla el i\u015f\u00e7ili\u011fiyle 22 ayar sar\u0131 alt\u0131ndan \u00fcretilen k\u00fcpeler, dokunsal kalitelerini art\u0131ran saten f\u0131r\u00e7alanm\u0131\u015f mat kaplamaya sahip hafif kavisli dikd\u00f6rtgen bir \u015fekle sahiptir. Kenarlardaki hassas cilalama ince bir kontrast yarat\u0131r ve normalde p\u00fcr\u00fczs\u00fcz olan y\u00fczeye yap\u0131 kazand\u0131r\u0131r. Kal\u0131c\u0131 konfor ve g\u00fcnl\u00fck dayan\u0131kl\u0131l\u0131k i\u00e7in tasarlanan k\u00fcpeler, g\u00fcvenli geri itmeli kapaklara sahiptir.<\/p>\n<h3 data-start=\"1350\" data-end=\"1377\"><strong data-start=\"1357\" data-end=\"1375\">Stil Fikirleri<\/strong><\/h3>\n<p data-start=\"1378\" data-end=\"1696\">Kad\u0131nlar veya gen\u00e7ler i\u00e7in ideal bir g\u00fcnl\u00fck arkada\u015f olan bu alt\u0131n k\u00fcpeler, hem geleneksel hem de modern k\u0131yafetlerle zahmetsizce e\u015fle\u015fir. Minimalist bir g\u00f6r\u00fcn\u00fcm i\u00e7in tek ba\u015flar\u0131na ya da k\u00fc\u00e7\u00fck halkalar veya kulak man\u015fetleri ile katlayarak kullanabilirsiniz. Ayr\u0131ca do\u011fum g\u00fcnleri, mezuniyetler veya ge\u00e7i\u015f t\u00f6renleri i\u00e7in anlaml\u0131 bir hediyedir.<\/p>","protected":false},"excerpt":{"rendered":"<p>Zarif ve zahmetsiz Klasik Dikd\u00f6rtgen 22 Ayar Alt\u0131n Saplama K\u00fcpe, abart\u0131s\u0131z l\u00fcks\u00fc kutluyor. P\u00fcr\u00fczs\u00fcz mat y\u00fczeyli ince sar\u0131 alt\u0131ndan \u00fcretilen bu k\u00fcpeler, unisex, zarif ve zamans\u0131z \u00e7ekicili\u011fiyle g\u00fcnl\u00fck kullan\u0131m i\u00e7in m\u00fckemmeldir.<\/p>\n<p><strong>Malzeme:<\/strong>\u00a022 Ayar Alt\u0131n<br \/>\n<strong>Safl\u0131k:<\/strong>\u00a091.6% saf<br \/>\n<strong>Hallmark:<\/strong>\u00a0\u0130ngiliz Damgas\u0131<strong><br \/>\n<\/strong><strong>Br\u00fct A\u011f\u0131rl\u0131k: <\/strong>1.96 Gms<br \/>\n<strong>SKU:<\/strong> 52401<\/p>\n<p><strong>Fiyat ve Teslimat<\/strong>: KDV ve teslimat \u00fccreti dahil<br \/>\n<a href=\"https:\/\/www.purejewels.com\/tr\/i%cc%87ade-poli%cc%87ti%cc%87kasi\/\">\u0130ade Politikas\u0131<\/a><\/p>","protected":false},"featured_media":418115,"comment_status":"closed","ping_status":"closed","template":"","meta":{"_eb_attr":"","_crsspst_to_jayantr4sg-hostcom":true},"product_brand":[],"product_cat":[1793,1792,1790,1254,5343,1577,1575,1574,5349],"product_tag":[66],"class_list":{"0":"post-418111","1":"product","2":"type-product","3":"status-publish","4":"has-post-thumbnail","6":"product_cat-diwali-gifts","7":"product_cat-festival-gifts","8":"product_cat-for-whom-when","9":"product_cat-gold-earrings","10":"product_cat-jewellery-under-550","11":"product_cat-stud-earrings","12":"product_cat-teenage-jewellery","13":"product_cat-womens-jewellery","14":"product_cat-yellow-gold-jewellery","15":"product_tag-earrings","17":"first","18":"outofstock","19":"taxable","20":"shipping-taxable","21":"product-type-simple","22":"add-to-wishlist-before_image"},"yoast_head":"<!-- This site is optimized with the Yoast SEO plugin v27.6 - https:\/\/yoast.com\/product\/yoast-seo-wordpress\/ -->\n<title>Classic Rectangle 22ct Gold Stud Earrings \u2013 Minimal Design<\/title>\n<meta name=\"description\" content=\"22ct Gold Rectangle Stud Earrings with matte finish. Minimalist and timeless, ideal for everyday wear. Unisex style, handcrafted in pure yellow gold.\" \/>\n<meta name=\"robots\" content=\"index, follow, max-snippet:-1, max-image-preview:large, max-video-preview:-1\" \/>\n<link rel=\"canonical\" href=\"https:\/\/www.purejewels.com\/tr\/urun\/klasik-dikdortgen-22-ayar-altin-kupe\/\" \/>\n<meta property=\"og:locale\" content=\"tr_TR\" \/>\n<meta property=\"og:type\" content=\"article\" \/>\n<meta property=\"og:title\" content=\"Classic Rectangle 22ct Gold Stud Earrings \u2013 Minimal Design\" \/>\n<meta property=\"og:description\" content=\"22ct Gold Rectangle Stud Earrings with matte finish. Minimalist and timeless, ideal for everyday wear. Unisex style, handcrafted in pure yellow gold.\" \/>\n<meta property=\"og:url\" content=\"https:\/\/www.purejewels.com\/tr\/urun\/klasik-dikdortgen-22-ayar-altin-kupe\/\" \/>\n<meta property=\"og:site_name\" content=\"PureJewels UK\" \/>\n<meta property=\"article:modified_time\" content=\"2026-01-06T05:35:00+00:00\" \/>\n<meta property=\"og:image\" content=\"https:\/\/www.purejewels.com\/wp-content\/uploads\/2025\/10\/52401.jpg\" \/>\n\t<meta property=\"og:image:width\" content=\"1000\" \/>\n\t<meta property=\"og:image:height\" content=\"1000\" \/>\n\t<meta property=\"og:image:type\" content=\"image\/jpeg\" \/>\n<meta name=\"twitter:card\" content=\"summary_large_image\" \/>\n<meta name=\"twitter:label1\" content=\"Tahmini okuma s\u00fcresi\" \/>\n\t<meta name=\"twitter:data1\" content=\"1 dakika\" \/>\n<script type=\"application\/ld+json\" class=\"yoast-schema-graph\">{\"@context\":\"https:\\\/\\\/schema.org\",\"@graph\":[{\"@type\":[\"WebPage\",\"ItemPage\"],\"@id\":\"https:\\\/\\\/www.purejewels.com\\\/product\\\/classic-rectangle-22ct-gold-stud-earrings\\\/\",\"url\":\"https:\\\/\\\/www.purejewels.com\\\/product\\\/classic-rectangle-22ct-gold-stud-earrings\\\/\",\"name\":\"Classic Rectangle 22ct Gold Stud Earrings \u2013 Minimal Design\",\"isPartOf\":{\"@id\":\"https:\\\/\\\/www.purejewels.com\\\/#website\"},\"primaryImageOfPage\":{\"@id\":\"https:\\\/\\\/www.purejewels.com\\\/product\\\/classic-rectangle-22ct-gold-stud-earrings\\\/#primaryimage\"},\"image\":{\"@id\":\"https:\\\/\\\/www.purejewels.com\\\/product\\\/classic-rectangle-22ct-gold-stud-earrings\\\/#primaryimage\"},\"thumbnailUrl\":\"https:\\\/\\\/static.purejewels.com\\\/wp-content\\\/uploads\\\/2025\\\/10\\\/52401.jpg\",\"datePublished\":\"2025-09-06T06:44:33+00:00\",\"dateModified\":\"2026-01-06T05:35:00+00:00\",\"description\":\"22ct Gold Rectangle Stud Earrings with matte finish. Minimalist and timeless, ideal for everyday wear. Unisex style, handcrafted in pure yellow gold.\",\"breadcrumb\":{\"@id\":\"https:\\\/\\\/www.purejewels.com\\\/product\\\/classic-rectangle-22ct-gold-stud-earrings\\\/#breadcrumb\"},\"inLanguage\":\"tr\",\"potentialAction\":[{\"@type\":\"ReadAction\",\"target\":[\"https:\\\/\\\/www.purejewels.com\\\/product\\\/classic-rectangle-22ct-gold-stud-earrings\\\/\"]}]},{\"@type\":\"ImageObject\",\"inLanguage\":\"tr\",\"@id\":\"https:\\\/\\\/www.purejewels.com\\\/product\\\/classic-rectangle-22ct-gold-stud-earrings\\\/#primaryimage\",\"url\":\"https:\\\/\\\/static.purejewels.com\\\/wp-content\\\/uploads\\\/2025\\\/10\\\/52401.jpg\",\"contentUrl\":\"https:\\\/\\\/static.purejewels.com\\\/wp-content\\\/uploads\\\/2025\\\/10\\\/52401.jpg\",\"width\":1000,\"height\":1000,\"caption\":\"Classic Rectangle 22ct Gold Stud Earrings\"},{\"@type\":\"BreadcrumbList\",\"@id\":\"https:\\\/\\\/www.purejewels.com\\\/product\\\/classic-rectangle-22ct-gold-stud-earrings\\\/#breadcrumb\",\"itemListElement\":[{\"@type\":\"ListItem\",\"position\":1,\"name\":\"Home\",\"item\":\"https:\\\/\\\/www.purejewels.com\\\/\"},{\"@type\":\"ListItem\",\"position\":2,\"name\":\"Shop\",\"item\":\"https:\\\/\\\/www.purejewels.com\\\/shop\\\/\"},{\"@type\":\"ListItem\",\"position\":3,\"name\":\"Classic Rectangle 22ct Gold Stud Earrings\"}]},{\"@type\":\"WebSite\",\"@id\":\"https:\\\/\\\/www.purejewels.com\\\/#website\",\"url\":\"https:\\\/\\\/www.purejewels.com\\\/\",\"name\":\"PureJewels UK\",\"description\":\"Share the Love\",\"publisher\":{\"@id\":\"https:\\\/\\\/www.purejewels.com\\\/#organization\"},\"potentialAction\":[{\"@type\":\"SearchAction\",\"target\":{\"@type\":\"EntryPoint\",\"urlTemplate\":\"https:\\\/\\\/www.purejewels.com\\\/?s={search_term_string}\"},\"query-input\":{\"@type\":\"PropertyValueSpecification\",\"valueRequired\":true,\"valueName\":\"search_term_string\"}}],\"inLanguage\":\"tr\"},{\"@type\":\"Organization\",\"@id\":\"https:\\\/\\\/www.purejewels.com\\\/#organization\",\"name\":\"PureJewels UK\",\"url\":\"https:\\\/\\\/www.purejewels.com\\\/\",\"logo\":{\"@type\":\"ImageObject\",\"inLanguage\":\"tr\",\"@id\":\"https:\\\/\\\/www.purejewels.com\\\/#\\\/schema\\\/logo\\\/image\\\/\",\"url\":\"https:\\\/\\\/static.purejewels.com\\\/wp-content\\\/uploads\\\/2020\\\/11\\\/Logo-PJ-New-1.png\",\"contentUrl\":\"https:\\\/\\\/static.purejewels.com\\\/wp-content\\\/uploads\\\/2020\\\/11\\\/Logo-PJ-New-1.png\",\"width\":150,\"height\":80,\"caption\":\"PureJewels UK\"},\"image\":{\"@id\":\"https:\\\/\\\/www.purejewels.com\\\/#\\\/schema\\\/logo\\\/image\\\/\"}}]}<\/script>\n<!-- \/ Yoast SEO plugin. -->","yoast_head_json":{"title":"Klasik Dikd\u00f6rtgen 22 Ayar Alt\u0131n Saplama K\u00fcpe - Minimal Tasar\u0131m","description":"Mat y\u00fczeyli 22 Ayar Alt\u0131n Dikd\u00f6rtgen Saplama K\u00fcpe. Minimalist ve zamans\u0131z, g\u00fcnl\u00fck kullan\u0131m i\u00e7in ideal. Unisex stil, saf sar\u0131 alt\u0131ndan el yap\u0131m\u0131.","robots":{"index":"index","follow":"follow","max-snippet":"max-snippet:-1","max-image-preview":"max-image-preview:large","max-video-preview":"max-video-preview:-1"},"canonical":"https:\/\/www.purejewels.com\/tr\/urun\/klasik-dikdortgen-22-ayar-altin-kupe\/","og_locale":"tr_TR","og_type":"article","og_title":"Classic Rectangle 22ct Gold Stud Earrings \u2013 Minimal Design","og_description":"22ct Gold Rectangle Stud Earrings with matte finish. Minimalist and timeless, ideal for everyday wear. Unisex style, handcrafted in pure yellow gold.","og_url":"https:\/\/www.purejewels.com\/tr\/urun\/klasik-dikdortgen-22-ayar-altin-kupe\/","og_site_name":"PureJewels UK","article_modified_time":"2026-01-06T05:35:00+00:00","og_image":[{"width":1000,"height":1000,"url":"https:\/\/www.purejewels.com\/wp-content\/uploads\/2025\/10\/52401.jpg","type":"image\/jpeg"}],"twitter_card":"summary_large_image","twitter_misc":{"Tahmini okuma s\u00fcresi":"1 dakika"},"schema":{"@context":"https:\/\/schema.org","@graph":[{"@type":["WebPage","ItemPage"],"@id":"https:\/\/www.purejewels.com\/product\/classic-rectangle-22ct-gold-stud-earrings\/","url":"https:\/\/www.purejewels.com\/product\/classic-rectangle-22ct-gold-stud-earrings\/","name":"Klasik Dikd\u00f6rtgen 22 Ayar Alt\u0131n Saplama K\u00fcpe - Minimal Tasar\u0131m","isPartOf":{"@id":"https:\/\/www.purejewels.com\/#website"},"primaryImageOfPage":{"@id":"https:\/\/www.purejewels.com\/product\/classic-rectangle-22ct-gold-stud-earrings\/#primaryimage"},"image":{"@id":"https:\/\/www.purejewels.com\/product\/classic-rectangle-22ct-gold-stud-earrings\/#primaryimage"},"thumbnailUrl":"https:\/\/static.purejewels.com\/wp-content\/uploads\/2025\/10\/52401.jpg","datePublished":"2025-09-06T06:44:33+00:00","dateModified":"2026-01-06T05:35:00+00:00","description":"Mat y\u00fczeyli 22 Ayar Alt\u0131n Dikd\u00f6rtgen Saplama K\u00fcpe. Minimalist ve zamans\u0131z, g\u00fcnl\u00fck kullan\u0131m i\u00e7in ideal. Unisex stil, saf sar\u0131 alt\u0131ndan el yap\u0131m\u0131.","breadcrumb":{"@id":"https:\/\/www.purejewels.com\/product\/classic-rectangle-22ct-gold-stud-earrings\/#breadcrumb"},"inLanguage":"tr","potentialAction":[{"@type":"ReadAction","target":["https:\/\/www.purejewels.com\/product\/classic-rectangle-22ct-gold-stud-earrings\/"]}]},{"@type":"ImageObject","inLanguage":"tr","@id":"https:\/\/www.purejewels.com\/product\/classic-rectangle-22ct-gold-stud-earrings\/#primaryimage","url":"https:\/\/static.purejewels.com\/wp-content\/uploads\/2025\/10\/52401.jpg","contentUrl":"https:\/\/static.purejewels.com\/wp-content\/uploads\/2025\/10\/52401.jpg","width":1000,"height":1000,"caption":"Classic Rectangle 22ct Gold Stud Earrings"},{"@type":"BreadcrumbList","@id":"https:\/\/www.purejewels.com\/product\/classic-rectangle-22ct-gold-stud-earrings\/#breadcrumb","itemListElement":[{"@type":"ListItem","position":1,"name":"Home","item":"https:\/\/www.purejewels.com\/"},{"@type":"ListItem","position":2,"name":"Shop","item":"https:\/\/www.purejewels.com\/shop\/"},{"@type":"ListItem","position":3,"name":"Classic Rectangle 22ct Gold Stud Earrings"}]},{"@type":"WebSite","@id":"https:\/\/www.purejewels.com\/#website","url":"https:\/\/www.purejewels.com\/","name":"PureJewels \u0130ngiltere","description":"Sevgiyi Payla\u015f\u0131n","publisher":{"@id":"https:\/\/www.purejewels.com\/#organization"},"potentialAction":[{"@type":"SearchAction","target":{"@type":"EntryPoint","urlTemplate":"https:\/\/www.purejewels.com\/?s={search_term_string}"},"query-input":{"@type":"PropertyValueSpecification","valueRequired":true,"valueName":"search_term_string"}}],"inLanguage":"tr"},{"@type":"Organization","@id":"https:\/\/www.purejewels.com\/#organization","name":"PureJewels \u0130ngiltere","url":"https:\/\/www.purejewels.com\/","logo":{"@type":"ImageObject","inLanguage":"tr","@id":"https:\/\/www.purejewels.com\/#\/schema\/logo\/image\/","url":"https:\/\/static.purejewels.com\/wp-content\/uploads\/2020\/11\/Logo-PJ-New-1.png","contentUrl":"https:\/\/static.purejewels.com\/wp-content\/uploads\/2020\/11\/Logo-PJ-New-1.png","width":150,"height":80,"caption":"PureJewels UK"},"image":{"@id":"https:\/\/www.purejewels.com\/#\/schema\/logo\/image\/"}}]}},"_links":{"self":[{"href":"https:\/\/www.purejewels.com\/tr\/wp-json\/wp\/v2\/product\/418111","targetHints":{"allow":["GET"]}}],"collection":[{"href":"https:\/\/www.purejewels.com\/tr\/wp-json\/wp\/v2\/product"}],"about":[{"href":"https:\/\/www.purejewels.com\/tr\/wp-json\/wp\/v2\/types\/product"}],"replies":[{"embeddable":true,"href":"https:\/\/www.purejewels.com\/tr\/wp-json\/wp\/v2\/comments?post=418111"}],"version-history":[{"count":1,"href":"https:\/\/www.purejewels.com\/tr\/wp-json\/wp\/v2\/product\/418111\/revisions"}],"predecessor-version":[{"id":418116,"href":"https:\/\/www.purejewels.com\/tr\/wp-json\/wp\/v2\/product\/418111\/revisions\/418116"}],"wp:featuredmedia":[{"embeddable":true,"href":"https:\/\/www.purejewels.com\/tr\/wp-json\/wp\/v2\/media\/418115"}],"wp:attachment":[{"href":"https:\/\/www.purejewels.com\/tr\/wp-json\/wp\/v2\/media?parent=418111"}],"wp:term":[{"taxonomy":"product_brand","embeddable":true,"href":"https:\/\/www.purejewels.com\/tr\/wp-json\/wp\/v2\/product_brand?post=418111"},{"taxonomy":"product_cat","embeddable":true,"href":"https:\/\/www.purejewels.com\/tr\/wp-json\/wp\/v2\/product_cat?post=418111"},{"taxonomy":"product_tag","embeddable":true,"href":"https:\/\/www.purejewels.com\/tr\/wp-json\/wp\/v2\/product_tag?post=418111"}],"curies":[{"name":"wp","href":"https:\/\/api.w.org\/{rel}","templated":true}]}}