{"id":418118,"date":"2025-09-06T08:44:25","date_gmt":"2025-09-06T07:44:25","guid":{"rendered":"https:\/\/www.purejewels.com\/?post_type=product&#038;p=418118"},"modified":"2026-04-29T08:16:57","modified_gmt":"2026-04-29T07:16:57","slug":"22-ayar-altin-gitar-esintili-cz-kupe-53033","status":"publish","type":"product","link":"https:\/\/www.purejewels.com\/tr\/product\/22ct-gold-guitar-inspired-cz-earrings-53033\/","title":{"rendered":"22 Ayar Alt\u0131n Gitardan Esinlenilmi\u015f CZ K\u00fcpeler"},"content":{"rendered":"<h3 data-start=\"588\" data-end=\"616\"><strong data-start=\"595\" data-end=\"614\">Tasar\u0131m Konsepti<\/strong><\/h3>\n<p data-start=\"617\" data-end=\"1004\">Bu tuhaf bebek \u00e7\u0131t\u00e7\u0131tlar\u0131, m\u00fczikal ifadenin ritmini ve uyumunu yakalayan minyat\u00fcr bir gitar \u015feklinde \u00fcretilmi\u015ftir. G\u00f6vdenin ak\u0131c\u0131 k\u0131vr\u0131mlar\u0131, t\u0131ng\u0131rdayan bir notay\u0131 an\u0131msatan merkezdeki \u0131\u015f\u0131lt\u0131l\u0131 bir k\u00fcbik zirkonya (CZ) ile dengelenmi\u015ftir. M\u00fczikle ilgilenen ya da sadece e\u011flenceye d\u00fc\u015fk\u00fcn bebekler ve k\u00fc\u00e7\u00fck \u00e7ocuklar i\u00e7in ideal olan bu tasar\u0131m, ne\u015feli yarat\u0131c\u0131l\u0131\u011f\u0131 kutluyor.<\/p>\n<h3 data-start=\"1011\" data-end=\"1038\"><strong data-start=\"1018\" data-end=\"1036\">Zanaatkarl\u0131k<\/strong><\/h3>\n<p data-start=\"1039\" data-end=\"1372\">22 ayar sar\u0131 alt\u0131ndan ustal\u0131kla \u00fcretilen bu k\u00fcpeler t\u00fcy kadar hafiftir ve hassas kulaklar i\u00e7in rahatt\u0131r. Karma\u015f\u0131k gitar \u015fekli hassasiyetle i\u015flenmi\u015ftir ve ortadaki CZ ta\u015f\u0131 g\u00fcvenli bir \u0131\u015f\u0131lt\u0131 i\u00e7in tutturulmu\u015ftur. Minyon boyutlar\u0131 ve p\u00fcr\u00fczs\u00fcz kenarlar\u0131 g\u00fcvenli\u011fi sa\u011flarken, sa\u011flam alt\u0131n destekleri g\u00fcnl\u00fck kullan\u0131m i\u00e7in rahat bir uyum vaat ediyor.<\/p>\n<h3 data-start=\"1379\" data-end=\"1406\"><strong data-start=\"1386\" data-end=\"1404\">Stil Fikirleri<\/strong><\/h3>\n<p data-start=\"1407\" data-end=\"1663\">E\u011flenceli bir vurgu i\u00e7in tek ba\u015f\u0131na stilize edin veya parti sezonu i\u00e7in ince halkalarla istifleyin. M\u00fczisyenler ve m\u00fczikseverler i\u00e7in ideal bir hediye olan bu k\u00fcpeler, k\u0131\u015f toplant\u0131lar\u0131na ne\u015fe katan d\u00fc\u015f\u00fcnceli bir y\u0131lba\u015f\u0131 alt\u0131n k\u00fcpesidir. Hediyeyi tamamlamak i\u00e7in bir mesaj kart\u0131 ve \u015fenlikli hediye paketi ekleyin.<\/p>","protected":false},"excerpt":{"rendered":"<p>\u00d6zellikle k\u00fc\u00e7\u00fckler i\u00e7in tasarlanan bu Gitar Esintili 22 Ayar Alt\u0131n K\u00fcpelerle \u015f\u0131k bir akor yakalay\u0131n. Zengin sar\u0131 alt\u0131ndan narin bir gitar siluetine ve merkezinde \u0131\u015f\u0131lt\u0131l\u0131 bir CZ'ye sahip olan bu k\u00fcpeler, m\u00fczik ve zarafetin ne\u015feli bir kar\u0131\u015f\u0131m\u0131d\u0131r - hediye etmek veya g\u00fcnl\u00fck \u00e7ekicilik i\u00e7in m\u00fckemmeldir.<\/p>\n<p><strong>Malzeme:<\/strong>\u00a022 Ayar Alt\u0131n<br \/>\n<strong>Safl\u0131k:<\/strong>\u00a091.6% saf<br \/>\n<strong>Hallmark:<\/strong>\u00a0\u0130ngiliz Damgas\u0131<strong><br \/>\n<\/strong><strong>Br\u00fct A\u011f\u0131rl\u0131k: <\/strong>1.73 Gms<br \/>\n<strong>SKU:<\/strong> 53033, 52420<\/p>\n<p><strong>Fiyat ve Teslimat<\/strong>: KDV ve teslimat \u00fccreti dahil<br \/>\n<a href=\"https:\/\/www.purejewels.com\/tr\/i%cc%87ade-poli%cc%87ti%cc%87kasi\/\">\u0130ade Politikas\u0131<\/a><\/p>","protected":false},"featured_media":418119,"comment_status":"closed","ping_status":"closed","template":"","meta":{"_eb_attr":"","_crsspst_to_jayantr4sg-hostcom":true},"product_brand":[],"product_cat":[1576,6150,1793,1792,1790,1254,5343,1577,1575,1574,5349],"product_tag":[66],"class_list":{"0":"post-418118","1":"product","2":"type-product","3":"status-publish","4":"has-post-thumbnail","6":"product_cat-childrens-jewellery","7":"product_cat-cubic-zirconia-ear-studs","8":"product_cat-diwali-gifts","9":"product_cat-festival-gifts","10":"product_cat-for-whom-when","11":"product_cat-gold-earrings","12":"product_cat-jewellery-under-550","13":"product_cat-stud-earrings","14":"product_cat-teenage-jewellery","15":"product_cat-womens-jewellery","16":"product_cat-yellow-gold-jewellery","17":"product_tag-earrings","19":"first","20":"instock","21":"taxable","22":"shipping-taxable","23":"purchasable","24":"product-type-simple","25":"add-to-wishlist-before_image"},"yoast_head":"<!-- This site is optimized with the Yoast SEO plugin v27.6 - https:\/\/yoast.com\/product\/yoast-seo-wordpress\/ -->\n<title>22ct Gold Guitar-Inspired Baby CZ Earrings \u2013 Musical Studs<\/title>\n<meta name=\"description\" content=\"Adorable guitar-shaped baby earrings in 22ct gold with CZ sparkle. Lightweight and safe for everyday wear. A musical gift for your little one.\" \/>\n<meta name=\"robots\" content=\"index, follow, max-snippet:-1, max-image-preview:large, max-video-preview:-1\" \/>\n<link rel=\"canonical\" href=\"https:\/\/www.purejewels.com\/tr\/urun\/22-ayar-altin-gitar-esintili-cz-kupe-53033\/\" \/>\n<meta property=\"og:locale\" content=\"tr_TR\" \/>\n<meta property=\"og:type\" content=\"article\" \/>\n<meta property=\"og:title\" content=\"22ct Gold Guitar-Inspired Baby CZ Earrings \u2013 Musical Studs\" \/>\n<meta property=\"og:description\" content=\"Adorable guitar-shaped baby earrings in 22ct gold with CZ sparkle. Lightweight and safe for everyday wear. A musical gift for your little one.\" \/>\n<meta property=\"og:url\" content=\"https:\/\/www.purejewels.com\/tr\/urun\/22-ayar-altin-gitar-esintili-cz-kupe-53033\/\" \/>\n<meta property=\"og:site_name\" content=\"PureJewels UK\" \/>\n<meta property=\"article:modified_time\" content=\"2026-04-29T07:16:57+00:00\" \/>\n<meta property=\"og:image\" content=\"https:\/\/static.purejewels.com\/wp-content\/uploads\/2025\/10\/52420.jpg\" \/>\n\t<meta property=\"og:image:width\" content=\"1000\" \/>\n\t<meta property=\"og:image:height\" content=\"1000\" \/>\n\t<meta property=\"og:image:type\" content=\"image\/jpeg\" \/>\n<meta name=\"twitter:card\" content=\"summary_large_image\" \/>\n<meta name=\"twitter:label1\" content=\"Tahmini okuma s\u00fcresi\" \/>\n\t<meta name=\"twitter:data1\" content=\"1 dakika\" \/>\n<script type=\"application\/ld+json\" class=\"yoast-schema-graph\">{\"@context\":\"https:\\\/\\\/schema.org\",\"@graph\":[{\"@type\":[\"WebPage\",\"ItemPage\"],\"@id\":\"https:\\\/\\\/www.purejewels.com\\\/product\\\/22ct-gold-guitar-inspired-cz-earrings-53033\\\/\",\"url\":\"https:\\\/\\\/www.purejewels.com\\\/product\\\/22ct-gold-guitar-inspired-cz-earrings-53033\\\/\",\"name\":\"22ct Gold Guitar-Inspired Baby CZ Earrings \u2013 Musical Studs\",\"isPartOf\":{\"@id\":\"https:\\\/\\\/www.purejewels.com\\\/#website\"},\"primaryImageOfPage\":{\"@id\":\"https:\\\/\\\/www.purejewels.com\\\/product\\\/22ct-gold-guitar-inspired-cz-earrings-53033\\\/#primaryimage\"},\"image\":{\"@id\":\"https:\\\/\\\/www.purejewels.com\\\/product\\\/22ct-gold-guitar-inspired-cz-earrings-53033\\\/#primaryimage\"},\"thumbnailUrl\":\"https:\\\/\\\/static.purejewels.com\\\/wp-content\\\/uploads\\\/2025\\\/10\\\/52420.jpg\",\"datePublished\":\"2025-09-06T07:44:25+00:00\",\"dateModified\":\"2026-04-29T07:16:57+00:00\",\"description\":\"Adorable guitar-shaped baby earrings in 22ct gold with CZ sparkle. Lightweight and safe for everyday wear. A musical gift for your little one.\",\"breadcrumb\":{\"@id\":\"https:\\\/\\\/www.purejewels.com\\\/product\\\/22ct-gold-guitar-inspired-cz-earrings-53033\\\/#breadcrumb\"},\"inLanguage\":\"tr\",\"potentialAction\":[{\"@type\":\"ReadAction\",\"target\":[\"https:\\\/\\\/www.purejewels.com\\\/product\\\/22ct-gold-guitar-inspired-cz-earrings-53033\\\/\"]}]},{\"@type\":\"ImageObject\",\"inLanguage\":\"tr\",\"@id\":\"https:\\\/\\\/www.purejewels.com\\\/product\\\/22ct-gold-guitar-inspired-cz-earrings-53033\\\/#primaryimage\",\"url\":\"https:\\\/\\\/static.purejewels.com\\\/wp-content\\\/uploads\\\/2025\\\/10\\\/52420.jpg\",\"contentUrl\":\"https:\\\/\\\/static.purejewels.com\\\/wp-content\\\/uploads\\\/2025\\\/10\\\/52420.jpg\",\"width\":1000,\"height\":1000,\"caption\":\"22ct Gold Guitar-Inspired CZ Earrings\"},{\"@type\":\"BreadcrumbList\",\"@id\":\"https:\\\/\\\/www.purejewels.com\\\/product\\\/22ct-gold-guitar-inspired-cz-earrings-53033\\\/#breadcrumb\",\"itemListElement\":[{\"@type\":\"ListItem\",\"position\":1,\"name\":\"Home\",\"item\":\"https:\\\/\\\/www.purejewels.com\\\/\"},{\"@type\":\"ListItem\",\"position\":2,\"name\":\"Shop\",\"item\":\"https:\\\/\\\/www.purejewels.com\\\/shop\\\/\"},{\"@type\":\"ListItem\",\"position\":3,\"name\":\"22ct Gold Guitar-Inspired CZ Earrings\"}]},{\"@type\":\"WebSite\",\"@id\":\"https:\\\/\\\/www.purejewels.com\\\/#website\",\"url\":\"https:\\\/\\\/www.purejewels.com\\\/\",\"name\":\"PureJewels UK\",\"description\":\"Share the Love\",\"publisher\":{\"@id\":\"https:\\\/\\\/www.purejewels.com\\\/#organization\"},\"potentialAction\":[{\"@type\":\"SearchAction\",\"target\":{\"@type\":\"EntryPoint\",\"urlTemplate\":\"https:\\\/\\\/www.purejewels.com\\\/?s={search_term_string}\"},\"query-input\":{\"@type\":\"PropertyValueSpecification\",\"valueRequired\":true,\"valueName\":\"search_term_string\"}}],\"inLanguage\":\"tr\"},{\"@type\":\"Organization\",\"@id\":\"https:\\\/\\\/www.purejewels.com\\\/#organization\",\"name\":\"PureJewels UK\",\"url\":\"https:\\\/\\\/www.purejewels.com\\\/\",\"logo\":{\"@type\":\"ImageObject\",\"inLanguage\":\"tr\",\"@id\":\"https:\\\/\\\/www.purejewels.com\\\/#\\\/schema\\\/logo\\\/image\\\/\",\"url\":\"https:\\\/\\\/static.purejewels.com\\\/wp-content\\\/uploads\\\/2020\\\/11\\\/Logo-PJ-New-1.png\",\"contentUrl\":\"https:\\\/\\\/static.purejewels.com\\\/wp-content\\\/uploads\\\/2020\\\/11\\\/Logo-PJ-New-1.png\",\"width\":150,\"height\":80,\"caption\":\"PureJewels UK\"},\"image\":{\"@id\":\"https:\\\/\\\/www.purejewels.com\\\/#\\\/schema\\\/logo\\\/image\\\/\"}}]}<\/script>\n<!-- \/ Yoast SEO plugin. -->","yoast_head_json":{"title":"22 Ayar Alt\u0131n Gitardan \u0130lham Alan Bebek CZ K\u00fcpeler - M\u00fczikal \u00c7\u0131t\u00e7\u0131tlar","description":"CZ \u0131\u015f\u0131lt\u0131l\u0131 22 ayar alt\u0131ndan gitar \u015feklinde sevimli bebek k\u00fcpeleri. G\u00fcnl\u00fck kullan\u0131m i\u00e7in hafif ve g\u00fcvenlidir. K\u00fc\u00e7\u00fck \u00e7ocu\u011funuz i\u00e7in m\u00fczikal bir hediye.","robots":{"index":"index","follow":"follow","max-snippet":"max-snippet:-1","max-image-preview":"max-image-preview:large","max-video-preview":"max-video-preview:-1"},"canonical":"https:\/\/www.purejewels.com\/tr\/urun\/22-ayar-altin-gitar-esintili-cz-kupe-53033\/","og_locale":"tr_TR","og_type":"article","og_title":"22ct Gold Guitar-Inspired Baby CZ Earrings \u2013 Musical Studs","og_description":"Adorable guitar-shaped baby earrings in 22ct gold with CZ sparkle. Lightweight and safe for everyday wear. A musical gift for your little one.","og_url":"https:\/\/www.purejewels.com\/tr\/urun\/22-ayar-altin-gitar-esintili-cz-kupe-53033\/","og_site_name":"PureJewels UK","article_modified_time":"2026-04-29T07:16:57+00:00","og_image":[{"width":1000,"height":1000,"url":"https:\/\/static.purejewels.com\/wp-content\/uploads\/2025\/10\/52420.jpg","type":"image\/jpeg"}],"twitter_card":"summary_large_image","twitter_misc":{"Tahmini okuma s\u00fcresi":"1 dakika"},"schema":{"@context":"https:\/\/schema.org","@graph":[{"@type":["WebPage","ItemPage"],"@id":"https:\/\/www.purejewels.com\/product\/22ct-gold-guitar-inspired-cz-earrings-53033\/","url":"https:\/\/www.purejewels.com\/product\/22ct-gold-guitar-inspired-cz-earrings-53033\/","name":"22 Ayar Alt\u0131n Gitardan \u0130lham Alan Bebek CZ K\u00fcpeler - M\u00fczikal \u00c7\u0131t\u00e7\u0131tlar","isPartOf":{"@id":"https:\/\/www.purejewels.com\/#website"},"primaryImageOfPage":{"@id":"https:\/\/www.purejewels.com\/product\/22ct-gold-guitar-inspired-cz-earrings-53033\/#primaryimage"},"image":{"@id":"https:\/\/www.purejewels.com\/product\/22ct-gold-guitar-inspired-cz-earrings-53033\/#primaryimage"},"thumbnailUrl":"https:\/\/static.purejewels.com\/wp-content\/uploads\/2025\/10\/52420.jpg","datePublished":"2025-09-06T07:44:25+00:00","dateModified":"2026-04-29T07:16:57+00:00","description":"CZ \u0131\u015f\u0131lt\u0131l\u0131 22 ayar alt\u0131ndan gitar \u015feklinde sevimli bebek k\u00fcpeleri. G\u00fcnl\u00fck kullan\u0131m i\u00e7in hafif ve g\u00fcvenlidir. K\u00fc\u00e7\u00fck \u00e7ocu\u011funuz i\u00e7in m\u00fczikal bir hediye.","breadcrumb":{"@id":"https:\/\/www.purejewels.com\/product\/22ct-gold-guitar-inspired-cz-earrings-53033\/#breadcrumb"},"inLanguage":"tr","potentialAction":[{"@type":"ReadAction","target":["https:\/\/www.purejewels.com\/product\/22ct-gold-guitar-inspired-cz-earrings-53033\/"]}]},{"@type":"ImageObject","inLanguage":"tr","@id":"https:\/\/www.purejewels.com\/product\/22ct-gold-guitar-inspired-cz-earrings-53033\/#primaryimage","url":"https:\/\/static.purejewels.com\/wp-content\/uploads\/2025\/10\/52420.jpg","contentUrl":"https:\/\/static.purejewels.com\/wp-content\/uploads\/2025\/10\/52420.jpg","width":1000,"height":1000,"caption":"22ct Gold Guitar-Inspired CZ Earrings"},{"@type":"BreadcrumbList","@id":"https:\/\/www.purejewels.com\/product\/22ct-gold-guitar-inspired-cz-earrings-53033\/#breadcrumb","itemListElement":[{"@type":"ListItem","position":1,"name":"Home","item":"https:\/\/www.purejewels.com\/"},{"@type":"ListItem","position":2,"name":"Shop","item":"https:\/\/www.purejewels.com\/shop\/"},{"@type":"ListItem","position":3,"name":"22ct Gold Guitar-Inspired CZ Earrings"}]},{"@type":"WebSite","@id":"https:\/\/www.purejewels.com\/#website","url":"https:\/\/www.purejewels.com\/","name":"PureJewels \u0130ngiltere","description":"Sevgiyi Payla\u015f\u0131n","publisher":{"@id":"https:\/\/www.purejewels.com\/#organization"},"potentialAction":[{"@type":"SearchAction","target":{"@type":"EntryPoint","urlTemplate":"https:\/\/www.purejewels.com\/?s={search_term_string}"},"query-input":{"@type":"PropertyValueSpecification","valueRequired":true,"valueName":"search_term_string"}}],"inLanguage":"tr"},{"@type":"Organization","@id":"https:\/\/www.purejewels.com\/#organization","name":"PureJewels \u0130ngiltere","url":"https:\/\/www.purejewels.com\/","logo":{"@type":"ImageObject","inLanguage":"tr","@id":"https:\/\/www.purejewels.com\/#\/schema\/logo\/image\/","url":"https:\/\/static.purejewels.com\/wp-content\/uploads\/2020\/11\/Logo-PJ-New-1.png","contentUrl":"https:\/\/static.purejewels.com\/wp-content\/uploads\/2020\/11\/Logo-PJ-New-1.png","width":150,"height":80,"caption":"PureJewels UK"},"image":{"@id":"https:\/\/www.purejewels.com\/#\/schema\/logo\/image\/"}}]}},"_links":{"self":[{"href":"https:\/\/www.purejewels.com\/tr\/wp-json\/wp\/v2\/product\/418118","targetHints":{"allow":["GET"]}}],"collection":[{"href":"https:\/\/www.purejewels.com\/tr\/wp-json\/wp\/v2\/product"}],"about":[{"href":"https:\/\/www.purejewels.com\/tr\/wp-json\/wp\/v2\/types\/product"}],"replies":[{"embeddable":true,"href":"https:\/\/www.purejewels.com\/tr\/wp-json\/wp\/v2\/comments?post=418118"}],"version-history":[{"count":3,"href":"https:\/\/www.purejewels.com\/tr\/wp-json\/wp\/v2\/product\/418118\/revisions"}],"predecessor-version":[{"id":419587,"href":"https:\/\/www.purejewels.com\/tr\/wp-json\/wp\/v2\/product\/418118\/revisions\/419587"}],"wp:featuredmedia":[{"embeddable":true,"href":"https:\/\/www.purejewels.com\/tr\/wp-json\/wp\/v2\/media\/418119"}],"wp:attachment":[{"href":"https:\/\/www.purejewels.com\/tr\/wp-json\/wp\/v2\/media?parent=418118"}],"wp:term":[{"taxonomy":"product_brand","embeddable":true,"href":"https:\/\/www.purejewels.com\/tr\/wp-json\/wp\/v2\/product_brand?post=418118"},{"taxonomy":"product_cat","embeddable":true,"href":"https:\/\/www.purejewels.com\/tr\/wp-json\/wp\/v2\/product_cat?post=418118"},{"taxonomy":"product_tag","embeddable":true,"href":"https:\/\/www.purejewels.com\/tr\/wp-json\/wp\/v2\/product_tag?post=418118"}],"curies":[{"name":"wp","href":"https:\/\/api.w.org\/{rel}","templated":true}]}}