{"id":418153,"date":"2025-12-05T12:09:09","date_gmt":"2025-12-05T12:09:09","guid":{"rendered":"https:\/\/www.purejewels.com\/?post_type=product&#038;p=418153"},"modified":"2026-03-19T06:51:37","modified_gmt":"2026-03-19T06:51:37","slug":"22-ayar-altin-cift-tonlu-daire-kolye-53094","status":"publish","type":"product","link":"https:\/\/www.purejewels.com\/tr\/product\/22ct-gold-dual-tone-circle-pendant-necklace-53094\/","title":{"rendered":"22 Ayar Alt\u0131n \u00c7ift Tonlu Daire Kolye Ucu | 18 \u0130n\u00e7"},"content":{"rendered":"<h3 data-start=\"571\" data-end=\"599\"><strong data-start=\"578\" data-end=\"597\">Tasar\u0131m Konsepti<\/strong><\/h3>\n<p data-start=\"600\" data-end=\"893\">Bu kolye, sonsuzlu\u011fu ve b\u00fct\u00fcnl\u00fc\u011f\u00fc simgeleyen zamans\u0131z alt\u0131n bir daireyi modern bir kontrast i\u00e7in \u00e7arp\u0131c\u0131 rodyum dokulu bir \u00e7ubukla birle\u015ftirerek \"az \u00e7oktur\" felsefesini somutla\u015ft\u0131r\u0131yor. \u0130nce alt\u0131n zincir \u00fczerinde zahmetsizce sal\u0131nan kolye ucu, minimal l\u00fcks\u00fcn zarif bir yans\u0131mas\u0131d\u0131r.<\/p>\n<h3 data-start=\"900\" data-end=\"927\"><strong data-start=\"907\" data-end=\"925\">Zanaatkarl\u0131k<\/strong><\/h3>\n<p data-start=\"928\" data-end=\"1215\">Ustal\u0131kla el i\u015f\u00e7ili\u011fiyle 22 ayar sar\u0131 alt\u0131ndan \u00fcretilen kolye ucu titizlikle parlat\u0131l\u0131rken rodyum detay\u0131 so\u011fuk tonlu bir sofistike hava kat\u0131yor. Temiz bir geometriye ve y\u00fcksek hassasiyete sahip i\u015f\u00e7ilik, hem geleneklere hem de modern yeteneklere de\u011fer veren kad\u0131nlar i\u00e7in m\u00fckemmeldir.<\/p>\n<h3 data-start=\"1222\" data-end=\"1248\"><strong data-start=\"1229\" data-end=\"1246\">Stil Fikri<\/strong><\/h3>\n<p data-start=\"1249\" data-end=\"1525\">Bu kolye g\u00fcnl\u00fck ofis k\u0131yafetleri, g\u00fcndelik brunchlar veya hafif bir bayram g\u00f6r\u00fcn\u00fcm\u00fc i\u00e7in idealdir. Kolye ucunu vurgulamak i\u00e7in V yakal\u0131 bir bluz veya sade bir elbise ile e\u015fle\u015ftirin. \u00c7ok y\u00f6nl\u00fc tasar\u0131m\u0131 onu do\u011fum g\u00fcnleri, d\u00f6n\u00fcm noktalar\u0131 veya minimalist m\u00fccevher severler i\u00e7in de harika bir hediye haline getirir.<\/p>\n<p data-start=\"1249\" data-end=\"1525\">22 Ayar Alt\u0131n \u00c7ift Tonlu Daire Kolye, s\u0131cak alt\u0131n\u0131 kontrast dokulu bir vurguyla harmanlayarak \u00e7a\u011fda\u015f ama zamans\u0131z bir g\u00f6r\u00fcn\u00fcm sunuyor. \u0130ngiltere'nin zarif Anneler G\u00fcn\u00fc alt\u0131n kolyesi, onu zarafet ve stil ile kutlamak i\u00e7in anlaml\u0131 bir hediyedir.<\/p>","protected":false},"excerpt":{"rendered":"<p>Kontrast rodyum vurgulu \u00e7ubu\u011fa sahip cilal\u0131 yuvarlak motifli bu \u015f\u0131k ve \u00e7a\u011fda\u015f 22 Ayar Alt\u0131n Daire Kolye ile g\u00fcnl\u00fck stilinizi y\u00fckseltin. Hafif ve zarif olan bu kolye, minimal ama g\u00f6z al\u0131c\u0131 m\u00fccevherleri seven modern kad\u0131nlar i\u00e7in m\u00fckemmeldir.<\/p>\n<p><strong>Malzeme:<\/strong>\u00a022 Ayar Alt\u0131n<br \/>\n<strong>Safl\u0131k:<\/strong>\u00a091.6% saf<br \/>\n<strong>Hallmark:<\/strong>\u00a0\u0130ngiliz Damgas\u0131<strong><br \/>\n<\/strong><strong>Br\u00fct A\u011f\u0131rl\u0131k: <\/strong>7.4 Gms<br \/>\n<strong>Uzunluk:<\/strong> 18 in\u00e7<br \/>\n<strong>SKU:<\/strong> 53094, 51097<\/p>\n<p><strong>Fiyat ve Teslimat<\/strong>: KDV ve teslimat \u00fccreti dahil<br \/>\n<a href=\"https:\/\/www.purejewels.com\/tr\/i%cc%87ade-poli%cc%87ti%cc%87kasi\/\">\u0130ade Politikas\u0131<\/a><\/p>","protected":false},"featured_media":426596,"comment_status":"closed","ping_status":"closed","template":"","meta":{"_eb_attr":"","_crsspst_to_jayantr4sg-hostcom":false},"product_brand":[],"product_cat":[1791,1559,1794,1793,6190,1792,1790,1229,1253,5346,5902,1570,1573,1574,5349],"product_tag":[],"class_list":{"0":"post-418153","1":"product","2":"type-product","3":"status-publish","4":"has-post-thumbnail","6":"product_cat-anniversary-gifts","7":"product_cat-birthday-gifts","8":"product_cat-christmas-gifts","9":"product_cat-diwali-gifts","10":"product_cat-easter-jewellery","11":"product_cat-festival-gifts","12":"product_cat-for-whom-when","13":"product_cat-22ct-gold-jewellery","14":"product_cat-gold-necklaces","15":"product_cat-gold-pendant-necklace","16":"product_cat-lariat-necklace","17":"product_cat-mothers-day-gifts","18":"product_cat-wedding-gifts","19":"product_cat-womens-jewellery","20":"product_cat-yellow-gold-jewellery","22":"first","23":"instock","24":"taxable","25":"shipping-taxable","26":"purchasable","27":"product-type-simple","28":"add-to-wishlist-before_image"},"yoast_head":"<!-- This site is optimized with the Yoast SEO plugin v27.6 - https:\/\/yoast.com\/product\/yoast-seo-wordpress\/ -->\n<title>22ct Gold Circle Pendant Necklace \u2013 Minimalist Gold Jewellery<\/title>\n<meta name=\"description\" content=\"Discover our 22ct Gold Round Pendant Necklace featuring a rhodium-accented charm. Perfect lightweight jewellery for modern women. Shop elegant gold necklace online.\" \/>\n<meta name=\"robots\" content=\"index, follow, max-snippet:-1, max-image-preview:large, max-video-preview:-1\" \/>\n<link rel=\"canonical\" href=\"https:\/\/www.purejewels.com\/tr\/urun\/22-ayar-altin-cift-tonlu-daire-kolye-53094\/\" \/>\n<meta property=\"og:locale\" content=\"tr_TR\" \/>\n<meta property=\"og:type\" content=\"article\" \/>\n<meta property=\"og:title\" content=\"22ct Gold Circle Pendant Necklace \u2013 Minimalist Gold Jewellery\" \/>\n<meta property=\"og:description\" content=\"Discover our 22ct Gold Round Pendant Necklace featuring a rhodium-accented charm. Perfect lightweight jewellery for modern women. Shop elegant gold necklace online.\" \/>\n<meta property=\"og:url\" content=\"https:\/\/www.purejewels.com\/tr\/urun\/22-ayar-altin-cift-tonlu-daire-kolye-53094\/\" \/>\n<meta property=\"og:site_name\" content=\"PureJewels UK\" \/>\n<meta property=\"article:modified_time\" content=\"2026-03-19T06:51:37+00:00\" \/>\n<meta property=\"og:image\" content=\"https:\/\/static.purejewels.com\/wp-content\/uploads\/2025\/12\/53094.jpg\" \/>\n\t<meta property=\"og:image:width\" content=\"1000\" \/>\n\t<meta property=\"og:image:height\" content=\"1000\" \/>\n\t<meta property=\"og:image:type\" content=\"image\/jpeg\" \/>\n<meta name=\"twitter:card\" content=\"summary_large_image\" \/>\n<meta name=\"twitter:label1\" content=\"Tahmini okuma s\u00fcresi\" \/>\n\t<meta name=\"twitter:data1\" content=\"1 dakika\" \/>\n<script type=\"application\/ld+json\" class=\"yoast-schema-graph\">{\"@context\":\"https:\\\/\\\/schema.org\",\"@graph\":[{\"@type\":[\"WebPage\",\"ItemPage\"],\"@id\":\"https:\\\/\\\/www.purejewels.com\\\/product\\\/22ct-gold-dual-tone-circle-pendant-necklace-53094\\\/\",\"url\":\"https:\\\/\\\/www.purejewels.com\\\/product\\\/22ct-gold-dual-tone-circle-pendant-necklace-53094\\\/\",\"name\":\"22ct Gold Circle Pendant Necklace \u2013 Minimalist Gold Jewellery\",\"isPartOf\":{\"@id\":\"https:\\\/\\\/www.purejewels.com\\\/#website\"},\"primaryImageOfPage\":{\"@id\":\"https:\\\/\\\/www.purejewels.com\\\/product\\\/22ct-gold-dual-tone-circle-pendant-necklace-53094\\\/#primaryimage\"},\"image\":{\"@id\":\"https:\\\/\\\/www.purejewels.com\\\/product\\\/22ct-gold-dual-tone-circle-pendant-necklace-53094\\\/#primaryimage\"},\"thumbnailUrl\":\"https:\\\/\\\/static.purejewels.com\\\/wp-content\\\/uploads\\\/2025\\\/12\\\/53094.jpg\",\"datePublished\":\"2025-12-05T12:09:09+00:00\",\"dateModified\":\"2026-03-19T06:51:37+00:00\",\"description\":\"Discover our 22ct Gold Round Pendant Necklace featuring a rhodium-accented charm. Perfect lightweight jewellery for modern women. Shop elegant gold necklace online.\",\"breadcrumb\":{\"@id\":\"https:\\\/\\\/www.purejewels.com\\\/product\\\/22ct-gold-dual-tone-circle-pendant-necklace-53094\\\/#breadcrumb\"},\"inLanguage\":\"tr\",\"potentialAction\":[{\"@type\":\"ReadAction\",\"target\":[\"https:\\\/\\\/www.purejewels.com\\\/product\\\/22ct-gold-dual-tone-circle-pendant-necklace-53094\\\/\"]}]},{\"@type\":\"ImageObject\",\"inLanguage\":\"tr\",\"@id\":\"https:\\\/\\\/www.purejewels.com\\\/product\\\/22ct-gold-dual-tone-circle-pendant-necklace-53094\\\/#primaryimage\",\"url\":\"https:\\\/\\\/static.purejewels.com\\\/wp-content\\\/uploads\\\/2025\\\/12\\\/53094.jpg\",\"contentUrl\":\"https:\\\/\\\/static.purejewels.com\\\/wp-content\\\/uploads\\\/2025\\\/12\\\/53094.jpg\",\"width\":1000,\"height\":1000},{\"@type\":\"BreadcrumbList\",\"@id\":\"https:\\\/\\\/www.purejewels.com\\\/product\\\/22ct-gold-dual-tone-circle-pendant-necklace-53094\\\/#breadcrumb\",\"itemListElement\":[{\"@type\":\"ListItem\",\"position\":1,\"name\":\"Home\",\"item\":\"https:\\\/\\\/www.purejewels.com\\\/\"},{\"@type\":\"ListItem\",\"position\":2,\"name\":\"Shop\",\"item\":\"https:\\\/\\\/www.purejewels.com\\\/shop\\\/\"},{\"@type\":\"ListItem\",\"position\":3,\"name\":\"22ct Gold Dual-Tone Circle Pendant Necklace | 18 Inches\"}]},{\"@type\":\"WebSite\",\"@id\":\"https:\\\/\\\/www.purejewels.com\\\/#website\",\"url\":\"https:\\\/\\\/www.purejewels.com\\\/\",\"name\":\"PureJewels UK\",\"description\":\"Share the Love\",\"publisher\":{\"@id\":\"https:\\\/\\\/www.purejewels.com\\\/#organization\"},\"potentialAction\":[{\"@type\":\"SearchAction\",\"target\":{\"@type\":\"EntryPoint\",\"urlTemplate\":\"https:\\\/\\\/www.purejewels.com\\\/?s={search_term_string}\"},\"query-input\":{\"@type\":\"PropertyValueSpecification\",\"valueRequired\":true,\"valueName\":\"search_term_string\"}}],\"inLanguage\":\"tr\"},{\"@type\":\"Organization\",\"@id\":\"https:\\\/\\\/www.purejewels.com\\\/#organization\",\"name\":\"PureJewels UK\",\"url\":\"https:\\\/\\\/www.purejewels.com\\\/\",\"logo\":{\"@type\":\"ImageObject\",\"inLanguage\":\"tr\",\"@id\":\"https:\\\/\\\/www.purejewels.com\\\/#\\\/schema\\\/logo\\\/image\\\/\",\"url\":\"https:\\\/\\\/static.purejewels.com\\\/wp-content\\\/uploads\\\/2020\\\/11\\\/Logo-PJ-New-1.png\",\"contentUrl\":\"https:\\\/\\\/static.purejewels.com\\\/wp-content\\\/uploads\\\/2020\\\/11\\\/Logo-PJ-New-1.png\",\"width\":150,\"height\":80,\"caption\":\"PureJewels UK\"},\"image\":{\"@id\":\"https:\\\/\\\/www.purejewels.com\\\/#\\\/schema\\\/logo\\\/image\\\/\"}}]}<\/script>\n<!-- \/ Yoast SEO plugin. -->","yoast_head_json":{"title":"22 Ayar Alt\u0131n Daire Kolye - Minimalist Alt\u0131n Tak\u0131lar","description":"Rodyum aksanl\u0131 bir t\u0131ls\u0131ma sahip 22 Ayar Alt\u0131n Yuvarlak Kolye Kolyemizi ke\u015ffedin. Modern kad\u0131nlar i\u00e7in m\u00fckemmel hafif tak\u0131lar. Zarif alt\u0131n kolyeyi online sat\u0131n al\u0131n.","robots":{"index":"index","follow":"follow","max-snippet":"max-snippet:-1","max-image-preview":"max-image-preview:large","max-video-preview":"max-video-preview:-1"},"canonical":"https:\/\/www.purejewels.com\/tr\/urun\/22-ayar-altin-cift-tonlu-daire-kolye-53094\/","og_locale":"tr_TR","og_type":"article","og_title":"22ct Gold Circle Pendant Necklace \u2013 Minimalist Gold Jewellery","og_description":"Discover our 22ct Gold Round Pendant Necklace featuring a rhodium-accented charm. Perfect lightweight jewellery for modern women. Shop elegant gold necklace online.","og_url":"https:\/\/www.purejewels.com\/tr\/urun\/22-ayar-altin-cift-tonlu-daire-kolye-53094\/","og_site_name":"PureJewels UK","article_modified_time":"2026-03-19T06:51:37+00:00","og_image":[{"width":1000,"height":1000,"url":"https:\/\/static.purejewels.com\/wp-content\/uploads\/2025\/12\/53094.jpg","type":"image\/jpeg"}],"twitter_card":"summary_large_image","twitter_misc":{"Tahmini okuma s\u00fcresi":"1 dakika"},"schema":{"@context":"https:\/\/schema.org","@graph":[{"@type":["WebPage","ItemPage"],"@id":"https:\/\/www.purejewels.com\/product\/22ct-gold-dual-tone-circle-pendant-necklace-53094\/","url":"https:\/\/www.purejewels.com\/product\/22ct-gold-dual-tone-circle-pendant-necklace-53094\/","name":"22 Ayar Alt\u0131n Daire Kolye - Minimalist Alt\u0131n Tak\u0131lar","isPartOf":{"@id":"https:\/\/www.purejewels.com\/#website"},"primaryImageOfPage":{"@id":"https:\/\/www.purejewels.com\/product\/22ct-gold-dual-tone-circle-pendant-necklace-53094\/#primaryimage"},"image":{"@id":"https:\/\/www.purejewels.com\/product\/22ct-gold-dual-tone-circle-pendant-necklace-53094\/#primaryimage"},"thumbnailUrl":"https:\/\/static.purejewels.com\/wp-content\/uploads\/2025\/12\/53094.jpg","datePublished":"2025-12-05T12:09:09+00:00","dateModified":"2026-03-19T06:51:37+00:00","description":"Rodyum aksanl\u0131 bir t\u0131ls\u0131ma sahip 22 Ayar Alt\u0131n Yuvarlak Kolye Kolyemizi ke\u015ffedin. Modern kad\u0131nlar i\u00e7in m\u00fckemmel hafif tak\u0131lar. Zarif alt\u0131n kolyeyi online sat\u0131n al\u0131n.","breadcrumb":{"@id":"https:\/\/www.purejewels.com\/product\/22ct-gold-dual-tone-circle-pendant-necklace-53094\/#breadcrumb"},"inLanguage":"tr","potentialAction":[{"@type":"ReadAction","target":["https:\/\/www.purejewels.com\/product\/22ct-gold-dual-tone-circle-pendant-necklace-53094\/"]}]},{"@type":"ImageObject","inLanguage":"tr","@id":"https:\/\/www.purejewels.com\/product\/22ct-gold-dual-tone-circle-pendant-necklace-53094\/#primaryimage","url":"https:\/\/static.purejewels.com\/wp-content\/uploads\/2025\/12\/53094.jpg","contentUrl":"https:\/\/static.purejewels.com\/wp-content\/uploads\/2025\/12\/53094.jpg","width":1000,"height":1000},{"@type":"BreadcrumbList","@id":"https:\/\/www.purejewels.com\/product\/22ct-gold-dual-tone-circle-pendant-necklace-53094\/#breadcrumb","itemListElement":[{"@type":"ListItem","position":1,"name":"Home","item":"https:\/\/www.purejewels.com\/"},{"@type":"ListItem","position":2,"name":"Shop","item":"https:\/\/www.purejewels.com\/shop\/"},{"@type":"ListItem","position":3,"name":"22ct Gold Dual-Tone Circle Pendant Necklace | 18 Inches"}]},{"@type":"WebSite","@id":"https:\/\/www.purejewels.com\/#website","url":"https:\/\/www.purejewels.com\/","name":"PureJewels \u0130ngiltere","description":"Sevgiyi Payla\u015f\u0131n","publisher":{"@id":"https:\/\/www.purejewels.com\/#organization"},"potentialAction":[{"@type":"SearchAction","target":{"@type":"EntryPoint","urlTemplate":"https:\/\/www.purejewels.com\/?s={search_term_string}"},"query-input":{"@type":"PropertyValueSpecification","valueRequired":true,"valueName":"search_term_string"}}],"inLanguage":"tr"},{"@type":"Organization","@id":"https:\/\/www.purejewels.com\/#organization","name":"PureJewels \u0130ngiltere","url":"https:\/\/www.purejewels.com\/","logo":{"@type":"ImageObject","inLanguage":"tr","@id":"https:\/\/www.purejewels.com\/#\/schema\/logo\/image\/","url":"https:\/\/static.purejewels.com\/wp-content\/uploads\/2020\/11\/Logo-PJ-New-1.png","contentUrl":"https:\/\/static.purejewels.com\/wp-content\/uploads\/2020\/11\/Logo-PJ-New-1.png","width":150,"height":80,"caption":"PureJewels UK"},"image":{"@id":"https:\/\/www.purejewels.com\/#\/schema\/logo\/image\/"}}]}},"_links":{"self":[{"href":"https:\/\/www.purejewels.com\/tr\/wp-json\/wp\/v2\/product\/418153","targetHints":{"allow":["GET"]}}],"collection":[{"href":"https:\/\/www.purejewels.com\/tr\/wp-json\/wp\/v2\/product"}],"about":[{"href":"https:\/\/www.purejewels.com\/tr\/wp-json\/wp\/v2\/types\/product"}],"replies":[{"embeddable":true,"href":"https:\/\/www.purejewels.com\/tr\/wp-json\/wp\/v2\/comments?post=418153"}],"version-history":[{"count":3,"href":"https:\/\/www.purejewels.com\/tr\/wp-json\/wp\/v2\/product\/418153\/revisions"}],"predecessor-version":[{"id":426354,"href":"https:\/\/www.purejewels.com\/tr\/wp-json\/wp\/v2\/product\/418153\/revisions\/426354"}],"wp:featuredmedia":[{"embeddable":true,"href":"https:\/\/www.purejewels.com\/tr\/wp-json\/wp\/v2\/media\/426596"}],"wp:attachment":[{"href":"https:\/\/www.purejewels.com\/tr\/wp-json\/wp\/v2\/media?parent=418153"}],"wp:term":[{"taxonomy":"product_brand","embeddable":true,"href":"https:\/\/www.purejewels.com\/tr\/wp-json\/wp\/v2\/product_brand?post=418153"},{"taxonomy":"product_cat","embeddable":true,"href":"https:\/\/www.purejewels.com\/tr\/wp-json\/wp\/v2\/product_cat?post=418153"},{"taxonomy":"product_tag","embeddable":true,"href":"https:\/\/www.purejewels.com\/tr\/wp-json\/wp\/v2\/product_tag?post=418153"}],"curies":[{"name":"wp","href":"https:\/\/api.w.org\/{rel}","templated":true}]}}