{"id":418180,"date":"2025-09-07T07:52:56","date_gmt":"2025-09-07T06:52:56","guid":{"rendered":"https:\/\/www.purejewels.com\/?post_type=product&#038;p=418180"},"modified":"2026-04-24T11:11:52","modified_gmt":"2026-04-24T10:11:52","slug":"22-ayar-altin-sarmal-cz-huggie-halkalar-53288","status":"publish","type":"product","link":"https:\/\/www.purejewels.com\/tr\/product\/22ct-gold-helix-cz-huggie-hoops-53288\/","title":{"rendered":"22 Ayar Alt\u0131n Helix CZ Huggie Hoops"},"content":{"rendered":"<p data-start=\"486\" data-end=\"732\"><strong data-start=\"486\" data-end=\"504\">Tasar\u0131m Konsepti<\/strong><br data-start=\"504\" data-end=\"507\" \/>Klasik sar\u0131lman\u0131n modern bir yorumu olan Helix profili, lobu ak\u0131\u015fkan bir hareket ve \u0131\u015f\u0131kla \u00e7er\u00e7evelemek i\u00e7in nazik bir spiral \u00e7iziyor. Pav\u00e9 setli k\u00fcbik zirkonya, alt\u0131n boyunca hassas \u0131\u015f\u0131lt\u0131 noktalar\u0131 olu\u015fturarak e\u011friyi vurgular.<\/p>\n<p data-start=\"734\" data-end=\"1022\"><strong data-start=\"734\" data-end=\"751\">Zanaatkarl\u0131k<\/strong><br data-start=\"751\" data-end=\"754\" \/>I\u015f\u0131lt\u0131l\u0131, doygun bir renk tonu i\u00e7in y\u00fcksek safl\u0131kta 22 ayar alt\u0131ndan yap\u0131lm\u0131\u015ft\u0131r. Her bir ta\u015f p\u00fcr\u00fczs\u00fcz bir dokunu\u015f ve e\u015fit parlakl\u0131k i\u00e7in \u00f6zenle pav\u00e9-setlenmi\u015ftir. G\u00fcvenilir bir klik mente\u015fe ile tamamlanm\u0131\u015ft\u0131r, b\u00f6ylece halkalar kula\u011fa yak\u0131n oturur ve g\u00fcvenli kal\u0131r. G\u00fcvence i\u00e7in bir Birle\u015fik Krall\u0131k Tahlil Ofisi taraf\u0131ndan damgalanm\u0131\u015ft\u0131r.<\/p>\n<p data-start=\"1024\" data-end=\"1225\"><strong data-start=\"1024\" data-end=\"1040\">Stil Fikri<\/strong><br data-start=\"1040\" data-end=\"1043\" \/>Sade, g\u00fcnl\u00fck bir ifade i\u00e7in tek ba\u015f\u0131na tak\u0131n veya ince alt\u0131n halkalar ve \u00e7\u0131t\u00e7\u0131tlarla bir araya getirerek se\u00e7kin bir kulak olu\u015fturun. Kompakt profilleri \u015f\u0131k zincirler ve minimal bilekliklerle iyi uyum sa\u011flar.<\/p>","protected":false},"excerpt":{"rendered":"<p data-start=\"906\" data-end=\"1110\">Zengin 22 ayar alt\u0131ndan yontulmu\u015f bu sar\u0131lmalar zarif bir helezon \u015feklinde k\u0131vr\u0131l\u0131yor. Pav\u00e9 set CZ, formu bast\u0131rmadan temiz ve parlak bir \u0131\u015f\u0131lt\u0131 katar. P\u00fcr\u00fczs\u00fcz mente\u015feli ba\u011flant\u0131, t\u00fcm g\u00fcn g\u00fcvenli ve rahat kalmas\u0131n\u0131 sa\u011flar. G\u00fcnl\u00fck g\u00f6r\u00fcn\u00fcm ve f\u0131rsat giyimi i\u00e7in kolay, g\u00f6steri\u015fli bir y\u00fckseltme.<\/p>\n<p><strong>Malzeme:<\/strong> 22 Ayar Alt\u0131n (91,6% Saf Alt\u0131n)<strong><br \/>\nHallmark:\u00a0<\/strong>\u0130ngiliz Damgas\u0131<strong><br \/>\n<\/strong><strong>Br\u00fct A\u011f\u0131rl\u0131k: <\/strong>3.2 Gms<br \/>\n<strong>SKU:<\/strong> 52457, 53288<\/p>\n<p><strong>Fiyat ve Teslimat<\/strong>:KDV ve teslimat \u00fccreti dahil<\/p>\n<p><a href=\"https:\/\/www.purejewels.com\/tr\/i%cc%87ade-poli%cc%87ti%cc%87kasi\/\">\u0130ade Politikas\u0131<\/a><\/p>","protected":false},"featured_media":418181,"comment_status":"closed","ping_status":"closed","template":"","meta":{"_eb_attr":"","_crsspst_to_jayantr4sg-hostcom":false},"product_brand":[],"product_cat":[1791,1559,1793,1254,1229,1579,5344,1574,5349],"product_tag":[6101],"class_list":{"0":"post-418180","1":"product","2":"type-product","3":"status-publish","4":"has-post-thumbnail","6":"product_cat-anniversary-gifts","7":"product_cat-birthday-gifts","8":"product_cat-diwali-gifts","9":"product_cat-gold-earrings","10":"product_cat-22ct-gold-jewellery","11":"product_cat-hoop-earrings","12":"product_cat-jewellery-under-750","13":"product_cat-womens-jewellery","14":"product_cat-yellow-gold-jewellery","15":"product_tag-earring","17":"first","18":"instock","19":"taxable","20":"shipping-taxable","21":"purchasable","22":"product-type-simple","23":"add-to-wishlist-before_image"},"yoast_head":"<!-- This site is optimized with the Yoast SEO plugin v27.5 - https:\/\/yoast.com\/product\/yoast-seo-wordpress\/ -->\n<title>22ct Gold Helix CZ Huggie Hoops | PureJewels UK<\/title>\n<meta name=\"description\" content=\"Shop the 22ct Gold Helix CZ Huggie Hoops from PureJewels. A spiral helix silhouette with pav\u00e9-set CZ and a secure hinged closure\u2014refined sparkle for everyday wear.\" \/>\n<meta name=\"robots\" content=\"index, follow, max-snippet:-1, max-image-preview:large, max-video-preview:-1\" \/>\n<link rel=\"canonical\" href=\"https:\/\/www.purejewels.com\/tr\/urun\/22-ayar-altin-sarmal-cz-huggie-halkalar-53288\/\" \/>\n<meta property=\"og:locale\" content=\"tr_TR\" \/>\n<meta property=\"og:type\" content=\"article\" \/>\n<meta property=\"og:title\" content=\"22ct Gold Helix CZ Huggie Hoops | PureJewels UK\" \/>\n<meta property=\"og:description\" content=\"Shop the 22ct Gold Helix CZ Huggie Hoops from PureJewels. A spiral helix silhouette with pav\u00e9-set CZ and a secure hinged closure\u2014refined sparkle for everyday wear.\" \/>\n<meta property=\"og:url\" content=\"https:\/\/www.purejewels.com\/tr\/urun\/22-ayar-altin-sarmal-cz-huggie-halkalar-53288\/\" \/>\n<meta property=\"og:site_name\" content=\"PureJewels UK\" \/>\n<meta property=\"article:modified_time\" content=\"2026-04-24T10:11:52+00:00\" \/>\n<meta property=\"og:image\" content=\"https:\/\/static.purejewels.com\/wp-content\/uploads\/2025\/10\/53288.jpg\" \/>\n\t<meta property=\"og:image:width\" content=\"1000\" \/>\n\t<meta property=\"og:image:height\" content=\"1000\" \/>\n\t<meta property=\"og:image:type\" content=\"image\/jpeg\" \/>\n<meta name=\"twitter:card\" content=\"summary_large_image\" \/>\n<meta name=\"twitter:label1\" content=\"Tahmini okuma s\u00fcresi\" \/>\n\t<meta name=\"twitter:data1\" content=\"1 dakika\" \/>\n<script type=\"application\/ld+json\" class=\"yoast-schema-graph\">{\"@context\":\"https:\\\/\\\/schema.org\",\"@graph\":[{\"@type\":[\"WebPage\",\"ItemPage\"],\"@id\":\"https:\\\/\\\/www.purejewels.com\\\/product\\\/22ct-gold-helix-cz-huggie-hoops-53288\\\/\",\"url\":\"https:\\\/\\\/www.purejewels.com\\\/product\\\/22ct-gold-helix-cz-huggie-hoops-53288\\\/\",\"name\":\"22ct Gold Helix CZ Huggie Hoops | PureJewels UK\",\"isPartOf\":{\"@id\":\"https:\\\/\\\/www.purejewels.com\\\/#website\"},\"primaryImageOfPage\":{\"@id\":\"https:\\\/\\\/www.purejewels.com\\\/product\\\/22ct-gold-helix-cz-huggie-hoops-53288\\\/#primaryimage\"},\"image\":{\"@id\":\"https:\\\/\\\/www.purejewels.com\\\/product\\\/22ct-gold-helix-cz-huggie-hoops-53288\\\/#primaryimage\"},\"thumbnailUrl\":\"https:\\\/\\\/static.purejewels.com\\\/wp-content\\\/uploads\\\/2025\\\/10\\\/53288.jpg\",\"datePublished\":\"2025-09-07T06:52:56+00:00\",\"dateModified\":\"2026-04-24T10:11:52+00:00\",\"description\":\"Shop the 22ct Gold Helix CZ Huggie Hoops from PureJewels. A spiral helix silhouette with pav\u00e9-set CZ and a secure hinged closure\u2014refined sparkle for everyday wear.\",\"breadcrumb\":{\"@id\":\"https:\\\/\\\/www.purejewels.com\\\/product\\\/22ct-gold-helix-cz-huggie-hoops-53288\\\/#breadcrumb\"},\"inLanguage\":\"tr\",\"potentialAction\":[{\"@type\":\"ReadAction\",\"target\":[\"https:\\\/\\\/www.purejewels.com\\\/product\\\/22ct-gold-helix-cz-huggie-hoops-53288\\\/\"]}]},{\"@type\":\"ImageObject\",\"inLanguage\":\"tr\",\"@id\":\"https:\\\/\\\/www.purejewels.com\\\/product\\\/22ct-gold-helix-cz-huggie-hoops-53288\\\/#primaryimage\",\"url\":\"https:\\\/\\\/static.purejewels.com\\\/wp-content\\\/uploads\\\/2025\\\/10\\\/53288.jpg\",\"contentUrl\":\"https:\\\/\\\/static.purejewels.com\\\/wp-content\\\/uploads\\\/2025\\\/10\\\/53288.jpg\",\"width\":1000,\"height\":1000,\"caption\":\"22ct Gold Helix CZ Huggie Hoops\"},{\"@type\":\"BreadcrumbList\",\"@id\":\"https:\\\/\\\/www.purejewels.com\\\/product\\\/22ct-gold-helix-cz-huggie-hoops-53288\\\/#breadcrumb\",\"itemListElement\":[{\"@type\":\"ListItem\",\"position\":1,\"name\":\"Home\",\"item\":\"https:\\\/\\\/www.purejewels.com\\\/\"},{\"@type\":\"ListItem\",\"position\":2,\"name\":\"Shop\",\"item\":\"https:\\\/\\\/www.purejewels.com\\\/shop\\\/\"},{\"@type\":\"ListItem\",\"position\":3,\"name\":\"22ct Gold Helix CZ Huggie Hoops\"}]},{\"@type\":\"WebSite\",\"@id\":\"https:\\\/\\\/www.purejewels.com\\\/#website\",\"url\":\"https:\\\/\\\/www.purejewels.com\\\/\",\"name\":\"PureJewels UK\",\"description\":\"Share the Love\",\"publisher\":{\"@id\":\"https:\\\/\\\/www.purejewels.com\\\/#organization\"},\"potentialAction\":[{\"@type\":\"SearchAction\",\"target\":{\"@type\":\"EntryPoint\",\"urlTemplate\":\"https:\\\/\\\/www.purejewels.com\\\/?s={search_term_string}\"},\"query-input\":{\"@type\":\"PropertyValueSpecification\",\"valueRequired\":true,\"valueName\":\"search_term_string\"}}],\"inLanguage\":\"tr\"},{\"@type\":\"Organization\",\"@id\":\"https:\\\/\\\/www.purejewels.com\\\/#organization\",\"name\":\"PureJewels UK\",\"url\":\"https:\\\/\\\/www.purejewels.com\\\/\",\"logo\":{\"@type\":\"ImageObject\",\"inLanguage\":\"tr\",\"@id\":\"https:\\\/\\\/www.purejewels.com\\\/#\\\/schema\\\/logo\\\/image\\\/\",\"url\":\"https:\\\/\\\/static.purejewels.com\\\/wp-content\\\/uploads\\\/2020\\\/11\\\/Logo-PJ-New-1.png\",\"contentUrl\":\"https:\\\/\\\/static.purejewels.com\\\/wp-content\\\/uploads\\\/2020\\\/11\\\/Logo-PJ-New-1.png\",\"width\":150,\"height\":80,\"caption\":\"PureJewels UK\"},\"image\":{\"@id\":\"https:\\\/\\\/www.purejewels.com\\\/#\\\/schema\\\/logo\\\/image\\\/\"}}]}<\/script>\n<!-- \/ Yoast SEO plugin. -->","yoast_head_json":{"title":"22 Ayar Alt\u0131n Helix CZ Huggie Hoops | PureJewels UK","description":"PureJewels'ten 22 Ayar Alt\u0131n Helix CZ Huggie Hoops'u sat\u0131n al\u0131n. Pav\u00e9-set CZ'li spiral sarmal siluet ve g\u00fcvenli mente\u015feli kapak, g\u00fcnl\u00fck kullan\u0131m i\u00e7in rafine \u0131\u015f\u0131lt\u0131.","robots":{"index":"index","follow":"follow","max-snippet":"max-snippet:-1","max-image-preview":"max-image-preview:large","max-video-preview":"max-video-preview:-1"},"canonical":"https:\/\/www.purejewels.com\/tr\/urun\/22-ayar-altin-sarmal-cz-huggie-halkalar-53288\/","og_locale":"tr_TR","og_type":"article","og_title":"22ct Gold Helix CZ Huggie Hoops | PureJewels UK","og_description":"Shop the 22ct Gold Helix CZ Huggie Hoops from PureJewels. A spiral helix silhouette with pav\u00e9-set CZ and a secure hinged closure\u2014refined sparkle for everyday wear.","og_url":"https:\/\/www.purejewels.com\/tr\/urun\/22-ayar-altin-sarmal-cz-huggie-halkalar-53288\/","og_site_name":"PureJewels UK","article_modified_time":"2026-04-24T10:11:52+00:00","og_image":[{"width":1000,"height":1000,"url":"https:\/\/static.purejewels.com\/wp-content\/uploads\/2025\/10\/53288.jpg","type":"image\/jpeg"}],"twitter_card":"summary_large_image","twitter_misc":{"Tahmini okuma s\u00fcresi":"1 dakika"},"schema":{"@context":"https:\/\/schema.org","@graph":[{"@type":["WebPage","ItemPage"],"@id":"https:\/\/www.purejewels.com\/product\/22ct-gold-helix-cz-huggie-hoops-53288\/","url":"https:\/\/www.purejewels.com\/product\/22ct-gold-helix-cz-huggie-hoops-53288\/","name":"22 Ayar Alt\u0131n Helix CZ Huggie Hoops | PureJewels UK","isPartOf":{"@id":"https:\/\/www.purejewels.com\/#website"},"primaryImageOfPage":{"@id":"https:\/\/www.purejewels.com\/product\/22ct-gold-helix-cz-huggie-hoops-53288\/#primaryimage"},"image":{"@id":"https:\/\/www.purejewels.com\/product\/22ct-gold-helix-cz-huggie-hoops-53288\/#primaryimage"},"thumbnailUrl":"https:\/\/static.purejewels.com\/wp-content\/uploads\/2025\/10\/53288.jpg","datePublished":"2025-09-07T06:52:56+00:00","dateModified":"2026-04-24T10:11:52+00:00","description":"PureJewels'ten 22 Ayar Alt\u0131n Helix CZ Huggie Hoops'u sat\u0131n al\u0131n. Pav\u00e9-set CZ'li spiral sarmal siluet ve g\u00fcvenli mente\u015feli kapak, g\u00fcnl\u00fck kullan\u0131m i\u00e7in rafine \u0131\u015f\u0131lt\u0131.","breadcrumb":{"@id":"https:\/\/www.purejewels.com\/product\/22ct-gold-helix-cz-huggie-hoops-53288\/#breadcrumb"},"inLanguage":"tr","potentialAction":[{"@type":"ReadAction","target":["https:\/\/www.purejewels.com\/product\/22ct-gold-helix-cz-huggie-hoops-53288\/"]}]},{"@type":"ImageObject","inLanguage":"tr","@id":"https:\/\/www.purejewels.com\/product\/22ct-gold-helix-cz-huggie-hoops-53288\/#primaryimage","url":"https:\/\/static.purejewels.com\/wp-content\/uploads\/2025\/10\/53288.jpg","contentUrl":"https:\/\/static.purejewels.com\/wp-content\/uploads\/2025\/10\/53288.jpg","width":1000,"height":1000,"caption":"22ct Gold Helix CZ Huggie Hoops"},{"@type":"BreadcrumbList","@id":"https:\/\/www.purejewels.com\/product\/22ct-gold-helix-cz-huggie-hoops-53288\/#breadcrumb","itemListElement":[{"@type":"ListItem","position":1,"name":"Home","item":"https:\/\/www.purejewels.com\/"},{"@type":"ListItem","position":2,"name":"Shop","item":"https:\/\/www.purejewels.com\/shop\/"},{"@type":"ListItem","position":3,"name":"22ct Gold Helix CZ Huggie Hoops"}]},{"@type":"WebSite","@id":"https:\/\/www.purejewels.com\/#website","url":"https:\/\/www.purejewels.com\/","name":"PureJewels \u0130ngiltere","description":"Sevgiyi Payla\u015f\u0131n","publisher":{"@id":"https:\/\/www.purejewels.com\/#organization"},"potentialAction":[{"@type":"SearchAction","target":{"@type":"EntryPoint","urlTemplate":"https:\/\/www.purejewels.com\/?s={search_term_string}"},"query-input":{"@type":"PropertyValueSpecification","valueRequired":true,"valueName":"search_term_string"}}],"inLanguage":"tr"},{"@type":"Organization","@id":"https:\/\/www.purejewels.com\/#organization","name":"PureJewels \u0130ngiltere","url":"https:\/\/www.purejewels.com\/","logo":{"@type":"ImageObject","inLanguage":"tr","@id":"https:\/\/www.purejewels.com\/#\/schema\/logo\/image\/","url":"https:\/\/static.purejewels.com\/wp-content\/uploads\/2020\/11\/Logo-PJ-New-1.png","contentUrl":"https:\/\/static.purejewels.com\/wp-content\/uploads\/2020\/11\/Logo-PJ-New-1.png","width":150,"height":80,"caption":"PureJewels UK"},"image":{"@id":"https:\/\/www.purejewels.com\/#\/schema\/logo\/image\/"}}]}},"_links":{"self":[{"href":"https:\/\/www.purejewels.com\/tr\/wp-json\/wp\/v2\/product\/418180","targetHints":{"allow":["GET"]}}],"collection":[{"href":"https:\/\/www.purejewels.com\/tr\/wp-json\/wp\/v2\/product"}],"about":[{"href":"https:\/\/www.purejewels.com\/tr\/wp-json\/wp\/v2\/types\/product"}],"replies":[{"embeddable":true,"href":"https:\/\/www.purejewels.com\/tr\/wp-json\/wp\/v2\/comments?post=418180"}],"version-history":[{"count":1,"href":"https:\/\/www.purejewels.com\/tr\/wp-json\/wp\/v2\/product\/418180\/revisions"}],"predecessor-version":[{"id":418182,"href":"https:\/\/www.purejewels.com\/tr\/wp-json\/wp\/v2\/product\/418180\/revisions\/418182"}],"wp:featuredmedia":[{"embeddable":true,"href":"https:\/\/www.purejewels.com\/tr\/wp-json\/wp\/v2\/media\/418181"}],"wp:attachment":[{"href":"https:\/\/www.purejewels.com\/tr\/wp-json\/wp\/v2\/media?parent=418180"}],"wp:term":[{"taxonomy":"product_brand","embeddable":true,"href":"https:\/\/www.purejewels.com\/tr\/wp-json\/wp\/v2\/product_brand?post=418180"},{"taxonomy":"product_cat","embeddable":true,"href":"https:\/\/www.purejewels.com\/tr\/wp-json\/wp\/v2\/product_cat?post=418180"},{"taxonomy":"product_tag","embeddable":true,"href":"https:\/\/www.purejewels.com\/tr\/wp-json\/wp\/v2\/product_tag?post=418180"}],"curies":[{"name":"wp","href":"https:\/\/api.w.org\/{rel}","templated":true}]}}