{"id":418315,"date":"2025-09-09T05:34:29","date_gmt":"2025-09-09T04:34:29","guid":{"rendered":"https:\/\/www.purejewels.com\/?post_type=product&#038;p=418315"},"modified":"2026-01-06T10:00:32","modified_gmt":"2026-01-06T10:00:32","slug":"kadinlar-icin-22-ayar-altin-bes-boncuklu-bilezik-53308","status":"publish","type":"product","link":"https:\/\/www.purejewels.com\/tr\/product\/22ct-gold-five-bead-bracelet-for-women-53308\/","title":{"rendered":"Kad\u0131nlar i\u00e7in 22 Ayar Alt\u0131n Be\u015f Boncuklu Bileklik"},"content":{"rendered":"<h4 data-start=\"511\" data-end=\"536\"><strong data-start=\"516\" data-end=\"534\">Tasar\u0131m Konsepti<\/strong><\/h4>\n<p data-start=\"537\" data-end=\"883\">Bu bileklik uyum ve ritmin sessiz hikayesini anlat\u0131yor. Merkezi bir ikili de dahil olmak \u00fczere e\u015fit aral\u0131klarla yerle\u015ftirilmi\u015f be\u015f dokulu alt\u0131n boncuk ile tasar\u0131m denge, ba\u011flant\u0131 ve hareketi sembolize eder. Minimal silueti, PureJewels'in ince sembolizmli anlaml\u0131 tasar\u0131m gelene\u011fini onurland\u0131r\u0131r, yolculu\u011funuzu i\u015faretlemek veya bir duyguyu hediye etmek i\u00e7in m\u00fckemmeldir.<\/p>\n<h4 data-start=\"885\" data-end=\"909\"><strong data-start=\"890\" data-end=\"907\">Zanaatkarl\u0131k<\/strong><\/h4>\n<p data-start=\"910\" data-end=\"1234\">22 ayar sar\u0131 alt\u0131ndan \u00fcretilen bu par\u00e7a 1,7 gram a\u011f\u0131rl\u0131\u011f\u0131ndad\u0131r ve g\u00fcvenli bir \u0131stakoz tokaya sahiptir. Her bir boncuk yumu\u015fak diyagonal oluklarla elde i\u015flenmi\u015f olup hafif bir \u0131\u015f\u0131lt\u0131 ve derinlik katmaktad\u0131r. Londra Assay Ofisi taraf\u0131ndan damgalanm\u0131\u015f olan bu \u00fcr\u00fcn, hem safl\u0131\u011f\u0131 hem de i\u015f\u00e7ili\u011fi temsil eder ve y\u0131llarca el \u00fcst\u00fcnde tutulmak \u00fczere \u00fcretilmi\u015ftir.<\/p>\n<h4 data-start=\"1236\" data-end=\"1260\"><strong data-start=\"1241\" data-end=\"1258\">Stil Fikirleri<\/strong><\/h4>\n<ul>\n<li data-start=\"1263\" data-end=\"1318\">Bileklikler, man\u015fetler veya saatlerle katmanlamak i\u00e7in m\u00fckemmeldir.<\/li>\n<li data-start=\"1321\" data-end=\"1374\">Minimal ve zarif bir g\u00f6r\u00fcn\u00fcm i\u00e7in tek ba\u015f\u0131na giyildi\u011finde zariftir.<\/li>\n<li data-start=\"1377\" data-end=\"1452\">\u015eenlikli veya resmi Hint k\u0131yafetleriyle ya da bembeyaz bir bluzla \u00e7ok g\u00fczel durur.<\/li>\n<li data-start=\"1455\" data-end=\"1529\">Do\u011fum g\u00fcnleri, nedimeler veya mezuniyet gibi d\u00f6n\u00fcm noktalar\u0131 i\u00e7in zarif bir hediye.<\/li>\n<\/ul>","protected":false},"excerpt":{"rendered":"<p>Zamans\u0131z bir zevke sahip modern kad\u0131nlar i\u00e7in tasarlanm\u0131\u015f zarif bir 22 Ayar Alt\u0131n Be\u015f Boncuklu Bileklik. Klasik 7 in\u00e7 zincir boyunca yerle\u015ftirilmi\u015f zarif dokulu alt\u0131n boncuklara sahip olan bu bilezik, her ayr\u0131nt\u0131s\u0131nda zarif bir zarafet sunar. Hafif ama etkili olan bu bilezik, g\u00fcnl\u00fck kullan\u0131m veya anlaml\u0131 hediyeler i\u00e7in m\u00fckemmeldir.<\/p>\n<p><strong>Malzeme:<\/strong> 22 Ayar Alt\u0131n (91,6% Saf Alt\u0131n)<strong><br \/>\nHallmark:\u00a0<\/strong>\u0130ngiliz Damgas\u0131<strong><br \/>\n<\/strong><strong>Br\u00fct A\u011f\u0131rl\u0131k: <\/strong>1.7 Gms<br \/>\n<strong>Uzunluk:<\/strong> 7 in\u00e7<br \/>\n<strong>SKU:<\/strong> 53308<\/p>\n<p><strong>Fiyat ve Teslimat<\/strong>: KDV ve teslimat \u00fccreti dahil<br \/>\n<a href=\"https:\/\/www.purejewels.com\/tr\/i%cc%87ade-poli%cc%87ti%cc%87kasi\/\">\u0130ade Politikas\u0131<\/a><\/p>","protected":false},"featured_media":418316,"comment_status":"closed","ping_status":"closed","template":"","meta":{"_eb_attr":"","_crsspst_to_jayantr4sg-hostcom":true},"product_brand":[],"product_cat":[1791,5441,1559,1793,1792,1324,1627,1229,5343,1575,1569,1574,5349],"product_tag":[5634],"class_list":{"0":"post-418315","1":"product","2":"type-product","3":"status-publish","4":"has-post-thumbnail","6":"product_cat-anniversary-gifts","7":"product_cat-gold-bead-bracelets","8":"product_cat-birthday-gifts","9":"product_cat-diwali-gifts","10":"product_cat-festival-gifts","11":"product_cat-gold-bracelet","12":"product_cat-ladies-bracelet","13":"product_cat-22ct-gold-jewellery","14":"product_cat-jewellery-under-550","15":"product_cat-teenage-jewellery","16":"product_cat-valentine-day-gifts","17":"product_cat-womens-jewellery","18":"product_cat-yellow-gold-jewellery","19":"product_tag-22ct-gold-bracelet-for-ladies","21":"first","22":"outofstock","23":"taxable","24":"shipping-taxable","25":"product-type-simple","26":"add-to-wishlist-before_image"},"yoast_head":"<!-- This site is optimized with the Yoast SEO plugin v27.3 - https:\/\/yoast.com\/product\/yoast-seo-wordpress\/ -->\n<title>22ct Gold Five Bead Bracelet for Women | PureJewels London<\/title>\n<meta name=\"description\" content=\"Shop PureJewels&#039; 22ct Gold Five Bead Bracelet for Women. 7&quot; chain with textured gold beads, lightweight at 1.7g. A graceful everyday gold bracelet.\" \/>\n<meta name=\"robots\" content=\"index, follow, max-snippet:-1, max-image-preview:large, max-video-preview:-1\" \/>\n<link rel=\"canonical\" href=\"https:\/\/www.purejewels.com\/tr\/urun\/kadinlar-icin-22-ayar-altin-bes-boncuklu-bilezik-53308\/\" \/>\n<meta property=\"og:locale\" content=\"tr_TR\" \/>\n<meta property=\"og:type\" content=\"article\" \/>\n<meta property=\"og:title\" content=\"22ct Gold Five Bead Bracelet for Women | PureJewels London\" \/>\n<meta property=\"og:description\" content=\"Shop PureJewels&#039; 22ct Gold Five Bead Bracelet for Women. 7&quot; chain with textured gold beads, lightweight at 1.7g. A graceful everyday gold bracelet.\" \/>\n<meta property=\"og:url\" content=\"https:\/\/www.purejewels.com\/tr\/urun\/kadinlar-icin-22-ayar-altin-bes-boncuklu-bilezik-53308\/\" \/>\n<meta property=\"og:site_name\" content=\"PureJewels UK\" \/>\n<meta property=\"article:modified_time\" content=\"2026-01-06T10:00:32+00:00\" \/>\n<meta property=\"og:image\" content=\"https:\/\/www.purejewels.com\/wp-content\/uploads\/2025\/10\/SKU-53308.jpg\" \/>\n\t<meta property=\"og:image:width\" content=\"1000\" \/>\n\t<meta property=\"og:image:height\" content=\"1000\" \/>\n\t<meta property=\"og:image:type\" content=\"image\/jpeg\" \/>\n<meta name=\"twitter:card\" content=\"summary_large_image\" \/>\n<meta name=\"twitter:label1\" content=\"Tahmini okuma s\u00fcresi\" \/>\n\t<meta name=\"twitter:data1\" content=\"1 dakika\" \/>\n<script type=\"application\/ld+json\" class=\"yoast-schema-graph\">{\"@context\":\"https:\\\/\\\/schema.org\",\"@graph\":[{\"@type\":[\"WebPage\",\"ItemPage\"],\"@id\":\"https:\\\/\\\/www.purejewels.com\\\/product\\\/22ct-gold-five-bead-bracelet-for-women-53308\\\/\",\"url\":\"https:\\\/\\\/www.purejewels.com\\\/product\\\/22ct-gold-five-bead-bracelet-for-women-53308\\\/\",\"name\":\"22ct Gold Five Bead Bracelet for Women | PureJewels London\",\"isPartOf\":{\"@id\":\"https:\\\/\\\/www.purejewels.com\\\/#website\"},\"primaryImageOfPage\":{\"@id\":\"https:\\\/\\\/www.purejewels.com\\\/product\\\/22ct-gold-five-bead-bracelet-for-women-53308\\\/#primaryimage\"},\"image\":{\"@id\":\"https:\\\/\\\/www.purejewels.com\\\/product\\\/22ct-gold-five-bead-bracelet-for-women-53308\\\/#primaryimage\"},\"thumbnailUrl\":\"https:\\\/\\\/static.purejewels.com\\\/wp-content\\\/uploads\\\/2025\\\/10\\\/SKU-53308.jpg\",\"datePublished\":\"2025-09-09T04:34:29+00:00\",\"dateModified\":\"2026-01-06T10:00:32+00:00\",\"description\":\"Shop PureJewels' 22ct Gold Five Bead Bracelet for Women. 7\\\" chain with textured gold beads, lightweight at 1.7g. A graceful everyday gold bracelet.\",\"breadcrumb\":{\"@id\":\"https:\\\/\\\/www.purejewels.com\\\/product\\\/22ct-gold-five-bead-bracelet-for-women-53308\\\/#breadcrumb\"},\"inLanguage\":\"tr\",\"potentialAction\":[{\"@type\":\"ReadAction\",\"target\":[\"https:\\\/\\\/www.purejewels.com\\\/product\\\/22ct-gold-five-bead-bracelet-for-women-53308\\\/\"]}]},{\"@type\":\"ImageObject\",\"inLanguage\":\"tr\",\"@id\":\"https:\\\/\\\/www.purejewels.com\\\/product\\\/22ct-gold-five-bead-bracelet-for-women-53308\\\/#primaryimage\",\"url\":\"https:\\\/\\\/static.purejewels.com\\\/wp-content\\\/uploads\\\/2025\\\/10\\\/SKU-53308.jpg\",\"contentUrl\":\"https:\\\/\\\/static.purejewels.com\\\/wp-content\\\/uploads\\\/2025\\\/10\\\/SKU-53308.jpg\",\"width\":1000,\"height\":1000,\"caption\":\"22ct Gold Five Bead Bracelet for Women\"},{\"@type\":\"BreadcrumbList\",\"@id\":\"https:\\\/\\\/www.purejewels.com\\\/product\\\/22ct-gold-five-bead-bracelet-for-women-53308\\\/#breadcrumb\",\"itemListElement\":[{\"@type\":\"ListItem\",\"position\":1,\"name\":\"Home\",\"item\":\"https:\\\/\\\/www.purejewels.com\\\/\"},{\"@type\":\"ListItem\",\"position\":2,\"name\":\"Shop\",\"item\":\"https:\\\/\\\/www.purejewels.com\\\/shop\\\/\"},{\"@type\":\"ListItem\",\"position\":3,\"name\":\"22ct Gold Five Bead Bracelet for Women\"}]},{\"@type\":\"WebSite\",\"@id\":\"https:\\\/\\\/www.purejewels.com\\\/#website\",\"url\":\"https:\\\/\\\/www.purejewels.com\\\/\",\"name\":\"PureJewels UK\",\"description\":\"Share the Love\",\"publisher\":{\"@id\":\"https:\\\/\\\/www.purejewels.com\\\/#organization\"},\"potentialAction\":[{\"@type\":\"SearchAction\",\"target\":{\"@type\":\"EntryPoint\",\"urlTemplate\":\"https:\\\/\\\/www.purejewels.com\\\/?s={search_term_string}\"},\"query-input\":{\"@type\":\"PropertyValueSpecification\",\"valueRequired\":true,\"valueName\":\"search_term_string\"}}],\"inLanguage\":\"tr\"},{\"@type\":\"Organization\",\"@id\":\"https:\\\/\\\/www.purejewels.com\\\/#organization\",\"name\":\"PureJewels UK\",\"url\":\"https:\\\/\\\/www.purejewels.com\\\/\",\"logo\":{\"@type\":\"ImageObject\",\"inLanguage\":\"tr\",\"@id\":\"https:\\\/\\\/www.purejewels.com\\\/#\\\/schema\\\/logo\\\/image\\\/\",\"url\":\"https:\\\/\\\/static.purejewels.com\\\/wp-content\\\/uploads\\\/2020\\\/11\\\/Logo-PJ-New-1.png\",\"contentUrl\":\"https:\\\/\\\/static.purejewels.com\\\/wp-content\\\/uploads\\\/2020\\\/11\\\/Logo-PJ-New-1.png\",\"width\":150,\"height\":80,\"caption\":\"PureJewels UK\"},\"image\":{\"@id\":\"https:\\\/\\\/www.purejewels.com\\\/#\\\/schema\\\/logo\\\/image\\\/\"}}]}<\/script>\n<!-- \/ Yoast SEO plugin. -->","yoast_head_json":{"title":"22 Ayar Alt\u0131n Be\u015f Boncuklu Kad\u0131n Bileklik | PureJewels London","description":"PureJewels'in Kad\u0131nlar i\u00e7in 22 Ayar Alt\u0131n Be\u015f Boncuklu Bilezi\u011fini sat\u0131n al\u0131n. Dokulu alt\u0131n boncuklu 7\" zincir, 1,7 gr hafifli\u011finde. Zarif bir g\u00fcnl\u00fck alt\u0131n bileklik.","robots":{"index":"index","follow":"follow","max-snippet":"max-snippet:-1","max-image-preview":"max-image-preview:large","max-video-preview":"max-video-preview:-1"},"canonical":"https:\/\/www.purejewels.com\/tr\/urun\/kadinlar-icin-22-ayar-altin-bes-boncuklu-bilezik-53308\/","og_locale":"tr_TR","og_type":"article","og_title":"22ct Gold Five Bead Bracelet for Women | PureJewels London","og_description":"Shop PureJewels' 22ct Gold Five Bead Bracelet for Women. 7\" chain with textured gold beads, lightweight at 1.7g. A graceful everyday gold bracelet.","og_url":"https:\/\/www.purejewels.com\/tr\/urun\/kadinlar-icin-22-ayar-altin-bes-boncuklu-bilezik-53308\/","og_site_name":"PureJewels UK","article_modified_time":"2026-01-06T10:00:32+00:00","og_image":[{"width":1000,"height":1000,"url":"https:\/\/www.purejewels.com\/wp-content\/uploads\/2025\/10\/SKU-53308.jpg","type":"image\/jpeg"}],"twitter_card":"summary_large_image","twitter_misc":{"Tahmini okuma s\u00fcresi":"1 dakika"},"schema":{"@context":"https:\/\/schema.org","@graph":[{"@type":["WebPage","ItemPage"],"@id":"https:\/\/www.purejewels.com\/product\/22ct-gold-five-bead-bracelet-for-women-53308\/","url":"https:\/\/www.purejewels.com\/product\/22ct-gold-five-bead-bracelet-for-women-53308\/","name":"22 Ayar Alt\u0131n Be\u015f Boncuklu Kad\u0131n Bileklik | PureJewels London","isPartOf":{"@id":"https:\/\/www.purejewels.com\/#website"},"primaryImageOfPage":{"@id":"https:\/\/www.purejewels.com\/product\/22ct-gold-five-bead-bracelet-for-women-53308\/#primaryimage"},"image":{"@id":"https:\/\/www.purejewels.com\/product\/22ct-gold-five-bead-bracelet-for-women-53308\/#primaryimage"},"thumbnailUrl":"https:\/\/static.purejewels.com\/wp-content\/uploads\/2025\/10\/SKU-53308.jpg","datePublished":"2025-09-09T04:34:29+00:00","dateModified":"2026-01-06T10:00:32+00:00","description":"PureJewels'in Kad\u0131nlar i\u00e7in 22 Ayar Alt\u0131n Be\u015f Boncuklu Bilezi\u011fini sat\u0131n al\u0131n. Dokulu alt\u0131n boncuklu 7\" zincir, 1,7 gr hafifli\u011finde. Zarif bir g\u00fcnl\u00fck alt\u0131n bileklik.","breadcrumb":{"@id":"https:\/\/www.purejewels.com\/product\/22ct-gold-five-bead-bracelet-for-women-53308\/#breadcrumb"},"inLanguage":"tr","potentialAction":[{"@type":"ReadAction","target":["https:\/\/www.purejewels.com\/product\/22ct-gold-five-bead-bracelet-for-women-53308\/"]}]},{"@type":"ImageObject","inLanguage":"tr","@id":"https:\/\/www.purejewels.com\/product\/22ct-gold-five-bead-bracelet-for-women-53308\/#primaryimage","url":"https:\/\/static.purejewels.com\/wp-content\/uploads\/2025\/10\/SKU-53308.jpg","contentUrl":"https:\/\/static.purejewels.com\/wp-content\/uploads\/2025\/10\/SKU-53308.jpg","width":1000,"height":1000,"caption":"22ct Gold Five Bead Bracelet for Women"},{"@type":"BreadcrumbList","@id":"https:\/\/www.purejewels.com\/product\/22ct-gold-five-bead-bracelet-for-women-53308\/#breadcrumb","itemListElement":[{"@type":"ListItem","position":1,"name":"Home","item":"https:\/\/www.purejewels.com\/"},{"@type":"ListItem","position":2,"name":"Shop","item":"https:\/\/www.purejewels.com\/shop\/"},{"@type":"ListItem","position":3,"name":"22ct Gold Five Bead Bracelet for Women"}]},{"@type":"WebSite","@id":"https:\/\/www.purejewels.com\/#website","url":"https:\/\/www.purejewels.com\/","name":"PureJewels \u0130ngiltere","description":"Sevgiyi Payla\u015f\u0131n","publisher":{"@id":"https:\/\/www.purejewels.com\/#organization"},"potentialAction":[{"@type":"SearchAction","target":{"@type":"EntryPoint","urlTemplate":"https:\/\/www.purejewels.com\/?s={search_term_string}"},"query-input":{"@type":"PropertyValueSpecification","valueRequired":true,"valueName":"search_term_string"}}],"inLanguage":"tr"},{"@type":"Organization","@id":"https:\/\/www.purejewels.com\/#organization","name":"PureJewels \u0130ngiltere","url":"https:\/\/www.purejewels.com\/","logo":{"@type":"ImageObject","inLanguage":"tr","@id":"https:\/\/www.purejewels.com\/#\/schema\/logo\/image\/","url":"https:\/\/static.purejewels.com\/wp-content\/uploads\/2020\/11\/Logo-PJ-New-1.png","contentUrl":"https:\/\/static.purejewels.com\/wp-content\/uploads\/2020\/11\/Logo-PJ-New-1.png","width":150,"height":80,"caption":"PureJewels UK"},"image":{"@id":"https:\/\/www.purejewels.com\/#\/schema\/logo\/image\/"}}]}},"_links":{"self":[{"href":"https:\/\/www.purejewels.com\/tr\/wp-json\/wp\/v2\/product\/418315","targetHints":{"allow":["GET"]}}],"collection":[{"href":"https:\/\/www.purejewels.com\/tr\/wp-json\/wp\/v2\/product"}],"about":[{"href":"https:\/\/www.purejewels.com\/tr\/wp-json\/wp\/v2\/types\/product"}],"replies":[{"embeddable":true,"href":"https:\/\/www.purejewels.com\/tr\/wp-json\/wp\/v2\/comments?post=418315"}],"version-history":[{"count":2,"href":"https:\/\/www.purejewels.com\/tr\/wp-json\/wp\/v2\/product\/418315\/revisions"}],"predecessor-version":[{"id":419928,"href":"https:\/\/www.purejewels.com\/tr\/wp-json\/wp\/v2\/product\/418315\/revisions\/419928"}],"wp:featuredmedia":[{"embeddable":true,"href":"https:\/\/www.purejewels.com\/tr\/wp-json\/wp\/v2\/media\/418316"}],"wp:attachment":[{"href":"https:\/\/www.purejewels.com\/tr\/wp-json\/wp\/v2\/media?parent=418315"}],"wp:term":[{"taxonomy":"product_brand","embeddable":true,"href":"https:\/\/www.purejewels.com\/tr\/wp-json\/wp\/v2\/product_brand?post=418315"},{"taxonomy":"product_cat","embeddable":true,"href":"https:\/\/www.purejewels.com\/tr\/wp-json\/wp\/v2\/product_cat?post=418315"},{"taxonomy":"product_tag","embeddable":true,"href":"https:\/\/www.purejewels.com\/tr\/wp-json\/wp\/v2\/product_tag?post=418315"}],"curies":[{"name":"wp","href":"https:\/\/api.w.org\/{rel}","templated":true}]}}