{"id":418319,"date":"2025-12-15T05:41:18","date_gmt":"2025-12-15T05:41:18","guid":{"rendered":"https:\/\/www.purejewels.com\/?post_type=product&#038;p=418319"},"modified":"2026-01-06T10:00:32","modified_gmt":"2026-01-06T10:00:32","slug":"22-ayar-altin-kutu-zincir-boncuklu-bileklik-53095","status":"publish","type":"product","link":"https:\/\/www.purejewels.com\/tr\/product\/22ct-gold-box-chain-beaded-bracelet-53095\/","title":{"rendered":"22 Ayar Alt\u0131n Kutu Zincir Boncuklu Bileklik"},"content":{"rendered":"<h4 data-start=\"628\" data-end=\"653\"><strong data-start=\"633\" data-end=\"651\">Tasar\u0131m Konsepti<\/strong><\/h4>\n<p data-start=\"654\" data-end=\"998\">Bu bileklik, cesur, dokusal ve ritmik olan klasik G\u00fcney Asya tak\u0131 formlar\u0131ndan ilham al\u0131yor. Ortadaki y\u00f6nl\u00fc alt\u0131n boncuk s\u0131ras\u0131 birlik ve ak\u0131\u015f\u0131 simgelerken, kutu tarz\u0131 zincir g\u00fc\u00e7l\u00fc ama zarif bir \u00e7er\u00e7eve olu\u015fturuyor. Geleneksel sanat\u0131n modern bir kutlamas\u0131 olan bu bileklik, miras ile g\u00fcn\u00fcm\u00fcz esteti\u011fi aras\u0131nda k\u00f6pr\u00fc kuruyor.<\/p>\n<h4 data-start=\"1000\" data-end=\"1024\"><strong data-start=\"1005\" data-end=\"1022\">Zanaatkarl\u0131k<\/strong><\/h4>\n<p data-start=\"1025\" data-end=\"1364\">Toplam a\u011f\u0131rl\u0131\u011f\u0131 4,51 gram olan 22 ayar sar\u0131 alt\u0131ndan el yap\u0131m\u0131 bu bileklik, \u00f6m\u00fcr boyu dayanacak \u015fekilde tasarlanm\u0131\u015ft\u0131r. Titizlikle parlat\u0131lm\u0131\u015f ve y\u00f6nl\u00fc boncuklar \u0131\u015f\u0131\u011f\u0131 g\u00fczel bir \u015fekilde yans\u0131t\u0131rken, sa\u011flam kutu zincir g\u00fcvenli ve esnek bir kullan\u0131m sa\u011flar. Londra Assay Ofisi taraf\u0131ndan damgalanan bu bileklik, her detay\u0131nda kalite ve safl\u0131\u011f\u0131 garanti eder.<\/p>\n<h4 data-start=\"1366\" data-end=\"1390\"><strong data-start=\"1371\" data-end=\"1388\">Stil Fikirleri<\/strong><\/h4>\n<ul>\n<li data-start=\"1393\" data-end=\"1473\">Uyumlu bir set i\u00e7in uyumlu boncuk k\u00fcpeler veya kutu zincir kolye ile e\u015fle\u015ftirin<\/li>\n<li data-start=\"1476\" data-end=\"1543\">Hem \u015fenlikli Hint k\u0131yafetleriyle hem de minimal Bat\u0131 g\u00f6r\u00fcn\u00fcm\u00fcyle \u015f\u0131k<\/li>\n<li data-start=\"1546\" data-end=\"1623\">D\u00fc\u011f\u00fcnlerde, \u00f6nemli do\u011fum g\u00fcnlerinde veya dini t\u00f6renlerde hediye etmek i\u00e7in ideal<\/li>\n<li data-start=\"1626\" data-end=\"1689\">Alt\u0131n miras\u0131n\u0131n bir ifadesi olarak bileziklerle katmanlay\u0131n veya tek ba\u015f\u0131na tak\u0131n<\/li>\n<\/ul>","protected":false},"excerpt":{"rendered":"<p>Rafine bir gelene\u011fin ifadesi olan bu 22 Ayar Alt\u0131n Kutu Zincir Boncuklu Bileklik, zengin dokuyu \u00e7a\u011fda\u015f yap\u0131yla harmanl\u0131yor. Kutu zincirler aras\u0131na dizilmi\u015f s\u00fcsl\u00fc alt\u0131n boncuklar i\u00e7eren bu 4,51 g a\u011f\u0131rl\u0131\u011f\u0131ndaki bilezik, dayan\u0131kl\u0131l\u0131k ve zarafeti ayn\u0131 \u00f6l\u00e7\u00fcde sunar. Hediye etmek veya g\u00fcnl\u00fck l\u00fcks i\u00e7in m\u00fckemmel bir par\u00e7a.<\/p>\n<p><strong>Malzeme:<\/strong> 22 Ayar Alt\u0131n (91,6% Saf Alt\u0131n)<strong><br \/>\nHallmark:\u00a0<\/strong>\u0130ngiliz Damgas\u0131<strong><br \/>\n<\/strong><strong>Br\u00fct A\u011f\u0131rl\u0131k: <\/strong>4.51 Gms<br \/>\n<strong>Uzunluk:<\/strong> 7 in\u00e7<br \/>\n<strong>SKU:<\/strong> 53095<\/p>\n<p><strong>Fiyat ve Teslimat<\/strong>: KDV ve teslimat \u00fccreti dahil<br \/>\n<a href=\"https:\/\/www.purejewels.com\/tr\/i%cc%87ade-poli%cc%87ti%cc%87kasi\/\">\u0130ade Politikas\u0131<\/a><\/p>","protected":false},"featured_media":418325,"comment_status":"closed","ping_status":"closed","template":"","meta":{"_eb_attr":"","_crsspst_to_jayantr4sg-hostcom":true},"product_brand":[],"product_cat":[1791,5441,1559,1793,1792,1324,1627,1229,5344,1575,1569,1574,5349],"product_tag":[5634],"class_list":{"0":"post-418319","1":"product","2":"type-product","3":"status-publish","4":"has-post-thumbnail","6":"product_cat-anniversary-gifts","7":"product_cat-gold-bead-bracelets","8":"product_cat-birthday-gifts","9":"product_cat-diwali-gifts","10":"product_cat-festival-gifts","11":"product_cat-gold-bracelet","12":"product_cat-ladies-bracelet","13":"product_cat-22ct-gold-jewellery","14":"product_cat-jewellery-under-750","15":"product_cat-teenage-jewellery","16":"product_cat-valentine-day-gifts","17":"product_cat-womens-jewellery","18":"product_cat-yellow-gold-jewellery","19":"product_tag-22ct-gold-bracelet-for-ladies","21":"first","22":"outofstock","23":"taxable","24":"shipping-taxable","25":"product-type-simple","26":"add-to-wishlist-before_image"},"yoast_head":"<!-- This site is optimized with the Yoast SEO plugin v27.5 - https:\/\/yoast.com\/product\/yoast-seo-wordpress\/ -->\n<title>22ct Gold Box Chain Beaded Bracelet | PureJewels London<\/title>\n<meta name=\"description\" content=\"Shop the 22ct Gold Box Chain Beaded Bracelet at PureJewels. Featuring ornate gold beads on a durable box chain. 4.51g, hallmarked in London. Elegant &amp; timeless.\" \/>\n<meta name=\"robots\" content=\"index, follow, max-snippet:-1, max-image-preview:large, max-video-preview:-1\" \/>\n<link rel=\"canonical\" href=\"https:\/\/www.purejewels.com\/tr\/urun\/22-ayar-altin-kutu-zincir-boncuklu-bileklik-53095\/\" \/>\n<meta property=\"og:locale\" content=\"tr_TR\" \/>\n<meta property=\"og:type\" content=\"article\" \/>\n<meta property=\"og:title\" content=\"22ct Gold Box Chain Beaded Bracelet | PureJewels London\" \/>\n<meta property=\"og:description\" content=\"Shop the 22ct Gold Box Chain Beaded Bracelet at PureJewels. Featuring ornate gold beads on a durable box chain. 4.51g, hallmarked in London. Elegant &amp; timeless.\" \/>\n<meta property=\"og:url\" content=\"https:\/\/www.purejewels.com\/tr\/urun\/22-ayar-altin-kutu-zincir-boncuklu-bileklik-53095\/\" \/>\n<meta property=\"og:site_name\" content=\"PureJewels UK\" \/>\n<meta property=\"article:modified_time\" content=\"2026-01-06T10:00:32+00:00\" \/>\n<meta property=\"og:image\" content=\"https:\/\/static.purejewels.com\/wp-content\/uploads\/2025\/10\/SKU-53095.jpg\" \/>\n\t<meta property=\"og:image:width\" content=\"1000\" \/>\n\t<meta property=\"og:image:height\" content=\"1000\" \/>\n\t<meta property=\"og:image:type\" content=\"image\/jpeg\" \/>\n<meta name=\"twitter:card\" content=\"summary_large_image\" \/>\n<meta name=\"twitter:label1\" content=\"Tahmini okuma s\u00fcresi\" \/>\n\t<meta name=\"twitter:data1\" content=\"1 dakika\" \/>\n<script type=\"application\/ld+json\" class=\"yoast-schema-graph\">{\"@context\":\"https:\\\/\\\/schema.org\",\"@graph\":[{\"@type\":[\"WebPage\",\"ItemPage\"],\"@id\":\"https:\\\/\\\/www.purejewels.com\\\/product\\\/22ct-gold-box-chain-beaded-bracelet-53095\\\/\",\"url\":\"https:\\\/\\\/www.purejewels.com\\\/product\\\/22ct-gold-box-chain-beaded-bracelet-53095\\\/\",\"name\":\"22ct Gold Box Chain Beaded Bracelet | PureJewels London\",\"isPartOf\":{\"@id\":\"https:\\\/\\\/www.purejewels.com\\\/#website\"},\"primaryImageOfPage\":{\"@id\":\"https:\\\/\\\/www.purejewels.com\\\/product\\\/22ct-gold-box-chain-beaded-bracelet-53095\\\/#primaryimage\"},\"image\":{\"@id\":\"https:\\\/\\\/www.purejewels.com\\\/product\\\/22ct-gold-box-chain-beaded-bracelet-53095\\\/#primaryimage\"},\"thumbnailUrl\":\"https:\\\/\\\/static.purejewels.com\\\/wp-content\\\/uploads\\\/2025\\\/10\\\/SKU-53095.jpg\",\"datePublished\":\"2025-12-15T05:41:18+00:00\",\"dateModified\":\"2026-01-06T10:00:32+00:00\",\"description\":\"Shop the 22ct Gold Box Chain Beaded Bracelet at PureJewels. Featuring ornate gold beads on a durable box chain. 4.51g, hallmarked in London. Elegant & timeless.\",\"breadcrumb\":{\"@id\":\"https:\\\/\\\/www.purejewels.com\\\/product\\\/22ct-gold-box-chain-beaded-bracelet-53095\\\/#breadcrumb\"},\"inLanguage\":\"tr\",\"potentialAction\":[{\"@type\":\"ReadAction\",\"target\":[\"https:\\\/\\\/www.purejewels.com\\\/product\\\/22ct-gold-box-chain-beaded-bracelet-53095\\\/\"]}]},{\"@type\":\"ImageObject\",\"inLanguage\":\"tr\",\"@id\":\"https:\\\/\\\/www.purejewels.com\\\/product\\\/22ct-gold-box-chain-beaded-bracelet-53095\\\/#primaryimage\",\"url\":\"https:\\\/\\\/static.purejewels.com\\\/wp-content\\\/uploads\\\/2025\\\/10\\\/SKU-53095.jpg\",\"contentUrl\":\"https:\\\/\\\/static.purejewels.com\\\/wp-content\\\/uploads\\\/2025\\\/10\\\/SKU-53095.jpg\",\"width\":1000,\"height\":1000,\"caption\":\"22ct Gold Box Chain Beaded Bracelet\"},{\"@type\":\"BreadcrumbList\",\"@id\":\"https:\\\/\\\/www.purejewels.com\\\/product\\\/22ct-gold-box-chain-beaded-bracelet-53095\\\/#breadcrumb\",\"itemListElement\":[{\"@type\":\"ListItem\",\"position\":1,\"name\":\"Home\",\"item\":\"https:\\\/\\\/www.purejewels.com\\\/\"},{\"@type\":\"ListItem\",\"position\":2,\"name\":\"Shop\",\"item\":\"https:\\\/\\\/www.purejewels.com\\\/shop\\\/\"},{\"@type\":\"ListItem\",\"position\":3,\"name\":\"22ct Gold Box Chain Beaded Bracelet\"}]},{\"@type\":\"WebSite\",\"@id\":\"https:\\\/\\\/www.purejewels.com\\\/#website\",\"url\":\"https:\\\/\\\/www.purejewels.com\\\/\",\"name\":\"PureJewels UK\",\"description\":\"Share the Love\",\"publisher\":{\"@id\":\"https:\\\/\\\/www.purejewels.com\\\/#organization\"},\"potentialAction\":[{\"@type\":\"SearchAction\",\"target\":{\"@type\":\"EntryPoint\",\"urlTemplate\":\"https:\\\/\\\/www.purejewels.com\\\/?s={search_term_string}\"},\"query-input\":{\"@type\":\"PropertyValueSpecification\",\"valueRequired\":true,\"valueName\":\"search_term_string\"}}],\"inLanguage\":\"tr\"},{\"@type\":\"Organization\",\"@id\":\"https:\\\/\\\/www.purejewels.com\\\/#organization\",\"name\":\"PureJewels UK\",\"url\":\"https:\\\/\\\/www.purejewels.com\\\/\",\"logo\":{\"@type\":\"ImageObject\",\"inLanguage\":\"tr\",\"@id\":\"https:\\\/\\\/www.purejewels.com\\\/#\\\/schema\\\/logo\\\/image\\\/\",\"url\":\"https:\\\/\\\/static.purejewels.com\\\/wp-content\\\/uploads\\\/2020\\\/11\\\/Logo-PJ-New-1.png\",\"contentUrl\":\"https:\\\/\\\/static.purejewels.com\\\/wp-content\\\/uploads\\\/2020\\\/11\\\/Logo-PJ-New-1.png\",\"width\":150,\"height\":80,\"caption\":\"PureJewels UK\"},\"image\":{\"@id\":\"https:\\\/\\\/www.purejewels.com\\\/#\\\/schema\\\/logo\\\/image\\\/\"}}]}<\/script>\n<!-- \/ Yoast SEO plugin. -->","yoast_head_json":{"title":"22 Ayar Alt\u0131n Kutu Zincir Boncuklu Bileklik | PureJewels London","description":"PureJewels'te 22 ayar alt\u0131n kutu zincir boncuklu bilezi\u011fi sat\u0131n al\u0131n. Dayan\u0131kl\u0131 kutu zincir \u00fczerinde s\u00fcsl\u00fc alt\u0131n boncuklara sahiptir. 4,51 gr, Londra'da damgalanm\u0131\u015ft\u0131r. Zarif ve zamans\u0131z.","robots":{"index":"index","follow":"follow","max-snippet":"max-snippet:-1","max-image-preview":"max-image-preview:large","max-video-preview":"max-video-preview:-1"},"canonical":"https:\/\/www.purejewels.com\/tr\/urun\/22-ayar-altin-kutu-zincir-boncuklu-bileklik-53095\/","og_locale":"tr_TR","og_type":"article","og_title":"22ct Gold Box Chain Beaded Bracelet | PureJewels London","og_description":"Shop the 22ct Gold Box Chain Beaded Bracelet at PureJewels. Featuring ornate gold beads on a durable box chain. 4.51g, hallmarked in London. Elegant & timeless.","og_url":"https:\/\/www.purejewels.com\/tr\/urun\/22-ayar-altin-kutu-zincir-boncuklu-bileklik-53095\/","og_site_name":"PureJewels UK","article_modified_time":"2026-01-06T10:00:32+00:00","og_image":[{"width":1000,"height":1000,"url":"https:\/\/static.purejewels.com\/wp-content\/uploads\/2025\/10\/SKU-53095.jpg","type":"image\/jpeg"}],"twitter_card":"summary_large_image","twitter_misc":{"Tahmini okuma s\u00fcresi":"1 dakika"},"schema":{"@context":"https:\/\/schema.org","@graph":[{"@type":["WebPage","ItemPage"],"@id":"https:\/\/www.purejewels.com\/product\/22ct-gold-box-chain-beaded-bracelet-53095\/","url":"https:\/\/www.purejewels.com\/product\/22ct-gold-box-chain-beaded-bracelet-53095\/","name":"22 Ayar Alt\u0131n Kutu Zincir Boncuklu Bileklik | PureJewels London","isPartOf":{"@id":"https:\/\/www.purejewels.com\/#website"},"primaryImageOfPage":{"@id":"https:\/\/www.purejewels.com\/product\/22ct-gold-box-chain-beaded-bracelet-53095\/#primaryimage"},"image":{"@id":"https:\/\/www.purejewels.com\/product\/22ct-gold-box-chain-beaded-bracelet-53095\/#primaryimage"},"thumbnailUrl":"https:\/\/static.purejewels.com\/wp-content\/uploads\/2025\/10\/SKU-53095.jpg","datePublished":"2025-12-15T05:41:18+00:00","dateModified":"2026-01-06T10:00:32+00:00","description":"PureJewels'te 22 ayar alt\u0131n kutu zincir boncuklu bilezi\u011fi sat\u0131n al\u0131n. Dayan\u0131kl\u0131 kutu zincir \u00fczerinde s\u00fcsl\u00fc alt\u0131n boncuklara sahiptir. 4,51 gr, Londra'da damgalanm\u0131\u015ft\u0131r. Zarif ve zamans\u0131z.","breadcrumb":{"@id":"https:\/\/www.purejewels.com\/product\/22ct-gold-box-chain-beaded-bracelet-53095\/#breadcrumb"},"inLanguage":"tr","potentialAction":[{"@type":"ReadAction","target":["https:\/\/www.purejewels.com\/product\/22ct-gold-box-chain-beaded-bracelet-53095\/"]}]},{"@type":"ImageObject","inLanguage":"tr","@id":"https:\/\/www.purejewels.com\/product\/22ct-gold-box-chain-beaded-bracelet-53095\/#primaryimage","url":"https:\/\/static.purejewels.com\/wp-content\/uploads\/2025\/10\/SKU-53095.jpg","contentUrl":"https:\/\/static.purejewels.com\/wp-content\/uploads\/2025\/10\/SKU-53095.jpg","width":1000,"height":1000,"caption":"22ct Gold Box Chain Beaded Bracelet"},{"@type":"BreadcrumbList","@id":"https:\/\/www.purejewels.com\/product\/22ct-gold-box-chain-beaded-bracelet-53095\/#breadcrumb","itemListElement":[{"@type":"ListItem","position":1,"name":"Home","item":"https:\/\/www.purejewels.com\/"},{"@type":"ListItem","position":2,"name":"Shop","item":"https:\/\/www.purejewels.com\/shop\/"},{"@type":"ListItem","position":3,"name":"22ct Gold Box Chain Beaded Bracelet"}]},{"@type":"WebSite","@id":"https:\/\/www.purejewels.com\/#website","url":"https:\/\/www.purejewels.com\/","name":"PureJewels \u0130ngiltere","description":"Sevgiyi Payla\u015f\u0131n","publisher":{"@id":"https:\/\/www.purejewels.com\/#organization"},"potentialAction":[{"@type":"SearchAction","target":{"@type":"EntryPoint","urlTemplate":"https:\/\/www.purejewels.com\/?s={search_term_string}"},"query-input":{"@type":"PropertyValueSpecification","valueRequired":true,"valueName":"search_term_string"}}],"inLanguage":"tr"},{"@type":"Organization","@id":"https:\/\/www.purejewels.com\/#organization","name":"PureJewels \u0130ngiltere","url":"https:\/\/www.purejewels.com\/","logo":{"@type":"ImageObject","inLanguage":"tr","@id":"https:\/\/www.purejewels.com\/#\/schema\/logo\/image\/","url":"https:\/\/static.purejewels.com\/wp-content\/uploads\/2020\/11\/Logo-PJ-New-1.png","contentUrl":"https:\/\/static.purejewels.com\/wp-content\/uploads\/2020\/11\/Logo-PJ-New-1.png","width":150,"height":80,"caption":"PureJewels UK"},"image":{"@id":"https:\/\/www.purejewels.com\/#\/schema\/logo\/image\/"}}]}},"_links":{"self":[{"href":"https:\/\/www.purejewels.com\/tr\/wp-json\/wp\/v2\/product\/418319","targetHints":{"allow":["GET"]}}],"collection":[{"href":"https:\/\/www.purejewels.com\/tr\/wp-json\/wp\/v2\/product"}],"about":[{"href":"https:\/\/www.purejewels.com\/tr\/wp-json\/wp\/v2\/types\/product"}],"replies":[{"embeddable":true,"href":"https:\/\/www.purejewels.com\/tr\/wp-json\/wp\/v2\/comments?post=418319"}],"version-history":[{"count":2,"href":"https:\/\/www.purejewels.com\/tr\/wp-json\/wp\/v2\/product\/418319\/revisions"}],"predecessor-version":[{"id":418328,"href":"https:\/\/www.purejewels.com\/tr\/wp-json\/wp\/v2\/product\/418319\/revisions\/418328"}],"wp:featuredmedia":[{"embeddable":true,"href":"https:\/\/www.purejewels.com\/tr\/wp-json\/wp\/v2\/media\/418325"}],"wp:attachment":[{"href":"https:\/\/www.purejewels.com\/tr\/wp-json\/wp\/v2\/media?parent=418319"}],"wp:term":[{"taxonomy":"product_brand","embeddable":true,"href":"https:\/\/www.purejewels.com\/tr\/wp-json\/wp\/v2\/product_brand?post=418319"},{"taxonomy":"product_cat","embeddable":true,"href":"https:\/\/www.purejewels.com\/tr\/wp-json\/wp\/v2\/product_cat?post=418319"},{"taxonomy":"product_tag","embeddable":true,"href":"https:\/\/www.purejewels.com\/tr\/wp-json\/wp\/v2\/product_tag?post=418319"}],"curies":[{"name":"wp","href":"https:\/\/api.w.org\/{rel}","templated":true}]}}