{"id":418320,"date":"2026-01-14T08:10:48","date_gmt":"2026-01-14T08:10:48","guid":{"rendered":"https:\/\/www.purejewels.com\/?post_type=product&#038;p=418320"},"modified":"2026-03-09T05:45:34","modified_gmt":"2026-03-09T05:45:34","slug":"22-ayar-altin-bebek-boncuk-bileklik-53310","status":"publish","type":"product","link":"https:\/\/www.purejewels.com\/tr\/product\/22ct-gold-baby-bead-bracelet-53310\/","title":{"rendered":"22 Ayar Alt\u0131n Bebek Boncuk Bileklik"},"content":{"rendered":"<h4 data-start=\"469\" data-end=\"494\"><strong data-start=\"474\" data-end=\"492\">Tasar\u0131m Konsepti<\/strong><\/h4>\n<p data-start=\"495\" data-end=\"760\">Bir \u00e7ocu\u011fun hayat\u0131ndaki en erken d\u00f6n\u00fcm noktalar\u0131n\u0131 onurland\u0131rmak i\u00e7in yarat\u0131lan bu bebek bilekli\u011fi s\u0131cakl\u0131k, koruma ve sevgiyi yans\u0131t\u0131yor. \u00dc\u00e7 merkezi boncuk ve iki aral\u0131kl\u0131 aksan\u0131n nazik d\u00fczenlemesi uyum ve \u00f6zeni \u00e7a\u011fr\u0131\u015ft\u0131r\u0131r - en de\u011ferli ba\u015flang\u0131\u00e7lar i\u00e7in sembolik bir tasar\u0131m.<\/p>\n<h4 data-start=\"762\" data-end=\"786\"><strong data-start=\"767\" data-end=\"784\">Zanaatkarl\u0131k<\/strong><\/h4>\n<p data-start=\"787\" data-end=\"1121\">22 ayar sar\u0131 alt\u0131ndan el yap\u0131m\u0131 olarak \u00fcretilen bu bileklik, bebeklerin kullan\u0131m\u0131 i\u00e7in hem g\u00fcvenli hem de \u015f\u0131k olan yumu\u015fak kenarl\u0131 dokulu boncuklarla titizlikle tasarlanm\u0131\u015ft\u0131r. 5 in\u00e7 \u00f6l\u00e7\u00fcs\u00fcnde ve 1,4 gram a\u011f\u0131rl\u0131\u011f\u0131ndaki bileklik, k\u00fc\u00e7\u00fck bilekler i\u00e7in m\u00fckemmel boyuttad\u0131r. Londra Assay Ofisi taraf\u0131ndan damgalanan bu bileklik, \u00f6zg\u00fcnl\u00fck ve aile yadig\u00e2r\u0131 kalitesi vaat etmektedir.<\/p>\n<h4 data-start=\"1123\" data-end=\"1157\"><strong data-start=\"1128\" data-end=\"1155\">\u015eekillendirme ve Hediye Fikirleri<\/strong><\/h4>\n<ul>\n<li data-start=\"1160\" data-end=\"1230\">Yeni do\u011fanlar, bebek du\u015flar\u0131 veya isim verme t\u00f6renleri i\u00e7in m\u00fckemmel bir hediye.<\/li>\n<li data-start=\"1233\" data-end=\"1295\">Bir aile hat\u0131ras\u0131 olarak nesilden nesile aktar\u0131labilir.<\/li>\n<li data-start=\"1298\" data-end=\"1383\">Little Jewels koleksiyonumuzdan uyumlu bebek halhallar\u0131 veya alt\u0131n k\u00fcpelerle e\u015fle\u015ftirin.<\/li>\n<li data-start=\"1386\" data-end=\"1463\">G\u00fcnl\u00fck kullan\u0131m veya do\u011fum g\u00fcnleri ve kutsamalar gibi t\u00f6rensel durumlar i\u00e7in idealdir.<\/li>\n<\/ul>","protected":false},"excerpt":{"rendered":"<p>K\u00fc\u00e7\u00fck \u00e7ocu\u011funuzu bu b\u00fcy\u00fcleyici 22 ayar alt\u0131n Bebek Boncuk Bileklik ile kutlay\u0131n. \u00d6zenle tasarlanan bileklik, 5 in\u00e7lik ince bir zincir \u00fczerinde zarif dokulu alt\u0131n boncuklara sahiptir. 1,4 gram a\u011f\u0131rl\u0131\u011f\u0131yla anlaml\u0131 bir hat\u0131ra ve g\u00fczel bir ilk m\u00fccevher par\u00e7as\u0131d\u0131r.<\/p>\n<p><strong>Malzeme:<\/strong> 22 Ayar Alt\u0131n (91,6% Saf Alt\u0131n)<strong><br \/>\nHallmark:\u00a0<\/strong>\u0130ngiliz Damgas\u0131<strong><br \/>\n<\/strong><strong>Br\u00fct A\u011f\u0131rl\u0131k: <\/strong>1.40 Gms<br \/>\n<strong>Uzunluk:<\/strong> 5 in\u00e7<br \/>\n<strong>SKU:<\/strong> 53306<\/p>\n<p><strong>Fiyat ve Teslimat<\/strong>: KDV ve teslimat \u00fccreti dahil<br \/>\n<a href=\"https:\/\/www.purejewels.com\/tr\/i%cc%87ade-poli%cc%87ti%cc%87kasi\/\">\u0130ade Politikas\u0131<\/a><\/p>\n<p>&nbsp;<\/p>","protected":false},"featured_media":423733,"comment_status":"closed","ping_status":"closed","template":"","meta":{"_eb_attr":"","_crsspst_to_jayantr4sg-hostcom":true},"product_brand":[],"product_cat":[5441,1576,1793,1324,1229,5343,1436,5349],"product_tag":[1546],"class_list":{"0":"post-418320","1":"product","2":"type-product","3":"status-publish","4":"has-post-thumbnail","6":"product_cat-gold-bead-bracelets","7":"product_cat-childrens-jewellery","8":"product_cat-diwali-gifts","9":"product_cat-gold-bracelet","10":"product_cat-22ct-gold-jewellery","11":"product_cat-jewellery-under-550","12":"product_cat-kids-bracelet-kada","13":"product_cat-yellow-gold-jewellery","14":"product_tag-children","16":"first","17":"outofstock","18":"taxable","19":"shipping-taxable","20":"product-type-simple","21":"add-to-wishlist-before_image"},"yoast_head":"<!-- This site is optimized with the Yoast SEO plugin v27.5 - https:\/\/yoast.com\/product\/yoast-seo-wordpress\/ -->\n<title>22ct Gold Baby Bead Bracelet | PureJewels London UK<\/title>\n<meta name=\"description\" content=\"Discover the 22ct Gold Baby Bead Bracelet at PureJewels. Lightweight at 1.4g, 5-inch chain with textured gold beads. A perfect newborn gift and keepsake.\" \/>\n<meta name=\"robots\" content=\"index, follow, max-snippet:-1, max-image-preview:large, max-video-preview:-1\" \/>\n<link rel=\"canonical\" href=\"https:\/\/www.purejewels.com\/tr\/urun\/22-ayar-altin-bebek-boncuk-bileklik-53310\/\" \/>\n<meta property=\"og:locale\" content=\"tr_TR\" \/>\n<meta property=\"og:type\" content=\"article\" \/>\n<meta property=\"og:title\" content=\"22ct Gold Baby Bead Bracelet | PureJewels London UK\" \/>\n<meta property=\"og:description\" content=\"Discover the 22ct Gold Baby Bead Bracelet at PureJewels. Lightweight at 1.4g, 5-inch chain with textured gold beads. A perfect newborn gift and keepsake.\" \/>\n<meta property=\"og:url\" content=\"https:\/\/www.purejewels.com\/tr\/urun\/22-ayar-altin-bebek-boncuk-bileklik-53310\/\" \/>\n<meta property=\"og:site_name\" content=\"PureJewels UK\" \/>\n<meta property=\"article:modified_time\" content=\"2026-03-09T05:45:34+00:00\" \/>\n<meta property=\"og:image\" content=\"https:\/\/static.purejewels.com\/wp-content\/uploads\/2025\/11\/SKU-53310.jpg\" \/>\n\t<meta property=\"og:image:width\" content=\"1000\" \/>\n\t<meta property=\"og:image:height\" content=\"1000\" \/>\n\t<meta property=\"og:image:type\" content=\"image\/jpeg\" \/>\n<meta name=\"twitter:card\" content=\"summary_large_image\" \/>\n<meta name=\"twitter:label1\" content=\"Tahmini okuma s\u00fcresi\" \/>\n\t<meta name=\"twitter:data1\" content=\"1 dakika\" \/>\n<script type=\"application\/ld+json\" class=\"yoast-schema-graph\">{\"@context\":\"https:\\\/\\\/schema.org\",\"@graph\":[{\"@type\":[\"WebPage\",\"ItemPage\"],\"@id\":\"https:\\\/\\\/www.purejewels.com\\\/product\\\/22ct-gold-baby-bead-bracelet-53310\\\/\",\"url\":\"https:\\\/\\\/www.purejewels.com\\\/product\\\/22ct-gold-baby-bead-bracelet-53310\\\/\",\"name\":\"22ct Gold Baby Bead Bracelet | PureJewels London UK\",\"isPartOf\":{\"@id\":\"https:\\\/\\\/www.purejewels.com\\\/#website\"},\"primaryImageOfPage\":{\"@id\":\"https:\\\/\\\/www.purejewels.com\\\/product\\\/22ct-gold-baby-bead-bracelet-53310\\\/#primaryimage\"},\"image\":{\"@id\":\"https:\\\/\\\/www.purejewels.com\\\/product\\\/22ct-gold-baby-bead-bracelet-53310\\\/#primaryimage\"},\"thumbnailUrl\":\"https:\\\/\\\/static.purejewels.com\\\/wp-content\\\/uploads\\\/2025\\\/11\\\/SKU-53310.jpg\",\"datePublished\":\"2026-01-14T08:10:48+00:00\",\"dateModified\":\"2026-03-09T05:45:34+00:00\",\"description\":\"Discover the 22ct Gold Baby Bead Bracelet at PureJewels. Lightweight at 1.4g, 5-inch chain with textured gold beads. A perfect newborn gift and keepsake.\",\"breadcrumb\":{\"@id\":\"https:\\\/\\\/www.purejewels.com\\\/product\\\/22ct-gold-baby-bead-bracelet-53310\\\/#breadcrumb\"},\"inLanguage\":\"tr\",\"potentialAction\":[{\"@type\":\"ReadAction\",\"target\":[\"https:\\\/\\\/www.purejewels.com\\\/product\\\/22ct-gold-baby-bead-bracelet-53310\\\/\"]}]},{\"@type\":\"ImageObject\",\"inLanguage\":\"tr\",\"@id\":\"https:\\\/\\\/www.purejewels.com\\\/product\\\/22ct-gold-baby-bead-bracelet-53310\\\/#primaryimage\",\"url\":\"https:\\\/\\\/static.purejewels.com\\\/wp-content\\\/uploads\\\/2025\\\/11\\\/SKU-53310.jpg\",\"contentUrl\":\"https:\\\/\\\/static.purejewels.com\\\/wp-content\\\/uploads\\\/2025\\\/11\\\/SKU-53310.jpg\",\"width\":1000,\"height\":1000,\"caption\":\"22ct Gold Bracelet\"},{\"@type\":\"BreadcrumbList\",\"@id\":\"https:\\\/\\\/www.purejewels.com\\\/product\\\/22ct-gold-baby-bead-bracelet-53310\\\/#breadcrumb\",\"itemListElement\":[{\"@type\":\"ListItem\",\"position\":1,\"name\":\"Home\",\"item\":\"https:\\\/\\\/www.purejewels.com\\\/\"},{\"@type\":\"ListItem\",\"position\":2,\"name\":\"Shop\",\"item\":\"https:\\\/\\\/www.purejewels.com\\\/shop\\\/\"},{\"@type\":\"ListItem\",\"position\":3,\"name\":\"22ct Gold Baby Bead Bracelet\"}]},{\"@type\":\"WebSite\",\"@id\":\"https:\\\/\\\/www.purejewels.com\\\/#website\",\"url\":\"https:\\\/\\\/www.purejewels.com\\\/\",\"name\":\"PureJewels UK\",\"description\":\"Share the Love\",\"publisher\":{\"@id\":\"https:\\\/\\\/www.purejewels.com\\\/#organization\"},\"potentialAction\":[{\"@type\":\"SearchAction\",\"target\":{\"@type\":\"EntryPoint\",\"urlTemplate\":\"https:\\\/\\\/www.purejewels.com\\\/?s={search_term_string}\"},\"query-input\":{\"@type\":\"PropertyValueSpecification\",\"valueRequired\":true,\"valueName\":\"search_term_string\"}}],\"inLanguage\":\"tr\"},{\"@type\":\"Organization\",\"@id\":\"https:\\\/\\\/www.purejewels.com\\\/#organization\",\"name\":\"PureJewels UK\",\"url\":\"https:\\\/\\\/www.purejewels.com\\\/\",\"logo\":{\"@type\":\"ImageObject\",\"inLanguage\":\"tr\",\"@id\":\"https:\\\/\\\/www.purejewels.com\\\/#\\\/schema\\\/logo\\\/image\\\/\",\"url\":\"https:\\\/\\\/static.purejewels.com\\\/wp-content\\\/uploads\\\/2020\\\/11\\\/Logo-PJ-New-1.png\",\"contentUrl\":\"https:\\\/\\\/static.purejewels.com\\\/wp-content\\\/uploads\\\/2020\\\/11\\\/Logo-PJ-New-1.png\",\"width\":150,\"height\":80,\"caption\":\"PureJewels UK\"},\"image\":{\"@id\":\"https:\\\/\\\/www.purejewels.com\\\/#\\\/schema\\\/logo\\\/image\\\/\"}}]}<\/script>\n<!-- \/ Yoast SEO plugin. -->","yoast_head_json":{"title":"22 Ayar Alt\u0131n Bebek Boncuk Bileklik | PureJewels London UK","description":"PureJewels'te 22 Ayar Alt\u0131n Bebek Boncuk Bilezi\u011fini ke\u015ffedin. 1,4 g hafifli\u011finde, dokulu alt\u0131n boncuklu 5 in\u00e7 zincir. M\u00fckemmel bir yenido\u011fan hediyesi ve hat\u0131ras\u0131.","robots":{"index":"index","follow":"follow","max-snippet":"max-snippet:-1","max-image-preview":"max-image-preview:large","max-video-preview":"max-video-preview:-1"},"canonical":"https:\/\/www.purejewels.com\/tr\/urun\/22-ayar-altin-bebek-boncuk-bileklik-53310\/","og_locale":"tr_TR","og_type":"article","og_title":"22ct Gold Baby Bead Bracelet | PureJewels London UK","og_description":"Discover the 22ct Gold Baby Bead Bracelet at PureJewels. Lightweight at 1.4g, 5-inch chain with textured gold beads. A perfect newborn gift and keepsake.","og_url":"https:\/\/www.purejewels.com\/tr\/urun\/22-ayar-altin-bebek-boncuk-bileklik-53310\/","og_site_name":"PureJewels UK","article_modified_time":"2026-03-09T05:45:34+00:00","og_image":[{"width":1000,"height":1000,"url":"https:\/\/static.purejewels.com\/wp-content\/uploads\/2025\/11\/SKU-53310.jpg","type":"image\/jpeg"}],"twitter_card":"summary_large_image","twitter_misc":{"Tahmini okuma s\u00fcresi":"1 dakika"},"schema":{"@context":"https:\/\/schema.org","@graph":[{"@type":["WebPage","ItemPage"],"@id":"https:\/\/www.purejewels.com\/product\/22ct-gold-baby-bead-bracelet-53310\/","url":"https:\/\/www.purejewels.com\/product\/22ct-gold-baby-bead-bracelet-53310\/","name":"22 Ayar Alt\u0131n Bebek Boncuk Bileklik | PureJewels London UK","isPartOf":{"@id":"https:\/\/www.purejewels.com\/#website"},"primaryImageOfPage":{"@id":"https:\/\/www.purejewels.com\/product\/22ct-gold-baby-bead-bracelet-53310\/#primaryimage"},"image":{"@id":"https:\/\/www.purejewels.com\/product\/22ct-gold-baby-bead-bracelet-53310\/#primaryimage"},"thumbnailUrl":"https:\/\/static.purejewels.com\/wp-content\/uploads\/2025\/11\/SKU-53310.jpg","datePublished":"2026-01-14T08:10:48+00:00","dateModified":"2026-03-09T05:45:34+00:00","description":"PureJewels'te 22 Ayar Alt\u0131n Bebek Boncuk Bilezi\u011fini ke\u015ffedin. 1,4 g hafifli\u011finde, dokulu alt\u0131n boncuklu 5 in\u00e7 zincir. M\u00fckemmel bir yenido\u011fan hediyesi ve hat\u0131ras\u0131.","breadcrumb":{"@id":"https:\/\/www.purejewels.com\/product\/22ct-gold-baby-bead-bracelet-53310\/#breadcrumb"},"inLanguage":"tr","potentialAction":[{"@type":"ReadAction","target":["https:\/\/www.purejewels.com\/product\/22ct-gold-baby-bead-bracelet-53310\/"]}]},{"@type":"ImageObject","inLanguage":"tr","@id":"https:\/\/www.purejewels.com\/product\/22ct-gold-baby-bead-bracelet-53310\/#primaryimage","url":"https:\/\/static.purejewels.com\/wp-content\/uploads\/2025\/11\/SKU-53310.jpg","contentUrl":"https:\/\/static.purejewels.com\/wp-content\/uploads\/2025\/11\/SKU-53310.jpg","width":1000,"height":1000,"caption":"22ct Gold Bracelet"},{"@type":"BreadcrumbList","@id":"https:\/\/www.purejewels.com\/product\/22ct-gold-baby-bead-bracelet-53310\/#breadcrumb","itemListElement":[{"@type":"ListItem","position":1,"name":"Home","item":"https:\/\/www.purejewels.com\/"},{"@type":"ListItem","position":2,"name":"Shop","item":"https:\/\/www.purejewels.com\/shop\/"},{"@type":"ListItem","position":3,"name":"22ct Gold Baby Bead Bracelet"}]},{"@type":"WebSite","@id":"https:\/\/www.purejewels.com\/#website","url":"https:\/\/www.purejewels.com\/","name":"PureJewels \u0130ngiltere","description":"Sevgiyi Payla\u015f\u0131n","publisher":{"@id":"https:\/\/www.purejewels.com\/#organization"},"potentialAction":[{"@type":"SearchAction","target":{"@type":"EntryPoint","urlTemplate":"https:\/\/www.purejewels.com\/?s={search_term_string}"},"query-input":{"@type":"PropertyValueSpecification","valueRequired":true,"valueName":"search_term_string"}}],"inLanguage":"tr"},{"@type":"Organization","@id":"https:\/\/www.purejewels.com\/#organization","name":"PureJewels \u0130ngiltere","url":"https:\/\/www.purejewels.com\/","logo":{"@type":"ImageObject","inLanguage":"tr","@id":"https:\/\/www.purejewels.com\/#\/schema\/logo\/image\/","url":"https:\/\/static.purejewels.com\/wp-content\/uploads\/2020\/11\/Logo-PJ-New-1.png","contentUrl":"https:\/\/static.purejewels.com\/wp-content\/uploads\/2020\/11\/Logo-PJ-New-1.png","width":150,"height":80,"caption":"PureJewels UK"},"image":{"@id":"https:\/\/www.purejewels.com\/#\/schema\/logo\/image\/"}}]}},"_links":{"self":[{"href":"https:\/\/www.purejewels.com\/tr\/wp-json\/wp\/v2\/product\/418320","targetHints":{"allow":["GET"]}}],"collection":[{"href":"https:\/\/www.purejewels.com\/tr\/wp-json\/wp\/v2\/product"}],"about":[{"href":"https:\/\/www.purejewels.com\/tr\/wp-json\/wp\/v2\/types\/product"}],"replies":[{"embeddable":true,"href":"https:\/\/www.purejewels.com\/tr\/wp-json\/wp\/v2\/comments?post=418320"}],"version-history":[{"count":4,"href":"https:\/\/www.purejewels.com\/tr\/wp-json\/wp\/v2\/product\/418320\/revisions"}],"predecessor-version":[{"id":424166,"href":"https:\/\/www.purejewels.com\/tr\/wp-json\/wp\/v2\/product\/418320\/revisions\/424166"}],"wp:featuredmedia":[{"embeddable":true,"href":"https:\/\/www.purejewels.com\/tr\/wp-json\/wp\/v2\/media\/423733"}],"wp:attachment":[{"href":"https:\/\/www.purejewels.com\/tr\/wp-json\/wp\/v2\/media?parent=418320"}],"wp:term":[{"taxonomy":"product_brand","embeddable":true,"href":"https:\/\/www.purejewels.com\/tr\/wp-json\/wp\/v2\/product_brand?post=418320"},{"taxonomy":"product_cat","embeddable":true,"href":"https:\/\/www.purejewels.com\/tr\/wp-json\/wp\/v2\/product_cat?post=418320"},{"taxonomy":"product_tag","embeddable":true,"href":"https:\/\/www.purejewels.com\/tr\/wp-json\/wp\/v2\/product_tag?post=418320"}],"curies":[{"name":"wp","href":"https:\/\/api.w.org\/{rel}","templated":true}]}}