{"id":418335,"date":"2025-09-09T07:04:28","date_gmt":"2025-09-09T06:04:28","guid":{"rendered":"https:\/\/www.purejewels.com\/?post_type=product&#038;p=418335"},"modified":"2026-03-27T04:58:48","modified_gmt":"2026-03-27T04:58:48","slug":"22-ayar-altin-yontulmus-halka-saplama-kupe-52435","status":"publish","type":"product","link":"https:\/\/www.purejewels.com\/tr\/product\/22ct-gold-sculpted-loop-stud-earrings-52435\/","title":{"rendered":"22 Ayar Alt\u0131n Yontulmu\u015f Halka Saplama K\u00fcpe"},"content":{"rendered":"<h4 data-start=\"491\" data-end=\"516\"><strong data-start=\"496\" data-end=\"514\">Tasar\u0131m Konsepti<\/strong><\/h4>\n<p data-start=\"517\" data-end=\"860\">Bu k\u00fcpeler, ak\u0131\u015fkan \u00e7izgileri, yumu\u015fak k\u0131vr\u0131mlar\u0131 ve sanatsal spontanl\u0131\u011f\u0131 \u00e7a\u011fr\u0131\u015ft\u0131ran serbest bi\u00e7imli tasar\u0131m\u0131n zarafetine bir \u00f6vg\u00fc niteli\u011findedir. \u0130\u00e7 i\u00e7e ge\u00e7en halkalar, yaz\u0131n\u0131n veya melodinin ak\u0131\u015f\u0131n\u0131 incelikle yans\u0131tan havadar, \u00e7a\u011fda\u015f bir siluet olu\u015fturur. Sadeli\u011fin bir ifadesi olan bu \u00fcr\u00fcnler, k\u00fclt\u00fcrel derinli\u011fe sahip modern tasar\u0131m\u0131 takdir eden kad\u0131nlar i\u00e7in idealdir.<\/p>\n<h4 data-start=\"862\" data-end=\"886\"><strong data-start=\"867\" data-end=\"884\">Zanaatkarl\u0131k<\/strong><\/h4>\n<p data-start=\"887\" data-end=\"1292\">Saf 22 ayar sar\u0131 alt\u0131ndan el yap\u0131m\u0131 olarak \u00fcretilen bu k\u00fcpeler 2,5 gram a\u011f\u0131rl\u0131\u011f\u0131ndad\u0131r ve g\u00fcnl\u00fck kullan\u0131m i\u00e7in rahat bir vidal\u0131 ba\u011flant\u0131 ile tasarlanm\u0131\u015ft\u0131r. P\u00fcr\u00fczs\u00fcz, saten cilal\u0131 kaplama heykelsi g\u00f6r\u00fcn\u00fcm\u00fc g\u00fc\u00e7lendirir ve a\u00e7\u0131k tasar\u0131mlar\u0131 kulakta hafif ve zahmetsiz hissetmelerini sa\u011flar. Londra Assay Ofisi taraf\u0131ndan damgalanan her bir par\u00e7a, detaylara ve alt\u0131n safl\u0131\u011f\u0131na g\u00f6sterilen kusursuz \u00f6zeni yans\u0131tmaktad\u0131r.<\/p>\n<h4 data-start=\"97\" data-end=\"121\"><strong data-start=\"102\" data-end=\"119\">Stil Fikirleri<\/strong><\/h4>\n<p data-start=\"122\" data-end=\"811\">Bu yontulmu\u015f halka k\u00fcpeler her k\u0131yafete sanatsal bir zarafet dokunu\u015fu getiriyor. Ak\u0131c\u0131 formlar\u0131 hem saree veya \u015falvar gibi geleneksel k\u0131yafetlerle hem de keten bluzlar, \u00f6zel dikim g\u00f6mlekler veya d\u00f6k\u00fcml\u00fc elbiseler gibi modern tak\u0131mlarla g\u00fczel bir uyum sa\u011flar. Minimal, zarif bir ifade i\u00e7in tek ba\u015f\u0131na tak\u0131n veya uyumlu, \u00e7a\u011fda\u015f bir g\u00f6r\u00fcn\u00fcm i\u00e7in narin alt\u0131n bilezikler veya yumu\u015fak k\u0131vr\u0131ml\u0131 bir kolye ucu ile birlikte stilize edin. \u0130ster bir galeri ak\u015fam\u0131, ister \u015fenlikli bir toplant\u0131 i\u00e7in giyiniyor olun, ister sadece g\u00fcnl\u00fck stilinizi y\u00fckseltiyor olun, bu k\u00fcpeler ay\u0131rt edici bir kenar ile \u00e7ok y\u00f6nl\u00fcl\u00fck sunar. Ayr\u0131ca tasar\u0131m, sanat veya modern bir ruha sahip zamans\u0131z m\u00fccevher severler i\u00e7in d\u00fc\u015f\u00fcnceli bir hediyedir.<\/p>","protected":false},"excerpt":{"rendered":"<p>Zarif ve \u00e7a\u011fda\u015f bu 22 Ayar Alt\u0131n \u015eekillendirilmi\u015f Halka Saplama K\u00fcpeler, sanatsal kaligrafiden ilham alan ak\u0131c\u0131, delikli bir tasar\u0131ma sahiptir. Y\u00fcksek cilal\u0131 sar\u0131 alt\u0131ndan \u00fcretilen ve 2,5 gram a\u011f\u0131rl\u0131\u011f\u0131nda olan bu k\u00fcpeler hafiflik, hareket ve modern zarafetin m\u00fckemmel bir kar\u0131\u015f\u0131m\u0131d\u0131r.<\/p>\n<p><strong>Malzeme:<\/strong>\u00a022 Ayar Alt\u0131n<br \/>\n<strong>Safl\u0131k:<\/strong>\u00a091.6% saf<br \/>\n<strong>Hallmark:<\/strong>\u00a0\u0130ngiliz Damgas\u0131<strong><br \/>\n<\/strong><strong>Br\u00fct A\u011f\u0131rl\u0131k: <\/strong>2.50 Gms<br \/>\n<strong>SKU:<\/strong> 52435<\/p>\n<p><strong>Fiyat ve Teslimat<\/strong>: KDV ve teslimat \u00fccreti dahil<br \/>\n<a href=\"https:\/\/www.purejewels.com\/tr\/i%cc%87ade-poli%cc%87ti%cc%87kasi\/\">\u0130ade Politikas\u0131<\/a><\/p>","protected":false},"featured_media":418336,"comment_status":"closed","ping_status":"closed","template":"","meta":{"_eb_attr":"","_crsspst_to_jayantr4sg-hostcom":true},"product_brand":[],"product_cat":[1559,236,1793,1792,1790,1254,5343,1570,1577,1574,5349],"product_tag":[66],"class_list":{"0":"post-418335","1":"product","2":"type-product","3":"status-publish","4":"has-post-thumbnail","6":"product_cat-birthday-gifts","7":"product_cat-collections","8":"product_cat-diwali-gifts","9":"product_cat-festival-gifts","10":"product_cat-for-whom-when","11":"product_cat-gold-earrings","12":"product_cat-jewellery-under-550","13":"product_cat-mothers-day-gifts","14":"product_cat-stud-earrings","15":"product_cat-womens-jewellery","16":"product_cat-yellow-gold-jewellery","17":"product_tag-earrings","19":"first","20":"outofstock","21":"taxable","22":"shipping-taxable","23":"product-type-simple","24":"add-to-wishlist-before_image"},"yoast_head":"<!-- This site is optimized with the Yoast SEO plugin v27.6 - https:\/\/yoast.com\/product\/yoast-seo-wordpress\/ -->\n<title>22ct Gold Sculpted Loop Stud Earrings | PureJewels London<\/title>\n<meta name=\"description\" content=\"Shop 22ct Gold Sculpted Loop Stud Earrings at PureJewels. Lightweight 2.5g studs with flowing openwork design. Hallmarked, elegant and contemporary.\" \/>\n<meta name=\"robots\" content=\"index, follow, max-snippet:-1, max-image-preview:large, max-video-preview:-1\" \/>\n<link rel=\"canonical\" href=\"https:\/\/www.purejewels.com\/tr\/urun\/22-ayar-altin-yontulmus-halka-saplama-kupe-52435\/\" \/>\n<meta property=\"og:locale\" content=\"tr_TR\" \/>\n<meta property=\"og:type\" content=\"article\" \/>\n<meta property=\"og:title\" content=\"22ct Gold Sculpted Loop Stud Earrings | PureJewels London\" \/>\n<meta property=\"og:description\" content=\"Shop 22ct Gold Sculpted Loop Stud Earrings at PureJewels. Lightweight 2.5g studs with flowing openwork design. Hallmarked, elegant and contemporary.\" \/>\n<meta property=\"og:url\" content=\"https:\/\/www.purejewels.com\/tr\/urun\/22-ayar-altin-yontulmus-halka-saplama-kupe-52435\/\" \/>\n<meta property=\"og:site_name\" content=\"PureJewels UK\" \/>\n<meta property=\"article:modified_time\" content=\"2026-03-27T04:58:48+00:00\" \/>\n<meta property=\"og:image\" content=\"https:\/\/static.purejewels.com\/wp-content\/uploads\/2025\/10\/SKU-52435_1.jpg\" \/>\n\t<meta property=\"og:image:width\" content=\"1000\" \/>\n\t<meta property=\"og:image:height\" content=\"1000\" \/>\n\t<meta property=\"og:image:type\" content=\"image\/jpeg\" \/>\n<meta name=\"twitter:card\" content=\"summary_large_image\" \/>\n<meta name=\"twitter:label1\" content=\"Tahmini okuma s\u00fcresi\" \/>\n\t<meta name=\"twitter:data1\" content=\"2 dakika\" \/>\n<script type=\"application\/ld+json\" class=\"yoast-schema-graph\">{\"@context\":\"https:\\\/\\\/schema.org\",\"@graph\":[{\"@type\":[\"WebPage\",\"ItemPage\"],\"@id\":\"https:\\\/\\\/www.purejewels.com\\\/product\\\/22ct-gold-sculpted-loop-stud-earrings-52435\\\/\",\"url\":\"https:\\\/\\\/www.purejewels.com\\\/product\\\/22ct-gold-sculpted-loop-stud-earrings-52435\\\/\",\"name\":\"22ct Gold Sculpted Loop Stud Earrings | PureJewels London\",\"isPartOf\":{\"@id\":\"https:\\\/\\\/www.purejewels.com\\\/#website\"},\"primaryImageOfPage\":{\"@id\":\"https:\\\/\\\/www.purejewels.com\\\/product\\\/22ct-gold-sculpted-loop-stud-earrings-52435\\\/#primaryimage\"},\"image\":{\"@id\":\"https:\\\/\\\/www.purejewels.com\\\/product\\\/22ct-gold-sculpted-loop-stud-earrings-52435\\\/#primaryimage\"},\"thumbnailUrl\":\"https:\\\/\\\/static.purejewels.com\\\/wp-content\\\/uploads\\\/2025\\\/10\\\/SKU-52435_1.jpg\",\"datePublished\":\"2025-09-09T06:04:28+00:00\",\"dateModified\":\"2026-03-27T04:58:48+00:00\",\"description\":\"Shop 22ct Gold Sculpted Loop Stud Earrings at PureJewels. Lightweight 2.5g studs with flowing openwork design. Hallmarked, elegant and contemporary.\",\"breadcrumb\":{\"@id\":\"https:\\\/\\\/www.purejewels.com\\\/product\\\/22ct-gold-sculpted-loop-stud-earrings-52435\\\/#breadcrumb\"},\"inLanguage\":\"tr\",\"potentialAction\":[{\"@type\":\"ReadAction\",\"target\":[\"https:\\\/\\\/www.purejewels.com\\\/product\\\/22ct-gold-sculpted-loop-stud-earrings-52435\\\/\"]}]},{\"@type\":\"ImageObject\",\"inLanguage\":\"tr\",\"@id\":\"https:\\\/\\\/www.purejewels.com\\\/product\\\/22ct-gold-sculpted-loop-stud-earrings-52435\\\/#primaryimage\",\"url\":\"https:\\\/\\\/static.purejewels.com\\\/wp-content\\\/uploads\\\/2025\\\/10\\\/SKU-52435_1.jpg\",\"contentUrl\":\"https:\\\/\\\/static.purejewels.com\\\/wp-content\\\/uploads\\\/2025\\\/10\\\/SKU-52435_1.jpg\",\"width\":1000,\"height\":1000,\"caption\":\"22ct Gold Sculpted Loop Stud Earrings\"},{\"@type\":\"BreadcrumbList\",\"@id\":\"https:\\\/\\\/www.purejewels.com\\\/product\\\/22ct-gold-sculpted-loop-stud-earrings-52435\\\/#breadcrumb\",\"itemListElement\":[{\"@type\":\"ListItem\",\"position\":1,\"name\":\"Home\",\"item\":\"https:\\\/\\\/www.purejewels.com\\\/\"},{\"@type\":\"ListItem\",\"position\":2,\"name\":\"Shop\",\"item\":\"https:\\\/\\\/www.purejewels.com\\\/shop\\\/\"},{\"@type\":\"ListItem\",\"position\":3,\"name\":\"22ct Gold Sculpted Loop Stud Earrings\"}]},{\"@type\":\"WebSite\",\"@id\":\"https:\\\/\\\/www.purejewels.com\\\/#website\",\"url\":\"https:\\\/\\\/www.purejewels.com\\\/\",\"name\":\"PureJewels UK\",\"description\":\"Share the Love\",\"publisher\":{\"@id\":\"https:\\\/\\\/www.purejewels.com\\\/#organization\"},\"potentialAction\":[{\"@type\":\"SearchAction\",\"target\":{\"@type\":\"EntryPoint\",\"urlTemplate\":\"https:\\\/\\\/www.purejewels.com\\\/?s={search_term_string}\"},\"query-input\":{\"@type\":\"PropertyValueSpecification\",\"valueRequired\":true,\"valueName\":\"search_term_string\"}}],\"inLanguage\":\"tr\"},{\"@type\":\"Organization\",\"@id\":\"https:\\\/\\\/www.purejewels.com\\\/#organization\",\"name\":\"PureJewels UK\",\"url\":\"https:\\\/\\\/www.purejewels.com\\\/\",\"logo\":{\"@type\":\"ImageObject\",\"inLanguage\":\"tr\",\"@id\":\"https:\\\/\\\/www.purejewels.com\\\/#\\\/schema\\\/logo\\\/image\\\/\",\"url\":\"https:\\\/\\\/static.purejewels.com\\\/wp-content\\\/uploads\\\/2020\\\/11\\\/Logo-PJ-New-1.png\",\"contentUrl\":\"https:\\\/\\\/static.purejewels.com\\\/wp-content\\\/uploads\\\/2020\\\/11\\\/Logo-PJ-New-1.png\",\"width\":150,\"height\":80,\"caption\":\"PureJewels UK\"},\"image\":{\"@id\":\"https:\\\/\\\/www.purejewels.com\\\/#\\\/schema\\\/logo\\\/image\\\/\"}}]}<\/script>\n<!-- \/ Yoast SEO plugin. -->","yoast_head_json":{"title":"22 Ayar Alt\u0131n Yontulmu\u015f Halka Saplama K\u00fcpe | PureJewels London","description":"PureJewels'te 22 Ayar Alt\u0131n Yontulmu\u015f Halka Saplama K\u00fcpe sat\u0131n al\u0131n. Ak\u0131c\u0131 delikli tasar\u0131ma sahip 2,5 g a\u011f\u0131rl\u0131\u011f\u0131nda hafif saplamalar. Damgal\u0131, zarif ve \u00e7a\u011fda\u015f.","robots":{"index":"index","follow":"follow","max-snippet":"max-snippet:-1","max-image-preview":"max-image-preview:large","max-video-preview":"max-video-preview:-1"},"canonical":"https:\/\/www.purejewels.com\/tr\/urun\/22-ayar-altin-yontulmus-halka-saplama-kupe-52435\/","og_locale":"tr_TR","og_type":"article","og_title":"22ct Gold Sculpted Loop Stud Earrings | PureJewels London","og_description":"Shop 22ct Gold Sculpted Loop Stud Earrings at PureJewels. Lightweight 2.5g studs with flowing openwork design. Hallmarked, elegant and contemporary.","og_url":"https:\/\/www.purejewels.com\/tr\/urun\/22-ayar-altin-yontulmus-halka-saplama-kupe-52435\/","og_site_name":"PureJewels UK","article_modified_time":"2026-03-27T04:58:48+00:00","og_image":[{"width":1000,"height":1000,"url":"https:\/\/static.purejewels.com\/wp-content\/uploads\/2025\/10\/SKU-52435_1.jpg","type":"image\/jpeg"}],"twitter_card":"summary_large_image","twitter_misc":{"Tahmini okuma s\u00fcresi":"2 dakika"},"schema":{"@context":"https:\/\/schema.org","@graph":[{"@type":["WebPage","ItemPage"],"@id":"https:\/\/www.purejewels.com\/product\/22ct-gold-sculpted-loop-stud-earrings-52435\/","url":"https:\/\/www.purejewels.com\/product\/22ct-gold-sculpted-loop-stud-earrings-52435\/","name":"22 Ayar Alt\u0131n Yontulmu\u015f Halka Saplama K\u00fcpe | PureJewels London","isPartOf":{"@id":"https:\/\/www.purejewels.com\/#website"},"primaryImageOfPage":{"@id":"https:\/\/www.purejewels.com\/product\/22ct-gold-sculpted-loop-stud-earrings-52435\/#primaryimage"},"image":{"@id":"https:\/\/www.purejewels.com\/product\/22ct-gold-sculpted-loop-stud-earrings-52435\/#primaryimage"},"thumbnailUrl":"https:\/\/static.purejewels.com\/wp-content\/uploads\/2025\/10\/SKU-52435_1.jpg","datePublished":"2025-09-09T06:04:28+00:00","dateModified":"2026-03-27T04:58:48+00:00","description":"PureJewels'te 22 Ayar Alt\u0131n Yontulmu\u015f Halka Saplama K\u00fcpe sat\u0131n al\u0131n. Ak\u0131c\u0131 delikli tasar\u0131ma sahip 2,5 g a\u011f\u0131rl\u0131\u011f\u0131nda hafif saplamalar. Damgal\u0131, zarif ve \u00e7a\u011fda\u015f.","breadcrumb":{"@id":"https:\/\/www.purejewels.com\/product\/22ct-gold-sculpted-loop-stud-earrings-52435\/#breadcrumb"},"inLanguage":"tr","potentialAction":[{"@type":"ReadAction","target":["https:\/\/www.purejewels.com\/product\/22ct-gold-sculpted-loop-stud-earrings-52435\/"]}]},{"@type":"ImageObject","inLanguage":"tr","@id":"https:\/\/www.purejewels.com\/product\/22ct-gold-sculpted-loop-stud-earrings-52435\/#primaryimage","url":"https:\/\/static.purejewels.com\/wp-content\/uploads\/2025\/10\/SKU-52435_1.jpg","contentUrl":"https:\/\/static.purejewels.com\/wp-content\/uploads\/2025\/10\/SKU-52435_1.jpg","width":1000,"height":1000,"caption":"22ct Gold Sculpted Loop Stud Earrings"},{"@type":"BreadcrumbList","@id":"https:\/\/www.purejewels.com\/product\/22ct-gold-sculpted-loop-stud-earrings-52435\/#breadcrumb","itemListElement":[{"@type":"ListItem","position":1,"name":"Home","item":"https:\/\/www.purejewels.com\/"},{"@type":"ListItem","position":2,"name":"Shop","item":"https:\/\/www.purejewels.com\/shop\/"},{"@type":"ListItem","position":3,"name":"22ct Gold Sculpted Loop Stud Earrings"}]},{"@type":"WebSite","@id":"https:\/\/www.purejewels.com\/#website","url":"https:\/\/www.purejewels.com\/","name":"PureJewels \u0130ngiltere","description":"Sevgiyi Payla\u015f\u0131n","publisher":{"@id":"https:\/\/www.purejewels.com\/#organization"},"potentialAction":[{"@type":"SearchAction","target":{"@type":"EntryPoint","urlTemplate":"https:\/\/www.purejewels.com\/?s={search_term_string}"},"query-input":{"@type":"PropertyValueSpecification","valueRequired":true,"valueName":"search_term_string"}}],"inLanguage":"tr"},{"@type":"Organization","@id":"https:\/\/www.purejewels.com\/#organization","name":"PureJewels \u0130ngiltere","url":"https:\/\/www.purejewels.com\/","logo":{"@type":"ImageObject","inLanguage":"tr","@id":"https:\/\/www.purejewels.com\/#\/schema\/logo\/image\/","url":"https:\/\/static.purejewels.com\/wp-content\/uploads\/2020\/11\/Logo-PJ-New-1.png","contentUrl":"https:\/\/static.purejewels.com\/wp-content\/uploads\/2020\/11\/Logo-PJ-New-1.png","width":150,"height":80,"caption":"PureJewels UK"},"image":{"@id":"https:\/\/www.purejewels.com\/#\/schema\/logo\/image\/"}}]}},"_links":{"self":[{"href":"https:\/\/www.purejewels.com\/tr\/wp-json\/wp\/v2\/product\/418335","targetHints":{"allow":["GET"]}}],"collection":[{"href":"https:\/\/www.purejewels.com\/tr\/wp-json\/wp\/v2\/product"}],"about":[{"href":"https:\/\/www.purejewels.com\/tr\/wp-json\/wp\/v2\/types\/product"}],"replies":[{"embeddable":true,"href":"https:\/\/www.purejewels.com\/tr\/wp-json\/wp\/v2\/comments?post=418335"}],"version-history":[{"count":2,"href":"https:\/\/www.purejewels.com\/tr\/wp-json\/wp\/v2\/product\/418335\/revisions"}],"predecessor-version":[{"id":418339,"href":"https:\/\/www.purejewels.com\/tr\/wp-json\/wp\/v2\/product\/418335\/revisions\/418339"}],"wp:featuredmedia":[{"embeddable":true,"href":"https:\/\/www.purejewels.com\/tr\/wp-json\/wp\/v2\/media\/418336"}],"wp:attachment":[{"href":"https:\/\/www.purejewels.com\/tr\/wp-json\/wp\/v2\/media?parent=418335"}],"wp:term":[{"taxonomy":"product_brand","embeddable":true,"href":"https:\/\/www.purejewels.com\/tr\/wp-json\/wp\/v2\/product_brand?post=418335"},{"taxonomy":"product_cat","embeddable":true,"href":"https:\/\/www.purejewels.com\/tr\/wp-json\/wp\/v2\/product_cat?post=418335"},{"taxonomy":"product_tag","embeddable":true,"href":"https:\/\/www.purejewels.com\/tr\/wp-json\/wp\/v2\/product_tag?post=418335"}],"curies":[{"name":"wp","href":"https:\/\/api.w.org\/{rel}","templated":true}]}}