{"id":418340,"date":"2025-09-09T07:17:35","date_gmt":"2025-09-09T06:17:35","guid":{"rendered":"https:\/\/www.purejewels.com\/?post_type=product&#038;p=418340"},"modified":"2026-04-29T07:49:23","modified_gmt":"2026-04-29T06:49:23","slug":"22-ayar-altin-kontur-saplama-kupe-52446","status":"publish","type":"product","link":"https:\/\/www.purejewels.com\/tr\/product\/22ct-gold-contour-stud-earrings-52446\/","title":{"rendered":"22 Ayar Alt\u0131n Kontur Saplama K\u00fcpe"},"content":{"rendered":"<h4 data-start=\"439\" data-end=\"464\"><strong data-start=\"444\" data-end=\"462\">Tasar\u0131m Konsepti<\/strong><\/h4>\n<p data-start=\"465\" data-end=\"841\">Bu k\u00fcpeler, \u00e7a\u011fda\u015f heykellerde bulunan do\u011fal k\u0131vr\u0131mlardan ve zarif \u00e7izgilerden esinlenmi\u015ftir. Y\u00fcksek cila ve saten mat y\u00fczey aras\u0131ndaki ince etkile\u015fim g\u00f6rsel derinlik yarat\u0131rken, kavisli kontur insan formunun nazik zarafetini yans\u0131t\u0131r. Modern l\u00fcks\u00fcn rafine ve minimalist bir ifadesi olan bu \u00e7\u0131t\u00e7\u0131tlar, abart\u0131s\u0131z tasar\u0131m\u0131 tercih edenler i\u00e7in idealdir.<\/p>\n<h4 data-start=\"843\" data-end=\"867\"><strong data-start=\"848\" data-end=\"865\">Zanaatkarl\u0131k<\/strong><\/h4>\n<p data-start=\"868\" data-end=\"1245\">Saf 22 ayar sar\u0131 alt\u0131ndan el yap\u0131m\u0131 olarak \u00fcretilen her bir k\u00fcpe, g\u00fcvenli bir vidal\u0131 ba\u011flant\u0131 ile lobun \u00fczerine tam oturacak \u015fekilde g\u00fczelce dengelenmi\u015ftir. 1,82 gram a\u011f\u0131rl\u0131\u011f\u0131ndaki k\u00fcpeler g\u00fcn boyu kullan\u0131m i\u00e7in hafif ve rahatt\u0131r. Yumu\u015fak konturlu form, detaylara ola\u011fan\u00fcst\u00fc \u00f6zen g\u00f6sterilerek tamamlanm\u0131\u015ft\u0131r ve alt\u0131n safl\u0131\u011f\u0131n\u0131 ve orijinalli\u011fini garanti etmek i\u00e7in Londra Assay Ofisi taraf\u0131ndan damgalanm\u0131\u015ft\u0131r.<\/p>\n<h4 data-start=\"1247\" data-end=\"1271\"><strong data-start=\"1252\" data-end=\"1269\">Stil Fikirleri<\/strong><\/h4>\n<p data-start=\"1272\" data-end=\"1708\">G\u00fcnl\u00fck kombininizi y\u00fckseltmek i\u00e7in m\u00fckemmel olan bu kontur \u00e7\u0131t\u00e7\u0131tlar, her g\u00f6r\u00fcn\u00fcme zarif bir hava katar. Minimal formlar\u0131 sayesinde ofis k\u0131yafetleri, hafta sonu gezmeleri veya abart\u0131s\u0131z gece \u015f\u0131kl\u0131\u011f\u0131 i\u00e7in idealdir. Koordineli bir g\u00f6r\u00fcn\u00fcm i\u00e7in yap\u0131land\u0131r\u0131lm\u0131\u015f bir alt\u0131n bilezik veya \u015f\u0131k bir kolye ucu ile e\u015fle\u015ftirin veya formun kendi ad\u0131na konu\u015fmas\u0131na izin vermek i\u00e7in tek ba\u015f\u0131na tak\u0131n. Bu k\u00fcpeler ayn\u0131 zamanda tasar\u0131m severler ve sessiz sofistikeli\u011fi tercih edenler i\u00e7in d\u00fc\u015f\u00fcnceli bir hediyedir.<\/p>","protected":false},"excerpt":{"rendered":"<p>22 ayar sar\u0131 alt\u0131ndan \u00fcretilen bu Contour Stud K\u00fcpeler, yumu\u015fak mat dokularla p\u00fcr\u00fczs\u00fcz cilay\u0131 heykelsi, modern bir formda harmanl\u0131yor. 1,82 gram a\u011f\u0131rl\u0131\u011f\u0131ndaki bu k\u00fcpeler, sessiz sofistikeli\u011fi ve g\u00fcnl\u00fck \u015f\u0131kl\u0131\u011f\u0131 takdir edenler i\u00e7in idealdir.<\/p>\n<p><strong>Malzeme:<\/strong>\u00a022 Ayar Alt\u0131n<br \/>\n<strong>Safl\u0131k:<\/strong>\u00a091.6% saf<br \/>\n<strong>Hallmark:<\/strong>\u00a0\u0130ngiliz Damgas\u0131<strong><br \/>\n<\/strong><strong>Br\u00fct A\u011f\u0131rl\u0131k: <\/strong>1.82 Gms<br \/>\n<strong>SKU:<\/strong> 52446<\/p>\n<p><strong>Fiyat ve Teslimat<\/strong>: KDV ve teslimat \u00fccreti dahil<br \/>\n<a href=\"https:\/\/www.purejewels.com\/tr\/i%cc%87ade-poli%cc%87ti%cc%87kasi\/\">\u0130ade Politikas\u0131<\/a><\/p>","protected":false},"featured_media":418341,"comment_status":"closed","ping_status":"closed","template":"","meta":{"_eb_attr":"","_crsspst_to_jayantr4sg-hostcom":true},"product_brand":[],"product_cat":[1559,1793,1792,1790,1254,5343,1570,1577,1574,5349],"product_tag":[66],"class_list":{"0":"post-418340","1":"product","2":"type-product","3":"status-publish","4":"has-post-thumbnail","6":"product_cat-birthday-gifts","7":"product_cat-diwali-gifts","8":"product_cat-festival-gifts","9":"product_cat-for-whom-when","10":"product_cat-gold-earrings","11":"product_cat-jewellery-under-550","12":"product_cat-mothers-day-gifts","13":"product_cat-stud-earrings","14":"product_cat-womens-jewellery","15":"product_cat-yellow-gold-jewellery","16":"product_tag-earrings","18":"first","19":"instock","20":"taxable","21":"shipping-taxable","22":"purchasable","23":"product-type-simple","24":"add-to-wishlist-before_image"},"yoast_head":"<!-- This site is optimized with the Yoast SEO plugin v27.6 - https:\/\/yoast.com\/product\/yoast-seo-wordpress\/ -->\n<title>22ct Gold Contour Stud Earrings | PureJewels London<\/title>\n<meta name=\"description\" content=\"Discover 22ct Gold Contour Stud Earrings at PureJewels. Sculpted dual-finish gold, 1.82g. Hallmarked in London. Elegant, modern design for daily wear.\" \/>\n<meta name=\"robots\" content=\"index, follow, max-snippet:-1, max-image-preview:large, max-video-preview:-1\" \/>\n<link rel=\"canonical\" href=\"https:\/\/www.purejewels.com\/tr\/urun\/22-ayar-altin-kontur-saplama-kupe-52446\/\" \/>\n<meta property=\"og:locale\" content=\"tr_TR\" \/>\n<meta property=\"og:type\" content=\"article\" \/>\n<meta property=\"og:title\" content=\"22ct Gold Contour Stud Earrings | PureJewels London\" \/>\n<meta property=\"og:description\" content=\"Discover 22ct Gold Contour Stud Earrings at PureJewels. Sculpted dual-finish gold, 1.82g. Hallmarked in London. Elegant, modern design for daily wear.\" \/>\n<meta property=\"og:url\" content=\"https:\/\/www.purejewels.com\/tr\/urun\/22-ayar-altin-kontur-saplama-kupe-52446\/\" \/>\n<meta property=\"og:site_name\" content=\"PureJewels UK\" \/>\n<meta property=\"article:modified_time\" content=\"2026-04-29T06:49:23+00:00\" \/>\n<meta property=\"og:image\" content=\"https:\/\/static.purejewels.com\/wp-content\/uploads\/2025\/10\/SKU-52446.jpg\" \/>\n\t<meta property=\"og:image:width\" content=\"1000\" \/>\n\t<meta property=\"og:image:height\" content=\"1000\" \/>\n\t<meta property=\"og:image:type\" content=\"image\/jpeg\" \/>\n<meta name=\"twitter:card\" content=\"summary_large_image\" \/>\n<meta name=\"twitter:label1\" content=\"Tahmini okuma s\u00fcresi\" \/>\n\t<meta name=\"twitter:data1\" content=\"2 dakika\" \/>\n<script type=\"application\/ld+json\" class=\"yoast-schema-graph\">{\"@context\":\"https:\\\/\\\/schema.org\",\"@graph\":[{\"@type\":[\"WebPage\",\"ItemPage\"],\"@id\":\"https:\\\/\\\/www.purejewels.com\\\/product\\\/22ct-gold-contour-stud-earrings-52446\\\/\",\"url\":\"https:\\\/\\\/www.purejewels.com\\\/product\\\/22ct-gold-contour-stud-earrings-52446\\\/\",\"name\":\"22ct Gold Contour Stud Earrings | PureJewels London\",\"isPartOf\":{\"@id\":\"https:\\\/\\\/www.purejewels.com\\\/#website\"},\"primaryImageOfPage\":{\"@id\":\"https:\\\/\\\/www.purejewels.com\\\/product\\\/22ct-gold-contour-stud-earrings-52446\\\/#primaryimage\"},\"image\":{\"@id\":\"https:\\\/\\\/www.purejewels.com\\\/product\\\/22ct-gold-contour-stud-earrings-52446\\\/#primaryimage\"},\"thumbnailUrl\":\"https:\\\/\\\/static.purejewels.com\\\/wp-content\\\/uploads\\\/2025\\\/10\\\/SKU-52446.jpg\",\"datePublished\":\"2025-09-09T06:17:35+00:00\",\"dateModified\":\"2026-04-29T06:49:23+00:00\",\"description\":\"Discover 22ct Gold Contour Stud Earrings at PureJewels. Sculpted dual-finish gold, 1.82g. Hallmarked in London. Elegant, modern design for daily wear.\",\"breadcrumb\":{\"@id\":\"https:\\\/\\\/www.purejewels.com\\\/product\\\/22ct-gold-contour-stud-earrings-52446\\\/#breadcrumb\"},\"inLanguage\":\"tr\",\"potentialAction\":[{\"@type\":\"ReadAction\",\"target\":[\"https:\\\/\\\/www.purejewels.com\\\/product\\\/22ct-gold-contour-stud-earrings-52446\\\/\"]}]},{\"@type\":\"ImageObject\",\"inLanguage\":\"tr\",\"@id\":\"https:\\\/\\\/www.purejewels.com\\\/product\\\/22ct-gold-contour-stud-earrings-52446\\\/#primaryimage\",\"url\":\"https:\\\/\\\/static.purejewels.com\\\/wp-content\\\/uploads\\\/2025\\\/10\\\/SKU-52446.jpg\",\"contentUrl\":\"https:\\\/\\\/static.purejewels.com\\\/wp-content\\\/uploads\\\/2025\\\/10\\\/SKU-52446.jpg\",\"width\":1000,\"height\":1000,\"caption\":\"22ct Gold Contour Stud Earrings\"},{\"@type\":\"BreadcrumbList\",\"@id\":\"https:\\\/\\\/www.purejewels.com\\\/product\\\/22ct-gold-contour-stud-earrings-52446\\\/#breadcrumb\",\"itemListElement\":[{\"@type\":\"ListItem\",\"position\":1,\"name\":\"Home\",\"item\":\"https:\\\/\\\/www.purejewels.com\\\/\"},{\"@type\":\"ListItem\",\"position\":2,\"name\":\"Shop\",\"item\":\"https:\\\/\\\/www.purejewels.com\\\/shop\\\/\"},{\"@type\":\"ListItem\",\"position\":3,\"name\":\"22ct Gold Contour Stud Earrings\"}]},{\"@type\":\"WebSite\",\"@id\":\"https:\\\/\\\/www.purejewels.com\\\/#website\",\"url\":\"https:\\\/\\\/www.purejewels.com\\\/\",\"name\":\"PureJewels UK\",\"description\":\"Share the Love\",\"publisher\":{\"@id\":\"https:\\\/\\\/www.purejewels.com\\\/#organization\"},\"potentialAction\":[{\"@type\":\"SearchAction\",\"target\":{\"@type\":\"EntryPoint\",\"urlTemplate\":\"https:\\\/\\\/www.purejewels.com\\\/?s={search_term_string}\"},\"query-input\":{\"@type\":\"PropertyValueSpecification\",\"valueRequired\":true,\"valueName\":\"search_term_string\"}}],\"inLanguage\":\"tr\"},{\"@type\":\"Organization\",\"@id\":\"https:\\\/\\\/www.purejewels.com\\\/#organization\",\"name\":\"PureJewels UK\",\"url\":\"https:\\\/\\\/www.purejewels.com\\\/\",\"logo\":{\"@type\":\"ImageObject\",\"inLanguage\":\"tr\",\"@id\":\"https:\\\/\\\/www.purejewels.com\\\/#\\\/schema\\\/logo\\\/image\\\/\",\"url\":\"https:\\\/\\\/static.purejewels.com\\\/wp-content\\\/uploads\\\/2020\\\/11\\\/Logo-PJ-New-1.png\",\"contentUrl\":\"https:\\\/\\\/static.purejewels.com\\\/wp-content\\\/uploads\\\/2020\\\/11\\\/Logo-PJ-New-1.png\",\"width\":150,\"height\":80,\"caption\":\"PureJewels UK\"},\"image\":{\"@id\":\"https:\\\/\\\/www.purejewels.com\\\/#\\\/schema\\\/logo\\\/image\\\/\"}}]}<\/script>\n<!-- \/ Yoast SEO plugin. -->","yoast_head_json":{"title":"22 Ayar Alt\u0131n Kontur Saplama K\u00fcpe | PureJewels London","description":"PureJewels'te 22 Ayar Alt\u0131n Kontur Saplama K\u00fcpeleri ke\u015ffedin. Yontulmu\u015f \u00e7ift y\u00fczl\u00fc alt\u0131n, 1,82 gr. Londra'da damgalanm\u0131\u015ft\u0131r. G\u00fcnl\u00fck kullan\u0131m i\u00e7in zarif, modern tasar\u0131m.","robots":{"index":"index","follow":"follow","max-snippet":"max-snippet:-1","max-image-preview":"max-image-preview:large","max-video-preview":"max-video-preview:-1"},"canonical":"https:\/\/www.purejewels.com\/tr\/urun\/22-ayar-altin-kontur-saplama-kupe-52446\/","og_locale":"tr_TR","og_type":"article","og_title":"22ct Gold Contour Stud Earrings | PureJewels London","og_description":"Discover 22ct Gold Contour Stud Earrings at PureJewels. Sculpted dual-finish gold, 1.82g. Hallmarked in London. Elegant, modern design for daily wear.","og_url":"https:\/\/www.purejewels.com\/tr\/urun\/22-ayar-altin-kontur-saplama-kupe-52446\/","og_site_name":"PureJewels UK","article_modified_time":"2026-04-29T06:49:23+00:00","og_image":[{"width":1000,"height":1000,"url":"https:\/\/static.purejewels.com\/wp-content\/uploads\/2025\/10\/SKU-52446.jpg","type":"image\/jpeg"}],"twitter_card":"summary_large_image","twitter_misc":{"Tahmini okuma s\u00fcresi":"2 dakika"},"schema":{"@context":"https:\/\/schema.org","@graph":[{"@type":["WebPage","ItemPage"],"@id":"https:\/\/www.purejewels.com\/product\/22ct-gold-contour-stud-earrings-52446\/","url":"https:\/\/www.purejewels.com\/product\/22ct-gold-contour-stud-earrings-52446\/","name":"22 Ayar Alt\u0131n Kontur Saplama K\u00fcpe | PureJewels London","isPartOf":{"@id":"https:\/\/www.purejewels.com\/#website"},"primaryImageOfPage":{"@id":"https:\/\/www.purejewels.com\/product\/22ct-gold-contour-stud-earrings-52446\/#primaryimage"},"image":{"@id":"https:\/\/www.purejewels.com\/product\/22ct-gold-contour-stud-earrings-52446\/#primaryimage"},"thumbnailUrl":"https:\/\/static.purejewels.com\/wp-content\/uploads\/2025\/10\/SKU-52446.jpg","datePublished":"2025-09-09T06:17:35+00:00","dateModified":"2026-04-29T06:49:23+00:00","description":"PureJewels'te 22 Ayar Alt\u0131n Kontur Saplama K\u00fcpeleri ke\u015ffedin. Yontulmu\u015f \u00e7ift y\u00fczl\u00fc alt\u0131n, 1,82 gr. Londra'da damgalanm\u0131\u015ft\u0131r. G\u00fcnl\u00fck kullan\u0131m i\u00e7in zarif, modern tasar\u0131m.","breadcrumb":{"@id":"https:\/\/www.purejewels.com\/product\/22ct-gold-contour-stud-earrings-52446\/#breadcrumb"},"inLanguage":"tr","potentialAction":[{"@type":"ReadAction","target":["https:\/\/www.purejewels.com\/product\/22ct-gold-contour-stud-earrings-52446\/"]}]},{"@type":"ImageObject","inLanguage":"tr","@id":"https:\/\/www.purejewels.com\/product\/22ct-gold-contour-stud-earrings-52446\/#primaryimage","url":"https:\/\/static.purejewels.com\/wp-content\/uploads\/2025\/10\/SKU-52446.jpg","contentUrl":"https:\/\/static.purejewels.com\/wp-content\/uploads\/2025\/10\/SKU-52446.jpg","width":1000,"height":1000,"caption":"22ct Gold Contour Stud Earrings"},{"@type":"BreadcrumbList","@id":"https:\/\/www.purejewels.com\/product\/22ct-gold-contour-stud-earrings-52446\/#breadcrumb","itemListElement":[{"@type":"ListItem","position":1,"name":"Home","item":"https:\/\/www.purejewels.com\/"},{"@type":"ListItem","position":2,"name":"Shop","item":"https:\/\/www.purejewels.com\/shop\/"},{"@type":"ListItem","position":3,"name":"22ct Gold Contour Stud Earrings"}]},{"@type":"WebSite","@id":"https:\/\/www.purejewels.com\/#website","url":"https:\/\/www.purejewels.com\/","name":"PureJewels \u0130ngiltere","description":"Sevgiyi Payla\u015f\u0131n","publisher":{"@id":"https:\/\/www.purejewels.com\/#organization"},"potentialAction":[{"@type":"SearchAction","target":{"@type":"EntryPoint","urlTemplate":"https:\/\/www.purejewels.com\/?s={search_term_string}"},"query-input":{"@type":"PropertyValueSpecification","valueRequired":true,"valueName":"search_term_string"}}],"inLanguage":"tr"},{"@type":"Organization","@id":"https:\/\/www.purejewels.com\/#organization","name":"PureJewels \u0130ngiltere","url":"https:\/\/www.purejewels.com\/","logo":{"@type":"ImageObject","inLanguage":"tr","@id":"https:\/\/www.purejewels.com\/#\/schema\/logo\/image\/","url":"https:\/\/static.purejewels.com\/wp-content\/uploads\/2020\/11\/Logo-PJ-New-1.png","contentUrl":"https:\/\/static.purejewels.com\/wp-content\/uploads\/2020\/11\/Logo-PJ-New-1.png","width":150,"height":80,"caption":"PureJewels UK"},"image":{"@id":"https:\/\/www.purejewels.com\/#\/schema\/logo\/image\/"}}]}},"_links":{"self":[{"href":"https:\/\/www.purejewels.com\/tr\/wp-json\/wp\/v2\/product\/418340","targetHints":{"allow":["GET"]}}],"collection":[{"href":"https:\/\/www.purejewels.com\/tr\/wp-json\/wp\/v2\/product"}],"about":[{"href":"https:\/\/www.purejewels.com\/tr\/wp-json\/wp\/v2\/types\/product"}],"replies":[{"embeddable":true,"href":"https:\/\/www.purejewels.com\/tr\/wp-json\/wp\/v2\/comments?post=418340"}],"version-history":[{"count":2,"href":"https:\/\/www.purejewels.com\/tr\/wp-json\/wp\/v2\/product\/418340\/revisions"}],"predecessor-version":[{"id":429157,"href":"https:\/\/www.purejewels.com\/tr\/wp-json\/wp\/v2\/product\/418340\/revisions\/429157"}],"wp:featuredmedia":[{"embeddable":true,"href":"https:\/\/www.purejewels.com\/tr\/wp-json\/wp\/v2\/media\/418341"}],"wp:attachment":[{"href":"https:\/\/www.purejewels.com\/tr\/wp-json\/wp\/v2\/media?parent=418340"}],"wp:term":[{"taxonomy":"product_brand","embeddable":true,"href":"https:\/\/www.purejewels.com\/tr\/wp-json\/wp\/v2\/product_brand?post=418340"},{"taxonomy":"product_cat","embeddable":true,"href":"https:\/\/www.purejewels.com\/tr\/wp-json\/wp\/v2\/product_cat?post=418340"},{"taxonomy":"product_tag","embeddable":true,"href":"https:\/\/www.purejewels.com\/tr\/wp-json\/wp\/v2\/product_tag?post=418340"}],"curies":[{"name":"wp","href":"https:\/\/api.w.org\/{rel}","templated":true}]}}