{"id":418344,"date":"2025-11-03T07:34:48","date_gmt":"2025-11-03T07:34:48","guid":{"rendered":"https:\/\/www.purejewels.com\/?post_type=product&#038;p=418344"},"modified":"2026-02-27T05:35:42","modified_gmt":"2026-02-27T05:35:42","slug":"22-ayar-altin-rodyum-burgu-yuvarlak-saplama-kupe-52411","status":"publish","type":"product","link":"https:\/\/www.purejewels.com\/tr\/product\/22ct-gold-rhodium-twist-round-stud-earrings-52411\/","title":{"rendered":"22 Ayar Alt\u0131n Rodyum Burgulu Yuvarlak Saplama K\u00fcpe"},"content":{"rendered":"<h4 data-start=\"479\" data-end=\"504\"><strong data-start=\"484\" data-end=\"502\">Tasar\u0131m Konsepti<\/strong><\/h4>\n<p data-start=\"505\" data-end=\"865\">Bu k\u00fcpeler, s\u0131cak 22 ayar sar\u0131 alt\u0131n\u0131n rodyumun so\u011fuk parlakl\u0131\u011f\u0131yla bulu\u015ftu\u011fu kontrast\u0131n uyumundan ilham al\u0131yor. Yuvarlak, y\u00fcksek cilal\u0131 kubbe safl\u0131\u011f\u0131 ve b\u00fct\u00fcnl\u00fc\u011f\u00fc \u00e7a\u011fr\u0131\u015ft\u0131r\u0131rken, burgulu ip bord\u00fcr boyut ve incelik kat\u0131yor. Sonu\u00e7, her ya\u015fa ve tarza uygun, hem geleneksel hem de canland\u0131r\u0131c\u0131 bir modernlik hissi veren bir tasar\u0131md\u0131r.<\/p>\n<h4 data-start=\"867\" data-end=\"891\"><strong data-start=\"872\" data-end=\"889\">Zanaatkarl\u0131k<\/strong><\/h4>\n<p data-start=\"892\" data-end=\"1276\">22 ayar sar\u0131 alt\u0131ndan ustal\u0131kla \u00fcretilen bu k\u00fcpeler 1,82 gram a\u011f\u0131rl\u0131\u011f\u0131ndad\u0131r ve g\u00fcnl\u00fck rahatl\u0131k i\u00e7in geleneksel vidal\u0131 ba\u011flant\u0131 ile sabitlenmi\u015ftir. Rodyum kaplama kenarl\u0131k, merkezi alt\u0131n kubbeyi g\u00fc\u00e7lendiren belirgin bir iki ton efekti yaratmak i\u00e7in \u00f6zenle uygulanm\u0131\u015ft\u0131r. Her bir \u00e7ift Londra Assay Ofisi taraf\u0131ndan damgalanarak safl\u0131k, \u00f6zg\u00fcnl\u00fck ve kal\u0131c\u0131 kaliteyi garanti eder.<\/p>\n<h4 data-start=\"1278\" data-end=\"1302\"><strong data-start=\"1283\" data-end=\"1300\">Stil Fikirleri<\/strong><\/h4>\n<p data-start=\"1303\" data-end=\"1792\">Bu yuvarlak saplama k\u00fcpeler, ince ama zarif bir stil i\u00e7in m\u00fckemmel bir aksesuard\u0131r. Klasik \u015fekli ve kar\u0131\u015f\u0131k metal tonu, hem alt\u0131n hem de beyaz alt\u0131n tak\u0131larla tak\u0131labilmesini sa\u011flayarak farkl\u0131 durumlarda \u00e7ok y\u00f6nl\u00fcl\u00fck sunar. Ofis k\u0131yafetleri, g\u00fcndelik k\u0131yafetler veya geleneksel i\u015flevler i\u00e7in ideal olan bu tak\u0131lar, uyumlu bir g\u00f6r\u00fcn\u00fcm i\u00e7in alt\u0131n bir zincir veya bileklikle e\u015fle\u015ftirilebilir. \u0130ster zarif bir g\u00fcnl\u00fck par\u00e7a ister d\u00fc\u015f\u00fcnceli bir hediye ar\u0131yor olun, bu k\u00fcpeler modern bir g\u00f6r\u00fcn\u00fcmle zamans\u0131z bir \u00e7ekicilik sunar.<\/p>","protected":false},"excerpt":{"rendered":"<p>Modern bir dokunu\u015fla klasikle\u015fen bu 22 Ayar Alt\u0131n Yuvarlak Saplama K\u00fcpeler, ip tarz\u0131 rodyum aksanla \u00e7evrelenmi\u015f cilal\u0131 bir kubbeye sahiptir. 1,82 gram a\u011f\u0131rl\u0131\u011f\u0131ndaki bu k\u00fcpeler, g\u00fcnl\u00fck \u015f\u0131kl\u0131k veya ince bayram giysileri i\u00e7in ideal olan \u00e7a\u011fda\u015f bir kenar ile zamans\u0131z bir \u00e7ekicilik sunar.<\/p>\n<p><strong>Malzeme:<\/strong>\u00a022 Ayar Alt\u0131n<br \/>\n<strong>Safl\u0131k:<\/strong>\u00a091.6% saf<br \/>\n<strong>Hallmark:<\/strong>\u00a0\u0130ngiliz Damgas\u0131<strong><br \/>\n<\/strong><strong>Br\u00fct A\u011f\u0131rl\u0131k: <\/strong>1.82 Gms<br \/>\n<strong>SKU:<\/strong> 52411<\/p>\n<p><strong>Fiyat ve Teslimat<\/strong>: KDV ve teslimat \u00fccreti dahil<br \/>\n<a href=\"https:\/\/www.purejewels.com\/tr\/i%cc%87ade-poli%cc%87ti%cc%87kasi\/\">\u0130ade Politikas\u0131<\/a><\/p>","protected":false},"featured_media":418345,"comment_status":"closed","ping_status":"closed","template":"","meta":{"_eb_attr":"","_crsspst_to_jayantr4sg-hostcom":true},"product_brand":[],"product_cat":[1559,236,1793,1792,1790,1254,5343,1570,1577,1574,5349],"product_tag":[66],"class_list":{"0":"post-418344","1":"product","2":"type-product","3":"status-publish","4":"has-post-thumbnail","6":"product_cat-birthday-gifts","7":"product_cat-collections","8":"product_cat-diwali-gifts","9":"product_cat-festival-gifts","10":"product_cat-for-whom-when","11":"product_cat-gold-earrings","12":"product_cat-jewellery-under-550","13":"product_cat-mothers-day-gifts","14":"product_cat-stud-earrings","15":"product_cat-womens-jewellery","16":"product_cat-yellow-gold-jewellery","17":"product_tag-earrings","19":"first","20":"outofstock","21":"taxable","22":"shipping-taxable","23":"product-type-simple","24":"add-to-wishlist-before_image"},"yoast_head":"<!-- This site is optimized with the Yoast SEO plugin v27.5 - https:\/\/yoast.com\/product\/yoast-seo-wordpress\/ -->\n<title>22ct Gold Rhodium-Twist Round Stud Earrings | PureJewels UK<\/title>\n<meta name=\"description\" content=\"Shop 22ct Gold Rhodium-Twist Round Stud Earrings at PureJewels. Classic dome studs with rope-edge rhodium finish, 1.82g. Hallmarked and elegant.\" \/>\n<meta name=\"robots\" content=\"index, follow, max-snippet:-1, max-image-preview:large, max-video-preview:-1\" \/>\n<link rel=\"canonical\" href=\"https:\/\/www.purejewels.com\/tr\/urun\/22-ayar-altin-rodyum-burgu-yuvarlak-saplama-kupe-52411\/\" \/>\n<meta property=\"og:locale\" content=\"tr_TR\" \/>\n<meta property=\"og:type\" content=\"article\" \/>\n<meta property=\"og:title\" content=\"22ct Gold Rhodium-Twist Round Stud Earrings | PureJewels UK\" \/>\n<meta property=\"og:description\" content=\"Shop 22ct Gold Rhodium-Twist Round Stud Earrings at PureJewels. Classic dome studs with rope-edge rhodium finish, 1.82g. Hallmarked and elegant.\" \/>\n<meta property=\"og:url\" content=\"https:\/\/www.purejewels.com\/tr\/urun\/22-ayar-altin-rodyum-burgu-yuvarlak-saplama-kupe-52411\/\" \/>\n<meta property=\"og:site_name\" content=\"PureJewels UK\" \/>\n<meta property=\"article:modified_time\" content=\"2026-02-27T05:35:42+00:00\" \/>\n<meta property=\"og:image\" content=\"https:\/\/static.purejewels.com\/wp-content\/uploads\/2025\/10\/SKu-52411_1.jpg\" \/>\n\t<meta property=\"og:image:width\" content=\"1000\" \/>\n\t<meta property=\"og:image:height\" content=\"1000\" \/>\n\t<meta property=\"og:image:type\" content=\"image\/jpeg\" \/>\n<meta name=\"twitter:card\" content=\"summary_large_image\" \/>\n<meta name=\"twitter:label1\" content=\"Tahmini okuma s\u00fcresi\" \/>\n\t<meta name=\"twitter:data1\" content=\"2 dakika\" \/>\n<script type=\"application\/ld+json\" class=\"yoast-schema-graph\">{\"@context\":\"https:\\\/\\\/schema.org\",\"@graph\":[{\"@type\":[\"WebPage\",\"ItemPage\"],\"@id\":\"https:\\\/\\\/www.purejewels.com\\\/product\\\/22ct-gold-rhodium-twist-round-stud-earrings-52411\\\/\",\"url\":\"https:\\\/\\\/www.purejewels.com\\\/product\\\/22ct-gold-rhodium-twist-round-stud-earrings-52411\\\/\",\"name\":\"22ct Gold Rhodium-Twist Round Stud Earrings | PureJewels UK\",\"isPartOf\":{\"@id\":\"https:\\\/\\\/www.purejewels.com\\\/#website\"},\"primaryImageOfPage\":{\"@id\":\"https:\\\/\\\/www.purejewels.com\\\/product\\\/22ct-gold-rhodium-twist-round-stud-earrings-52411\\\/#primaryimage\"},\"image\":{\"@id\":\"https:\\\/\\\/www.purejewels.com\\\/product\\\/22ct-gold-rhodium-twist-round-stud-earrings-52411\\\/#primaryimage\"},\"thumbnailUrl\":\"https:\\\/\\\/static.purejewels.com\\\/wp-content\\\/uploads\\\/2025\\\/10\\\/SKu-52411_1.jpg\",\"datePublished\":\"2025-11-03T07:34:48+00:00\",\"dateModified\":\"2026-02-27T05:35:42+00:00\",\"description\":\"Shop 22ct Gold Rhodium-Twist Round Stud Earrings at PureJewels. Classic dome studs with rope-edge rhodium finish, 1.82g. Hallmarked and elegant.\",\"breadcrumb\":{\"@id\":\"https:\\\/\\\/www.purejewels.com\\\/product\\\/22ct-gold-rhodium-twist-round-stud-earrings-52411\\\/#breadcrumb\"},\"inLanguage\":\"tr\",\"potentialAction\":[{\"@type\":\"ReadAction\",\"target\":[\"https:\\\/\\\/www.purejewels.com\\\/product\\\/22ct-gold-rhodium-twist-round-stud-earrings-52411\\\/\"]}]},{\"@type\":\"ImageObject\",\"inLanguage\":\"tr\",\"@id\":\"https:\\\/\\\/www.purejewels.com\\\/product\\\/22ct-gold-rhodium-twist-round-stud-earrings-52411\\\/#primaryimage\",\"url\":\"https:\\\/\\\/static.purejewels.com\\\/wp-content\\\/uploads\\\/2025\\\/10\\\/SKu-52411_1.jpg\",\"contentUrl\":\"https:\\\/\\\/static.purejewels.com\\\/wp-content\\\/uploads\\\/2025\\\/10\\\/SKu-52411_1.jpg\",\"width\":1000,\"height\":1000,\"caption\":\"22ct Gold Rhodium-Twist Round Stud Earrings\"},{\"@type\":\"BreadcrumbList\",\"@id\":\"https:\\\/\\\/www.purejewels.com\\\/product\\\/22ct-gold-rhodium-twist-round-stud-earrings-52411\\\/#breadcrumb\",\"itemListElement\":[{\"@type\":\"ListItem\",\"position\":1,\"name\":\"Home\",\"item\":\"https:\\\/\\\/www.purejewels.com\\\/\"},{\"@type\":\"ListItem\",\"position\":2,\"name\":\"Shop\",\"item\":\"https:\\\/\\\/www.purejewels.com\\\/shop\\\/\"},{\"@type\":\"ListItem\",\"position\":3,\"name\":\"22ct Gold Rhodium-Twist Round Stud Earrings\"}]},{\"@type\":\"WebSite\",\"@id\":\"https:\\\/\\\/www.purejewels.com\\\/#website\",\"url\":\"https:\\\/\\\/www.purejewels.com\\\/\",\"name\":\"PureJewels UK\",\"description\":\"Share the Love\",\"publisher\":{\"@id\":\"https:\\\/\\\/www.purejewels.com\\\/#organization\"},\"potentialAction\":[{\"@type\":\"SearchAction\",\"target\":{\"@type\":\"EntryPoint\",\"urlTemplate\":\"https:\\\/\\\/www.purejewels.com\\\/?s={search_term_string}\"},\"query-input\":{\"@type\":\"PropertyValueSpecification\",\"valueRequired\":true,\"valueName\":\"search_term_string\"}}],\"inLanguage\":\"tr\"},{\"@type\":\"Organization\",\"@id\":\"https:\\\/\\\/www.purejewels.com\\\/#organization\",\"name\":\"PureJewels UK\",\"url\":\"https:\\\/\\\/www.purejewels.com\\\/\",\"logo\":{\"@type\":\"ImageObject\",\"inLanguage\":\"tr\",\"@id\":\"https:\\\/\\\/www.purejewels.com\\\/#\\\/schema\\\/logo\\\/image\\\/\",\"url\":\"https:\\\/\\\/static.purejewels.com\\\/wp-content\\\/uploads\\\/2020\\\/11\\\/Logo-PJ-New-1.png\",\"contentUrl\":\"https:\\\/\\\/static.purejewels.com\\\/wp-content\\\/uploads\\\/2020\\\/11\\\/Logo-PJ-New-1.png\",\"width\":150,\"height\":80,\"caption\":\"PureJewels UK\"},\"image\":{\"@id\":\"https:\\\/\\\/www.purejewels.com\\\/#\\\/schema\\\/logo\\\/image\\\/\"}}]}<\/script>\n<!-- \/ Yoast SEO plugin. -->","yoast_head_json":{"title":"22 Ayar Alt\u0131n Rodyum B\u00fck\u00fcml\u00fc Yuvarlak Saplama K\u00fcpe | PureJewels UK","description":"PureJewels'te 22 Ayar Alt\u0131n Rodyum B\u00fck\u00fcml\u00fc Yuvarlak Saplama K\u00fcpe sat\u0131n al\u0131n. Halat kenarl\u0131 rodyum kaplamal\u0131 klasik kubbe saplamalar, 1,82 g. Damgal\u0131 ve zarif.","robots":{"index":"index","follow":"follow","max-snippet":"max-snippet:-1","max-image-preview":"max-image-preview:large","max-video-preview":"max-video-preview:-1"},"canonical":"https:\/\/www.purejewels.com\/tr\/urun\/22-ayar-altin-rodyum-burgu-yuvarlak-saplama-kupe-52411\/","og_locale":"tr_TR","og_type":"article","og_title":"22ct Gold Rhodium-Twist Round Stud Earrings | PureJewels UK","og_description":"Shop 22ct Gold Rhodium-Twist Round Stud Earrings at PureJewels. Classic dome studs with rope-edge rhodium finish, 1.82g. Hallmarked and elegant.","og_url":"https:\/\/www.purejewels.com\/tr\/urun\/22-ayar-altin-rodyum-burgu-yuvarlak-saplama-kupe-52411\/","og_site_name":"PureJewels UK","article_modified_time":"2026-02-27T05:35:42+00:00","og_image":[{"width":1000,"height":1000,"url":"https:\/\/static.purejewels.com\/wp-content\/uploads\/2025\/10\/SKu-52411_1.jpg","type":"image\/jpeg"}],"twitter_card":"summary_large_image","twitter_misc":{"Tahmini okuma s\u00fcresi":"2 dakika"},"schema":{"@context":"https:\/\/schema.org","@graph":[{"@type":["WebPage","ItemPage"],"@id":"https:\/\/www.purejewels.com\/product\/22ct-gold-rhodium-twist-round-stud-earrings-52411\/","url":"https:\/\/www.purejewels.com\/product\/22ct-gold-rhodium-twist-round-stud-earrings-52411\/","name":"22 Ayar Alt\u0131n Rodyum B\u00fck\u00fcml\u00fc Yuvarlak Saplama K\u00fcpe | PureJewels UK","isPartOf":{"@id":"https:\/\/www.purejewels.com\/#website"},"primaryImageOfPage":{"@id":"https:\/\/www.purejewels.com\/product\/22ct-gold-rhodium-twist-round-stud-earrings-52411\/#primaryimage"},"image":{"@id":"https:\/\/www.purejewels.com\/product\/22ct-gold-rhodium-twist-round-stud-earrings-52411\/#primaryimage"},"thumbnailUrl":"https:\/\/static.purejewels.com\/wp-content\/uploads\/2025\/10\/SKu-52411_1.jpg","datePublished":"2025-11-03T07:34:48+00:00","dateModified":"2026-02-27T05:35:42+00:00","description":"PureJewels'te 22 Ayar Alt\u0131n Rodyum B\u00fck\u00fcml\u00fc Yuvarlak Saplama K\u00fcpe sat\u0131n al\u0131n. Halat kenarl\u0131 rodyum kaplamal\u0131 klasik kubbe saplamalar, 1,82 g. Damgal\u0131 ve zarif.","breadcrumb":{"@id":"https:\/\/www.purejewels.com\/product\/22ct-gold-rhodium-twist-round-stud-earrings-52411\/#breadcrumb"},"inLanguage":"tr","potentialAction":[{"@type":"ReadAction","target":["https:\/\/www.purejewels.com\/product\/22ct-gold-rhodium-twist-round-stud-earrings-52411\/"]}]},{"@type":"ImageObject","inLanguage":"tr","@id":"https:\/\/www.purejewels.com\/product\/22ct-gold-rhodium-twist-round-stud-earrings-52411\/#primaryimage","url":"https:\/\/static.purejewels.com\/wp-content\/uploads\/2025\/10\/SKu-52411_1.jpg","contentUrl":"https:\/\/static.purejewels.com\/wp-content\/uploads\/2025\/10\/SKu-52411_1.jpg","width":1000,"height":1000,"caption":"22ct Gold Rhodium-Twist Round Stud Earrings"},{"@type":"BreadcrumbList","@id":"https:\/\/www.purejewels.com\/product\/22ct-gold-rhodium-twist-round-stud-earrings-52411\/#breadcrumb","itemListElement":[{"@type":"ListItem","position":1,"name":"Home","item":"https:\/\/www.purejewels.com\/"},{"@type":"ListItem","position":2,"name":"Shop","item":"https:\/\/www.purejewels.com\/shop\/"},{"@type":"ListItem","position":3,"name":"22ct Gold Rhodium-Twist Round Stud Earrings"}]},{"@type":"WebSite","@id":"https:\/\/www.purejewels.com\/#website","url":"https:\/\/www.purejewels.com\/","name":"PureJewels \u0130ngiltere","description":"Sevgiyi Payla\u015f\u0131n","publisher":{"@id":"https:\/\/www.purejewels.com\/#organization"},"potentialAction":[{"@type":"SearchAction","target":{"@type":"EntryPoint","urlTemplate":"https:\/\/www.purejewels.com\/?s={search_term_string}"},"query-input":{"@type":"PropertyValueSpecification","valueRequired":true,"valueName":"search_term_string"}}],"inLanguage":"tr"},{"@type":"Organization","@id":"https:\/\/www.purejewels.com\/#organization","name":"PureJewels \u0130ngiltere","url":"https:\/\/www.purejewels.com\/","logo":{"@type":"ImageObject","inLanguage":"tr","@id":"https:\/\/www.purejewels.com\/#\/schema\/logo\/image\/","url":"https:\/\/static.purejewels.com\/wp-content\/uploads\/2020\/11\/Logo-PJ-New-1.png","contentUrl":"https:\/\/static.purejewels.com\/wp-content\/uploads\/2020\/11\/Logo-PJ-New-1.png","width":150,"height":80,"caption":"PureJewels UK"},"image":{"@id":"https:\/\/www.purejewels.com\/#\/schema\/logo\/image\/"}}]}},"_links":{"self":[{"href":"https:\/\/www.purejewels.com\/tr\/wp-json\/wp\/v2\/product\/418344","targetHints":{"allow":["GET"]}}],"collection":[{"href":"https:\/\/www.purejewels.com\/tr\/wp-json\/wp\/v2\/product"}],"about":[{"href":"https:\/\/www.purejewels.com\/tr\/wp-json\/wp\/v2\/types\/product"}],"replies":[{"embeddable":true,"href":"https:\/\/www.purejewels.com\/tr\/wp-json\/wp\/v2\/comments?post=418344"}],"version-history":[{"count":1,"href":"https:\/\/www.purejewels.com\/tr\/wp-json\/wp\/v2\/product\/418344\/revisions"}],"predecessor-version":[{"id":418347,"href":"https:\/\/www.purejewels.com\/tr\/wp-json\/wp\/v2\/product\/418344\/revisions\/418347"}],"wp:featuredmedia":[{"embeddable":true,"href":"https:\/\/www.purejewels.com\/tr\/wp-json\/wp\/v2\/media\/418345"}],"wp:attachment":[{"href":"https:\/\/www.purejewels.com\/tr\/wp-json\/wp\/v2\/media?parent=418344"}],"wp:term":[{"taxonomy":"product_brand","embeddable":true,"href":"https:\/\/www.purejewels.com\/tr\/wp-json\/wp\/v2\/product_brand?post=418344"},{"taxonomy":"product_cat","embeddable":true,"href":"https:\/\/www.purejewels.com\/tr\/wp-json\/wp\/v2\/product_cat?post=418344"},{"taxonomy":"product_tag","embeddable":true,"href":"https:\/\/www.purejewels.com\/tr\/wp-json\/wp\/v2\/product_tag?post=418344"}],"curies":[{"name":"wp","href":"https:\/\/api.w.org\/{rel}","templated":true}]}}