{"id":418349,"date":"2025-09-09T08:27:59","date_gmt":"2025-09-09T07:27:59","guid":{"rendered":"https:\/\/www.purejewels.com\/?post_type=product&#038;p=418349"},"modified":"2026-04-29T07:47:52","modified_gmt":"2026-04-29T06:47:52","slug":"rodyum-52410-ile-22-ayar-altin-kelebek-saplama-kupe","status":"publish","type":"product","link":"https:\/\/www.purejewels.com\/tr\/product\/22ct-gold-butterfly-stud-earrings-with-rhodium-52410\/","title":{"rendered":"Rodyum Kaplamal\u0131 22 Ayar Alt\u0131n Kelebek Saplama K\u00fcpe"},"content":{"rendered":"<h4 data-start=\"466\" data-end=\"491\"><strong data-start=\"471\" data-end=\"489\">Tasar\u0131m Konsepti<\/strong><\/h4>\n<p data-start=\"492\" data-end=\"880\">Kelebekler d\u00f6n\u00fc\u015f\u00fcm\u00fcn, g\u00fczelli\u011fin ve ne\u015fenin zamans\u0131z sembolleridir ve bu zarif k\u00fcpe \u00e7ifti de bu ruhu ince bir zarafetle yakal\u0131yor. S\u0131cak 22 ayar sar\u0131 alt\u0131ndan ajurlu kanatlar, kontrast ve \u0131\u015f\u0131k katan \u015f\u0131k bir rodyum vurguyla nazik\u00e7e \u00f6p\u00fcl\u00fcyor. Modern detaylara sahip sembolik m\u00fccevherleri sevenler i\u00e7in m\u00fckemmel olan bu k\u00fcpeler, her kullan\u0131mda cazibe ve zarafet f\u0131s\u0131ld\u0131yor.<\/p>\n<h4 data-start=\"882\" data-end=\"906\"><strong data-start=\"887\" data-end=\"904\">Zanaatkarl\u0131k<\/strong><\/h4>\n<p data-start=\"907\" data-end=\"1292\">22 ayar sar\u0131 alt\u0131ndan ustal\u0131kla \u00fcretilen bu k\u00fcpeler 1,3 gram a\u011f\u0131rl\u0131\u011f\u0131ndad\u0131r ve g\u00fcn boyu rahatl\u0131k i\u00e7in g\u00fcvenli bir vidal\u0131 halka ile tamamlanm\u0131\u015ft\u0131r. Rodyum kaplama, narin kelebek sil\u00fcetini vurgularken \u00e7a\u011fda\u015f bir dokunu\u015f katar. T\u00fcm PureJewels m\u00fccevherlerinde oldu\u011fu gibi, bu par\u00e7a da Londra Assay Office taraf\u0131ndan damgalanarak alt\u0131n\u0131n safl\u0131\u011f\u0131n\u0131 ve i\u015f\u00e7ili\u011fin m\u00fckemmelli\u011fini garanti eder.<\/p>\n<h4 data-start=\"1294\" data-end=\"1318\"><strong data-start=\"1299\" data-end=\"1316\">Stil Fikirleri<\/strong><\/h4>\n<p data-start=\"1319\" data-end=\"1775\">Minik ama kendine \u00f6zg\u00fc bu kelebek k\u00fcpeler, g\u00fcnl\u00fck kullan\u0131m i\u00e7in veya g\u00f6r\u00fcn\u00fcm\u00fcn\u00fcze tatl\u0131, sembolik bir dokunu\u015f eklemek i\u00e7in idealdir. Gen\u00e7 ve uyumlu bir stil i\u00e7in bunlar\u0131 zarif bir alt\u0131n zincir veya t\u0131ls\u0131ml\u0131 bir bileklikle e\u015fle\u015ftirin. Gen\u00e7 k\u0131zlar, ilk tak\u0131lar veya ki\u015fisel bir d\u00f6n\u00fcm noktas\u0131n\u0131 ya da yeni bir ba\u015flang\u0131c\u0131 i\u015faretleyen herkes i\u00e7in d\u00fc\u015f\u00fcnceli bir hediyedir. G\u00fcnl\u00fck k\u0131yafetlerle veya bayram k\u0131yafetleriyle ayn\u0131 derecede b\u00fcy\u00fcleyici olan bu k\u00fcpeler, zarif bir formda hafiflik ve anlam sunar.<\/p>","protected":false},"excerpt":{"rendered":"<p>Narin ve zarif bu 22 Ayar Alt\u0131n Kelebek Saplama K\u00fcpeler, rodyum detaylarla vurgulanm\u0131\u015f b\u00fcy\u00fcleyici bir kelebek motifine sahiptir. Sadece 1,3 gram a\u011f\u0131rl\u0131\u011f\u0131ndaki bu k\u00fcpeler hafif, sembolik ve g\u00fcnl\u00fck \u015f\u0131kl\u0131k ya da anlaml\u0131 bir hediye i\u00e7in m\u00fckemmeldir<\/p>\n<p><strong>Malzeme:<\/strong>\u00a022 Ayar Alt\u0131n<br \/>\n<strong>Safl\u0131k:<\/strong>\u00a091.6% saf<br \/>\n<strong>Hallmark:<\/strong>\u00a0\u0130ngiliz Damgas\u0131<strong><br \/>\n<\/strong><strong>Br\u00fct A\u011f\u0131rl\u0131k: <\/strong>1.30 Gms<br \/>\n<strong>SKU:<\/strong> 52410<\/p>\n<p><strong>Fiyat ve Teslimat<\/strong>: KDV ve teslimat \u00fccreti dahil<br \/>\n<a href=\"https:\/\/www.purejewels.com\/tr\/i%cc%87ade-poli%cc%87ti%cc%87kasi\/\">\u0130ade Politikas\u0131<\/a><\/p>","protected":false},"featured_media":418351,"comment_status":"closed","ping_status":"closed","template":"","meta":{"_eb_attr":"","_crsspst_to_jayantr4sg-hostcom":true},"product_brand":[],"product_cat":[1559,236,1793,6190,1792,1790,1254,5343,5599,5943,1570,1577,1574,5349],"product_tag":[66],"class_list":{"0":"post-418349","1":"product","2":"type-product","3":"status-publish","4":"has-post-thumbnail","6":"product_cat-birthday-gifts","7":"product_cat-collections","8":"product_cat-diwali-gifts","9":"product_cat-easter-jewellery","10":"product_cat-festival-gifts","11":"product_cat-for-whom-when","12":"product_cat-gold-earrings","13":"product_cat-jewellery-under-550","14":"product_cat-baby-earring","15":"product_cat-kids-jewellery","16":"product_cat-mothers-day-gifts","17":"product_cat-stud-earrings","18":"product_cat-womens-jewellery","19":"product_cat-yellow-gold-jewellery","20":"product_tag-earrings","22":"first","23":"instock","24":"taxable","25":"shipping-taxable","26":"purchasable","27":"product-type-simple","28":"add-to-wishlist-before_image"},"yoast_head":"<!-- This site is optimized with the Yoast SEO plugin v27.6 - https:\/\/yoast.com\/product\/yoast-seo-wordpress\/ -->\n<title>22ct Gold Butterfly Stud Earrings with Rhodium | PureJewels UK<\/title>\n<meta name=\"description\" content=\"Shop 22ct Gold Butterfly Stud Earrings with Rhodium at PureJewels. Light 1.3g earrings with symbolic charm and modern contrast. Hallmarked and elegant.\" \/>\n<meta name=\"robots\" content=\"index, follow, max-snippet:-1, max-image-preview:large, max-video-preview:-1\" \/>\n<link rel=\"canonical\" href=\"https:\/\/www.purejewels.com\/tr\/urun\/rodyum-52410-ile-22-ayar-altin-kelebek-saplama-kupe\/\" \/>\n<meta property=\"og:locale\" content=\"tr_TR\" \/>\n<meta property=\"og:type\" content=\"article\" \/>\n<meta property=\"og:title\" content=\"22ct Gold Butterfly Stud Earrings with Rhodium | PureJewels UK\" \/>\n<meta property=\"og:description\" content=\"Shop 22ct Gold Butterfly Stud Earrings with Rhodium at PureJewels. Light 1.3g earrings with symbolic charm and modern contrast. Hallmarked and elegant.\" \/>\n<meta property=\"og:url\" content=\"https:\/\/www.purejewels.com\/tr\/urun\/rodyum-52410-ile-22-ayar-altin-kelebek-saplama-kupe\/\" \/>\n<meta property=\"og:site_name\" content=\"PureJewels UK\" \/>\n<meta property=\"article:modified_time\" content=\"2026-04-29T06:47:52+00:00\" \/>\n<meta property=\"og:image\" content=\"https:\/\/static.purejewels.com\/wp-content\/uploads\/2025\/10\/SKU-52410.jpg\" \/>\n\t<meta property=\"og:image:width\" content=\"1000\" \/>\n\t<meta property=\"og:image:height\" content=\"1000\" \/>\n\t<meta property=\"og:image:type\" content=\"image\/jpeg\" \/>\n<meta name=\"twitter:card\" content=\"summary_large_image\" \/>\n<meta name=\"twitter:label1\" content=\"Tahmini okuma s\u00fcresi\" \/>\n\t<meta name=\"twitter:data1\" content=\"2 dakika\" \/>\n<script type=\"application\/ld+json\" class=\"yoast-schema-graph\">{\"@context\":\"https:\\\/\\\/schema.org\",\"@graph\":[{\"@type\":[\"WebPage\",\"ItemPage\"],\"@id\":\"https:\\\/\\\/www.purejewels.com\\\/product\\\/22ct-gold-butterfly-stud-earrings-with-rhodium-52410\\\/\",\"url\":\"https:\\\/\\\/www.purejewels.com\\\/product\\\/22ct-gold-butterfly-stud-earrings-with-rhodium-52410\\\/\",\"name\":\"22ct Gold Butterfly Stud Earrings with Rhodium | PureJewels UK\",\"isPartOf\":{\"@id\":\"https:\\\/\\\/www.purejewels.com\\\/#website\"},\"primaryImageOfPage\":{\"@id\":\"https:\\\/\\\/www.purejewels.com\\\/product\\\/22ct-gold-butterfly-stud-earrings-with-rhodium-52410\\\/#primaryimage\"},\"image\":{\"@id\":\"https:\\\/\\\/www.purejewels.com\\\/product\\\/22ct-gold-butterfly-stud-earrings-with-rhodium-52410\\\/#primaryimage\"},\"thumbnailUrl\":\"https:\\\/\\\/static.purejewels.com\\\/wp-content\\\/uploads\\\/2025\\\/10\\\/SKU-52410.jpg\",\"datePublished\":\"2025-09-09T07:27:59+00:00\",\"dateModified\":\"2026-04-29T06:47:52+00:00\",\"description\":\"Shop 22ct Gold Butterfly Stud Earrings with Rhodium at PureJewels. Light 1.3g earrings with symbolic charm and modern contrast. Hallmarked and elegant.\",\"breadcrumb\":{\"@id\":\"https:\\\/\\\/www.purejewels.com\\\/product\\\/22ct-gold-butterfly-stud-earrings-with-rhodium-52410\\\/#breadcrumb\"},\"inLanguage\":\"tr\",\"potentialAction\":[{\"@type\":\"ReadAction\",\"target\":[\"https:\\\/\\\/www.purejewels.com\\\/product\\\/22ct-gold-butterfly-stud-earrings-with-rhodium-52410\\\/\"]}]},{\"@type\":\"ImageObject\",\"inLanguage\":\"tr\",\"@id\":\"https:\\\/\\\/www.purejewels.com\\\/product\\\/22ct-gold-butterfly-stud-earrings-with-rhodium-52410\\\/#primaryimage\",\"url\":\"https:\\\/\\\/static.purejewels.com\\\/wp-content\\\/uploads\\\/2025\\\/10\\\/SKU-52410.jpg\",\"contentUrl\":\"https:\\\/\\\/static.purejewels.com\\\/wp-content\\\/uploads\\\/2025\\\/10\\\/SKU-52410.jpg\",\"width\":1000,\"height\":1000,\"caption\":\"22ct Gold Butterfly Stud Earrings with Rhodium Finish\"},{\"@type\":\"BreadcrumbList\",\"@id\":\"https:\\\/\\\/www.purejewels.com\\\/product\\\/22ct-gold-butterfly-stud-earrings-with-rhodium-52410\\\/#breadcrumb\",\"itemListElement\":[{\"@type\":\"ListItem\",\"position\":1,\"name\":\"Home\",\"item\":\"https:\\\/\\\/www.purejewels.com\\\/\"},{\"@type\":\"ListItem\",\"position\":2,\"name\":\"Shop\",\"item\":\"https:\\\/\\\/www.purejewels.com\\\/shop\\\/\"},{\"@type\":\"ListItem\",\"position\":3,\"name\":\"22ct Gold Butterfly Stud Earrings with Rhodium Finish\"}]},{\"@type\":\"WebSite\",\"@id\":\"https:\\\/\\\/www.purejewels.com\\\/#website\",\"url\":\"https:\\\/\\\/www.purejewels.com\\\/\",\"name\":\"PureJewels UK\",\"description\":\"Share the Love\",\"publisher\":{\"@id\":\"https:\\\/\\\/www.purejewels.com\\\/#organization\"},\"potentialAction\":[{\"@type\":\"SearchAction\",\"target\":{\"@type\":\"EntryPoint\",\"urlTemplate\":\"https:\\\/\\\/www.purejewels.com\\\/?s={search_term_string}\"},\"query-input\":{\"@type\":\"PropertyValueSpecification\",\"valueRequired\":true,\"valueName\":\"search_term_string\"}}],\"inLanguage\":\"tr\"},{\"@type\":\"Organization\",\"@id\":\"https:\\\/\\\/www.purejewels.com\\\/#organization\",\"name\":\"PureJewels UK\",\"url\":\"https:\\\/\\\/www.purejewels.com\\\/\",\"logo\":{\"@type\":\"ImageObject\",\"inLanguage\":\"tr\",\"@id\":\"https:\\\/\\\/www.purejewels.com\\\/#\\\/schema\\\/logo\\\/image\\\/\",\"url\":\"https:\\\/\\\/static.purejewels.com\\\/wp-content\\\/uploads\\\/2020\\\/11\\\/Logo-PJ-New-1.png\",\"contentUrl\":\"https:\\\/\\\/static.purejewels.com\\\/wp-content\\\/uploads\\\/2020\\\/11\\\/Logo-PJ-New-1.png\",\"width\":150,\"height\":80,\"caption\":\"PureJewels UK\"},\"image\":{\"@id\":\"https:\\\/\\\/www.purejewels.com\\\/#\\\/schema\\\/logo\\\/image\\\/\"}}]}<\/script>\n<!-- \/ Yoast SEO plugin. -->","yoast_head_json":{"title":"Rodyum ile 22 Ayar Alt\u0131n Kelebek Saplama K\u00fcpe | PureJewels UK","description":"PureJewels'te Rodyum ile 22 Ayar Alt\u0131n Kelebek Saplama K\u00fcpe sat\u0131n al\u0131n. Sembolik \u00e7ekicili\u011fe ve modern kontrasta sahip 1,3 g hafif k\u00fcpeler. Damgal\u0131 ve zarif.","robots":{"index":"index","follow":"follow","max-snippet":"max-snippet:-1","max-image-preview":"max-image-preview:large","max-video-preview":"max-video-preview:-1"},"canonical":"https:\/\/www.purejewels.com\/tr\/urun\/rodyum-52410-ile-22-ayar-altin-kelebek-saplama-kupe\/","og_locale":"tr_TR","og_type":"article","og_title":"22ct Gold Butterfly Stud Earrings with Rhodium | PureJewels UK","og_description":"Shop 22ct Gold Butterfly Stud Earrings with Rhodium at PureJewels. Light 1.3g earrings with symbolic charm and modern contrast. Hallmarked and elegant.","og_url":"https:\/\/www.purejewels.com\/tr\/urun\/rodyum-52410-ile-22-ayar-altin-kelebek-saplama-kupe\/","og_site_name":"PureJewels UK","article_modified_time":"2026-04-29T06:47:52+00:00","og_image":[{"width":1000,"height":1000,"url":"https:\/\/static.purejewels.com\/wp-content\/uploads\/2025\/10\/SKU-52410.jpg","type":"image\/jpeg"}],"twitter_card":"summary_large_image","twitter_misc":{"Tahmini okuma s\u00fcresi":"2 dakika"},"schema":{"@context":"https:\/\/schema.org","@graph":[{"@type":["WebPage","ItemPage"],"@id":"https:\/\/www.purejewels.com\/product\/22ct-gold-butterfly-stud-earrings-with-rhodium-52410\/","url":"https:\/\/www.purejewels.com\/product\/22ct-gold-butterfly-stud-earrings-with-rhodium-52410\/","name":"Rodyum ile 22 Ayar Alt\u0131n Kelebek Saplama K\u00fcpe | PureJewels UK","isPartOf":{"@id":"https:\/\/www.purejewels.com\/#website"},"primaryImageOfPage":{"@id":"https:\/\/www.purejewels.com\/product\/22ct-gold-butterfly-stud-earrings-with-rhodium-52410\/#primaryimage"},"image":{"@id":"https:\/\/www.purejewels.com\/product\/22ct-gold-butterfly-stud-earrings-with-rhodium-52410\/#primaryimage"},"thumbnailUrl":"https:\/\/static.purejewels.com\/wp-content\/uploads\/2025\/10\/SKU-52410.jpg","datePublished":"2025-09-09T07:27:59+00:00","dateModified":"2026-04-29T06:47:52+00:00","description":"PureJewels'te Rodyum ile 22 Ayar Alt\u0131n Kelebek Saplama K\u00fcpe sat\u0131n al\u0131n. Sembolik \u00e7ekicili\u011fe ve modern kontrasta sahip 1,3 g hafif k\u00fcpeler. Damgal\u0131 ve zarif.","breadcrumb":{"@id":"https:\/\/www.purejewels.com\/product\/22ct-gold-butterfly-stud-earrings-with-rhodium-52410\/#breadcrumb"},"inLanguage":"tr","potentialAction":[{"@type":"ReadAction","target":["https:\/\/www.purejewels.com\/product\/22ct-gold-butterfly-stud-earrings-with-rhodium-52410\/"]}]},{"@type":"ImageObject","inLanguage":"tr","@id":"https:\/\/www.purejewels.com\/product\/22ct-gold-butterfly-stud-earrings-with-rhodium-52410\/#primaryimage","url":"https:\/\/static.purejewels.com\/wp-content\/uploads\/2025\/10\/SKU-52410.jpg","contentUrl":"https:\/\/static.purejewels.com\/wp-content\/uploads\/2025\/10\/SKU-52410.jpg","width":1000,"height":1000,"caption":"22ct Gold Butterfly Stud Earrings with Rhodium Finish"},{"@type":"BreadcrumbList","@id":"https:\/\/www.purejewels.com\/product\/22ct-gold-butterfly-stud-earrings-with-rhodium-52410\/#breadcrumb","itemListElement":[{"@type":"ListItem","position":1,"name":"Home","item":"https:\/\/www.purejewels.com\/"},{"@type":"ListItem","position":2,"name":"Shop","item":"https:\/\/www.purejewels.com\/shop\/"},{"@type":"ListItem","position":3,"name":"22ct Gold Butterfly Stud Earrings with Rhodium Finish"}]},{"@type":"WebSite","@id":"https:\/\/www.purejewels.com\/#website","url":"https:\/\/www.purejewels.com\/","name":"PureJewels \u0130ngiltere","description":"Sevgiyi Payla\u015f\u0131n","publisher":{"@id":"https:\/\/www.purejewels.com\/#organization"},"potentialAction":[{"@type":"SearchAction","target":{"@type":"EntryPoint","urlTemplate":"https:\/\/www.purejewels.com\/?s={search_term_string}"},"query-input":{"@type":"PropertyValueSpecification","valueRequired":true,"valueName":"search_term_string"}}],"inLanguage":"tr"},{"@type":"Organization","@id":"https:\/\/www.purejewels.com\/#organization","name":"PureJewels \u0130ngiltere","url":"https:\/\/www.purejewels.com\/","logo":{"@type":"ImageObject","inLanguage":"tr","@id":"https:\/\/www.purejewels.com\/#\/schema\/logo\/image\/","url":"https:\/\/static.purejewels.com\/wp-content\/uploads\/2020\/11\/Logo-PJ-New-1.png","contentUrl":"https:\/\/static.purejewels.com\/wp-content\/uploads\/2020\/11\/Logo-PJ-New-1.png","width":150,"height":80,"caption":"PureJewels UK"},"image":{"@id":"https:\/\/www.purejewels.com\/#\/schema\/logo\/image\/"}}]}},"_links":{"self":[{"href":"https:\/\/www.purejewels.com\/tr\/wp-json\/wp\/v2\/product\/418349","targetHints":{"allow":["GET"]}}],"collection":[{"href":"https:\/\/www.purejewels.com\/tr\/wp-json\/wp\/v2\/product"}],"about":[{"href":"https:\/\/www.purejewels.com\/tr\/wp-json\/wp\/v2\/types\/product"}],"replies":[{"embeddable":true,"href":"https:\/\/www.purejewels.com\/tr\/wp-json\/wp\/v2\/comments?post=418349"}],"version-history":[{"count":2,"href":"https:\/\/www.purejewels.com\/tr\/wp-json\/wp\/v2\/product\/418349\/revisions"}],"predecessor-version":[{"id":425762,"href":"https:\/\/www.purejewels.com\/tr\/wp-json\/wp\/v2\/product\/418349\/revisions\/425762"}],"wp:featuredmedia":[{"embeddable":true,"href":"https:\/\/www.purejewels.com\/tr\/wp-json\/wp\/v2\/media\/418351"}],"wp:attachment":[{"href":"https:\/\/www.purejewels.com\/tr\/wp-json\/wp\/v2\/media?parent=418349"}],"wp:term":[{"taxonomy":"product_brand","embeddable":true,"href":"https:\/\/www.purejewels.com\/tr\/wp-json\/wp\/v2\/product_brand?post=418349"},{"taxonomy":"product_cat","embeddable":true,"href":"https:\/\/www.purejewels.com\/tr\/wp-json\/wp\/v2\/product_cat?post=418349"},{"taxonomy":"product_tag","embeddable":true,"href":"https:\/\/www.purejewels.com\/tr\/wp-json\/wp\/v2\/product_tag?post=418349"}],"curies":[{"name":"wp","href":"https:\/\/api.w.org\/{rel}","templated":true}]}}