{"id":418353,"date":"2025-09-09T08:45:46","date_gmt":"2025-09-09T07:45:46","guid":{"rendered":"https:\/\/www.purejewels.com\/?post_type=product&#038;p=418353"},"modified":"2026-01-06T05:35:00","modified_gmt":"2026-01-06T05:35:00","slug":"22-ayar-altin-kucuk-kelebek-citcit-52407","status":"publish","type":"product","link":"https:\/\/www.purejewels.com\/tr\/product\/22ct-gold-little-butterfly-studs-52407\/","title":{"rendered":"22 Ayar Alt\u0131n K\u00fc\u00e7\u00fck Kelebek \u00c7\u0131t\u00e7\u0131t"},"content":{"rendered":"<h4 data-start=\"531\" data-end=\"556\"><strong data-start=\"536\" data-end=\"554\">Tasar\u0131m Konsepti<\/strong><\/h4>\n<p data-start=\"557\" data-end=\"946\">Kelebekler yeni ba\u015flang\u0131\u00e7lar\u0131, d\u00f6n\u00fc\u015f\u00fcm\u00fc ve ne\u015feyi temsil eder - ve bu zarif k\u00fcpeler bu sembolizmi en nazik \u015fekilde yakalar. Som 22 ayar sar\u0131 alt\u0131ndan yontulan her bir kelebek, yuvarlak kanatlar ve par\u00e7aya s\u0131cak, kadifemsi bir parlakl\u0131k veren saten benzeri bir doku ile olu\u015fturulmu\u015ftur. Tatl\u0131 ve zarif tasar\u0131m\u0131yla g\u00fcnl\u00fck kullan\u0131m veya ilk tak\u0131 i\u00e7in m\u00fckemmeldir.<\/p>\n<h4 data-start=\"948\" data-end=\"972\"><strong data-start=\"953\" data-end=\"970\">Zanaatkarl\u0131k<\/strong><\/h4>\n<p data-start=\"973\" data-end=\"1377\">22 ayar sar\u0131 alt\u0131ndan \u00fcretilen bu hafif k\u00fcpeler 1,3 gram a\u011f\u0131rl\u0131\u011f\u0131ndad\u0131r ve hem konfor hem de g\u00fcvenlik i\u00e7in ideal olan g\u00fcvenli bir vidal\u0131 kapa\u011fa sahiptir. Saten cilal\u0131 kanatlar, \u0131\u015f\u0131\u011f\u0131 yumu\u015fak bir \u015fekilde yans\u0131tarak kelebek formunun organik g\u00fczelli\u011fini art\u0131racak \u015fekilde titizlikle \u015fekillendirilmi\u015ftir. Londra Assay Ofisi taraf\u0131ndan tam damgalanm\u0131\u015f olan bu k\u00fcpeler en y\u00fcksek safl\u0131k ve i\u015f\u00e7ilik standartlar\u0131n\u0131 kar\u015f\u0131lamaktad\u0131r.<\/p>\n<h4 data-start=\"1379\" data-end=\"1403\"><strong data-start=\"1384\" data-end=\"1401\">Stil Fikirleri<\/strong><\/h4>\n<p data-start=\"1404\" data-end=\"1796\">\u00c7ocuklar, gen\u00e7ler veya ince sembolik tak\u0131lar\u0131 sevenler i\u00e7in ideal olan K\u00fc\u00e7\u00fck Kelebek \u00c7\u0131t\u00e7\u0131tlar, ince bileklikler veya t\u0131ls\u0131ml\u0131 kolyeler gibi di\u011fer minimalist alt\u0131n par\u00e7alarla g\u00fczel bir uyum sa\u011flar. Do\u011fum g\u00fcnleri, isim verme t\u00f6renleri veya d\u00f6n\u00fcm noktas\u0131 anlar\u0131 i\u00e7in m\u00fckemmel olan bu tak\u0131lar, g\u00fcnl\u00fck g\u00f6r\u00fcn\u00fcme harika bir dokunu\u015f kat\u0131yor. Minyon formlar\u0131, modern bir g\u00f6r\u00fcn\u00fcm i\u00e7in ikinci piercingler veya kulak man\u015fetleriyle de g\u00fczel bir uyum sa\u011flar.<\/p>","protected":false},"excerpt":{"rendered":"<p>Narin ve zarif bu 22 Ayar Alt\u0131n K\u00fc\u00e7\u00fck Kelebek \u00c7\u0131t\u00e7\u0131tlar, saten kaplamal\u0131, yumu\u015fak bir \u015fekilde yontulmu\u015f kelebek tasar\u0131m\u0131na sahiptir. Yaln\u0131zca 1,3 gram a\u011f\u0131rl\u0131\u011f\u0131ndaki bu \u00fcr\u00fcnler gen\u00e7 kullan\u0131c\u0131lar, sembolik hediyeler veya g\u00fcnl\u00fck \u015f\u0131kl\u0131\u011f\u0131n hafif bir dokunu\u015fu i\u00e7in idealdir.<\/p>\n<p><strong>Malzeme:<\/strong>\u00a022 Ayar Alt\u0131n<br \/>\n<strong>Safl\u0131k:<\/strong>\u00a091.6% saf<br \/>\n<strong>Hallmark:<\/strong>\u00a0\u0130ngiliz Damgas\u0131<strong><br \/>\n<\/strong><strong>Br\u00fct A\u011f\u0131rl\u0131k: <\/strong>1.16 Gms<br \/>\n<strong>SKU:<\/strong> 52407<\/p>\n<p><strong>Fiyat ve Teslimat<\/strong>: KDV ve teslimat \u00fccreti dahil<br \/>\n<a href=\"https:\/\/www.purejewels.com\/tr\/i%cc%87ade-poli%cc%87ti%cc%87kasi\/\">\u0130ade Politikas\u0131<\/a><\/p>","protected":false},"featured_media":418354,"comment_status":"closed","ping_status":"closed","template":"","meta":{"_eb_attr":"","_crsspst_to_jayantr4sg-hostcom":true},"product_brand":[],"product_cat":[1559,236,1793,1792,1790,1254,5342,5599,5943,1570,1577,1574,5349],"product_tag":[66],"class_list":{"0":"post-418353","1":"product","2":"type-product","3":"status-publish","4":"has-post-thumbnail","6":"product_cat-birthday-gifts","7":"product_cat-collections","8":"product_cat-diwali-gifts","9":"product_cat-festival-gifts","10":"product_cat-for-whom-when","11":"product_cat-gold-earrings","12":"product_cat-jewellery-under-250","13":"product_cat-baby-earring","14":"product_cat-kids-jewellery","15":"product_cat-mothers-day-gifts","16":"product_cat-stud-earrings","17":"product_cat-womens-jewellery","18":"product_cat-yellow-gold-jewellery","19":"product_tag-earrings","21":"first","22":"outofstock","23":"taxable","24":"shipping-taxable","25":"product-type-simple","26":"add-to-wishlist-before_image"},"yoast_head":"<!-- This site is optimized with the Yoast SEO plugin v27.6 - https:\/\/yoast.com\/product\/yoast-seo-wordpress\/ -->\n<title>22ct Gold Little Butterfly Stud Earrings | PureJewels London<\/title>\n<meta name=\"description\" content=\"Shop 22ct Gold Little Butterfly Stud Earrings at PureJewels. Lightweight 1.3g design in satin-finish gold. Symbolic, gift-worthy, and hallmarked in London.\" \/>\n<meta name=\"robots\" content=\"index, follow, max-snippet:-1, max-image-preview:large, max-video-preview:-1\" \/>\n<link rel=\"canonical\" href=\"https:\/\/www.purejewels.com\/tr\/urun\/22-ayar-altin-kucuk-kelebek-citcit-52407\/\" \/>\n<meta property=\"og:locale\" content=\"tr_TR\" \/>\n<meta property=\"og:type\" content=\"article\" \/>\n<meta property=\"og:title\" content=\"22ct Gold Little Butterfly Stud Earrings | PureJewels London\" \/>\n<meta property=\"og:description\" content=\"Shop 22ct Gold Little Butterfly Stud Earrings at PureJewels. Lightweight 1.3g design in satin-finish gold. Symbolic, gift-worthy, and hallmarked in London.\" \/>\n<meta property=\"og:url\" content=\"https:\/\/www.purejewels.com\/tr\/urun\/22-ayar-altin-kucuk-kelebek-citcit-52407\/\" \/>\n<meta property=\"og:site_name\" content=\"PureJewels UK\" \/>\n<meta property=\"article:modified_time\" content=\"2026-01-06T05:35:00+00:00\" \/>\n<meta property=\"og:image\" content=\"https:\/\/www.purejewels.com\/wp-content\/uploads\/2025\/10\/SKU-52407.jpg\" \/>\n\t<meta property=\"og:image:width\" content=\"1000\" \/>\n\t<meta property=\"og:image:height\" content=\"1000\" \/>\n\t<meta property=\"og:image:type\" content=\"image\/jpeg\" \/>\n<meta name=\"twitter:card\" content=\"summary_large_image\" \/>\n<meta name=\"twitter:label1\" content=\"Tahmini okuma s\u00fcresi\" \/>\n\t<meta name=\"twitter:data1\" content=\"1 dakika\" \/>\n<script type=\"application\/ld+json\" class=\"yoast-schema-graph\">{\"@context\":\"https:\\\/\\\/schema.org\",\"@graph\":[{\"@type\":[\"WebPage\",\"ItemPage\"],\"@id\":\"https:\\\/\\\/www.purejewels.com\\\/product\\\/22ct-gold-little-butterfly-studs-52407\\\/\",\"url\":\"https:\\\/\\\/www.purejewels.com\\\/product\\\/22ct-gold-little-butterfly-studs-52407\\\/\",\"name\":\"22ct Gold Little Butterfly Stud Earrings | PureJewels London\",\"isPartOf\":{\"@id\":\"https:\\\/\\\/www.purejewels.com\\\/#website\"},\"primaryImageOfPage\":{\"@id\":\"https:\\\/\\\/www.purejewels.com\\\/product\\\/22ct-gold-little-butterfly-studs-52407\\\/#primaryimage\"},\"image\":{\"@id\":\"https:\\\/\\\/www.purejewels.com\\\/product\\\/22ct-gold-little-butterfly-studs-52407\\\/#primaryimage\"},\"thumbnailUrl\":\"https:\\\/\\\/static.purejewels.com\\\/wp-content\\\/uploads\\\/2025\\\/10\\\/SKU-52407.jpg\",\"datePublished\":\"2025-09-09T07:45:46+00:00\",\"dateModified\":\"2026-01-06T05:35:00+00:00\",\"description\":\"Shop 22ct Gold Little Butterfly Stud Earrings at PureJewels. Lightweight 1.3g design in satin-finish gold. Symbolic, gift-worthy, and hallmarked in London.\",\"breadcrumb\":{\"@id\":\"https:\\\/\\\/www.purejewels.com\\\/product\\\/22ct-gold-little-butterfly-studs-52407\\\/#breadcrumb\"},\"inLanguage\":\"tr\",\"potentialAction\":[{\"@type\":\"ReadAction\",\"target\":[\"https:\\\/\\\/www.purejewels.com\\\/product\\\/22ct-gold-little-butterfly-studs-52407\\\/\"]}]},{\"@type\":\"ImageObject\",\"inLanguage\":\"tr\",\"@id\":\"https:\\\/\\\/www.purejewels.com\\\/product\\\/22ct-gold-little-butterfly-studs-52407\\\/#primaryimage\",\"url\":\"https:\\\/\\\/static.purejewels.com\\\/wp-content\\\/uploads\\\/2025\\\/10\\\/SKU-52407.jpg\",\"contentUrl\":\"https:\\\/\\\/static.purejewels.com\\\/wp-content\\\/uploads\\\/2025\\\/10\\\/SKU-52407.jpg\",\"width\":1000,\"height\":1000,\"caption\":\"Stacked from 10 images. Method=B (R=8,S=4)\"},{\"@type\":\"BreadcrumbList\",\"@id\":\"https:\\\/\\\/www.purejewels.com\\\/product\\\/22ct-gold-little-butterfly-studs-52407\\\/#breadcrumb\",\"itemListElement\":[{\"@type\":\"ListItem\",\"position\":1,\"name\":\"Home\",\"item\":\"https:\\\/\\\/www.purejewels.com\\\/\"},{\"@type\":\"ListItem\",\"position\":2,\"name\":\"Shop\",\"item\":\"https:\\\/\\\/www.purejewels.com\\\/shop\\\/\"},{\"@type\":\"ListItem\",\"position\":3,\"name\":\"22ct Gold Little Butterfly Studs\"}]},{\"@type\":\"WebSite\",\"@id\":\"https:\\\/\\\/www.purejewels.com\\\/#website\",\"url\":\"https:\\\/\\\/www.purejewels.com\\\/\",\"name\":\"PureJewels UK\",\"description\":\"Share the Love\",\"publisher\":{\"@id\":\"https:\\\/\\\/www.purejewels.com\\\/#organization\"},\"potentialAction\":[{\"@type\":\"SearchAction\",\"target\":{\"@type\":\"EntryPoint\",\"urlTemplate\":\"https:\\\/\\\/www.purejewels.com\\\/?s={search_term_string}\"},\"query-input\":{\"@type\":\"PropertyValueSpecification\",\"valueRequired\":true,\"valueName\":\"search_term_string\"}}],\"inLanguage\":\"tr\"},{\"@type\":\"Organization\",\"@id\":\"https:\\\/\\\/www.purejewels.com\\\/#organization\",\"name\":\"PureJewels UK\",\"url\":\"https:\\\/\\\/www.purejewels.com\\\/\",\"logo\":{\"@type\":\"ImageObject\",\"inLanguage\":\"tr\",\"@id\":\"https:\\\/\\\/www.purejewels.com\\\/#\\\/schema\\\/logo\\\/image\\\/\",\"url\":\"https:\\\/\\\/static.purejewels.com\\\/wp-content\\\/uploads\\\/2020\\\/11\\\/Logo-PJ-New-1.png\",\"contentUrl\":\"https:\\\/\\\/static.purejewels.com\\\/wp-content\\\/uploads\\\/2020\\\/11\\\/Logo-PJ-New-1.png\",\"width\":150,\"height\":80,\"caption\":\"PureJewels UK\"},\"image\":{\"@id\":\"https:\\\/\\\/www.purejewels.com\\\/#\\\/schema\\\/logo\\\/image\\\/\"}}]}<\/script>\n<!-- \/ Yoast SEO plugin. -->","yoast_head_json":{"title":"22 Ayar Alt\u0131n K\u00fc\u00e7\u00fck Kelebek Saplama K\u00fcpe | PureJewels London","description":"PureJewels'te 22 Ayar Alt\u0131n K\u00fc\u00e7\u00fck Kelebek Saplama K\u00fcpe sat\u0131n al\u0131n. Saten kaplama alt\u0131ndan 1,3 g a\u011f\u0131rl\u0131\u011f\u0131nda hafif tasar\u0131m. Sembolik, hediyeye de\u011fer ve Londra'da damgalanm\u0131\u015ft\u0131r.","robots":{"index":"index","follow":"follow","max-snippet":"max-snippet:-1","max-image-preview":"max-image-preview:large","max-video-preview":"max-video-preview:-1"},"canonical":"https:\/\/www.purejewels.com\/tr\/urun\/22-ayar-altin-kucuk-kelebek-citcit-52407\/","og_locale":"tr_TR","og_type":"article","og_title":"22ct Gold Little Butterfly Stud Earrings | PureJewels London","og_description":"Shop 22ct Gold Little Butterfly Stud Earrings at PureJewels. Lightweight 1.3g design in satin-finish gold. Symbolic, gift-worthy, and hallmarked in London.","og_url":"https:\/\/www.purejewels.com\/tr\/urun\/22-ayar-altin-kucuk-kelebek-citcit-52407\/","og_site_name":"PureJewels UK","article_modified_time":"2026-01-06T05:35:00+00:00","og_image":[{"width":1000,"height":1000,"url":"https:\/\/www.purejewels.com\/wp-content\/uploads\/2025\/10\/SKU-52407.jpg","type":"image\/jpeg"}],"twitter_card":"summary_large_image","twitter_misc":{"Tahmini okuma s\u00fcresi":"1 dakika"},"schema":{"@context":"https:\/\/schema.org","@graph":[{"@type":["WebPage","ItemPage"],"@id":"https:\/\/www.purejewels.com\/product\/22ct-gold-little-butterfly-studs-52407\/","url":"https:\/\/www.purejewels.com\/product\/22ct-gold-little-butterfly-studs-52407\/","name":"22 Ayar Alt\u0131n K\u00fc\u00e7\u00fck Kelebek Saplama K\u00fcpe | PureJewels London","isPartOf":{"@id":"https:\/\/www.purejewels.com\/#website"},"primaryImageOfPage":{"@id":"https:\/\/www.purejewels.com\/product\/22ct-gold-little-butterfly-studs-52407\/#primaryimage"},"image":{"@id":"https:\/\/www.purejewels.com\/product\/22ct-gold-little-butterfly-studs-52407\/#primaryimage"},"thumbnailUrl":"https:\/\/static.purejewels.com\/wp-content\/uploads\/2025\/10\/SKU-52407.jpg","datePublished":"2025-09-09T07:45:46+00:00","dateModified":"2026-01-06T05:35:00+00:00","description":"PureJewels'te 22 Ayar Alt\u0131n K\u00fc\u00e7\u00fck Kelebek Saplama K\u00fcpe sat\u0131n al\u0131n. Saten kaplama alt\u0131ndan 1,3 g a\u011f\u0131rl\u0131\u011f\u0131nda hafif tasar\u0131m. Sembolik, hediyeye de\u011fer ve Londra'da damgalanm\u0131\u015ft\u0131r.","breadcrumb":{"@id":"https:\/\/www.purejewels.com\/product\/22ct-gold-little-butterfly-studs-52407\/#breadcrumb"},"inLanguage":"tr","potentialAction":[{"@type":"ReadAction","target":["https:\/\/www.purejewels.com\/product\/22ct-gold-little-butterfly-studs-52407\/"]}]},{"@type":"ImageObject","inLanguage":"tr","@id":"https:\/\/www.purejewels.com\/product\/22ct-gold-little-butterfly-studs-52407\/#primaryimage","url":"https:\/\/static.purejewels.com\/wp-content\/uploads\/2025\/10\/SKU-52407.jpg","contentUrl":"https:\/\/static.purejewels.com\/wp-content\/uploads\/2025\/10\/SKU-52407.jpg","width":1000,"height":1000,"caption":"Stacked from 10 images. Method=B (R=8,S=4)"},{"@type":"BreadcrumbList","@id":"https:\/\/www.purejewels.com\/product\/22ct-gold-little-butterfly-studs-52407\/#breadcrumb","itemListElement":[{"@type":"ListItem","position":1,"name":"Home","item":"https:\/\/www.purejewels.com\/"},{"@type":"ListItem","position":2,"name":"Shop","item":"https:\/\/www.purejewels.com\/shop\/"},{"@type":"ListItem","position":3,"name":"22ct Gold Little Butterfly Studs"}]},{"@type":"WebSite","@id":"https:\/\/www.purejewels.com\/#website","url":"https:\/\/www.purejewels.com\/","name":"PureJewels \u0130ngiltere","description":"Sevgiyi Payla\u015f\u0131n","publisher":{"@id":"https:\/\/www.purejewels.com\/#organization"},"potentialAction":[{"@type":"SearchAction","target":{"@type":"EntryPoint","urlTemplate":"https:\/\/www.purejewels.com\/?s={search_term_string}"},"query-input":{"@type":"PropertyValueSpecification","valueRequired":true,"valueName":"search_term_string"}}],"inLanguage":"tr"},{"@type":"Organization","@id":"https:\/\/www.purejewels.com\/#organization","name":"PureJewels \u0130ngiltere","url":"https:\/\/www.purejewels.com\/","logo":{"@type":"ImageObject","inLanguage":"tr","@id":"https:\/\/www.purejewels.com\/#\/schema\/logo\/image\/","url":"https:\/\/static.purejewels.com\/wp-content\/uploads\/2020\/11\/Logo-PJ-New-1.png","contentUrl":"https:\/\/static.purejewels.com\/wp-content\/uploads\/2020\/11\/Logo-PJ-New-1.png","width":150,"height":80,"caption":"PureJewels UK"},"image":{"@id":"https:\/\/www.purejewels.com\/#\/schema\/logo\/image\/"}}]}},"_links":{"self":[{"href":"https:\/\/www.purejewels.com\/tr\/wp-json\/wp\/v2\/product\/418353","targetHints":{"allow":["GET"]}}],"collection":[{"href":"https:\/\/www.purejewels.com\/tr\/wp-json\/wp\/v2\/product"}],"about":[{"href":"https:\/\/www.purejewels.com\/tr\/wp-json\/wp\/v2\/types\/product"}],"replies":[{"embeddable":true,"href":"https:\/\/www.purejewels.com\/tr\/wp-json\/wp\/v2\/comments?post=418353"}],"version-history":[{"count":1,"href":"https:\/\/www.purejewels.com\/tr\/wp-json\/wp\/v2\/product\/418353\/revisions"}],"predecessor-version":[{"id":418356,"href":"https:\/\/www.purejewels.com\/tr\/wp-json\/wp\/v2\/product\/418353\/revisions\/418356"}],"wp:featuredmedia":[{"embeddable":true,"href":"https:\/\/www.purejewels.com\/tr\/wp-json\/wp\/v2\/media\/418354"}],"wp:attachment":[{"href":"https:\/\/www.purejewels.com\/tr\/wp-json\/wp\/v2\/media?parent=418353"}],"wp:term":[{"taxonomy":"product_brand","embeddable":true,"href":"https:\/\/www.purejewels.com\/tr\/wp-json\/wp\/v2\/product_brand?post=418353"},{"taxonomy":"product_cat","embeddable":true,"href":"https:\/\/www.purejewels.com\/tr\/wp-json\/wp\/v2\/product_cat?post=418353"},{"taxonomy":"product_tag","embeddable":true,"href":"https:\/\/www.purejewels.com\/tr\/wp-json\/wp\/v2\/product_tag?post=418353"}],"curies":[{"name":"wp","href":"https:\/\/api.w.org\/{rel}","templated":true}]}}