{"id":418367,"date":"2025-09-09T09:55:10","date_gmt":"2025-09-09T08:55:10","guid":{"rendered":"https:\/\/www.purejewels.com\/?post_type=product&#038;p=418367"},"modified":"2026-04-29T07:44:05","modified_gmt":"2026-04-29T06:44:05","slug":"22-ayar-altin-varakli-zincir-cz-damla-kupe-52426","status":"publish","type":"product","link":"https:\/\/www.purejewels.com\/tr\/product\/22ct-gold-leaf-chain-cz-drop-earrings-52426\/","title":{"rendered":"22 Ayar Alt\u0131n Yaprak ve Zincir CZ Damla K\u00fcpe"},"content":{"rendered":"<h4 data-start=\"607\" data-end=\"632\"><strong data-start=\"612\" data-end=\"630\">Tasar\u0131m Konsepti<\/strong><\/h4>\n<p data-start=\"633\" data-end=\"991\">Do\u011fan\u0131n zarafetinden ilham alan bu damla k\u00fcpeler, d\u00fc\u015fen yapraklar\u0131n ve akan sarma\u015f\u0131klar\u0131n zarafetini \u00e7a\u011fr\u0131\u015ft\u0131r\u0131yor. En \u00fcstte, zengin ye\u015fil mine ve parlak k\u00fcbik zirkonya ile vurgulanan ince yontulmu\u015f bir yaprak motifi bulunur. Bu motiften ince bir kutu zincir damlas\u0131 iner ve yumu\u015fak alt\u0131n bir g\u00f6zya\u015f\u0131 damlas\u0131yla sonlanarak hem modern hem de organik bir siluet olu\u015fturur.<\/p>\n<p data-start=\"993\" data-end=\"1082\">Sonu\u00e7 olarak ortaya do\u011fa, hareket ve abart\u0131s\u0131z bir zenginlik hikayesi anlatan bir par\u00e7a \u00e7\u0131kt\u0131.<\/p>\n<h4 data-start=\"1089\" data-end=\"1113\"><strong data-start=\"1094\" data-end=\"1111\">Zanaatkarl\u0131k<\/strong><\/h4>\n<p data-start=\"1114\" data-end=\"1544\">22 ayar sar\u0131 alt\u0131ndan el i\u015f\u00e7ili\u011fiyle \u00fcretilen 2,29 gram a\u011f\u0131rl\u0131\u011f\u0131ndaki bu k\u00fcpeler, Hint esintili tasar\u0131m\u0131n \u00e7a\u011fda\u015f Londra stiliyle harmanlanm\u0131\u015f inceliklerini yans\u0131t\u0131yor. Her bir CZ ta\u015f\u0131, parlakl\u0131\u011f\u0131 en \u00fcst d\u00fczeye \u00e7\u0131karmak i\u00e7in hassas bir \u015fekilde i\u015flenmi\u015ftir. P\u00fcr\u00fczs\u00fcz zincir damlas\u0131 hem esnek hem de dayan\u0131kl\u0131d\u0131r ve zarif bir hareket sa\u011flar. Bu k\u00fcpeler, alt\u0131n safl\u0131\u011f\u0131 ve orijinalli\u011finin garantisi olan Londra Assay Office'in \u0130ngiliz Damgas\u0131n\u0131 ta\u015f\u0131maktad\u0131r.<\/p>\n<h4 data-start=\"1551\" data-end=\"1575\"><strong data-start=\"1556\" data-end=\"1573\">Stil Fikirleri<\/strong><\/h4>\n<p data-start=\"1576\" data-end=\"1929\">\u0130pek bir bluz veya sari ile dikkat \u00e7ekici bir par\u00e7a olarak kullan\u0131n ya da minimalist alt\u0131n tak\u0131larla e\u015fle\u015ftirerek ince ama zarif bir g\u00f6r\u00fcn\u00fcm elde edin. Zarif uzunlu\u011fu ve \u0131\u015f\u0131lt\u0131s\u0131 sayesinde bayramlar, d\u00fc\u011f\u00fcnler ve hatta g\u00fcnl\u00fck giyim i\u00e7in idealdir. Ayr\u0131ca, botanik bir dokunu\u015fla zamans\u0131z stili seven biri i\u00e7in g\u00fczel bir hediye olarak da kullan\u0131labilir.<\/p>","protected":false},"excerpt":{"rendered":"<p>Zarafet ve hareketin \u015fiirsel bir kar\u0131\u015f\u0131m\u0131 olan bu 22 Ayar Alt\u0131n Yaprak ve Zincir CZ Damla K\u00fcpeler, \u0131\u015f\u0131lt\u0131l\u0131 k\u00fcbik zirkonlarla bezenmi\u015f incelikle i\u015flenmi\u015f bir yaprak tasar\u0131m\u0131na sahiptir ve ak\u0131c\u0131 bir kutu zincir d\u00fc\u015f\u00fc\u015f\u00fcne yol a\u00e7ar. Hafif ama b\u00fcy\u00fcleyici - alt\u0131n sanat\u0131nda bir ifade.<\/p>\n<ul>\n<li><strong>Malzeme:<\/strong> 22 Ayar Alt\u0131n<\/li>\n<li><strong>Hallmark: <\/strong>\u0130ngiliz Damgas\u0131<\/li>\n<li><strong>Br\u00fct A\u011f\u0131rl\u0131k: <\/strong>2.29 Gms<\/li>\n<li><strong>Net A\u011f\u0131rl\u0131k:<\/strong> 2.27 Gms<\/li>\n<li><strong>SKU: <\/strong>52426<\/li>\n<\/ul>\n<p><strong><br \/>\nFiyat ve Teslimat: <\/strong>KDV ve teslimat \u00fccretleri dahil<br \/>\n<strong><a href=\"https:\/\/www.purejewels.com\/tr\/i%cc%87ade-poli%cc%87ti%cc%87kasi\/\">\u0130ade Politikas\u0131<\/a><\/strong><\/p>","protected":false},"featured_media":418368,"comment_status":"closed","ping_status":"closed","template":"","meta":{"_eb_attr":"","_crsspst_to_jayantr4sg-hostcom":true},"product_brand":[],"product_cat":[1793,1685,5701,1792,1790,1254,1229,5343,1573,1574,5349],"product_tag":[5933,5922,66,6022],"class_list":{"0":"post-418367","1":"product","2":"type-product","3":"status-publish","4":"has-post-thumbnail","6":"product_cat-diwali-gifts","7":"product_cat-drop-earrings","8":"product_cat-eid-jewellery","9":"product_cat-festival-gifts","10":"product_cat-for-whom-when","11":"product_cat-gold-earrings","12":"product_cat-22ct-gold-jewellery","13":"product_cat-jewellery-under-550","14":"product_cat-wedding-gifts","15":"product_cat-womens-jewellery","16":"product_cat-yellow-gold-jewellery","17":"product_tag-22ct-gold","18":"product_tag-22ct-gold-earrings","19":"product_tag-earrings","20":"product_tag-long-gold-earrings","22":"first","23":"instock","24":"taxable","25":"shipping-taxable","26":"purchasable","27":"product-type-simple","28":"add-to-wishlist-before_image"},"yoast_head":"<!-- This site is optimized with the Yoast SEO plugin v27.6 - https:\/\/yoast.com\/product\/yoast-seo-wordpress\/ -->\n<title>22ct Gold Leaf &amp; Chain CZ Drop Earrings | PureJewels London<\/title>\n<meta name=\"description\" content=\"Discover 22ct Gold Leaf &amp; Chain CZ Drop Earrings at PureJewels. Featuring enameled leaf motifs, box chain drops, and brilliant CZ stones. British hallmarked.\" \/>\n<meta name=\"robots\" content=\"index, follow, max-snippet:-1, max-image-preview:large, max-video-preview:-1\" \/>\n<link rel=\"canonical\" href=\"https:\/\/www.purejewels.com\/tr\/urun\/22-ayar-altin-varakli-zincir-cz-damla-kupe-52426\/\" \/>\n<meta property=\"og:locale\" content=\"tr_TR\" \/>\n<meta property=\"og:type\" content=\"article\" \/>\n<meta property=\"og:title\" content=\"22ct Gold Leaf &amp; Chain CZ Drop Earrings | PureJewels London\" \/>\n<meta property=\"og:description\" content=\"Discover 22ct Gold Leaf &amp; Chain CZ Drop Earrings at PureJewels. Featuring enameled leaf motifs, box chain drops, and brilliant CZ stones. British hallmarked.\" \/>\n<meta property=\"og:url\" content=\"https:\/\/www.purejewels.com\/tr\/urun\/22-ayar-altin-varakli-zincir-cz-damla-kupe-52426\/\" \/>\n<meta property=\"og:site_name\" content=\"PureJewels UK\" \/>\n<meta property=\"article:modified_time\" content=\"2026-04-29T06:44:05+00:00\" \/>\n<meta property=\"og:image\" content=\"https:\/\/static.purejewels.com\/wp-content\/uploads\/2025\/10\/SKu-52426.jpg\" \/>\n\t<meta property=\"og:image:width\" content=\"1000\" \/>\n\t<meta property=\"og:image:height\" content=\"1000\" \/>\n\t<meta property=\"og:image:type\" content=\"image\/jpeg\" \/>\n<meta name=\"twitter:card\" content=\"summary_large_image\" \/>\n<meta name=\"twitter:label1\" content=\"Tahmini okuma s\u00fcresi\" \/>\n\t<meta name=\"twitter:data1\" content=\"2 dakika\" \/>\n<script type=\"application\/ld+json\" class=\"yoast-schema-graph\">{\"@context\":\"https:\\\/\\\/schema.org\",\"@graph\":[{\"@type\":[\"WebPage\",\"ItemPage\"],\"@id\":\"https:\\\/\\\/www.purejewels.com\\\/product\\\/22ct-gold-leaf-chain-cz-drop-earrings-52426\\\/\",\"url\":\"https:\\\/\\\/www.purejewels.com\\\/product\\\/22ct-gold-leaf-chain-cz-drop-earrings-52426\\\/\",\"name\":\"22ct Gold Leaf & Chain CZ Drop Earrings | PureJewels London\",\"isPartOf\":{\"@id\":\"https:\\\/\\\/www.purejewels.com\\\/#website\"},\"primaryImageOfPage\":{\"@id\":\"https:\\\/\\\/www.purejewels.com\\\/product\\\/22ct-gold-leaf-chain-cz-drop-earrings-52426\\\/#primaryimage\"},\"image\":{\"@id\":\"https:\\\/\\\/www.purejewels.com\\\/product\\\/22ct-gold-leaf-chain-cz-drop-earrings-52426\\\/#primaryimage\"},\"thumbnailUrl\":\"https:\\\/\\\/static.purejewels.com\\\/wp-content\\\/uploads\\\/2025\\\/10\\\/SKu-52426.jpg\",\"datePublished\":\"2025-09-09T08:55:10+00:00\",\"dateModified\":\"2026-04-29T06:44:05+00:00\",\"description\":\"Discover 22ct Gold Leaf & Chain CZ Drop Earrings at PureJewels. Featuring enameled leaf motifs, box chain drops, and brilliant CZ stones. British hallmarked.\",\"breadcrumb\":{\"@id\":\"https:\\\/\\\/www.purejewels.com\\\/product\\\/22ct-gold-leaf-chain-cz-drop-earrings-52426\\\/#breadcrumb\"},\"inLanguage\":\"tr\",\"potentialAction\":[{\"@type\":\"ReadAction\",\"target\":[\"https:\\\/\\\/www.purejewels.com\\\/product\\\/22ct-gold-leaf-chain-cz-drop-earrings-52426\\\/\"]}]},{\"@type\":\"ImageObject\",\"inLanguage\":\"tr\",\"@id\":\"https:\\\/\\\/www.purejewels.com\\\/product\\\/22ct-gold-leaf-chain-cz-drop-earrings-52426\\\/#primaryimage\",\"url\":\"https:\\\/\\\/static.purejewels.com\\\/wp-content\\\/uploads\\\/2025\\\/10\\\/SKu-52426.jpg\",\"contentUrl\":\"https:\\\/\\\/static.purejewels.com\\\/wp-content\\\/uploads\\\/2025\\\/10\\\/SKu-52426.jpg\",\"width\":1000,\"height\":1000,\"caption\":\"22ct Gold Leaf & Chain CZ Drop Earrings\"},{\"@type\":\"BreadcrumbList\",\"@id\":\"https:\\\/\\\/www.purejewels.com\\\/product\\\/22ct-gold-leaf-chain-cz-drop-earrings-52426\\\/#breadcrumb\",\"itemListElement\":[{\"@type\":\"ListItem\",\"position\":1,\"name\":\"Home\",\"item\":\"https:\\\/\\\/www.purejewels.com\\\/\"},{\"@type\":\"ListItem\",\"position\":2,\"name\":\"Shop\",\"item\":\"https:\\\/\\\/www.purejewels.com\\\/shop\\\/\"},{\"@type\":\"ListItem\",\"position\":3,\"name\":\"22ct Gold Leaf &amp; Chain CZ Drop Earrings\"}]},{\"@type\":\"WebSite\",\"@id\":\"https:\\\/\\\/www.purejewels.com\\\/#website\",\"url\":\"https:\\\/\\\/www.purejewels.com\\\/\",\"name\":\"PureJewels UK\",\"description\":\"Share the Love\",\"publisher\":{\"@id\":\"https:\\\/\\\/www.purejewels.com\\\/#organization\"},\"potentialAction\":[{\"@type\":\"SearchAction\",\"target\":{\"@type\":\"EntryPoint\",\"urlTemplate\":\"https:\\\/\\\/www.purejewels.com\\\/?s={search_term_string}\"},\"query-input\":{\"@type\":\"PropertyValueSpecification\",\"valueRequired\":true,\"valueName\":\"search_term_string\"}}],\"inLanguage\":\"tr\"},{\"@type\":\"Organization\",\"@id\":\"https:\\\/\\\/www.purejewels.com\\\/#organization\",\"name\":\"PureJewels UK\",\"url\":\"https:\\\/\\\/www.purejewels.com\\\/\",\"logo\":{\"@type\":\"ImageObject\",\"inLanguage\":\"tr\",\"@id\":\"https:\\\/\\\/www.purejewels.com\\\/#\\\/schema\\\/logo\\\/image\\\/\",\"url\":\"https:\\\/\\\/static.purejewels.com\\\/wp-content\\\/uploads\\\/2020\\\/11\\\/Logo-PJ-New-1.png\",\"contentUrl\":\"https:\\\/\\\/static.purejewels.com\\\/wp-content\\\/uploads\\\/2020\\\/11\\\/Logo-PJ-New-1.png\",\"width\":150,\"height\":80,\"caption\":\"PureJewels UK\"},\"image\":{\"@id\":\"https:\\\/\\\/www.purejewels.com\\\/#\\\/schema\\\/logo\\\/image\\\/\"}}]}<\/script>\n<!-- \/ Yoast SEO plugin. -->","yoast_head_json":{"title":"22 Ayar Alt\u0131n Yaprak ve Zincir CZ Damla K\u00fcpe | PureJewels London","description":"PureJewels'te 22 Ayar Alt\u0131n Yaprak ve Zincir CZ Damla K\u00fcpeleri ke\u015ffedin. Mineli yaprak motifleri, kutu zincir damlalar ve parlak CZ ta\u015flar i\u00e7erir. \u0130ngiliz damgal\u0131d\u0131r.","robots":{"index":"index","follow":"follow","max-snippet":"max-snippet:-1","max-image-preview":"max-image-preview:large","max-video-preview":"max-video-preview:-1"},"canonical":"https:\/\/www.purejewels.com\/tr\/urun\/22-ayar-altin-varakli-zincir-cz-damla-kupe-52426\/","og_locale":"tr_TR","og_type":"article","og_title":"22ct Gold Leaf & Chain CZ Drop Earrings | PureJewels London","og_description":"Discover 22ct Gold Leaf & Chain CZ Drop Earrings at PureJewels. Featuring enameled leaf motifs, box chain drops, and brilliant CZ stones. British hallmarked.","og_url":"https:\/\/www.purejewels.com\/tr\/urun\/22-ayar-altin-varakli-zincir-cz-damla-kupe-52426\/","og_site_name":"PureJewels UK","article_modified_time":"2026-04-29T06:44:05+00:00","og_image":[{"width":1000,"height":1000,"url":"https:\/\/static.purejewels.com\/wp-content\/uploads\/2025\/10\/SKu-52426.jpg","type":"image\/jpeg"}],"twitter_card":"summary_large_image","twitter_misc":{"Tahmini okuma s\u00fcresi":"2 dakika"},"schema":{"@context":"https:\/\/schema.org","@graph":[{"@type":["WebPage","ItemPage"],"@id":"https:\/\/www.purejewels.com\/product\/22ct-gold-leaf-chain-cz-drop-earrings-52426\/","url":"https:\/\/www.purejewels.com\/product\/22ct-gold-leaf-chain-cz-drop-earrings-52426\/","name":"22 Ayar Alt\u0131n Yaprak ve Zincir CZ Damla K\u00fcpe | PureJewels London","isPartOf":{"@id":"https:\/\/www.purejewels.com\/#website"},"primaryImageOfPage":{"@id":"https:\/\/www.purejewels.com\/product\/22ct-gold-leaf-chain-cz-drop-earrings-52426\/#primaryimage"},"image":{"@id":"https:\/\/www.purejewels.com\/product\/22ct-gold-leaf-chain-cz-drop-earrings-52426\/#primaryimage"},"thumbnailUrl":"https:\/\/static.purejewels.com\/wp-content\/uploads\/2025\/10\/SKu-52426.jpg","datePublished":"2025-09-09T08:55:10+00:00","dateModified":"2026-04-29T06:44:05+00:00","description":"PureJewels'te 22 Ayar Alt\u0131n Yaprak ve Zincir CZ Damla K\u00fcpeleri ke\u015ffedin. Mineli yaprak motifleri, kutu zincir damlalar ve parlak CZ ta\u015flar i\u00e7erir. \u0130ngiliz damgal\u0131d\u0131r.","breadcrumb":{"@id":"https:\/\/www.purejewels.com\/product\/22ct-gold-leaf-chain-cz-drop-earrings-52426\/#breadcrumb"},"inLanguage":"tr","potentialAction":[{"@type":"ReadAction","target":["https:\/\/www.purejewels.com\/product\/22ct-gold-leaf-chain-cz-drop-earrings-52426\/"]}]},{"@type":"ImageObject","inLanguage":"tr","@id":"https:\/\/www.purejewels.com\/product\/22ct-gold-leaf-chain-cz-drop-earrings-52426\/#primaryimage","url":"https:\/\/static.purejewels.com\/wp-content\/uploads\/2025\/10\/SKu-52426.jpg","contentUrl":"https:\/\/static.purejewels.com\/wp-content\/uploads\/2025\/10\/SKu-52426.jpg","width":1000,"height":1000,"caption":"22ct Gold Leaf & Chain CZ Drop Earrings"},{"@type":"BreadcrumbList","@id":"https:\/\/www.purejewels.com\/product\/22ct-gold-leaf-chain-cz-drop-earrings-52426\/#breadcrumb","itemListElement":[{"@type":"ListItem","position":1,"name":"Home","item":"https:\/\/www.purejewels.com\/"},{"@type":"ListItem","position":2,"name":"Shop","item":"https:\/\/www.purejewels.com\/shop\/"},{"@type":"ListItem","position":3,"name":"22ct Gold Leaf &amp; Chain CZ Drop Earrings"}]},{"@type":"WebSite","@id":"https:\/\/www.purejewels.com\/#website","url":"https:\/\/www.purejewels.com\/","name":"PureJewels \u0130ngiltere","description":"Sevgiyi Payla\u015f\u0131n","publisher":{"@id":"https:\/\/www.purejewels.com\/#organization"},"potentialAction":[{"@type":"SearchAction","target":{"@type":"EntryPoint","urlTemplate":"https:\/\/www.purejewels.com\/?s={search_term_string}"},"query-input":{"@type":"PropertyValueSpecification","valueRequired":true,"valueName":"search_term_string"}}],"inLanguage":"tr"},{"@type":"Organization","@id":"https:\/\/www.purejewels.com\/#organization","name":"PureJewels \u0130ngiltere","url":"https:\/\/www.purejewels.com\/","logo":{"@type":"ImageObject","inLanguage":"tr","@id":"https:\/\/www.purejewels.com\/#\/schema\/logo\/image\/","url":"https:\/\/static.purejewels.com\/wp-content\/uploads\/2020\/11\/Logo-PJ-New-1.png","contentUrl":"https:\/\/static.purejewels.com\/wp-content\/uploads\/2020\/11\/Logo-PJ-New-1.png","width":150,"height":80,"caption":"PureJewels UK"},"image":{"@id":"https:\/\/www.purejewels.com\/#\/schema\/logo\/image\/"}}]}},"_links":{"self":[{"href":"https:\/\/www.purejewels.com\/tr\/wp-json\/wp\/v2\/product\/418367","targetHints":{"allow":["GET"]}}],"collection":[{"href":"https:\/\/www.purejewels.com\/tr\/wp-json\/wp\/v2\/product"}],"about":[{"href":"https:\/\/www.purejewels.com\/tr\/wp-json\/wp\/v2\/types\/product"}],"replies":[{"embeddable":true,"href":"https:\/\/www.purejewels.com\/tr\/wp-json\/wp\/v2\/comments?post=418367"}],"version-history":[{"count":3,"href":"https:\/\/www.purejewels.com\/tr\/wp-json\/wp\/v2\/product\/418367\/revisions"}],"predecessor-version":[{"id":429150,"href":"https:\/\/www.purejewels.com\/tr\/wp-json\/wp\/v2\/product\/418367\/revisions\/429150"}],"wp:featuredmedia":[{"embeddable":true,"href":"https:\/\/www.purejewels.com\/tr\/wp-json\/wp\/v2\/media\/418368"}],"wp:attachment":[{"href":"https:\/\/www.purejewels.com\/tr\/wp-json\/wp\/v2\/media?parent=418367"}],"wp:term":[{"taxonomy":"product_brand","embeddable":true,"href":"https:\/\/www.purejewels.com\/tr\/wp-json\/wp\/v2\/product_brand?post=418367"},{"taxonomy":"product_cat","embeddable":true,"href":"https:\/\/www.purejewels.com\/tr\/wp-json\/wp\/v2\/product_cat?post=418367"},{"taxonomy":"product_tag","embeddable":true,"href":"https:\/\/www.purejewels.com\/tr\/wp-json\/wp\/v2\/product_tag?post=418367"}],"curies":[{"name":"wp","href":"https:\/\/api.w.org\/{rel}","templated":true}]}}