{"id":418402,"date":"2025-09-09T12:34:29","date_gmt":"2025-09-09T11:34:29","guid":{"rendered":"https:\/\/www.purejewels.com\/?post_type=product&#038;p=418402"},"modified":"2026-04-16T07:21:55","modified_gmt":"2026-04-16T06:21:55","slug":"22-ayar-altin-silindirik-tilsimli-bileklik-51165","status":"publish","type":"product","link":"https:\/\/www.purejewels.com\/tr\/product\/22ct-gold-cylindric-charm-bracelet-51165\/","title":{"rendered":"22 Ayar Alt\u0131n Silindirik Charm Bileklik"},"content":{"rendered":"<p data-start=\"273\" data-end=\"684\"><strong data-start=\"273\" data-end=\"292\">Tasar\u0131m Konsepti<\/strong><\/p>\n<p data-start=\"273\" data-end=\"684\">Bu 22 Ayar Alt\u0131n Silindirik T\u0131ls\u0131ml\u0131 Bileklik, geometrik hassasiyeti narin detaylarla birle\u015ftirerek zamans\u0131z zarafetten ilham al\u0131yor. Bilezi\u011fin kalbinde, uyumu ve sevgiyi simgeleyen k\u00fc\u00e7\u00fck alt\u0131n kalplerle \u00e7evrili a\u00e7\u0131k kafes tasar\u0131m\u0131na sahip yontulmu\u015f silindirik bir t\u0131ls\u0131m yer al\u0131r. Bir miktar kontrast i\u00e7in ince bir \u015fekilde rodyum ile vurgulanan bu par\u00e7a hem \u015fiirsel hem de yap\u0131land\u0131r\u0131lm\u0131\u015ft\u0131r.<\/p>\n<p data-start=\"686\" data-end=\"1057\"><strong data-start=\"686\" data-end=\"704\">Zanaatkarl\u0131k<\/strong><\/p>\n<p data-start=\"686\" data-end=\"1057\">Saf 22 ayar alt\u0131ndan titizlikle \u00fcretilen bilezik, silindirik boncuk i\u00e7inde ince telkari sanat\u0131n\u0131 sergiliyor. \u00c7ift telli zincirin her bir halkas\u0131 y\u00fcksek parlakl\u0131kta i\u015flenerek hem dayan\u0131kl\u0131l\u0131k hem de bilekte zarif bir hareket sa\u011flar. Sar\u0131 alt\u0131n ve rodyumun etkile\u015fimi, rafine sadeli\u011fini bast\u0131rmadan sofistike bir hava kat\u0131yor.<\/p>\n<p data-start=\"1059\" data-end=\"1418\"><strong data-start=\"1059\" data-end=\"1077\">Stil Fikirleri<\/strong><\/p>\n<p data-start=\"1059\" data-end=\"1418\">Minimalist bir ifade i\u00e7in bu bilezi\u011fi tek ba\u015f\u0131na tak\u0131n veya daha etkileyici, istiflenmi\u015f bir g\u00f6r\u00fcn\u00fcm i\u00e7in ince bileziklerle katmanlay\u0131n. G\u00fcnl\u00fck kullan\u0131m veya \u00f6zel g\u00fcnler i\u00e7in m\u00fckemmel olan bu bileklik, hem geleneksel k\u0131yafetlerle hem de modern sil\u00fcetlerle zahmetsizce uyum sa\u011flar. Ayr\u0131ca do\u011fum g\u00fcnleri, y\u0131l d\u00f6n\u00fcmleri veya g\u00f6n\u00fclden ba\u011fl\u0131l\u0131\u011f\u0131n bir simgesi olarak d\u00fc\u015f\u00fcnceli bir hediyedir.<\/p>","protected":false},"excerpt":{"rendered":"<p>ElevaK\u00fc\u00e7\u00fck motiflerle vurgulanm\u0131\u015f karma\u015f\u0131k bir ajurlu silindirik t\u0131ls\u0131m i\u00e7eren bu 22 Ayar Alt\u0131n Silindirik T\u0131ls\u0131m Bileklik ile stilinizi y\u00fckseltin. Hassasiyetle haz\u0131rlanm\u0131\u015f ve rodyum vurgularla zenginle\u015ftirilmi\u015f bu bileklik, zarafet ve duygunun m\u00fckemmel bir kar\u0131\u015f\u0131m\u0131d\u0131r. Hem g\u00fcnl\u00fck kullan\u0131m hem de \u00f6zel g\u00fcnler i\u00e7in ideal olan bu bileklik, safl\u0131k g\u00fcvencesi i\u00e7in \u0130ngiliz damgal\u0131d\u0131r.<\/p>\n<p><strong>Malzeme:<\/strong> 22 Ayar Alt\u0131n (91,6% Saf Alt\u0131n)<strong><br \/>\nHallmark:\u00a0<\/strong>\u0130ngiliz Damgas\u0131<strong><br \/>\n<\/strong><strong>Br\u00fct A\u011f\u0131rl\u0131k: <\/strong>3.70 Gms<br \/>\n<strong>Uzunluk:<\/strong> 6,75 in\u00e7<br \/>\n<strong>SKU:<\/strong> 53057<\/p>\n<p><strong>Fiyat ve Teslimat<\/strong>: KDV ve teslimat \u00fccreti dahil<br \/>\n<a href=\"https:\/\/www.purejewels.com\/tr\/i%cc%87ade-poli%cc%87ti%cc%87kasi\/\">\u0130ade Politikas\u0131<\/a><\/p>","protected":false},"featured_media":418408,"comment_status":"closed","ping_status":"closed","template":"","meta":{"_eb_attr":"","_crsspst_to_jayantr4sg-hostcom":true},"product_brand":[],"product_cat":[1791,1559,1793,6059,1792,1324,1627,1229,5344,1575,1569,1574,5349],"product_tag":[5634],"class_list":{"0":"post-418402","1":"product","2":"type-product","3":"status-publish","4":"has-post-thumbnail","6":"product_cat-anniversary-gifts","7":"product_cat-birthday-gifts","8":"product_cat-diwali-gifts","9":"product_cat-fancy-bracelet","10":"product_cat-festival-gifts","11":"product_cat-gold-bracelet","12":"product_cat-ladies-bracelet","13":"product_cat-22ct-gold-jewellery","14":"product_cat-jewellery-under-750","15":"product_cat-teenage-jewellery","16":"product_cat-valentine-day-gifts","17":"product_cat-womens-jewellery","18":"product_cat-yellow-gold-jewellery","19":"product_tag-22ct-gold-bracelet-for-ladies","21":"first","22":"outofstock","23":"taxable","24":"shipping-taxable","25":"product-type-simple","26":"add-to-wishlist-before_image"},"yoast_head":"<!-- This site is optimized with the Yoast SEO plugin v27.5 - https:\/\/yoast.com\/product\/yoast-seo-wordpress\/ -->\n<title>22ct Gold Cylindric Charm Bracelet \u2013 Pure Elegance in Yellow Gold<\/title>\n<meta name=\"description\" content=\"Discover the elegance of 22ct yellow gold bracelets with this cylindric charm design, featuring openwork detail and heart motifs, finished with British Hallmark assurance.\" \/>\n<meta name=\"robots\" content=\"index, follow, max-snippet:-1, max-image-preview:large, max-video-preview:-1\" \/>\n<link rel=\"canonical\" href=\"https:\/\/www.purejewels.com\/tr\/urun\/22-ayar-altin-silindirik-tilsimli-bileklik-51165\/\" \/>\n<meta property=\"og:locale\" content=\"tr_TR\" \/>\n<meta property=\"og:type\" content=\"article\" \/>\n<meta property=\"og:title\" content=\"22ct Gold Cylindric Charm Bracelet \u2013 Pure Elegance in Yellow Gold\" \/>\n<meta property=\"og:description\" content=\"Discover the elegance of 22ct yellow gold bracelets with this cylindric charm design, featuring openwork detail and heart motifs, finished with British Hallmark assurance.\" \/>\n<meta property=\"og:url\" content=\"https:\/\/www.purejewels.com\/tr\/urun\/22-ayar-altin-silindirik-tilsimli-bileklik-51165\/\" \/>\n<meta property=\"og:site_name\" content=\"PureJewels UK\" \/>\n<meta property=\"article:modified_time\" content=\"2026-04-16T06:21:55+00:00\" \/>\n<meta property=\"og:image\" content=\"https:\/\/static.purejewels.com\/wp-content\/uploads\/2025\/10\/SKU-51165.jpg\" \/>\n\t<meta property=\"og:image:width\" content=\"1000\" \/>\n\t<meta property=\"og:image:height\" content=\"1000\" \/>\n\t<meta property=\"og:image:type\" content=\"image\/jpeg\" \/>\n<meta name=\"twitter:card\" content=\"summary_large_image\" \/>\n<meta name=\"twitter:label1\" content=\"Tahmini okuma s\u00fcresi\" \/>\n\t<meta name=\"twitter:data1\" content=\"1 dakika\" \/>\n<script type=\"application\/ld+json\" class=\"yoast-schema-graph\">{\"@context\":\"https:\\\/\\\/schema.org\",\"@graph\":[{\"@type\":[\"WebPage\",\"ItemPage\"],\"@id\":\"https:\\\/\\\/www.purejewels.com\\\/product\\\/22ct-gold-cylindric-charm-bracelet-51165\\\/\",\"url\":\"https:\\\/\\\/www.purejewels.com\\\/product\\\/22ct-gold-cylindric-charm-bracelet-51165\\\/\",\"name\":\"22ct Gold Cylindric Charm Bracelet \u2013 Pure Elegance in Yellow Gold\",\"isPartOf\":{\"@id\":\"https:\\\/\\\/www.purejewels.com\\\/#website\"},\"primaryImageOfPage\":{\"@id\":\"https:\\\/\\\/www.purejewels.com\\\/product\\\/22ct-gold-cylindric-charm-bracelet-51165\\\/#primaryimage\"},\"image\":{\"@id\":\"https:\\\/\\\/www.purejewels.com\\\/product\\\/22ct-gold-cylindric-charm-bracelet-51165\\\/#primaryimage\"},\"thumbnailUrl\":\"https:\\\/\\\/static.purejewels.com\\\/wp-content\\\/uploads\\\/2025\\\/10\\\/SKU-51165.jpg\",\"datePublished\":\"2025-09-09T11:34:29+00:00\",\"dateModified\":\"2026-04-16T06:21:55+00:00\",\"description\":\"Discover the elegance of 22ct yellow gold bracelets with this cylindric charm design, featuring openwork detail and heart motifs, finished with British Hallmark assurance.\",\"breadcrumb\":{\"@id\":\"https:\\\/\\\/www.purejewels.com\\\/product\\\/22ct-gold-cylindric-charm-bracelet-51165\\\/#breadcrumb\"},\"inLanguage\":\"tr\",\"potentialAction\":[{\"@type\":\"ReadAction\",\"target\":[\"https:\\\/\\\/www.purejewels.com\\\/product\\\/22ct-gold-cylindric-charm-bracelet-51165\\\/\"]}]},{\"@type\":\"ImageObject\",\"inLanguage\":\"tr\",\"@id\":\"https:\\\/\\\/www.purejewels.com\\\/product\\\/22ct-gold-cylindric-charm-bracelet-51165\\\/#primaryimage\",\"url\":\"https:\\\/\\\/static.purejewels.com\\\/wp-content\\\/uploads\\\/2025\\\/10\\\/SKU-51165.jpg\",\"contentUrl\":\"https:\\\/\\\/static.purejewels.com\\\/wp-content\\\/uploads\\\/2025\\\/10\\\/SKU-51165.jpg\",\"width\":1000,\"height\":1000,\"caption\":\"22ct Gold Cylindric Charm Bracelet\"},{\"@type\":\"BreadcrumbList\",\"@id\":\"https:\\\/\\\/www.purejewels.com\\\/product\\\/22ct-gold-cylindric-charm-bracelet-51165\\\/#breadcrumb\",\"itemListElement\":[{\"@type\":\"ListItem\",\"position\":1,\"name\":\"Home\",\"item\":\"https:\\\/\\\/www.purejewels.com\\\/\"},{\"@type\":\"ListItem\",\"position\":2,\"name\":\"Shop\",\"item\":\"https:\\\/\\\/www.purejewels.com\\\/shop\\\/\"},{\"@type\":\"ListItem\",\"position\":3,\"name\":\"22ct Gold Cylindric Charm Bracelet\"}]},{\"@type\":\"WebSite\",\"@id\":\"https:\\\/\\\/www.purejewels.com\\\/#website\",\"url\":\"https:\\\/\\\/www.purejewels.com\\\/\",\"name\":\"PureJewels UK\",\"description\":\"Share the Love\",\"publisher\":{\"@id\":\"https:\\\/\\\/www.purejewels.com\\\/#organization\"},\"potentialAction\":[{\"@type\":\"SearchAction\",\"target\":{\"@type\":\"EntryPoint\",\"urlTemplate\":\"https:\\\/\\\/www.purejewels.com\\\/?s={search_term_string}\"},\"query-input\":{\"@type\":\"PropertyValueSpecification\",\"valueRequired\":true,\"valueName\":\"search_term_string\"}}],\"inLanguage\":\"tr\"},{\"@type\":\"Organization\",\"@id\":\"https:\\\/\\\/www.purejewels.com\\\/#organization\",\"name\":\"PureJewels UK\",\"url\":\"https:\\\/\\\/www.purejewels.com\\\/\",\"logo\":{\"@type\":\"ImageObject\",\"inLanguage\":\"tr\",\"@id\":\"https:\\\/\\\/www.purejewels.com\\\/#\\\/schema\\\/logo\\\/image\\\/\",\"url\":\"https:\\\/\\\/static.purejewels.com\\\/wp-content\\\/uploads\\\/2020\\\/11\\\/Logo-PJ-New-1.png\",\"contentUrl\":\"https:\\\/\\\/static.purejewels.com\\\/wp-content\\\/uploads\\\/2020\\\/11\\\/Logo-PJ-New-1.png\",\"width\":150,\"height\":80,\"caption\":\"PureJewels UK\"},\"image\":{\"@id\":\"https:\\\/\\\/www.purejewels.com\\\/#\\\/schema\\\/logo\\\/image\\\/\"}}]}<\/script>\n<!-- \/ Yoast SEO plugin. -->","yoast_head_json":{"title":"22 Ayar Alt\u0131n Silindirik Charm Bileklik - Sar\u0131 Alt\u0131nda Saf Zerafet","description":"\u0130ngiliz Hallmark g\u00fcvencesiyle tamamlanan, ajur detayl\u0131 ve kalp motifli bu silindirik charm tasar\u0131m\u0131yla 22 ayar sar\u0131 alt\u0131n bileziklerin zarafetini ke\u015ffedin.","robots":{"index":"index","follow":"follow","max-snippet":"max-snippet:-1","max-image-preview":"max-image-preview:large","max-video-preview":"max-video-preview:-1"},"canonical":"https:\/\/www.purejewels.com\/tr\/urun\/22-ayar-altin-silindirik-tilsimli-bileklik-51165\/","og_locale":"tr_TR","og_type":"article","og_title":"22ct Gold Cylindric Charm Bracelet \u2013 Pure Elegance in Yellow Gold","og_description":"Discover the elegance of 22ct yellow gold bracelets with this cylindric charm design, featuring openwork detail and heart motifs, finished with British Hallmark assurance.","og_url":"https:\/\/www.purejewels.com\/tr\/urun\/22-ayar-altin-silindirik-tilsimli-bileklik-51165\/","og_site_name":"PureJewels UK","article_modified_time":"2026-04-16T06:21:55+00:00","og_image":[{"width":1000,"height":1000,"url":"https:\/\/static.purejewels.com\/wp-content\/uploads\/2025\/10\/SKU-51165.jpg","type":"image\/jpeg"}],"twitter_card":"summary_large_image","twitter_misc":{"Tahmini okuma s\u00fcresi":"1 dakika"},"schema":{"@context":"https:\/\/schema.org","@graph":[{"@type":["WebPage","ItemPage"],"@id":"https:\/\/www.purejewels.com\/product\/22ct-gold-cylindric-charm-bracelet-51165\/","url":"https:\/\/www.purejewels.com\/product\/22ct-gold-cylindric-charm-bracelet-51165\/","name":"22 Ayar Alt\u0131n Silindirik Charm Bileklik - Sar\u0131 Alt\u0131nda Saf Zerafet","isPartOf":{"@id":"https:\/\/www.purejewels.com\/#website"},"primaryImageOfPage":{"@id":"https:\/\/www.purejewels.com\/product\/22ct-gold-cylindric-charm-bracelet-51165\/#primaryimage"},"image":{"@id":"https:\/\/www.purejewels.com\/product\/22ct-gold-cylindric-charm-bracelet-51165\/#primaryimage"},"thumbnailUrl":"https:\/\/static.purejewels.com\/wp-content\/uploads\/2025\/10\/SKU-51165.jpg","datePublished":"2025-09-09T11:34:29+00:00","dateModified":"2026-04-16T06:21:55+00:00","description":"\u0130ngiliz Hallmark g\u00fcvencesiyle tamamlanan, ajur detayl\u0131 ve kalp motifli bu silindirik charm tasar\u0131m\u0131yla 22 ayar sar\u0131 alt\u0131n bileziklerin zarafetini ke\u015ffedin.","breadcrumb":{"@id":"https:\/\/www.purejewels.com\/product\/22ct-gold-cylindric-charm-bracelet-51165\/#breadcrumb"},"inLanguage":"tr","potentialAction":[{"@type":"ReadAction","target":["https:\/\/www.purejewels.com\/product\/22ct-gold-cylindric-charm-bracelet-51165\/"]}]},{"@type":"ImageObject","inLanguage":"tr","@id":"https:\/\/www.purejewels.com\/product\/22ct-gold-cylindric-charm-bracelet-51165\/#primaryimage","url":"https:\/\/static.purejewels.com\/wp-content\/uploads\/2025\/10\/SKU-51165.jpg","contentUrl":"https:\/\/static.purejewels.com\/wp-content\/uploads\/2025\/10\/SKU-51165.jpg","width":1000,"height":1000,"caption":"22ct Gold Cylindric Charm Bracelet"},{"@type":"BreadcrumbList","@id":"https:\/\/www.purejewels.com\/product\/22ct-gold-cylindric-charm-bracelet-51165\/#breadcrumb","itemListElement":[{"@type":"ListItem","position":1,"name":"Home","item":"https:\/\/www.purejewels.com\/"},{"@type":"ListItem","position":2,"name":"Shop","item":"https:\/\/www.purejewels.com\/shop\/"},{"@type":"ListItem","position":3,"name":"22ct Gold Cylindric Charm Bracelet"}]},{"@type":"WebSite","@id":"https:\/\/www.purejewels.com\/#website","url":"https:\/\/www.purejewels.com\/","name":"PureJewels \u0130ngiltere","description":"Sevgiyi Payla\u015f\u0131n","publisher":{"@id":"https:\/\/www.purejewels.com\/#organization"},"potentialAction":[{"@type":"SearchAction","target":{"@type":"EntryPoint","urlTemplate":"https:\/\/www.purejewels.com\/?s={search_term_string}"},"query-input":{"@type":"PropertyValueSpecification","valueRequired":true,"valueName":"search_term_string"}}],"inLanguage":"tr"},{"@type":"Organization","@id":"https:\/\/www.purejewels.com\/#organization","name":"PureJewels \u0130ngiltere","url":"https:\/\/www.purejewels.com\/","logo":{"@type":"ImageObject","inLanguage":"tr","@id":"https:\/\/www.purejewels.com\/#\/schema\/logo\/image\/","url":"https:\/\/static.purejewels.com\/wp-content\/uploads\/2020\/11\/Logo-PJ-New-1.png","contentUrl":"https:\/\/static.purejewels.com\/wp-content\/uploads\/2020\/11\/Logo-PJ-New-1.png","width":150,"height":80,"caption":"PureJewels UK"},"image":{"@id":"https:\/\/www.purejewels.com\/#\/schema\/logo\/image\/"}}]}},"_links":{"self":[{"href":"https:\/\/www.purejewels.com\/tr\/wp-json\/wp\/v2\/product\/418402","targetHints":{"allow":["GET"]}}],"collection":[{"href":"https:\/\/www.purejewels.com\/tr\/wp-json\/wp\/v2\/product"}],"about":[{"href":"https:\/\/www.purejewels.com\/tr\/wp-json\/wp\/v2\/types\/product"}],"replies":[{"embeddable":true,"href":"https:\/\/www.purejewels.com\/tr\/wp-json\/wp\/v2\/comments?post=418402"}],"version-history":[{"count":3,"href":"https:\/\/www.purejewels.com\/tr\/wp-json\/wp\/v2\/product\/418402\/revisions"}],"predecessor-version":[{"id":427481,"href":"https:\/\/www.purejewels.com\/tr\/wp-json\/wp\/v2\/product\/418402\/revisions\/427481"}],"wp:featuredmedia":[{"embeddable":true,"href":"https:\/\/www.purejewels.com\/tr\/wp-json\/wp\/v2\/media\/418408"}],"wp:attachment":[{"href":"https:\/\/www.purejewels.com\/tr\/wp-json\/wp\/v2\/media?parent=418402"}],"wp:term":[{"taxonomy":"product_brand","embeddable":true,"href":"https:\/\/www.purejewels.com\/tr\/wp-json\/wp\/v2\/product_brand?post=418402"},{"taxonomy":"product_cat","embeddable":true,"href":"https:\/\/www.purejewels.com\/tr\/wp-json\/wp\/v2\/product_cat?post=418402"},{"taxonomy":"product_tag","embeddable":true,"href":"https:\/\/www.purejewels.com\/tr\/wp-json\/wp\/v2\/product_tag?post=418402"}],"curies":[{"name":"wp","href":"https:\/\/api.w.org\/{rel}","templated":true}]}}