{"id":418437,"date":"2025-11-18T05:51:10","date_gmt":"2025-11-18T05:51:10","guid":{"rendered":"https:\/\/www.purejewels.com\/?post_type=product&#038;p=418437"},"modified":"2026-03-27T05:08:21","modified_gmt":"2026-03-27T05:08:21","slug":"kadinlar-icin-22-ayar-altin-tasarim-boncuk-bileklik-52394","status":"publish","type":"product","link":"https:\/\/www.purejewels.com\/tr\/product\/22ct-gold-designer-bead-bracelet-for-women-52394\/","title":{"rendered":"Kad\u0131nlar i\u00e7in 22 Ayar Alt\u0131n Tasar\u0131m Boncuk Bileklik"},"content":{"rendered":"<h4 data-start=\"502\" data-end=\"526\"><strong data-start=\"507\" data-end=\"526\">Tasar\u0131m Konsepti<\/strong><\/h4>\n<p data-start=\"528\" data-end=\"853\">Modern minimalizm ve geleneksel i\u015f\u00e7ilikten ilham alan bu bileklik, zamans\u0131z alt\u0131n dokular\u0131 \u00e7a\u011fda\u015f rodyum detaylarla harmanl\u0131yor. Her bir boncuk, \u0131\u015f\u0131\u011f\u0131 yakalamak ve tasar\u0131m\u0131n ard\u0131ndaki sanat\u0131 vurgulamak i\u00e7in ayr\u0131 ayr\u0131 i\u015flenmi\u015ftir. Mat ve cilal\u0131 y\u00fczeyler aras\u0131ndaki uyumlu denge derinlik ve boyut katar.<\/p>\n<h4 data-start=\"860\" data-end=\"883\"><strong data-start=\"865\" data-end=\"883\">Zanaatkarl\u0131k<\/strong><\/h4>\n<p data-start=\"885\" data-end=\"1208\">22 ayar alt\u0131ndan \u00fcretilen bileklik, hassas boncuklardan p\u00fcr\u00fczs\u00fcz, g\u00fcvenli ba\u011flant\u0131lara kadar titiz detaylar sergiliyor. Rodyum dokunu\u015flar dayan\u0131kl\u0131l\u0131\u011f\u0131 ve g\u00f6rsel kontrast\u0131 art\u0131r\u0131rken, g\u00fcvenli \u0131stakoz toka tam ve rahat bir uyum sa\u011flar. Londra Tahlil Ofisi taraf\u0131ndan damgalanm\u0131\u015f, \u0130ngiliz damgal\u0131 kalitenin g\u00fczel bir \u00f6rne\u011fidir.<\/p>\n<h4 data-start=\"1215\" data-end=\"1238\"><strong data-start=\"1220\" data-end=\"1238\">Stil Fikirleri<\/strong><\/h4>\n<p data-start=\"1240\" data-end=\"1500\">Bu 22 ayar alt\u0131n tasar\u0131m boncuk bilezi\u011fi Sevgililer G\u00fcn\u00fc i\u00e7in \u0131\u015f\u0131lt\u0131l\u0131 bir vurgu olarak \u015fekillendirin ve karma\u015f\u0131k boncuk detaylar\u0131n\u0131n \u00f6n plana \u00e7\u0131kmas\u0131na izin verin. Tek ba\u015f\u0131na tak\u0131ld\u0131\u011f\u0131nda rafine bir sevgi ifadesi sunarken, ince alt\u0131n zincirler veya bilekliklerle katmanlanarak ek doku ile \u00e7a\u011fda\u015f bir Sevgililer G\u00fcn\u00fc g\u00f6r\u00fcn\u00fcm\u00fc yarat\u0131r. Zarif oldu\u011fu kadar \u00e7ok y\u00f6nl\u00fc olan bu tak\u0131, g\u00fcnd\u00fcz stilinden ak\u015fam etkinliklerine zahmetsizce ge\u00e7i\u015f yaparak a\u015fk\u0131 kutlaman\u0131n anlaml\u0131 bir yolu haline geliyor.<\/p>","protected":false},"excerpt":{"rendered":"<p>Bu 22 Ayar Alt\u0131n Tasar\u0131m Boncuklu Kad\u0131n Bileklik ile g\u00fcnl\u00fck \u015f\u0131kl\u0131\u011f\u0131n\u0131z\u0131 y\u00fckseltin. Zengin sar\u0131 alt\u0131ndan \u00fcretilen ve karma\u015f\u0131k dokulu ve rodyum kaplamal\u0131 boncuklarla vurgulanan bu bilezik, hem sofistike hem de cazibeli bir g\u00f6r\u00fcn\u00fcm sergiliyor. De\u011fi\u015fken boncuk tasar\u0131mlar\u0131n\u0131n simetrik d\u00fczenlemesi, onu hem g\u00fcnl\u00fck kullan\u0131m hem de \u00f6zel g\u00fcnler i\u00e7in g\u00f6ze \u00e7arpan bir aksesuar haline getirir.<\/p>\n<p><strong>Malzeme:<\/strong> 22 Ayar Alt\u0131n (91,6% Saf Alt\u0131n)<strong><br \/>\nHallmark:\u00a0<\/strong>\u0130ngiliz Damgas\u0131<strong><br \/>\n<\/strong><strong>Br\u00fct A\u011f\u0131rl\u0131k: <\/strong>5.23 Gms<br \/>\n<strong>Uzunluk:<\/strong> 7 in\u00e7<br \/>\n<strong>SKU:<\/strong> 52394, 53147<\/p>\n<p><strong>Fiyat ve Teslimat<\/strong>: KDV ve teslimat \u00fccreti dahil<br \/>\n<a href=\"https:\/\/www.purejewels.com\/tr\/i%cc%87ade-poli%cc%87ti%cc%87kasi\/\">\u0130ade Politikas\u0131<\/a><\/p>","protected":false},"featured_media":418440,"comment_status":"closed","ping_status":"closed","template":"","meta":{"_eb_attr":"","_crsspst_to_jayantr4sg-hostcom":true},"product_brand":[],"product_cat":[1791,5441,1559,1793,6190,1792,1324,1627,1229,1570,1575,1569,1574,5349],"product_tag":[5634],"class_list":{"0":"post-418437","1":"product","2":"type-product","3":"status-publish","4":"has-post-thumbnail","6":"product_cat-anniversary-gifts","7":"product_cat-gold-bead-bracelets","8":"product_cat-birthday-gifts","9":"product_cat-diwali-gifts","10":"product_cat-easter-jewellery","11":"product_cat-festival-gifts","12":"product_cat-gold-bracelet","13":"product_cat-ladies-bracelet","14":"product_cat-22ct-gold-jewellery","15":"product_cat-mothers-day-gifts","16":"product_cat-teenage-jewellery","17":"product_cat-valentine-day-gifts","18":"product_cat-womens-jewellery","19":"product_cat-yellow-gold-jewellery","20":"product_tag-22ct-gold-bracelet-for-ladies","22":"first","23":"outofstock","24":"taxable","25":"shipping-taxable","26":"product-type-simple","27":"add-to-wishlist-before_image"},"yoast_head":"<!-- This site is optimized with the Yoast SEO plugin v27.6 - https:\/\/yoast.com\/product\/yoast-seo-wordpress\/ -->\n<title>22ct Gold Designer Bead Bracelet for Women | British Hallmarked<\/title>\n<meta name=\"description\" content=\"Shop this 22ct Gold Designer Bead Bracelet for Women, featuring intricate textures and rhodium-finished beads. British hallmarked for purity and quality.\" \/>\n<meta name=\"robots\" content=\"index, follow, max-snippet:-1, max-image-preview:large, max-video-preview:-1\" \/>\n<link rel=\"canonical\" href=\"https:\/\/www.purejewels.com\/tr\/urun\/kadinlar-icin-22-ayar-altin-tasarim-boncuk-bileklik-52394\/\" \/>\n<meta property=\"og:locale\" content=\"tr_TR\" \/>\n<meta property=\"og:type\" content=\"article\" \/>\n<meta property=\"og:title\" content=\"22ct Gold Designer Bead Bracelet for Women | British Hallmarked\" \/>\n<meta property=\"og:description\" content=\"Shop this 22ct Gold Designer Bead Bracelet for Women, featuring intricate textures and rhodium-finished beads. British hallmarked for purity and quality.\" \/>\n<meta property=\"og:url\" content=\"https:\/\/www.purejewels.com\/tr\/urun\/kadinlar-icin-22-ayar-altin-tasarim-boncuk-bileklik-52394\/\" \/>\n<meta property=\"og:site_name\" content=\"PureJewels UK\" \/>\n<meta property=\"article:modified_time\" content=\"2026-03-27T05:08:21+00:00\" \/>\n<meta property=\"og:image\" content=\"https:\/\/static.purejewels.com\/wp-content\/uploads\/2025\/10\/SKU-52394.jpg\" \/>\n\t<meta property=\"og:image:width\" content=\"1000\" \/>\n\t<meta property=\"og:image:height\" content=\"1000\" \/>\n\t<meta property=\"og:image:type\" content=\"image\/jpeg\" \/>\n<meta name=\"twitter:card\" content=\"summary_large_image\" \/>\n<meta name=\"twitter:label1\" content=\"Tahmini okuma s\u00fcresi\" \/>\n\t<meta name=\"twitter:data1\" content=\"1 dakika\" \/>\n<script type=\"application\/ld+json\" class=\"yoast-schema-graph\">{\"@context\":\"https:\\\/\\\/schema.org\",\"@graph\":[{\"@type\":[\"WebPage\",\"ItemPage\"],\"@id\":\"https:\\\/\\\/www.purejewels.com\\\/product\\\/22ct-gold-designer-bead-bracelet-for-women-52394\\\/\",\"url\":\"https:\\\/\\\/www.purejewels.com\\\/product\\\/22ct-gold-designer-bead-bracelet-for-women-52394\\\/\",\"name\":\"22ct Gold Designer Bead Bracelet for Women | British Hallmarked\",\"isPartOf\":{\"@id\":\"https:\\\/\\\/www.purejewels.com\\\/#website\"},\"primaryImageOfPage\":{\"@id\":\"https:\\\/\\\/www.purejewels.com\\\/product\\\/22ct-gold-designer-bead-bracelet-for-women-52394\\\/#primaryimage\"},\"image\":{\"@id\":\"https:\\\/\\\/www.purejewels.com\\\/product\\\/22ct-gold-designer-bead-bracelet-for-women-52394\\\/#primaryimage\"},\"thumbnailUrl\":\"https:\\\/\\\/static.purejewels.com\\\/wp-content\\\/uploads\\\/2025\\\/10\\\/SKU-52394.jpg\",\"datePublished\":\"2025-11-18T05:51:10+00:00\",\"dateModified\":\"2026-03-27T05:08:21+00:00\",\"description\":\"Shop this 22ct Gold Designer Bead Bracelet for Women, featuring intricate textures and rhodium-finished beads. British hallmarked for purity and quality.\",\"breadcrumb\":{\"@id\":\"https:\\\/\\\/www.purejewels.com\\\/product\\\/22ct-gold-designer-bead-bracelet-for-women-52394\\\/#breadcrumb\"},\"inLanguage\":\"tr\",\"potentialAction\":[{\"@type\":\"ReadAction\",\"target\":[\"https:\\\/\\\/www.purejewels.com\\\/product\\\/22ct-gold-designer-bead-bracelet-for-women-52394\\\/\"]}]},{\"@type\":\"ImageObject\",\"inLanguage\":\"tr\",\"@id\":\"https:\\\/\\\/www.purejewels.com\\\/product\\\/22ct-gold-designer-bead-bracelet-for-women-52394\\\/#primaryimage\",\"url\":\"https:\\\/\\\/static.purejewels.com\\\/wp-content\\\/uploads\\\/2025\\\/10\\\/SKU-52394.jpg\",\"contentUrl\":\"https:\\\/\\\/static.purejewels.com\\\/wp-content\\\/uploads\\\/2025\\\/10\\\/SKU-52394.jpg\",\"width\":1000,\"height\":1000,\"caption\":\"22ct Gold Designer Bead Bracelet for Women\"},{\"@type\":\"BreadcrumbList\",\"@id\":\"https:\\\/\\\/www.purejewels.com\\\/product\\\/22ct-gold-designer-bead-bracelet-for-women-52394\\\/#breadcrumb\",\"itemListElement\":[{\"@type\":\"ListItem\",\"position\":1,\"name\":\"Home\",\"item\":\"https:\\\/\\\/www.purejewels.com\\\/\"},{\"@type\":\"ListItem\",\"position\":2,\"name\":\"Shop\",\"item\":\"https:\\\/\\\/www.purejewels.com\\\/shop\\\/\"},{\"@type\":\"ListItem\",\"position\":3,\"name\":\"22ct Gold Designer Bead Bracelet for Women\"}]},{\"@type\":\"WebSite\",\"@id\":\"https:\\\/\\\/www.purejewels.com\\\/#website\",\"url\":\"https:\\\/\\\/www.purejewels.com\\\/\",\"name\":\"PureJewels UK\",\"description\":\"Share the Love\",\"publisher\":{\"@id\":\"https:\\\/\\\/www.purejewels.com\\\/#organization\"},\"potentialAction\":[{\"@type\":\"SearchAction\",\"target\":{\"@type\":\"EntryPoint\",\"urlTemplate\":\"https:\\\/\\\/www.purejewels.com\\\/?s={search_term_string}\"},\"query-input\":{\"@type\":\"PropertyValueSpecification\",\"valueRequired\":true,\"valueName\":\"search_term_string\"}}],\"inLanguage\":\"tr\"},{\"@type\":\"Organization\",\"@id\":\"https:\\\/\\\/www.purejewels.com\\\/#organization\",\"name\":\"PureJewels UK\",\"url\":\"https:\\\/\\\/www.purejewels.com\\\/\",\"logo\":{\"@type\":\"ImageObject\",\"inLanguage\":\"tr\",\"@id\":\"https:\\\/\\\/www.purejewels.com\\\/#\\\/schema\\\/logo\\\/image\\\/\",\"url\":\"https:\\\/\\\/static.purejewels.com\\\/wp-content\\\/uploads\\\/2020\\\/11\\\/Logo-PJ-New-1.png\",\"contentUrl\":\"https:\\\/\\\/static.purejewels.com\\\/wp-content\\\/uploads\\\/2020\\\/11\\\/Logo-PJ-New-1.png\",\"width\":150,\"height\":80,\"caption\":\"PureJewels UK\"},\"image\":{\"@id\":\"https:\\\/\\\/www.purejewels.com\\\/#\\\/schema\\\/logo\\\/image\\\/\"}}]}<\/script>\n<!-- \/ Yoast SEO plugin. -->","yoast_head_json":{"title":"Kad\u0131nlar i\u00e7in 22 Ayar Alt\u0131n Tasar\u0131m Boncuk Bileklik | \u0130ngiliz Damgal\u0131","description":"Karma\u015f\u0131k dokulara ve rodyum kaplamal\u0131 boncuklara sahip bu 22 Ayar Alt\u0131n Tasar\u0131mc\u0131 Boncuk Bilekli\u011fi Kad\u0131nlar i\u00e7in sat\u0131n al\u0131n. Safl\u0131k ve kalite i\u00e7in \u0130ngiliz damgal\u0131d\u0131r.","robots":{"index":"index","follow":"follow","max-snippet":"max-snippet:-1","max-image-preview":"max-image-preview:large","max-video-preview":"max-video-preview:-1"},"canonical":"https:\/\/www.purejewels.com\/tr\/urun\/kadinlar-icin-22-ayar-altin-tasarim-boncuk-bileklik-52394\/","og_locale":"tr_TR","og_type":"article","og_title":"22ct Gold Designer Bead Bracelet for Women | British Hallmarked","og_description":"Shop this 22ct Gold Designer Bead Bracelet for Women, featuring intricate textures and rhodium-finished beads. British hallmarked for purity and quality.","og_url":"https:\/\/www.purejewels.com\/tr\/urun\/kadinlar-icin-22-ayar-altin-tasarim-boncuk-bileklik-52394\/","og_site_name":"PureJewels UK","article_modified_time":"2026-03-27T05:08:21+00:00","og_image":[{"width":1000,"height":1000,"url":"https:\/\/static.purejewels.com\/wp-content\/uploads\/2025\/10\/SKU-52394.jpg","type":"image\/jpeg"}],"twitter_card":"summary_large_image","twitter_misc":{"Tahmini okuma s\u00fcresi":"1 dakika"},"schema":{"@context":"https:\/\/schema.org","@graph":[{"@type":["WebPage","ItemPage"],"@id":"https:\/\/www.purejewels.com\/product\/22ct-gold-designer-bead-bracelet-for-women-52394\/","url":"https:\/\/www.purejewels.com\/product\/22ct-gold-designer-bead-bracelet-for-women-52394\/","name":"Kad\u0131nlar i\u00e7in 22 Ayar Alt\u0131n Tasar\u0131m Boncuk Bileklik | \u0130ngiliz Damgal\u0131","isPartOf":{"@id":"https:\/\/www.purejewels.com\/#website"},"primaryImageOfPage":{"@id":"https:\/\/www.purejewels.com\/product\/22ct-gold-designer-bead-bracelet-for-women-52394\/#primaryimage"},"image":{"@id":"https:\/\/www.purejewels.com\/product\/22ct-gold-designer-bead-bracelet-for-women-52394\/#primaryimage"},"thumbnailUrl":"https:\/\/static.purejewels.com\/wp-content\/uploads\/2025\/10\/SKU-52394.jpg","datePublished":"2025-11-18T05:51:10+00:00","dateModified":"2026-03-27T05:08:21+00:00","description":"Karma\u015f\u0131k dokulara ve rodyum kaplamal\u0131 boncuklara sahip bu 22 Ayar Alt\u0131n Tasar\u0131mc\u0131 Boncuk Bilekli\u011fi Kad\u0131nlar i\u00e7in sat\u0131n al\u0131n. Safl\u0131k ve kalite i\u00e7in \u0130ngiliz damgal\u0131d\u0131r.","breadcrumb":{"@id":"https:\/\/www.purejewels.com\/product\/22ct-gold-designer-bead-bracelet-for-women-52394\/#breadcrumb"},"inLanguage":"tr","potentialAction":[{"@type":"ReadAction","target":["https:\/\/www.purejewels.com\/product\/22ct-gold-designer-bead-bracelet-for-women-52394\/"]}]},{"@type":"ImageObject","inLanguage":"tr","@id":"https:\/\/www.purejewels.com\/product\/22ct-gold-designer-bead-bracelet-for-women-52394\/#primaryimage","url":"https:\/\/static.purejewels.com\/wp-content\/uploads\/2025\/10\/SKU-52394.jpg","contentUrl":"https:\/\/static.purejewels.com\/wp-content\/uploads\/2025\/10\/SKU-52394.jpg","width":1000,"height":1000,"caption":"22ct Gold Designer Bead Bracelet for Women"},{"@type":"BreadcrumbList","@id":"https:\/\/www.purejewels.com\/product\/22ct-gold-designer-bead-bracelet-for-women-52394\/#breadcrumb","itemListElement":[{"@type":"ListItem","position":1,"name":"Home","item":"https:\/\/www.purejewels.com\/"},{"@type":"ListItem","position":2,"name":"Shop","item":"https:\/\/www.purejewels.com\/shop\/"},{"@type":"ListItem","position":3,"name":"22ct Gold Designer Bead Bracelet for Women"}]},{"@type":"WebSite","@id":"https:\/\/www.purejewels.com\/#website","url":"https:\/\/www.purejewels.com\/","name":"PureJewels \u0130ngiltere","description":"Sevgiyi Payla\u015f\u0131n","publisher":{"@id":"https:\/\/www.purejewels.com\/#organization"},"potentialAction":[{"@type":"SearchAction","target":{"@type":"EntryPoint","urlTemplate":"https:\/\/www.purejewels.com\/?s={search_term_string}"},"query-input":{"@type":"PropertyValueSpecification","valueRequired":true,"valueName":"search_term_string"}}],"inLanguage":"tr"},{"@type":"Organization","@id":"https:\/\/www.purejewels.com\/#organization","name":"PureJewels \u0130ngiltere","url":"https:\/\/www.purejewels.com\/","logo":{"@type":"ImageObject","inLanguage":"tr","@id":"https:\/\/www.purejewels.com\/#\/schema\/logo\/image\/","url":"https:\/\/static.purejewels.com\/wp-content\/uploads\/2020\/11\/Logo-PJ-New-1.png","contentUrl":"https:\/\/static.purejewels.com\/wp-content\/uploads\/2020\/11\/Logo-PJ-New-1.png","width":150,"height":80,"caption":"PureJewels UK"},"image":{"@id":"https:\/\/www.purejewels.com\/#\/schema\/logo\/image\/"}}]}},"_links":{"self":[{"href":"https:\/\/www.purejewels.com\/tr\/wp-json\/wp\/v2\/product\/418437","targetHints":{"allow":["GET"]}}],"collection":[{"href":"https:\/\/www.purejewels.com\/tr\/wp-json\/wp\/v2\/product"}],"about":[{"href":"https:\/\/www.purejewels.com\/tr\/wp-json\/wp\/v2\/types\/product"}],"replies":[{"embeddable":true,"href":"https:\/\/www.purejewels.com\/tr\/wp-json\/wp\/v2\/comments?post=418437"}],"version-history":[{"count":4,"href":"https:\/\/www.purejewels.com\/tr\/wp-json\/wp\/v2\/product\/418437\/revisions"}],"predecessor-version":[{"id":425969,"href":"https:\/\/www.purejewels.com\/tr\/wp-json\/wp\/v2\/product\/418437\/revisions\/425969"}],"wp:featuredmedia":[{"embeddable":true,"href":"https:\/\/www.purejewels.com\/tr\/wp-json\/wp\/v2\/media\/418440"}],"wp:attachment":[{"href":"https:\/\/www.purejewels.com\/tr\/wp-json\/wp\/v2\/media?parent=418437"}],"wp:term":[{"taxonomy":"product_brand","embeddable":true,"href":"https:\/\/www.purejewels.com\/tr\/wp-json\/wp\/v2\/product_brand?post=418437"},{"taxonomy":"product_cat","embeddable":true,"href":"https:\/\/www.purejewels.com\/tr\/wp-json\/wp\/v2\/product_cat?post=418437"},{"taxonomy":"product_tag","embeddable":true,"href":"https:\/\/www.purejewels.com\/tr\/wp-json\/wp\/v2\/product_tag?post=418437"}],"curies":[{"name":"wp","href":"https:\/\/api.w.org\/{rel}","templated":true}]}}