{"id":418452,"date":"2025-10-09T06:46:38","date_gmt":"2025-10-09T05:46:38","guid":{"rendered":"https:\/\/www.purejewels.com\/?post_type=product&#038;p=418452"},"modified":"2026-01-06T10:14:04","modified_gmt":"2026-01-06T10:14:04","slug":"cz-tasli-22-ayar-altin-kalp-charm-bileklik-52468","status":"publish","type":"product","link":"https:\/\/www.purejewels.com\/tr\/product\/22ct-gold-heart-charm-bracelet-with-cz-stones-52468\/","title":{"rendered":"CZ Ta\u015fl\u0131 22 Ayar Alt\u0131n Kalp Charm Bileklik"},"content":{"rendered":"<h3 data-start=\"367\" data-end=\"391\"><strong data-start=\"371\" data-end=\"389\">Tasar\u0131m Konsepti<\/strong><\/h3>\n<p data-start=\"392\" data-end=\"759\">A\u015fk ve sevginin zamans\u0131z sembolizminden ilham alan bu bileklik, anlaml\u0131 ba\u011flar\u0131 kutlamak i\u00e7in tasarland\u0131. De\u011fi\u015fen kalp \u015feklindeki tak\u0131lar s\u0131cakl\u0131k ve samimiyeti \u00e7a\u011fr\u0131\u015ft\u0131r\u0131rken, so\u011fuk rodyum detaylar\u0131n kontrast\u0131 modern duyarl\u0131l\u0131klara hitap ediyor. Bilezi\u011fin her bir \u00f6\u011fesi, yumu\u015fakl\u0131k ve g\u00fc\u00e7l\u00fcl\u00fc\u011f\u00fcn, bug\u00fcn i\u00e7in yeniden tasarlanan gelene\u011fin bir hikayesini anlat\u0131yor.<\/p>\n<p data-start=\"761\" data-end=\"910\"><strong data-start=\"921\" data-end=\"938\">Zanaatkarl\u0131k<\/strong><\/p>\n<p data-start=\"941\" data-end=\"1331\">22 ayar sar\u0131 alt\u0131ndan el i\u015f\u00e7ili\u011fiyle \u00fcretilen bu bileklik, titiz sanat\u00e7\u0131l\u0131\u011f\u0131n ve nesillerdir s\u00fcregelen becerinin bir kan\u0131t\u0131d\u0131r. Her bir kalp t\u0131ls\u0131m\u0131 ince bir \u015fekilde yontulmu\u015f ve y\u00fcksek parlakl\u0131kta parlat\u0131larak zarif hareket ve kal\u0131c\u0131 parlakl\u0131k sa\u011flanm\u0131\u015ft\u0131r. Rodyum kaplamal\u0131 ba\u011flant\u0131lar, safl\u0131k veya konfordan \u00f6d\u00fcn vermeden ince elmaslar\u0131n \u0131\u015f\u0131lt\u0131s\u0131n\u0131 taklit etmek i\u00e7in tasarlanm\u0131\u015f hassas kesimli k\u00fcbik zirkon ta\u015flarla ayarlanm\u0131\u015ft\u0131r.<\/p>\n<p data-start=\"1333\" data-end=\"1511\">Sonu\u00e7 olarak ortaya, a\u011f\u0131rl\u0131\u011f\u0131 hafif ama detaylar\u0131 zengin, g\u00fcvenli bir toka ile tamamlanm\u0131\u015f ve Londra Assay Ofisi taraf\u0131ndan \u00f6zg\u00fcnl\u00fck m\u00fchr\u00fc olarak damgalanm\u0131\u015f, g\u00fczelce dengelenmi\u015f bir par\u00e7a \u00e7\u0131km\u0131\u015ft\u0131r.<\/p>\n<h3 data-start=\"1518\" data-end=\"1541\"><strong data-start=\"1522\" data-end=\"1539\">Stil Fikirleri<\/strong><\/h3>\n<ul>\n<li data-start=\"1544\" data-end=\"1706\"><strong data-start=\"1544\" data-end=\"1566\">G\u00fcnl\u00fck \u015e\u0131kl\u0131k:<\/strong> Zarif bir g\u00fcnl\u00fck g\u00f6r\u00fcn\u00fcm i\u00e7in yumu\u015fak ipek bir bluz veya keten bir kurta ile tek ba\u015f\u0131na kullan\u0131n. Bilezi\u011fin hafifli\u011fi onu uzun s\u00fcreli kullan\u0131m i\u00e7in m\u00fckemmel k\u0131lar.<\/li>\n<li data-start=\"1709\" data-end=\"1827\"><strong data-start=\"1709\" data-end=\"1726\">Katmanl\u0131 g\u00f6r\u00fcn\u00fcm:<\/strong> Katmanl\u0131 bir sofistike dokunu\u015f i\u00e7in ince bir 22 ayar bileklik veya minimalist bir ba\u011flant\u0131 bilezikle e\u015fle\u015ftirin.<\/li>\n<li data-start=\"1830\" data-end=\"1992\"><strong data-start=\"1830\" data-end=\"1847\">Sevgi Hediyesi:<\/strong> Do\u011fum g\u00fcnleri, y\u0131l d\u00f6n\u00fcmleri veya gelin anlar\u0131 i\u00e7in ideal bir hediye. Kalp motifi ve CZ \u0131\u015f\u0131lt\u0131s\u0131, duygu ve par\u0131lt\u0131n\u0131n do\u011fru kar\u0131\u015f\u0131m\u0131n\u0131 sunar.<\/li>\n<li data-start=\"1995\" data-end=\"2152\"><strong data-start=\"1995\" data-end=\"2013\">K\u00fclt\u00fcrel Giyim:<\/strong> Sare'lerden lehengalara kadar geleneksel G\u00fcney Asya k\u0131yafetlerini zahmetsizce tamamlar ve miras k\u0131yafetlere modern bir cazibe katar.<\/li>\n<\/ul>","protected":false},"excerpt":{"rendered":"<p>Zarif kalp tak\u0131lar ve \u0131\u015f\u0131lt\u0131l\u0131 CZ ta\u015flar i\u00e7eren zarif 22 ayar alt\u0131n bileklik, daha fazla parlakl\u0131k i\u00e7in rodyum ile vurgulanm\u0131\u015ft\u0131r. Hafif ve zarif, a\u015fk\u0131n m\u00fckemmel bir ifadesi - hediye etmek veya g\u00fcnl\u00fck \u015f\u0131kl\u0131k i\u00e7in ideal.<\/p>\n<p><strong>Malzeme:<\/strong> 22 Ayar Alt\u0131n (91,6% Saf Alt\u0131n)<strong><br \/>\nHallmark:\u00a0<\/strong>\u0130ngiliz Damgas\u0131<strong><br \/>\n<\/strong><strong>Br\u00fct A\u011f\u0131rl\u0131k: <\/strong>3.01 Gms<br \/>\n<strong>Net A\u011f\u0131rl\u0131k:<\/strong> 2.99 Gms<br \/>\n<strong>Uzunluk:<\/strong> 6,75 in\u00e7<br \/>\n<strong>SKU:<\/strong> 53107, 52468<\/p>\n<p><strong>Fiyat ve Teslimat<\/strong>: KDV ve teslimat \u00fccreti dahil<br \/>\n<a href=\"https:\/\/www.purejewels.com\/tr\/i%cc%87ade-poli%cc%87ti%cc%87kasi\/\">\u0130ade Politikas\u0131<\/a><\/p>","protected":false},"featured_media":418456,"comment_status":"closed","ping_status":"closed","template":"","meta":{"_eb_attr":"","_crsspst_to_jayantr4sg-hostcom":true},"product_brand":[],"product_cat":[1791,1559,6056,1793,1792,1324,1627,1229,5343,1575,1569,1574,5349],"product_tag":[5634],"class_list":{"0":"post-418452","1":"product","2":"type-product","3":"status-publish","4":"has-post-thumbnail","6":"product_cat-anniversary-gifts","7":"product_cat-birthday-gifts","8":"product_cat-charm","9":"product_cat-diwali-gifts","10":"product_cat-festival-gifts","11":"product_cat-gold-bracelet","12":"product_cat-ladies-bracelet","13":"product_cat-22ct-gold-jewellery","14":"product_cat-jewellery-under-550","15":"product_cat-teenage-jewellery","16":"product_cat-valentine-day-gifts","17":"product_cat-womens-jewellery","18":"product_cat-yellow-gold-jewellery","19":"product_tag-22ct-gold-bracelet-for-ladies","21":"first","22":"outofstock","23":"taxable","24":"shipping-taxable","25":"product-type-simple","26":"add-to-wishlist-before_image"},"yoast_head":"<!-- This site is optimized with the Yoast SEO plugin v27.5 - https:\/\/yoast.com\/product\/yoast-seo-wordpress\/ -->\n<title>22ct Gold Heart Charm Bracelet with CZ | PureJewels UK<\/title>\n<meta name=\"description\" content=\"Discover our 22ct Gold Heart Charm Bracelet with CZ stones &amp; rhodium accents. Elegant, hallmarked, and handcrafted \u2014 perfect for gifting or everyday wear.\" \/>\n<meta name=\"robots\" content=\"index, follow, max-snippet:-1, max-image-preview:large, max-video-preview:-1\" \/>\n<link rel=\"canonical\" href=\"https:\/\/www.purejewels.com\/tr\/urun\/cz-tasli-22-ayar-altin-kalp-charm-bileklik-52468\/\" \/>\n<meta property=\"og:locale\" content=\"tr_TR\" \/>\n<meta property=\"og:type\" content=\"article\" \/>\n<meta property=\"og:title\" content=\"22ct Gold Heart Charm Bracelet with CZ | PureJewels UK\" \/>\n<meta property=\"og:description\" content=\"Discover our 22ct Gold Heart Charm Bracelet with CZ stones &amp; rhodium accents. Elegant, hallmarked, and handcrafted \u2014 perfect for gifting or everyday wear.\" \/>\n<meta property=\"og:url\" content=\"https:\/\/www.purejewels.com\/tr\/urun\/cz-tasli-22-ayar-altin-kalp-charm-bileklik-52468\/\" \/>\n<meta property=\"og:site_name\" content=\"PureJewels UK\" \/>\n<meta property=\"article:modified_time\" content=\"2026-01-06T10:14:04+00:00\" \/>\n<meta property=\"og:image\" content=\"https:\/\/www.purejewels.com\/wp-content\/uploads\/2025\/10\/SKU-52468.jpg\" \/>\n\t<meta property=\"og:image:width\" content=\"1000\" \/>\n\t<meta property=\"og:image:height\" content=\"1000\" \/>\n\t<meta property=\"og:image:type\" content=\"image\/jpeg\" \/>\n<meta name=\"twitter:card\" content=\"summary_large_image\" \/>\n<meta name=\"twitter:label1\" content=\"Tahmini okuma s\u00fcresi\" \/>\n\t<meta name=\"twitter:data1\" content=\"1 dakika\" \/>\n<script type=\"application\/ld+json\" class=\"yoast-schema-graph\">{\"@context\":\"https:\\\/\\\/schema.org\",\"@graph\":[{\"@type\":[\"WebPage\",\"ItemPage\"],\"@id\":\"https:\\\/\\\/www.purejewels.com\\\/product\\\/22ct-gold-heart-charm-bracelet-with-cz-stones-52468\\\/\",\"url\":\"https:\\\/\\\/www.purejewels.com\\\/product\\\/22ct-gold-heart-charm-bracelet-with-cz-stones-52468\\\/\",\"name\":\"22ct Gold Heart Charm Bracelet with CZ | PureJewels UK\",\"isPartOf\":{\"@id\":\"https:\\\/\\\/www.purejewels.com\\\/#website\"},\"primaryImageOfPage\":{\"@id\":\"https:\\\/\\\/www.purejewels.com\\\/product\\\/22ct-gold-heart-charm-bracelet-with-cz-stones-52468\\\/#primaryimage\"},\"image\":{\"@id\":\"https:\\\/\\\/www.purejewels.com\\\/product\\\/22ct-gold-heart-charm-bracelet-with-cz-stones-52468\\\/#primaryimage\"},\"thumbnailUrl\":\"https:\\\/\\\/static.purejewels.com\\\/wp-content\\\/uploads\\\/2025\\\/10\\\/SKU-52468.jpg\",\"datePublished\":\"2025-10-09T05:46:38+00:00\",\"dateModified\":\"2026-01-06T10:14:04+00:00\",\"description\":\"Discover our 22ct Gold Heart Charm Bracelet with CZ stones & rhodium accents. Elegant, hallmarked, and handcrafted \u2014 perfect for gifting or everyday wear.\",\"breadcrumb\":{\"@id\":\"https:\\\/\\\/www.purejewels.com\\\/product\\\/22ct-gold-heart-charm-bracelet-with-cz-stones-52468\\\/#breadcrumb\"},\"inLanguage\":\"tr\",\"potentialAction\":[{\"@type\":\"ReadAction\",\"target\":[\"https:\\\/\\\/www.purejewels.com\\\/product\\\/22ct-gold-heart-charm-bracelet-with-cz-stones-52468\\\/\"]}]},{\"@type\":\"ImageObject\",\"inLanguage\":\"tr\",\"@id\":\"https:\\\/\\\/www.purejewels.com\\\/product\\\/22ct-gold-heart-charm-bracelet-with-cz-stones-52468\\\/#primaryimage\",\"url\":\"https:\\\/\\\/static.purejewels.com\\\/wp-content\\\/uploads\\\/2025\\\/10\\\/SKU-52468.jpg\",\"contentUrl\":\"https:\\\/\\\/static.purejewels.com\\\/wp-content\\\/uploads\\\/2025\\\/10\\\/SKU-52468.jpg\",\"width\":1000,\"height\":1000,\"caption\":\"22ct Gold Heart Charm Bracelet with CZ Stones\"},{\"@type\":\"BreadcrumbList\",\"@id\":\"https:\\\/\\\/www.purejewels.com\\\/product\\\/22ct-gold-heart-charm-bracelet-with-cz-stones-52468\\\/#breadcrumb\",\"itemListElement\":[{\"@type\":\"ListItem\",\"position\":1,\"name\":\"Home\",\"item\":\"https:\\\/\\\/www.purejewels.com\\\/\"},{\"@type\":\"ListItem\",\"position\":2,\"name\":\"Shop\",\"item\":\"https:\\\/\\\/www.purejewels.com\\\/shop\\\/\"},{\"@type\":\"ListItem\",\"position\":3,\"name\":\"22ct Gold Heart Charm Bracelet with CZ Stones\"}]},{\"@type\":\"WebSite\",\"@id\":\"https:\\\/\\\/www.purejewels.com\\\/#website\",\"url\":\"https:\\\/\\\/www.purejewels.com\\\/\",\"name\":\"PureJewels UK\",\"description\":\"Share the Love\",\"publisher\":{\"@id\":\"https:\\\/\\\/www.purejewels.com\\\/#organization\"},\"potentialAction\":[{\"@type\":\"SearchAction\",\"target\":{\"@type\":\"EntryPoint\",\"urlTemplate\":\"https:\\\/\\\/www.purejewels.com\\\/?s={search_term_string}\"},\"query-input\":{\"@type\":\"PropertyValueSpecification\",\"valueRequired\":true,\"valueName\":\"search_term_string\"}}],\"inLanguage\":\"tr\"},{\"@type\":\"Organization\",\"@id\":\"https:\\\/\\\/www.purejewels.com\\\/#organization\",\"name\":\"PureJewels UK\",\"url\":\"https:\\\/\\\/www.purejewels.com\\\/\",\"logo\":{\"@type\":\"ImageObject\",\"inLanguage\":\"tr\",\"@id\":\"https:\\\/\\\/www.purejewels.com\\\/#\\\/schema\\\/logo\\\/image\\\/\",\"url\":\"https:\\\/\\\/static.purejewels.com\\\/wp-content\\\/uploads\\\/2020\\\/11\\\/Logo-PJ-New-1.png\",\"contentUrl\":\"https:\\\/\\\/static.purejewels.com\\\/wp-content\\\/uploads\\\/2020\\\/11\\\/Logo-PJ-New-1.png\",\"width\":150,\"height\":80,\"caption\":\"PureJewels UK\"},\"image\":{\"@id\":\"https:\\\/\\\/www.purejewels.com\\\/#\\\/schema\\\/logo\\\/image\\\/\"}}]}<\/script>\n<!-- \/ Yoast SEO plugin. -->","yoast_head_json":{"title":"CZ'li 22 Ayar Alt\u0131n Kalp Charm Bileklik | PureJewels UK","description":"CZ ta\u015fl\u0131 ve rodyum desenli 22 Ayar Alt\u0131n Kalp Charm Bilekli\u011fimizi ke\u015ffedin. Zarif, damgal\u0131 ve el yap\u0131m\u0131 - hediye etmek veya g\u00fcnl\u00fck kullan\u0131m i\u00e7in m\u00fckemmel.","robots":{"index":"index","follow":"follow","max-snippet":"max-snippet:-1","max-image-preview":"max-image-preview:large","max-video-preview":"max-video-preview:-1"},"canonical":"https:\/\/www.purejewels.com\/tr\/urun\/cz-tasli-22-ayar-altin-kalp-charm-bileklik-52468\/","og_locale":"tr_TR","og_type":"article","og_title":"22ct Gold Heart Charm Bracelet with CZ | PureJewels UK","og_description":"Discover our 22ct Gold Heart Charm Bracelet with CZ stones & rhodium accents. Elegant, hallmarked, and handcrafted \u2014 perfect for gifting or everyday wear.","og_url":"https:\/\/www.purejewels.com\/tr\/urun\/cz-tasli-22-ayar-altin-kalp-charm-bileklik-52468\/","og_site_name":"PureJewels UK","article_modified_time":"2026-01-06T10:14:04+00:00","og_image":[{"width":1000,"height":1000,"url":"https:\/\/www.purejewels.com\/wp-content\/uploads\/2025\/10\/SKU-52468.jpg","type":"image\/jpeg"}],"twitter_card":"summary_large_image","twitter_misc":{"Tahmini okuma s\u00fcresi":"1 dakika"},"schema":{"@context":"https:\/\/schema.org","@graph":[{"@type":["WebPage","ItemPage"],"@id":"https:\/\/www.purejewels.com\/product\/22ct-gold-heart-charm-bracelet-with-cz-stones-52468\/","url":"https:\/\/www.purejewels.com\/product\/22ct-gold-heart-charm-bracelet-with-cz-stones-52468\/","name":"CZ'li 22 Ayar Alt\u0131n Kalp Charm Bileklik | PureJewels UK","isPartOf":{"@id":"https:\/\/www.purejewels.com\/#website"},"primaryImageOfPage":{"@id":"https:\/\/www.purejewels.com\/product\/22ct-gold-heart-charm-bracelet-with-cz-stones-52468\/#primaryimage"},"image":{"@id":"https:\/\/www.purejewels.com\/product\/22ct-gold-heart-charm-bracelet-with-cz-stones-52468\/#primaryimage"},"thumbnailUrl":"https:\/\/static.purejewels.com\/wp-content\/uploads\/2025\/10\/SKU-52468.jpg","datePublished":"2025-10-09T05:46:38+00:00","dateModified":"2026-01-06T10:14:04+00:00","description":"CZ ta\u015fl\u0131 ve rodyum desenli 22 Ayar Alt\u0131n Kalp Charm Bilekli\u011fimizi ke\u015ffedin. Zarif, damgal\u0131 ve el yap\u0131m\u0131 - hediye etmek veya g\u00fcnl\u00fck kullan\u0131m i\u00e7in m\u00fckemmel.","breadcrumb":{"@id":"https:\/\/www.purejewels.com\/product\/22ct-gold-heart-charm-bracelet-with-cz-stones-52468\/#breadcrumb"},"inLanguage":"tr","potentialAction":[{"@type":"ReadAction","target":["https:\/\/www.purejewels.com\/product\/22ct-gold-heart-charm-bracelet-with-cz-stones-52468\/"]}]},{"@type":"ImageObject","inLanguage":"tr","@id":"https:\/\/www.purejewels.com\/product\/22ct-gold-heart-charm-bracelet-with-cz-stones-52468\/#primaryimage","url":"https:\/\/static.purejewels.com\/wp-content\/uploads\/2025\/10\/SKU-52468.jpg","contentUrl":"https:\/\/static.purejewels.com\/wp-content\/uploads\/2025\/10\/SKU-52468.jpg","width":1000,"height":1000,"caption":"22ct Gold Heart Charm Bracelet with CZ Stones"},{"@type":"BreadcrumbList","@id":"https:\/\/www.purejewels.com\/product\/22ct-gold-heart-charm-bracelet-with-cz-stones-52468\/#breadcrumb","itemListElement":[{"@type":"ListItem","position":1,"name":"Home","item":"https:\/\/www.purejewels.com\/"},{"@type":"ListItem","position":2,"name":"Shop","item":"https:\/\/www.purejewels.com\/shop\/"},{"@type":"ListItem","position":3,"name":"22ct Gold Heart Charm Bracelet with CZ Stones"}]},{"@type":"WebSite","@id":"https:\/\/www.purejewels.com\/#website","url":"https:\/\/www.purejewels.com\/","name":"PureJewels \u0130ngiltere","description":"Sevgiyi Payla\u015f\u0131n","publisher":{"@id":"https:\/\/www.purejewels.com\/#organization"},"potentialAction":[{"@type":"SearchAction","target":{"@type":"EntryPoint","urlTemplate":"https:\/\/www.purejewels.com\/?s={search_term_string}"},"query-input":{"@type":"PropertyValueSpecification","valueRequired":true,"valueName":"search_term_string"}}],"inLanguage":"tr"},{"@type":"Organization","@id":"https:\/\/www.purejewels.com\/#organization","name":"PureJewels \u0130ngiltere","url":"https:\/\/www.purejewels.com\/","logo":{"@type":"ImageObject","inLanguage":"tr","@id":"https:\/\/www.purejewels.com\/#\/schema\/logo\/image\/","url":"https:\/\/static.purejewels.com\/wp-content\/uploads\/2020\/11\/Logo-PJ-New-1.png","contentUrl":"https:\/\/static.purejewels.com\/wp-content\/uploads\/2020\/11\/Logo-PJ-New-1.png","width":150,"height":80,"caption":"PureJewels UK"},"image":{"@id":"https:\/\/www.purejewels.com\/#\/schema\/logo\/image\/"}}]}},"_links":{"self":[{"href":"https:\/\/www.purejewels.com\/tr\/wp-json\/wp\/v2\/product\/418452","targetHints":{"allow":["GET"]}}],"collection":[{"href":"https:\/\/www.purejewels.com\/tr\/wp-json\/wp\/v2\/product"}],"about":[{"href":"https:\/\/www.purejewels.com\/tr\/wp-json\/wp\/v2\/types\/product"}],"replies":[{"embeddable":true,"href":"https:\/\/www.purejewels.com\/tr\/wp-json\/wp\/v2\/comments?post=418452"}],"version-history":[{"count":1,"href":"https:\/\/www.purejewels.com\/tr\/wp-json\/wp\/v2\/product\/418452\/revisions"}],"predecessor-version":[{"id":418458,"href":"https:\/\/www.purejewels.com\/tr\/wp-json\/wp\/v2\/product\/418452\/revisions\/418458"}],"wp:featuredmedia":[{"embeddable":true,"href":"https:\/\/www.purejewels.com\/tr\/wp-json\/wp\/v2\/media\/418456"}],"wp:attachment":[{"href":"https:\/\/www.purejewels.com\/tr\/wp-json\/wp\/v2\/media?parent=418452"}],"wp:term":[{"taxonomy":"product_brand","embeddable":true,"href":"https:\/\/www.purejewels.com\/tr\/wp-json\/wp\/v2\/product_brand?post=418452"},{"taxonomy":"product_cat","embeddable":true,"href":"https:\/\/www.purejewels.com\/tr\/wp-json\/wp\/v2\/product_cat?post=418452"},{"taxonomy":"product_tag","embeddable":true,"href":"https:\/\/www.purejewels.com\/tr\/wp-json\/wp\/v2\/product_tag?post=418452"}],"curies":[{"name":"wp","href":"https:\/\/api.w.org\/{rel}","templated":true}]}}