{"id":418500,"date":"2025-09-10T10:55:46","date_gmt":"2025-09-10T09:55:46","guid":{"rendered":"https:\/\/www.purejewels.com\/?post_type=product&#038;p=418500"},"modified":"2026-03-06T11:08:44","modified_gmt":"2026-03-06T11:08:44","slug":"22-ayar-altin-armari-zincir-bileklik-51625","status":"publish","type":"product","link":"https:\/\/www.purejewels.com\/tr\/product\/22ct-gold-armari-chain-bracelet-51625\/","title":{"rendered":"22 Ayar Alt\u0131n Armari Zincir Bileklik"},"content":{"rendered":"<p data-start=\"571\" data-end=\"877\"><strong data-start=\"571\" data-end=\"589\">Tasar\u0131m Konsepti<\/strong><\/p>\n<p data-start=\"571\" data-end=\"877\">Geleneksel Hint alt\u0131n tak\u0131lar\u0131n\u0131n kal\u0131c\u0131 miras\u0131ndan ilham alan bu Armari zincir bileklik, benzersiz dokuma tarz\u0131 detaylar\u0131yla mirasa sayg\u0131 duru\u015funda bulunuyor. Cilal\u0131 ve dokulu alt\u0131n par\u00e7alardan olu\u015fan 3'l\u00fc ba\u011flant\u0131 deseni, her hareketle ritim ve ince bir hareket sunuyor.<\/p>\n<p data-start=\"879\" data-end=\"1232\"><strong data-start=\"879\" data-end=\"896\">Zanaatkarl\u0131k<\/strong><\/p>\n<p data-start=\"879\" data-end=\"1232\">22 ayar sar\u0131 alt\u0131ndan ustal\u0131kla i\u015flenen bu bilezik 6,75 in\u00e7 boyutunda ve 6,6 gram a\u011f\u0131rl\u0131\u011f\u0131ndad\u0131r. Karma\u015f\u0131k yap\u0131s\u0131 dayan\u0131kl\u0131l\u0131\u011f\u0131 art\u0131r\u0131rken bilekte zarif bir ak\u0131\u015fkanl\u0131k sa\u011flar. G\u00fcvenli bir S-kanca toka ile tamamlanan ve Londra Assay Ofisi taraf\u0131ndan damgalanan bu bilezik, hem kalitenin hem de gelene\u011fin sembol\u00fcd\u00fcr.<\/p>\n<p data-start=\"1234\" data-end=\"1595\"><strong data-start=\"1234\" data-end=\"1251\">Stil Fikirleri<\/strong><\/p>\n<p data-start=\"1234\" data-end=\"1595\">G\u00fcnl\u00fck \u015f\u0131kl\u0131k veya katmanl\u0131 bayram k\u0131yafetleri i\u00e7in ideal olan bu bileklik, minimal ama geleneksel bir g\u00f6r\u00fcn\u00fcm i\u00e7in tek ba\u015f\u0131na tak\u0131labilir veya daha zengin ifadeler i\u00e7in bilezik ve kada ile istiflenebilir. Zahmetsiz bir \u00e7ekicilik i\u00e7in ipek bir bluz, pastel kurta veya hatta resmi k\u0131yafetlerle e\u015fle\u015ftirin. Raksha Bandhan'dan y\u0131ld\u00f6n\u00fcmlerine kadar \u00f6zel g\u00fcnler i\u00e7in d\u00fc\u015f\u00fcnceli bir hediye.<\/p>\n<p data-start=\"1234\" data-end=\"1595\">Hediye etmek i\u00e7in m\u00fckemmel, zamans\u0131z bir bayram bilezi\u011fi olan bu zarif 22 Ayar Alt\u0131n Armari Zincir Bilezik ile sezonun ne\u015fesini kutlay\u0131n. Karma\u015f\u0131k alt\u0131n ba\u011flant\u0131lar\u0131 ve klasik tasar\u0131m\u0131, onu e\u015fler, anneler, k\u0131z karde\u015fler veya sevdikleriniz i\u00e7in bayramda anlaml\u0131 bir hediye haline getiriyor.<\/p>","protected":false},"excerpt":{"rendered":"<article class=\"text-token-text-primary w-full focus:outline-none scroll-mt-[calc(var(--header-height)+min(200px,max(70px,20svh)))]\" dir=\"auto\" tabindex=\"-1\" data-turn-id=\"request-WEB:d152efb1-747f-41b9-b53a-d066ce924fb8-3\" data-testid=\"conversation-turn-8\" data-scroll-anchor=\"true\" data-turn=\"assistant\">\n<div class=\"text-base my-auto mx-auto pb-10 [--thread-content-margin:--spacing(4)] thread-sm:[--thread-content-margin:--spacing(6)] thread-lg:[--thread-content-margin:--spacing(16)] px-(--thread-content-margin)\">\n<div class=\"[--thread-content-max-width:40rem] thread-sm:[--thread-content-max-width:40rem] thread-lg:[--thread-content-max-width:48rem] mx-auto max-w-(--thread-content-max-width) flex-1 group\/turn-messages focus-visible:outline-hidden relative flex w-full min-w-0 flex-col agent-turn\" tabindex=\"-1\">\n<div class=\"flex max-w-full flex-col grow\">\n<div class=\"min-h-8 text-message relative flex w-full flex-col items-end gap-2 text-start break-words whitespace-normal [.text-message+&amp;]:mt-5\" dir=\"auto\" data-message-author-role=\"assistant\" data-message-id=\"7a1ba854-770c-4ab7-a751-dd4e1e3214fd\" data-message-model-slug=\"gpt-4o\">\n<div class=\"flex w-full flex-col gap-1 empty:hidden first:pt-[3px]\">\n<div class=\"markdown prose dark:prose-invert w-full break-words light markdown-new-styling\">\n<p data-start=\"0\" data-end=\"281\" data-is-last-node=\"\" data-is-only-node=\"\">A refined 22ct gold bracelet featuring a traditional Armari chain design with alternating textured links. Crafted for elegance and comfort, this timeless piece blends cultural charm with everyday versatility.<\/p>\n<\/div>\n<\/div>\n<\/div>\n<\/div>\n<\/div>\n<\/div>\n<\/article>\n<p><strong>SKU:<\/strong> 51625<br \/>\n<strong>Weight:<\/strong> 6.60 Gms<br \/>\n<strong>Length:<\/strong> 6.75 Inches<br \/>\n<strong>Metal:<\/strong> 22ct Gold (91.6% Pure Gold)<br \/>\n<strong>Finish:<\/strong> Antique Finish<br \/>\n<strong>Collection:<\/strong> Armari Collection<br \/>\n<strong>Hallmark:<\/strong> 22ct Gold Hallmarked by the London Assay Office<br \/>\n<strong>Charges:<\/strong> Delivery and VAT Included<\/p>\n<p><strong>More\u00a0Information<\/strong><br \/>\nLive chat with us for availability\u00a0and\u00a0more\u00a0images<\/p>\n","protected":false},"featured_media":418501,"comment_status":"closed","ping_status":"closed","template":"","meta":{"_eb_attr":"","_crsspst_to_jayantr4sg-hostcom":false},"product_brand":[],"product_cat":[1791,5641,245,6057,236,1793,5701,1324,1627,1229,1573,1574],"product_tag":[5634],"class_list":{"0":"post-418500","1":"product","2":"type-product","3":"status-publish","4":"has-post-thumbnail","6":"product_cat-anniversary-gifts","7":"product_cat-armari-bracelet","8":"product_cat-armari-collections","9":"product_cat-chain-bracelet","10":"product_cat-collections","11":"product_cat-diwali-gifts","12":"product_cat-eid-jewellery","13":"product_cat-gold-bracelet","14":"product_cat-ladies-bracelet","15":"product_cat-22ct-gold-jewellery","16":"product_cat-wedding-gifts","17":"product_cat-womens-jewellery","18":"product_tag-22ct-gold-bracelet-for-ladies","20":"first","21":"instock","22":"taxable","23":"shipping-taxable","24":"purchasable","25":"product-type-simple","26":"add-to-wishlist-before_image"},"yoast_head":"<!-- This site is optimized with the Yoast SEO plugin v27.4 - https:\/\/yoast.com\/product\/yoast-seo-wordpress\/ -->\n<title>22ct Gold Armari Chain Bracelet \u2013 6.75&quot; | PureJewels UK<\/title>\n<meta name=\"description\" content=\"Shop the 22ct Gold Armari Chain Bracelet with 3-link design. A handcrafted piece in 6.6g gold, perfect for traditional and everyday wear.\" \/>\n<meta name=\"robots\" content=\"index, follow, max-snippet:-1, max-image-preview:large, max-video-preview:-1\" \/>\n<link rel=\"canonical\" href=\"https:\/\/www.purejewels.com\/tr\/urun\/22-ayar-altin-armari-zincir-bileklik-51625\/\" \/>\n<meta property=\"og:locale\" content=\"tr_TR\" \/>\n<meta property=\"og:type\" content=\"article\" \/>\n<meta property=\"og:title\" content=\"22ct Gold Armari Chain Bracelet \u2013 6.75&quot; | PureJewels UK\" \/>\n<meta property=\"og:description\" content=\"Shop the 22ct Gold Armari Chain Bracelet with 3-link design. A handcrafted piece in 6.6g gold, perfect for traditional and everyday wear.\" \/>\n<meta property=\"og:url\" content=\"https:\/\/www.purejewels.com\/tr\/urun\/22-ayar-altin-armari-zincir-bileklik-51625\/\" \/>\n<meta property=\"og:site_name\" content=\"PureJewels UK\" \/>\n<meta property=\"article:modified_time\" content=\"2026-03-06T11:08:44+00:00\" \/>\n<meta property=\"og:image\" content=\"https:\/\/static.purejewels.com\/wp-content\/uploads\/2025\/10\/SKu-51625.jpg\" \/>\n\t<meta property=\"og:image:width\" content=\"1000\" \/>\n\t<meta property=\"og:image:height\" content=\"1000\" \/>\n\t<meta property=\"og:image:type\" content=\"image\/jpeg\" \/>\n<meta name=\"twitter:card\" content=\"summary_large_image\" \/>\n<meta name=\"twitter:label1\" content=\"Tahmini okuma s\u00fcresi\" \/>\n\t<meta name=\"twitter:data1\" content=\"2 dakika\" \/>\n<script type=\"application\/ld+json\" class=\"yoast-schema-graph\">{\"@context\":\"https:\\\/\\\/schema.org\",\"@graph\":[{\"@type\":[\"WebPage\",\"ItemPage\"],\"@id\":\"https:\\\/\\\/www.purejewels.com\\\/product\\\/22ct-gold-armari-chain-bracelet-51625\\\/\",\"url\":\"https:\\\/\\\/www.purejewels.com\\\/product\\\/22ct-gold-armari-chain-bracelet-51625\\\/\",\"name\":\"22ct Gold Armari Chain Bracelet \u2013 6.75\\\" | PureJewels UK\",\"isPartOf\":{\"@id\":\"https:\\\/\\\/www.purejewels.com\\\/#website\"},\"primaryImageOfPage\":{\"@id\":\"https:\\\/\\\/www.purejewels.com\\\/product\\\/22ct-gold-armari-chain-bracelet-51625\\\/#primaryimage\"},\"image\":{\"@id\":\"https:\\\/\\\/www.purejewels.com\\\/product\\\/22ct-gold-armari-chain-bracelet-51625\\\/#primaryimage\"},\"thumbnailUrl\":\"https:\\\/\\\/static.purejewels.com\\\/wp-content\\\/uploads\\\/2025\\\/10\\\/SKu-51625.jpg\",\"datePublished\":\"2025-09-10T09:55:46+00:00\",\"dateModified\":\"2026-03-06T11:08:44+00:00\",\"description\":\"Shop the 22ct Gold Armari Chain Bracelet with 3-link design. A handcrafted piece in 6.6g gold, perfect for traditional and everyday wear.\",\"breadcrumb\":{\"@id\":\"https:\\\/\\\/www.purejewels.com\\\/product\\\/22ct-gold-armari-chain-bracelet-51625\\\/#breadcrumb\"},\"inLanguage\":\"tr\",\"potentialAction\":[{\"@type\":\"ReadAction\",\"target\":[\"https:\\\/\\\/www.purejewels.com\\\/product\\\/22ct-gold-armari-chain-bracelet-51625\\\/\"]}]},{\"@type\":\"ImageObject\",\"inLanguage\":\"tr\",\"@id\":\"https:\\\/\\\/www.purejewels.com\\\/product\\\/22ct-gold-armari-chain-bracelet-51625\\\/#primaryimage\",\"url\":\"https:\\\/\\\/static.purejewels.com\\\/wp-content\\\/uploads\\\/2025\\\/10\\\/SKu-51625.jpg\",\"contentUrl\":\"https:\\\/\\\/static.purejewels.com\\\/wp-content\\\/uploads\\\/2025\\\/10\\\/SKu-51625.jpg\",\"width\":1000,\"height\":1000,\"caption\":\"22ct Gold Armari Chain Bracelet\"},{\"@type\":\"BreadcrumbList\",\"@id\":\"https:\\\/\\\/www.purejewels.com\\\/product\\\/22ct-gold-armari-chain-bracelet-51625\\\/#breadcrumb\",\"itemListElement\":[{\"@type\":\"ListItem\",\"position\":1,\"name\":\"Home\",\"item\":\"https:\\\/\\\/www.purejewels.com\\\/\"},{\"@type\":\"ListItem\",\"position\":2,\"name\":\"Shop\",\"item\":\"https:\\\/\\\/www.purejewels.com\\\/shop\\\/\"},{\"@type\":\"ListItem\",\"position\":3,\"name\":\"22ct Gold Armari Chain Bracelet\"}]},{\"@type\":\"WebSite\",\"@id\":\"https:\\\/\\\/www.purejewels.com\\\/#website\",\"url\":\"https:\\\/\\\/www.purejewels.com\\\/\",\"name\":\"PureJewels UK\",\"description\":\"Share the Love\",\"publisher\":{\"@id\":\"https:\\\/\\\/www.purejewels.com\\\/#organization\"},\"potentialAction\":[{\"@type\":\"SearchAction\",\"target\":{\"@type\":\"EntryPoint\",\"urlTemplate\":\"https:\\\/\\\/www.purejewels.com\\\/?s={search_term_string}\"},\"query-input\":{\"@type\":\"PropertyValueSpecification\",\"valueRequired\":true,\"valueName\":\"search_term_string\"}}],\"inLanguage\":\"tr\"},{\"@type\":\"Organization\",\"@id\":\"https:\\\/\\\/www.purejewels.com\\\/#organization\",\"name\":\"PureJewels UK\",\"url\":\"https:\\\/\\\/www.purejewels.com\\\/\",\"logo\":{\"@type\":\"ImageObject\",\"inLanguage\":\"tr\",\"@id\":\"https:\\\/\\\/www.purejewels.com\\\/#\\\/schema\\\/logo\\\/image\\\/\",\"url\":\"https:\\\/\\\/static.purejewels.com\\\/wp-content\\\/uploads\\\/2020\\\/11\\\/Logo-PJ-New-1.png\",\"contentUrl\":\"https:\\\/\\\/static.purejewels.com\\\/wp-content\\\/uploads\\\/2020\\\/11\\\/Logo-PJ-New-1.png\",\"width\":150,\"height\":80,\"caption\":\"PureJewels UK\"},\"image\":{\"@id\":\"https:\\\/\\\/www.purejewels.com\\\/#\\\/schema\\\/logo\\\/image\\\/\"}}]}<\/script>\n<!-- \/ Yoast SEO plugin. -->","yoast_head_json":{"title":"22 Ayar Alt\u0131n Armari Zincir Bileklik - 6,75\" | PureJewels \u0130ngiltere","description":"3 ba\u011flant\u0131l\u0131 tasar\u0131ma sahip 22 Ayar Alt\u0131n Armari Zincir Bilezi\u011fi sat\u0131n al\u0131n. Geleneksel ve g\u00fcnl\u00fck kullan\u0131m i\u00e7in m\u00fckemmel, 6,6 gr alt\u0131ndan el yap\u0131m\u0131 bir par\u00e7a.","robots":{"index":"index","follow":"follow","max-snippet":"max-snippet:-1","max-image-preview":"max-image-preview:large","max-video-preview":"max-video-preview:-1"},"canonical":"https:\/\/www.purejewels.com\/tr\/urun\/22-ayar-altin-armari-zincir-bileklik-51625\/","og_locale":"tr_TR","og_type":"article","og_title":"22ct Gold Armari Chain Bracelet \u2013 6.75\" | PureJewels UK","og_description":"Shop the 22ct Gold Armari Chain Bracelet with 3-link design. A handcrafted piece in 6.6g gold, perfect for traditional and everyday wear.","og_url":"https:\/\/www.purejewels.com\/tr\/urun\/22-ayar-altin-armari-zincir-bileklik-51625\/","og_site_name":"PureJewels UK","article_modified_time":"2026-03-06T11:08:44+00:00","og_image":[{"width":1000,"height":1000,"url":"https:\/\/static.purejewels.com\/wp-content\/uploads\/2025\/10\/SKu-51625.jpg","type":"image\/jpeg"}],"twitter_card":"summary_large_image","twitter_misc":{"Tahmini okuma s\u00fcresi":"2 dakika"},"schema":{"@context":"https:\/\/schema.org","@graph":[{"@type":["WebPage","ItemPage"],"@id":"https:\/\/www.purejewels.com\/product\/22ct-gold-armari-chain-bracelet-51625\/","url":"https:\/\/www.purejewels.com\/product\/22ct-gold-armari-chain-bracelet-51625\/","name":"22 Ayar Alt\u0131n Armari Zincir Bileklik - 6,75\" | PureJewels \u0130ngiltere","isPartOf":{"@id":"https:\/\/www.purejewels.com\/#website"},"primaryImageOfPage":{"@id":"https:\/\/www.purejewels.com\/product\/22ct-gold-armari-chain-bracelet-51625\/#primaryimage"},"image":{"@id":"https:\/\/www.purejewels.com\/product\/22ct-gold-armari-chain-bracelet-51625\/#primaryimage"},"thumbnailUrl":"https:\/\/static.purejewels.com\/wp-content\/uploads\/2025\/10\/SKu-51625.jpg","datePublished":"2025-09-10T09:55:46+00:00","dateModified":"2026-03-06T11:08:44+00:00","description":"3 ba\u011flant\u0131l\u0131 tasar\u0131ma sahip 22 Ayar Alt\u0131n Armari Zincir Bilezi\u011fi sat\u0131n al\u0131n. Geleneksel ve g\u00fcnl\u00fck kullan\u0131m i\u00e7in m\u00fckemmel, 6,6 gr alt\u0131ndan el yap\u0131m\u0131 bir par\u00e7a.","breadcrumb":{"@id":"https:\/\/www.purejewels.com\/product\/22ct-gold-armari-chain-bracelet-51625\/#breadcrumb"},"inLanguage":"tr","potentialAction":[{"@type":"ReadAction","target":["https:\/\/www.purejewels.com\/product\/22ct-gold-armari-chain-bracelet-51625\/"]}]},{"@type":"ImageObject","inLanguage":"tr","@id":"https:\/\/www.purejewels.com\/product\/22ct-gold-armari-chain-bracelet-51625\/#primaryimage","url":"https:\/\/static.purejewels.com\/wp-content\/uploads\/2025\/10\/SKu-51625.jpg","contentUrl":"https:\/\/static.purejewels.com\/wp-content\/uploads\/2025\/10\/SKu-51625.jpg","width":1000,"height":1000,"caption":"22ct Gold Armari Chain Bracelet"},{"@type":"BreadcrumbList","@id":"https:\/\/www.purejewels.com\/product\/22ct-gold-armari-chain-bracelet-51625\/#breadcrumb","itemListElement":[{"@type":"ListItem","position":1,"name":"Home","item":"https:\/\/www.purejewels.com\/"},{"@type":"ListItem","position":2,"name":"Shop","item":"https:\/\/www.purejewels.com\/shop\/"},{"@type":"ListItem","position":3,"name":"22ct Gold Armari Chain Bracelet"}]},{"@type":"WebSite","@id":"https:\/\/www.purejewels.com\/#website","url":"https:\/\/www.purejewels.com\/","name":"PureJewels \u0130ngiltere","description":"Sevgiyi Payla\u015f\u0131n","publisher":{"@id":"https:\/\/www.purejewels.com\/#organization"},"potentialAction":[{"@type":"SearchAction","target":{"@type":"EntryPoint","urlTemplate":"https:\/\/www.purejewels.com\/?s={search_term_string}"},"query-input":{"@type":"PropertyValueSpecification","valueRequired":true,"valueName":"search_term_string"}}],"inLanguage":"tr"},{"@type":"Organization","@id":"https:\/\/www.purejewels.com\/#organization","name":"PureJewels \u0130ngiltere","url":"https:\/\/www.purejewels.com\/","logo":{"@type":"ImageObject","inLanguage":"tr","@id":"https:\/\/www.purejewels.com\/#\/schema\/logo\/image\/","url":"https:\/\/static.purejewels.com\/wp-content\/uploads\/2020\/11\/Logo-PJ-New-1.png","contentUrl":"https:\/\/static.purejewels.com\/wp-content\/uploads\/2020\/11\/Logo-PJ-New-1.png","width":150,"height":80,"caption":"PureJewels UK"},"image":{"@id":"https:\/\/www.purejewels.com\/#\/schema\/logo\/image\/"}}]}},"_links":{"self":[{"href":"https:\/\/www.purejewels.com\/tr\/wp-json\/wp\/v2\/product\/418500","targetHints":{"allow":["GET"]}}],"collection":[{"href":"https:\/\/www.purejewels.com\/tr\/wp-json\/wp\/v2\/product"}],"about":[{"href":"https:\/\/www.purejewels.com\/tr\/wp-json\/wp\/v2\/types\/product"}],"replies":[{"embeddable":true,"href":"https:\/\/www.purejewels.com\/tr\/wp-json\/wp\/v2\/comments?post=418500"}],"version-history":[{"count":3,"href":"https:\/\/www.purejewels.com\/tr\/wp-json\/wp\/v2\/product\/418500\/revisions"}],"predecessor-version":[{"id":426270,"href":"https:\/\/www.purejewels.com\/tr\/wp-json\/wp\/v2\/product\/418500\/revisions\/426270"}],"wp:featuredmedia":[{"embeddable":true,"href":"https:\/\/www.purejewels.com\/tr\/wp-json\/wp\/v2\/media\/418501"}],"wp:attachment":[{"href":"https:\/\/www.purejewels.com\/tr\/wp-json\/wp\/v2\/media?parent=418500"}],"wp:term":[{"taxonomy":"product_brand","embeddable":true,"href":"https:\/\/www.purejewels.com\/tr\/wp-json\/wp\/v2\/product_brand?post=418500"},{"taxonomy":"product_cat","embeddable":true,"href":"https:\/\/www.purejewels.com\/tr\/wp-json\/wp\/v2\/product_cat?post=418500"},{"taxonomy":"product_tag","embeddable":true,"href":"https:\/\/www.purejewels.com\/tr\/wp-json\/wp\/v2\/product_tag?post=418500"}],"curies":[{"name":"wp","href":"https:\/\/api.w.org\/{rel}","templated":true}]}}