{"id":418580,"date":"2025-09-10T14:07:04","date_gmt":"2025-09-10T13:07:04","guid":{"rendered":"https:\/\/www.purejewels.com\/?post_type=product&#038;p=418580"},"modified":"2026-03-13T11:34:40","modified_gmt":"2026-03-13T11:34:40","slug":"gelin-rozeti-koleksiyonu-icin-22-ayar-gundogumu-altin-burun-ignesi-52504","status":"publish","type":"product","link":"https:\/\/www.purejewels.com\/tr\/product\/22ct-sunrise-gold-nose-pin-for-bridal-rosette-collection-52504\/","title":{"rendered":"Gelin | Rozet Koleksiyonu i\u00e7in 22 Ayar Sunrise Alt\u0131n Burun \u0130\u011fnesi"},"content":{"rendered":"<h3>Tasar\u0131m Konsepti<\/h3>\n<p>Tasar\u0131m, \u00e7i\u00e7ek k\u00fcmelerinin refah\u0131 ve yeni ba\u015flang\u0131\u00e7lar\u0131 sembolize etti\u011fi geleneksel Hint gelin tak\u0131lar\u0131ndan ilham al\u0131yor. Rozet motifi, her gelinin yolculu\u011funu kutlayan bir merkez par\u00e7as\u0131 olu\u015fturarak ne\u015fe ve s\u00fcreklili\u011fi somutla\u015ft\u0131rmak \u00fczere i\u015flenmi\u015ftir.<\/p>\n<h3>Zanaatkarl\u0131k<\/h3>\n<p>Yetenekli zanaatk\u00e2rlar taraf\u0131ndan 22 ayar Sunrise Alt\u0131ndan el i\u015f\u00e7ili\u011fiyle \u00fcretilen bu burun i\u011fnesi, kal\u0131p damgalama ve detayl\u0131 gran\u00fclasyon sanat\u0131n\u0131n saf halini sergiliyor. Katmanl\u0131 rozetler ve ince boncuk kenarlar\u0131 titiz bir \u00f6zenle \u015fekillendirilerek hem miras hem de sanattan bahseden dokulu bir parlakl\u0131k ortaya \u00e7\u0131kar\u0131lm\u0131\u015ft\u0131r.<\/p>\n<h3>Stil \u0130pu\u00e7lar\u0131<\/h3>\n<p>Gelin giyimi i\u00e7in m\u00fckemmel olan bu rozet burun i\u011fnesi, lehengalar veya sareeler gibi geleneksel tak\u0131mlar\u0131 tamamlar. Uyumlu bir gelin g\u00f6r\u00fcn\u00fcm\u00fc i\u00e7in Rozet bileklik k\u00fcpeler veya PureJewels koleksiyonundan bir gerdanl\u0131k ile e\u015fle\u015ftirin. D\u00fc\u011f\u00fcn\u00fcn\u00fczden sonra g\u00fcnl\u00fck \u015f\u0131kl\u0131\u011f\u0131n\u0131za ince bir miras ipucu eklemek i\u00e7in daha sade alt\u0131n par\u00e7alarla \u015fekillendirin.<\/p>","protected":false},"excerpt":{"rendered":"<p>El yap\u0131m\u0131 22 ayar Sunrise Alt\u0131n Rozet Gelin Burun i\u011fnesi, g\u00fcvenli bir vidal\u0131 s\u0131rt ile tasarlanm\u0131\u015ft\u0131r. PureJewels'in Rozet motifinden esinlenilerek tasarlanan bu zarif par\u00e7a, miras i\u015f\u00e7ili\u011fi ile modern sadeli\u011fi bir araya getiriyor.<\/p>\n<p><strong>Malzeme:<\/strong> 22 Ayar G\u00fcndo\u011fumu Alt\u0131n<br \/>\n<strong>Hallmark:<\/strong> \u0130ngiliz Damgas\u0131<br \/>\n<strong>SKU:<\/strong> 52673, 52504<br \/>\n<strong>A\u011f\u0131rl\u0131k:<\/strong> 1.59 Gms<br \/>\n<strong>Geni\u015flik:<\/strong> 13mm<\/p>\n<p>Fiyat ve Teslimat: KDV ve teslimat \u00fccretleri dahil<br \/>\n<a href=\"https:\/\/www.purejewels.com\/tr\/i%cc%87ade-poli%cc%87ti%cc%87kasi\/\"><strong>\u0130ade Politikas\u0131<\/strong><\/a><\/p>","protected":false},"featured_media":427073,"comment_status":"closed","ping_status":"closed","template":"","meta":{"_eb_attr":"","_crsspst_to_jayantr4sg-hostcom":false},"product_brand":[],"product_cat":[1787,1793,5701,1792,1229,1711,5942,5593,1656,6081,1573,1574],"product_tag":[],"class_list":{"0":"post-418580","1":"product","2":"type-product","3":"status-publish","4":"has-post-thumbnail","6":"product_cat-gold-bridal-naths","7":"product_cat-diwali-gifts","8":"product_cat-eid-jewellery","9":"product_cat-festival-gifts","10":"product_cat-22ct-gold-jewellery","11":"product_cat-gold-nose-studs","12":"product_cat-nose-jewellery","13":"product_cat-rosette-nose-pin","14":"product_cat-rosettes-collections","15":"product_cat-sunrise-gold","16":"product_cat-wedding-gifts","17":"product_cat-womens-jewellery","19":"first","20":"instock","21":"taxable","22":"shipping-taxable","23":"purchasable","24":"product-type-simple","25":"add-to-wishlist-before_image"},"yoast_head":"<!-- This site is optimized with the Yoast SEO plugin v27.5 - https:\/\/yoast.com\/product\/yoast-seo-wordpress\/ -->\n<title>22ct Sunrise Gold Bridal Nose Pin | Rosette Collection<\/title>\n<meta name=\"description\" content=\"Discover PureJewels\u2019 22ct gold Rosette Bridal Nose pin with screw back. A handcrafted bloom symbolising heritage craftsmanship and timeless beauty.\" \/>\n<meta name=\"robots\" content=\"index, follow, max-snippet:-1, max-image-preview:large, max-video-preview:-1\" \/>\n<link rel=\"canonical\" href=\"https:\/\/www.purejewels.com\/tr\/urun\/gelin-rozeti-koleksiyonu-icin-22-ayar-gundogumu-altin-burun-ignesi-52504\/\" \/>\n<meta property=\"og:locale\" content=\"tr_TR\" \/>\n<meta property=\"og:type\" content=\"article\" \/>\n<meta property=\"og:title\" content=\"22ct Sunrise Gold Bridal Nose Pin | Rosette Collection\" \/>\n<meta property=\"og:description\" content=\"Discover PureJewels\u2019 22ct gold Rosette Bridal Nose pin with screw back. A handcrafted bloom symbolising heritage craftsmanship and timeless beauty.\" \/>\n<meta property=\"og:url\" content=\"https:\/\/www.purejewels.com\/tr\/urun\/gelin-rozeti-koleksiyonu-icin-22-ayar-gundogumu-altin-burun-ignesi-52504\/\" \/>\n<meta property=\"og:site_name\" content=\"PureJewels UK\" \/>\n<meta property=\"article:modified_time\" content=\"2026-03-13T11:34:40+00:00\" \/>\n<meta property=\"og:image\" content=\"https:\/\/static.purejewels.com\/wp-content\/uploads\/2025\/09\/SKU-52504-FRONT.jpg\" \/>\n\t<meta property=\"og:image:width\" content=\"1000\" \/>\n\t<meta property=\"og:image:height\" content=\"1000\" \/>\n\t<meta property=\"og:image:type\" content=\"image\/jpeg\" \/>\n<meta name=\"twitter:card\" content=\"summary_large_image\" \/>\n<meta name=\"twitter:label1\" content=\"Tahmini okuma s\u00fcresi\" \/>\n\t<meta name=\"twitter:data1\" content=\"1 dakika\" \/>\n<script type=\"application\/ld+json\" class=\"yoast-schema-graph\">{\"@context\":\"https:\\\/\\\/schema.org\",\"@graph\":[{\"@type\":[\"WebPage\",\"ItemPage\"],\"@id\":\"https:\\\/\\\/www.purejewels.com\\\/product\\\/22ct-sunrise-gold-nose-pin-for-bridal-rosette-collection-52504\\\/\",\"url\":\"https:\\\/\\\/www.purejewels.com\\\/product\\\/22ct-sunrise-gold-nose-pin-for-bridal-rosette-collection-52504\\\/\",\"name\":\"22ct Sunrise Gold Bridal Nose Pin | Rosette Collection\",\"isPartOf\":{\"@id\":\"https:\\\/\\\/www.purejewels.com\\\/#website\"},\"primaryImageOfPage\":{\"@id\":\"https:\\\/\\\/www.purejewels.com\\\/product\\\/22ct-sunrise-gold-nose-pin-for-bridal-rosette-collection-52504\\\/#primaryimage\"},\"image\":{\"@id\":\"https:\\\/\\\/www.purejewels.com\\\/product\\\/22ct-sunrise-gold-nose-pin-for-bridal-rosette-collection-52504\\\/#primaryimage\"},\"thumbnailUrl\":\"https:\\\/\\\/static.purejewels.com\\\/wp-content\\\/uploads\\\/2025\\\/09\\\/SKU-52504-FRONT.jpg\",\"datePublished\":\"2025-09-10T13:07:04+00:00\",\"dateModified\":\"2026-03-13T11:34:40+00:00\",\"description\":\"Discover PureJewels\u2019 22ct gold Rosette Bridal Nose pin with screw back. A handcrafted bloom symbolising heritage craftsmanship and timeless beauty.\",\"breadcrumb\":{\"@id\":\"https:\\\/\\\/www.purejewels.com\\\/product\\\/22ct-sunrise-gold-nose-pin-for-bridal-rosette-collection-52504\\\/#breadcrumb\"},\"inLanguage\":\"tr\",\"potentialAction\":[{\"@type\":\"ReadAction\",\"target\":[\"https:\\\/\\\/www.purejewels.com\\\/product\\\/22ct-sunrise-gold-nose-pin-for-bridal-rosette-collection-52504\\\/\"]}]},{\"@type\":\"ImageObject\",\"inLanguage\":\"tr\",\"@id\":\"https:\\\/\\\/www.purejewels.com\\\/product\\\/22ct-sunrise-gold-nose-pin-for-bridal-rosette-collection-52504\\\/#primaryimage\",\"url\":\"https:\\\/\\\/static.purejewels.com\\\/wp-content\\\/uploads\\\/2025\\\/09\\\/SKU-52504-FRONT.jpg\",\"contentUrl\":\"https:\\\/\\\/static.purejewels.com\\\/wp-content\\\/uploads\\\/2025\\\/09\\\/SKU-52504-FRONT.jpg\",\"width\":1000,\"height\":1000,\"caption\":\"Stacked from 4 images. Method=B (R=8,S=4)\"},{\"@type\":\"BreadcrumbList\",\"@id\":\"https:\\\/\\\/www.purejewels.com\\\/product\\\/22ct-sunrise-gold-nose-pin-for-bridal-rosette-collection-52504\\\/#breadcrumb\",\"itemListElement\":[{\"@type\":\"ListItem\",\"position\":1,\"name\":\"Home\",\"item\":\"https:\\\/\\\/www.purejewels.com\\\/\"},{\"@type\":\"ListItem\",\"position\":2,\"name\":\"Shop\",\"item\":\"https:\\\/\\\/www.purejewels.com\\\/shop\\\/\"},{\"@type\":\"ListItem\",\"position\":3,\"name\":\"22ct Sunrise Gold Nose Pin for Bridal | Rosette Collection\"}]},{\"@type\":\"WebSite\",\"@id\":\"https:\\\/\\\/www.purejewels.com\\\/#website\",\"url\":\"https:\\\/\\\/www.purejewels.com\\\/\",\"name\":\"PureJewels UK\",\"description\":\"Share the Love\",\"publisher\":{\"@id\":\"https:\\\/\\\/www.purejewels.com\\\/#organization\"},\"potentialAction\":[{\"@type\":\"SearchAction\",\"target\":{\"@type\":\"EntryPoint\",\"urlTemplate\":\"https:\\\/\\\/www.purejewels.com\\\/?s={search_term_string}\"},\"query-input\":{\"@type\":\"PropertyValueSpecification\",\"valueRequired\":true,\"valueName\":\"search_term_string\"}}],\"inLanguage\":\"tr\"},{\"@type\":\"Organization\",\"@id\":\"https:\\\/\\\/www.purejewels.com\\\/#organization\",\"name\":\"PureJewels UK\",\"url\":\"https:\\\/\\\/www.purejewels.com\\\/\",\"logo\":{\"@type\":\"ImageObject\",\"inLanguage\":\"tr\",\"@id\":\"https:\\\/\\\/www.purejewels.com\\\/#\\\/schema\\\/logo\\\/image\\\/\",\"url\":\"https:\\\/\\\/static.purejewels.com\\\/wp-content\\\/uploads\\\/2020\\\/11\\\/Logo-PJ-New-1.png\",\"contentUrl\":\"https:\\\/\\\/static.purejewels.com\\\/wp-content\\\/uploads\\\/2020\\\/11\\\/Logo-PJ-New-1.png\",\"width\":150,\"height\":80,\"caption\":\"PureJewels UK\"},\"image\":{\"@id\":\"https:\\\/\\\/www.purejewels.com\\\/#\\\/schema\\\/logo\\\/image\\\/\"}}]}<\/script>\n<!-- \/ Yoast SEO plugin. -->","yoast_head_json":{"title":"22 Ayar Sunrise Alt\u0131n Gelin Burun \u0130\u011fnesi | Rozet Koleksiyonu","description":"PureJewels'in vidal\u0131 22 ayar alt\u0131n Rozet Gelin Burun i\u011fnesini ke\u015ffedin. Miras i\u015f\u00e7ili\u011fi ve zamans\u0131z g\u00fczelli\u011fi simgeleyen el yap\u0131m\u0131 bir \u00e7i\u00e7ek.","robots":{"index":"index","follow":"follow","max-snippet":"max-snippet:-1","max-image-preview":"max-image-preview:large","max-video-preview":"max-video-preview:-1"},"canonical":"https:\/\/www.purejewels.com\/tr\/urun\/gelin-rozeti-koleksiyonu-icin-22-ayar-gundogumu-altin-burun-ignesi-52504\/","og_locale":"tr_TR","og_type":"article","og_title":"22ct Sunrise Gold Bridal Nose Pin | Rosette Collection","og_description":"Discover PureJewels\u2019 22ct gold Rosette Bridal Nose pin with screw back. A handcrafted bloom symbolising heritage craftsmanship and timeless beauty.","og_url":"https:\/\/www.purejewels.com\/tr\/urun\/gelin-rozeti-koleksiyonu-icin-22-ayar-gundogumu-altin-burun-ignesi-52504\/","og_site_name":"PureJewels UK","article_modified_time":"2026-03-13T11:34:40+00:00","og_image":[{"width":1000,"height":1000,"url":"https:\/\/static.purejewels.com\/wp-content\/uploads\/2025\/09\/SKU-52504-FRONT.jpg","type":"image\/jpeg"}],"twitter_card":"summary_large_image","twitter_misc":{"Tahmini okuma s\u00fcresi":"1 dakika"},"schema":{"@context":"https:\/\/schema.org","@graph":[{"@type":["WebPage","ItemPage"],"@id":"https:\/\/www.purejewels.com\/product\/22ct-sunrise-gold-nose-pin-for-bridal-rosette-collection-52504\/","url":"https:\/\/www.purejewels.com\/product\/22ct-sunrise-gold-nose-pin-for-bridal-rosette-collection-52504\/","name":"22 Ayar Sunrise Alt\u0131n Gelin Burun \u0130\u011fnesi | Rozet Koleksiyonu","isPartOf":{"@id":"https:\/\/www.purejewels.com\/#website"},"primaryImageOfPage":{"@id":"https:\/\/www.purejewels.com\/product\/22ct-sunrise-gold-nose-pin-for-bridal-rosette-collection-52504\/#primaryimage"},"image":{"@id":"https:\/\/www.purejewels.com\/product\/22ct-sunrise-gold-nose-pin-for-bridal-rosette-collection-52504\/#primaryimage"},"thumbnailUrl":"https:\/\/static.purejewels.com\/wp-content\/uploads\/2025\/09\/SKU-52504-FRONT.jpg","datePublished":"2025-09-10T13:07:04+00:00","dateModified":"2026-03-13T11:34:40+00:00","description":"PureJewels'in vidal\u0131 22 ayar alt\u0131n Rozet Gelin Burun i\u011fnesini ke\u015ffedin. Miras i\u015f\u00e7ili\u011fi ve zamans\u0131z g\u00fczelli\u011fi simgeleyen el yap\u0131m\u0131 bir \u00e7i\u00e7ek.","breadcrumb":{"@id":"https:\/\/www.purejewels.com\/product\/22ct-sunrise-gold-nose-pin-for-bridal-rosette-collection-52504\/#breadcrumb"},"inLanguage":"tr","potentialAction":[{"@type":"ReadAction","target":["https:\/\/www.purejewels.com\/product\/22ct-sunrise-gold-nose-pin-for-bridal-rosette-collection-52504\/"]}]},{"@type":"ImageObject","inLanguage":"tr","@id":"https:\/\/www.purejewels.com\/product\/22ct-sunrise-gold-nose-pin-for-bridal-rosette-collection-52504\/#primaryimage","url":"https:\/\/static.purejewels.com\/wp-content\/uploads\/2025\/09\/SKU-52504-FRONT.jpg","contentUrl":"https:\/\/static.purejewels.com\/wp-content\/uploads\/2025\/09\/SKU-52504-FRONT.jpg","width":1000,"height":1000,"caption":"Stacked from 4 images. Method=B (R=8,S=4)"},{"@type":"BreadcrumbList","@id":"https:\/\/www.purejewels.com\/product\/22ct-sunrise-gold-nose-pin-for-bridal-rosette-collection-52504\/#breadcrumb","itemListElement":[{"@type":"ListItem","position":1,"name":"Home","item":"https:\/\/www.purejewels.com\/"},{"@type":"ListItem","position":2,"name":"Shop","item":"https:\/\/www.purejewels.com\/shop\/"},{"@type":"ListItem","position":3,"name":"22ct Sunrise Gold Nose Pin for Bridal | Rosette Collection"}]},{"@type":"WebSite","@id":"https:\/\/www.purejewels.com\/#website","url":"https:\/\/www.purejewels.com\/","name":"PureJewels \u0130ngiltere","description":"Sevgiyi Payla\u015f\u0131n","publisher":{"@id":"https:\/\/www.purejewels.com\/#organization"},"potentialAction":[{"@type":"SearchAction","target":{"@type":"EntryPoint","urlTemplate":"https:\/\/www.purejewels.com\/?s={search_term_string}"},"query-input":{"@type":"PropertyValueSpecification","valueRequired":true,"valueName":"search_term_string"}}],"inLanguage":"tr"},{"@type":"Organization","@id":"https:\/\/www.purejewels.com\/#organization","name":"PureJewels \u0130ngiltere","url":"https:\/\/www.purejewels.com\/","logo":{"@type":"ImageObject","inLanguage":"tr","@id":"https:\/\/www.purejewels.com\/#\/schema\/logo\/image\/","url":"https:\/\/static.purejewels.com\/wp-content\/uploads\/2020\/11\/Logo-PJ-New-1.png","contentUrl":"https:\/\/static.purejewels.com\/wp-content\/uploads\/2020\/11\/Logo-PJ-New-1.png","width":150,"height":80,"caption":"PureJewels UK"},"image":{"@id":"https:\/\/www.purejewels.com\/#\/schema\/logo\/image\/"}}]}},"_links":{"self":[{"href":"https:\/\/www.purejewels.com\/tr\/wp-json\/wp\/v2\/product\/418580","targetHints":{"allow":["GET"]}}],"collection":[{"href":"https:\/\/www.purejewels.com\/tr\/wp-json\/wp\/v2\/product"}],"about":[{"href":"https:\/\/www.purejewels.com\/tr\/wp-json\/wp\/v2\/types\/product"}],"replies":[{"embeddable":true,"href":"https:\/\/www.purejewels.com\/tr\/wp-json\/wp\/v2\/comments?post=418580"}],"version-history":[{"count":2,"href":"https:\/\/www.purejewels.com\/tr\/wp-json\/wp\/v2\/product\/418580\/revisions"}],"predecessor-version":[{"id":418586,"href":"https:\/\/www.purejewels.com\/tr\/wp-json\/wp\/v2\/product\/418580\/revisions\/418586"}],"wp:featuredmedia":[{"embeddable":true,"href":"https:\/\/www.purejewels.com\/tr\/wp-json\/wp\/v2\/media\/427073"}],"wp:attachment":[{"href":"https:\/\/www.purejewels.com\/tr\/wp-json\/wp\/v2\/media?parent=418580"}],"wp:term":[{"taxonomy":"product_brand","embeddable":true,"href":"https:\/\/www.purejewels.com\/tr\/wp-json\/wp\/v2\/product_brand?post=418580"},{"taxonomy":"product_cat","embeddable":true,"href":"https:\/\/www.purejewels.com\/tr\/wp-json\/wp\/v2\/product_cat?post=418580"},{"taxonomy":"product_tag","embeddable":true,"href":"https:\/\/www.purejewels.com\/tr\/wp-json\/wp\/v2\/product_tag?post=418580"}],"curies":[{"name":"wp","href":"https:\/\/api.w.org\/{rel}","templated":true}]}}