{"id":418587,"date":"2025-09-10T14:22:26","date_gmt":"2025-09-10T13:22:26","guid":{"rendered":"https:\/\/www.purejewels.com\/?post_type=product&#038;p=418587"},"modified":"2026-04-24T09:40:15","modified_gmt":"2026-04-24T08:40:15","slug":"rodyum-ile-22-ayar-altin-trishul-kolye-ucu","status":"publish","type":"product","link":"https:\/\/www.purejewels.com\/tr\/product\/22ct-gold-trishul-pendant-with-rhodium\/","title":{"rendered":"Rodyum ile 22 Ayar Alt\u0131n Trishul Kolye"},"content":{"rendered":"<h3 data-start=\"191\" data-end=\"207\"><strong data-start=\"195\" data-end=\"205\">Tasar\u0131m<\/strong><\/h3>\n<p data-start=\"208\" data-end=\"453\">Bu 22 Ayar Alt\u0131n Trishul OM Kolye, kutsal sembolizmi ince i\u015f\u00e7ilikle birle\u015ftiriyor. Trishul, Damru ve Om motifleri alt\u0131nla karma\u015f\u0131k bir \u015fekilde \u015fekillendirilmi\u015f ve geleneksel bir tasar\u0131ma zarif ve modern bir dokunu\u015f getiren ince rodyum vurgularla zenginle\u015ftirilmi\u015ftir.<\/p>\n<h3 data-start=\"460\" data-end=\"483\"><strong data-start=\"464\" data-end=\"481\">Zanaatkarl\u0131k<\/strong><\/h3>\n<p data-start=\"484\" data-end=\"707\">3,8 gram a\u011f\u0131rl\u0131\u011f\u0131ndaki kolye ucu, hassas detaylara ve kal\u0131c\u0131 parlakl\u0131k i\u00e7in cilal\u0131 bir y\u00fczeye sahip saf 22 ayar alt\u0131ndan el yap\u0131m\u0131 olarak \u00fcretilmi\u015ftir. Londra Assay Ofisi taraf\u0131ndan damgalanan bu kolye safl\u0131\u011f\u0131, ba\u011fl\u0131l\u0131\u011f\u0131 ve usta sanat\u00e7\u0131l\u0131\u011f\u0131 yans\u0131tmaktad\u0131r.<\/p>\n<h3 data-start=\"714\" data-end=\"731\"><strong data-start=\"718\" data-end=\"729\">\u015eekillendirme<\/strong><\/h3>\n<p data-start=\"732\" data-end=\"924\">Hem g\u00fcnl\u00fck kullan\u0131m hem de u\u011furlu g\u00fcnler i\u00e7in tasarlanan bu kolye ucu, \u015f\u0131k bir alt\u0131n zincirle g\u00fczel bir uyum sa\u011flar. \u0130nanc\u0131, g\u00fcc\u00fc ve ruhani ba\u011flant\u0131y\u0131 kutlayan d\u00fc\u015f\u00fcnceli bir hediye.<\/p>\n<p data-start=\"732\" data-end=\"924\">Menzil kimli\u011fi: <span data-teams=\"true\">JWPNPRCB040OTCS<\/span><\/p>","protected":false},"excerpt":{"rendered":"<p>Rodyum 3,8 g 22 Ayar Alt\u0131n Trishul OM Kolye, karma\u015f\u0131k detaylara ve rodyum vurgulara sahiptir. Londra'da el yap\u0131m\u0131 ve damgal\u0131 olan bu kolye, inan\u00e7 ve g\u00fcc\u00fc sembolize eder.<\/p>\n<p><strong>Malzeme:<\/strong> 22 Ayar Alt\u0131n (91,6% Saf Alt\u0131n)\u00a0<strong><br \/>\nHallmark:\u00a0<\/strong>\u0130ngiliz Damgas\u0131<strong><br \/>\n<\/strong><strong>Br\u00fct A\u011f\u0131rl\u0131k: <\/strong>3.9 Gms<strong><br \/>\nSKU: <\/strong>52959, 52958<\/p>\n<p><strong>Fiyat ve Teslimat: <\/strong>Zincir fiyat\u0131 dahil de\u011fildir, KDV ve teslimat \u00fccretleri dahildir<strong><br \/>\n<a href=\"https:\/\/www.purejewels.com\/tr\/i%cc%87ade-poli%cc%87ti%cc%87kasi\/\">\u0130ade Politikas\u0131<\/a><\/strong><\/p>","protected":false},"featured_media":418725,"comment_status":"closed","ping_status":"closed","template":"","meta":{"_eb_attr":"","_crsspst_to_jayantr4sg-hostcom":true},"product_brand":[],"product_cat":[1571,1229,1255,1767,1572,1768,1701,5349],"product_tag":[6167,6168],"class_list":{"0":"post-418587","1":"product","2":"type-product","3":"status-publish","4":"has-post-thumbnail","6":"product_cat-fathers-day-gifts","7":"product_cat-22ct-gold-jewellery","8":"product_cat-gold-pendants","9":"product_cat-ladies-pendants","10":"product_cat-mens-jewellery","11":"product_cat-mens-pendants","12":"product_cat-religious-pendants","13":"product_cat-yellow-gold-jewellery","14":"product_tag-22ct-pendant","15":"product_tag-gold-pendant","17":"first","18":"instock","19":"taxable","20":"shipping-taxable","21":"purchasable","22":"product-type-simple","23":"add-to-wishlist-before_image"},"yoast_head":"<!-- This site is optimized with the Yoast SEO plugin v27.5 - https:\/\/yoast.com\/product\/yoast-seo-wordpress\/ -->\n<title>22ct Gold Trishul OM Pendant with Rhodium 3.8g<\/title>\n<meta name=\"description\" content=\"Buy 22ct Gold Trishul OM Pendant with Rhodium 3.8g in the UK. Crafted in pure gold and hallmarked in London, this pendant symbolises faith and strength.\" \/>\n<meta name=\"robots\" content=\"index, follow, max-snippet:-1, max-image-preview:large, max-video-preview:-1\" \/>\n<link rel=\"canonical\" href=\"https:\/\/www.purejewels.com\/tr\/urun\/rodyum-ile-22-ayar-altin-trishul-kolye-ucu\/\" \/>\n<meta property=\"og:locale\" content=\"tr_TR\" \/>\n<meta property=\"og:type\" content=\"article\" \/>\n<meta property=\"og:title\" content=\"22ct Gold Trishul OM Pendant with Rhodium 3.8g\" \/>\n<meta property=\"og:description\" content=\"Buy 22ct Gold Trishul OM Pendant with Rhodium 3.8g in the UK. Crafted in pure gold and hallmarked in London, this pendant symbolises faith and strength.\" \/>\n<meta property=\"og:url\" content=\"https:\/\/www.purejewels.com\/tr\/urun\/rodyum-ile-22-ayar-altin-trishul-kolye-ucu\/\" \/>\n<meta property=\"og:site_name\" content=\"PureJewels UK\" \/>\n<meta property=\"article:modified_time\" content=\"2026-04-24T08:40:15+00:00\" \/>\n<meta property=\"og:image\" content=\"https:\/\/static.purejewels.com\/wp-content\/uploads\/2025\/10\/SKU-52959.jpg\" \/>\n\t<meta property=\"og:image:width\" content=\"1000\" \/>\n\t<meta property=\"og:image:height\" content=\"1000\" \/>\n\t<meta property=\"og:image:type\" content=\"image\/jpeg\" \/>\n<meta name=\"twitter:card\" content=\"summary_large_image\" \/>\n<meta name=\"twitter:label1\" content=\"Tahmini okuma s\u00fcresi\" \/>\n\t<meta name=\"twitter:data1\" content=\"1 dakika\" \/>\n<script type=\"application\/ld+json\" class=\"yoast-schema-graph\">{\"@context\":\"https:\\\/\\\/schema.org\",\"@graph\":[{\"@type\":[\"WebPage\",\"ItemPage\"],\"@id\":\"https:\\\/\\\/www.purejewels.com\\\/product\\\/22ct-gold-trishul-pendant-with-rhodium\\\/\",\"url\":\"https:\\\/\\\/www.purejewels.com\\\/product\\\/22ct-gold-trishul-pendant-with-rhodium\\\/\",\"name\":\"22ct Gold Trishul OM Pendant with Rhodium 3.8g\",\"isPartOf\":{\"@id\":\"https:\\\/\\\/www.purejewels.com\\\/#website\"},\"primaryImageOfPage\":{\"@id\":\"https:\\\/\\\/www.purejewels.com\\\/product\\\/22ct-gold-trishul-pendant-with-rhodium\\\/#primaryimage\"},\"image\":{\"@id\":\"https:\\\/\\\/www.purejewels.com\\\/product\\\/22ct-gold-trishul-pendant-with-rhodium\\\/#primaryimage\"},\"thumbnailUrl\":\"https:\\\/\\\/static.purejewels.com\\\/wp-content\\\/uploads\\\/2025\\\/10\\\/SKU-52959.jpg\",\"datePublished\":\"2025-09-10T13:22:26+00:00\",\"dateModified\":\"2026-04-24T08:40:15+00:00\",\"description\":\"Buy 22ct Gold Trishul OM Pendant with Rhodium 3.8g in the UK. Crafted in pure gold and hallmarked in London, this pendant symbolises faith and strength.\",\"breadcrumb\":{\"@id\":\"https:\\\/\\\/www.purejewels.com\\\/product\\\/22ct-gold-trishul-pendant-with-rhodium\\\/#breadcrumb\"},\"inLanguage\":\"tr\",\"potentialAction\":[{\"@type\":\"ReadAction\",\"target\":[\"https:\\\/\\\/www.purejewels.com\\\/product\\\/22ct-gold-trishul-pendant-with-rhodium\\\/\"]}]},{\"@type\":\"ImageObject\",\"inLanguage\":\"tr\",\"@id\":\"https:\\\/\\\/www.purejewels.com\\\/product\\\/22ct-gold-trishul-pendant-with-rhodium\\\/#primaryimage\",\"url\":\"https:\\\/\\\/static.purejewels.com\\\/wp-content\\\/uploads\\\/2025\\\/10\\\/SKU-52959.jpg\",\"contentUrl\":\"https:\\\/\\\/static.purejewels.com\\\/wp-content\\\/uploads\\\/2025\\\/10\\\/SKU-52959.jpg\",\"width\":1000,\"height\":1000},{\"@type\":\"BreadcrumbList\",\"@id\":\"https:\\\/\\\/www.purejewels.com\\\/product\\\/22ct-gold-trishul-pendant-with-rhodium\\\/#breadcrumb\",\"itemListElement\":[{\"@type\":\"ListItem\",\"position\":1,\"name\":\"Home\",\"item\":\"https:\\\/\\\/www.purejewels.com\\\/\"},{\"@type\":\"ListItem\",\"position\":2,\"name\":\"Shop\",\"item\":\"https:\\\/\\\/www.purejewels.com\\\/shop\\\/\"},{\"@type\":\"ListItem\",\"position\":3,\"name\":\"22ct Gold Trishul Pendant with Rhodium\"}]},{\"@type\":\"WebSite\",\"@id\":\"https:\\\/\\\/www.purejewels.com\\\/#website\",\"url\":\"https:\\\/\\\/www.purejewels.com\\\/\",\"name\":\"PureJewels UK\",\"description\":\"Share the Love\",\"publisher\":{\"@id\":\"https:\\\/\\\/www.purejewels.com\\\/#organization\"},\"potentialAction\":[{\"@type\":\"SearchAction\",\"target\":{\"@type\":\"EntryPoint\",\"urlTemplate\":\"https:\\\/\\\/www.purejewels.com\\\/?s={search_term_string}\"},\"query-input\":{\"@type\":\"PropertyValueSpecification\",\"valueRequired\":true,\"valueName\":\"search_term_string\"}}],\"inLanguage\":\"tr\"},{\"@type\":\"Organization\",\"@id\":\"https:\\\/\\\/www.purejewels.com\\\/#organization\",\"name\":\"PureJewels UK\",\"url\":\"https:\\\/\\\/www.purejewels.com\\\/\",\"logo\":{\"@type\":\"ImageObject\",\"inLanguage\":\"tr\",\"@id\":\"https:\\\/\\\/www.purejewels.com\\\/#\\\/schema\\\/logo\\\/image\\\/\",\"url\":\"https:\\\/\\\/static.purejewels.com\\\/wp-content\\\/uploads\\\/2020\\\/11\\\/Logo-PJ-New-1.png\",\"contentUrl\":\"https:\\\/\\\/static.purejewels.com\\\/wp-content\\\/uploads\\\/2020\\\/11\\\/Logo-PJ-New-1.png\",\"width\":150,\"height\":80,\"caption\":\"PureJewels UK\"},\"image\":{\"@id\":\"https:\\\/\\\/www.purejewels.com\\\/#\\\/schema\\\/logo\\\/image\\\/\"}}]}<\/script>\n<!-- \/ Yoast SEO plugin. -->","yoast_head_json":{"title":"Rodyum 22 Ayar Alt\u0131n Trishul OM Kolye 3,8g","description":"Birle\u015fik Krall\u0131k'ta Rodyum 3,8 g ile 22 Ayar Alt\u0131n Trishul OM Kolye Sat\u0131n Al\u0131n. Saf alt\u0131ndan \u00fcretilen ve Londra'da damgalanan bu kolye ucu, inanc\u0131 ve g\u00fcc\u00fc sembolize eder.","robots":{"index":"index","follow":"follow","max-snippet":"max-snippet:-1","max-image-preview":"max-image-preview:large","max-video-preview":"max-video-preview:-1"},"canonical":"https:\/\/www.purejewels.com\/tr\/urun\/rodyum-ile-22-ayar-altin-trishul-kolye-ucu\/","og_locale":"tr_TR","og_type":"article","og_title":"22ct Gold Trishul OM Pendant with Rhodium 3.8g","og_description":"Buy 22ct Gold Trishul OM Pendant with Rhodium 3.8g in the UK. Crafted in pure gold and hallmarked in London, this pendant symbolises faith and strength.","og_url":"https:\/\/www.purejewels.com\/tr\/urun\/rodyum-ile-22-ayar-altin-trishul-kolye-ucu\/","og_site_name":"PureJewels UK","article_modified_time":"2026-04-24T08:40:15+00:00","og_image":[{"width":1000,"height":1000,"url":"https:\/\/static.purejewels.com\/wp-content\/uploads\/2025\/10\/SKU-52959.jpg","type":"image\/jpeg"}],"twitter_card":"summary_large_image","twitter_misc":{"Tahmini okuma s\u00fcresi":"1 dakika"},"schema":{"@context":"https:\/\/schema.org","@graph":[{"@type":["WebPage","ItemPage"],"@id":"https:\/\/www.purejewels.com\/product\/22ct-gold-trishul-pendant-with-rhodium\/","url":"https:\/\/www.purejewels.com\/product\/22ct-gold-trishul-pendant-with-rhodium\/","name":"Rodyum 22 Ayar Alt\u0131n Trishul OM Kolye 3,8g","isPartOf":{"@id":"https:\/\/www.purejewels.com\/#website"},"primaryImageOfPage":{"@id":"https:\/\/www.purejewels.com\/product\/22ct-gold-trishul-pendant-with-rhodium\/#primaryimage"},"image":{"@id":"https:\/\/www.purejewels.com\/product\/22ct-gold-trishul-pendant-with-rhodium\/#primaryimage"},"thumbnailUrl":"https:\/\/static.purejewels.com\/wp-content\/uploads\/2025\/10\/SKU-52959.jpg","datePublished":"2025-09-10T13:22:26+00:00","dateModified":"2026-04-24T08:40:15+00:00","description":"Birle\u015fik Krall\u0131k'ta Rodyum 3,8 g ile 22 Ayar Alt\u0131n Trishul OM Kolye Sat\u0131n Al\u0131n. Saf alt\u0131ndan \u00fcretilen ve Londra'da damgalanan bu kolye ucu, inanc\u0131 ve g\u00fcc\u00fc sembolize eder.","breadcrumb":{"@id":"https:\/\/www.purejewels.com\/product\/22ct-gold-trishul-pendant-with-rhodium\/#breadcrumb"},"inLanguage":"tr","potentialAction":[{"@type":"ReadAction","target":["https:\/\/www.purejewels.com\/product\/22ct-gold-trishul-pendant-with-rhodium\/"]}]},{"@type":"ImageObject","inLanguage":"tr","@id":"https:\/\/www.purejewels.com\/product\/22ct-gold-trishul-pendant-with-rhodium\/#primaryimage","url":"https:\/\/static.purejewels.com\/wp-content\/uploads\/2025\/10\/SKU-52959.jpg","contentUrl":"https:\/\/static.purejewels.com\/wp-content\/uploads\/2025\/10\/SKU-52959.jpg","width":1000,"height":1000},{"@type":"BreadcrumbList","@id":"https:\/\/www.purejewels.com\/product\/22ct-gold-trishul-pendant-with-rhodium\/#breadcrumb","itemListElement":[{"@type":"ListItem","position":1,"name":"Home","item":"https:\/\/www.purejewels.com\/"},{"@type":"ListItem","position":2,"name":"Shop","item":"https:\/\/www.purejewels.com\/shop\/"},{"@type":"ListItem","position":3,"name":"22ct Gold Trishul Pendant with Rhodium"}]},{"@type":"WebSite","@id":"https:\/\/www.purejewels.com\/#website","url":"https:\/\/www.purejewels.com\/","name":"PureJewels \u0130ngiltere","description":"Sevgiyi Payla\u015f\u0131n","publisher":{"@id":"https:\/\/www.purejewels.com\/#organization"},"potentialAction":[{"@type":"SearchAction","target":{"@type":"EntryPoint","urlTemplate":"https:\/\/www.purejewels.com\/?s={search_term_string}"},"query-input":{"@type":"PropertyValueSpecification","valueRequired":true,"valueName":"search_term_string"}}],"inLanguage":"tr"},{"@type":"Organization","@id":"https:\/\/www.purejewels.com\/#organization","name":"PureJewels \u0130ngiltere","url":"https:\/\/www.purejewels.com\/","logo":{"@type":"ImageObject","inLanguage":"tr","@id":"https:\/\/www.purejewels.com\/#\/schema\/logo\/image\/","url":"https:\/\/static.purejewels.com\/wp-content\/uploads\/2020\/11\/Logo-PJ-New-1.png","contentUrl":"https:\/\/static.purejewels.com\/wp-content\/uploads\/2020\/11\/Logo-PJ-New-1.png","width":150,"height":80,"caption":"PureJewels UK"},"image":{"@id":"https:\/\/www.purejewels.com\/#\/schema\/logo\/image\/"}}]}},"_links":{"self":[{"href":"https:\/\/www.purejewels.com\/tr\/wp-json\/wp\/v2\/product\/418587","targetHints":{"allow":["GET"]}}],"collection":[{"href":"https:\/\/www.purejewels.com\/tr\/wp-json\/wp\/v2\/product"}],"about":[{"href":"https:\/\/www.purejewels.com\/tr\/wp-json\/wp\/v2\/types\/product"}],"replies":[{"embeddable":true,"href":"https:\/\/www.purejewels.com\/tr\/wp-json\/wp\/v2\/comments?post=418587"}],"version-history":[{"count":4,"href":"https:\/\/www.purejewels.com\/tr\/wp-json\/wp\/v2\/product\/418587\/revisions"}],"predecessor-version":[{"id":428963,"href":"https:\/\/www.purejewels.com\/tr\/wp-json\/wp\/v2\/product\/418587\/revisions\/428963"}],"wp:featuredmedia":[{"embeddable":true,"href":"https:\/\/www.purejewels.com\/tr\/wp-json\/wp\/v2\/media\/418725"}],"wp:attachment":[{"href":"https:\/\/www.purejewels.com\/tr\/wp-json\/wp\/v2\/media?parent=418587"}],"wp:term":[{"taxonomy":"product_brand","embeddable":true,"href":"https:\/\/www.purejewels.com\/tr\/wp-json\/wp\/v2\/product_brand?post=418587"},{"taxonomy":"product_cat","embeddable":true,"href":"https:\/\/www.purejewels.com\/tr\/wp-json\/wp\/v2\/product_cat?post=418587"},{"taxonomy":"product_tag","embeddable":true,"href":"https:\/\/www.purejewels.com\/tr\/wp-json\/wp\/v2\/product_tag?post=418587"}],"curies":[{"name":"wp","href":"https:\/\/api.w.org\/{rel}","templated":true}]}}