{"id":418596,"date":"2025-09-10T14:34:44","date_gmt":"2025-09-10T13:34:44","guid":{"rendered":"https:\/\/www.purejewels.com\/?post_type=product&#038;p=418596"},"modified":"2026-04-27T05:36:41","modified_gmt":"2026-04-27T04:36:41","slug":"22-ayar-gundogumu-altin-tek-rozet-bileklik-6-5-inc-5mm-52512","status":"publish","type":"product","link":"https:\/\/www.purejewels.com\/tr\/product\/22ct-sunrise-gold-single-rosette-bracelet-6-5-inches-5mm-52512\/","title":{"rendered":"22 Ayar Sunrise Alt\u0131n Tek Rozet Bileklik | 6,5 in\u00e7 | 5mm"},"content":{"rendered":"<h3>Tasar\u0131m Konsepti<\/h3>\n<p>Ya\u015fam\u0131 ve ba\u015far\u0131y\u0131 onurland\u0131ran Rosette koleksiyonunun bir par\u00e7as\u0131<br \/>\nNe\u015fe ve kutlamay\u0131 simgeleyen merkezi rozet motifi<br \/>\nZahmetsiz g\u00fcnl\u00fck kullan\u0131m i\u00e7in minimal tasar\u0131m<\/p>\n<h3>Zanaatkarl\u0131k<\/h3>\n<p>Zengin bir parlakl\u0131\u011fa sahip 22 ayar Sunrise Alt\u0131ndan \u00fcretilmi\u015ftir<br \/>\nP\u00fcr\u00fczs\u00fcz konfor i\u00e7in elle tamamlanan canl\u0131 ta\u00e7 yapra\u011f\u0131 detaylar\u0131<br \/>\nMetal inceli\u011fi ve kalite g\u00fcvencesi i\u00e7in Birle\u015fik Krall\u0131k damgas\u0131 uygulanm\u0131\u015ft\u0131r<\/p>\n<h3>Stil \u0130pu\u00e7lar\u0131<\/h3>\n<ul>\n<li>\u0130\u015f ve hafta sonu g\u00f6r\u00fcn\u00fcmlerinde hafif bir \u0131\u015f\u0131lt\u0131 i\u00e7in tek ba\u015f\u0131na kullan\u0131n<\/li>\n<li>Stil hikayenizi olu\u015fturmak i\u00e7in ince bilezikler ve zincir bileziklerle istifleyin<\/li>\n<li>Uyumlu bir set i\u00e7in Rozet k\u00fcpeler veya sade bir Sunrise Gold kolye ucu ile e\u015fle\u015ftirin<\/li>\n<\/ul>","protected":false},"excerpt":{"rendered":"<p>PureJewels Sunrise Alt\u0131n renginde, ortas\u0131nda yontulmu\u015f bir rozet bulunan zarif bir bileklik. G\u00fcvenli \u0131stakoz toka ile ayarlanabilir. G\u00fcvence i\u00e7in \u0130ngiltere'de damgalanm\u0131\u015ft\u0131r.<\/p>\n<p><strong>Malzeme:<\/strong>\u00a022 Ayar G\u00fcndo\u011fumu Alt\u0131n<br \/>\n<strong>Hallmark:<\/strong>\u00a0\u0130ngiliz Damgas\u0131<br \/>\n<strong>SKU:<\/strong> 52512<br \/>\n<strong>A\u011f\u0131rl\u0131k:<\/strong> 2.6 Gms<br \/>\n<strong>\u00c7i\u00e7ek geni\u015fli\u011fi:<\/strong> 5 mm<br \/>\n<strong>Uzunluk: <\/strong>6,5 \u0130n\u00e7<\/p>\n<p><strong>Fiyat ve Teslimat:<\/strong>\u00a0KDV ve teslimat \u00fccretleri dahil<br \/>\n<a href=\"https:\/\/www.purejewels.com\/tr\/i%cc%87ade-poli%cc%87ti%cc%87kasi\/\"><strong>\u0130ade Politikas\u0131<\/strong><\/a><\/p>","protected":false},"featured_media":364387,"comment_status":"closed","ping_status":"closed","template":"","meta":{"_eb_attr":"","_crsspst_to_jayantr4sg-hostcom":false},"product_brand":[],"product_cat":[1791,1559,6057,1793,5701,6059,1790,1324,1627,1229,5344,1570,5338,5586,1656,6081,1569,1573,1574],"product_tag":[5634,5910],"class_list":{"0":"post-418596","1":"product","2":"type-product","3":"status-publish","4":"has-post-thumbnail","6":"product_cat-anniversary-gifts","7":"product_cat-birthday-gifts","8":"product_cat-chain-bracelet","9":"product_cat-diwali-gifts","10":"product_cat-eid-jewellery","11":"product_cat-fancy-bracelet","12":"product_cat-for-whom-when","13":"product_cat-gold-bracelet","14":"product_cat-ladies-bracelet","15":"product_cat-22ct-gold-jewellery","16":"product_cat-jewellery-under-750","17":"product_cat-mothers-day-gifts","18":"product_cat-shop-by-price","19":"product_cat-rosette-bracelet","20":"product_cat-rosettes-collections","21":"product_cat-sunrise-gold","22":"product_cat-valentine-day-gifts","23":"product_cat-wedding-gifts","24":"product_cat-womens-jewellery","25":"product_tag-22ct-gold-bracelet-for-ladies","26":"product_tag-real-gold-bracelet","28":"first","29":"outofstock","30":"sale","31":"taxable","32":"shipping-taxable","33":"product-type-simple","34":"add-to-wishlist-before_image"},"yoast_head":"<!-- This site is optimized with the Yoast SEO plugin v27.5 - https:\/\/yoast.com\/product\/yoast-seo-wordpress\/ -->\n<title>22ct Sunrise Gold Single Rosette Bracelet | PureJewels<\/title>\n<meta name=\"description\" content=\"Shop the Rosette Flower Bracelet in 22ct Sunrise Gold from PureJewels London. Delicate floral charm on a fine chain. Hallmarked in the UK.\" \/>\n<meta name=\"robots\" content=\"index, follow, max-snippet:-1, max-image-preview:large, max-video-preview:-1\" \/>\n<link rel=\"canonical\" href=\"https:\/\/www.purejewels.com\/tr\/urun\/22-ayar-gundogumu-altin-tek-rozet-bileklik-6-5-inc-5mm-52512\/\" \/>\n<meta property=\"og:locale\" content=\"tr_TR\" \/>\n<meta property=\"og:type\" content=\"article\" \/>\n<meta property=\"og:title\" content=\"22ct Sunrise Gold Single Rosette Bracelet | PureJewels\" \/>\n<meta property=\"og:description\" content=\"Shop the Rosette Flower Bracelet in 22ct Sunrise Gold from PureJewels London. Delicate floral charm on a fine chain. Hallmarked in the UK.\" \/>\n<meta property=\"og:url\" content=\"https:\/\/www.purejewels.com\/tr\/urun\/22-ayar-gundogumu-altin-tek-rozet-bileklik-6-5-inc-5mm-52512\/\" \/>\n<meta property=\"og:site_name\" content=\"PureJewels UK\" \/>\n<meta property=\"article:modified_time\" content=\"2026-04-27T04:36:41+00:00\" \/>\n<meta property=\"og:image\" content=\"https:\/\/static.purejewels.com\/wp-content\/uploads\/2024\/03\/47939.png\" \/>\n\t<meta property=\"og:image:width\" content=\"1000\" \/>\n\t<meta property=\"og:image:height\" content=\"1000\" \/>\n\t<meta property=\"og:image:type\" content=\"image\/png\" \/>\n<meta name=\"twitter:card\" content=\"summary_large_image\" \/>\n<meta name=\"twitter:label1\" content=\"Tahmini okuma s\u00fcresi\" \/>\n\t<meta name=\"twitter:data1\" content=\"1 dakika\" \/>\n<script type=\"application\/ld+json\" class=\"yoast-schema-graph\">{\"@context\":\"https:\\\/\\\/schema.org\",\"@graph\":[{\"@type\":[\"WebPage\",\"ItemPage\"],\"@id\":\"https:\\\/\\\/www.purejewels.com\\\/product\\\/22ct-sunrise-gold-single-rosette-bracelet-6-5-inches-5mm-52512\\\/\",\"url\":\"https:\\\/\\\/www.purejewels.com\\\/product\\\/22ct-sunrise-gold-single-rosette-bracelet-6-5-inches-5mm-52512\\\/\",\"name\":\"22ct Sunrise Gold Single Rosette Bracelet | PureJewels\",\"isPartOf\":{\"@id\":\"https:\\\/\\\/www.purejewels.com\\\/#website\"},\"primaryImageOfPage\":{\"@id\":\"https:\\\/\\\/www.purejewels.com\\\/product\\\/22ct-sunrise-gold-single-rosette-bracelet-6-5-inches-5mm-52512\\\/#primaryimage\"},\"image\":{\"@id\":\"https:\\\/\\\/www.purejewels.com\\\/product\\\/22ct-sunrise-gold-single-rosette-bracelet-6-5-inches-5mm-52512\\\/#primaryimage\"},\"thumbnailUrl\":\"https:\\\/\\\/static.purejewels.com\\\/wp-content\\\/uploads\\\/2024\\\/03\\\/47939.png\",\"datePublished\":\"2025-09-10T13:34:44+00:00\",\"dateModified\":\"2026-04-27T04:36:41+00:00\",\"description\":\"Shop the Rosette Flower Bracelet in 22ct Sunrise Gold from PureJewels London. Delicate floral charm on a fine chain. Hallmarked in the UK.\",\"breadcrumb\":{\"@id\":\"https:\\\/\\\/www.purejewels.com\\\/product\\\/22ct-sunrise-gold-single-rosette-bracelet-6-5-inches-5mm-52512\\\/#breadcrumb\"},\"inLanguage\":\"tr\",\"potentialAction\":[{\"@type\":\"ReadAction\",\"target\":[\"https:\\\/\\\/www.purejewels.com\\\/product\\\/22ct-sunrise-gold-single-rosette-bracelet-6-5-inches-5mm-52512\\\/\"]}]},{\"@type\":\"ImageObject\",\"inLanguage\":\"tr\",\"@id\":\"https:\\\/\\\/www.purejewels.com\\\/product\\\/22ct-sunrise-gold-single-rosette-bracelet-6-5-inches-5mm-52512\\\/#primaryimage\",\"url\":\"https:\\\/\\\/static.purejewels.com\\\/wp-content\\\/uploads\\\/2024\\\/03\\\/47939.png\",\"contentUrl\":\"https:\\\/\\\/static.purejewels.com\\\/wp-content\\\/uploads\\\/2024\\\/03\\\/47939.png\",\"width\":1000,\"height\":1000,\"caption\":\"22ct Gold bracelet\"},{\"@type\":\"BreadcrumbList\",\"@id\":\"https:\\\/\\\/www.purejewels.com\\\/product\\\/22ct-sunrise-gold-single-rosette-bracelet-6-5-inches-5mm-52512\\\/#breadcrumb\",\"itemListElement\":[{\"@type\":\"ListItem\",\"position\":1,\"name\":\"Home\",\"item\":\"https:\\\/\\\/www.purejewels.com\\\/\"},{\"@type\":\"ListItem\",\"position\":2,\"name\":\"Shop\",\"item\":\"https:\\\/\\\/www.purejewels.com\\\/shop\\\/\"},{\"@type\":\"ListItem\",\"position\":3,\"name\":\"22ct Sunrise Gold Single Rosette Bracelet | 6.5 inches | 5mm\"}]},{\"@type\":\"WebSite\",\"@id\":\"https:\\\/\\\/www.purejewels.com\\\/#website\",\"url\":\"https:\\\/\\\/www.purejewels.com\\\/\",\"name\":\"PureJewels UK\",\"description\":\"Share the Love\",\"publisher\":{\"@id\":\"https:\\\/\\\/www.purejewels.com\\\/#organization\"},\"potentialAction\":[{\"@type\":\"SearchAction\",\"target\":{\"@type\":\"EntryPoint\",\"urlTemplate\":\"https:\\\/\\\/www.purejewels.com\\\/?s={search_term_string}\"},\"query-input\":{\"@type\":\"PropertyValueSpecification\",\"valueRequired\":true,\"valueName\":\"search_term_string\"}}],\"inLanguage\":\"tr\"},{\"@type\":\"Organization\",\"@id\":\"https:\\\/\\\/www.purejewels.com\\\/#organization\",\"name\":\"PureJewels UK\",\"url\":\"https:\\\/\\\/www.purejewels.com\\\/\",\"logo\":{\"@type\":\"ImageObject\",\"inLanguage\":\"tr\",\"@id\":\"https:\\\/\\\/www.purejewels.com\\\/#\\\/schema\\\/logo\\\/image\\\/\",\"url\":\"https:\\\/\\\/static.purejewels.com\\\/wp-content\\\/uploads\\\/2020\\\/11\\\/Logo-PJ-New-1.png\",\"contentUrl\":\"https:\\\/\\\/static.purejewels.com\\\/wp-content\\\/uploads\\\/2020\\\/11\\\/Logo-PJ-New-1.png\",\"width\":150,\"height\":80,\"caption\":\"PureJewels UK\"},\"image\":{\"@id\":\"https:\\\/\\\/www.purejewels.com\\\/#\\\/schema\\\/logo\\\/image\\\/\"}}]}<\/script>\n<!-- \/ Yoast SEO plugin. -->","yoast_head_json":{"title":"22 Ayar Sunrise Alt\u0131n Tek Rozet Bileklik | PureJewels","description":"PureJewels London'dan 22 ayar Sunrise Alt\u0131n Rozet \u00c7i\u00e7ek Bileklik sat\u0131n al\u0131n. \u0130nce bir zincir \u00fczerinde narin \u00e7i\u00e7ek t\u0131ls\u0131m\u0131. \u0130ngiltere'de damgalanm\u0131\u015ft\u0131r.","robots":{"index":"index","follow":"follow","max-snippet":"max-snippet:-1","max-image-preview":"max-image-preview:large","max-video-preview":"max-video-preview:-1"},"canonical":"https:\/\/www.purejewels.com\/tr\/urun\/22-ayar-gundogumu-altin-tek-rozet-bileklik-6-5-inc-5mm-52512\/","og_locale":"tr_TR","og_type":"article","og_title":"22ct Sunrise Gold Single Rosette Bracelet | PureJewels","og_description":"Shop the Rosette Flower Bracelet in 22ct Sunrise Gold from PureJewels London. Delicate floral charm on a fine chain. Hallmarked in the UK.","og_url":"https:\/\/www.purejewels.com\/tr\/urun\/22-ayar-gundogumu-altin-tek-rozet-bileklik-6-5-inc-5mm-52512\/","og_site_name":"PureJewels UK","article_modified_time":"2026-04-27T04:36:41+00:00","og_image":[{"width":1000,"height":1000,"url":"https:\/\/static.purejewels.com\/wp-content\/uploads\/2024\/03\/47939.png","type":"image\/png"}],"twitter_card":"summary_large_image","twitter_misc":{"Tahmini okuma s\u00fcresi":"1 dakika"},"schema":{"@context":"https:\/\/schema.org","@graph":[{"@type":["WebPage","ItemPage"],"@id":"https:\/\/www.purejewels.com\/product\/22ct-sunrise-gold-single-rosette-bracelet-6-5-inches-5mm-52512\/","url":"https:\/\/www.purejewels.com\/product\/22ct-sunrise-gold-single-rosette-bracelet-6-5-inches-5mm-52512\/","name":"22 Ayar Sunrise Alt\u0131n Tek Rozet Bileklik | PureJewels","isPartOf":{"@id":"https:\/\/www.purejewels.com\/#website"},"primaryImageOfPage":{"@id":"https:\/\/www.purejewels.com\/product\/22ct-sunrise-gold-single-rosette-bracelet-6-5-inches-5mm-52512\/#primaryimage"},"image":{"@id":"https:\/\/www.purejewels.com\/product\/22ct-sunrise-gold-single-rosette-bracelet-6-5-inches-5mm-52512\/#primaryimage"},"thumbnailUrl":"https:\/\/static.purejewels.com\/wp-content\/uploads\/2024\/03\/47939.png","datePublished":"2025-09-10T13:34:44+00:00","dateModified":"2026-04-27T04:36:41+00:00","description":"PureJewels London'dan 22 ayar Sunrise Alt\u0131n Rozet \u00c7i\u00e7ek Bileklik sat\u0131n al\u0131n. \u0130nce bir zincir \u00fczerinde narin \u00e7i\u00e7ek t\u0131ls\u0131m\u0131. \u0130ngiltere'de damgalanm\u0131\u015ft\u0131r.","breadcrumb":{"@id":"https:\/\/www.purejewels.com\/product\/22ct-sunrise-gold-single-rosette-bracelet-6-5-inches-5mm-52512\/#breadcrumb"},"inLanguage":"tr","potentialAction":[{"@type":"ReadAction","target":["https:\/\/www.purejewels.com\/product\/22ct-sunrise-gold-single-rosette-bracelet-6-5-inches-5mm-52512\/"]}]},{"@type":"ImageObject","inLanguage":"tr","@id":"https:\/\/www.purejewels.com\/product\/22ct-sunrise-gold-single-rosette-bracelet-6-5-inches-5mm-52512\/#primaryimage","url":"https:\/\/static.purejewels.com\/wp-content\/uploads\/2024\/03\/47939.png","contentUrl":"https:\/\/static.purejewels.com\/wp-content\/uploads\/2024\/03\/47939.png","width":1000,"height":1000,"caption":"22ct Gold bracelet"},{"@type":"BreadcrumbList","@id":"https:\/\/www.purejewels.com\/product\/22ct-sunrise-gold-single-rosette-bracelet-6-5-inches-5mm-52512\/#breadcrumb","itemListElement":[{"@type":"ListItem","position":1,"name":"Home","item":"https:\/\/www.purejewels.com\/"},{"@type":"ListItem","position":2,"name":"Shop","item":"https:\/\/www.purejewels.com\/shop\/"},{"@type":"ListItem","position":3,"name":"22ct Sunrise Gold Single Rosette Bracelet | 6.5 inches | 5mm"}]},{"@type":"WebSite","@id":"https:\/\/www.purejewels.com\/#website","url":"https:\/\/www.purejewels.com\/","name":"PureJewels \u0130ngiltere","description":"Sevgiyi Payla\u015f\u0131n","publisher":{"@id":"https:\/\/www.purejewels.com\/#organization"},"potentialAction":[{"@type":"SearchAction","target":{"@type":"EntryPoint","urlTemplate":"https:\/\/www.purejewels.com\/?s={search_term_string}"},"query-input":{"@type":"PropertyValueSpecification","valueRequired":true,"valueName":"search_term_string"}}],"inLanguage":"tr"},{"@type":"Organization","@id":"https:\/\/www.purejewels.com\/#organization","name":"PureJewels \u0130ngiltere","url":"https:\/\/www.purejewels.com\/","logo":{"@type":"ImageObject","inLanguage":"tr","@id":"https:\/\/www.purejewels.com\/#\/schema\/logo\/image\/","url":"https:\/\/static.purejewels.com\/wp-content\/uploads\/2020\/11\/Logo-PJ-New-1.png","contentUrl":"https:\/\/static.purejewels.com\/wp-content\/uploads\/2020\/11\/Logo-PJ-New-1.png","width":150,"height":80,"caption":"PureJewels UK"},"image":{"@id":"https:\/\/www.purejewels.com\/#\/schema\/logo\/image\/"}}]}},"_links":{"self":[{"href":"https:\/\/www.purejewels.com\/tr\/wp-json\/wp\/v2\/product\/418596","targetHints":{"allow":["GET"]}}],"collection":[{"href":"https:\/\/www.purejewels.com\/tr\/wp-json\/wp\/v2\/product"}],"about":[{"href":"https:\/\/www.purejewels.com\/tr\/wp-json\/wp\/v2\/types\/product"}],"replies":[{"embeddable":true,"href":"https:\/\/www.purejewels.com\/tr\/wp-json\/wp\/v2\/comments?post=418596"}],"version-history":[{"count":4,"href":"https:\/\/www.purejewels.com\/tr\/wp-json\/wp\/v2\/product\/418596\/revisions"}],"predecessor-version":[{"id":428999,"href":"https:\/\/www.purejewels.com\/tr\/wp-json\/wp\/v2\/product\/418596\/revisions\/428999"}],"wp:featuredmedia":[{"embeddable":true,"href":"https:\/\/www.purejewels.com\/tr\/wp-json\/wp\/v2\/media\/364387"}],"wp:attachment":[{"href":"https:\/\/www.purejewels.com\/tr\/wp-json\/wp\/v2\/media?parent=418596"}],"wp:term":[{"taxonomy":"product_brand","embeddable":true,"href":"https:\/\/www.purejewels.com\/tr\/wp-json\/wp\/v2\/product_brand?post=418596"},{"taxonomy":"product_cat","embeddable":true,"href":"https:\/\/www.purejewels.com\/tr\/wp-json\/wp\/v2\/product_cat?post=418596"},{"taxonomy":"product_tag","embeddable":true,"href":"https:\/\/www.purejewels.com\/tr\/wp-json\/wp\/v2\/product_tag?post=418596"}],"curies":[{"name":"wp","href":"https:\/\/api.w.org\/{rel}","templated":true}]}}