{"id":418599,"date":"2025-08-10T14:39:40","date_gmt":"2025-08-10T13:39:40","guid":{"rendered":"https:\/\/www.purejewels.com\/?post_type=product&#038;p=418599"},"modified":"2026-04-24T11:00:29","modified_gmt":"2026-04-24T10:00:29","slug":"rodyum-ile-22-ayar-altin-damru-rudraksha-kolye-ucu","status":"publish","type":"product","link":"https:\/\/www.purejewels.com\/tr\/product\/22ct-gold-damru-rudraksha-pendant-with-rhodium\/","title":{"rendered":"Rudraksha ile 22 Ayar Alt\u0131n Damru Kolye"},"content":{"rendered":"<p data-start=\"0\" data-end=\"255\"><strong>Tasar\u0131m<\/strong><br data-start=\"6\" data-end=\"9\" \/>Ritmi ve yarat\u0131m\u0131 simgeleyen \u00e7apraz \u00e7izgili bir dokuya ve ortas\u0131ndan ge\u00e7en rodyum vurguya sahip, 22 ayar alt\u0131ndan el yap\u0131m\u0131, ince detayl\u0131 bir damru kolye ucu. Alt\u0131nda as\u0131l\u0131 duran do\u011fal rudraksha boncu\u011fu s\u0131cakl\u0131k ve ruhani rezonans katar.<\/p>\n<p data-start=\"257\" data-end=\"470\"><strong>Zanaatkarl\u0131k<\/strong><br data-start=\"270\" data-end=\"273\" \/>Londra'da \u00fcretilen ve Birle\u015fik Krall\u0131k Tahlil Ofisi taraf\u0131ndan damgalanan bu par\u00e7a, do\u011fal formunu korumak i\u00e7in hassas dokulama, cilalama ve otantik rudraksha boncu\u011funun dikkatli bir \u015fekilde ayarlanmas\u0131 kullan\u0131larak \u00fcretilmi\u015ftir.<\/p>\n<p data-start=\"472\" data-end=\"726\" data-is-last-node=\"\" data-is-only-node=\"\"><strong>\u015eekillendirme &amp; Hediyele\u015fme<\/strong><br data-start=\"489\" data-end=\"492\" \/>Maha Shivratri, Raksha Bandhan, Diwali veya do\u011fum g\u00fcnleri gibi u\u011furlu g\u00fcnler i\u00e7in ideal bir ruhani hediye. Tilki kuyru\u011fu veya kutu zincir ile g\u00fczel bir \u015fekilde e\u015fle\u015ferek hem g\u00fcnl\u00fck bir t\u0131ls\u0131m hem de ba\u011fl\u0131l\u0131k ve koruma sembol\u00fc olarak hizmet eder.<\/p>\n<p>&nbsp;<\/p>\n<p><b>Aral\u0131k Kimli\u011fi <\/b>JWPNPRCB056OTCS<br \/>\n<b>SKU:<\/b> 51104, 53056<\/p>","protected":false},"excerpt":{"rendered":"<p>Rodyum 22 Ayar Alt\u0131n Damru Rudraksha Kolye, g\u00fcc\u00fc ve maneviyat\u0131 simgeleyen el yap\u0131m\u0131 bir par\u00e7ad\u0131r. Saf alt\u0131ndan yap\u0131lm\u0131\u015ft\u0131r ve Londra'da damgalanm\u0131\u015ft\u0131r.<\/p>\n<p><strong>Malzeme:<\/strong> 22 Ayar Alt\u0131n (91,6% Saf Alt\u0131n)<strong><br \/>\nHallmark:\u00a0<\/strong>\u0130ngiliz Damgas\u0131<strong><br \/>\n<\/strong><strong>Br\u00fct A\u011f\u0131rl\u0131k: <\/strong>2.9 Gms<strong><br \/>\nSKU: <\/strong>51104, 53056<\/p>\n<p><strong>Fiyat ve Teslimat: <\/strong>Zincir fiyat\u0131 dahil de\u011fildir, KDV ve teslimat \u00fccretleri dahildir<strong><br \/>\n<a href=\"https:\/\/www.purejewels.com\/tr\/i%cc%87ade-poli%cc%87ti%cc%87kasi\/\">\u0130ade Politikas\u0131<\/a><\/strong><\/p>","protected":false},"featured_media":418721,"comment_status":"closed","ping_status":"closed","template":"","meta":{"_eb_attr":"","_crsspst_to_jayantr4sg-hostcom":true},"product_brand":[],"product_cat":[1571,1229,1255,5344,1767,1572,1768,5338,1701,5349],"product_tag":[6169,6171],"class_list":{"0":"post-418599","1":"product","2":"type-product","3":"status-publish","4":"has-post-thumbnail","6":"product_cat-fathers-day-gifts","7":"product_cat-22ct-gold-jewellery","8":"product_cat-gold-pendants","9":"product_cat-jewellery-under-750","10":"product_cat-ladies-pendants","11":"product_cat-mens-jewellery","12":"product_cat-mens-pendants","13":"product_cat-shop-by-price","14":"product_cat-religious-pendants","15":"product_cat-yellow-gold-jewellery","16":"product_tag-22ct-gold-rudraksha-pendant","17":"product_tag-22ct-religious-pendant","19":"first","20":"instock","21":"taxable","22":"shipping-taxable","23":"purchasable","24":"product-type-simple","25":"add-to-wishlist-before_image"},"yoast_head":"<!-- This site is optimized with the Yoast SEO plugin v27.5 - https:\/\/yoast.com\/product\/yoast-seo-wordpress\/ -->\n<title>22ct Gold Damru Rudraksha Pendant with Rhodium UK<\/title>\n<meta name=\"description\" content=\"Buy 22ct Gold Damru Rudraksha Pendant with Rhodium in the UK. Pure gold and hallmarked in London, it reflects faith, purity and divine strength.\" \/>\n<meta name=\"robots\" content=\"index, follow, max-snippet:-1, max-image-preview:large, max-video-preview:-1\" \/>\n<link rel=\"canonical\" href=\"https:\/\/www.purejewels.com\/tr\/urun\/rodyum-ile-22-ayar-altin-damru-rudraksha-kolye-ucu\/\" \/>\n<meta property=\"og:locale\" content=\"tr_TR\" \/>\n<meta property=\"og:type\" content=\"article\" \/>\n<meta property=\"og:title\" content=\"22ct Gold Damru Rudraksha Pendant with Rhodium UK\" \/>\n<meta property=\"og:description\" content=\"Buy 22ct Gold Damru Rudraksha Pendant with Rhodium in the UK. Pure gold and hallmarked in London, it reflects faith, purity and divine strength.\" \/>\n<meta property=\"og:url\" content=\"https:\/\/www.purejewels.com\/tr\/urun\/rodyum-ile-22-ayar-altin-damru-rudraksha-kolye-ucu\/\" \/>\n<meta property=\"og:site_name\" content=\"PureJewels UK\" \/>\n<meta property=\"article:modified_time\" content=\"2026-04-24T10:00:29+00:00\" \/>\n<meta property=\"og:image\" content=\"https:\/\/static.purejewels.com\/wp-content\/uploads\/2025\/10\/SKU-51104.jpg\" \/>\n\t<meta property=\"og:image:width\" content=\"1000\" \/>\n\t<meta property=\"og:image:height\" content=\"1000\" \/>\n\t<meta property=\"og:image:type\" content=\"image\/jpeg\" \/>\n<meta name=\"twitter:card\" content=\"summary_large_image\" \/>\n<meta name=\"twitter:label1\" content=\"Tahmini okuma s\u00fcresi\" \/>\n\t<meta name=\"twitter:data1\" content=\"1 dakika\" \/>\n<script type=\"application\/ld+json\" class=\"yoast-schema-graph\">{\"@context\":\"https:\\\/\\\/schema.org\",\"@graph\":[{\"@type\":[\"WebPage\",\"ItemPage\"],\"@id\":\"https:\\\/\\\/www.purejewels.com\\\/product\\\/22ct-gold-damru-rudraksha-pendant-with-rhodium\\\/\",\"url\":\"https:\\\/\\\/www.purejewels.com\\\/product\\\/22ct-gold-damru-rudraksha-pendant-with-rhodium\\\/\",\"name\":\"22ct Gold Damru Rudraksha Pendant with Rhodium UK\",\"isPartOf\":{\"@id\":\"https:\\\/\\\/www.purejewels.com\\\/#website\"},\"primaryImageOfPage\":{\"@id\":\"https:\\\/\\\/www.purejewels.com\\\/product\\\/22ct-gold-damru-rudraksha-pendant-with-rhodium\\\/#primaryimage\"},\"image\":{\"@id\":\"https:\\\/\\\/www.purejewels.com\\\/product\\\/22ct-gold-damru-rudraksha-pendant-with-rhodium\\\/#primaryimage\"},\"thumbnailUrl\":\"https:\\\/\\\/static.purejewels.com\\\/wp-content\\\/uploads\\\/2025\\\/10\\\/SKU-51104.jpg\",\"datePublished\":\"2025-08-10T13:39:40+00:00\",\"dateModified\":\"2026-04-24T10:00:29+00:00\",\"description\":\"Buy 22ct Gold Damru Rudraksha Pendant with Rhodium in the UK. Pure gold and hallmarked in London, it reflects faith, purity and divine strength.\",\"breadcrumb\":{\"@id\":\"https:\\\/\\\/www.purejewels.com\\\/product\\\/22ct-gold-damru-rudraksha-pendant-with-rhodium\\\/#breadcrumb\"},\"inLanguage\":\"tr\",\"potentialAction\":[{\"@type\":\"ReadAction\",\"target\":[\"https:\\\/\\\/www.purejewels.com\\\/product\\\/22ct-gold-damru-rudraksha-pendant-with-rhodium\\\/\"]}]},{\"@type\":\"ImageObject\",\"inLanguage\":\"tr\",\"@id\":\"https:\\\/\\\/www.purejewels.com\\\/product\\\/22ct-gold-damru-rudraksha-pendant-with-rhodium\\\/#primaryimage\",\"url\":\"https:\\\/\\\/static.purejewels.com\\\/wp-content\\\/uploads\\\/2025\\\/10\\\/SKU-51104.jpg\",\"contentUrl\":\"https:\\\/\\\/static.purejewels.com\\\/wp-content\\\/uploads\\\/2025\\\/10\\\/SKU-51104.jpg\",\"width\":1000,\"height\":1000},{\"@type\":\"BreadcrumbList\",\"@id\":\"https:\\\/\\\/www.purejewels.com\\\/product\\\/22ct-gold-damru-rudraksha-pendant-with-rhodium\\\/#breadcrumb\",\"itemListElement\":[{\"@type\":\"ListItem\",\"position\":1,\"name\":\"Home\",\"item\":\"https:\\\/\\\/www.purejewels.com\\\/\"},{\"@type\":\"ListItem\",\"position\":2,\"name\":\"Shop\",\"item\":\"https:\\\/\\\/www.purejewels.com\\\/shop\\\/\"},{\"@type\":\"ListItem\",\"position\":3,\"name\":\"22ct Gold Damru Pendant with Rudraksha\"}]},{\"@type\":\"WebSite\",\"@id\":\"https:\\\/\\\/www.purejewels.com\\\/#website\",\"url\":\"https:\\\/\\\/www.purejewels.com\\\/\",\"name\":\"PureJewels UK\",\"description\":\"Share the Love\",\"publisher\":{\"@id\":\"https:\\\/\\\/www.purejewels.com\\\/#organization\"},\"potentialAction\":[{\"@type\":\"SearchAction\",\"target\":{\"@type\":\"EntryPoint\",\"urlTemplate\":\"https:\\\/\\\/www.purejewels.com\\\/?s={search_term_string}\"},\"query-input\":{\"@type\":\"PropertyValueSpecification\",\"valueRequired\":true,\"valueName\":\"search_term_string\"}}],\"inLanguage\":\"tr\"},{\"@type\":\"Organization\",\"@id\":\"https:\\\/\\\/www.purejewels.com\\\/#organization\",\"name\":\"PureJewels UK\",\"url\":\"https:\\\/\\\/www.purejewels.com\\\/\",\"logo\":{\"@type\":\"ImageObject\",\"inLanguage\":\"tr\",\"@id\":\"https:\\\/\\\/www.purejewels.com\\\/#\\\/schema\\\/logo\\\/image\\\/\",\"url\":\"https:\\\/\\\/static.purejewels.com\\\/wp-content\\\/uploads\\\/2020\\\/11\\\/Logo-PJ-New-1.png\",\"contentUrl\":\"https:\\\/\\\/static.purejewels.com\\\/wp-content\\\/uploads\\\/2020\\\/11\\\/Logo-PJ-New-1.png\",\"width\":150,\"height\":80,\"caption\":\"PureJewels UK\"},\"image\":{\"@id\":\"https:\\\/\\\/www.purejewels.com\\\/#\\\/schema\\\/logo\\\/image\\\/\"}}]}<\/script>\n<!-- \/ Yoast SEO plugin. -->","yoast_head_json":{"title":"Rodyum \u0130ngiltere ile 22 Ayar Alt\u0131n Damru Rudraksha Kolye","description":"\u0130ngiltere'de Rodyum ile 22 Ayar Alt\u0131n Damru Rudraksha Kolye Sat\u0131n Al\u0131n. Saf alt\u0131n ve Londra'da damgalanm\u0131\u015f olan bu kolye, inanc\u0131, safl\u0131\u011f\u0131 ve ilahi g\u00fcc\u00fc yans\u0131t\u0131r.","robots":{"index":"index","follow":"follow","max-snippet":"max-snippet:-1","max-image-preview":"max-image-preview:large","max-video-preview":"max-video-preview:-1"},"canonical":"https:\/\/www.purejewels.com\/tr\/urun\/rodyum-ile-22-ayar-altin-damru-rudraksha-kolye-ucu\/","og_locale":"tr_TR","og_type":"article","og_title":"22ct Gold Damru Rudraksha Pendant with Rhodium UK","og_description":"Buy 22ct Gold Damru Rudraksha Pendant with Rhodium in the UK. Pure gold and hallmarked in London, it reflects faith, purity and divine strength.","og_url":"https:\/\/www.purejewels.com\/tr\/urun\/rodyum-ile-22-ayar-altin-damru-rudraksha-kolye-ucu\/","og_site_name":"PureJewels UK","article_modified_time":"2026-04-24T10:00:29+00:00","og_image":[{"width":1000,"height":1000,"url":"https:\/\/static.purejewels.com\/wp-content\/uploads\/2025\/10\/SKU-51104.jpg","type":"image\/jpeg"}],"twitter_card":"summary_large_image","twitter_misc":{"Tahmini okuma s\u00fcresi":"1 dakika"},"schema":{"@context":"https:\/\/schema.org","@graph":[{"@type":["WebPage","ItemPage"],"@id":"https:\/\/www.purejewels.com\/product\/22ct-gold-damru-rudraksha-pendant-with-rhodium\/","url":"https:\/\/www.purejewels.com\/product\/22ct-gold-damru-rudraksha-pendant-with-rhodium\/","name":"Rodyum \u0130ngiltere ile 22 Ayar Alt\u0131n Damru Rudraksha Kolye","isPartOf":{"@id":"https:\/\/www.purejewels.com\/#website"},"primaryImageOfPage":{"@id":"https:\/\/www.purejewels.com\/product\/22ct-gold-damru-rudraksha-pendant-with-rhodium\/#primaryimage"},"image":{"@id":"https:\/\/www.purejewels.com\/product\/22ct-gold-damru-rudraksha-pendant-with-rhodium\/#primaryimage"},"thumbnailUrl":"https:\/\/static.purejewels.com\/wp-content\/uploads\/2025\/10\/SKU-51104.jpg","datePublished":"2025-08-10T13:39:40+00:00","dateModified":"2026-04-24T10:00:29+00:00","description":"\u0130ngiltere'de Rodyum ile 22 Ayar Alt\u0131n Damru Rudraksha Kolye Sat\u0131n Al\u0131n. Saf alt\u0131n ve Londra'da damgalanm\u0131\u015f olan bu kolye, inanc\u0131, safl\u0131\u011f\u0131 ve ilahi g\u00fcc\u00fc yans\u0131t\u0131r.","breadcrumb":{"@id":"https:\/\/www.purejewels.com\/product\/22ct-gold-damru-rudraksha-pendant-with-rhodium\/#breadcrumb"},"inLanguage":"tr","potentialAction":[{"@type":"ReadAction","target":["https:\/\/www.purejewels.com\/product\/22ct-gold-damru-rudraksha-pendant-with-rhodium\/"]}]},{"@type":"ImageObject","inLanguage":"tr","@id":"https:\/\/www.purejewels.com\/product\/22ct-gold-damru-rudraksha-pendant-with-rhodium\/#primaryimage","url":"https:\/\/static.purejewels.com\/wp-content\/uploads\/2025\/10\/SKU-51104.jpg","contentUrl":"https:\/\/static.purejewels.com\/wp-content\/uploads\/2025\/10\/SKU-51104.jpg","width":1000,"height":1000},{"@type":"BreadcrumbList","@id":"https:\/\/www.purejewels.com\/product\/22ct-gold-damru-rudraksha-pendant-with-rhodium\/#breadcrumb","itemListElement":[{"@type":"ListItem","position":1,"name":"Home","item":"https:\/\/www.purejewels.com\/"},{"@type":"ListItem","position":2,"name":"Shop","item":"https:\/\/www.purejewels.com\/shop\/"},{"@type":"ListItem","position":3,"name":"22ct Gold Damru Pendant with Rudraksha"}]},{"@type":"WebSite","@id":"https:\/\/www.purejewels.com\/#website","url":"https:\/\/www.purejewels.com\/","name":"PureJewels \u0130ngiltere","description":"Sevgiyi Payla\u015f\u0131n","publisher":{"@id":"https:\/\/www.purejewels.com\/#organization"},"potentialAction":[{"@type":"SearchAction","target":{"@type":"EntryPoint","urlTemplate":"https:\/\/www.purejewels.com\/?s={search_term_string}"},"query-input":{"@type":"PropertyValueSpecification","valueRequired":true,"valueName":"search_term_string"}}],"inLanguage":"tr"},{"@type":"Organization","@id":"https:\/\/www.purejewels.com\/#organization","name":"PureJewels \u0130ngiltere","url":"https:\/\/www.purejewels.com\/","logo":{"@type":"ImageObject","inLanguage":"tr","@id":"https:\/\/www.purejewels.com\/#\/schema\/logo\/image\/","url":"https:\/\/static.purejewels.com\/wp-content\/uploads\/2020\/11\/Logo-PJ-New-1.png","contentUrl":"https:\/\/static.purejewels.com\/wp-content\/uploads\/2020\/11\/Logo-PJ-New-1.png","width":150,"height":80,"caption":"PureJewels UK"},"image":{"@id":"https:\/\/www.purejewels.com\/#\/schema\/logo\/image\/"}}]}},"_links":{"self":[{"href":"https:\/\/www.purejewels.com\/tr\/wp-json\/wp\/v2\/product\/418599","targetHints":{"allow":["GET"]}}],"collection":[{"href":"https:\/\/www.purejewels.com\/tr\/wp-json\/wp\/v2\/product"}],"about":[{"href":"https:\/\/www.purejewels.com\/tr\/wp-json\/wp\/v2\/types\/product"}],"replies":[{"embeddable":true,"href":"https:\/\/www.purejewels.com\/tr\/wp-json\/wp\/v2\/comments?post=418599"}],"version-history":[{"count":3,"href":"https:\/\/www.purejewels.com\/tr\/wp-json\/wp\/v2\/product\/418599\/revisions"}],"predecessor-version":[{"id":418740,"href":"https:\/\/www.purejewels.com\/tr\/wp-json\/wp\/v2\/product\/418599\/revisions\/418740"}],"wp:featuredmedia":[{"embeddable":true,"href":"https:\/\/www.purejewels.com\/tr\/wp-json\/wp\/v2\/media\/418721"}],"wp:attachment":[{"href":"https:\/\/www.purejewels.com\/tr\/wp-json\/wp\/v2\/media?parent=418599"}],"wp:term":[{"taxonomy":"product_brand","embeddable":true,"href":"https:\/\/www.purejewels.com\/tr\/wp-json\/wp\/v2\/product_brand?post=418599"},{"taxonomy":"product_cat","embeddable":true,"href":"https:\/\/www.purejewels.com\/tr\/wp-json\/wp\/v2\/product_cat?post=418599"},{"taxonomy":"product_tag","embeddable":true,"href":"https:\/\/www.purejewels.com\/tr\/wp-json\/wp\/v2\/product_tag?post=418599"}],"curies":[{"name":"wp","href":"https:\/\/api.w.org\/{rel}","templated":true}]}}