{"id":418612,"date":"2025-07-10T14:54:00","date_gmt":"2025-07-10T13:54:00","guid":{"rendered":"https:\/\/www.purejewels.com\/?post_type=product&#038;p=418612"},"modified":"2026-01-29T09:16:13","modified_gmt":"2026-01-29T09:16:13","slug":"22-ayar-altin-ganesh-kolye-ucu-ile-rudraksha-uk","status":"publish","type":"product","link":"https:\/\/www.purejewels.com\/tr\/product\/22ct-gold-ganesh-pendant-with-rudraksha-uk\/","title":{"rendered":"Rudraksha ile 22 Ayar Alt\u0131n Ganesh Kolye"},"content":{"rendered":"<h3 data-start=\"124\" data-end=\"140\"><strong data-start=\"128\" data-end=\"138\">Tasar\u0131m<\/strong><\/h3>\n<p data-start=\"141\" data-end=\"510\">Rudraksha'l\u0131 22 Ayar Alt\u0131n Ganesh Kolye, ilahi sembolizm ile zarif tasar\u0131m\u0131 bir araya getiriyor. Saf alt\u0131ndan \u00fcretilen bu kolye, el boyamas\u0131 mine detaylar ve kutsal bir rudraksha boncu\u011fu ile s\u00fcslenmi\u015f, g\u00fczelce yontulmu\u015f bir Ganesh motifine sahiptir. Kolyenin dengeli oranlar\u0131 ve yumu\u015fak konturlar\u0131, onu ruhani derinlikle yank\u0131lanan anlaml\u0131 ama zarif bir par\u00e7a haline getiriyor.<\/p>\n<hr data-start=\"512\" data-end=\"515\" \/>\n<h3 data-start=\"517\" data-end=\"540\"><strong data-start=\"521\" data-end=\"538\">Zanaatkarl\u0131k<\/strong><\/h3>\n<p data-start=\"541\" data-end=\"868\">22 ayar alt\u0131ndan el yap\u0131m\u0131 kolye ucu, uzman sanat\u00e7\u0131l\u0131\u011f\u0131 ve ba\u011fl\u0131l\u0131\u011f\u0131 yans\u0131tmaktad\u0131r. Rudraksha boncu\u011fu cilal\u0131 alt\u0131n bir \u00e7er\u00e7eve i\u00e7ine \u00f6zenle yerle\u015ftirilirken, ince k\u0131rm\u0131z\u0131 mine vurgular tasar\u0131ma doku ve hayat kat\u0131yor. Londra'da damgalanan bu kolye safl\u0131k, \u00f6zg\u00fcnl\u00fck ve en y\u00fcksek standartta i\u015f\u00e7ilik anlam\u0131na gelmektedir.<\/p>\n<hr data-start=\"870\" data-end=\"873\" \/>\n<h3 data-start=\"875\" data-end=\"892\"><strong data-start=\"879\" data-end=\"890\">\u015eekillendirme<\/strong><\/h3>\n<p data-start=\"893\" data-end=\"1143\">Bu kolye ucu, g\u00fcnl\u00fck kullan\u0131m veya bayramlar i\u00e7in ince bir alt\u0131n zincirle zahmetsizce e\u015fle\u015fir. Ayr\u0131ca Ganesh Chaturthi, yeni eve ta\u015f\u0131nma veya d\u00fc\u011f\u00fcn gibi u\u011furlu kutlamalarda bereket, bilgelik ve refah\u0131 simgeleyen ideal bir hediyedir.<\/p>\n<p><b>Aral\u0131k Kimli\u011fi <\/b>JWPNPRCB027TGCS<br \/>\n<b>SKU:<\/b> 51048, 53009<\/p>","protected":false},"excerpt":{"rendered":"<p>Rudraksha'l\u0131 22 Ayar Alt\u0131n Ganesh Kolye, ruhani zarafet ile ince i\u015f\u00e7ili\u011fi bir araya getiriyor. Do\u011fal bir rudraksha boncu\u011fu ile detayl\u0131 bir Ganesh motifine sahip olan bu kolye, saf alt\u0131ndan el yap\u0131m\u0131 olarak \u00fcretilmi\u015f ve Londra'da damgalanm\u0131\u015ft\u0131r.<\/p>\n<p><strong>Malzeme:<\/strong> 22 Ayar Alt\u0131n (91,6% Saf Alt\u0131n)<strong><br \/>\nHallmark:\u00a0<\/strong>\u0130ngiliz Damgas\u0131<strong><br \/>\n<\/strong><strong>Br\u00fct A\u011f\u0131rl\u0131k: <\/strong>2.2 Gms<strong><br \/>\nSKU: <\/strong>51048, 53009<\/p>\n<p><strong>Fiyat ve Teslimat: <\/strong>Zincir fiyat\u0131 dahil de\u011fildir, KDV ve teslimat \u00fccretleri dahildir<strong><br \/>\n<a href=\"https:\/\/www.purejewels.com\/tr\/i%cc%87ade-poli%cc%87ti%cc%87kasi\/\">\u0130ade Politikas\u0131<\/a><\/strong><\/p>","protected":false},"featured_media":418714,"comment_status":"closed","ping_status":"closed","template":"","meta":{"_eb_attr":"","_crsspst_to_jayantr4sg-hostcom":true},"product_brand":[],"product_cat":[1571,5601,1229,1255,5343,1767,1572,1768,5338,1701,5349],"product_tag":[6169,6170],"class_list":{"0":"post-418612","1":"product","2":"type-product","3":"status-publish","4":"has-post-thumbnail","6":"product_cat-fathers-day-gifts","7":"product_cat-ganesh-pendants","8":"product_cat-22ct-gold-jewellery","9":"product_cat-gold-pendants","10":"product_cat-jewellery-under-550","11":"product_cat-ladies-pendants","12":"product_cat-mens-jewellery","13":"product_cat-mens-pendants","14":"product_cat-shop-by-price","15":"product_cat-religious-pendants","16":"product_cat-yellow-gold-jewellery","17":"product_tag-22ct-gold-rudraksha-pendant","18":"product_tag-religious-pendant-uk","20":"first","21":"instock","22":"taxable","23":"shipping-taxable","24":"purchasable","25":"product-type-simple","26":"add-to-wishlist-before_image"},"yoast_head":"<!-- This site is optimized with the Yoast SEO plugin v27.3 - https:\/\/yoast.com\/product\/yoast-seo-wordpress\/ -->\n<title>22ct Gold Ganesh Pendant with Rudraksha UK<\/title>\n<meta name=\"description\" content=\"Shop 22ct Gold Ganesh Pendant with Rudraksha in the UK. Handcrafted in pure gold and hallmarked in London, this spiritual pendant embodies divine blessings.\" \/>\n<meta name=\"robots\" content=\"index, follow, max-snippet:-1, max-image-preview:large, max-video-preview:-1\" \/>\n<link rel=\"canonical\" href=\"https:\/\/www.purejewels.com\/tr\/urun\/22-ayar-altin-ganesh-kolye-ucu-ile-rudraksha-uk\/\" \/>\n<meta property=\"og:locale\" content=\"tr_TR\" \/>\n<meta property=\"og:type\" content=\"article\" \/>\n<meta property=\"og:title\" content=\"22ct Gold Ganesh Pendant with Rudraksha UK\" \/>\n<meta property=\"og:description\" content=\"Shop 22ct Gold Ganesh Pendant with Rudraksha in the UK. Handcrafted in pure gold and hallmarked in London, this spiritual pendant embodies divine blessings.\" \/>\n<meta property=\"og:url\" content=\"https:\/\/www.purejewels.com\/tr\/urun\/22-ayar-altin-ganesh-kolye-ucu-ile-rudraksha-uk\/\" \/>\n<meta property=\"og:site_name\" content=\"PureJewels UK\" \/>\n<meta property=\"article:modified_time\" content=\"2026-01-29T09:16:13+00:00\" \/>\n<meta property=\"og:image\" content=\"https:\/\/static.purejewels.com\/wp-content\/uploads\/2025\/10\/SKU-51048.jpg\" \/>\n\t<meta property=\"og:image:width\" content=\"1000\" \/>\n\t<meta property=\"og:image:height\" content=\"1000\" \/>\n\t<meta property=\"og:image:type\" content=\"image\/jpeg\" \/>\n<meta name=\"twitter:card\" content=\"summary_large_image\" \/>\n<meta name=\"twitter:label1\" content=\"Tahmini okuma s\u00fcresi\" \/>\n\t<meta name=\"twitter:data1\" content=\"1 dakika\" \/>\n<script type=\"application\/ld+json\" class=\"yoast-schema-graph\">{\"@context\":\"https:\\\/\\\/schema.org\",\"@graph\":[{\"@type\":[\"WebPage\",\"ItemPage\"],\"@id\":\"https:\\\/\\\/www.purejewels.com\\\/product\\\/22ct-gold-ganesh-pendant-with-rudraksha-uk\\\/\",\"url\":\"https:\\\/\\\/www.purejewels.com\\\/product\\\/22ct-gold-ganesh-pendant-with-rudraksha-uk\\\/\",\"name\":\"22ct Gold Ganesh Pendant with Rudraksha UK\",\"isPartOf\":{\"@id\":\"https:\\\/\\\/www.purejewels.com\\\/#website\"},\"primaryImageOfPage\":{\"@id\":\"https:\\\/\\\/www.purejewels.com\\\/product\\\/22ct-gold-ganesh-pendant-with-rudraksha-uk\\\/#primaryimage\"},\"image\":{\"@id\":\"https:\\\/\\\/www.purejewels.com\\\/product\\\/22ct-gold-ganesh-pendant-with-rudraksha-uk\\\/#primaryimage\"},\"thumbnailUrl\":\"https:\\\/\\\/static.purejewels.com\\\/wp-content\\\/uploads\\\/2025\\\/10\\\/SKU-51048.jpg\",\"datePublished\":\"2025-07-10T13:54:00+00:00\",\"dateModified\":\"2026-01-29T09:16:13+00:00\",\"description\":\"Shop 22ct Gold Ganesh Pendant with Rudraksha in the UK. Handcrafted in pure gold and hallmarked in London, this spiritual pendant embodies divine blessings.\",\"breadcrumb\":{\"@id\":\"https:\\\/\\\/www.purejewels.com\\\/product\\\/22ct-gold-ganesh-pendant-with-rudraksha-uk\\\/#breadcrumb\"},\"inLanguage\":\"tr\",\"potentialAction\":[{\"@type\":\"ReadAction\",\"target\":[\"https:\\\/\\\/www.purejewels.com\\\/product\\\/22ct-gold-ganesh-pendant-with-rudraksha-uk\\\/\"]}]},{\"@type\":\"ImageObject\",\"inLanguage\":\"tr\",\"@id\":\"https:\\\/\\\/www.purejewels.com\\\/product\\\/22ct-gold-ganesh-pendant-with-rudraksha-uk\\\/#primaryimage\",\"url\":\"https:\\\/\\\/static.purejewels.com\\\/wp-content\\\/uploads\\\/2025\\\/10\\\/SKU-51048.jpg\",\"contentUrl\":\"https:\\\/\\\/static.purejewels.com\\\/wp-content\\\/uploads\\\/2025\\\/10\\\/SKU-51048.jpg\",\"width\":1000,\"height\":1000},{\"@type\":\"BreadcrumbList\",\"@id\":\"https:\\\/\\\/www.purejewels.com\\\/product\\\/22ct-gold-ganesh-pendant-with-rudraksha-uk\\\/#breadcrumb\",\"itemListElement\":[{\"@type\":\"ListItem\",\"position\":1,\"name\":\"Home\",\"item\":\"https:\\\/\\\/www.purejewels.com\\\/\"},{\"@type\":\"ListItem\",\"position\":2,\"name\":\"Shop\",\"item\":\"https:\\\/\\\/www.purejewels.com\\\/shop\\\/\"},{\"@type\":\"ListItem\",\"position\":3,\"name\":\"22ct Gold Ganesh Pendant with Rudraksha\"}]},{\"@type\":\"WebSite\",\"@id\":\"https:\\\/\\\/www.purejewels.com\\\/#website\",\"url\":\"https:\\\/\\\/www.purejewels.com\\\/\",\"name\":\"PureJewels UK\",\"description\":\"Share the Love\",\"publisher\":{\"@id\":\"https:\\\/\\\/www.purejewels.com\\\/#organization\"},\"potentialAction\":[{\"@type\":\"SearchAction\",\"target\":{\"@type\":\"EntryPoint\",\"urlTemplate\":\"https:\\\/\\\/www.purejewels.com\\\/?s={search_term_string}\"},\"query-input\":{\"@type\":\"PropertyValueSpecification\",\"valueRequired\":true,\"valueName\":\"search_term_string\"}}],\"inLanguage\":\"tr\"},{\"@type\":\"Organization\",\"@id\":\"https:\\\/\\\/www.purejewels.com\\\/#organization\",\"name\":\"PureJewels UK\",\"url\":\"https:\\\/\\\/www.purejewels.com\\\/\",\"logo\":{\"@type\":\"ImageObject\",\"inLanguage\":\"tr\",\"@id\":\"https:\\\/\\\/www.purejewels.com\\\/#\\\/schema\\\/logo\\\/image\\\/\",\"url\":\"https:\\\/\\\/static.purejewels.com\\\/wp-content\\\/uploads\\\/2020\\\/11\\\/Logo-PJ-New-1.png\",\"contentUrl\":\"https:\\\/\\\/static.purejewels.com\\\/wp-content\\\/uploads\\\/2020\\\/11\\\/Logo-PJ-New-1.png\",\"width\":150,\"height\":80,\"caption\":\"PureJewels UK\"},\"image\":{\"@id\":\"https:\\\/\\\/www.purejewels.com\\\/#\\\/schema\\\/logo\\\/image\\\/\"}}]}<\/script>\n<!-- \/ Yoast SEO plugin. -->","yoast_head_json":{"title":"Rudraksha \u0130ngiltere ile 22 Ayar Alt\u0131n Ganesh Kolye","description":"Birle\u015fik Krall\u0131k'ta Rudraksha ile 22 Ayar Alt\u0131n Ganesh Kolye Sat\u0131n Al\u0131n. Saf alt\u0131ndan el i\u015f\u00e7ili\u011fiyle \u00fcretilen ve Londra'da damgalanan bu ruhani kolye ucu ilahi kutsamalar\u0131 temsil eder.","robots":{"index":"index","follow":"follow","max-snippet":"max-snippet:-1","max-image-preview":"max-image-preview:large","max-video-preview":"max-video-preview:-1"},"canonical":"https:\/\/www.purejewels.com\/tr\/urun\/22-ayar-altin-ganesh-kolye-ucu-ile-rudraksha-uk\/","og_locale":"tr_TR","og_type":"article","og_title":"22ct Gold Ganesh Pendant with Rudraksha UK","og_description":"Shop 22ct Gold Ganesh Pendant with Rudraksha in the UK. Handcrafted in pure gold and hallmarked in London, this spiritual pendant embodies divine blessings.","og_url":"https:\/\/www.purejewels.com\/tr\/urun\/22-ayar-altin-ganesh-kolye-ucu-ile-rudraksha-uk\/","og_site_name":"PureJewels UK","article_modified_time":"2026-01-29T09:16:13+00:00","og_image":[{"width":1000,"height":1000,"url":"https:\/\/static.purejewels.com\/wp-content\/uploads\/2025\/10\/SKU-51048.jpg","type":"image\/jpeg"}],"twitter_card":"summary_large_image","twitter_misc":{"Tahmini okuma s\u00fcresi":"1 dakika"},"schema":{"@context":"https:\/\/schema.org","@graph":[{"@type":["WebPage","ItemPage"],"@id":"https:\/\/www.purejewels.com\/product\/22ct-gold-ganesh-pendant-with-rudraksha-uk\/","url":"https:\/\/www.purejewels.com\/product\/22ct-gold-ganesh-pendant-with-rudraksha-uk\/","name":"Rudraksha \u0130ngiltere ile 22 Ayar Alt\u0131n Ganesh Kolye","isPartOf":{"@id":"https:\/\/www.purejewels.com\/#website"},"primaryImageOfPage":{"@id":"https:\/\/www.purejewels.com\/product\/22ct-gold-ganesh-pendant-with-rudraksha-uk\/#primaryimage"},"image":{"@id":"https:\/\/www.purejewels.com\/product\/22ct-gold-ganesh-pendant-with-rudraksha-uk\/#primaryimage"},"thumbnailUrl":"https:\/\/static.purejewels.com\/wp-content\/uploads\/2025\/10\/SKU-51048.jpg","datePublished":"2025-07-10T13:54:00+00:00","dateModified":"2026-01-29T09:16:13+00:00","description":"Birle\u015fik Krall\u0131k'ta Rudraksha ile 22 Ayar Alt\u0131n Ganesh Kolye Sat\u0131n Al\u0131n. Saf alt\u0131ndan el i\u015f\u00e7ili\u011fiyle \u00fcretilen ve Londra'da damgalanan bu ruhani kolye ucu ilahi kutsamalar\u0131 temsil eder.","breadcrumb":{"@id":"https:\/\/www.purejewels.com\/product\/22ct-gold-ganesh-pendant-with-rudraksha-uk\/#breadcrumb"},"inLanguage":"tr","potentialAction":[{"@type":"ReadAction","target":["https:\/\/www.purejewels.com\/product\/22ct-gold-ganesh-pendant-with-rudraksha-uk\/"]}]},{"@type":"ImageObject","inLanguage":"tr","@id":"https:\/\/www.purejewels.com\/product\/22ct-gold-ganesh-pendant-with-rudraksha-uk\/#primaryimage","url":"https:\/\/static.purejewels.com\/wp-content\/uploads\/2025\/10\/SKU-51048.jpg","contentUrl":"https:\/\/static.purejewels.com\/wp-content\/uploads\/2025\/10\/SKU-51048.jpg","width":1000,"height":1000},{"@type":"BreadcrumbList","@id":"https:\/\/www.purejewels.com\/product\/22ct-gold-ganesh-pendant-with-rudraksha-uk\/#breadcrumb","itemListElement":[{"@type":"ListItem","position":1,"name":"Home","item":"https:\/\/www.purejewels.com\/"},{"@type":"ListItem","position":2,"name":"Shop","item":"https:\/\/www.purejewels.com\/shop\/"},{"@type":"ListItem","position":3,"name":"22ct Gold Ganesh Pendant with Rudraksha"}]},{"@type":"WebSite","@id":"https:\/\/www.purejewels.com\/#website","url":"https:\/\/www.purejewels.com\/","name":"PureJewels \u0130ngiltere","description":"Sevgiyi Payla\u015f\u0131n","publisher":{"@id":"https:\/\/www.purejewels.com\/#organization"},"potentialAction":[{"@type":"SearchAction","target":{"@type":"EntryPoint","urlTemplate":"https:\/\/www.purejewels.com\/?s={search_term_string}"},"query-input":{"@type":"PropertyValueSpecification","valueRequired":true,"valueName":"search_term_string"}}],"inLanguage":"tr"},{"@type":"Organization","@id":"https:\/\/www.purejewels.com\/#organization","name":"PureJewels \u0130ngiltere","url":"https:\/\/www.purejewels.com\/","logo":{"@type":"ImageObject","inLanguage":"tr","@id":"https:\/\/www.purejewels.com\/#\/schema\/logo\/image\/","url":"https:\/\/static.purejewels.com\/wp-content\/uploads\/2020\/11\/Logo-PJ-New-1.png","contentUrl":"https:\/\/static.purejewels.com\/wp-content\/uploads\/2020\/11\/Logo-PJ-New-1.png","width":150,"height":80,"caption":"PureJewels UK"},"image":{"@id":"https:\/\/www.purejewels.com\/#\/schema\/logo\/image\/"}}]}},"_links":{"self":[{"href":"https:\/\/www.purejewels.com\/tr\/wp-json\/wp\/v2\/product\/418612","targetHints":{"allow":["GET"]}}],"collection":[{"href":"https:\/\/www.purejewels.com\/tr\/wp-json\/wp\/v2\/product"}],"about":[{"href":"https:\/\/www.purejewels.com\/tr\/wp-json\/wp\/v2\/types\/product"}],"replies":[{"embeddable":true,"href":"https:\/\/www.purejewels.com\/tr\/wp-json\/wp\/v2\/comments?post=418612"}],"version-history":[{"count":2,"href":"https:\/\/www.purejewels.com\/tr\/wp-json\/wp\/v2\/product\/418612\/revisions"}],"predecessor-version":[{"id":418716,"href":"https:\/\/www.purejewels.com\/tr\/wp-json\/wp\/v2\/product\/418612\/revisions\/418716"}],"wp:featuredmedia":[{"embeddable":true,"href":"https:\/\/www.purejewels.com\/tr\/wp-json\/wp\/v2\/media\/418714"}],"wp:attachment":[{"href":"https:\/\/www.purejewels.com\/tr\/wp-json\/wp\/v2\/media?parent=418612"}],"wp:term":[{"taxonomy":"product_brand","embeddable":true,"href":"https:\/\/www.purejewels.com\/tr\/wp-json\/wp\/v2\/product_brand?post=418612"},{"taxonomy":"product_cat","embeddable":true,"href":"https:\/\/www.purejewels.com\/tr\/wp-json\/wp\/v2\/product_cat?post=418612"},{"taxonomy":"product_tag","embeddable":true,"href":"https:\/\/www.purejewels.com\/tr\/wp-json\/wp\/v2\/product_tag?post=418612"}],"curies":[{"name":"wp","href":"https:\/\/api.w.org\/{rel}","templated":true}]}}