{"id":418615,"date":"2025-09-10T15:05:56","date_gmt":"2025-09-10T14:05:56","guid":{"rendered":"https:\/\/www.purejewels.com\/?post_type=product&#038;p=418615"},"modified":"2026-04-24T12:56:03","modified_gmt":"2026-04-24T11:56:03","slug":"22-ayar-rozet-kolye-ucu-4-mm-gundogumu-altin-52808","status":"publish","type":"product","link":"https:\/\/www.purejewels.com\/tr\/product\/22ct-rosette-pendant-4-5mm-sunrise-gold-52808\/","title":{"rendered":"22 Ayar Rozet Kolye 4,5 mm | G\u00fcn Do\u011fumu Alt\u0131n"},"content":{"rendered":"<p data-start=\"1197\" data-end=\"1492\"><strong data-start=\"1197\" data-end=\"1215\">Tasar\u0131m Konsepti<\/strong><br data-start=\"1215\" data-end=\"1218\" \/>Bu kolye ucu, d\u00f6n\u00fcm noktalar\u0131n\u0131n ve ki\u015fisel ba\u015far\u0131lar\u0131n sevincini simgeleyen Rosette koleksiyonundan ilham al\u0131yor. Narin \u00e7i\u00e7ek tasar\u0131m\u0131 g\u00fczelli\u011fi ve kutlamay\u0131 temsil ederken, hem g\u00fcnl\u00fck kullan\u0131ma hem de \u00f6zel anlara uygun minimal ve zarif bir esteti\u011fi koruyor.<\/p>\n<p data-start=\"1494\" data-end=\"1776\"><strong data-start=\"1494\" data-end=\"1511\">Zanaatkarl\u0131k<\/strong><br data-start=\"1511\" data-end=\"1514\" \/>Titizlikle 22 ayar G\u00fcndo\u011fumu Alt\u0131n\u0131ndan \u00fcretilen kolye ucu, elle hassas bir \u015fekilde i\u015flenmi\u015f ince yontulmu\u015f yapraklar\u0131 sergiler. Y\u00fczey, p\u00fcr\u00fczs\u00fcz bir his ve \u0131\u015f\u0131lt\u0131l\u0131 bir parlakl\u0131k i\u00e7in parlat\u0131lm\u0131\u015ft\u0131r ve her par\u00e7a, \u00f6zg\u00fcnl\u00fc\u011f\u00fc ve alt\u0131n inceli\u011fini garanti etmek i\u00e7in \u0130ngiltere damgas\u0131n\u0131 ta\u015f\u0131r.<\/p>\n<p data-start=\"1778\" data-end=\"2001\"><strong data-start=\"1778\" data-end=\"1794\">Stil \u0130pu\u00e7lar\u0131<\/strong><br data-start=\"1794\" data-end=\"1797\" \/>G\u00fcnl\u00fck sofistikelik i\u00e7in ince bir zincir \u00fczerinde tek ba\u015f\u0131na tak\u0131n. Rosette bileklikle e\u015fle\u015ftirerek uyumlu bir set olu\u015fturun veya modern ve ki\u015fisel bir m\u00fccevher hikayesi i\u00e7in birden fazla zincir uzunlu\u011fuyla katmanlay\u0131n.<\/p>","protected":false},"excerpt":{"rendered":"<p>\u0130mza niteli\u011findeki Rozet \u00e7i\u00e7e\u011fi ile 22 ayar Sunrise Alt\u0131ndan ince i\u015f\u00e7ilikle haz\u0131rlanm\u0131\u015f bir kolye ucu. Kutlama ve ne\u015fenin nazik bir sembol\u00fc. G\u00fcvence i\u00e7in \u0130ngiltere'de damgalanm\u0131\u015ft\u0131r.<\/p>\n<p><strong>Malzeme:<\/strong> 22 Ayar G\u00fcndo\u011fumu Alt\u0131n<br \/>\n<strong>Hallmark:<\/strong>\u00a0\u0130ngiliz Damgas\u0131<br \/>\n<strong>SKU:<\/strong> 52808<br \/>\n<strong>A\u011f\u0131rl\u0131k:<\/strong> 0.26 Gms<br \/>\n<strong>Boyutlar:<\/strong> 4.5mm Wide, 6.5mm Long<\/p>\n<p><strong>Fiyat ve Teslimat:<\/strong>\u00a0KDV ve teslimat \u00fccretleri dahil<br \/>\n<a href=\"https:\/\/www.purejewels.com\/tr\/i%cc%87ade-poli%cc%87ti%cc%87kasi\/\"><strong>\u0130ade Politikas\u0131<\/strong><\/a><\/p>","protected":false},"featured_media":349108,"comment_status":"closed","ping_status":"closed","template":"","meta":{"_eb_attr":"","_crsspst_to_jayantr4sg-hostcom":false},"product_brand":[],"product_cat":[1791,1559,236,1793,6190,1790,1255,5342,1769,1767,1570,5585,1656,1573,1574],"product_tag":[6131,1430,6138],"class_list":{"0":"post-418615","1":"product","2":"type-product","3":"status-publish","4":"has-post-thumbnail","6":"product_cat-anniversary-gifts","7":"product_cat-birthday-gifts","8":"product_cat-collections","9":"product_cat-diwali-gifts","10":"product_cat-easter-jewellery","11":"product_cat-for-whom-when","12":"product_cat-gold-pendants","13":"product_cat-jewellery-under-250","14":"product_cat-kids-pendants","15":"product_cat-ladies-pendants","16":"product_cat-mothers-day-gifts","17":"product_cat-rosette-pendant","18":"product_cat-rosettes-collections","19":"product_cat-wedding-gifts","20":"product_cat-womens-jewellery","21":"product_tag-22ct","22":"product_tag-diwali-gift","23":"product_tag-sunrise-gold","25":"first","26":"instock","27":"taxable","28":"shipping-taxable","29":"purchasable","30":"product-type-simple","31":"add-to-wishlist-before_image"},"yoast_head":"<!-- This site is optimized with the Yoast SEO plugin v27.4 - https:\/\/yoast.com\/product\/yoast-seo-wordpress\/ -->\n<title>2ct Sunrise Gold Rosette Pendant | PureJewels UK<\/title>\n<meta name=\"description\" content=\"Shop the Rosette Flower Pendant in 22ct Sunrise Gold from PureJewels London UK. Delicate floral detail with a warm glow. Hallmarked in the UK.\" \/>\n<meta name=\"robots\" content=\"index, follow, max-snippet:-1, max-image-preview:large, max-video-preview:-1\" \/>\n<link rel=\"canonical\" href=\"https:\/\/www.purejewels.com\/tr\/urun\/22-ayar-rozet-kolye-ucu-4-mm-gundogumu-altin-52808\/\" \/>\n<meta property=\"og:locale\" content=\"tr_TR\" \/>\n<meta property=\"og:type\" content=\"article\" \/>\n<meta property=\"og:title\" content=\"2ct Sunrise Gold Rosette Pendant | PureJewels UK\" \/>\n<meta property=\"og:description\" content=\"Shop the Rosette Flower Pendant in 22ct Sunrise Gold from PureJewels London UK. Delicate floral detail with a warm glow. Hallmarked in the UK.\" \/>\n<meta property=\"og:url\" content=\"https:\/\/www.purejewels.com\/tr\/urun\/22-ayar-rozet-kolye-ucu-4-mm-gundogumu-altin-52808\/\" \/>\n<meta property=\"og:site_name\" content=\"PureJewels UK\" \/>\n<meta property=\"article:modified_time\" content=\"2026-04-24T11:56:03+00:00\" \/>\n<meta property=\"og:image\" content=\"https:\/\/static.purejewels.com\/wp-content\/uploads\/2021\/11\/44841.jpg\" \/>\n\t<meta property=\"og:image:width\" content=\"1000\" \/>\n\t<meta property=\"og:image:height\" content=\"1000\" \/>\n\t<meta property=\"og:image:type\" content=\"image\/jpeg\" \/>\n<meta name=\"twitter:card\" content=\"summary_large_image\" \/>\n<meta name=\"twitter:label1\" content=\"Tahmini okuma s\u00fcresi\" \/>\n\t<meta name=\"twitter:data1\" content=\"1 dakika\" \/>\n<script type=\"application\/ld+json\" class=\"yoast-schema-graph\">{\"@context\":\"https:\\\/\\\/schema.org\",\"@graph\":[{\"@type\":[\"WebPage\",\"ItemPage\"],\"@id\":\"https:\\\/\\\/www.purejewels.com\\\/product\\\/22ct-rosette-pendant-4-5mm-sunrise-gold-52808\\\/\",\"url\":\"https:\\\/\\\/www.purejewels.com\\\/product\\\/22ct-rosette-pendant-4-5mm-sunrise-gold-52808\\\/\",\"name\":\"2ct Sunrise Gold Rosette Pendant | PureJewels UK\",\"isPartOf\":{\"@id\":\"https:\\\/\\\/www.purejewels.com\\\/#website\"},\"primaryImageOfPage\":{\"@id\":\"https:\\\/\\\/www.purejewels.com\\\/product\\\/22ct-rosette-pendant-4-5mm-sunrise-gold-52808\\\/#primaryimage\"},\"image\":{\"@id\":\"https:\\\/\\\/www.purejewels.com\\\/product\\\/22ct-rosette-pendant-4-5mm-sunrise-gold-52808\\\/#primaryimage\"},\"thumbnailUrl\":\"https:\\\/\\\/static.purejewels.com\\\/wp-content\\\/uploads\\\/2021\\\/11\\\/44841.jpg\",\"datePublished\":\"2025-09-10T14:05:56+00:00\",\"dateModified\":\"2026-04-24T11:56:03+00:00\",\"description\":\"Shop the Rosette Flower Pendant in 22ct Sunrise Gold from PureJewels London UK. Delicate floral detail with a warm glow. Hallmarked in the UK.\",\"breadcrumb\":{\"@id\":\"https:\\\/\\\/www.purejewels.com\\\/product\\\/22ct-rosette-pendant-4-5mm-sunrise-gold-52808\\\/#breadcrumb\"},\"inLanguage\":\"tr\",\"potentialAction\":[{\"@type\":\"ReadAction\",\"target\":[\"https:\\\/\\\/www.purejewels.com\\\/product\\\/22ct-rosette-pendant-4-5mm-sunrise-gold-52808\\\/\"]}]},{\"@type\":\"ImageObject\",\"inLanguage\":\"tr\",\"@id\":\"https:\\\/\\\/www.purejewels.com\\\/product\\\/22ct-rosette-pendant-4-5mm-sunrise-gold-52808\\\/#primaryimage\",\"url\":\"https:\\\/\\\/static.purejewels.com\\\/wp-content\\\/uploads\\\/2021\\\/11\\\/44841.jpg\",\"contentUrl\":\"https:\\\/\\\/static.purejewels.com\\\/wp-content\\\/uploads\\\/2021\\\/11\\\/44841.jpg\",\"width\":1000,\"height\":1000,\"caption\":\"Gold Pendant for Ladies\"},{\"@type\":\"BreadcrumbList\",\"@id\":\"https:\\\/\\\/www.purejewels.com\\\/product\\\/22ct-rosette-pendant-4-5mm-sunrise-gold-52808\\\/#breadcrumb\",\"itemListElement\":[{\"@type\":\"ListItem\",\"position\":1,\"name\":\"Home\",\"item\":\"https:\\\/\\\/www.purejewels.com\\\/\"},{\"@type\":\"ListItem\",\"position\":2,\"name\":\"Shop\",\"item\":\"https:\\\/\\\/www.purejewels.com\\\/shop\\\/\"},{\"@type\":\"ListItem\",\"position\":3,\"name\":\"22ct Rosette Pendant 4.5mm | Sunrise Gold\"}]},{\"@type\":\"WebSite\",\"@id\":\"https:\\\/\\\/www.purejewels.com\\\/#website\",\"url\":\"https:\\\/\\\/www.purejewels.com\\\/\",\"name\":\"PureJewels UK\",\"description\":\"Share the Love\",\"publisher\":{\"@id\":\"https:\\\/\\\/www.purejewels.com\\\/#organization\"},\"potentialAction\":[{\"@type\":\"SearchAction\",\"target\":{\"@type\":\"EntryPoint\",\"urlTemplate\":\"https:\\\/\\\/www.purejewels.com\\\/?s={search_term_string}\"},\"query-input\":{\"@type\":\"PropertyValueSpecification\",\"valueRequired\":true,\"valueName\":\"search_term_string\"}}],\"inLanguage\":\"tr\"},{\"@type\":\"Organization\",\"@id\":\"https:\\\/\\\/www.purejewels.com\\\/#organization\",\"name\":\"PureJewels UK\",\"url\":\"https:\\\/\\\/www.purejewels.com\\\/\",\"logo\":{\"@type\":\"ImageObject\",\"inLanguage\":\"tr\",\"@id\":\"https:\\\/\\\/www.purejewels.com\\\/#\\\/schema\\\/logo\\\/image\\\/\",\"url\":\"https:\\\/\\\/static.purejewels.com\\\/wp-content\\\/uploads\\\/2020\\\/11\\\/Logo-PJ-New-1.png\",\"contentUrl\":\"https:\\\/\\\/static.purejewels.com\\\/wp-content\\\/uploads\\\/2020\\\/11\\\/Logo-PJ-New-1.png\",\"width\":150,\"height\":80,\"caption\":\"PureJewels UK\"},\"image\":{\"@id\":\"https:\\\/\\\/www.purejewels.com\\\/#\\\/schema\\\/logo\\\/image\\\/\"}}]}<\/script>\n<!-- \/ Yoast SEO plugin. -->","yoast_head_json":{"title":"2ct Sunrise Alt\u0131n Rozet Kolye Ucu | PureJewels UK","description":"PureJewels London UK'den 22 Ayar G\u00fcn Do\u011fumu Alt\u0131n Rozet \u00c7i\u00e7ek Kolyeyi sat\u0131n al\u0131n. S\u0131cak bir \u0131\u015f\u0131lt\u0131ya sahip narin \u00e7i\u00e7ek detay\u0131. \u0130ngiltere'de damgalanm\u0131\u015ft\u0131r.","robots":{"index":"index","follow":"follow","max-snippet":"max-snippet:-1","max-image-preview":"max-image-preview:large","max-video-preview":"max-video-preview:-1"},"canonical":"https:\/\/www.purejewels.com\/tr\/urun\/22-ayar-rozet-kolye-ucu-4-mm-gundogumu-altin-52808\/","og_locale":"tr_TR","og_type":"article","og_title":"2ct Sunrise Gold Rosette Pendant | PureJewels UK","og_description":"Shop the Rosette Flower Pendant in 22ct Sunrise Gold from PureJewels London UK. Delicate floral detail with a warm glow. Hallmarked in the UK.","og_url":"https:\/\/www.purejewels.com\/tr\/urun\/22-ayar-rozet-kolye-ucu-4-mm-gundogumu-altin-52808\/","og_site_name":"PureJewels UK","article_modified_time":"2026-04-24T11:56:03+00:00","og_image":[{"width":1000,"height":1000,"url":"https:\/\/static.purejewels.com\/wp-content\/uploads\/2021\/11\/44841.jpg","type":"image\/jpeg"}],"twitter_card":"summary_large_image","twitter_misc":{"Tahmini okuma s\u00fcresi":"1 dakika"},"schema":{"@context":"https:\/\/schema.org","@graph":[{"@type":["WebPage","ItemPage"],"@id":"https:\/\/www.purejewels.com\/product\/22ct-rosette-pendant-4-5mm-sunrise-gold-52808\/","url":"https:\/\/www.purejewels.com\/product\/22ct-rosette-pendant-4-5mm-sunrise-gold-52808\/","name":"2ct Sunrise Alt\u0131n Rozet Kolye Ucu | PureJewels UK","isPartOf":{"@id":"https:\/\/www.purejewels.com\/#website"},"primaryImageOfPage":{"@id":"https:\/\/www.purejewels.com\/product\/22ct-rosette-pendant-4-5mm-sunrise-gold-52808\/#primaryimage"},"image":{"@id":"https:\/\/www.purejewels.com\/product\/22ct-rosette-pendant-4-5mm-sunrise-gold-52808\/#primaryimage"},"thumbnailUrl":"https:\/\/static.purejewels.com\/wp-content\/uploads\/2021\/11\/44841.jpg","datePublished":"2025-09-10T14:05:56+00:00","dateModified":"2026-04-24T11:56:03+00:00","description":"PureJewels London UK'den 22 Ayar G\u00fcn Do\u011fumu Alt\u0131n Rozet \u00c7i\u00e7ek Kolyeyi sat\u0131n al\u0131n. S\u0131cak bir \u0131\u015f\u0131lt\u0131ya sahip narin \u00e7i\u00e7ek detay\u0131. \u0130ngiltere'de damgalanm\u0131\u015ft\u0131r.","breadcrumb":{"@id":"https:\/\/www.purejewels.com\/product\/22ct-rosette-pendant-4-5mm-sunrise-gold-52808\/#breadcrumb"},"inLanguage":"tr","potentialAction":[{"@type":"ReadAction","target":["https:\/\/www.purejewels.com\/product\/22ct-rosette-pendant-4-5mm-sunrise-gold-52808\/"]}]},{"@type":"ImageObject","inLanguage":"tr","@id":"https:\/\/www.purejewels.com\/product\/22ct-rosette-pendant-4-5mm-sunrise-gold-52808\/#primaryimage","url":"https:\/\/static.purejewels.com\/wp-content\/uploads\/2021\/11\/44841.jpg","contentUrl":"https:\/\/static.purejewels.com\/wp-content\/uploads\/2021\/11\/44841.jpg","width":1000,"height":1000,"caption":"Gold Pendant for Ladies"},{"@type":"BreadcrumbList","@id":"https:\/\/www.purejewels.com\/product\/22ct-rosette-pendant-4-5mm-sunrise-gold-52808\/#breadcrumb","itemListElement":[{"@type":"ListItem","position":1,"name":"Home","item":"https:\/\/www.purejewels.com\/"},{"@type":"ListItem","position":2,"name":"Shop","item":"https:\/\/www.purejewels.com\/shop\/"},{"@type":"ListItem","position":3,"name":"22ct Rosette Pendant 4.5mm | Sunrise Gold"}]},{"@type":"WebSite","@id":"https:\/\/www.purejewels.com\/#website","url":"https:\/\/www.purejewels.com\/","name":"PureJewels \u0130ngiltere","description":"Sevgiyi Payla\u015f\u0131n","publisher":{"@id":"https:\/\/www.purejewels.com\/#organization"},"potentialAction":[{"@type":"SearchAction","target":{"@type":"EntryPoint","urlTemplate":"https:\/\/www.purejewels.com\/?s={search_term_string}"},"query-input":{"@type":"PropertyValueSpecification","valueRequired":true,"valueName":"search_term_string"}}],"inLanguage":"tr"},{"@type":"Organization","@id":"https:\/\/www.purejewels.com\/#organization","name":"PureJewels \u0130ngiltere","url":"https:\/\/www.purejewels.com\/","logo":{"@type":"ImageObject","inLanguage":"tr","@id":"https:\/\/www.purejewels.com\/#\/schema\/logo\/image\/","url":"https:\/\/static.purejewels.com\/wp-content\/uploads\/2020\/11\/Logo-PJ-New-1.png","contentUrl":"https:\/\/static.purejewels.com\/wp-content\/uploads\/2020\/11\/Logo-PJ-New-1.png","width":150,"height":80,"caption":"PureJewels UK"},"image":{"@id":"https:\/\/www.purejewels.com\/#\/schema\/logo\/image\/"}}]}},"_links":{"self":[{"href":"https:\/\/www.purejewels.com\/tr\/wp-json\/wp\/v2\/product\/418615","targetHints":{"allow":["GET"]}}],"collection":[{"href":"https:\/\/www.purejewels.com\/tr\/wp-json\/wp\/v2\/product"}],"about":[{"href":"https:\/\/www.purejewels.com\/tr\/wp-json\/wp\/v2\/types\/product"}],"replies":[{"embeddable":true,"href":"https:\/\/www.purejewels.com\/tr\/wp-json\/wp\/v2\/comments?post=418615"}],"version-history":[{"count":2,"href":"https:\/\/www.purejewels.com\/tr\/wp-json\/wp\/v2\/product\/418615\/revisions"}],"predecessor-version":[{"id":428972,"href":"https:\/\/www.purejewels.com\/tr\/wp-json\/wp\/v2\/product\/418615\/revisions\/428972"}],"wp:featuredmedia":[{"embeddable":true,"href":"https:\/\/www.purejewels.com\/tr\/wp-json\/wp\/v2\/media\/349108"}],"wp:attachment":[{"href":"https:\/\/www.purejewels.com\/tr\/wp-json\/wp\/v2\/media?parent=418615"}],"wp:term":[{"taxonomy":"product_brand","embeddable":true,"href":"https:\/\/www.purejewels.com\/tr\/wp-json\/wp\/v2\/product_brand?post=418615"},{"taxonomy":"product_cat","embeddable":true,"href":"https:\/\/www.purejewels.com\/tr\/wp-json\/wp\/v2\/product_cat?post=418615"},{"taxonomy":"product_tag","embeddable":true,"href":"https:\/\/www.purejewels.com\/tr\/wp-json\/wp\/v2\/product_tag?post=418615"}],"curies":[{"name":"wp","href":"https:\/\/api.w.org\/{rel}","templated":true}]}}