{"id":418630,"date":"2025-08-10T15:43:49","date_gmt":"2025-08-10T14:43:49","guid":{"rendered":"https:\/\/www.purejewels.com\/?post_type=product&#038;p=418630"},"modified":"2026-04-24T10:59:52","modified_gmt":"2026-04-24T09:59:52","slug":"22ct-rudraksha-yay-kolye-ucu-uk","status":"publish","type":"product","link":"https:\/\/www.purejewels.com\/tr\/product\/22ct-rudraksha-bow-pendant-uk\/","title":{"rendered":"22ct Rudraksha Yay Kolye \u0130ngiltere"},"content":{"rendered":"<h3>Tasar\u0131m<\/h3>\n<p>22ct Rudraksha Yay Kolyesi ilahi sembolizmden ilham al\u0131yor - yay g\u00fcc\u00fc ve odaklanmay\u0131 temsil ederken, Rudraksha bar\u0131\u015f ve maneviyat\u0131 temsil ediyor. Narin ok detaylar\u0131yla zarif bir alt\u0131n yay i\u00e7inde \u00e7er\u00e7evelenen bu tasar\u0131m, g\u00fc\u00e7 ve dinginli\u011fi g\u00fczel ve dengeli bir bi\u00e7imde bir araya getiriyor.<\/p>\n<h3>Zanaatkarl\u0131k<\/h3>\n<p>Saf 22 ayar alt\u0131ndan ustal\u0131kla el i\u015f\u00e7ili\u011fiyle \u00fcretilen kolye ucu, Rudraksha boncu\u011funu g\u00fcvenli bir \u015fekilde \u00e7er\u00e7eveleyen ince k\u0131vr\u0131mlara sahip hassas alt\u0131n i\u015f\u00e7ili\u011fine sahiptir. Cilal\u0131 y\u00fczey, alt\u0131n\u0131n zengin tonlar\u0131n\u0131 ve Rudraksha'n\u0131n organik dokusunu vurgular. Londra'da damgalanan bu kolye, en iyi safl\u0131k ve \u00f6zg\u00fcnl\u00fck standartlar\u0131na sahiptir.<\/p>\n<h3>\u015eekillendirme<\/h3>\n<p>G\u00fcnl\u00fck kullan\u0131m veya kutsal g\u00fcnler i\u00e7in ideal olan Rudraksha Fiyonk Kolye, her g\u00f6r\u00fcn\u00fcme ruhani bir incelik katar. Zarif bir g\u00fcnl\u00fck stil i\u00e7in sade bir alt\u0131n zincirle e\u015fle\u015ftirin veya ba\u011fl\u0131l\u0131k ve g\u00fc\u00e7 ifadesi i\u00e7in katlay\u0131n.<\/p>","protected":false},"excerpt":{"rendered":"<p>22 ayar Rudraksha Yay Kolye, sembolik tasar\u0131m\u0131 ve uzman i\u015f\u00e7ili\u011fi bir araya getiriyor. Alt\u0131n bir yay ve ok \u00e7er\u00e7evesi i\u00e7ine yerle\u015ftirilmi\u015f do\u011fal bir Rudraksha boncu\u011fundan olu\u015fan bu kolye, maneviyat ve g\u00fcc\u00fcn m\u00fckemmel bir kar\u0131\u015f\u0131m\u0131d\u0131r ve Londra'da damgalanm\u0131\u015ft\u0131r.<\/p>\n<p><strong>Malzeme:<\/strong> 22 Ayar Alt\u0131n (91,6% Saf Alt\u0131n)<strong><br \/>\nHallmark:\u00a0<\/strong>\u0130ngiliz Damgas\u0131<strong><br \/>\n<\/strong><strong>Br\u00fct A\u011f\u0131rl\u0131k: <\/strong>3.36 Gms<strong><br \/>\nSKU: <\/strong>51051, 51684<\/p>\n<p><strong>Fiyat ve Teslimat: <\/strong>Zincir fiyat\u0131 dahil de\u011fildir, KDV ve teslimat \u00fccretleri dahildir<strong><br \/>\n<a href=\"https:\/\/www.purejewels.com\/tr\/i%cc%87ade-poli%cc%87ti%cc%87kasi\/\">\u0130ade Politikas\u0131<\/a><\/strong><\/p>","protected":false},"featured_media":418704,"comment_status":"closed","ping_status":"closed","template":"","meta":{"_eb_attr":"","_crsspst_to_jayantr4sg-hostcom":true},"product_brand":[],"product_cat":[1571,1229,1255,1767,1572,1768,1701,5349],"product_tag":[6169,6170],"class_list":{"0":"post-418630","1":"product","2":"type-product","3":"status-publish","4":"has-post-thumbnail","6":"product_cat-fathers-day-gifts","7":"product_cat-22ct-gold-jewellery","8":"product_cat-gold-pendants","9":"product_cat-ladies-pendants","10":"product_cat-mens-jewellery","11":"product_cat-mens-pendants","12":"product_cat-religious-pendants","13":"product_cat-yellow-gold-jewellery","14":"product_tag-22ct-gold-rudraksha-pendant","15":"product_tag-religious-pendant-uk","17":"first","18":"instock","19":"taxable","20":"shipping-taxable","21":"purchasable","22":"product-type-simple","23":"add-to-wishlist-before_image"},"yoast_head":"<!-- This site is optimized with the Yoast SEO plugin v27.6 - https:\/\/yoast.com\/product\/yoast-seo-wordpress\/ -->\n<title>22ct Rudraksha Bow Pendant | Pure Gold Pendant UK<\/title>\n<meta name=\"description\" content=\"22ct Rudraksha Pendant at PureJewels. Pure gold, hallmarked in UK, this pendant blends spiritual energy with elegant craftsmanship, perfect for daily wear or gifting.\" \/>\n<meta name=\"robots\" content=\"index, follow, max-snippet:-1, max-image-preview:large, max-video-preview:-1\" \/>\n<link rel=\"canonical\" href=\"https:\/\/www.purejewels.com\/tr\/urun\/22ct-rudraksha-yay-kolye-ucu-uk\/\" \/>\n<meta property=\"og:locale\" content=\"tr_TR\" \/>\n<meta property=\"og:type\" content=\"article\" \/>\n<meta property=\"og:title\" content=\"22ct Rudraksha Bow Pendant | Pure Gold Pendant UK\" \/>\n<meta property=\"og:description\" content=\"22ct Rudraksha Pendant at PureJewels. Pure gold, hallmarked in UK, this pendant blends spiritual energy with elegant craftsmanship, perfect for daily wear or gifting.\" \/>\n<meta property=\"og:url\" content=\"https:\/\/www.purejewels.com\/tr\/urun\/22ct-rudraksha-yay-kolye-ucu-uk\/\" \/>\n<meta property=\"og:site_name\" content=\"PureJewels UK\" \/>\n<meta property=\"article:modified_time\" content=\"2026-04-24T09:59:52+00:00\" \/>\n<meta property=\"og:image\" content=\"https:\/\/static.purejewels.com\/wp-content\/uploads\/2025\/10\/SKU-51051.jpg\" \/>\n\t<meta property=\"og:image:width\" content=\"1000\" \/>\n\t<meta property=\"og:image:height\" content=\"1000\" \/>\n\t<meta property=\"og:image:type\" content=\"image\/jpeg\" \/>\n<meta name=\"twitter:card\" content=\"summary_large_image\" \/>\n<meta name=\"twitter:label1\" content=\"Tahmini okuma s\u00fcresi\" \/>\n\t<meta name=\"twitter:data1\" content=\"1 dakika\" \/>\n<script type=\"application\/ld+json\" class=\"yoast-schema-graph\">{\"@context\":\"https:\\\/\\\/schema.org\",\"@graph\":[{\"@type\":[\"WebPage\",\"ItemPage\"],\"@id\":\"https:\\\/\\\/www.purejewels.com\\\/product\\\/22ct-rudraksha-bow-pendant-uk\\\/\",\"url\":\"https:\\\/\\\/www.purejewels.com\\\/product\\\/22ct-rudraksha-bow-pendant-uk\\\/\",\"name\":\"22ct Rudraksha Bow Pendant | Pure Gold Pendant UK\",\"isPartOf\":{\"@id\":\"https:\\\/\\\/www.purejewels.com\\\/#website\"},\"primaryImageOfPage\":{\"@id\":\"https:\\\/\\\/www.purejewels.com\\\/product\\\/22ct-rudraksha-bow-pendant-uk\\\/#primaryimage\"},\"image\":{\"@id\":\"https:\\\/\\\/www.purejewels.com\\\/product\\\/22ct-rudraksha-bow-pendant-uk\\\/#primaryimage\"},\"thumbnailUrl\":\"https:\\\/\\\/static.purejewels.com\\\/wp-content\\\/uploads\\\/2025\\\/10\\\/SKU-51051.jpg\",\"datePublished\":\"2025-08-10T14:43:49+00:00\",\"dateModified\":\"2026-04-24T09:59:52+00:00\",\"description\":\"22ct Rudraksha Pendant at PureJewels. Pure gold, hallmarked in UK, this pendant blends spiritual energy with elegant craftsmanship, perfect for daily wear or gifting.\",\"breadcrumb\":{\"@id\":\"https:\\\/\\\/www.purejewels.com\\\/product\\\/22ct-rudraksha-bow-pendant-uk\\\/#breadcrumb\"},\"inLanguage\":\"tr\",\"potentialAction\":[{\"@type\":\"ReadAction\",\"target\":[\"https:\\\/\\\/www.purejewels.com\\\/product\\\/22ct-rudraksha-bow-pendant-uk\\\/\"]}]},{\"@type\":\"ImageObject\",\"inLanguage\":\"tr\",\"@id\":\"https:\\\/\\\/www.purejewels.com\\\/product\\\/22ct-rudraksha-bow-pendant-uk\\\/#primaryimage\",\"url\":\"https:\\\/\\\/static.purejewels.com\\\/wp-content\\\/uploads\\\/2025\\\/10\\\/SKU-51051.jpg\",\"contentUrl\":\"https:\\\/\\\/static.purejewels.com\\\/wp-content\\\/uploads\\\/2025\\\/10\\\/SKU-51051.jpg\",\"width\":1000,\"height\":1000},{\"@type\":\"BreadcrumbList\",\"@id\":\"https:\\\/\\\/www.purejewels.com\\\/product\\\/22ct-rudraksha-bow-pendant-uk\\\/#breadcrumb\",\"itemListElement\":[{\"@type\":\"ListItem\",\"position\":1,\"name\":\"Home\",\"item\":\"https:\\\/\\\/www.purejewels.com\\\/\"},{\"@type\":\"ListItem\",\"position\":2,\"name\":\"Shop\",\"item\":\"https:\\\/\\\/www.purejewels.com\\\/shop\\\/\"},{\"@type\":\"ListItem\",\"position\":3,\"name\":\"22ct Rudraksha Bow Pendant UK\"}]},{\"@type\":\"WebSite\",\"@id\":\"https:\\\/\\\/www.purejewels.com\\\/#website\",\"url\":\"https:\\\/\\\/www.purejewels.com\\\/\",\"name\":\"PureJewels UK\",\"description\":\"Share the Love\",\"publisher\":{\"@id\":\"https:\\\/\\\/www.purejewels.com\\\/#organization\"},\"potentialAction\":[{\"@type\":\"SearchAction\",\"target\":{\"@type\":\"EntryPoint\",\"urlTemplate\":\"https:\\\/\\\/www.purejewels.com\\\/?s={search_term_string}\"},\"query-input\":{\"@type\":\"PropertyValueSpecification\",\"valueRequired\":true,\"valueName\":\"search_term_string\"}}],\"inLanguage\":\"tr\"},{\"@type\":\"Organization\",\"@id\":\"https:\\\/\\\/www.purejewels.com\\\/#organization\",\"name\":\"PureJewels UK\",\"url\":\"https:\\\/\\\/www.purejewels.com\\\/\",\"logo\":{\"@type\":\"ImageObject\",\"inLanguage\":\"tr\",\"@id\":\"https:\\\/\\\/www.purejewels.com\\\/#\\\/schema\\\/logo\\\/image\\\/\",\"url\":\"https:\\\/\\\/static.purejewels.com\\\/wp-content\\\/uploads\\\/2020\\\/11\\\/Logo-PJ-New-1.png\",\"contentUrl\":\"https:\\\/\\\/static.purejewels.com\\\/wp-content\\\/uploads\\\/2020\\\/11\\\/Logo-PJ-New-1.png\",\"width\":150,\"height\":80,\"caption\":\"PureJewels UK\"},\"image\":{\"@id\":\"https:\\\/\\\/www.purejewels.com\\\/#\\\/schema\\\/logo\\\/image\\\/\"}}]}<\/script>\n<!-- \/ Yoast SEO plugin. -->","yoast_head_json":{"title":"22ct Rudraksha Yay Kolye | Saf Alt\u0131n Kolye \u0130ngiltere","description":"PureJewels'de 22 ayar Rudraksha Kolye Ucu. Saf alt\u0131n, \u0130ngiltere damgal\u0131 bu kolye ucu, ruhani enerjiyi zarif i\u015f\u00e7ilikle harmanlayarak g\u00fcnl\u00fck kullan\u0131m veya hediye i\u00e7in m\u00fckemmeldir.","robots":{"index":"index","follow":"follow","max-snippet":"max-snippet:-1","max-image-preview":"max-image-preview:large","max-video-preview":"max-video-preview:-1"},"canonical":"https:\/\/www.purejewels.com\/tr\/urun\/22ct-rudraksha-yay-kolye-ucu-uk\/","og_locale":"tr_TR","og_type":"article","og_title":"22ct Rudraksha Bow Pendant | Pure Gold Pendant UK","og_description":"22ct Rudraksha Pendant at PureJewels. Pure gold, hallmarked in UK, this pendant blends spiritual energy with elegant craftsmanship, perfect for daily wear or gifting.","og_url":"https:\/\/www.purejewels.com\/tr\/urun\/22ct-rudraksha-yay-kolye-ucu-uk\/","og_site_name":"PureJewels UK","article_modified_time":"2026-04-24T09:59:52+00:00","og_image":[{"width":1000,"height":1000,"url":"https:\/\/static.purejewels.com\/wp-content\/uploads\/2025\/10\/SKU-51051.jpg","type":"image\/jpeg"}],"twitter_card":"summary_large_image","twitter_misc":{"Tahmini okuma s\u00fcresi":"1 dakika"},"schema":{"@context":"https:\/\/schema.org","@graph":[{"@type":["WebPage","ItemPage"],"@id":"https:\/\/www.purejewels.com\/product\/22ct-rudraksha-bow-pendant-uk\/","url":"https:\/\/www.purejewels.com\/product\/22ct-rudraksha-bow-pendant-uk\/","name":"22ct Rudraksha Yay Kolye | Saf Alt\u0131n Kolye \u0130ngiltere","isPartOf":{"@id":"https:\/\/www.purejewels.com\/#website"},"primaryImageOfPage":{"@id":"https:\/\/www.purejewels.com\/product\/22ct-rudraksha-bow-pendant-uk\/#primaryimage"},"image":{"@id":"https:\/\/www.purejewels.com\/product\/22ct-rudraksha-bow-pendant-uk\/#primaryimage"},"thumbnailUrl":"https:\/\/static.purejewels.com\/wp-content\/uploads\/2025\/10\/SKU-51051.jpg","datePublished":"2025-08-10T14:43:49+00:00","dateModified":"2026-04-24T09:59:52+00:00","description":"PureJewels'de 22 ayar Rudraksha Kolye Ucu. Saf alt\u0131n, \u0130ngiltere damgal\u0131 bu kolye ucu, ruhani enerjiyi zarif i\u015f\u00e7ilikle harmanlayarak g\u00fcnl\u00fck kullan\u0131m veya hediye i\u00e7in m\u00fckemmeldir.","breadcrumb":{"@id":"https:\/\/www.purejewels.com\/product\/22ct-rudraksha-bow-pendant-uk\/#breadcrumb"},"inLanguage":"tr","potentialAction":[{"@type":"ReadAction","target":["https:\/\/www.purejewels.com\/product\/22ct-rudraksha-bow-pendant-uk\/"]}]},{"@type":"ImageObject","inLanguage":"tr","@id":"https:\/\/www.purejewels.com\/product\/22ct-rudraksha-bow-pendant-uk\/#primaryimage","url":"https:\/\/static.purejewels.com\/wp-content\/uploads\/2025\/10\/SKU-51051.jpg","contentUrl":"https:\/\/static.purejewels.com\/wp-content\/uploads\/2025\/10\/SKU-51051.jpg","width":1000,"height":1000},{"@type":"BreadcrumbList","@id":"https:\/\/www.purejewels.com\/product\/22ct-rudraksha-bow-pendant-uk\/#breadcrumb","itemListElement":[{"@type":"ListItem","position":1,"name":"Home","item":"https:\/\/www.purejewels.com\/"},{"@type":"ListItem","position":2,"name":"Shop","item":"https:\/\/www.purejewels.com\/shop\/"},{"@type":"ListItem","position":3,"name":"22ct Rudraksha Bow Pendant UK"}]},{"@type":"WebSite","@id":"https:\/\/www.purejewels.com\/#website","url":"https:\/\/www.purejewels.com\/","name":"PureJewels \u0130ngiltere","description":"Sevgiyi Payla\u015f\u0131n","publisher":{"@id":"https:\/\/www.purejewels.com\/#organization"},"potentialAction":[{"@type":"SearchAction","target":{"@type":"EntryPoint","urlTemplate":"https:\/\/www.purejewels.com\/?s={search_term_string}"},"query-input":{"@type":"PropertyValueSpecification","valueRequired":true,"valueName":"search_term_string"}}],"inLanguage":"tr"},{"@type":"Organization","@id":"https:\/\/www.purejewels.com\/#organization","name":"PureJewels \u0130ngiltere","url":"https:\/\/www.purejewels.com\/","logo":{"@type":"ImageObject","inLanguage":"tr","@id":"https:\/\/www.purejewels.com\/#\/schema\/logo\/image\/","url":"https:\/\/static.purejewels.com\/wp-content\/uploads\/2020\/11\/Logo-PJ-New-1.png","contentUrl":"https:\/\/static.purejewels.com\/wp-content\/uploads\/2020\/11\/Logo-PJ-New-1.png","width":150,"height":80,"caption":"PureJewels UK"},"image":{"@id":"https:\/\/www.purejewels.com\/#\/schema\/logo\/image\/"}}]}},"_links":{"self":[{"href":"https:\/\/www.purejewels.com\/tr\/wp-json\/wp\/v2\/product\/418630","targetHints":{"allow":["GET"]}}],"collection":[{"href":"https:\/\/www.purejewels.com\/tr\/wp-json\/wp\/v2\/product"}],"about":[{"href":"https:\/\/www.purejewels.com\/tr\/wp-json\/wp\/v2\/types\/product"}],"replies":[{"embeddable":true,"href":"https:\/\/www.purejewels.com\/tr\/wp-json\/wp\/v2\/comments?post=418630"}],"version-history":[{"count":3,"href":"https:\/\/www.purejewels.com\/tr\/wp-json\/wp\/v2\/product\/418630\/revisions"}],"predecessor-version":[{"id":423272,"href":"https:\/\/www.purejewels.com\/tr\/wp-json\/wp\/v2\/product\/418630\/revisions\/423272"}],"wp:featuredmedia":[{"embeddable":true,"href":"https:\/\/www.purejewels.com\/tr\/wp-json\/wp\/v2\/media\/418704"}],"wp:attachment":[{"href":"https:\/\/www.purejewels.com\/tr\/wp-json\/wp\/v2\/media?parent=418630"}],"wp:term":[{"taxonomy":"product_brand","embeddable":true,"href":"https:\/\/www.purejewels.com\/tr\/wp-json\/wp\/v2\/product_brand?post=418630"},{"taxonomy":"product_cat","embeddable":true,"href":"https:\/\/www.purejewels.com\/tr\/wp-json\/wp\/v2\/product_cat?post=418630"},{"taxonomy":"product_tag","embeddable":true,"href":"https:\/\/www.purejewels.com\/tr\/wp-json\/wp\/v2\/product_tag?post=418630"}],"curies":[{"name":"wp","href":"https:\/\/api.w.org\/{rel}","templated":true}]}}