{"id":418703,"date":"2025-09-13T05:29:44","date_gmt":"2025-09-13T04:29:44","guid":{"rendered":"https:\/\/www.purejewels.com\/?post_type=product&#038;p=418703"},"modified":"2026-02-27T05:38:47","modified_gmt":"2026-02-27T05:38:47","slug":"22-ayar-altin-gunluk-klasik-halkalar-53154","status":"publish","type":"product","link":"https:\/\/www.purejewels.com\/tr\/product\/22ct-gold-everyday-classic-hoops-53154\/","title":{"rendered":"22 Ayar Alt\u0131n Everyday Klasik Halka"},"content":{"rendered":"<p data-start=\"514\" data-end=\"866\"><strong data-start=\"514\" data-end=\"533\">Tasar\u0131m Konsepti<\/strong><\/p>\n<p data-start=\"514\" data-end=\"866\">K\u00f6kleri abart\u0131s\u0131z l\u00fcks felsefesine dayanan bu halkalar, rafine sadeli\u011fin bir kutlamas\u0131d\u0131r. Yuvarlak, temiz silueti ve ayna cilal\u0131 y\u00fczeyiyle safl\u0131\u011f\u0131 ve kal\u0131c\u0131l\u0131\u011f\u0131 yans\u0131t\u0131r; g\u00fczelli\u011fi denge ve netlikte arayanlar i\u00e7in idealdir. G\u00fcnl\u00fck vazge\u00e7ilmeziniz olmak \u00fczere tasarlanan bu \u00fcr\u00fcnler, sessizce ama kendinden emin bir \u015fekilde konu\u015fur.<\/p>\n<p data-start=\"868\" data-end=\"1236\"><strong data-start=\"868\" data-end=\"886\">Zanaatkarl\u0131k<\/strong><\/p>\n<p data-start=\"868\" data-end=\"1236\">Bu k\u00fcpeler, e\u015fsiz zenginli\u011fi ve geleneksel de\u011feri nedeniyle se\u00e7ilen parlak 22 ayar sar\u0131 alt\u0131ndan el yap\u0131m\u0131 olarak \u00fcretilmi\u015ftir. Mente\u015feli huggie kapama g\u00fcvenli ve rahat bir uyum sunarak t\u00fcm g\u00fcn kullan\u0131m i\u00e7in idealdir. Dokunuldu\u011funda p\u00fcr\u00fczs\u00fcz ve kusursuz cilal\u0131 olan bu k\u00fcpeler, \u00f6zg\u00fcnl\u00fck ve m\u00fckemmellik m\u00fchr\u00fc olarak Londra Assay Ofisi taraf\u0131ndan damgalanm\u0131\u015ft\u0131r.<\/p>\n<p data-start=\"1238\" data-end=\"1543\"><strong data-start=\"1238\" data-end=\"1256\">Stil Fikirleri<\/strong><\/p>\n<p data-start=\"1238\" data-end=\"1543\">Minimalist bir alt\u0131n ifade i\u00e7in tek ba\u015f\u0131na tak\u0131n veya koordineli bir g\u00f6r\u00fcn\u00fcm i\u00e7in alt\u0131n bir zincir veya \u00fcst \u00fcste dizilmi\u015f bileziklerle e\u015fle\u015ftirin. G\u00fcnl\u00fck kullan\u0131m, hediye etme veya ilk kez alt\u0131n tak\u0131 alacaklar i\u00e7in ideal olan bu \u00e7emberler, zarif olduklar\u0131 kadar \u00e7ok y\u00f6nl\u00fcd\u00fcr ve i\u015f k\u0131yafetlerinden hafta sonuna kadar sorunsuz bir \u015fekilde uyum sa\u011flar.<\/p>","protected":false},"excerpt":{"rendered":"<p data-start=\"906\" data-end=\"1110\">Minimal ama \u0131\u015f\u0131lt\u0131l\u0131 22 Ayar Alt\u0131n Everyday Classic Hoops'lar\u0131m\u0131z zahmetsiz \u015f\u0131kl\u0131k i\u00e7in tasarland\u0131. Y\u00fcksek cilal\u0131 sar\u0131 alt\u0131ndan \u00fcretilen bu halkalar, kulak memesini p\u00fcr\u00fczs\u00fcz, yontulmu\u015f bir y\u00fczeyle sarar; g\u00fcnl\u00fck kullan\u0131m veya ince katmanlar i\u00e7in m\u00fckemmeldir.<\/p>\n<p><strong>Malzeme:<\/strong> 22 Ayar Alt\u0131n (91,6% Saf Alt\u0131n)<strong><br \/>\nHallmark:\u00a0<\/strong>\u0130ngiliz Damgas\u0131<strong><br \/>\n<\/strong><strong>Br\u00fct A\u011f\u0131rl\u0131k: <\/strong>1.89 Gms<br \/>\n<strong>SKU:<\/strong> 53154, 52462<\/p>\n<p><strong>Fiyat ve Teslimat<\/strong>:KDV ve teslimat \u00fccreti dahil<br \/>\n<a href=\"https:\/\/www.purejewels.com\/tr\/i%cc%87ade-poli%cc%87ti%cc%87kasi\/\">\u0130ade Politikas\u0131<\/a><\/p>","protected":false},"featured_media":418706,"comment_status":"closed","ping_status":"closed","template":"","meta":{"_eb_attr":"","_crsspst_to_jayantr4sg-hostcom":true},"product_brand":[],"product_cat":[1791,1559,1793,1792,1254,1229,1579,5343,5608,1574,5349],"product_tag":[6101],"class_list":{"0":"post-418703","1":"product","2":"type-product","3":"status-publish","4":"has-post-thumbnail","6":"product_cat-anniversary-gifts","7":"product_cat-birthday-gifts","8":"product_cat-diwali-gifts","9":"product_cat-festival-gifts","10":"product_cat-gold-earrings","11":"product_cat-22ct-gold-jewellery","12":"product_cat-hoop-earrings","13":"product_cat-jewellery-under-550","14":"product_cat-simple-hoops","15":"product_cat-womens-jewellery","16":"product_cat-yellow-gold-jewellery","17":"product_tag-earring","19":"first","20":"outofstock","21":"taxable","22":"shipping-taxable","23":"product-type-simple","24":"add-to-wishlist-before_image"},"yoast_head":"<!-- This site is optimized with the Yoast SEO plugin v27.3 - https:\/\/yoast.com\/product\/yoast-seo-wordpress\/ -->\n<title>22ct Gold Everyday Classic Hoops | PureJewels London<\/title>\n<meta name=\"description\" content=\"iscover 22ct Gold Everyday Classic Hoops. Pure, polished and perfect for daily wear. A timeless gold essential from PureJewels London. Shop now.\" \/>\n<meta name=\"robots\" content=\"index, follow, max-snippet:-1, max-image-preview:large, max-video-preview:-1\" \/>\n<link rel=\"canonical\" href=\"https:\/\/www.purejewels.com\/tr\/urun\/22-ayar-altin-gunluk-klasik-halkalar-53154\/\" \/>\n<meta property=\"og:locale\" content=\"tr_TR\" \/>\n<meta property=\"og:type\" content=\"article\" \/>\n<meta property=\"og:title\" content=\"22ct Gold Everyday Classic Hoops | PureJewels London\" \/>\n<meta property=\"og:description\" content=\"iscover 22ct Gold Everyday Classic Hoops. Pure, polished and perfect for daily wear. A timeless gold essential from PureJewels London. Shop now.\" \/>\n<meta property=\"og:url\" content=\"https:\/\/www.purejewels.com\/tr\/urun\/22-ayar-altin-gunluk-klasik-halkalar-53154\/\" \/>\n<meta property=\"og:site_name\" content=\"PureJewels UK\" \/>\n<meta property=\"article:modified_time\" content=\"2026-02-27T05:38:47+00:00\" \/>\n<meta property=\"og:image\" content=\"https:\/\/static.purejewels.com\/wp-content\/uploads\/2025\/10\/SKU-52462_1.jpg\" \/>\n\t<meta property=\"og:image:width\" content=\"1000\" \/>\n\t<meta property=\"og:image:height\" content=\"1000\" \/>\n\t<meta property=\"og:image:type\" content=\"image\/jpeg\" \/>\n<meta name=\"twitter:card\" content=\"summary_large_image\" \/>\n<meta name=\"twitter:label1\" content=\"Tahmini okuma s\u00fcresi\" \/>\n\t<meta name=\"twitter:data1\" content=\"1 dakika\" \/>\n<script type=\"application\/ld+json\" class=\"yoast-schema-graph\">{\"@context\":\"https:\\\/\\\/schema.org\",\"@graph\":[{\"@type\":[\"WebPage\",\"ItemPage\"],\"@id\":\"https:\\\/\\\/www.purejewels.com\\\/product\\\/22ct-gold-everyday-classic-hoops-53154\\\/\",\"url\":\"https:\\\/\\\/www.purejewels.com\\\/product\\\/22ct-gold-everyday-classic-hoops-53154\\\/\",\"name\":\"22ct Gold Everyday Classic Hoops | PureJewels London\",\"isPartOf\":{\"@id\":\"https:\\\/\\\/www.purejewels.com\\\/#website\"},\"primaryImageOfPage\":{\"@id\":\"https:\\\/\\\/www.purejewels.com\\\/product\\\/22ct-gold-everyday-classic-hoops-53154\\\/#primaryimage\"},\"image\":{\"@id\":\"https:\\\/\\\/www.purejewels.com\\\/product\\\/22ct-gold-everyday-classic-hoops-53154\\\/#primaryimage\"},\"thumbnailUrl\":\"https:\\\/\\\/static.purejewels.com\\\/wp-content\\\/uploads\\\/2025\\\/10\\\/SKU-52462_1.jpg\",\"datePublished\":\"2025-09-13T04:29:44+00:00\",\"dateModified\":\"2026-02-27T05:38:47+00:00\",\"description\":\"iscover 22ct Gold Everyday Classic Hoops. Pure, polished and perfect for daily wear. A timeless gold essential from PureJewels London. Shop now.\",\"breadcrumb\":{\"@id\":\"https:\\\/\\\/www.purejewels.com\\\/product\\\/22ct-gold-everyday-classic-hoops-53154\\\/#breadcrumb\"},\"inLanguage\":\"tr\",\"potentialAction\":[{\"@type\":\"ReadAction\",\"target\":[\"https:\\\/\\\/www.purejewels.com\\\/product\\\/22ct-gold-everyday-classic-hoops-53154\\\/\"]}]},{\"@type\":\"ImageObject\",\"inLanguage\":\"tr\",\"@id\":\"https:\\\/\\\/www.purejewels.com\\\/product\\\/22ct-gold-everyday-classic-hoops-53154\\\/#primaryimage\",\"url\":\"https:\\\/\\\/static.purejewels.com\\\/wp-content\\\/uploads\\\/2025\\\/10\\\/SKU-52462_1.jpg\",\"contentUrl\":\"https:\\\/\\\/static.purejewels.com\\\/wp-content\\\/uploads\\\/2025\\\/10\\\/SKU-52462_1.jpg\",\"width\":1000,\"height\":1000,\"caption\":\"22ct Gold Everyday Classic Hoops\"},{\"@type\":\"BreadcrumbList\",\"@id\":\"https:\\\/\\\/www.purejewels.com\\\/product\\\/22ct-gold-everyday-classic-hoops-53154\\\/#breadcrumb\",\"itemListElement\":[{\"@type\":\"ListItem\",\"position\":1,\"name\":\"Home\",\"item\":\"https:\\\/\\\/www.purejewels.com\\\/\"},{\"@type\":\"ListItem\",\"position\":2,\"name\":\"Shop\",\"item\":\"https:\\\/\\\/www.purejewels.com\\\/shop\\\/\"},{\"@type\":\"ListItem\",\"position\":3,\"name\":\"22ct Gold Everyday Classic Hoops\"}]},{\"@type\":\"WebSite\",\"@id\":\"https:\\\/\\\/www.purejewels.com\\\/#website\",\"url\":\"https:\\\/\\\/www.purejewels.com\\\/\",\"name\":\"PureJewels UK\",\"description\":\"Share the Love\",\"publisher\":{\"@id\":\"https:\\\/\\\/www.purejewels.com\\\/#organization\"},\"potentialAction\":[{\"@type\":\"SearchAction\",\"target\":{\"@type\":\"EntryPoint\",\"urlTemplate\":\"https:\\\/\\\/www.purejewels.com\\\/?s={search_term_string}\"},\"query-input\":{\"@type\":\"PropertyValueSpecification\",\"valueRequired\":true,\"valueName\":\"search_term_string\"}}],\"inLanguage\":\"tr\"},{\"@type\":\"Organization\",\"@id\":\"https:\\\/\\\/www.purejewels.com\\\/#organization\",\"name\":\"PureJewels UK\",\"url\":\"https:\\\/\\\/www.purejewels.com\\\/\",\"logo\":{\"@type\":\"ImageObject\",\"inLanguage\":\"tr\",\"@id\":\"https:\\\/\\\/www.purejewels.com\\\/#\\\/schema\\\/logo\\\/image\\\/\",\"url\":\"https:\\\/\\\/static.purejewels.com\\\/wp-content\\\/uploads\\\/2020\\\/11\\\/Logo-PJ-New-1.png\",\"contentUrl\":\"https:\\\/\\\/static.purejewels.com\\\/wp-content\\\/uploads\\\/2020\\\/11\\\/Logo-PJ-New-1.png\",\"width\":150,\"height\":80,\"caption\":\"PureJewels UK\"},\"image\":{\"@id\":\"https:\\\/\\\/www.purejewels.com\\\/#\\\/schema\\\/logo\\\/image\\\/\"}}]}<\/script>\n<!-- \/ Yoast SEO plugin. -->","yoast_head_json":{"title":"22 Ayar Alt\u0131n Everyday Classic Hoops | PureJewels London","description":"iscover 22 Ayar Alt\u0131n G\u00fcnl\u00fck Klasik Halka. Saf, cilal\u0131 ve g\u00fcnl\u00fck kullan\u0131m i\u00e7in m\u00fckemmel. PureJewels London'dan zamans\u0131z bir alt\u0131n vazge\u00e7ilmez. \u015eimdi sat\u0131n al\u0131n.","robots":{"index":"index","follow":"follow","max-snippet":"max-snippet:-1","max-image-preview":"max-image-preview:large","max-video-preview":"max-video-preview:-1"},"canonical":"https:\/\/www.purejewels.com\/tr\/urun\/22-ayar-altin-gunluk-klasik-halkalar-53154\/","og_locale":"tr_TR","og_type":"article","og_title":"22ct Gold Everyday Classic Hoops | PureJewels London","og_description":"iscover 22ct Gold Everyday Classic Hoops. Pure, polished and perfect for daily wear. A timeless gold essential from PureJewels London. Shop now.","og_url":"https:\/\/www.purejewels.com\/tr\/urun\/22-ayar-altin-gunluk-klasik-halkalar-53154\/","og_site_name":"PureJewels UK","article_modified_time":"2026-02-27T05:38:47+00:00","og_image":[{"width":1000,"height":1000,"url":"https:\/\/static.purejewels.com\/wp-content\/uploads\/2025\/10\/SKU-52462_1.jpg","type":"image\/jpeg"}],"twitter_card":"summary_large_image","twitter_misc":{"Tahmini okuma s\u00fcresi":"1 dakika"},"schema":{"@context":"https:\/\/schema.org","@graph":[{"@type":["WebPage","ItemPage"],"@id":"https:\/\/www.purejewels.com\/product\/22ct-gold-everyday-classic-hoops-53154\/","url":"https:\/\/www.purejewels.com\/product\/22ct-gold-everyday-classic-hoops-53154\/","name":"22 Ayar Alt\u0131n Everyday Classic Hoops | PureJewels London","isPartOf":{"@id":"https:\/\/www.purejewels.com\/#website"},"primaryImageOfPage":{"@id":"https:\/\/www.purejewels.com\/product\/22ct-gold-everyday-classic-hoops-53154\/#primaryimage"},"image":{"@id":"https:\/\/www.purejewels.com\/product\/22ct-gold-everyday-classic-hoops-53154\/#primaryimage"},"thumbnailUrl":"https:\/\/static.purejewels.com\/wp-content\/uploads\/2025\/10\/SKU-52462_1.jpg","datePublished":"2025-09-13T04:29:44+00:00","dateModified":"2026-02-27T05:38:47+00:00","description":"iscover 22 Ayar Alt\u0131n G\u00fcnl\u00fck Klasik Halka. Saf, cilal\u0131 ve g\u00fcnl\u00fck kullan\u0131m i\u00e7in m\u00fckemmel. PureJewels London'dan zamans\u0131z bir alt\u0131n vazge\u00e7ilmez. \u015eimdi sat\u0131n al\u0131n.","breadcrumb":{"@id":"https:\/\/www.purejewels.com\/product\/22ct-gold-everyday-classic-hoops-53154\/#breadcrumb"},"inLanguage":"tr","potentialAction":[{"@type":"ReadAction","target":["https:\/\/www.purejewels.com\/product\/22ct-gold-everyday-classic-hoops-53154\/"]}]},{"@type":"ImageObject","inLanguage":"tr","@id":"https:\/\/www.purejewels.com\/product\/22ct-gold-everyday-classic-hoops-53154\/#primaryimage","url":"https:\/\/static.purejewels.com\/wp-content\/uploads\/2025\/10\/SKU-52462_1.jpg","contentUrl":"https:\/\/static.purejewels.com\/wp-content\/uploads\/2025\/10\/SKU-52462_1.jpg","width":1000,"height":1000,"caption":"22ct Gold Everyday Classic Hoops"},{"@type":"BreadcrumbList","@id":"https:\/\/www.purejewels.com\/product\/22ct-gold-everyday-classic-hoops-53154\/#breadcrumb","itemListElement":[{"@type":"ListItem","position":1,"name":"Home","item":"https:\/\/www.purejewels.com\/"},{"@type":"ListItem","position":2,"name":"Shop","item":"https:\/\/www.purejewels.com\/shop\/"},{"@type":"ListItem","position":3,"name":"22ct Gold Everyday Classic Hoops"}]},{"@type":"WebSite","@id":"https:\/\/www.purejewels.com\/#website","url":"https:\/\/www.purejewels.com\/","name":"PureJewels \u0130ngiltere","description":"Sevgiyi Payla\u015f\u0131n","publisher":{"@id":"https:\/\/www.purejewels.com\/#organization"},"potentialAction":[{"@type":"SearchAction","target":{"@type":"EntryPoint","urlTemplate":"https:\/\/www.purejewels.com\/?s={search_term_string}"},"query-input":{"@type":"PropertyValueSpecification","valueRequired":true,"valueName":"search_term_string"}}],"inLanguage":"tr"},{"@type":"Organization","@id":"https:\/\/www.purejewels.com\/#organization","name":"PureJewels \u0130ngiltere","url":"https:\/\/www.purejewels.com\/","logo":{"@type":"ImageObject","inLanguage":"tr","@id":"https:\/\/www.purejewels.com\/#\/schema\/logo\/image\/","url":"https:\/\/static.purejewels.com\/wp-content\/uploads\/2020\/11\/Logo-PJ-New-1.png","contentUrl":"https:\/\/static.purejewels.com\/wp-content\/uploads\/2020\/11\/Logo-PJ-New-1.png","width":150,"height":80,"caption":"PureJewels UK"},"image":{"@id":"https:\/\/www.purejewels.com\/#\/schema\/logo\/image\/"}}]}},"_links":{"self":[{"href":"https:\/\/www.purejewels.com\/tr\/wp-json\/wp\/v2\/product\/418703","targetHints":{"allow":["GET"]}}],"collection":[{"href":"https:\/\/www.purejewels.com\/tr\/wp-json\/wp\/v2\/product"}],"about":[{"href":"https:\/\/www.purejewels.com\/tr\/wp-json\/wp\/v2\/types\/product"}],"replies":[{"embeddable":true,"href":"https:\/\/www.purejewels.com\/tr\/wp-json\/wp\/v2\/comments?post=418703"}],"version-history":[{"count":1,"href":"https:\/\/www.purejewels.com\/tr\/wp-json\/wp\/v2\/product\/418703\/revisions"}],"predecessor-version":[{"id":418710,"href":"https:\/\/www.purejewels.com\/tr\/wp-json\/wp\/v2\/product\/418703\/revisions\/418710"}],"wp:featuredmedia":[{"embeddable":true,"href":"https:\/\/www.purejewels.com\/tr\/wp-json\/wp\/v2\/media\/418706"}],"wp:attachment":[{"href":"https:\/\/www.purejewels.com\/tr\/wp-json\/wp\/v2\/media?parent=418703"}],"wp:term":[{"taxonomy":"product_brand","embeddable":true,"href":"https:\/\/www.purejewels.com\/tr\/wp-json\/wp\/v2\/product_brand?post=418703"},{"taxonomy":"product_cat","embeddable":true,"href":"https:\/\/www.purejewels.com\/tr\/wp-json\/wp\/v2\/product_cat?post=418703"},{"taxonomy":"product_tag","embeddable":true,"href":"https:\/\/www.purejewels.com\/tr\/wp-json\/wp\/v2\/product_tag?post=418703"}],"curies":[{"name":"wp","href":"https:\/\/api.w.org\/{rel}","templated":true}]}}