{"id":418770,"date":"2025-09-23T08:01:10","date_gmt":"2025-09-23T07:01:10","guid":{"rendered":"https:\/\/www.purejewels.com\/?post_type=product&#038;p=418770"},"modified":"2025-12-31T05:18:39","modified_gmt":"2025-12-31T05:18:39","slug":"22ct-kelebek-kanadi-kolye-ucu-uk","status":"publish","type":"product","link":"https:\/\/www.purejewels.com\/tr\/product\/22ct-butterfly-wing-pendant-uk\/","title":{"rendered":"Kelebek Kanad\u0131 Kolye | 22ct"},"content":{"rendered":"<p data-start=\"487\" data-end=\"761\"><strong data-start=\"487\" data-end=\"497\">Tasar\u0131m<\/strong><br data-start=\"497\" data-end=\"500\" \/>Kelebek kanatlar\u0131n\u0131n narin yap\u0131s\u0131ndan ilham alan bu zarif kolye ucu, 22 ayar alt\u0131ndan kalp \u015feklinde motifler ve ince bir rodyum vurguyla \u015fekillendirilmi\u015ftir. Ajurlu tasar\u0131m \u0131\u015f\u0131\u011f\u0131 g\u00fczel bir \u015fekilde yakalayarak \u00f6zg\u00fcrl\u00fc\u011f\u00fc, d\u00f6n\u00fc\u015f\u00fcm\u00fc ve zarafeti sembolize eder.<\/p>\n<p data-start=\"763\" data-end=\"990\"><strong data-start=\"763\" data-end=\"780\">Zanaatkarl\u0131k<\/strong><br data-start=\"780\" data-end=\"783\" \/>Londra'da el yap\u0131m\u0131 olarak \u00fcretilen ve Birle\u015fik Krall\u0131k Assay Ofisi taraf\u0131ndan damgalanan kolye ucu, alt\u0131n ve rodyum aras\u0131ndaki kontrast\u0131 ortaya \u00e7\u0131karan ve \u0131\u015f\u0131lt\u0131l\u0131 \u00e7ekicili\u011fini art\u0131ran hassas sonland\u0131rma ve rafine cilalama \u00f6zelliklerine sahiptir.<\/p>\n<p data-start=\"992\" data-end=\"1235\" data-is-last-node=\"\" data-is-only-node=\"\"><strong data-start=\"992\" data-end=\"1013\">\u015eekillendirme &amp; Hediyele\u015fme<\/strong><br data-start=\"1013\" data-end=\"1016\" \/>G\u00fcnd\u00fczden ak\u015fama zahmetsizce ge\u00e7i\u015f yapan zarif bir kolye ucu. Do\u011fum g\u00fcnleri, y\u0131l d\u00f6n\u00fcmleri veya \u00f6zel d\u00f6n\u00fcm noktalar\u0131nda hediye etmek i\u00e7in ideal olan bu kolye, \u0131\u015f\u0131lt\u0131l\u0131 ve \u00e7a\u011fda\u015f bir g\u00f6r\u00fcn\u00fcm i\u00e7in tilki kuyru\u011fu veya kutu zincirle zarif bir \u015fekilde e\u015fle\u015fir.<\/p>\n<p data-start=\"992\" data-end=\"1235\" data-is-last-node=\"\" data-is-only-node=\"\">Seri Kimli\u011fi: JWPNSPCB001ABCS<\/p>","protected":false},"excerpt":{"rendered":"<p>Kelebek kanatlar\u0131ndan esinlenilerek tasarlanan 22 ayar alt\u0131n kolye ucu, kalbe benzer kesiklere ve yumu\u015fak rodyum vurguya sahiptir. Londra'da el yap\u0131m\u0131d\u0131r ve safl\u0131k damgal\u0131d\u0131r.<\/p>\n<p><strong>Malzeme:<\/strong> 22 Ayar Alt\u0131n (91,6% Saf Alt\u0131n)<strong><br \/>\nHallmark:\u00a0<\/strong>\u0130ngiliz Damgas\u0131<strong><br \/>\n<\/strong><strong>Br\u00fct A\u011f\u0131rl\u0131k: <\/strong>\u00a00,67 Gms<strong><br \/>\nSKU: <\/strong>53152, 52409<\/p>\n<p><strong>Fiyat ve Teslimat: <\/strong>Zincir fiyat\u0131 dahil de\u011fildir, KDV ve teslimat \u00fccretleri dahildir<strong><br \/>\n<a href=\"https:\/\/www.purejewels.com\/tr\/i%cc%87ade-poli%cc%87ti%cc%87kasi\/\">\u0130ade Politikas\u0131<\/a><\/strong><\/p>","protected":false},"featured_media":418771,"comment_status":"closed","ping_status":"closed","template":"","meta":{"_eb_attr":"","_crsspst_to_jayantr4sg-hostcom":true},"product_brand":[],"product_cat":[1794,1793,1792,1229,1255,5342,1767,5338,1574,5349],"product_tag":[6174],"class_list":{"0":"post-418770","1":"product","2":"type-product","3":"status-publish","4":"has-post-thumbnail","6":"product_cat-christmas-gifts","7":"product_cat-diwali-gifts","8":"product_cat-festival-gifts","9":"product_cat-22ct-gold-jewellery","10":"product_cat-gold-pendants","11":"product_cat-jewellery-under-250","12":"product_cat-ladies-pendants","13":"product_cat-shop-by-price","14":"product_cat-womens-jewellery","15":"product_cat-yellow-gold-jewellery","16":"product_tag-22ct-butterfly-pendant","18":"first","19":"outofstock","20":"taxable","21":"shipping-taxable","22":"product-type-simple","23":"add-to-wishlist-before_image"},"yoast_head":"<!-- This site is optimized with the Yoast SEO plugin v27.5 - https:\/\/yoast.com\/product\/yoast-seo-wordpress\/ -->\n<title>22ct Gold Butterfly Wing Pendant | PureJewels UK<\/title>\n<meta name=\"description\" content=\"Handcrafted in London, this 22ct Gold Butterfly Wing Pendant features heart-shaped detailing and a rhodium accent, hallmarked by the UK Assay Office.\" \/>\n<meta name=\"robots\" content=\"index, follow, max-snippet:-1, max-image-preview:large, max-video-preview:-1\" \/>\n<link rel=\"canonical\" href=\"https:\/\/www.purejewels.com\/tr\/urun\/22ct-kelebek-kanadi-kolye-ucu-uk\/\" \/>\n<meta property=\"og:locale\" content=\"tr_TR\" \/>\n<meta property=\"og:type\" content=\"article\" \/>\n<meta property=\"og:title\" content=\"22ct Gold Butterfly Wing Pendant | PureJewels UK\" \/>\n<meta property=\"og:description\" content=\"Handcrafted in London, this 22ct Gold Butterfly Wing Pendant features heart-shaped detailing and a rhodium accent, hallmarked by the UK Assay Office.\" \/>\n<meta property=\"og:url\" content=\"https:\/\/www.purejewels.com\/tr\/urun\/22ct-kelebek-kanadi-kolye-ucu-uk\/\" \/>\n<meta property=\"og:site_name\" content=\"PureJewels UK\" \/>\n<meta property=\"article:modified_time\" content=\"2025-12-31T05:18:39+00:00\" \/>\n<meta property=\"og:image\" content=\"https:\/\/static.purejewels.com\/wp-content\/uploads\/2025\/10\/SKU-52409.jpg\" \/>\n\t<meta property=\"og:image:width\" content=\"1000\" \/>\n\t<meta property=\"og:image:height\" content=\"1000\" \/>\n\t<meta property=\"og:image:type\" content=\"image\/jpeg\" \/>\n<meta name=\"twitter:card\" content=\"summary_large_image\" \/>\n<meta name=\"twitter:label1\" content=\"Tahmini okuma s\u00fcresi\" \/>\n\t<meta name=\"twitter:data1\" content=\"1 dakika\" \/>\n<script type=\"application\/ld+json\" class=\"yoast-schema-graph\">{\"@context\":\"https:\\\/\\\/schema.org\",\"@graph\":[{\"@type\":[\"WebPage\",\"ItemPage\"],\"@id\":\"https:\\\/\\\/www.purejewels.com\\\/product\\\/22ct-butterfly-wing-pendant-uk\\\/\",\"url\":\"https:\\\/\\\/www.purejewels.com\\\/product\\\/22ct-butterfly-wing-pendant-uk\\\/\",\"name\":\"22ct Gold Butterfly Wing Pendant | PureJewels UK\",\"isPartOf\":{\"@id\":\"https:\\\/\\\/www.purejewels.com\\\/#website\"},\"primaryImageOfPage\":{\"@id\":\"https:\\\/\\\/www.purejewels.com\\\/product\\\/22ct-butterfly-wing-pendant-uk\\\/#primaryimage\"},\"image\":{\"@id\":\"https:\\\/\\\/www.purejewels.com\\\/product\\\/22ct-butterfly-wing-pendant-uk\\\/#primaryimage\"},\"thumbnailUrl\":\"https:\\\/\\\/static.purejewels.com\\\/wp-content\\\/uploads\\\/2025\\\/10\\\/SKU-52409.jpg\",\"datePublished\":\"2025-09-23T07:01:10+00:00\",\"dateModified\":\"2025-12-31T05:18:39+00:00\",\"description\":\"Handcrafted in London, this 22ct Gold Butterfly Wing Pendant features heart-shaped detailing and a rhodium accent, hallmarked by the UK Assay Office.\",\"breadcrumb\":{\"@id\":\"https:\\\/\\\/www.purejewels.com\\\/product\\\/22ct-butterfly-wing-pendant-uk\\\/#breadcrumb\"},\"inLanguage\":\"tr\",\"potentialAction\":[{\"@type\":\"ReadAction\",\"target\":[\"https:\\\/\\\/www.purejewels.com\\\/product\\\/22ct-butterfly-wing-pendant-uk\\\/\"]}]},{\"@type\":\"ImageObject\",\"inLanguage\":\"tr\",\"@id\":\"https:\\\/\\\/www.purejewels.com\\\/product\\\/22ct-butterfly-wing-pendant-uk\\\/#primaryimage\",\"url\":\"https:\\\/\\\/static.purejewels.com\\\/wp-content\\\/uploads\\\/2025\\\/10\\\/SKU-52409.jpg\",\"contentUrl\":\"https:\\\/\\\/static.purejewels.com\\\/wp-content\\\/uploads\\\/2025\\\/10\\\/SKU-52409.jpg\",\"width\":1000,\"height\":1000},{\"@type\":\"BreadcrumbList\",\"@id\":\"https:\\\/\\\/www.purejewels.com\\\/product\\\/22ct-butterfly-wing-pendant-uk\\\/#breadcrumb\",\"itemListElement\":[{\"@type\":\"ListItem\",\"position\":1,\"name\":\"Home\",\"item\":\"https:\\\/\\\/www.purejewels.com\\\/\"},{\"@type\":\"ListItem\",\"position\":2,\"name\":\"Shop\",\"item\":\"https:\\\/\\\/www.purejewels.com\\\/shop\\\/\"},{\"@type\":\"ListItem\",\"position\":3,\"name\":\"Butterfly Wing Pendant | 22ct\"}]},{\"@type\":\"WebSite\",\"@id\":\"https:\\\/\\\/www.purejewels.com\\\/#website\",\"url\":\"https:\\\/\\\/www.purejewels.com\\\/\",\"name\":\"PureJewels UK\",\"description\":\"Share the Love\",\"publisher\":{\"@id\":\"https:\\\/\\\/www.purejewels.com\\\/#organization\"},\"potentialAction\":[{\"@type\":\"SearchAction\",\"target\":{\"@type\":\"EntryPoint\",\"urlTemplate\":\"https:\\\/\\\/www.purejewels.com\\\/?s={search_term_string}\"},\"query-input\":{\"@type\":\"PropertyValueSpecification\",\"valueRequired\":true,\"valueName\":\"search_term_string\"}}],\"inLanguage\":\"tr\"},{\"@type\":\"Organization\",\"@id\":\"https:\\\/\\\/www.purejewels.com\\\/#organization\",\"name\":\"PureJewels UK\",\"url\":\"https:\\\/\\\/www.purejewels.com\\\/\",\"logo\":{\"@type\":\"ImageObject\",\"inLanguage\":\"tr\",\"@id\":\"https:\\\/\\\/www.purejewels.com\\\/#\\\/schema\\\/logo\\\/image\\\/\",\"url\":\"https:\\\/\\\/static.purejewels.com\\\/wp-content\\\/uploads\\\/2020\\\/11\\\/Logo-PJ-New-1.png\",\"contentUrl\":\"https:\\\/\\\/static.purejewels.com\\\/wp-content\\\/uploads\\\/2020\\\/11\\\/Logo-PJ-New-1.png\",\"width\":150,\"height\":80,\"caption\":\"PureJewels UK\"},\"image\":{\"@id\":\"https:\\\/\\\/www.purejewels.com\\\/#\\\/schema\\\/logo\\\/image\\\/\"}}]}<\/script>\n<!-- \/ Yoast SEO plugin. -->","yoast_head_json":{"title":"22 Ayar Alt\u0131n Kelebek Kanad\u0131 Kolye Ucu | PureJewels UK","description":"Londra'da el i\u015f\u00e7ili\u011fiyle \u00fcretilen bu 22 Ayar Alt\u0131n Kelebek Kanad\u0131 Kolye, kalp \u015feklinde detaylara ve rodyum vurguya sahiptir ve Birle\u015fik Krall\u0131k Tahlil Ofisi taraf\u0131ndan damgalanm\u0131\u015ft\u0131r.","robots":{"index":"index","follow":"follow","max-snippet":"max-snippet:-1","max-image-preview":"max-image-preview:large","max-video-preview":"max-video-preview:-1"},"canonical":"https:\/\/www.purejewels.com\/tr\/urun\/22ct-kelebek-kanadi-kolye-ucu-uk\/","og_locale":"tr_TR","og_type":"article","og_title":"22ct Gold Butterfly Wing Pendant | PureJewels UK","og_description":"Handcrafted in London, this 22ct Gold Butterfly Wing Pendant features heart-shaped detailing and a rhodium accent, hallmarked by the UK Assay Office.","og_url":"https:\/\/www.purejewels.com\/tr\/urun\/22ct-kelebek-kanadi-kolye-ucu-uk\/","og_site_name":"PureJewels UK","article_modified_time":"2025-12-31T05:18:39+00:00","og_image":[{"width":1000,"height":1000,"url":"https:\/\/static.purejewels.com\/wp-content\/uploads\/2025\/10\/SKU-52409.jpg","type":"image\/jpeg"}],"twitter_card":"summary_large_image","twitter_misc":{"Tahmini okuma s\u00fcresi":"1 dakika"},"schema":{"@context":"https:\/\/schema.org","@graph":[{"@type":["WebPage","ItemPage"],"@id":"https:\/\/www.purejewels.com\/product\/22ct-butterfly-wing-pendant-uk\/","url":"https:\/\/www.purejewels.com\/product\/22ct-butterfly-wing-pendant-uk\/","name":"22 Ayar Alt\u0131n Kelebek Kanad\u0131 Kolye Ucu | PureJewels UK","isPartOf":{"@id":"https:\/\/www.purejewels.com\/#website"},"primaryImageOfPage":{"@id":"https:\/\/www.purejewels.com\/product\/22ct-butterfly-wing-pendant-uk\/#primaryimage"},"image":{"@id":"https:\/\/www.purejewels.com\/product\/22ct-butterfly-wing-pendant-uk\/#primaryimage"},"thumbnailUrl":"https:\/\/static.purejewels.com\/wp-content\/uploads\/2025\/10\/SKU-52409.jpg","datePublished":"2025-09-23T07:01:10+00:00","dateModified":"2025-12-31T05:18:39+00:00","description":"Londra'da el i\u015f\u00e7ili\u011fiyle \u00fcretilen bu 22 Ayar Alt\u0131n Kelebek Kanad\u0131 Kolye, kalp \u015feklinde detaylara ve rodyum vurguya sahiptir ve Birle\u015fik Krall\u0131k Tahlil Ofisi taraf\u0131ndan damgalanm\u0131\u015ft\u0131r.","breadcrumb":{"@id":"https:\/\/www.purejewels.com\/product\/22ct-butterfly-wing-pendant-uk\/#breadcrumb"},"inLanguage":"tr","potentialAction":[{"@type":"ReadAction","target":["https:\/\/www.purejewels.com\/product\/22ct-butterfly-wing-pendant-uk\/"]}]},{"@type":"ImageObject","inLanguage":"tr","@id":"https:\/\/www.purejewels.com\/product\/22ct-butterfly-wing-pendant-uk\/#primaryimage","url":"https:\/\/static.purejewels.com\/wp-content\/uploads\/2025\/10\/SKU-52409.jpg","contentUrl":"https:\/\/static.purejewels.com\/wp-content\/uploads\/2025\/10\/SKU-52409.jpg","width":1000,"height":1000},{"@type":"BreadcrumbList","@id":"https:\/\/www.purejewels.com\/product\/22ct-butterfly-wing-pendant-uk\/#breadcrumb","itemListElement":[{"@type":"ListItem","position":1,"name":"Home","item":"https:\/\/www.purejewels.com\/"},{"@type":"ListItem","position":2,"name":"Shop","item":"https:\/\/www.purejewels.com\/shop\/"},{"@type":"ListItem","position":3,"name":"Butterfly Wing Pendant | 22ct"}]},{"@type":"WebSite","@id":"https:\/\/www.purejewels.com\/#website","url":"https:\/\/www.purejewels.com\/","name":"PureJewels \u0130ngiltere","description":"Sevgiyi Payla\u015f\u0131n","publisher":{"@id":"https:\/\/www.purejewels.com\/#organization"},"potentialAction":[{"@type":"SearchAction","target":{"@type":"EntryPoint","urlTemplate":"https:\/\/www.purejewels.com\/?s={search_term_string}"},"query-input":{"@type":"PropertyValueSpecification","valueRequired":true,"valueName":"search_term_string"}}],"inLanguage":"tr"},{"@type":"Organization","@id":"https:\/\/www.purejewels.com\/#organization","name":"PureJewels \u0130ngiltere","url":"https:\/\/www.purejewels.com\/","logo":{"@type":"ImageObject","inLanguage":"tr","@id":"https:\/\/www.purejewels.com\/#\/schema\/logo\/image\/","url":"https:\/\/static.purejewels.com\/wp-content\/uploads\/2020\/11\/Logo-PJ-New-1.png","contentUrl":"https:\/\/static.purejewels.com\/wp-content\/uploads\/2020\/11\/Logo-PJ-New-1.png","width":150,"height":80,"caption":"PureJewels UK"},"image":{"@id":"https:\/\/www.purejewels.com\/#\/schema\/logo\/image\/"}}]}},"_links":{"self":[{"href":"https:\/\/www.purejewels.com\/tr\/wp-json\/wp\/v2\/product\/418770","targetHints":{"allow":["GET"]}}],"collection":[{"href":"https:\/\/www.purejewels.com\/tr\/wp-json\/wp\/v2\/product"}],"about":[{"href":"https:\/\/www.purejewels.com\/tr\/wp-json\/wp\/v2\/types\/product"}],"replies":[{"embeddable":true,"href":"https:\/\/www.purejewels.com\/tr\/wp-json\/wp\/v2\/comments?post=418770"}],"version-history":[{"count":1,"href":"https:\/\/www.purejewels.com\/tr\/wp-json\/wp\/v2\/product\/418770\/revisions"}],"predecessor-version":[{"id":418773,"href":"https:\/\/www.purejewels.com\/tr\/wp-json\/wp\/v2\/product\/418770\/revisions\/418773"}],"wp:featuredmedia":[{"embeddable":true,"href":"https:\/\/www.purejewels.com\/tr\/wp-json\/wp\/v2\/media\/418771"}],"wp:attachment":[{"href":"https:\/\/www.purejewels.com\/tr\/wp-json\/wp\/v2\/media?parent=418770"}],"wp:term":[{"taxonomy":"product_brand","embeddable":true,"href":"https:\/\/www.purejewels.com\/tr\/wp-json\/wp\/v2\/product_brand?post=418770"},{"taxonomy":"product_cat","embeddable":true,"href":"https:\/\/www.purejewels.com\/tr\/wp-json\/wp\/v2\/product_cat?post=418770"},{"taxonomy":"product_tag","embeddable":true,"href":"https:\/\/www.purejewels.com\/tr\/wp-json\/wp\/v2\/product_tag?post=418770"}],"curies":[{"name":"wp","href":"https:\/\/api.w.org\/{rel}","templated":true}]}}