{"id":418788,"date":"2025-08-13T08:40:07","date_gmt":"2025-08-13T07:40:07","guid":{"rendered":"https:\/\/www.purejewels.com\/?post_type=product&#038;p=418788"},"modified":"2026-02-03T08:40:20","modified_gmt":"2026-02-03T08:40:20","slug":"22-ayar-altin-emaye-kalem-kolye-ucu-uk","status":"publish","type":"product","link":"https:\/\/www.purejewels.com\/tr\/product\/22ct-gold-enamel-pencil-pendant-uk\/","title":{"rendered":"22 Ayar Alt\u0131n Mineli Kalem Kolye"},"content":{"rendered":"<p data-start=\"480\" data-end=\"713\"><strong data-start=\"480\" data-end=\"490\">Tasar\u0131m<\/strong><br data-start=\"490\" data-end=\"493\" \/>Yarat\u0131c\u0131l\u0131k ve odaklanmadan esinlenen bu kolye ucu, 22 ayar alt\u0131ndan mine detayl\u0131 bir kur\u015fun kalem \u015feklindedir. Sivri ucu ve yap\u0131sal hatlar\u0131, hayal g\u00fcc\u00fc ve \u00f6\u011frenmeyi simgeleyen rafine ve \u00e7a\u011fda\u015f bir g\u00f6r\u00fcn\u00fcm kazand\u0131r\u0131yor.<\/p>\n<p data-start=\"715\" data-end=\"938\"><strong data-start=\"715\" data-end=\"732\">Zanaatkarl\u0131k<\/strong><br data-start=\"732\" data-end=\"735\" \/>Londra'da \u00fcretilen ve Birle\u015fik Krall\u0131k Tahlil Ofisi taraf\u0131ndan damgalanan her bir kolye ucu, hassas bir \u015fekilde elle emaye kaplanm\u0131\u015f ve y\u00fcksek cilayla tamamlanm\u0131\u015ft\u0131r. El i\u015f\u00e7ili\u011fi, sanat ve formun m\u00fckemmel dengesini vurgular.<\/p>\n<p data-start=\"940\" data-end=\"1149\" data-is-last-node=\"\" data-is-only-node=\"\"><strong data-start=\"940\" data-end=\"961\">\u015eekillendirme &amp; Hediyele\u015fme<\/strong><br data-start=\"961\" data-end=\"964\" \/>Yarat\u0131c\u0131lar, profesyoneller veya \u00f6\u011frenciler i\u00e7in ideal bir par\u00e7a. Do\u011fum g\u00fcnleri, mezuniyetler veya d\u00f6n\u00fcm noktalar\u0131 i\u00e7in m\u00fckemmel olan bu par\u00e7a, modern ve g\u00f6steri\u015fli bir g\u00f6r\u00fcn\u00fcm i\u00e7in tilki kuyru\u011fu veya kutu zincirle g\u00fczel bir uyum sa\u011flar.<\/p>\n<p data-start=\"940\" data-end=\"1149\" data-is-last-node=\"\" data-is-only-node=\"\">Seri Kimli\u011fi: JWPNPFCB009<\/p>","protected":false},"excerpt":{"rendered":"<p>Kalem \u015feklindeki modern 22 ayar alt\u0131n kolye ucu, \u015f\u0131k mine kakmalarla detayland\u0131r\u0131lm\u0131\u015ft\u0131r. Londra'da el yap\u0131m\u0131d\u0131r ve safl\u0131k ve hassasiyet i\u00e7in damgalanm\u0131\u015ft\u0131r.<\/p>\n<p><strong>Malzeme:<\/strong> 22 Ayar Alt\u0131n (91,6% Saf Alt\u0131n)<strong><br \/>\nHallmark:\u00a0<\/strong>\u0130ngiliz Damgas\u0131<strong><br \/>\n<\/strong><strong>Br\u00fct A\u011f\u0131rl\u0131k: <\/strong>0.7 Gms<strong><br \/>\nSKU: <\/strong>53085, 51027<\/p>\n<p><strong>Fiyat ve Teslimat: <\/strong>Zincir fiyat\u0131 dahil de\u011fildir, KDV ve teslimat \u00fccretleri dahildir<strong><br \/>\n<a href=\"https:\/\/www.purejewels.com\/tr\/i%cc%87ade-poli%cc%87ti%cc%87kasi\/\">\u0130ade Politikas\u0131<\/a><\/strong><\/p>","protected":false},"featured_media":418792,"comment_status":"closed","ping_status":"closed","template":"","meta":{"_eb_attr":"","_crsspst_to_jayantr4sg-hostcom":true},"product_brand":[],"product_cat":[1576,1793,1792,1229,1255,5342,1767,1572,1768,5338,1575,5349],"product_tag":[],"class_list":{"0":"post-418788","1":"product","2":"type-product","3":"status-publish","4":"has-post-thumbnail","6":"product_cat-childrens-jewellery","7":"product_cat-diwali-gifts","8":"product_cat-festival-gifts","9":"product_cat-22ct-gold-jewellery","10":"product_cat-gold-pendants","11":"product_cat-jewellery-under-250","12":"product_cat-ladies-pendants","13":"product_cat-mens-jewellery","14":"product_cat-mens-pendants","15":"product_cat-shop-by-price","16":"product_cat-teenage-jewellery","17":"product_cat-yellow-gold-jewellery","19":"first","20":"instock","21":"taxable","22":"shipping-taxable","23":"purchasable","24":"product-type-simple","25":"add-to-wishlist-before_image"},"yoast_head":"<!-- This site is optimized with the Yoast SEO plugin v27.3 - https:\/\/yoast.com\/product\/yoast-seo-wordpress\/ -->\n<title>22ct Gold Enamel Pencil Pendant | PureJewels UK<\/title>\n<meta name=\"description\" content=\"Handcrafted in London, this 22ct Gold Pencil Pendant features glossy enamel detailing and a pointed silhouette, hallmarked by the UK Assay Office.\" \/>\n<meta name=\"robots\" content=\"index, follow, max-snippet:-1, max-image-preview:large, max-video-preview:-1\" \/>\n<link rel=\"canonical\" href=\"https:\/\/www.purejewels.com\/tr\/urun\/22-ayar-altin-emaye-kalem-kolye-ucu-uk\/\" \/>\n<meta property=\"og:locale\" content=\"tr_TR\" \/>\n<meta property=\"og:type\" content=\"article\" \/>\n<meta property=\"og:title\" content=\"22ct Gold Enamel Pencil Pendant | PureJewels UK\" \/>\n<meta property=\"og:description\" content=\"Handcrafted in London, this 22ct Gold Pencil Pendant features glossy enamel detailing and a pointed silhouette, hallmarked by the UK Assay Office.\" \/>\n<meta property=\"og:url\" content=\"https:\/\/www.purejewels.com\/tr\/urun\/22-ayar-altin-emaye-kalem-kolye-ucu-uk\/\" \/>\n<meta property=\"og:site_name\" content=\"PureJewels UK\" \/>\n<meta property=\"article:modified_time\" content=\"2026-02-03T08:40:20+00:00\" \/>\n<meta property=\"og:image\" content=\"https:\/\/static.purejewels.com\/wp-content\/uploads\/2025\/10\/SKU-51027.jpg\" \/>\n\t<meta property=\"og:image:width\" content=\"1000\" \/>\n\t<meta property=\"og:image:height\" content=\"1000\" \/>\n\t<meta property=\"og:image:type\" content=\"image\/jpeg\" \/>\n<meta name=\"twitter:card\" content=\"summary_large_image\" \/>\n<meta name=\"twitter:label1\" content=\"Tahmini okuma s\u00fcresi\" \/>\n\t<meta name=\"twitter:data1\" content=\"1 dakika\" \/>\n<script type=\"application\/ld+json\" class=\"yoast-schema-graph\">{\"@context\":\"https:\\\/\\\/schema.org\",\"@graph\":[{\"@type\":[\"WebPage\",\"ItemPage\"],\"@id\":\"https:\\\/\\\/www.purejewels.com\\\/product\\\/22ct-gold-enamel-pencil-pendant-uk\\\/\",\"url\":\"https:\\\/\\\/www.purejewels.com\\\/product\\\/22ct-gold-enamel-pencil-pendant-uk\\\/\",\"name\":\"22ct Gold Enamel Pencil Pendant | PureJewels UK\",\"isPartOf\":{\"@id\":\"https:\\\/\\\/www.purejewels.com\\\/#website\"},\"primaryImageOfPage\":{\"@id\":\"https:\\\/\\\/www.purejewels.com\\\/product\\\/22ct-gold-enamel-pencil-pendant-uk\\\/#primaryimage\"},\"image\":{\"@id\":\"https:\\\/\\\/www.purejewels.com\\\/product\\\/22ct-gold-enamel-pencil-pendant-uk\\\/#primaryimage\"},\"thumbnailUrl\":\"https:\\\/\\\/static.purejewels.com\\\/wp-content\\\/uploads\\\/2025\\\/10\\\/SKU-51027.jpg\",\"datePublished\":\"2025-08-13T07:40:07+00:00\",\"dateModified\":\"2026-02-03T08:40:20+00:00\",\"description\":\"Handcrafted in London, this 22ct Gold Pencil Pendant features glossy enamel detailing and a pointed silhouette, hallmarked by the UK Assay Office.\",\"breadcrumb\":{\"@id\":\"https:\\\/\\\/www.purejewels.com\\\/product\\\/22ct-gold-enamel-pencil-pendant-uk\\\/#breadcrumb\"},\"inLanguage\":\"tr\",\"potentialAction\":[{\"@type\":\"ReadAction\",\"target\":[\"https:\\\/\\\/www.purejewels.com\\\/product\\\/22ct-gold-enamel-pencil-pendant-uk\\\/\"]}]},{\"@type\":\"ImageObject\",\"inLanguage\":\"tr\",\"@id\":\"https:\\\/\\\/www.purejewels.com\\\/product\\\/22ct-gold-enamel-pencil-pendant-uk\\\/#primaryimage\",\"url\":\"https:\\\/\\\/static.purejewels.com\\\/wp-content\\\/uploads\\\/2025\\\/10\\\/SKU-51027.jpg\",\"contentUrl\":\"https:\\\/\\\/static.purejewels.com\\\/wp-content\\\/uploads\\\/2025\\\/10\\\/SKU-51027.jpg\",\"width\":1000,\"height\":1000},{\"@type\":\"BreadcrumbList\",\"@id\":\"https:\\\/\\\/www.purejewels.com\\\/product\\\/22ct-gold-enamel-pencil-pendant-uk\\\/#breadcrumb\",\"itemListElement\":[{\"@type\":\"ListItem\",\"position\":1,\"name\":\"Home\",\"item\":\"https:\\\/\\\/www.purejewels.com\\\/\"},{\"@type\":\"ListItem\",\"position\":2,\"name\":\"Shop\",\"item\":\"https:\\\/\\\/www.purejewels.com\\\/shop\\\/\"},{\"@type\":\"ListItem\",\"position\":3,\"name\":\"22ct Gold Enamel Pencil Pendant\"}]},{\"@type\":\"WebSite\",\"@id\":\"https:\\\/\\\/www.purejewels.com\\\/#website\",\"url\":\"https:\\\/\\\/www.purejewels.com\\\/\",\"name\":\"PureJewels UK\",\"description\":\"Share the Love\",\"publisher\":{\"@id\":\"https:\\\/\\\/www.purejewels.com\\\/#organization\"},\"potentialAction\":[{\"@type\":\"SearchAction\",\"target\":{\"@type\":\"EntryPoint\",\"urlTemplate\":\"https:\\\/\\\/www.purejewels.com\\\/?s={search_term_string}\"},\"query-input\":{\"@type\":\"PropertyValueSpecification\",\"valueRequired\":true,\"valueName\":\"search_term_string\"}}],\"inLanguage\":\"tr\"},{\"@type\":\"Organization\",\"@id\":\"https:\\\/\\\/www.purejewels.com\\\/#organization\",\"name\":\"PureJewels UK\",\"url\":\"https:\\\/\\\/www.purejewels.com\\\/\",\"logo\":{\"@type\":\"ImageObject\",\"inLanguage\":\"tr\",\"@id\":\"https:\\\/\\\/www.purejewels.com\\\/#\\\/schema\\\/logo\\\/image\\\/\",\"url\":\"https:\\\/\\\/static.purejewels.com\\\/wp-content\\\/uploads\\\/2020\\\/11\\\/Logo-PJ-New-1.png\",\"contentUrl\":\"https:\\\/\\\/static.purejewels.com\\\/wp-content\\\/uploads\\\/2020\\\/11\\\/Logo-PJ-New-1.png\",\"width\":150,\"height\":80,\"caption\":\"PureJewels UK\"},\"image\":{\"@id\":\"https:\\\/\\\/www.purejewels.com\\\/#\\\/schema\\\/logo\\\/image\\\/\"}}]}<\/script>\n<!-- \/ Yoast SEO plugin. -->","yoast_head_json":{"title":"22 Ayar Alt\u0131n Mineli Kalem Kolye | PureJewels UK","description":"Londra'da el i\u015f\u00e7ili\u011fiyle \u00fcretilen bu 22 ayar alt\u0131n kalem kolye ucu, parlak mine detaylara ve sivri bir siluete sahiptir ve Birle\u015fik Krall\u0131k Tahlil Ofisi taraf\u0131ndan damgalanm\u0131\u015ft\u0131r.","robots":{"index":"index","follow":"follow","max-snippet":"max-snippet:-1","max-image-preview":"max-image-preview:large","max-video-preview":"max-video-preview:-1"},"canonical":"https:\/\/www.purejewels.com\/tr\/urun\/22-ayar-altin-emaye-kalem-kolye-ucu-uk\/","og_locale":"tr_TR","og_type":"article","og_title":"22ct Gold Enamel Pencil Pendant | PureJewels UK","og_description":"Handcrafted in London, this 22ct Gold Pencil Pendant features glossy enamel detailing and a pointed silhouette, hallmarked by the UK Assay Office.","og_url":"https:\/\/www.purejewels.com\/tr\/urun\/22-ayar-altin-emaye-kalem-kolye-ucu-uk\/","og_site_name":"PureJewels UK","article_modified_time":"2026-02-03T08:40:20+00:00","og_image":[{"width":1000,"height":1000,"url":"https:\/\/static.purejewels.com\/wp-content\/uploads\/2025\/10\/SKU-51027.jpg","type":"image\/jpeg"}],"twitter_card":"summary_large_image","twitter_misc":{"Tahmini okuma s\u00fcresi":"1 dakika"},"schema":{"@context":"https:\/\/schema.org","@graph":[{"@type":["WebPage","ItemPage"],"@id":"https:\/\/www.purejewels.com\/product\/22ct-gold-enamel-pencil-pendant-uk\/","url":"https:\/\/www.purejewels.com\/product\/22ct-gold-enamel-pencil-pendant-uk\/","name":"22 Ayar Alt\u0131n Mineli Kalem Kolye | PureJewels UK","isPartOf":{"@id":"https:\/\/www.purejewels.com\/#website"},"primaryImageOfPage":{"@id":"https:\/\/www.purejewels.com\/product\/22ct-gold-enamel-pencil-pendant-uk\/#primaryimage"},"image":{"@id":"https:\/\/www.purejewels.com\/product\/22ct-gold-enamel-pencil-pendant-uk\/#primaryimage"},"thumbnailUrl":"https:\/\/static.purejewels.com\/wp-content\/uploads\/2025\/10\/SKU-51027.jpg","datePublished":"2025-08-13T07:40:07+00:00","dateModified":"2026-02-03T08:40:20+00:00","description":"Londra'da el i\u015f\u00e7ili\u011fiyle \u00fcretilen bu 22 ayar alt\u0131n kalem kolye ucu, parlak mine detaylara ve sivri bir siluete sahiptir ve Birle\u015fik Krall\u0131k Tahlil Ofisi taraf\u0131ndan damgalanm\u0131\u015ft\u0131r.","breadcrumb":{"@id":"https:\/\/www.purejewels.com\/product\/22ct-gold-enamel-pencil-pendant-uk\/#breadcrumb"},"inLanguage":"tr","potentialAction":[{"@type":"ReadAction","target":["https:\/\/www.purejewels.com\/product\/22ct-gold-enamel-pencil-pendant-uk\/"]}]},{"@type":"ImageObject","inLanguage":"tr","@id":"https:\/\/www.purejewels.com\/product\/22ct-gold-enamel-pencil-pendant-uk\/#primaryimage","url":"https:\/\/static.purejewels.com\/wp-content\/uploads\/2025\/10\/SKU-51027.jpg","contentUrl":"https:\/\/static.purejewels.com\/wp-content\/uploads\/2025\/10\/SKU-51027.jpg","width":1000,"height":1000},{"@type":"BreadcrumbList","@id":"https:\/\/www.purejewels.com\/product\/22ct-gold-enamel-pencil-pendant-uk\/#breadcrumb","itemListElement":[{"@type":"ListItem","position":1,"name":"Home","item":"https:\/\/www.purejewels.com\/"},{"@type":"ListItem","position":2,"name":"Shop","item":"https:\/\/www.purejewels.com\/shop\/"},{"@type":"ListItem","position":3,"name":"22ct Gold Enamel Pencil Pendant"}]},{"@type":"WebSite","@id":"https:\/\/www.purejewels.com\/#website","url":"https:\/\/www.purejewels.com\/","name":"PureJewels \u0130ngiltere","description":"Sevgiyi Payla\u015f\u0131n","publisher":{"@id":"https:\/\/www.purejewels.com\/#organization"},"potentialAction":[{"@type":"SearchAction","target":{"@type":"EntryPoint","urlTemplate":"https:\/\/www.purejewels.com\/?s={search_term_string}"},"query-input":{"@type":"PropertyValueSpecification","valueRequired":true,"valueName":"search_term_string"}}],"inLanguage":"tr"},{"@type":"Organization","@id":"https:\/\/www.purejewels.com\/#organization","name":"PureJewels \u0130ngiltere","url":"https:\/\/www.purejewels.com\/","logo":{"@type":"ImageObject","inLanguage":"tr","@id":"https:\/\/www.purejewels.com\/#\/schema\/logo\/image\/","url":"https:\/\/static.purejewels.com\/wp-content\/uploads\/2020\/11\/Logo-PJ-New-1.png","contentUrl":"https:\/\/static.purejewels.com\/wp-content\/uploads\/2020\/11\/Logo-PJ-New-1.png","width":150,"height":80,"caption":"PureJewels UK"},"image":{"@id":"https:\/\/www.purejewels.com\/#\/schema\/logo\/image\/"}}]}},"_links":{"self":[{"href":"https:\/\/www.purejewels.com\/tr\/wp-json\/wp\/v2\/product\/418788","targetHints":{"allow":["GET"]}}],"collection":[{"href":"https:\/\/www.purejewels.com\/tr\/wp-json\/wp\/v2\/product"}],"about":[{"href":"https:\/\/www.purejewels.com\/tr\/wp-json\/wp\/v2\/types\/product"}],"replies":[{"embeddable":true,"href":"https:\/\/www.purejewels.com\/tr\/wp-json\/wp\/v2\/comments?post=418788"}],"version-history":[{"count":1,"href":"https:\/\/www.purejewels.com\/tr\/wp-json\/wp\/v2\/product\/418788\/revisions"}],"predecessor-version":[{"id":418794,"href":"https:\/\/www.purejewels.com\/tr\/wp-json\/wp\/v2\/product\/418788\/revisions\/418794"}],"wp:featuredmedia":[{"embeddable":true,"href":"https:\/\/www.purejewels.com\/tr\/wp-json\/wp\/v2\/media\/418792"}],"wp:attachment":[{"href":"https:\/\/www.purejewels.com\/tr\/wp-json\/wp\/v2\/media?parent=418788"}],"wp:term":[{"taxonomy":"product_brand","embeddable":true,"href":"https:\/\/www.purejewels.com\/tr\/wp-json\/wp\/v2\/product_brand?post=418788"},{"taxonomy":"product_cat","embeddable":true,"href":"https:\/\/www.purejewels.com\/tr\/wp-json\/wp\/v2\/product_cat?post=418788"},{"taxonomy":"product_tag","embeddable":true,"href":"https:\/\/www.purejewels.com\/tr\/wp-json\/wp\/v2\/product_tag?post=418788"}],"curies":[{"name":"wp","href":"https:\/\/api.w.org\/{rel}","templated":true}]}}